{"id":5937,"date":"2023-05-12T16:33:24","date_gmt":"2023-05-12T08:33:24","guid":{"rendered":"https:\/\/www.focoinduction.com\/guia-da-forja-de-inducao\/"},"modified":"2023-05-16T09:08:36","modified_gmt":"2023-05-16T01:08:36","slug":"guia-da-forja-de-inducao","status":"publish","type":"page","link":"https:\/\/www.focoinduction.com\/pt-br\/guia-da-forja-de-inducao\/","title":{"rendered":"Guia da forja de indu\u00e7\u00e3o"},"content":{"rendered":"<p><div class=\"fusion-fullwidth fullwidth-box fusion-builder-row-1 fusion-flex-container has-pattern-background has-mask-background nonhundred-percent-fullwidth non-hundred-percent-height-scrolling\" style=\"--awb-border-radius-top-left:0px;--awb-border-radius-top-right:0px;--awb-border-radius-bottom-right:0px;--awb-border-radius-bottom-left:0px;--awb-flex-wrap:wrap;\" ><div class=\"fusion-builder-row fusion-row fusion-flex-align-items-flex-start fusion-flex-content-wrap\" style=\"max-width:1248px;margin-left: calc(-4% \/ 2 );margin-right: calc(-4% \/ 2 );\"><div class=\"fusion-layout-column fusion_builder_column fusion-builder-column-0 fusion_builder_column_1_1 1_1 fusion-flex-column\" style=\"--awb-bg-size:cover;--awb-width-large:100%;--awb-margin-top-large:0px;--awb-spacing-right-large:1.92%;--awb-margin-bottom-large:20px;--awb-spacing-left-large:1.92%;--awb-width-medium:100%;--awb-order-medium:0;--awb-spacing-right-medium:1.92%;--awb-spacing-left-medium:1.92%;--awb-width-small:100%;--awb-order-small:0;--awb-spacing-right-small:1.92%;--awb-spacing-left-small:1.92%;\"><div class=\"fusion-column-wrapper fusion-column-has-shadow fusion-flex-justify-content-flex-start fusion-content-layout-column\"><div class=\"fusion-text fusion-text-1\"><p>As m\u00e1quinas de forja por indu\u00e7\u00e3o s\u00e3o muito populares, especialmente a pequena forja por indu\u00e7\u00e3o de 15 kW, que \u00e9 adequada para quase todas as aplica\u00e7\u00f5es de aquecimento de pequenas pe\u00e7as met\u00e1licas. Muitos principiantes sabem t\u00e3o pouco sobre o equipamento de aquecimento por indu\u00e7\u00e3o que n\u00e3o conseguem compr\u00e1-lo e utiliz\u00e1-lo correctamente. FOCO INDUCTION, como um fornecedor e fabricante profissional de m\u00e1quinas de forjamento por indu\u00e7\u00e3o, fornecemos este guia completo de forja por indu\u00e7\u00e3o para empres\u00e1rios que est\u00e3o prontos para iniciar o processo de forjamento por indu\u00e7\u00e3o.<\/p>\n<p>Leia o guia da forja de indu\u00e7\u00e3o para beneficiar do aquecimento por indu\u00e7\u00e3o.<\/p>\n<\/div><\/div><\/div><\/div><\/div><div class=\"fusion-fullwidth fullwidth-box fusion-builder-row-2 fusion-flex-container has-pattern-background has-mask-background nonhundred-percent-fullwidth non-hundred-percent-height-scrolling\" style=\"--awb-border-radius-top-left:0px;--awb-border-radius-top-right:0px;--awb-border-radius-bottom-right:0px;--awb-border-radius-bottom-left:0px;--awb-flex-wrap:wrap;\" ><div class=\"fusion-builder-row fusion-row fusion-flex-align-items-flex-start fusion-flex-content-wrap\" style=\"max-width:1248px;margin-left: calc(-4% \/ 2 );margin-right: calc(-4% \/ 2 );\"><div class=\"fusion-layout-column fusion_builder_column fusion-builder-column-1 fusion_builder_column_1_1 1_1 fusion-flex-column\" style=\"--awb-bg-size:cover;--awb-width-large:100%;--awb-margin-top-large:0px;--awb-spacing-right-large:1.92%;--awb-margin-bottom-large:20px;--awb-spacing-left-large:1.92%;--awb-width-medium:100%;--awb-order-medium:0;--awb-spacing-right-medium:1.92%;--awb-spacing-left-medium:1.92%;--awb-width-small:100%;--awb-order-small:0;--awb-spacing-right-small:1.92%;--awb-spacing-left-small:1.92%;\"><div class=\"fusion-column-wrapper fusion-column-has-shadow fusion-flex-justify-content-flex-start fusion-content-layout-column\"><div class=\"fusion-title title fusion-title-1 fusion-sep-none fusion-title-text fusion-title-size-two\" style=\"--awb-text-color:var(--awb-custom_color_3);--awb-margin-bottom:20px;--awb-margin-top-small:10px;--awb-margin-right-small:0px;--awb-margin-bottom-small:10px;--awb-margin-left-small:0px;\"><h2 class=\"fusion-title-heading title-heading-left fusion-responsive-typography-calculated\" style=\"margin:0;--fontSize:30;line-height:1.2;\">Pre\u00e7os e op\u00e7\u00f5es<\/h2><\/div><div class=\"fusion-text fusion-text-2\"><p>O pre\u00e7o da m\u00e1quina de forjamento por indu\u00e7\u00e3o varia muito, dependendo da combina\u00e7\u00e3o de pot\u00eancia e frequ\u00eancia.<\/p>\n<\/div><div class=\"fusion-text fusion-text-3\"><h3>Pre\u00e7o da forja de indu\u00e7\u00e3o de 15 kW<\/h3>\n<p>A m\u00e1quina de forjar por indu\u00e7\u00e3o de alta frequ\u00eancia de 15 kW mais comum \u00e0 venda no mercado custa normalmente entre 800 e 1200 d\u00f3lares, e a sua frequ\u00eancia situa-se normalmente entre 30 kHz e 100 kHz. O seu pre\u00e7o varia consoante o revendedor, mas a sua qualidade n\u00e3o \u00e9 muito diferente. Se o comprar directamente na China ou no eBay, ter\u00e1 tamb\u00e9m de pagar os portes de envio, o que pode representar um acr\u00e9scimo de cerca de 50 a 100 d\u00f3lares. O custo de envio n\u00e3o \u00e9 fixo, podendo variar ao longo do tempo.<\/p>\n<p>Verific\u00e1mos que existem m\u00e1quinas abaixo dos 600 d\u00f3lares no eBay, mas n\u00e3o recomendamos a sua compra. Porque ap\u00f3s a nossa pesquisa e investiga\u00e7\u00e3o, estas m\u00e1quinas n\u00e3o podem funcionar de forma est\u00e1vel durante muito tempo. Se o comprar, provavelmente pagar\u00e1 mais para o reparar no futuro.<\/p>\n<h3>m\u00e1quina de forjar por indu\u00e7\u00e3o de grandes dimens\u00f5es<\/h3>\n<p>O pre\u00e7o das grandes m\u00e1quinas de forjamento por indu\u00e7\u00e3o \u00e9 mais caro, o que \u00e9 inevit\u00e1vel. Uma m\u00e1quina de forjamento por indu\u00e7\u00e3o de 160 kW pode custar mais de 10 000 d\u00f3lares, dependendo da sua frequ\u00eancia.<\/p>\n<\/div><div class=\"fusion-text fusion-text-4\"><h3>Outros custos<\/h3>\n<p>Como todos sabemos, quando se utiliza uma m\u00e1quina de forjamento por indu\u00e7\u00e3o, tamb\u00e9m se deve equip\u00e1-la com um sistema de arrefecimento a \u00e1gua essencial. Pode utilizar um sistema simples de arrefecimento a \u00e1gua de baixo custo ou um refrigerador industrial.<\/p>\n<ol>\n<li>Bomba de \u00e1gua + reservat\u00f3rio de \u00e1gua. Uma m\u00e1quina de alta frequ\u00eancia de 15 kW requer uma bomba de 0,37 kW e uma piscina ou tanque de pelo menos 500L. Uma bomba de 0,37 kW custa cerca de 80 a 120 d\u00f3lares. O pre\u00e7o de um dep\u00f3sito de \u00e1gua de pl\u00e1stico de 500 litros \u00e9 de cerca de 50 d\u00f3lares e tamb\u00e9m pode fazer uma piscina em casa. Note-se que tamb\u00e9m precisar\u00e1 de um filtro para a sua bomba se houver impurezas na \u00e1gua. No Ver\u00e3o quente, a m\u00e1quina pode precisar de mais \u00e1gua fria, pode aumentar o n\u00famero de reservat\u00f3rios de \u00e1gua ou baixar a temperatura da \u00e1gua de acordo com a situa\u00e7\u00e3o.<\/li>\n<li>Refrigerador industrial. Um chiller industrial capaz de satisfazer uma instala\u00e7\u00e3o de aquecimento por indu\u00e7\u00e3o de 15 kW custa cerca de 400 a 600 d\u00f3lares.<\/li>\n<\/ol>\n<\/div><div class=\"fusion-text fusion-text-5\"><h3>Comprar no eBay ou na China?<\/h3>\n<p>Quando se observam muitas forjas de indu\u00e7\u00e3o em s\u00edtios de com\u00e9rcio electr\u00f3nico como o eBay, verifica-se que t\u00eam formas quase semelhantes. Sim, a maior parte dos aquecedores de indu\u00e7\u00e3o para forja s\u00e3o provenientes da China, embora utilizem marcas locais. V\u00e1rios concession\u00e1rios limitaram-se a mudar a cor e a marca da m\u00e1quina. Uma poss\u00edvel vantagem de comprar no eBay \u00e9 o facto de poder receber a m\u00e1quina mais cedo. \u00c9 claro que, por vezes, tamb\u00e9m \u00e9 necess\u00e1rio esperar que o revendedor importe a m\u00e1quina da China.<\/p>\n<p>\u00c9 tamb\u00e9m uma boa ideia comprar Forja de Indu\u00e7\u00e3o a fabricantes e fornecedores chineses. Pode obter directamente apoio t\u00e9cnico e apoio p\u00f3s-venda mais profissional dos fabricantes chineses. Al\u00e9m disso, voc\u00ea pode obter a m\u00e1quina de forjamento por indu\u00e7\u00e3o a um pre\u00e7o de f\u00e1brica acess\u00edvel, e seu custo \u00e9 apenas esperar por 2 ou 3 semanas.<\/p>\n<\/div><div class=\"fusion-text fusion-text-6\"><h3>Como escolher uma m\u00e1quina?<\/h3>\n<p>A pot\u00eancia de uma pequena forja de indu\u00e7\u00e3o comum \u00e9 de 15 kW e a pot\u00eancia m\u00e1xima excede os 200 kW. Se for aquecer biletes de grandes dimens\u00f5es, pode mesmo ser necess\u00e1ria uma m\u00e1quina com mais de 1000 kW.<\/p>\n<p>Pode optar por uma forja de indu\u00e7\u00e3o de alta frequ\u00eancia de 15 kWh ou 25 kW quando aquece pequenas pe\u00e7as met\u00e1licas, tais como l\u00e2minas, foices, facas de cozinha, enxadas, limas, furadores, tesouras, brocas, chaves, etc.<\/p>\n<p>Se pretender aquecer pe\u00e7as relativamente grandes, como barras de a\u00e7o ou barras de ferro com um di\u00e2metro superior a 20 mm, ent\u00e3o uma m\u00e1quina de aquecimento por indu\u00e7\u00e3o de m\u00e9dia frequ\u00eancia \u00e9 mais adequada. A sua frequ\u00eancia situa-se entre 1 kHz e 10 kHz e pode aquecer directamente o n\u00facleo da barra de a\u00e7o, com uma melhor penetra\u00e7\u00e3o do calor e uma velocidade de aquecimento r\u00e1pida.<\/p>\n<\/div><div class=\"fusion-image-element awb-imageframe-style awb-imageframe-style-below awb-imageframe-style-1\" style=\"--awb-margin-bottom:20px;--awb-caption-title-color:var(--awb-color5);--awb-caption-text-size:14px;--awb-caption-title-font-family:var(--body_typography-font-family);--awb-caption-title-font-weight:var(--body_typography-font-weight);--awb-caption-title-font-style:var(--body_typography-font-style);--awb-caption-title-size:16px;--awb-caption-title-transform:var(--body_typography-text-transform);--awb-caption-title-line-height:var(--body_typography-line-height);--awb-caption-title-letter-spacing:var(--body_typography-letter-spacing);\"><span class=\" fusion-imageframe imageframe-none imageframe-1 hover-type-none\"><img decoding=\"async\" width=\"765\" height=\"385\" alt=\"forja de indu\u00e7\u00e3o para barras de a\u00e7o\" title=\"induction forge for steel bars\" src=\"https:\/\/www.focoinduction.com\/wp-content\/uploads\/2023\/05\/induction-forge-for-steel-bars.jpg\" class=\"img-responsive wp-image-4972\" srcset=\"https:\/\/www.focoinduction.com\/wp-content\/uploads\/2023\/05\/induction-forge-for-steel-bars-200x101.jpg 200w, https:\/\/www.focoinduction.com\/wp-content\/uploads\/2023\/05\/induction-forge-for-steel-bars-400x201.jpg 400w, https:\/\/www.focoinduction.com\/wp-content\/uploads\/2023\/05\/induction-forge-for-steel-bars-600x302.jpg 600w, https:\/\/www.focoinduction.com\/wp-content\/uploads\/2023\/05\/induction-forge-for-steel-bars.jpg 765w\" sizes=\"(max-width: 768px) 100vw, 765px\" \/><\/span><div class=\"awb-imageframe-caption-container\" style=\"text-align:center;\"><div class=\"awb-imageframe-caption\"><div class=\"awb-imageframe-caption-title\">induction forge for steel bars<\/div><\/div><\/div><\/div><div class=\"fusion-text fusion-text-7\"><p>Uma m\u00e1quina de forjamento por indu\u00e7\u00e3o de 15 kW com todo o equipamento necess\u00e1rio custa entre 930 e 1800 d\u00f3lares. Pode escolher a m\u00e1quina de acordo com o tamanho da pe\u00e7a que pretende aquecer. Mas antes de comprar, confirme com o revendedor ou o fabricante se a m\u00e1quina \u00e9 adequada. Quer compre uma forja de indu\u00e7\u00e3o no eBay ou na China, n\u00e3o se esque\u00e7a de verificar com o vendedor quando \u00e9 que pode esperar receber a m\u00e1quina.<\/p>\n<\/div><div class=\"fusion-text fusion-text-8\" style=\"--awb-font-size:18px;--awb-text-transform:capitalize;\"><p><em>Se pretender obter mais descontos, pode clicar no bot\u00e3o abaixo para contactar a FOCO INDUCTION.<\/em><\/p>\n<\/div><div style=\"text-align:center;\"><a class=\"fusion-button button-flat fusion-button-default-size button-default fusion-button-default button-1 fusion-button-default-span fusion-button-default-type\" target=\"_blank\" rel=\"noopener noreferrer\" href=\"https:\/\/www.focoinduction.com\/pt-br\/contacto\/\"><span class=\"fusion-button-text awb-button__text awb-button__text--default\">OBTER UM OR\u00c7AMENTO<\/span><\/a><\/div><\/div><\/div><\/div><\/div><div class=\"fusion-fullwidth fullwidth-box fusion-builder-row-3 fusion-flex-container has-pattern-background has-mask-background nonhundred-percent-fullwidth non-hundred-percent-height-scrolling\" style=\"--awb-border-radius-top-left:0px;--awb-border-radius-top-right:0px;--awb-border-radius-bottom-right:0px;--awb-border-radius-bottom-left:0px;--awb-flex-wrap:wrap;\" ><div class=\"fusion-builder-row fusion-row fusion-flex-align-items-flex-start fusion-flex-content-wrap\" style=\"max-width:1248px;margin-left: calc(-4% \/ 2 );margin-right: calc(-4% \/ 2 );\"><div class=\"fusion-layout-column fusion_builder_column fusion-builder-column-2 fusion_builder_column_1_1 1_1 fusion-flex-column\" style=\"--awb-bg-size:cover;--awb-width-large:100%;--awb-margin-top-large:0px;--awb-spacing-right-large:1.92%;--awb-margin-bottom-large:20px;--awb-spacing-left-large:1.92%;--awb-width-medium:100%;--awb-order-medium:0;--awb-spacing-right-medium:1.92%;--awb-spacing-left-medium:1.92%;--awb-width-small:100%;--awb-order-small:0;--awb-spacing-right-small:1.92%;--awb-spacing-left-small:1.92%;\"><div class=\"fusion-column-wrapper fusion-column-has-shadow fusion-flex-justify-content-flex-start fusion-content-layout-column\"><div class=\"fusion-title title fusion-title-2 fusion-sep-none fusion-title-text fusion-title-size-two\" style=\"--awb-text-color:var(--awb-custom_color_3);--awb-margin-bottom:20px;--awb-margin-top-small:10px;--awb-margin-right-small:0px;--awb-margin-bottom-small:10px;--awb-margin-left-small:0px;\"><h2 class=\"fusion-title-heading title-heading-left fusion-responsive-typography-calculated\" style=\"margin:0;--fontSize:30;line-height:1.2;\">Lista de equipamentos<\/h2><\/div><div class=\"fusion-text fusion-text-9\"><h3>Lista de equipamentos da forja de indu\u00e7\u00e3o de 15 kW<\/h3>\n<ul>\n<li>Aquecedor de indu\u00e7\u00e3o de alta frequ\u00eancia de 15 kW<\/li>\n<li>Bra\u00e7adeira para mangueira<\/li>\n<li>Interruptor de p\u00e9<\/li>\n<li>Bobina de indu\u00e7\u00e3o<\/li>\n<li>Parafuso<\/li>\n<li>Tubo de \u00e1gua transparente<\/li>\n<li>Linha de sinal<\/li>\n<\/ul>\n<h3>Lista de pe\u00e7as necess\u00e1rias<\/h3>\n<ul>\n<li>Fio el\u00e9ctrico<\/li>\n<li>Tubo de \u00e1gua transparente (alargado se necess\u00e1rio)<\/li>\n<li>Sistema de arrefecimento a \u00e1gua<\/li>\n<li>Bra\u00e7adeiras para mangueiras (para ligar os acess\u00f3rios do sistema de arrefecimento)<\/li>\n<\/ul>\n<\/div><\/div><\/div><\/div><\/div><\/p>\n","protected":false},"excerpt":{"rendered":"","protected":false},"author":1,"featured_media":4968,"parent":0,"menu_order":5,"comment_status":"closed","ping_status":"closed","template":"","meta":{"footnotes":""},"class_list":["post-5937","page","type-page","status-publish","has-post-thumbnail","hentry"],"_links":{"self":[{"href":"https:\/\/www.focoinduction.com\/pt-br\/wp-json\/wp\/v2\/pages\/5937","targetHints":{"allow":["GET"]}}],"collection":[{"href":"https:\/\/www.focoinduction.com\/pt-br\/wp-json\/wp\/v2\/pages"}],"about":[{"href":"https:\/\/www.focoinduction.com\/pt-br\/wp-json\/wp\/v2\/types\/page"}],"author":[{"embeddable":true,"href":"https:\/\/www.focoinduction.com\/pt-br\/wp-json\/wp\/v2\/users\/1"}],"replies":[{"embeddable":true,"href":"https:\/\/www.focoinduction.com\/pt-br\/wp-json\/wp\/v2\/comments?post=5937"}],"version-history":[{"count":0,"href":"https:\/\/www.focoinduction.com\/pt-br\/wp-json\/wp\/v2\/pages\/5937\/revisions"}],"wp:featuredmedia":[{"embeddable":true,"href":"https:\/\/www.focoinduction.com\/pt-br\/wp-json\/wp\/v2\/media\/4968"}],"wp:attachment":[{"href":"https:\/\/www.focoinduction.com\/pt-br\/wp-json\/wp\/v2\/media?parent=5937"}],"curies":[{"name":"wp","href":"https:\/\/api.w.org\/{rel}","templated":true}]}}