{"id":6135,"date":"2022-10-12T10:43:56","date_gmt":"2022-10-12T02:43:56","guid":{"rendered":"https:\/\/www.focoinduction.com\/bobina-de-aquecimento-por-inducao-personalizada\/"},"modified":"2023-05-16T09:08:49","modified_gmt":"2023-05-16T01:08:49","slug":"bobina-de-aquecimento-por-inducao-personalizada","status":"publish","type":"page","link":"https:\/\/www.focoinduction.com\/pt-br\/servicos-de-aquecimento-por-inducao\/bobina-de-aquecimento-por-inducao-personalizada\/","title":{"rendered":"Bobina de aquecimento por indu\u00e7\u00e3o personalizada"},"content":{"rendered":"<p><div class=\"fusion-fullwidth fullwidth-box fusion-builder-row-1 fusion-flex-container has-pattern-background has-mask-background nonhundred-percent-fullwidth non-hundred-percent-height-scrolling\" style=\"--awb-border-radius-top-left:0px;--awb-border-radius-top-right:0px;--awb-border-radius-bottom-right:0px;--awb-border-radius-bottom-left:0px;--awb-flex-wrap:wrap;\" ><div class=\"fusion-builder-row fusion-row fusion-flex-align-items-flex-start fusion-flex-content-wrap\" style=\"max-width:1248px;margin-left: calc(-4% \/ 2 );margin-right: calc(-4% \/ 2 );\"><div class=\"fusion-layout-column fusion_builder_column fusion-builder-column-0 fusion_builder_column_1_1 1_1 fusion-flex-column\" style=\"--awb-bg-size:cover;--awb-width-large:100%;--awb-margin-top-large:0px;--awb-spacing-right-large:1.92%;--awb-margin-bottom-large:20px;--awb-spacing-left-large:1.92%;--awb-width-medium:100%;--awb-order-medium:0;--awb-spacing-right-medium:1.92%;--awb-spacing-left-medium:1.92%;--awb-width-small:100%;--awb-order-small:0;--awb-spacing-right-small:1.92%;--awb-spacing-left-small:1.92%;\"><div class=\"fusion-column-wrapper fusion-column-has-shadow fusion-flex-justify-content-flex-start fusion-content-layout-column\"><div class=\"fusion-text fusion-text-1\"><p>A constru\u00e7\u00e3o adequada da bobina de aquecimento por indu\u00e7\u00e3o \u00e9 a chave para obter o m\u00e1ximo desempenho do seu processo, e a nossa experi\u00eancia diferencia-nos de outros no neg\u00f3cio de aquecimento por indu\u00e7\u00e3o personalizado. Utilizando o nosso software de concep\u00e7\u00e3o de bobinas patenteado e de vanguarda, utilizamos os par\u00e2metros de processo que especificar e os dados dos desenhos das pe\u00e7as para conceber o tamanho e a forma ideais das bobinas para a sua aplica\u00e7\u00e3o.<\/p>\n<p>Produzimos sistemas de indu\u00e7\u00e3o completos, de alta qualidade e a pre\u00e7os acess\u00edveis, integrados com manuseamento de materiais, sistemas de refrigera\u00e7\u00e3o, controlos e sistemas de monitoriza\u00e7\u00e3o da qualidade, tudo em torno de um processo de aquecimento\/fus\u00e3o por indu\u00e7\u00e3o.<\/p>\n<\/div><\/div><\/div><\/div><\/div><div class=\"fusion-fullwidth fullwidth-box fusion-builder-row-2 fusion-flex-container has-pattern-background has-mask-background nonhundred-percent-fullwidth non-hundred-percent-height-scrolling\" style=\"--awb-border-radius-top-left:0px;--awb-border-radius-top-right:0px;--awb-border-radius-bottom-right:0px;--awb-border-radius-bottom-left:0px;--awb-flex-wrap:wrap;\" ><div class=\"fusion-builder-row fusion-row fusion-flex-align-items-flex-start fusion-flex-content-wrap\" style=\"max-width:1248px;margin-left: calc(-4% \/ 2 );margin-right: calc(-4% \/ 2 );\"><div class=\"fusion-layout-column fusion_builder_column fusion-builder-column-1 fusion_builder_column_1_1 1_1 fusion-flex-column\" style=\"--awb-bg-size:cover;--awb-width-large:100%;--awb-margin-top-large:0px;--awb-spacing-right-large:1.92%;--awb-margin-bottom-large:20px;--awb-spacing-left-large:1.92%;--awb-width-medium:100%;--awb-order-medium:0;--awb-spacing-right-medium:1.92%;--awb-spacing-left-medium:1.92%;--awb-width-small:100%;--awb-order-small:0;--awb-spacing-right-small:1.92%;--awb-spacing-left-small:1.92%;\"><div class=\"fusion-column-wrapper fusion-column-has-shadow fusion-flex-justify-content-flex-start fusion-content-layout-column\"><div class=\"fusion-text fusion-text-2\"><h2>Recondicionamento de bobinas<\/h2>\n<p>A FOCO \u00e9 especializada na renova\u00e7\u00e3o e fabrico de indutores personalizados. Trabalhamos com uma grande variedade de bobinas para aplica\u00e7\u00f5es de fus\u00e3o por indu\u00e7\u00e3o.<\/p>\n<p>Como resultado, a FOCO pode adaptar o seu pacote de bobinas para maximizar o desempenho e a qualidade do produto para satisfazer os seus requisitos precisos de aquecimento e aplica\u00e7\u00e3o. A FOCO tamb\u00e9m pode oferecer modelos com v\u00e1rias bobinas para aquecer v\u00e1rios locais ou pe\u00e7as em simult\u00e2neo.<\/p>\n<p>A nossa experi\u00eancia garante um funcionamento fi\u00e1vel e eficaz, quer se trate de aplica\u00e7\u00f5es de aquecimento e fus\u00e3o por indu\u00e7\u00e3o standard ou personalizadas.<\/p>\n<\/div><\/div><\/div><\/div><\/div><div class=\"fusion-fullwidth fullwidth-box fusion-builder-row-3 fusion-flex-container has-pattern-background has-mask-background nonhundred-percent-fullwidth non-hundred-percent-height-scrolling\" style=\"--awb-border-radius-top-left:0px;--awb-border-radius-top-right:0px;--awb-border-radius-bottom-right:0px;--awb-border-radius-bottom-left:0px;--awb-flex-wrap:wrap;\" ><div class=\"fusion-builder-row fusion-row fusion-flex-align-items-flex-start fusion-flex-content-wrap\" style=\"max-width:1248px;margin-left: calc(-4% \/ 2 );margin-right: calc(-4% \/ 2 );\"><div class=\"fusion-layout-column fusion_builder_column fusion-builder-column-2 fusion_builder_column_1_1 1_1 fusion-flex-column\" style=\"--awb-bg-size:cover;--awb-width-large:100%;--awb-margin-top-large:0px;--awb-spacing-right-large:1.92%;--awb-margin-bottom-large:20px;--awb-spacing-left-large:1.92%;--awb-width-medium:100%;--awb-order-medium:0;--awb-spacing-right-medium:1.92%;--awb-spacing-left-medium:1.92%;--awb-width-small:100%;--awb-order-small:0;--awb-spacing-right-small:1.92%;--awb-spacing-left-small:1.92%;\"><div class=\"fusion-column-wrapper fusion-column-has-shadow fusion-flex-justify-content-flex-start fusion-content-layout-column\"><div class=\"fusion-text fusion-text-3\"><h2>Repara\u00e7\u00e3o de bobinas<\/h2>\n<p>O processo de repara\u00e7\u00e3o de uma bobina de indu\u00e7\u00e3o come\u00e7a com o envio dos cadeados danificados para as instala\u00e7\u00f5es da FOCO, que s\u00e3o depois examinados antes de serem reparados. A nossa dedica\u00e7\u00e3o \u00e0 qualidade e a rapidez de resposta nas repara\u00e7\u00f5es de bobinas de indu\u00e7\u00e3o permitir\u00e3o que o seu trabalho seja feito rapidamente.<\/p>\n<\/div><div class=\"fusion-text fusion-text-4\" style=\"--awb-text-transform:capitalize;\"><p><em><a href=\"https:\/\/www.focoinduction.com\/lean-about-induction-heating\/induction-coil-copper-pipe-maintenance\/\" target=\"_blank\" rel=\"noopener\">Saiba como fazer a manuten\u00e7\u00e3o da sua bobina de indu\u00e7\u00e3o.<\/a><\/em><\/p>\n<\/div><\/div><\/div><\/div><\/div><div class=\"fusion-fullwidth fullwidth-box fusion-builder-row-4 fusion-flex-container has-pattern-background has-mask-background nonhundred-percent-fullwidth non-hundred-percent-height-scrolling\" style=\"--awb-border-radius-top-left:0px;--awb-border-radius-top-right:0px;--awb-border-radius-bottom-right:0px;--awb-border-radius-bottom-left:0px;--awb-flex-wrap:wrap;\" ><div class=\"fusion-builder-row fusion-row fusion-flex-align-items-flex-start fusion-flex-content-wrap\" style=\"max-width:1248px;margin-left: calc(-4% \/ 2 );margin-right: calc(-4% \/ 2 );\"><div class=\"fusion-layout-column fusion_builder_column fusion-builder-column-3 fusion_builder_column_1_1 1_1 fusion-flex-column\" style=\"--awb-bg-size:cover;--awb-width-large:100%;--awb-margin-top-large:0px;--awb-spacing-right-large:1.92%;--awb-margin-bottom-large:20px;--awb-spacing-left-large:1.92%;--awb-width-medium:100%;--awb-order-medium:0;--awb-spacing-right-medium:1.92%;--awb-spacing-left-medium:1.92%;--awb-width-small:100%;--awb-order-small:0;--awb-spacing-right-small:1.92%;--awb-spacing-left-small:1.92%;\"><div class=\"fusion-column-wrapper fusion-column-has-shadow fusion-flex-justify-content-flex-start fusion-content-layout-column\"><div class=\"fusion-text fusion-text-5\"><h2>Hardware de terceiros, n\u00e3o \u00e9 um problema<\/h2>\n<p>Se utilizar um equipamento de indu\u00e7\u00e3o de outra empresa, podemos fornecer-lhe uma bobina nova e de maior efici\u00eancia. Al\u00e9m disso, oferecemos um servi\u00e7o de alta qualidade, desde a concep\u00e7\u00e3o e constru\u00e7\u00e3o de novas bobinas at\u00e9 \u00e0 renova\u00e7\u00e3o das suas bobinas existentes, incluindo o empr\u00e9stimo de uma bobina. Concebemos, constru\u00edmos e reparamos equipamentos de aquecimento por indu\u00e7\u00e3o de alta qualidade, chave na m\u00e3o, totalmente automatizados e de uso geral.<\/p>\n<p>Se decidir que substituir a sua bobina \u00e9 mais vantajoso do que renov\u00e1-la, construiremos uma nova bobina a partir de um modelo mais antigo. Podemos reduzir o dispendioso tempo de inactividade nas suas instala\u00e7\u00f5es, renovando ou substituindo rapidamente as suas bobinas &#8211; qualquer forma, tamanho ou marca de bobina &#8211; independentemente de ser fabricada por n\u00f3s ou por um dos nossos concorrentes.<\/p>\n<\/div><\/div><\/div><\/div><\/div><div class=\"fusion-fullwidth fullwidth-box fusion-builder-row-5 fusion-flex-container has-pattern-background has-mask-background nonhundred-percent-fullwidth non-hundred-percent-height-scrolling\" style=\"--awb-border-radius-top-left:0px;--awb-border-radius-top-right:0px;--awb-border-radius-bottom-right:0px;--awb-border-radius-bottom-left:0px;--awb-flex-wrap:wrap;\" ><div class=\"fusion-builder-row fusion-row fusion-flex-align-items-flex-start fusion-flex-content-wrap\" style=\"max-width:1248px;margin-left: calc(-4% \/ 2 );margin-right: calc(-4% \/ 2 );\"><div class=\"fusion-layout-column fusion_builder_column fusion-builder-column-4 fusion_builder_column_1_1 1_1 fusion-flex-column\" style=\"--awb-bg-size:cover;--awb-width-large:100%;--awb-margin-top-large:0px;--awb-spacing-right-large:1.92%;--awb-margin-bottom-large:20px;--awb-spacing-left-large:1.92%;--awb-width-medium:100%;--awb-order-medium:0;--awb-spacing-right-medium:1.92%;--awb-spacing-left-medium:1.92%;--awb-width-small:100%;--awb-order-small:0;--awb-spacing-right-small:1.92%;--awb-spacing-left-small:1.92%;\"><div class=\"fusion-column-wrapper fusion-column-has-shadow fusion-flex-justify-content-flex-start fusion-content-layout-column\"><div class=\"fusion-text fusion-text-6\"><h2>Consulta<\/h2>\n<p>A FOCO oferece <a href=\"https:\/\/www.focoinduction.com\/services\/consulting\/\" target=\"_blank\" rel=\"noopener\">servi\u00e7os de consultoria em tecnologia de indu\u00e7\u00e3o<\/a> para ajudar os seus clientes. Propomos v\u00e1rios m\u00e9todos de aquecimento por indu\u00e7\u00e3o comprovados e pr\u00e1ticos a pequenas e grandes empresas. Analisamos cuidadosamente os requisitos da sua aplica\u00e7\u00e3o e, em seguida, fazemos recomenda\u00e7\u00f5es para a indu\u00e7\u00e3o, automa\u00e7\u00e3o e processos de fabrico totais ideais para as suas aplica\u00e7\u00f5es.<\/p>\n<\/div><\/div><\/div><\/div><\/div><div class=\"fusion-fullwidth fullwidth-box fusion-builder-row-6 fusion-flex-container has-pattern-background has-mask-background nonhundred-percent-fullwidth non-hundred-percent-height-scrolling\" style=\"--awb-border-radius-top-left:0px;--awb-border-radius-top-right:0px;--awb-border-radius-bottom-right:0px;--awb-border-radius-bottom-left:0px;--awb-flex-wrap:wrap;\" ><div class=\"fusion-builder-row fusion-row fusion-flex-align-items-flex-start fusion-flex-content-wrap\" style=\"max-width:1248px;margin-left: calc(-4% \/ 2 );margin-right: calc(-4% \/ 2 );\"><div class=\"fusion-layout-column fusion_builder_column fusion-builder-column-5 fusion_builder_column_1_1 1_1 fusion-flex-column\" style=\"--awb-bg-size:cover;--awb-width-large:100%;--awb-margin-top-large:0px;--awb-spacing-right-large:1.92%;--awb-margin-bottom-large:20px;--awb-spacing-left-large:1.92%;--awb-width-medium:100%;--awb-order-medium:0;--awb-spacing-right-medium:1.92%;--awb-spacing-left-medium:1.92%;--awb-width-small:100%;--awb-order-small:0;--awb-spacing-right-small:1.92%;--awb-spacing-left-small:1.92%;\"><div class=\"fusion-column-wrapper fusion-column-has-shadow fusion-flex-justify-content-flex-start fusion-content-layout-column\"><div class=\"fusion-text fusion-text-7\"><h2>Empr\u00e9stimos<\/h2>\n<p>Na FOCO, fabricamos uma bobina de indu\u00e7\u00e3o de empr\u00e9stimo, na qual constru\u00edmos uma bobina duplicada a partir da plataforma do nosso cliente, que guardamos numa prateleira e emprestamos quando trabalhamos nas suas repara\u00e7\u00f5es de bobinas de indu\u00e7\u00e3o.<\/p>\n<p>A nossa experi\u00eancia garante um funcionamento fi\u00e1vel e eficaz, quer se trate de aplica\u00e7\u00f5es de aquecimento e fus\u00e3o por indu\u00e7\u00e3o standard ou personalizadas.<\/p>\n<\/div><\/div><\/div><\/div><\/div><div class=\"fusion-fullwidth fullwidth-box fusion-builder-row-7 fusion-flex-container has-pattern-background has-mask-background nonhundred-percent-fullwidth non-hundred-percent-height-scrolling\" style=\"--awb-border-radius-top-left:0px;--awb-border-radius-top-right:0px;--awb-border-radius-bottom-right:0px;--awb-border-radius-bottom-left:0px;--awb-flex-wrap:wrap;\" ><div class=\"fusion-builder-row fusion-row fusion-flex-align-items-flex-start fusion-flex-content-wrap\" style=\"max-width:1248px;margin-left: calc(-4% \/ 2 );margin-right: calc(-4% \/ 2 );\"><div class=\"fusion-layout-column fusion_builder_column fusion-builder-column-6 fusion_builder_column_1_1 1_1 fusion-flex-column\" style=\"--awb-bg-size:cover;--awb-width-large:100%;--awb-margin-top-large:0px;--awb-spacing-right-large:1.92%;--awb-margin-bottom-large:20px;--awb-spacing-left-large:1.92%;--awb-width-medium:100%;--awb-order-medium:0;--awb-spacing-right-medium:1.92%;--awb-spacing-left-medium:1.92%;--awb-width-small:100%;--awb-order-small:0;--awb-spacing-right-small:1.92%;--awb-spacing-left-small:1.92%;\"><div class=\"fusion-column-wrapper fusion-column-has-shadow fusion-flex-justify-content-flex-start fusion-content-layout-column\"><div class=\"fusion-text fusion-text-8\"><h2>Desenhos personalizados de bobinas de aquecimento por indu\u00e7\u00e3o<\/h2>\n<p>Os projectos de bobinas de indu\u00e7\u00e3o podem afectar significativamente a qualidade da pe\u00e7a, a efici\u00eancia do processo e os custos de produ\u00e7\u00e3o. A concep\u00e7\u00e3o da bobina de indu\u00e7\u00e3o ideal requer uma an\u00e1lise minuciosa das pe\u00e7as, das especifica\u00e7\u00f5es de tratamento t\u00e9rmico, da velocidade de fabrico, da sequ\u00eancia de funcionamento, do manuseamento dos materiais, dos par\u00e2metros do sistema de indu\u00e7\u00e3o, das condi\u00e7\u00f5es ambientais em que a bobina de indu\u00e7\u00e3o ir\u00e1 funcionar e da concep\u00e7\u00e3o do arrefecimento. Uma bobina de indu\u00e7\u00e3o de n\u00edvel industrial bem concebida pode durar at\u00e9 30 vezes mais, dependendo da aplica\u00e7\u00e3o, dos cuidados e do ambiente, em compara\u00e7\u00e3o com uma bobina barata e pode ser a diferen\u00e7a entre pe\u00e7as conformes e n\u00e3o conformes.<\/p>\n<p>Os nossos t\u00e9cnicos s\u00e3o altamente qualificados, tendo examinado, renovado e reconstru\u00eddo bobinas durante mais de 20 anos aqui em Zhengzhou. Al\u00e9m disso, o pessoal da FOCO trabalha directamente com os clientes para conceber programas completos de manuten\u00e7\u00e3o de bobinas.<\/p>\n<\/div><div class=\"fusion-text fusion-text-9\" style=\"--awb-text-transform:capitalize;\"><p><a href=\"https:\/\/www.focoinduction.com\/pt-br\/contacto\/\" target=\"_blank\" rel=\"noopener\"><em>Entre em contato hoje mesmo para discutir suas necessidades de manuten\u00e7\u00e3o de bobinas de indu\u00e7\u00e3o.<\/em><\/a><\/p>\n<\/div><\/div><\/div><\/div><\/div><\/p>\n","protected":false},"excerpt":{"rendered":"","protected":false},"author":1,"featured_media":4720,"parent":6502,"menu_order":0,"comment_status":"closed","ping_status":"closed","template":"","meta":{"footnotes":""},"class_list":["post-6135","page","type-page","status-publish","has-post-thumbnail","hentry"],"_links":{"self":[{"href":"https:\/\/www.focoinduction.com\/pt-br\/wp-json\/wp\/v2\/pages\/6135","targetHints":{"allow":["GET"]}}],"collection":[{"href":"https:\/\/www.focoinduction.com\/pt-br\/wp-json\/wp\/v2\/pages"}],"about":[{"href":"https:\/\/www.focoinduction.com\/pt-br\/wp-json\/wp\/v2\/types\/page"}],"author":[{"embeddable":true,"href":"https:\/\/www.focoinduction.com\/pt-br\/wp-json\/wp\/v2\/users\/1"}],"replies":[{"embeddable":true,"href":"https:\/\/www.focoinduction.com\/pt-br\/wp-json\/wp\/v2\/comments?post=6135"}],"version-history":[{"count":0,"href":"https:\/\/www.focoinduction.com\/pt-br\/wp-json\/wp\/v2\/pages\/6135\/revisions"}],"up":[{"embeddable":true,"href":"https:\/\/www.focoinduction.com\/pt-br\/wp-json\/wp\/v2\/pages\/6502"}],"wp:featuredmedia":[{"embeddable":true,"href":"https:\/\/www.focoinduction.com\/pt-br\/wp-json\/wp\/v2\/media\/4720"}],"wp:attachment":[{"href":"https:\/\/www.focoinduction.com\/pt-br\/wp-json\/wp\/v2\/media?parent=6135"}],"curies":[{"name":"wp","href":"https:\/\/api.w.org\/{rel}","templated":true}]}}