{"id":6244,"date":"2022-10-13T09:35:44","date_gmt":"2022-10-13T01:35:44","guid":{"rendered":"https:\/\/www.focoinduction.com\/teste-de-aquecimento-por-inducao\/"},"modified":"2023-05-16T09:08:52","modified_gmt":"2023-05-16T01:08:52","slug":"teste-de-aquecimento-por-inducao","status":"publish","type":"page","link":"https:\/\/www.focoinduction.com\/pt-br\/servicos-de-aquecimento-por-inducao\/teste-de-aquecimento-por-inducao\/","title":{"rendered":"Teste de aquecimento por indu\u00e7\u00e3o"},"content":{"rendered":"<p><div class=\"fusion-fullwidth fullwidth-box fusion-builder-row-1 fusion-flex-container has-pattern-background has-mask-background nonhundred-percent-fullwidth non-hundred-percent-height-scrolling\" style=\"--awb-border-radius-top-left:0px;--awb-border-radius-top-right:0px;--awb-border-radius-bottom-right:0px;--awb-border-radius-bottom-left:0px;--awb-flex-wrap:wrap;\" ><div class=\"fusion-builder-row fusion-row fusion-flex-align-items-flex-start fusion-flex-content-wrap\" style=\"max-width:1248px;margin-left: calc(-4% \/ 2 );margin-right: calc(-4% \/ 2 );\"><div class=\"fusion-layout-column fusion_builder_column fusion-builder-column-0 fusion_builder_column_1_1 1_1 fusion-flex-column\" style=\"--awb-bg-size:cover;--awb-width-large:100%;--awb-margin-top-large:0px;--awb-spacing-right-large:1.92%;--awb-margin-bottom-large:20px;--awb-spacing-left-large:1.92%;--awb-width-medium:100%;--awb-order-medium:0;--awb-spacing-right-medium:1.92%;--awb-spacing-left-medium:1.92%;--awb-width-small:100%;--awb-order-small:0;--awb-spacing-right-small:1.92%;--awb-spacing-left-small:1.92%;\"><div class=\"fusion-column-wrapper fusion-column-has-shadow fusion-flex-justify-content-flex-start fusion-content-layout-column\"><div class=\"fusion-text fusion-text-1\"><p>Oferecemos servi\u00e7os de aquecimento por indu\u00e7\u00e3o, que incluem testes gratuitos para verificar se obt\u00e9m as melhores solu\u00e7\u00f5es poss\u00edveis para o seu projecto. Isto pode incluir a brasagem, o endurecimento, o recozimento, o pr\u00e9-aquecimento e a contrac\u00e7\u00e3o, dependendo das suas necessidades.<\/p>\n<p>Na FOCO, orgulhamo-nos de oferecer um servi\u00e7o ao cliente de classe mundial e de garantir que cada cliente sai satisfeito. Compreendemos que cada empresa tem necessidades diferentes, por isso diga-nos como podemos ajudar!<\/p>\n<\/div><\/div><\/div><\/div><\/div><div class=\"fusion-fullwidth fullwidth-box fusion-builder-row-2 fusion-flex-container has-pattern-background has-mask-background nonhundred-percent-fullwidth non-hundred-percent-height-scrolling\" style=\"--awb-border-radius-top-left:0px;--awb-border-radius-top-right:0px;--awb-border-radius-bottom-right:0px;--awb-border-radius-bottom-left:0px;--awb-flex-wrap:wrap;\" ><div class=\"fusion-builder-row fusion-row fusion-flex-align-items-flex-start fusion-flex-content-wrap\" style=\"max-width:1248px;margin-left: calc(-4% \/ 2 );margin-right: calc(-4% \/ 2 );\"><div class=\"fusion-layout-column fusion_builder_column fusion-builder-column-1 fusion_builder_column_1_1 1_1 fusion-flex-column\" style=\"--awb-bg-size:cover;--awb-width-large:100%;--awb-margin-top-large:0px;--awb-spacing-right-large:1.92%;--awb-margin-bottom-large:20px;--awb-spacing-left-large:1.92%;--awb-width-medium:100%;--awb-order-medium:0;--awb-spacing-right-medium:1.92%;--awb-spacing-left-medium:1.92%;--awb-width-small:100%;--awb-order-small:0;--awb-spacing-right-small:1.92%;--awb-spacing-left-small:1.92%;\"><div class=\"fusion-column-wrapper fusion-column-has-shadow fusion-flex-justify-content-flex-start fusion-content-layout-column\"><div class=\"fusion-text fusion-text-2\"><h2>Processo de ensaio t\u00e9rmico<\/h2>\n<p>Efectuamos testes de aquecimento por indu\u00e7\u00e3o nas suas pe\u00e7as (pe\u00e7as de trabalho) utilizando diferentes n\u00edveis de calor para ver o que funciona melhor para o seu produto. Em seguida, fornecemos-lhe um plano baseado nestes resultados para que possa tomar uma decis\u00e3o informada sobre se o aquecimento por indu\u00e7\u00e3o \u00e9 ou n\u00e3o adequado para a sua aplica\u00e7\u00e3o.<\/p>\n<p>Um exemplo seria um projecto em que aquecemos pequenas pe\u00e7as de ouro e platina. O objectivo \u00e9 atingir e manter temperaturas at\u00e9 1.600degC em mais de 30 minutos. Depois de as amostras terem sido aquecidas \u00e0 temperatura de fus\u00e3o, estavam prontas para a an\u00e1lise dos is\u00f3topos num espectr\u00f3metro.<br \/>\nPara os projectos personaliz\u00e1veis, especialmente os que envolvem pe\u00e7as de trabalho n\u00e3o normalizadas, inform\u00e1-lo-emos das suas op\u00e7\u00f5es de fabrico apenas atrav\u00e9s de ensaios!<\/p>\n<p>Os ensaios de calor por indu\u00e7\u00e3o s\u00e3o a melhor forma de descobrir qual o processo e equipamento de aquecimento por indu\u00e7\u00e3o que melhor se adequa \u00e0 sua aplica\u00e7\u00e3o. Oferecemos uma vasta gama de testes no nosso laborat\u00f3rio de aquecimento por indu\u00e7\u00e3o para que possa obter todas as informa\u00e7\u00f5es necess\u00e1rias sobre a reac\u00e7\u00e3o das diferentes pe\u00e7as quando aquecidas por indu\u00e7\u00e3o.<\/p>\n<p>Podemos testar uma variedade de aplica\u00e7\u00f5es diferentes, incluindo, mas n\u00e3o se limitando a:<\/p>\n<ul>\n<li>Endurecimento por indu\u00e7\u00e3o<\/li>\n<li>Fus\u00e3o por indu\u00e7\u00e3o<\/li>\n<li>Brasagem por indu\u00e7\u00e3o<\/li>\n<li>Forjamento por indu\u00e7\u00e3o<\/li>\n<li>Pr\u00e9-aquecimento por indu\u00e7\u00e3o<\/li>\n<li>Recozimento por indu\u00e7\u00e3o<\/li>\n<li>Encaixe retr\u00e1ctil<\/li>\n<\/ul>\n<\/div><\/div><\/div><\/div><\/div><div class=\"fusion-fullwidth fullwidth-box fusion-builder-row-3 fusion-flex-container has-pattern-background has-mask-background nonhundred-percent-fullwidth non-hundred-percent-height-scrolling\" style=\"--awb-border-radius-top-left:0px;--awb-border-radius-top-right:0px;--awb-border-radius-bottom-right:0px;--awb-border-radius-bottom-left:0px;--awb-flex-wrap:wrap;\" ><div class=\"fusion-builder-row fusion-row fusion-flex-align-items-flex-start fusion-flex-content-wrap\" style=\"max-width:1248px;margin-left: calc(-4% \/ 2 );margin-right: calc(-4% \/ 2 );\"><div class=\"fusion-layout-column fusion_builder_column fusion-builder-column-2 fusion_builder_column_1_1 1_1 fusion-flex-column\" style=\"--awb-bg-size:cover;--awb-width-large:100%;--awb-margin-top-large:0px;--awb-spacing-right-large:1.92%;--awb-margin-bottom-large:20px;--awb-spacing-left-large:1.92%;--awb-width-medium:100%;--awb-order-medium:0;--awb-spacing-right-medium:1.92%;--awb-spacing-left-medium:1.92%;--awb-width-small:100%;--awb-order-small:0;--awb-spacing-right-small:1.92%;--awb-spacing-left-small:1.92%;\"><div class=\"fusion-column-wrapper fusion-column-has-shadow fusion-flex-justify-content-flex-start fusion-content-layout-column\"><div class=\"fusion-text fusion-text-3\"><h2>Marcar uma reuni\u00e3o connosco<\/h2>\n<p>Tudo o que tem de fazer \u00e9 informar-nos do tipo de pe\u00e7a que gostaria de ver testada e da(s) aplica\u00e7\u00e3o(\u00f5es) de aquecimento a que se destina e, em seguida, envi\u00e1-la para o nosso laborat\u00f3rio (enviar-lhe-emos todos os pormenores por e-mail). Assim que recebermos a(s) sua(s) pe\u00e7a(s), marcaremos uma reuni\u00e3o com um dos nossos engenheiros especializados que poder\u00e1 fornecer recomenda\u00e7\u00f5es com base nas suas necessidades!<\/p>\n<p>Como fornecedor \u00fanico de sistemas completos de aquecimento por indu\u00e7\u00e3o, a FOCO oferece capacidades de ensaio \u00fanicas aos seus clientes. Esfor\u00e7amo-nos por fornecer a m\u00e1xima qualidade como fornecedor fi\u00e1vel de ensaios t\u00e9rmicos para garantir que as pe\u00e7as dos nossos clientes est\u00e3o em conformidade com as especifica\u00e7\u00f5es exactas. Os nossos procedimentos de Ensaios N\u00e3o Destrutivos (NDT) permitem-nos identificar os mais pequenos erros, assegurar que as suas pe\u00e7as cumprem as normas de qualidade, fornecer produtos seguros aos clientes e evitar problemas de garantia dispendiosos. Al\u00e9m disso, temos a capacidade e a flexibilidade de testar pe\u00e7as de baixo e alto volume e uma vasta experi\u00eancia no exame de v\u00e1rios componentes tratados termicamente e verdes.<\/p>\n<p>Embora os princ\u00edpios b\u00e1sicos sejam bem conhecidos, os avan\u00e7os nas bobinas tornam o calor de indu\u00e7\u00e3o um m\u00e9todo simples e econ\u00f3mico de aquecer os ensaios. O aquecimento por indu\u00e7\u00e3o oferece in\u00fameras vantagens para os processos de fabrico, uma vez que \u00e9 uma forma r\u00e1pida, eficiente em termos energ\u00e9ticos e sem chama de aquecer materiais condutores de electricidade. Al\u00e9m disso, o aquecimento indutivo proporciona um aquecimento fi\u00e1vel, repet\u00edvel, preciso, sem contacto e energeticamente eficiente durante um per\u00edodo de tempo m\u00ednimo, sendo geralmente uma excelente escolha para o ensaio de materiais.<\/p>\n<p>Atrav\u00e9s da utiliza\u00e7\u00e3o altamente controlada de bobinas aquecidas electricamente, o aquecimento por indu\u00e7\u00e3o permite-lhe testar caracter\u00edsticas f\u00edsicas ideais n\u00e3o s\u00f3 para cada pe\u00e7a &#8211; mas para cada pe\u00e7a dentro dessa pe\u00e7a. Com a FOCO, \u00e9 poss\u00edvel ensaiar componentes met\u00e1licos por calor sem muitos problemas normalmente associados a outros processos de ensaio por calor.<\/p>\n<\/div><\/div><\/div><\/div><\/div><\/p>\n","protected":false},"excerpt":{"rendered":"","protected":false},"author":1,"featured_media":4712,"parent":6502,"menu_order":0,"comment_status":"closed","ping_status":"closed","template":"","meta":{"footnotes":""},"class_list":["post-6244","page","type-page","status-publish","has-post-thumbnail","hentry"],"_links":{"self":[{"href":"https:\/\/www.focoinduction.com\/pt-br\/wp-json\/wp\/v2\/pages\/6244","targetHints":{"allow":["GET"]}}],"collection":[{"href":"https:\/\/www.focoinduction.com\/pt-br\/wp-json\/wp\/v2\/pages"}],"about":[{"href":"https:\/\/www.focoinduction.com\/pt-br\/wp-json\/wp\/v2\/types\/page"}],"author":[{"embeddable":true,"href":"https:\/\/www.focoinduction.com\/pt-br\/wp-json\/wp\/v2\/users\/1"}],"replies":[{"embeddable":true,"href":"https:\/\/www.focoinduction.com\/pt-br\/wp-json\/wp\/v2\/comments?post=6244"}],"version-history":[{"count":0,"href":"https:\/\/www.focoinduction.com\/pt-br\/wp-json\/wp\/v2\/pages\/6244\/revisions"}],"up":[{"embeddable":true,"href":"https:\/\/www.focoinduction.com\/pt-br\/wp-json\/wp\/v2\/pages\/6502"}],"wp:featuredmedia":[{"embeddable":true,"href":"https:\/\/www.focoinduction.com\/pt-br\/wp-json\/wp\/v2\/media\/4712"}],"wp:attachment":[{"href":"https:\/\/www.focoinduction.com\/pt-br\/wp-json\/wp\/v2\/media?parent=6244"}],"curies":[{"name":"wp","href":"https:\/\/api.w.org\/{rel}","templated":true}]}}