{"id":6382,"date":"2022-10-09T15:10:09","date_gmt":"2022-10-09T07:10:09","guid":{"rendered":"https:\/\/www.focoinduction.com\/manutencao-da-bobina-de-inducao-e-do-tubo-de-cobre\/"},"modified":"2023-05-16T09:09:07","modified_gmt":"2023-05-16T01:09:07","slug":"manutencao-da-bobina-de-inducao-e-do-tubo-de-cobre","status":"publish","type":"page","link":"https:\/\/www.focoinduction.com\/pt-br\/lean-sobre-o-aquecimento-por-inducao\/manutencao-da-bobina-de-inducao-e-do-tubo-de-cobre\/","title":{"rendered":"Manuten\u00e7\u00e3o da bobina de indu\u00e7\u00e3o e do tubo de cobre"},"content":{"rendered":"<div class=\"fusion-fullwidth fullwidth-box fusion-builder-row-1 fusion-flex-container has-pattern-background has-mask-background nonhundred-percent-fullwidth non-hundred-percent-height-scrolling\" style=\"--awb-border-radius-top-left:0px;--awb-border-radius-top-right:0px;--awb-border-radius-bottom-right:0px;--awb-border-radius-bottom-left:0px;--awb-flex-wrap:wrap;\" ><div class=\"fusion-builder-row fusion-row fusion-flex-align-items-flex-start fusion-flex-content-wrap\" style=\"max-width:1248px;margin-left: calc(-4% \/ 2 );margin-right: calc(-4% \/ 2 );\"><div class=\"fusion-layout-column fusion_builder_column fusion-builder-column-0 fusion_builder_column_1_1 1_1 fusion-flex-column\" style=\"--awb-bg-size:cover;--awb-width-large:100%;--awb-margin-top-large:0px;--awb-spacing-right-large:1.92%;--awb-margin-bottom-large:20px;--awb-spacing-left-large:1.92%;--awb-width-medium:100%;--awb-order-medium:0;--awb-spacing-right-medium:1.92%;--awb-spacing-left-medium:1.92%;--awb-width-small:100%;--awb-order-small:0;--awb-spacing-right-small:1.92%;--awb-spacing-left-small:1.92%;\"><div class=\"fusion-column-wrapper fusion-column-has-shadow fusion-flex-justify-content-flex-start fusion-content-layout-column\"><div class=\"fusion-text fusion-text-1\"><p>As bobinas de aquecimento por indu\u00e7\u00e3o s\u00e3o muito utilizadas, o que pode encurtar a sua vida \u00fatil. A manuten\u00e7\u00e3o das bobinas de indu\u00e7\u00e3o FOCO \u00e9 uma \u00f3ptima forma de prolongar a vida \u00fatil destas valiosas ferramentas.<\/p>\n<\/div><\/div><\/div><div class=\"fusion-layout-column fusion_builder_column fusion-builder-column-1 fusion_builder_column_1_1 1_1 fusion-flex-column\" style=\"--awb-bg-size:cover;--awb-width-large:100%;--awb-margin-top-large:0px;--awb-spacing-right-large:1.92%;--awb-margin-bottom-large:20px;--awb-spacing-left-large:1.92%;--awb-width-medium:100%;--awb-order-medium:0;--awb-spacing-right-medium:1.92%;--awb-spacing-left-medium:1.92%;--awb-width-small:100%;--awb-order-small:0;--awb-spacing-right-small:1.92%;--awb-spacing-left-small:1.92%;\"><div class=\"fusion-column-wrapper fusion-column-has-shadow fusion-flex-justify-content-flex-start fusion-content-layout-column\"><div class=\"fusion-text fusion-text-2\"><h2>A manuten\u00e7\u00e3o da bobina de indu\u00e7\u00e3o evita repara\u00e7\u00f5es<\/h2>\n<p>A FOCO estabeleceu-se orgulhosamente como um dos principais fornecedores de servi\u00e7os de bobinas de aquecimento por indu\u00e7\u00e3o na ind\u00fastria actual. Os nossos t\u00e9cnicos possuem um vasto conhecimento e experi\u00eancia em tudo o que diz respeito a indutores, o que lhes permite fornecer um excelente n\u00edvel de servi\u00e7o ao cliente para cada cliente individual. A FOCO esfor\u00e7a-se por atingir padr\u00f5es elevados quando se trata de fornecer solu\u00e7\u00f5es r\u00e1pidas. Com apenas uma chamada r\u00e1pida ou um e-mail, faremos tudo o que for necess\u00e1rio para garantir que recebe os nossos servi\u00e7os de forma r\u00e1pida e eficiente, sem comprometer a qualidade pela quantidade.<\/p>\n<p>Os servi\u00e7os de repara\u00e7\u00e3o e reconcep\u00e7\u00e3o de bobinas de indu\u00e7\u00e3o incluem<\/p>\n<ul>\n<li>Inspec\u00e7\u00e3o e ensaio<\/li>\n<li>Limpeza de bobinas, mangueiras, barramentos e ferramentas<\/li>\n<li>Limpeza dos tambores de t\u00eampera e das superf\u00edcies de contacto<\/li>\n<li>Apertar as ferramentas<\/li>\n<li>Inspeccionar e limpar a fonte de alimenta\u00e7\u00e3o<\/li>\n<li>Abordar as \u00e1reas que apresentam sinais de corros\u00e3o<\/li>\n<\/ul>\n<\/div><\/div><\/div><div class=\"fusion-layout-column fusion_builder_column fusion-builder-column-2 fusion_builder_column_1_1 1_1 fusion-flex-column\" style=\"--awb-bg-size:cover;--awb-width-large:100%;--awb-margin-top-large:0px;--awb-spacing-right-large:1.92%;--awb-margin-bottom-large:20px;--awb-spacing-left-large:1.92%;--awb-width-medium:100%;--awb-order-medium:0;--awb-spacing-right-medium:1.92%;--awb-spacing-left-medium:1.92%;--awb-width-small:100%;--awb-order-small:0;--awb-spacing-right-small:1.92%;--awb-spacing-left-small:1.92%;\"><div class=\"fusion-column-wrapper fusion-column-has-shadow fusion-flex-justify-content-flex-start fusion-content-layout-column\"><div class=\"fusion-text fusion-text-3\"><h2>Dicas de manuten\u00e7\u00e3o da bobina de indu\u00e7\u00e3o<\/h2>\n<p>Os indutores s\u00e3o fr\u00e1geis. Mantenha-os guardados quando n\u00e3o estiverem a ser utilizados. Se forem deixados perto da extremidade de um espa\u00e7o de trabalho, podem cair, partir-se, deformar-se ou deixar de funcionar. Isto \u00e9 especialmente verdadeiro para as ferramentas de brasagem manuais.<\/p>\n<p>Ao efectuar uma opera\u00e7\u00e3o, certifique-se de que utiliza sempre \u00e1gua limpa para evitar a contamina\u00e7\u00e3o do elemento de aquecimento. O aquecimento com \u00e1gua inadequada ou suja encurtar\u00e1 a vida \u00fatil da serpentina, por isso n\u00e3o se esque\u00e7a de a limpar ap\u00f3s cada utiliza\u00e7\u00e3o! A acumula\u00e7\u00e3o de part\u00edculas nestas bobinas pode levar a que entrem em curto-circuito e se queimem rapidamente. Limpar as suas bobinas regularmente \u00e9 uma forma f\u00e1cil de evitar este problema. Limpe o p\u00f3 e a sujidade com uma toalha seca e, em seguida, com um pouco de ar comprimido para remover os restos de p\u00f3. E nunca se esque\u00e7a de dar tamb\u00e9m uma vista de olhos aos pontos de liga\u00e7\u00e3o el\u00e9ctrica &#8211; s\u00e3o uma daquelas partes que provavelmente n\u00e3o foram tocadas, mas que est\u00e3o apenas \u00e0 espera de detritos!<\/p>\n<p>Inspeccionar o isolamento entre os dois fios de cobre antes de o utilizar para evitar curtos-circuitos.<\/p>\n<p>Manchas pretas no cobre indicam que a bobina de cobre foi exposta a calor extremo; \u00e9 um sinal perigoso. Examine a sua serpentina de cobre para procurar descolora\u00e7\u00e3o, fissuras e calor excessivo, indicado por uma colora\u00e7\u00e3o azul ou vermelha no cobre. Limpar eventuais esc\u00f3rias ou aparas met\u00e1licas da caixa do forno e verificar se h\u00e1 sinais de penetra\u00e7\u00e3o de metal fundido na bobina de cobre.<\/p>\n<p>O baixo caudal \u00e9 por vezes identificado pelo escurecimento do cobre, em tons de p\u00farpura, no lado de retorno do arrefecimento da bobina. O baixo caudal de \u00e1gua pode, portanto, resultar num vapor de vapor retido no interior da bobina indutora, levando \u00e0 fissura\u00e7\u00e3o da junta de soldadura atrav\u00e9s da tubagem da bobina indutora fabricada ou \u00e0 fissura\u00e7\u00e3o no cobre que revela uma c\u00e2mara de arrefecimento. Por conseguinte, a \u00e1gua de arrefecimento deve ser proveniente de uma fonte de \u00e1gua limpa com unidades de filtragem de 25 m\u00edcrones colocadas imediatamente antes de entrar na bobina do indutor. Em aplica\u00e7\u00f5es industriais, a corrente que passa por uma bobina de trabalho \u00e9 suficiente para que seja necess\u00e1rio arrefecer a \u00e1gua; assim, a configura\u00e7\u00e3o de base cont\u00e9m um dispositivo de arrefecimento a \u00e1gua.<\/p>\n<p>Um protector de cabo coaxial proteger\u00e1 ainda mais as suas bobinas. Trata-se de um pequeno adaptador que liga o transformador coaxial \u00e0 bobina de indu\u00e7\u00e3o. Qualquer dano que possa ocorrer devido a uma sobrecarga ser\u00e1 feito no adaptador, o que \u00e9 muito menos dispendioso do que uma nova bobina ou transformador.<\/p>\n<p>Siga estas dicas para preservar os seus indutores:<\/p>\n<ul>\n<li>Guard\u00e1-los quando n\u00e3o est\u00e3o a ser utilizados<\/li>\n<li>\u00c1gua limpa significa um resultado limpo<\/li>\n<li>Limpar e soprar as bobinas ap\u00f3s a utiliza\u00e7\u00e3o<\/li>\n<li>Utilizar um protector coaxial<\/li>\n<\/ul>\n<\/div><\/div><\/div><\/div><\/div>\n","protected":false},"excerpt":{"rendered":"","protected":false},"author":1,"featured_media":4684,"parent":6483,"menu_order":0,"comment_status":"closed","ping_status":"closed","template":"","meta":{"footnotes":""},"class_list":["post-6382","page","type-page","status-publish","has-post-thumbnail","hentry"],"_links":{"self":[{"href":"https:\/\/www.focoinduction.com\/pt-br\/wp-json\/wp\/v2\/pages\/6382","targetHints":{"allow":["GET"]}}],"collection":[{"href":"https:\/\/www.focoinduction.com\/pt-br\/wp-json\/wp\/v2\/pages"}],"about":[{"href":"https:\/\/www.focoinduction.com\/pt-br\/wp-json\/wp\/v2\/types\/page"}],"author":[{"embeddable":true,"href":"https:\/\/www.focoinduction.com\/pt-br\/wp-json\/wp\/v2\/users\/1"}],"replies":[{"embeddable":true,"href":"https:\/\/www.focoinduction.com\/pt-br\/wp-json\/wp\/v2\/comments?post=6382"}],"version-history":[{"count":0,"href":"https:\/\/www.focoinduction.com\/pt-br\/wp-json\/wp\/v2\/pages\/6382\/revisions"}],"up":[{"embeddable":true,"href":"https:\/\/www.focoinduction.com\/pt-br\/wp-json\/wp\/v2\/pages\/6483"}],"wp:featuredmedia":[{"embeddable":true,"href":"https:\/\/www.focoinduction.com\/pt-br\/wp-json\/wp\/v2\/media\/4684"}],"wp:attachment":[{"href":"https:\/\/www.focoinduction.com\/pt-br\/wp-json\/wp\/v2\/media?parent=6382"}],"curies":[{"name":"wp","href":"https:\/\/api.w.org\/{rel}","templated":true}]}}