{"id":6413,"date":"2022-10-11T09:57:53","date_gmt":"2022-10-11T01:57:53","guid":{"rendered":"https:\/\/www.focoinduction.com\/formacao-em-equipamento-de-inducao\/"},"modified":"2023-05-16T09:09:09","modified_gmt":"2023-05-16T01:09:09","slug":"formacao-em-equipamento-de-inducao","status":"publish","type":"page","link":"https:\/\/www.focoinduction.com\/pt-br\/servicos-de-aquecimento-por-inducao\/formacao-em-equipamento-de-inducao\/","title":{"rendered":"Forma\u00e7\u00e3o em equipamento de indu\u00e7\u00e3o"},"content":{"rendered":"<p><div class=\"fusion-fullwidth fullwidth-box fusion-builder-row-1 fusion-flex-container has-pattern-background has-mask-background nonhundred-percent-fullwidth non-hundred-percent-height-scrolling\" style=\"--awb-border-radius-top-left:0px;--awb-border-radius-top-right:0px;--awb-border-radius-bottom-right:0px;--awb-border-radius-bottom-left:0px;--awb-flex-wrap:wrap;\" ><div class=\"fusion-builder-row fusion-row fusion-flex-align-items-flex-start fusion-flex-content-wrap\" style=\"max-width:1248px;margin-left: calc(-4% \/ 2 );margin-right: calc(-4% \/ 2 );\"><div class=\"fusion-layout-column fusion_builder_column fusion-builder-column-0 fusion_builder_column_1_1 1_1 fusion-flex-column\" style=\"--awb-bg-size:cover;--awb-width-large:100%;--awb-margin-top-large:0px;--awb-spacing-right-large:1.92%;--awb-margin-bottom-large:20px;--awb-spacing-left-large:1.92%;--awb-width-medium:100%;--awb-order-medium:0;--awb-spacing-right-medium:1.92%;--awb-spacing-left-medium:1.92%;--awb-width-small:100%;--awb-order-small:0;--awb-spacing-right-small:1.92%;--awb-spacing-left-small:1.92%;\"><div class=\"fusion-column-wrapper fusion-column-has-shadow fusion-flex-justify-content-flex-start fusion-content-layout-column\"><div class=\"fusion-text fusion-text-1\"><p>A forma\u00e7\u00e3o FOCO abrange tudo, desde as no\u00e7\u00f5es b\u00e1sicas de aquecimento indutivo at\u00e9 \u00e0 teoria avan\u00e7ada sobre a concep\u00e7\u00e3o de indutores, desde a manuten\u00e7\u00e3o preventiva do sistema at\u00e9 \u00e0 forma\u00e7\u00e3o para as opera\u00e7\u00f5es do utilizador do sistema. A forma\u00e7\u00e3o personalizada de operadores tamb\u00e9m pode ser adaptada ao seu equipamento e ambiente de produ\u00e7\u00e3o espec\u00edficos. Os alunos aprender\u00e3o com os nossos t\u00e9cnicos altamente qualificados, com anos de experi\u00eancia pr\u00e1tica e uma vasta base de conhecimentos. Os cursos est\u00e3o dispon\u00edveis para todos os n\u00edveis de capacidade e podem ser adaptados \u00e0s suas necessidades.<\/p>\n<\/div><\/div><\/div><div class=\"fusion-layout-column fusion_builder_column fusion-builder-column-1 fusion_builder_column_1_1 1_1 fusion-flex-column\" style=\"--awb-bg-size:cover;--awb-width-large:100%;--awb-margin-top-large:0px;--awb-spacing-right-large:1.92%;--awb-margin-bottom-large:20px;--awb-spacing-left-large:1.92%;--awb-width-medium:100%;--awb-order-medium:0;--awb-spacing-right-medium:1.92%;--awb-spacing-left-medium:1.92%;--awb-width-small:100%;--awb-order-small:0;--awb-spacing-right-small:1.92%;--awb-spacing-left-small:1.92%;\"><div class=\"fusion-column-wrapper fusion-column-has-shadow fusion-flex-justify-content-flex-start fusion-content-layout-column\"><div class=\"fusion-text fusion-text-2\"><p>A forma\u00e7\u00e3o de novos funcion\u00e1rios evita erros dispendiosos, mas a sua actualiza\u00e7\u00e3o pode ser um desafio. \u00c9 por isso que a FOCO prop\u00f5e uma forma\u00e7\u00e3o de explora\u00e7\u00e3o dos sistemas de aquecimento por indu\u00e7\u00e3o. Receba forma\u00e7\u00e3o pr\u00e1tica nas nossas instala\u00e7\u00f5es em [LOCATION]. Os seus empregados aprender\u00e3o a atingir n\u00edveis \u00f3ptimos de desempenho individualmente ou em pequenos grupos.<\/p>\n<\/div><\/div><\/div><div class=\"fusion-layout-column fusion_builder_column fusion-builder-column-2 fusion_builder_column_1_1 1_1 fusion-flex-column\" style=\"--awb-bg-size:cover;--awb-width-large:100%;--awb-margin-top-large:0px;--awb-spacing-right-large:1.92%;--awb-margin-bottom-large:20px;--awb-spacing-left-large:1.92%;--awb-width-medium:100%;--awb-order-medium:0;--awb-spacing-right-medium:1.92%;--awb-spacing-left-medium:1.92%;--awb-width-small:100%;--awb-order-small:0;--awb-spacing-right-small:1.92%;--awb-spacing-left-small:1.92%;\"><div class=\"fusion-column-wrapper fusion-column-has-shadow fusion-flex-justify-content-flex-start fusion-content-layout-column\"><div class=\"fusion-text fusion-text-3\"><p>Quer os seus novos funcion\u00e1rios necessitem de um n\u00edvel b\u00e1sico de forma\u00e7\u00e3o ou de uma forma\u00e7\u00e3o avan\u00e7ada, pode evitar tempos de inactividade desnecess\u00e1rios, les\u00f5es e desilus\u00f5es, agendando uma sess\u00e3o de forma\u00e7\u00e3o de operadores com a FOCO. Contacte-nos para discutir o seu projecto espec\u00edfico. A manuten\u00e7\u00e3o e os cuidados adequados prolongam significativamente a vida \u00fatil da m\u00e1quina.<\/p>\n<\/div><\/div><\/div><\/div><\/div><div class=\"fusion-fullwidth fullwidth-box fusion-builder-row-2 fusion-flex-container has-pattern-background has-mask-background nonhundred-percent-fullwidth non-hundred-percent-height-scrolling\" style=\"--awb-border-radius-top-left:0px;--awb-border-radius-top-right:0px;--awb-border-radius-bottom-right:0px;--awb-border-radius-bottom-left:0px;--awb-flex-wrap:wrap;\" ><div class=\"fusion-builder-row fusion-row fusion-flex-align-items-flex-start fusion-flex-content-wrap\" style=\"max-width:1248px;margin-left: calc(-4% \/ 2 );margin-right: calc(-4% \/ 2 );\"><div class=\"fusion-layout-column fusion_builder_column fusion-builder-column-3 fusion_builder_column_1_1 1_1 fusion-flex-column\" style=\"--awb-bg-size:cover;--awb-width-large:100%;--awb-margin-top-large:0px;--awb-spacing-right-large:1.92%;--awb-margin-bottom-large:20px;--awb-spacing-left-large:1.92%;--awb-width-medium:100%;--awb-order-medium:0;--awb-spacing-right-medium:1.92%;--awb-spacing-left-medium:1.92%;--awb-width-small:100%;--awb-order-small:0;--awb-spacing-right-small:1.92%;--awb-spacing-left-small:1.92%;\"><div class=\"fusion-column-wrapper fusion-column-has-shadow fusion-flex-justify-content-flex-start fusion-content-layout-column\"><div class=\"fusion-text fusion-text-4\"><h2>Forma\u00e7\u00e3o em manuten\u00e7\u00e3o por indu\u00e7\u00e3o<\/h2>\n<p>Para evitar per\u00edodos de inactividade e acompanhar os n\u00edveis de produ\u00e7\u00e3o, oferecemos cursos de forma\u00e7\u00e3o em manuten\u00e7\u00e3o nos quais os seus t\u00e9cnicos de assist\u00eancia aprendem t\u00e1cticas de manuten\u00e7\u00e3o preventiva para garantir que os seus sistemas de fabrico est\u00e3o sempre a funcionar. Bobinas de indu\u00e7\u00e3o da FOCO. Porque acreditamos que a concep\u00e7\u00e3o e a qualidade dos indutores s\u00e3o fundamentais para cada sistema FOCO. Por isso, oferecemos uma forma\u00e7\u00e3o espec\u00edfica em maquinagem de indutores. A forma\u00e7\u00e3o est\u00e1 dividida em sec\u00e7\u00f5es te\u00f3ricas e pr\u00e1ticas. Primeiro, ensinamos os princ\u00edpios te\u00f3ricos de uma boa concep\u00e7\u00e3o e passamos aos exerc\u00edcios pr\u00e1ticos. Aprenderam a construir bobinas adequadas de acordo com as frequ\u00eancias, os materiais e as densidades de pot\u00eancia.<\/p>\n<\/div><\/div><\/div><\/div><\/div><div class=\"fusion-fullwidth fullwidth-box fusion-builder-row-3 fusion-flex-container has-pattern-background has-mask-background nonhundred-percent-fullwidth non-hundred-percent-height-scrolling\" style=\"--awb-border-radius-top-left:0px;--awb-border-radius-top-right:0px;--awb-border-radius-bottom-right:0px;--awb-border-radius-bottom-left:0px;--awb-flex-wrap:wrap;\" ><div class=\"fusion-builder-row fusion-row fusion-flex-align-items-flex-start fusion-flex-content-wrap\" style=\"max-width:1248px;margin-left: calc(-4% \/ 2 );margin-right: calc(-4% \/ 2 );\"><div class=\"fusion-layout-column fusion_builder_column fusion-builder-column-4 fusion_builder_column_1_1 1_1 fusion-flex-column\" style=\"--awb-bg-size:cover;--awb-width-large:100%;--awb-margin-top-large:0px;--awb-spacing-right-large:1.92%;--awb-margin-bottom-large:20px;--awb-spacing-left-large:1.92%;--awb-width-medium:100%;--awb-order-medium:0;--awb-spacing-right-medium:1.92%;--awb-spacing-left-medium:1.92%;--awb-width-small:100%;--awb-order-small:0;--awb-spacing-right-small:1.92%;--awb-spacing-left-small:1.92%;\"><div class=\"fusion-column-wrapper fusion-column-has-shadow fusion-flex-justify-content-flex-start fusion-content-layout-column\"><div class=\"fusion-text fusion-text-5\"><h2>Forma\u00e7\u00e3o personalizada<\/h2>\n<p>Personalizaremos a forma\u00e7\u00e3o de acordo com o seu ambiente de produ\u00e7\u00e3o \u00fanico, as suas pe\u00e7as e os n\u00edveis de compet\u00eancias do seu pessoal. Por isso, contacte-nos hoje mesmo e deixe-nos ajud\u00e1-lo a tirar o m\u00e1ximo partido dos seus sistemas de aquecimento por indu\u00e7\u00e3o. Fale-nos das suas opera\u00e7\u00f5es e necessidades, e n\u00f3s adaptaremos um programa de forma\u00e7\u00e3o em aquecimento por indu\u00e7\u00e3o s\u00f3 para si.<\/p>\n<\/div><\/div><\/div><\/div><\/div><div class=\"fusion-fullwidth fullwidth-box fusion-builder-row-4 fusion-flex-container has-pattern-background has-mask-background nonhundred-percent-fullwidth non-hundred-percent-height-scrolling\" style=\"--awb-border-radius-top-left:0px;--awb-border-radius-top-right:0px;--awb-border-radius-bottom-right:0px;--awb-border-radius-bottom-left:0px;--awb-flex-wrap:wrap;\" ><div class=\"fusion-builder-row fusion-row fusion-flex-align-items-flex-start fusion-flex-content-wrap\" style=\"max-width:1248px;margin-left: calc(-4% \/ 2 );margin-right: calc(-4% \/ 2 );\"><div class=\"fusion-layout-column fusion_builder_column fusion-builder-column-5 fusion_builder_column_1_1 1_1 fusion-flex-column\" style=\"--awb-bg-size:cover;--awb-width-large:100%;--awb-margin-top-large:0px;--awb-spacing-right-large:1.92%;--awb-margin-bottom-large:20px;--awb-spacing-left-large:1.92%;--awb-width-medium:100%;--awb-order-medium:0;--awb-spacing-right-medium:1.92%;--awb-spacing-left-medium:1.92%;--awb-width-small:100%;--awb-order-small:0;--awb-spacing-right-small:1.92%;--awb-spacing-left-small:1.92%;\"><div class=\"fusion-column-wrapper fusion-column-has-shadow fusion-flex-justify-content-flex-start fusion-content-layout-column\"><div class=\"fusion-text fusion-text-6\"><h2>Instrutores profissionais<\/h2>\n<p>Os nossos instrutores s\u00e3o profissionais formados na f\u00e1brica, com grande experi\u00eancia, que combinam o seu conhecimento dos sistemas de indu\u00e7\u00e3o com uma excelente capacidade de ensinar eficazmente. Embora a maioria dos nossos cursos de forma\u00e7\u00e3o se concentre nas partes mais t\u00e9cnicas de um sistema de indu\u00e7\u00e3o, tamb\u00e9m oferecemos aulas de servi\u00e7o personalizadas que abrangem todo o sistema e forma\u00e7\u00e3o em seguran\u00e7a de equipamentos e operadores.<\/p>\n<p>A forma\u00e7\u00e3o FOCO d\u00e1-lhe as ferramentas para compreender melhor os processos e equipamentos de aquecimento indutivo &#8211; essenciais para obter o m\u00e1ximo de retorno e rentabilidade do seu investimento. Quanto mais conhecer o seu equipamento de indu\u00e7\u00e3o, melhor ser\u00e1 o retorno do investimento. Entre em contacto hoje mesmo! Falaremos sobre a forma como a FOCO formar\u00e1 o seu pessoal para obter o melhor desempenho do seu equipamento de indu\u00e7\u00e3o.<\/p>\n<\/div><\/div><\/div><\/div><\/div><\/p>\n","protected":false},"excerpt":{"rendered":"","protected":false},"author":1,"featured_media":4692,"parent":6502,"menu_order":0,"comment_status":"closed","ping_status":"closed","template":"","meta":{"footnotes":""},"class_list":["post-6413","page","type-page","status-publish","has-post-thumbnail","hentry"],"_links":{"self":[{"href":"https:\/\/www.focoinduction.com\/pt-br\/wp-json\/wp\/v2\/pages\/6413","targetHints":{"allow":["GET"]}}],"collection":[{"href":"https:\/\/www.focoinduction.com\/pt-br\/wp-json\/wp\/v2\/pages"}],"about":[{"href":"https:\/\/www.focoinduction.com\/pt-br\/wp-json\/wp\/v2\/types\/page"}],"author":[{"embeddable":true,"href":"https:\/\/www.focoinduction.com\/pt-br\/wp-json\/wp\/v2\/users\/1"}],"replies":[{"embeddable":true,"href":"https:\/\/www.focoinduction.com\/pt-br\/wp-json\/wp\/v2\/comments?post=6413"}],"version-history":[{"count":0,"href":"https:\/\/www.focoinduction.com\/pt-br\/wp-json\/wp\/v2\/pages\/6413\/revisions"}],"up":[{"embeddable":true,"href":"https:\/\/www.focoinduction.com\/pt-br\/wp-json\/wp\/v2\/pages\/6502"}],"wp:featuredmedia":[{"embeddable":true,"href":"https:\/\/www.focoinduction.com\/pt-br\/wp-json\/wp\/v2\/media\/4692"}],"wp:attachment":[{"href":"https:\/\/www.focoinduction.com\/pt-br\/wp-json\/wp\/v2\/media?parent=6413"}],"curies":[{"name":"wp","href":"https:\/\/api.w.org\/{rel}","templated":true}]}}