{"id":6455,"date":"2022-10-08T16:52:36","date_gmt":"2022-10-08T08:52:36","guid":{"rendered":"https:\/\/www.focoinduction.com\/sistema-de-arrefecimento-para-equipamento-de-inducao\/"},"modified":"2023-05-16T09:28:29","modified_gmt":"2023-05-16T01:28:29","slug":"sistema-de-arrefecimento-para-equipamento-de-inducao","status":"publish","type":"page","link":"https:\/\/www.focoinduction.com\/pt-br\/lean-sobre-o-aquecimento-por-inducao\/sistema-de-arrefecimento-para-equipamento-de-inducao\/","title":{"rendered":"Sistema de arrefecimento para equipamento de indu\u00e7\u00e3o"},"content":{"rendered":"<div class=\"fusion-fullwidth fullwidth-box fusion-builder-row-1 fusion-flex-container has-pattern-background has-mask-background nonhundred-percent-fullwidth non-hundred-percent-height-scrolling\" style=\"--awb-border-radius-top-left:0px;--awb-border-radius-top-right:0px;--awb-border-radius-bottom-right:0px;--awb-border-radius-bottom-left:0px;--awb-flex-wrap:wrap;\" ><div class=\"fusion-builder-row fusion-row fusion-flex-align-items-flex-start fusion-flex-content-wrap\" style=\"max-width:1248px;margin-left: calc(-4% \/ 2 );margin-right: calc(-4% \/ 2 );\"><div class=\"fusion-layout-column fusion_builder_column fusion-builder-column-0 fusion_builder_column_1_1 1_1 fusion-flex-column\" style=\"--awb-bg-size:cover;--awb-width-large:100%;--awb-margin-top-large:0px;--awb-spacing-right-large:1.92%;--awb-margin-bottom-large:20px;--awb-spacing-left-large:1.92%;--awb-width-medium:100%;--awb-order-medium:0;--awb-spacing-right-medium:1.92%;--awb-spacing-left-medium:1.92%;--awb-width-small:100%;--awb-order-small:0;--awb-spacing-right-small:1.92%;--awb-spacing-left-small:1.92%;\"><div class=\"fusion-column-wrapper fusion-column-has-shadow fusion-flex-justify-content-flex-start fusion-content-layout-column\"><div class=\"fusion-text fusion-text-1\"><p>A selec\u00e7\u00e3o de um sistema de arrefecimento para o processo de aquecimento indutivo tem muitas considera\u00e7\u00f5es a ter em conta, incluindo o custo, o espa\u00e7o dispon\u00edvel, os servi\u00e7os p\u00fablicos existentes, a utiliza\u00e7\u00e3o de energia e \u00e1gua, a localiza\u00e7\u00e3o do equipamento, o potencial de congelamento, a fiabilidade e a manuten\u00e7\u00e3o.<\/p>\n<\/div><\/div><\/div><div class=\"fusion-layout-column fusion_builder_column fusion-builder-column-1 fusion_builder_column_1_1 1_1 fusion-flex-column\" style=\"--awb-bg-size:cover;--awb-width-large:100%;--awb-margin-top-large:0px;--awb-spacing-right-large:1.92%;--awb-margin-bottom-large:20px;--awb-spacing-left-large:1.92%;--awb-width-medium:100%;--awb-order-medium:0;--awb-spacing-right-medium:1.92%;--awb-spacing-left-medium:1.92%;--awb-width-small:100%;--awb-order-small:0;--awb-spacing-right-small:1.92%;--awb-spacing-left-small:1.92%;\"><div class=\"fusion-column-wrapper fusion-column-has-shadow fusion-flex-justify-content-flex-start fusion-content-layout-column\"><div class=\"fusion-text fusion-text-2\"><h2>Tipos de sistemas de arrefecimento<\/h2>\n<p>Para o arrefecimento por indu\u00e7\u00e3o \u00e9 necess\u00e1rio um sistema \u00fanico de arrefecimento em circuito fechado e todos os componentes s\u00e3o feitos de materiais n\u00e3o ferrosos (a\u00e7o inoxid\u00e1vel, pl\u00e1stico, PVC, bronze ou um tubo n\u00e3o condutor).<\/p>\n<p>Os sistemas mais complexos monitorizam a condutividade e podem incorporar filtra\u00e7\u00e3o e desionizadores de leito misto para polir a \u00e1gua. As m\u00e1quinas com bomba mais pequenas utilizam normalmente um permutador de calor com placas \u00e1gua-\u00e1gua e um refrigerador que arrefece o ar no ponto de servi\u00e7o. As instala\u00e7\u00f5es de arrefecimento por indu\u00e7\u00e3o de maiores dimens\u00f5es incluem:<\/p>\n<ul>\n<li>Torres de evapora\u00e7\u00e3o ao ar livre<\/li>\n<li>Permutadores de calor arrefecidos a ar (dry coolers)<\/li>\n<li>Refrigeradores de circuito fechado<\/li>\n<li>Sistemas de arrefecimento h\u00edbridos que utilizam uma torre de circuito fechado com arrefecedores livres ou uma combina\u00e7\u00e3o de chiller\/arrefecedor livre para reduzir a utiliza\u00e7\u00e3o de energia e \u00e1gua<\/li>\n<\/ul>\n<\/div><\/div><\/div><div class=\"fusion-layout-column fusion_builder_column fusion-builder-column-2 fusion_builder_column_1_1 1_1 fusion-flex-column\" style=\"--awb-bg-size:cover;--awb-width-large:100%;--awb-margin-top-large:0px;--awb-spacing-right-large:1.92%;--awb-margin-bottom-large:20px;--awb-spacing-left-large:1.92%;--awb-width-medium:100%;--awb-order-medium:0;--awb-spacing-right-medium:1.92%;--awb-spacing-left-medium:1.92%;--awb-width-small:100%;--awb-order-small:0;--awb-spacing-right-small:1.92%;--awb-spacing-left-small:1.92%;\"><div class=\"fusion-column-wrapper fusion-column-has-shadow fusion-flex-justify-content-flex-start fusion-content-layout-column\"><div class=\"fusion-text fusion-text-3\"><h2>O que \u00e9 que recomendamos?<\/h2>\n<p>Recomendamos um de tr\u00eas sistemas de refrigera\u00e7\u00e3o, consoante os requisitos de espa\u00e7o, as necessidades industriais e o or\u00e7amento:<\/p>\n<\/div><\/div><\/div><div class=\"fusion-layout-column fusion_builder_column fusion-builder-column-3 fusion_builder_column_1_2 1_2 fusion-flex-column\" style=\"--awb-bg-size:cover;--awb-width-large:50%;--awb-margin-top-large:0px;--awb-spacing-right-large:3.84%;--awb-margin-bottom-large:20px;--awb-spacing-left-large:3.84%;--awb-width-medium:50%;--awb-order-medium:0;--awb-spacing-right-medium:3.84%;--awb-spacing-left-medium:3.84%;--awb-width-small:100%;--awb-order-small:0;--awb-spacing-right-small:1.92%;--awb-spacing-left-small:1.92%;\"><div class=\"fusion-column-wrapper fusion-column-has-shadow fusion-flex-justify-content-flex-start fusion-content-layout-column\"><div class=\"fusion-image-element \" style=\"--awb-caption-title-font-family:var(--h2_typography-font-family);--awb-caption-title-font-weight:var(--h2_typography-font-weight);--awb-caption-title-font-style:var(--h2_typography-font-style);--awb-caption-title-size:var(--h2_typography-font-size);--awb-caption-title-transform:var(--h2_typography-text-transform);--awb-caption-title-line-height:var(--h2_typography-line-height);--awb-caption-title-letter-spacing:var(--h2_typography-letter-spacing);\"><span class=\" fusion-imageframe imageframe-none imageframe-1 hover-type-none\"><img decoding=\"async\" width=\"400\" height=\"260\" alt=\"Sistema simples de arrefecimento a \u00e1gua\" title=\"Simple Water Cooling System\" src=\"https:\/\/www.focoinduction.com\/wp-content\/uploads\/2022\/10\/Simple-Water-Cooling-System.jpg\" class=\"img-responsive wp-image-4696\" srcset=\"https:\/\/www.focoinduction.com\/wp-content\/uploads\/2022\/10\/Simple-Water-Cooling-System-200x130.jpg 200w, https:\/\/www.focoinduction.com\/wp-content\/uploads\/2022\/10\/Simple-Water-Cooling-System.jpg 400w\" sizes=\"(max-width: 768px) 100vw, 400px\" \/><\/span><\/div><\/div><\/div><div class=\"fusion-layout-column fusion_builder_column fusion-builder-column-4 fusion_builder_column_1_2 1_2 fusion-flex-column\" style=\"--awb-bg-size:cover;--awb-width-large:50%;--awb-margin-top-large:0px;--awb-spacing-right-large:3.84%;--awb-margin-bottom-large:20px;--awb-spacing-left-large:3.84%;--awb-width-medium:50%;--awb-order-medium:0;--awb-spacing-right-medium:3.84%;--awb-spacing-left-medium:3.84%;--awb-width-small:100%;--awb-order-small:0;--awb-spacing-right-small:1.92%;--awb-spacing-left-small:1.92%;\"><div class=\"fusion-column-wrapper fusion-column-has-shadow fusion-flex-justify-content-flex-start fusion-content-layout-column\"><div class=\"fusion-text fusion-text-4\"><ol>\n<li>Sistema simples de arrefecimento a \u00e1gua<\/li>\n<\/ol>\n<p>O sistema de arrefecimento a \u00e1gua mais simples para o aquecimento por indu\u00e7\u00e3o \u00e9 um tanque de \u00e1gua com uma bomba para movimentar a \u00e1gua. \u00c9 incrivelmente f\u00e1cil de instalar e tem um custo de investimento muito reduzido. Isto torna-o perfeito para clientes com or\u00e7amentos mais reduzidos que pretendem obter excelentes resultados com o seu aquecedor de indu\u00e7\u00e3o.<\/p>\n<\/div><\/div><\/div><div class=\"fusion-layout-column fusion_builder_column fusion-builder-column-5 fusion_builder_column_1_2 1_2 fusion-flex-column\" style=\"--awb-bg-size:cover;--awb-width-large:50%;--awb-margin-top-large:0px;--awb-spacing-right-large:3.84%;--awb-margin-bottom-large:20px;--awb-spacing-left-large:3.84%;--awb-width-medium:50%;--awb-order-medium:0;--awb-spacing-right-medium:3.84%;--awb-spacing-left-medium:3.84%;--awb-width-small:100%;--awb-order-small:0;--awb-spacing-right-small:1.92%;--awb-spacing-left-small:1.92%;\"><div class=\"fusion-column-wrapper fusion-column-has-shadow fusion-flex-justify-content-flex-start fusion-content-layout-column\"><div class=\"fusion-text fusion-text-5\"><ol start=\"2\">\n<li>Torre de arrefecimento de \u00e1gua fechada.<\/li>\n<\/ol>\n<p>A torre de arrefecimento a \u00e1gua fechada \u00e9 ideal para os clientes que necessitam de manter a sua \u00e1rea de ocupa\u00e7\u00e3o o mais pequena poss\u00edvel, mantendo os seus sistemas suficientemente frios para funcionarem correctamente. \u00c9 menos dispendioso do que um refrigerador, mas funciona igualmente bem. O mais importante \u00e9 o facto de ocupar muito menos espa\u00e7o do que o sistema de arrefecimento a \u00e1gua sugerido, composto por um dep\u00f3sito e uma bomba de \u00e1gua. Para os clientes com or\u00e7amento suficiente, isto pode ser seleccionado em vez de um chiller ou de uma torre de arrefecimento de circuito aberto, que s\u00e3o mais caros.<\/p>\n<\/div><\/div><\/div><div class=\"fusion-layout-column fusion_builder_column fusion-builder-column-6 fusion_builder_column_1_2 1_2 fusion-flex-column\" style=\"--awb-bg-size:cover;--awb-width-large:50%;--awb-margin-top-large:0px;--awb-spacing-right-large:3.84%;--awb-margin-bottom-large:20px;--awb-spacing-left-large:3.84%;--awb-width-medium:50%;--awb-order-medium:0;--awb-spacing-right-medium:3.84%;--awb-spacing-left-medium:3.84%;--awb-width-small:100%;--awb-order-small:0;--awb-spacing-right-small:1.92%;--awb-spacing-left-small:1.92%;\"><div class=\"fusion-column-wrapper fusion-column-has-shadow fusion-flex-justify-content-flex-start fusion-content-layout-column\"><div class=\"fusion-image-element \" style=\"--awb-caption-title-font-family:var(--h2_typography-font-family);--awb-caption-title-font-weight:var(--h2_typography-font-weight);--awb-caption-title-font-style:var(--h2_typography-font-style);--awb-caption-title-size:var(--h2_typography-font-size);--awb-caption-title-transform:var(--h2_typography-text-transform);--awb-caption-title-line-height:var(--h2_typography-line-height);--awb-caption-title-letter-spacing:var(--h2_typography-letter-spacing);\"><span class=\" fusion-imageframe imageframe-none imageframe-2 hover-type-none\"><img decoding=\"async\" width=\"400\" height=\"260\" alt=\"Torre de arrefecimento de \u00e1gua fechada\" title=\"Closed Water Cooling Tower\" src=\"https:\/\/www.focoinduction.com\/wp-content\/uploads\/2022\/10\/Closed-Water-Cooling-Tower.jpg\" class=\"img-responsive wp-image-4700\" srcset=\"https:\/\/www.focoinduction.com\/wp-content\/uploads\/2022\/10\/Closed-Water-Cooling-Tower-200x130.jpg 200w, https:\/\/www.focoinduction.com\/wp-content\/uploads\/2022\/10\/Closed-Water-Cooling-Tower.jpg 400w\" sizes=\"(max-width: 768px) 100vw, 400px\" \/><\/span><\/div><\/div><\/div><div class=\"fusion-layout-column fusion_builder_column fusion-builder-column-7 fusion_builder_column_1_1 1_1 fusion-flex-column\" style=\"--awb-bg-size:cover;--awb-width-large:100%;--awb-margin-top-large:0px;--awb-spacing-right-large:1.92%;--awb-margin-bottom-large:20px;--awb-spacing-left-large:1.92%;--awb-width-medium:100%;--awb-order-medium:0;--awb-spacing-right-medium:1.92%;--awb-spacing-left-medium:1.92%;--awb-width-small:100%;--awb-order-small:0;--awb-spacing-right-small:1.92%;--awb-spacing-left-small:1.92%;\"><div class=\"fusion-column-wrapper fusion-column-has-shadow fusion-flex-justify-content-flex-start fusion-content-layout-column\"><div class=\"fusion-text fusion-text-6\"><p>\u00c9 poss\u00edvel afinar a transfer\u00eancia de calor entre a \u00e1gua de arrefecimento e a \u00e1gua interior. Por exemplo, a temperatura do l\u00edquido de arrefecimento num sistema de circuito fechado \u00e9 determinada pela temperatura do ar pr\u00f3ximo do permutador de calor e pela temperatura m\u00e1xima de entrada do l\u00edquido que efectua o arrefecimento. Em seguida, a mistura flui para o permutador de calor, onde o calor \u00e9 transferido para outro fluido de arrefecimento, como o glicol\/\u00e1gua.<\/p>\n<\/div><\/div><\/div><div class=\"fusion-layout-column fusion_builder_column fusion-builder-column-8 fusion_builder_column_1_2 1_2 fusion-flex-column\" style=\"--awb-bg-size:cover;--awb-width-large:50%;--awb-margin-top-large:0px;--awb-spacing-right-large:3.84%;--awb-margin-bottom-large:20px;--awb-spacing-left-large:3.84%;--awb-width-medium:50%;--awb-order-medium:0;--awb-spacing-right-medium:3.84%;--awb-spacing-left-medium:3.84%;--awb-width-small:100%;--awb-order-small:0;--awb-spacing-right-small:1.92%;--awb-spacing-left-small:1.92%;\"><div class=\"fusion-column-wrapper fusion-column-has-shadow fusion-flex-justify-content-flex-start fusion-content-layout-column\"><div class=\"fusion-image-element \" style=\"--awb-caption-title-font-family:var(--h2_typography-font-family);--awb-caption-title-font-weight:var(--h2_typography-font-weight);--awb-caption-title-font-style:var(--h2_typography-font-style);--awb-caption-title-size:var(--h2_typography-font-size);--awb-caption-title-transform:var(--h2_typography-text-transform);--awb-caption-title-line-height:var(--h2_typography-line-height);--awb-caption-title-letter-spacing:var(--h2_typography-letter-spacing);\"><span class=\" fusion-imageframe imageframe-none imageframe-3 hover-type-none\"><img decoding=\"async\" width=\"400\" height=\"260\" alt=\"Refrigerador industrial\" title=\"Industrial Chiller\" src=\"https:\/\/www.focoinduction.com\/wp-content\/uploads\/2022\/10\/Industrial-Chiller.jpg\" class=\"img-responsive wp-image-4704\" srcset=\"https:\/\/www.focoinduction.com\/wp-content\/uploads\/2022\/10\/Industrial-Chiller-200x130.jpg 200w, https:\/\/www.focoinduction.com\/wp-content\/uploads\/2022\/10\/Industrial-Chiller.jpg 400w\" sizes=\"(max-width: 768px) 100vw, 400px\" \/><\/span><\/div><\/div><\/div><div class=\"fusion-layout-column fusion_builder_column fusion-builder-column-9 fusion_builder_column_1_2 1_2 fusion-flex-column\" style=\"--awb-bg-size:cover;--awb-width-large:50%;--awb-margin-top-large:0px;--awb-spacing-right-large:3.84%;--awb-margin-bottom-large:20px;--awb-spacing-left-large:3.84%;--awb-width-medium:50%;--awb-order-medium:0;--awb-spacing-right-medium:3.84%;--awb-spacing-left-medium:3.84%;--awb-width-small:100%;--awb-order-small:0;--awb-spacing-right-small:1.92%;--awb-spacing-left-small:1.92%;\"><div class=\"fusion-column-wrapper fusion-column-has-shadow fusion-flex-justify-content-flex-start fusion-content-layout-column\"><div class=\"fusion-text fusion-text-7\"><ol start=\"3\">\n<li>Chillers industriais.<\/li>\n<\/ol>\n<p>Um chiller industrial \u00e9 um sistema de arrefecimento que reduz as temperaturas em m\u00e1quinas, espa\u00e7os industriais e l\u00edquidos de processo, removendo o calor de um sistema e transferindo-o para outro local. \u00c9 dispendioso, mas ocupa muito pouco espa\u00e7o e \u00e9 adequado para clientes com espa\u00e7o insuficiente no laborat\u00f3rio ou na f\u00e1brica.<\/p>\n<\/div><\/div><\/div><div class=\"fusion-layout-column fusion_builder_column fusion-builder-column-10 fusion_builder_column_1_1 1_1 fusion-flex-column\" style=\"--awb-bg-size:cover;--awb-width-large:100%;--awb-margin-top-large:0px;--awb-spacing-right-large:1.92%;--awb-margin-bottom-large:20px;--awb-spacing-left-large:1.92%;--awb-width-medium:100%;--awb-order-medium:0;--awb-spacing-right-medium:1.92%;--awb-spacing-left-medium:1.92%;--awb-width-small:100%;--awb-order-small:0;--awb-spacing-right-small:1.92%;--awb-spacing-left-small:1.92%;\"><div class=\"fusion-column-wrapper fusion-column-has-shadow fusion-flex-justify-content-flex-start fusion-content-layout-column\"><div class=\"fusion-text fusion-text-8\"><p>Os tipos de refrigeradores de \u00e1gua s\u00e3o refrigerados a \u00e1gua e a ar, divididos em refrigeradores de absor\u00e7\u00e3o de vapor e de compress\u00e3o de vapor, que utilizam diferentes m\u00e9todos de extrac\u00e7\u00e3o do calor recolhido. Um chiller utiliza um sistema de arrefecimento mec\u00e2nico por compress\u00e3o de vapor, que est\u00e1 ligado a um sistema de \u00e1gua de processamento atrav\u00e9s de um dispositivo chamado evaporador. Um chiller de compress\u00e3o de vapor utiliza um refrigerante para absorver o calor do espa\u00e7o e devolv\u00ea-lo ao evaporador, que retira o calor, utilizando ventoinhas para os chillers arrefecidos a ar ou \u00e1gua para os arrefecidos a \u00e1gua.<\/p>\n<\/div><\/div><\/div><div class=\"fusion-layout-column fusion_builder_column fusion-builder-column-11 fusion_builder_column_1_1 1_1 fusion-flex-column\" style=\"--awb-bg-size:cover;--awb-width-large:100%;--awb-margin-top-large:0px;--awb-spacing-right-large:1.92%;--awb-margin-bottom-large:20px;--awb-spacing-left-large:1.92%;--awb-width-medium:100%;--awb-order-medium:0;--awb-spacing-right-medium:1.92%;--awb-spacing-left-medium:1.92%;--awb-width-small:100%;--awb-order-small:0;--awb-spacing-right-small:1.92%;--awb-spacing-left-small:1.92%;\"><div class=\"fusion-column-wrapper fusion-column-has-shadow fusion-flex-justify-content-flex-start fusion-content-layout-column\"><div class=\"fusion-text fusion-text-9\"><h2>Utiliza\u00e7\u00e3o da \u00e1gua<\/h2>\n<p>A \u00e1gua de arrefecimento, que circula pela maior parte do sistema de indu\u00e7\u00e3o, est\u00e1 exposta a campos electromagn\u00e9ticos e potenciais de alta tens\u00e3o, resultando em \u00e1reas prop\u00edcias \u00e0 eros\u00e3o e \u00e0 corros\u00e3o.<\/p>\n<p>A m\u00e1 qualidade da \u00e1gua leva rapidamente \u00e0 obstru\u00e7\u00e3o dos canais de arrefecimento, fazendo com que o dispositivo funcione mais quente, provocando arcos voltaicos e custos elevados de substitui\u00e7\u00e3o. Por conseguinte, \u00e9 necess\u00e1rio utilizar \u00e1gua limpa e de baixa condutividade e verificar regularmente a sua qualidade. Os clientes adicionam frequentemente \u00e1gua destilada em garrafa a sistemas de arrefecimento mais pequenos e substituem-na periodicamente para garantir que est\u00e1 limpa. Al\u00e9m disso, os clientes podem utilizar \u00e1gua desionizada ou de osmose inversa (RO) para instala\u00e7\u00f5es maiores, tratada com um inibidor de corros\u00e3o ou um glicol redutor de corros\u00e3o.<\/p>\n<p>A \u00e1gua n\u00e3o tratada, quer seja \u00e1gua desionizada pura ou \u00e1gua sem minerais, actuar\u00e1 como um absorvente agressivo e retirar\u00e1 os metais do dispositivo. Por conseguinte, a utiliza\u00e7\u00e3o de \u00e1gua municipal ou de po\u00e7o tamb\u00e9m deve ser evitada.<\/p>\n<\/div><\/div><\/div><div class=\"fusion-layout-column fusion_builder_column fusion-builder-column-12 fusion_builder_column_1_1 1_1 fusion-flex-column\" style=\"--awb-bg-size:cover;--awb-width-large:100%;--awb-margin-top-large:0px;--awb-spacing-right-large:1.92%;--awb-margin-bottom-large:20px;--awb-spacing-left-large:1.92%;--awb-width-medium:100%;--awb-order-medium:0;--awb-spacing-right-medium:1.92%;--awb-spacing-left-medium:1.92%;--awb-width-small:100%;--awb-order-small:0;--awb-spacing-right-small:1.92%;--awb-spacing-left-small:1.92%;\"><div class=\"fusion-column-wrapper fusion-column-has-shadow fusion-flex-justify-content-flex-start fusion-content-layout-column\"><div class=\"fusion-text fusion-text-10\"><h2>Permutador de placas<\/h2>\n<p>Quando os tubos est\u00e3o dispostos em contrafluxo, um permutador de calor de placas \u00e9 altamente eficiente na transfer\u00eancia de calor. Um permutador de calor de placas soldadas \u00e9 uma alternativa de baixo custo tipicamente utilizada em aplica\u00e7\u00f5es de baixo caudal, tipicamente substitu\u00eddo em vez de limpo.<\/p>\n<p>Um chiller arrefecido a ar utiliza circuitos de refrigera\u00e7\u00e3o mec\u00e2nicos para descarregar o calor da \u00e1gua de indu\u00e7\u00e3o para o ar ambiente. Todo o calor gerado pelo processo de condu\u00e7\u00e3o tem de passar pelas bobinas de arrefecimento antes de ser rejeitado de volta para o ar ambiente.<\/p>\n<p>O refrigerador deve ser dimensionado com precis\u00e3o. Al\u00e9m disso, \u00e9 melhor dimensionar o chiller para funcionar durante longos per\u00edodos, de modo a permitir uma boa circula\u00e7\u00e3o no ciclo de arrefecimento e garantir que o chiller atinge temperaturas de funcionamento est\u00e1veis.<\/p>\n<p>Os chillers requerem manuten\u00e7\u00e3o regular e pe\u00e7as de substitui\u00e7\u00e3o, que podem ser dispendiosas.<\/p>\n<p>Como resultado, devem ser implementados bons programas de monitoriza\u00e7\u00e3o e tratamento para monitorizar a qualidade da \u00e1gua e manter bons controlos de corros\u00e3o para proteger o equipamento e os sistemas de tubagens. Al\u00e9m disso, o tratamento da \u00e1gua e a lavagem (drenagem) s\u00e3o necess\u00e1rios para evitar o desenvolvimento de corros\u00e3o, incrusta\u00e7\u00f5es e organismos no sistema.<\/p>\n<p>Os sistemas de baixa pot\u00eancia necessitam normalmente de um permutador de calor ar-\u00e1gua compacto, enquanto que um sistema de alta pot\u00eancia pode necessitar de um permutador ar-\u00e1gua ou de arrefecimento maior. As m\u00e1quinas de condu\u00e7\u00e3o mais pequenas utilizam normalmente permutadores de calor do tipo placa com uma disposi\u00e7\u00e3o \u00e1gua-\u00e1gua e refrigeradores arrefecidos a ar no ponto de servi\u00e7o.<\/p>\n<p>O sistema de arrefecimento em circuito fechado tem custos de capital moderados, baixa manuten\u00e7\u00e3o e n\u00e3o necessita de \u00e1gua de reposi\u00e7\u00e3o ou de tratamentos qu\u00edmicos cont\u00ednuos.<\/p>\n<p>Um controlador inteligente no seu sistema de arrefecimento pode ser utilizado para definir a temperatura m\u00ednima e m\u00e1xima da \u00e1gua, com alarmes.<\/p>\n<\/div><\/div><\/div><\/div><\/div>\n","protected":false},"excerpt":{"rendered":"","protected":false},"author":1,"featured_media":4708,"parent":6483,"menu_order":0,"comment_status":"closed","ping_status":"closed","template":"","meta":{"footnotes":""},"class_list":["post-6455","page","type-page","status-publish","has-post-thumbnail","hentry"],"_links":{"self":[{"href":"https:\/\/www.focoinduction.com\/pt-br\/wp-json\/wp\/v2\/pages\/6455","targetHints":{"allow":["GET"]}}],"collection":[{"href":"https:\/\/www.focoinduction.com\/pt-br\/wp-json\/wp\/v2\/pages"}],"about":[{"href":"https:\/\/www.focoinduction.com\/pt-br\/wp-json\/wp\/v2\/types\/page"}],"author":[{"embeddable":true,"href":"https:\/\/www.focoinduction.com\/pt-br\/wp-json\/wp\/v2\/users\/1"}],"replies":[{"embeddable":true,"href":"https:\/\/www.focoinduction.com\/pt-br\/wp-json\/wp\/v2\/comments?post=6455"}],"version-history":[{"count":0,"href":"https:\/\/www.focoinduction.com\/pt-br\/wp-json\/wp\/v2\/pages\/6455\/revisions"}],"up":[{"embeddable":true,"href":"https:\/\/www.focoinduction.com\/pt-br\/wp-json\/wp\/v2\/pages\/6483"}],"wp:featuredmedia":[{"embeddable":true,"href":"https:\/\/www.focoinduction.com\/pt-br\/wp-json\/wp\/v2\/media\/4708"}],"wp:attachment":[{"href":"https:\/\/www.focoinduction.com\/pt-br\/wp-json\/wp\/v2\/media?parent=6455"}],"curies":[{"name":"wp","href":"https:\/\/api.w.org\/{rel}","templated":true}]}}