{"id":6484,"date":"2022-10-02T10:50:38","date_gmt":"2022-10-02T02:50:38","guid":{"rendered":"https:\/\/www.focoinduction.com\/o-que-e-recozimento-por-inducao\/"},"modified":"2023-05-16T09:28:26","modified_gmt":"2023-05-16T01:28:26","slug":"o-que-e-recozimento-por-inducao","status":"publish","type":"page","link":"https:\/\/www.focoinduction.com\/pt-br\/lean-sobre-o-aquecimento-por-inducao\/o-que-e-recozimento-por-inducao\/","title":{"rendered":"O que \u00e9 recozimento por indu\u00e7\u00e3o"},"content":{"rendered":"<div class=\"fusion-fullwidth fullwidth-box fusion-builder-row-1 fusion-flex-container has-pattern-background has-mask-background nonhundred-percent-fullwidth non-hundred-percent-height-scrolling\" style=\"--awb-border-radius-top-left:0px;--awb-border-radius-top-right:0px;--awb-border-radius-bottom-right:0px;--awb-border-radius-bottom-left:0px;--awb-flex-wrap:wrap;\" ><div class=\"fusion-builder-row fusion-row fusion-flex-align-items-flex-start fusion-flex-content-wrap\" style=\"max-width:1248px;margin-left: calc(-4% \/ 2 );margin-right: calc(-4% \/ 2 );\"><div class=\"fusion-layout-column fusion_builder_column fusion-builder-column-0 fusion_builder_column_1_1 1_1 fusion-flex-column\" style=\"--awb-bg-size:cover;--awb-width-large:100%;--awb-margin-top-large:0px;--awb-spacing-right-large:1.92%;--awb-margin-bottom-large:20px;--awb-spacing-left-large:1.92%;--awb-width-medium:100%;--awb-order-medium:0;--awb-spacing-right-medium:1.92%;--awb-spacing-left-medium:1.92%;--awb-width-small:100%;--awb-order-small:0;--awb-spacing-right-small:1.92%;--awb-spacing-left-small:1.92%;\"><div class=\"fusion-column-wrapper fusion-column-has-shadow fusion-flex-justify-content-flex-start fusion-content-layout-column\"><div class=\"fusion-text fusion-text-1\"><p>O recozimento elimina as tens\u00f5es e deforma\u00e7\u00f5es de um metal que podem ocorrer durante os processos de trabalho, evitando que a pe\u00e7a se deforme ou rache durante a sua vida \u00fatil. A fiabilidade e a repetibilidade do processo s\u00e3o as duas principais raz\u00f5es para utilizar o recozimento por indu\u00e7\u00e3o para aliviar a tens\u00e3o de uma pe\u00e7a met\u00e1lica e remover as impurezas.<\/p>\n<\/div><\/div><\/div><div class=\"fusion-layout-column fusion_builder_column fusion-builder-column-1 fusion_builder_column_1_1 1_1 fusion-flex-column\" style=\"--awb-bg-size:cover;--awb-width-large:100%;--awb-margin-top-large:0px;--awb-spacing-right-large:1.92%;--awb-margin-bottom-large:20px;--awb-spacing-left-large:1.92%;--awb-width-medium:100%;--awb-order-medium:0;--awb-spacing-right-medium:1.92%;--awb-spacing-left-medium:1.92%;--awb-width-small:100%;--awb-order-small:0;--awb-spacing-right-small:1.92%;--awb-spacing-left-small:1.92%;\"><div class=\"fusion-column-wrapper fusion-column-has-shadow fusion-flex-justify-content-flex-start fusion-content-layout-column\"><div class=\"fusion-text fusion-text-2\"><h2>O processo de recozimento por indu\u00e7\u00e3o<\/h2>\n<p>O processo de recozimento \u00e9 composto por tr\u00eas fases.<\/p>\n<ol>\n<li>A fase de recupera\u00e7\u00e3o<\/li>\n<li>Fase de recristaliza\u00e7\u00e3o<\/li>\n<li>Est\u00e1dio de crescimento do gr\u00e3o<\/li>\n<\/ol>\n<p>Na fase de recupera\u00e7\u00e3o, o material \u00e9 aquecido \u00e0 temperatura, recuperando a dureza intr\u00ednseca do material. Em seguida, a fase de recristaliza\u00e7\u00e3o \u00e9 quando a temperatura \u00e9 mantida por tempo suficiente para permitir a forma\u00e7\u00e3o de novos gr\u00e3os. Finalmente, a fase de crescimento do gr\u00e3o \u00e9 quando o material \u00e9 arrefecido lentamente para dar tempo \u00e0 forma\u00e7\u00e3o de novos gr\u00e3os. A velocidade de arrefecimento do material determina a rapidez com que os gr\u00e3os crescem.<\/p>\n<p>O recozimento por indu\u00e7\u00e3o \u00e9 geralmente efectuado sem uma atmosfera controlada porque o calor de indu\u00e7\u00e3o requer normalmente apenas alguns segundos e o recozimento de uma pe\u00e7a \u00e9 efectuado antes da forma\u00e7\u00e3o do \u00f3xido.<\/p>\n<\/div><\/div><\/div><div class=\"fusion-layout-column fusion_builder_column fusion-builder-column-2 fusion_builder_column_1_1 1_1 fusion-flex-column\" style=\"--awb-bg-size:cover;--awb-width-large:100%;--awb-margin-top-large:0px;--awb-spacing-right-large:1.92%;--awb-margin-bottom-large:20px;--awb-spacing-left-large:1.92%;--awb-width-medium:100%;--awb-order-medium:0;--awb-spacing-right-medium:1.92%;--awb-spacing-left-medium:1.92%;--awb-width-small:100%;--awb-order-small:0;--awb-spacing-right-small:1.92%;--awb-spacing-left-small:1.92%;\"><div class=\"fusion-column-wrapper fusion-column-has-shadow fusion-flex-justify-content-flex-start fusion-content-layout-column\"><div class=\"fusion-text fusion-text-3\"><h2>Utiliza\u00e7\u00e3o na ind\u00fastria<\/h2>\n<p>O recozimento por indu\u00e7\u00e3o pode ser utilizado para controlar as propriedades dos materiais met\u00e1licos em diferentes cen\u00e1rios de fabrico. O processo de recozimento por indu\u00e7\u00e3o permite um controlo preciso e fi\u00e1vel das propriedades dos materiais dos metais no interior de uma pe\u00e7a, incluindo <a href=\"https:\/\/www.focoinduction.com\/what-is-the-hardness-of-the-induction-hardened-steel-parts\/\" target=\"_blank\" rel=\"noopener\">a dureza<\/a>, a rigidez e a tens\u00e3o no interior. Ao contr\u00e1rio dos m\u00e9todos convencionais, o recozimento por indu\u00e7\u00e3o produz calor directamente numa pe\u00e7a de trabalho utilizando campos electromagn\u00e9ticos alternados.<\/p>\n<p>\u00c9 poss\u00edvel utilizar a indu\u00e7\u00e3o para recozer rapidamente pe\u00e7as numa linha em movimento cont\u00ednuo. Pode ser efectuada em pe\u00e7as individuais, como inv\u00f3lucros, ou em linha com a fresadora para desenhar fios ou tubos. A elimina\u00e7\u00e3o de um estrangulamento causado pelos fornos da linha de fabrico permite aos fabricantes uma maior flexibilidade no controlo das suas velocidades de linha e na redu\u00e7\u00e3o dos tempos de inactividade noutras fases do processo.<\/p>\n<p>A ind\u00fastria de fios e cabos utiliza normalmente dispositivos de recozimento por indu\u00e7\u00e3o para recozer o fio entre e ap\u00f3s a etapa de recozimento para melhorar a maleabilidade e a condutividade el\u00e9ctrica.<\/p>\n<p>Est\u00e1 em casa nas modernas linhas de bobinagem e laminagem de alta velocidade. O fabrico de tubos requer normalmente o recozimento, quer no momento, quer ap\u00f3s a conforma\u00e7\u00e3o ou a pintura. Tanto <a href=\"https:\/\/www.focoinduction.com\/what-are-the-benefits-of-induction-annealing-of-steel-pipe-welds\/\" target=\"_blank\" rel=\"noopener\">os tubos com costura como os sem costura podem necessitar de recozimento<\/a> para garantir que os produtos tenham as propriedades uniformes e met\u00e1licas desejadas.<\/p>\n<\/div><div class=\"fusion-text fusion-text-4\"><p><a href=\"https:\/\/www.focoinduction.com\/pt-br\/recozimento-por-inducao\/\" target=\"_blank\" rel=\"noopener\"><em>Veja os nossos projectos de recozimento por indu\u00e7\u00e3o.<\/em><\/a><\/p>\n<\/div><\/div><\/div><div class=\"fusion-layout-column fusion_builder_column fusion-builder-column-3 fusion_builder_column_1_1 1_1 fusion-flex-column\" style=\"--awb-bg-size:cover;--awb-width-large:100%;--awb-margin-top-large:0px;--awb-spacing-right-large:1.92%;--awb-margin-bottom-large:20px;--awb-spacing-left-large:1.92%;--awb-width-medium:100%;--awb-order-medium:0;--awb-spacing-right-medium:1.92%;--awb-spacing-left-medium:1.92%;--awb-width-small:100%;--awb-order-small:0;--awb-spacing-right-small:1.92%;--awb-spacing-left-small:1.92%;\"><div class=\"fusion-column-wrapper fusion-column-has-shadow fusion-flex-justify-content-flex-start fusion-content-layout-column\"><div class=\"fusion-text fusion-text-5\"><h2>Vantagens do recozimento por indu\u00e7\u00e3o<\/h2>\n<p>Embora utilizada principalmente para recozimento de materiais mais macios e que aliviam as tens\u00f5es, a indu\u00e7\u00e3o oferece excelentes <a href=\"https:\/\/www.focoinduction.com\/what-are-the-benefits-of-induction-annealing\/\" target=\"_blank\" rel=\"noopener\">vantagens<\/a> em rela\u00e7\u00e3o aos m\u00e9todos convencionais.<\/p>\n<p>O aquecimento por indu\u00e7\u00e3o consome menos energia do que as t\u00e9cnicas de aquecimento por chama e por forno. No entanto, produz temperaturas controladas com precis\u00e3o e pode variar o calor com exactid\u00e3o ao longo do comprimento do inv\u00f3lucro.<\/p>\n<p>O aquecimento por indu\u00e7\u00e3o garante que cada inst\u00e2ncia seja recozida com qualidade, reduzindo as varia\u00e7\u00f5es e os danos comuns aos processos de recozimento em massa.<\/p>\n<\/div><\/div><\/div><\/div><\/div>\n","protected":false},"excerpt":{"rendered":"","protected":false},"author":1,"featured_media":3900,"parent":6483,"menu_order":0,"comment_status":"closed","ping_status":"closed","template":"","meta":{"footnotes":""},"class_list":["post-6484","page","type-page","status-publish","has-post-thumbnail","hentry"],"_links":{"self":[{"href":"https:\/\/www.focoinduction.com\/pt-br\/wp-json\/wp\/v2\/pages\/6484","targetHints":{"allow":["GET"]}}],"collection":[{"href":"https:\/\/www.focoinduction.com\/pt-br\/wp-json\/wp\/v2\/pages"}],"about":[{"href":"https:\/\/www.focoinduction.com\/pt-br\/wp-json\/wp\/v2\/types\/page"}],"author":[{"embeddable":true,"href":"https:\/\/www.focoinduction.com\/pt-br\/wp-json\/wp\/v2\/users\/1"}],"replies":[{"embeddable":true,"href":"https:\/\/www.focoinduction.com\/pt-br\/wp-json\/wp\/v2\/comments?post=6484"}],"version-history":[{"count":0,"href":"https:\/\/www.focoinduction.com\/pt-br\/wp-json\/wp\/v2\/pages\/6484\/revisions"}],"up":[{"embeddable":true,"href":"https:\/\/www.focoinduction.com\/pt-br\/wp-json\/wp\/v2\/pages\/6483"}],"wp:featuredmedia":[{"embeddable":true,"href":"https:\/\/www.focoinduction.com\/pt-br\/wp-json\/wp\/v2\/media\/3900"}],"wp:attachment":[{"href":"https:\/\/www.focoinduction.com\/pt-br\/wp-json\/wp\/v2\/media?parent=6484"}],"curies":[{"name":"wp","href":"https:\/\/api.w.org\/{rel}","templated":true}]}}