{"id":6502,"date":"2022-10-05T11:02:30","date_gmt":"2022-10-05T03:02:30","guid":{"rendered":"https:\/\/www.focoinduction.com\/servicos-de-aquecimento-por-inducao\/"},"modified":"2025-01-02T10:38:57","modified_gmt":"2025-01-02T02:38:57","slug":"servicos-de-aquecimento-por-inducao","status":"publish","type":"page","link":"https:\/\/www.focoinduction.com\/pt-br\/servicos-de-aquecimento-por-inducao\/","title":{"rendered":"Servi\u00e7os de aquecimento por indu\u00e7\u00e3o"},"content":{"rendered":"<p><div class=\"fusion-fullwidth fullwidth-box fusion-builder-row-1 fusion-flex-container has-pattern-background has-mask-background nonhundred-percent-fullwidth non-hundred-percent-height-scrolling\" style=\"--awb-border-radius-top-left:0px;--awb-border-radius-top-right:0px;--awb-border-radius-bottom-right:0px;--awb-border-radius-bottom-left:0px;--awb-flex-wrap:wrap;\" ><div class=\"fusion-builder-row fusion-row fusion-flex-align-items-flex-start fusion-flex-content-wrap\" style=\"max-width:1248px;margin-left: calc(-4% \/ 2 );margin-right: calc(-4% \/ 2 );\"><div class=\"fusion-layout-column fusion_builder_column fusion-builder-column-0 fusion_builder_column_1_1 1_1 fusion-flex-column\" style=\"--awb-bg-size:cover;--awb-width-large:100%;--awb-margin-top-large:0px;--awb-spacing-right-large:1.92%;--awb-margin-bottom-large:20px;--awb-spacing-left-large:1.92%;--awb-width-medium:100%;--awb-order-medium:0;--awb-spacing-right-medium:1.92%;--awb-spacing-left-medium:1.92%;--awb-width-small:100%;--awb-order-small:0;--awb-spacing-right-small:1.92%;--awb-spacing-left-small:1.92%;\"><div class=\"fusion-column-wrapper fusion-column-has-shadow fusion-flex-justify-content-flex-start fusion-content-layout-column\"><div class=\"fusion-text fusion-text-1\"><h2>A FOCO oferece solu\u00e7\u00f5es completas de aquecimento por indu\u00e7\u00e3o.<\/h2>\n<h3>Servi\u00e7os de concep\u00e7\u00e3o, constru\u00e7\u00e3o, repara\u00e7\u00e3o e consultoria<\/h3>\n<p>Fabricantes de equipamentos de aquecimento por indu\u00e7\u00e3o de alta qualidade, chave na m\u00e3o, totalmente automatizados e de uso geral, especializados na renova\u00e7\u00e3o e fabrico de indutores personalizados.<br \/>\nTrabalhamos com muitas bobinas para aplica\u00e7\u00f5es de fus\u00e3o por indu\u00e7\u00e3o e podemos adaptar o seu pacote de bobinas para maximizar o desempenho e a qualidade do produto.<br \/>\nNenhum projecto \u00e9 demasiado dif\u00edcil.<br \/>\nOs seus desafios em mat\u00e9ria de aquecimento por indu\u00e7\u00e3o s\u00e3o bem-vindos.<\/p>\n<\/div><\/div><\/div><\/div><\/div><div class=\"fusion-fullwidth fullwidth-box fusion-builder-row-2 fusion-flex-container has-pattern-background has-mask-background nonhundred-percent-fullwidth non-hundred-percent-height-scrolling\" style=\"--awb-border-sizes-top:2px;--awb-border-color:#ff9600;--awb-border-radius-top-left:0px;--awb-border-radius-top-right:0px;--awb-border-radius-bottom-right:0px;--awb-border-radius-bottom-left:0px;--awb-padding-top:20px;--awb-padding-bottom:30px;--awb-flex-wrap:wrap;\" ><div class=\"fusion-builder-row fusion-row fusion-flex-align-items-stretch fusion-flex-content-wrap\" style=\"max-width:1248px;margin-left: calc(-4% \/ 2 );margin-right: calc(-4% \/ 2 );\"><div class=\"fusion-layout-column fusion_builder_column fusion-builder-column-1 fusion_builder_column_2_5 2_5 fusion-flex-column\" style=\"--awb-bg-size:cover;--awb-width-large:40%;--awb-margin-top-large:0px;--awb-spacing-right-large:4.8%;--awb-margin-bottom-large:20px;--awb-spacing-left-large:4.8%;--awb-width-medium:40%;--awb-order-medium:0;--awb-spacing-right-medium:4.8%;--awb-spacing-left-medium:4.8%;--awb-width-small:100%;--awb-order-small:0;--awb-spacing-right-small:1.92%;--awb-spacing-left-small:1.92%;\"><div class=\"fusion-column-wrapper fusion-column-has-shadow fusion-flex-justify-content-flex-start fusion-content-layout-column\"><div class=\"fusion-image-element \" style=\"--awb-caption-title-font-family:var(--h2_typography-font-family);--awb-caption-title-font-weight:var(--h2_typography-font-weight);--awb-caption-title-font-style:var(--h2_typography-font-style);--awb-caption-title-size:var(--h2_typography-font-size);--awb-caption-title-transform:var(--h2_typography-text-transform);--awb-caption-title-line-height:var(--h2_typography-line-height);--awb-caption-title-letter-spacing:var(--h2_typography-letter-spacing);\"><span class=\" fusion-imageframe imageframe-none imageframe-1 hover-type-none\"><a class=\"fusion-no-lightbox\" href=\"https:\/\/www.focoinduction.com\/pt-br\/servicos-de-aquecimento-por-inducao\/consultoria-em-aplicacoes-de-inducao\/\" target=\"_blank\" aria-label=\"induction heating consulting\" rel=\"noopener noreferrer\"><img decoding=\"async\" width=\"600\" height=\"302\" alt=\"consultoria em aquecimento por indu\u00e7\u00e3o\" src=\"https:\/\/www.focoinduction.com\/wp-content\/uploads\/2022\/10\/induction-heating-consulting-600x302.jpg\" class=\"img-responsive wp-image-4688\" srcset=\"https:\/\/www.focoinduction.com\/wp-content\/uploads\/2022\/10\/induction-heating-consulting-200x101.jpg 200w, https:\/\/www.focoinduction.com\/wp-content\/uploads\/2022\/10\/induction-heating-consulting-400x201.jpg 400w, https:\/\/www.focoinduction.com\/wp-content\/uploads\/2022\/10\/induction-heating-consulting-600x302.jpg 600w, https:\/\/www.focoinduction.com\/wp-content\/uploads\/2022\/10\/induction-heating-consulting.jpg 765w\" sizes=\"(max-width: 768px) 100vw, 600px\" \/><\/a><\/span><\/div><\/div><\/div><div class=\"fusion-layout-column fusion_builder_column fusion-builder-column-2 fusion_builder_column_3_5 3_5 fusion-flex-column fusion-column-inner-bg-wrapper fusion-column-liftup-border\" style=\"--awb-inner-bg-size:cover;--awb-width-large:60%;--awb-margin-top-large:0px;--awb-spacing-right-large:3.2%;--awb-margin-bottom-large:20px;--awb-spacing-left-large:3.2%;--awb-width-medium:60%;--awb-order-medium:0;--awb-spacing-right-medium:3.2%;--awb-spacing-left-medium:3.2%;--awb-width-small:100%;--awb-order-small:0;--awb-spacing-right-small:1.92%;--awb-spacing-left-small:1.92%;\"><span class=\"fusion-column-inner-bg hover-type-liftup\"><a class=\"fusion-column-anchor\" href=\"https:\/\/www.focoinduction.com\/pt-br\/servicos-de-aquecimento-por-inducao\/consultoria-em-aplicacoes-de-inducao\/\" rel=\"noopener noreferrer\" target=\"_blank\"><span class=\"fusion-column-inner-bg-image\"><\/span><\/a><\/span><div class=\"fusion-column-wrapper fusion-flex-justify-content-flex-start fusion-content-layout-column\"><div class=\"fusion-text fusion-text-2\"><h2>Consultoria de aplica\u00e7\u00f5es<\/h2>\n<p>A FOCO emprega engenheiros para desenvolver processos personalizados para os clientes.<br \/>\nOs nossos peritos aconselham sobre os requisitos de fabrico mais complexos, sendo especialistas em aquecimento por indu\u00e7\u00e3o, soldadura, t\u00eampera, brasagem e recozimento de metais.<br \/>\nAvaliamos os seus materiais e processos actuais e fornecemos sistemas personalizados para as suas necessidades de aquecimento por indu\u00e7\u00e3o.<\/p>\n<\/div><\/div><\/div><\/div><\/div><div class=\"fusion-fullwidth fullwidth-box fusion-builder-row-3 fusion-flex-container has-pattern-background has-mask-background nonhundred-percent-fullwidth non-hundred-percent-height-scrolling\" style=\"--awb-border-sizes-top:2px;--awb-border-color:#ff9600;--awb-border-radius-top-left:0px;--awb-border-radius-top-right:0px;--awb-border-radius-bottom-right:0px;--awb-border-radius-bottom-left:0px;--awb-padding-top:20px;--awb-padding-bottom:30px;--awb-flex-wrap:wrap;\" ><div class=\"fusion-builder-row fusion-row fusion-flex-align-items-stretch fusion-flex-content-wrap\" style=\"max-width:1248px;margin-left: calc(-4% \/ 2 );margin-right: calc(-4% \/ 2 );\"><div class=\"fusion-layout-column fusion_builder_column fusion-builder-column-3 fusion_builder_column_2_5 2_5 fusion-flex-column\" style=\"--awb-bg-size:cover;--awb-width-large:40%;--awb-margin-top-large:0px;--awb-spacing-right-large:4.8%;--awb-margin-bottom-large:20px;--awb-spacing-left-large:4.8%;--awb-width-medium:40%;--awb-order-medium:0;--awb-spacing-right-medium:4.8%;--awb-spacing-left-medium:4.8%;--awb-width-small:100%;--awb-order-small:0;--awb-spacing-right-small:1.92%;--awb-spacing-left-small:1.92%;\"><div class=\"fusion-column-wrapper fusion-column-has-shadow fusion-flex-justify-content-flex-start fusion-content-layout-column\"><div class=\"fusion-image-element \" style=\"--awb-caption-title-font-family:var(--h2_typography-font-family);--awb-caption-title-font-weight:var(--h2_typography-font-weight);--awb-caption-title-font-style:var(--h2_typography-font-style);--awb-caption-title-size:var(--h2_typography-font-size);--awb-caption-title-transform:var(--h2_typography-text-transform);--awb-caption-title-line-height:var(--h2_typography-line-height);--awb-caption-title-letter-spacing:var(--h2_typography-letter-spacing);\"><span class=\" fusion-imageframe imageframe-none imageframe-2 hover-type-none\"><a class=\"fusion-no-lightbox\" href=\"https:\/\/www.focoinduction.com\/pt-br\/servicos-de-aquecimento-por-inducao\/teste-de-aquecimento-por-inducao\/\" target=\"_blank\" aria-label=\"induction heating test\" rel=\"noopener noreferrer\"><img decoding=\"async\" width=\"600\" height=\"302\" alt=\"ensaio de aquecimento por indu\u00e7\u00e3o\" src=\"https:\/\/www.focoinduction.com\/wp-content\/uploads\/2022\/10\/induction-heating-test-600x302.jpg\" class=\"img-responsive wp-image-4712\" srcset=\"https:\/\/www.focoinduction.com\/wp-content\/uploads\/2022\/10\/induction-heating-test-200x101.jpg 200w, https:\/\/www.focoinduction.com\/wp-content\/uploads\/2022\/10\/induction-heating-test-400x201.jpg 400w, https:\/\/www.focoinduction.com\/wp-content\/uploads\/2022\/10\/induction-heating-test-600x302.jpg 600w, https:\/\/www.focoinduction.com\/wp-content\/uploads\/2022\/10\/induction-heating-test.jpg 765w\" sizes=\"(max-width: 768px) 100vw, 600px\" \/><\/a><\/span><\/div><\/div><\/div><div class=\"fusion-layout-column fusion_builder_column fusion-builder-column-4 fusion_builder_column_3_5 3_5 fusion-flex-column fusion-column-inner-bg-wrapper fusion-column-liftup-border\" style=\"--awb-padding-top:20px;--awb-inner-bg-size:cover;--awb-width-large:60%;--awb-margin-top-large:0px;--awb-spacing-right-large:3.2%;--awb-margin-bottom-large:20px;--awb-spacing-left-large:3.2%;--awb-width-medium:60%;--awb-order-medium:0;--awb-spacing-right-medium:3.2%;--awb-spacing-left-medium:3.2%;--awb-width-small:100%;--awb-order-small:0;--awb-spacing-right-small:1.92%;--awb-spacing-left-small:1.92%;\"><span class=\"fusion-column-inner-bg hover-type-liftup\"><a class=\"fusion-column-anchor\" href=\"https:\/\/www.focoinduction.com\/pt-br\/servicos-de-aquecimento-por-inducao\/teste-de-aquecimento-por-inducao\/\" rel=\"noopener noreferrer\" target=\"_blank\"><span class=\"fusion-column-inner-bg-image\"><\/span><\/a><\/span><div class=\"fusion-column-wrapper fusion-flex-justify-content-flex-start fusion-content-layout-column\"><div class=\"fusion-text fusion-text-3\"><h2>Ensaios de aquecimento por indu\u00e7\u00e3o<\/h2>\n<p>Os ensaios de calor por indu\u00e7\u00e3o s\u00e3o a melhor forma de descobrir qual o processo e equipamento de aquecimento por indu\u00e7\u00e3o que melhor se adequa \u00e0 sua aplica\u00e7\u00e3o.<br \/>\nO aquecimento por indu\u00e7\u00e3o oferece in\u00fameras vantagens para os processos de fabrico, uma vez que \u00e9 uma forma r\u00e1pida, eficiente em termos energ\u00e9ticos e sem chama de aquecer materiais condutores de electricidade.<\/p>\n<\/div><\/div><\/div><\/div><\/div><div class=\"fusion-fullwidth fullwidth-box fusion-builder-row-4 fusion-flex-container has-pattern-background has-mask-background nonhundred-percent-fullwidth non-hundred-percent-height-scrolling\" style=\"--awb-border-sizes-top:2px;--awb-border-color:#ff9600;--awb-border-radius-top-left:0px;--awb-border-radius-top-right:0px;--awb-border-radius-bottom-right:0px;--awb-border-radius-bottom-left:0px;--awb-padding-top:20px;--awb-padding-bottom:30px;--awb-flex-wrap:wrap;\" ><div class=\"fusion-builder-row fusion-row fusion-flex-align-items-stretch fusion-flex-content-wrap\" style=\"max-width:1248px;margin-left: calc(-4% \/ 2 );margin-right: calc(-4% \/ 2 );\"><div class=\"fusion-layout-column fusion_builder_column fusion-builder-column-5 fusion_builder_column_2_5 2_5 fusion-flex-column\" style=\"--awb-bg-size:cover;--awb-width-large:40%;--awb-margin-top-large:0px;--awb-spacing-right-large:4.8%;--awb-margin-bottom-large:20px;--awb-spacing-left-large:4.8%;--awb-width-medium:40%;--awb-order-medium:0;--awb-spacing-right-medium:4.8%;--awb-spacing-left-medium:4.8%;--awb-width-small:100%;--awb-order-small:0;--awb-spacing-right-small:1.92%;--awb-spacing-left-small:1.92%;\"><div class=\"fusion-column-wrapper fusion-column-has-shadow fusion-flex-justify-content-flex-start fusion-content-layout-column\"><div class=\"fusion-image-element \" style=\"--awb-caption-title-font-family:var(--h2_typography-font-family);--awb-caption-title-font-weight:var(--h2_typography-font-weight);--awb-caption-title-font-style:var(--h2_typography-font-style);--awb-caption-title-size:var(--h2_typography-font-size);--awb-caption-title-transform:var(--h2_typography-text-transform);--awb-caption-title-line-height:var(--h2_typography-line-height);--awb-caption-title-letter-spacing:var(--h2_typography-letter-spacing);\"><span class=\" fusion-imageframe imageframe-none imageframe-3 hover-type-none\"><a class=\"fusion-no-lightbox\" href=\"https:\/\/www.focoinduction.com\/pt-br\/servicos-de-aquecimento-por-inducao\/bobina-de-aquecimento-por-inducao-personalizada\/\" target=\"_blank\" aria-label=\"custom induction heating coil\" rel=\"noopener noreferrer\"><img decoding=\"async\" width=\"600\" height=\"302\" alt=\"bobina de aquecimento por indu\u00e7\u00e3o personalizada\" src=\"https:\/\/www.focoinduction.com\/wp-content\/uploads\/2022\/10\/custom-induction-heating-coil-600x302.jpg\" class=\"img-responsive wp-image-4720\" srcset=\"https:\/\/www.focoinduction.com\/wp-content\/uploads\/2022\/10\/custom-induction-heating-coil-200x101.jpg 200w, https:\/\/www.focoinduction.com\/wp-content\/uploads\/2022\/10\/custom-induction-heating-coil-400x201.jpg 400w, https:\/\/www.focoinduction.com\/wp-content\/uploads\/2022\/10\/custom-induction-heating-coil-600x302.jpg 600w, https:\/\/www.focoinduction.com\/wp-content\/uploads\/2022\/10\/custom-induction-heating-coil.jpg 765w\" sizes=\"(max-width: 768px) 100vw, 600px\" \/><\/a><\/span><\/div><\/div><\/div><div class=\"fusion-layout-column fusion_builder_column fusion-builder-column-6 fusion_builder_column_3_5 3_5 fusion-flex-column fusion-column-inner-bg-wrapper fusion-column-liftup-border\" style=\"--awb-inner-bg-size:cover;--awb-width-large:60%;--awb-margin-top-large:0px;--awb-spacing-right-large:3.2%;--awb-margin-bottom-large:20px;--awb-spacing-left-large:3.2%;--awb-width-medium:60%;--awb-order-medium:0;--awb-spacing-right-medium:3.2%;--awb-spacing-left-medium:3.2%;--awb-width-small:100%;--awb-order-small:0;--awb-spacing-right-small:1.92%;--awb-spacing-left-small:1.92%;\"><span class=\"fusion-column-inner-bg hover-type-liftup\"><a class=\"fusion-column-anchor\" href=\"https:\/\/www.focoinduction.com\/pt-br\/servicos-de-aquecimento-por-inducao\/bobina-de-aquecimento-por-inducao-personalizada\/\" rel=\"noopener noreferrer\" target=\"_blank\"><span class=\"fusion-column-inner-bg-image\"><\/span><\/a><\/span><div class=\"fusion-column-wrapper fusion-flex-justify-content-flex-start fusion-content-layout-column\"><div class=\"fusion-text fusion-text-4\"><h2>Servi\u00e7o personalizado de bobinas de aquecimento por indu\u00e7\u00e3o<\/h2>\n<p>Os projectos de bobinas de indu\u00e7\u00e3o podem afectar significativamente a qualidade da pe\u00e7a, a efici\u00eancia do processo e os custos de produ\u00e7\u00e3o.<br \/>\nEm compara\u00e7\u00e3o com uma bobina barata, uma bobina de indu\u00e7\u00e3o bem concebida e de n\u00edvel industrial pode durar at\u00e9 30 vezes mais, dependendo da aplica\u00e7\u00e3o, dos cuidados e do ambiente.<br \/>\nPode confiar na FOCO para garantir que as suas serpentinas est\u00e3o a funcionar com a m\u00e1xima efici\u00eancia.<\/p>\n<\/div><\/div><\/div><\/div><\/div><div class=\"fusion-fullwidth fullwidth-box fusion-builder-row-5 fusion-flex-container has-pattern-background has-mask-background nonhundred-percent-fullwidth non-hundred-percent-height-scrolling\" style=\"--awb-border-sizes-top:2px;--awb-border-color:#ff9600;--awb-border-radius-top-left:0px;--awb-border-radius-top-right:0px;--awb-border-radius-bottom-right:0px;--awb-border-radius-bottom-left:0px;--awb-padding-top:20px;--awb-padding-bottom:30px;--awb-flex-wrap:wrap;\" ><div class=\"fusion-builder-row fusion-row fusion-flex-align-items-stretch fusion-flex-content-wrap\" style=\"max-width:1248px;margin-left: calc(-4% \/ 2 );margin-right: calc(-4% \/ 2 );\"><div class=\"fusion-layout-column fusion_builder_column fusion-builder-column-7 fusion_builder_column_2_5 2_5 fusion-flex-column\" style=\"--awb-bg-size:cover;--awb-width-large:40%;--awb-margin-top-large:0px;--awb-spacing-right-large:4.8%;--awb-margin-bottom-large:20px;--awb-spacing-left-large:4.8%;--awb-width-medium:40%;--awb-order-medium:0;--awb-spacing-right-medium:4.8%;--awb-spacing-left-medium:4.8%;--awb-width-small:100%;--awb-order-small:0;--awb-spacing-right-small:1.92%;--awb-spacing-left-small:1.92%;\"><div class=\"fusion-column-wrapper fusion-column-has-shadow fusion-flex-justify-content-flex-start fusion-content-layout-column\"><div class=\"fusion-image-element \" style=\"--awb-caption-title-font-family:var(--h2_typography-font-family);--awb-caption-title-font-weight:var(--h2_typography-font-weight);--awb-caption-title-font-style:var(--h2_typography-font-style);--awb-caption-title-size:var(--h2_typography-font-size);--awb-caption-title-transform:var(--h2_typography-text-transform);--awb-caption-title-line-height:var(--h2_typography-line-height);--awb-caption-title-letter-spacing:var(--h2_typography-letter-spacing);\"><span class=\" fusion-imageframe imageframe-none imageframe-4 hover-type-none\"><a class=\"fusion-no-lightbox\" href=\"https:\/\/www.focoinduction.com\/pt-br\/servicos-de-aquecimento-por-inducao\/formacao-em-equipamento-de-inducao\/\" target=\"_blank\" aria-label=\"induction heating training\" rel=\"noopener noreferrer\"><img decoding=\"async\" width=\"600\" height=\"302\" alt=\"forma\u00e7\u00e3o em aquecimento por indu\u00e7\u00e3o\" src=\"https:\/\/www.focoinduction.com\/wp-content\/uploads\/2022\/10\/induction-heating-training-600x302.jpg\" class=\"img-responsive wp-image-4692\" srcset=\"https:\/\/www.focoinduction.com\/wp-content\/uploads\/2022\/10\/induction-heating-training-200x101.jpg 200w, https:\/\/www.focoinduction.com\/wp-content\/uploads\/2022\/10\/induction-heating-training-400x201.jpg 400w, https:\/\/www.focoinduction.com\/wp-content\/uploads\/2022\/10\/induction-heating-training-600x302.jpg 600w, https:\/\/www.focoinduction.com\/wp-content\/uploads\/2022\/10\/induction-heating-training.jpg 765w\" sizes=\"(max-width: 768px) 100vw, 600px\" \/><\/a><\/span><\/div><\/div><\/div><div class=\"fusion-layout-column fusion_builder_column fusion-builder-column-8 fusion_builder_column_3_5 3_5 fusion-flex-column fusion-column-inner-bg-wrapper fusion-column-liftup-border\" style=\"--awb-padding-top:20px;--awb-inner-bg-size:cover;--awb-width-large:60%;--awb-margin-top-large:0px;--awb-spacing-right-large:3.2%;--awb-margin-bottom-large:20px;--awb-spacing-left-large:3.2%;--awb-width-medium:60%;--awb-order-medium:0;--awb-spacing-right-medium:3.2%;--awb-spacing-left-medium:3.2%;--awb-width-small:100%;--awb-order-small:0;--awb-spacing-right-small:1.92%;--awb-spacing-left-small:1.92%;\"><span class=\"fusion-column-inner-bg hover-type-liftup\"><a class=\"fusion-column-anchor\" href=\"https:\/\/www.focoinduction.com\/pt-br\/servicos-de-aquecimento-por-inducao\/formacao-em-equipamento-de-inducao\/\" rel=\"noopener noreferrer\" target=\"_blank\"><span class=\"fusion-column-inner-bg-image\"><\/span><\/a><\/span><div class=\"fusion-column-wrapper fusion-flex-justify-content-flex-start fusion-content-layout-column\"><div class=\"fusion-text fusion-text-5\"><h2>Forma\u00e7\u00e3o em aquecimento por indu\u00e7\u00e3o<\/h2>\n<p>A forma\u00e7\u00e3o FOCO abrange as no\u00e7\u00f5es b\u00e1sicas do aquecimento por indu\u00e7\u00e3o, a teoria avan\u00e7ada sobre a concep\u00e7\u00e3o de indutores e a manuten\u00e7\u00e3o preventiva do sistema, bem como a forma\u00e7\u00e3o para as opera\u00e7\u00f5es do utilizador do sistema.<br \/>\nOs cursos est\u00e3o dispon\u00edveis para todos os n\u00edveis de capacidade e s\u00e3o adaptados ao seu ambiente de produ\u00e7\u00e3o \u00fanico, \u00e0s suas pe\u00e7as e ao n\u00edvel de compet\u00eancias do seu pessoal.<br \/>\nQuanto mais conhecer o seu equipamento de indu\u00e7\u00e3o, melhor ser\u00e1 o seu ROI.<\/p>\n<\/div><\/div><\/div><\/div><\/div><div class=\"fusion-fullwidth fullwidth-box fusion-builder-row-6 fusion-flex-container has-pattern-background has-mask-background nonhundred-percent-fullwidth non-hundred-percent-height-scrolling\" style=\"--awb-border-sizes-top:2px;--awb-border-color:#ff9600;--awb-border-radius-top-left:0px;--awb-border-radius-top-right:0px;--awb-border-radius-bottom-right:0px;--awb-border-radius-bottom-left:0px;--awb-padding-top:20px;--awb-padding-bottom:30px;--awb-flex-wrap:wrap;\" ><div class=\"fusion-builder-row fusion-row fusion-flex-align-items-stretch fusion-flex-content-wrap\" style=\"max-width:1248px;margin-left: calc(-4% \/ 2 );margin-right: calc(-4% \/ 2 );\"><div class=\"fusion-layout-column fusion_builder_column fusion-builder-column-9 fusion_builder_column_2_5 2_5 fusion-flex-column\" style=\"--awb-bg-size:cover;--awb-width-large:40%;--awb-margin-top-large:0px;--awb-spacing-right-large:4.8%;--awb-margin-bottom-large:20px;--awb-spacing-left-large:4.8%;--awb-width-medium:40%;--awb-order-medium:0;--awb-spacing-right-medium:4.8%;--awb-spacing-left-medium:4.8%;--awb-width-small:100%;--awb-order-small:0;--awb-spacing-right-small:1.92%;--awb-spacing-left-small:1.92%;\"><div class=\"fusion-column-wrapper fusion-column-has-shadow fusion-flex-justify-content-flex-start fusion-content-layout-column\"><div class=\"fusion-image-element \" style=\"--awb-caption-title-font-family:var(--h2_typography-font-family);--awb-caption-title-font-weight:var(--h2_typography-font-weight);--awb-caption-title-font-style:var(--h2_typography-font-style);--awb-caption-title-size:var(--h2_typography-font-size);--awb-caption-title-transform:var(--h2_typography-text-transform);--awb-caption-title-line-height:var(--h2_typography-line-height);--awb-caption-title-letter-spacing:var(--h2_typography-letter-spacing);\"><span class=\" fusion-imageframe imageframe-none imageframe-5 hover-type-none\"><a class=\"fusion-no-lightbox\" href=\"https:\/\/www.focoinduction.com\/pt-br\/servicos-de-aquecimento-por-inducao\/instalacao-de-equipamento-de-inducao\/\" target=\"_blank\" aria-label=\"induction heating equipment installation\" rel=\"noopener noreferrer\"><img decoding=\"async\" width=\"600\" height=\"302\" alt=\"instala\u00e7\u00e3o de equipamento de aquecimento por indu\u00e7\u00e3o\" src=\"https:\/\/www.focoinduction.com\/wp-content\/uploads\/2022\/10\/induction-heating-equipment-installation-600x302.jpg\" class=\"img-responsive wp-image-4716\" srcset=\"https:\/\/www.focoinduction.com\/wp-content\/uploads\/2022\/10\/induction-heating-equipment-installation-200x101.jpg 200w, https:\/\/www.focoinduction.com\/wp-content\/uploads\/2022\/10\/induction-heating-equipment-installation-400x201.jpg 400w, https:\/\/www.focoinduction.com\/wp-content\/uploads\/2022\/10\/induction-heating-equipment-installation-600x302.jpg 600w, https:\/\/www.focoinduction.com\/wp-content\/uploads\/2022\/10\/induction-heating-equipment-installation.jpg 765w\" sizes=\"(max-width: 768px) 100vw, 600px\" \/><\/a><\/span><\/div><\/div><\/div><div class=\"fusion-layout-column fusion_builder_column fusion-builder-column-10 fusion_builder_column_3_5 3_5 fusion-flex-column fusion-column-inner-bg-wrapper fusion-column-liftup-border\" style=\"--awb-padding-top:20px;--awb-inner-bg-size:cover;--awb-width-large:60%;--awb-margin-top-large:0px;--awb-spacing-right-large:3.2%;--awb-margin-bottom-large:20px;--awb-spacing-left-large:3.2%;--awb-width-medium:60%;--awb-order-medium:0;--awb-spacing-right-medium:3.2%;--awb-spacing-left-medium:3.2%;--awb-width-small:100%;--awb-order-small:0;--awb-spacing-right-small:1.92%;--awb-spacing-left-small:1.92%;\"><span class=\"fusion-column-inner-bg hover-type-liftup\"><a class=\"fusion-column-anchor\" href=\"https:\/\/www.focoinduction.com\/pt-br\/servicos-de-aquecimento-por-inducao\/instalacao-de-equipamento-de-inducao\/\" rel=\"noopener noreferrer\" target=\"_blank\"><span class=\"fusion-column-inner-bg-image\"><\/span><\/a><\/span><div class=\"fusion-column-wrapper fusion-flex-justify-content-flex-start fusion-content-layout-column\"><div class=\"fusion-text fusion-text-6\"><h2>Instala\u00e7\u00e3o de indu\u00e7\u00e3o<\/h2>\n<p>Garantimos que as nossas instala\u00e7\u00f5es s\u00e3o r\u00e1pidas e f\u00e1ceis.<br \/>\nDependendo da complexidade, podemos criar v\u00eddeos de demonstra\u00e7\u00e3o da instala\u00e7\u00e3o ou enviar um dos nossos engenheiros \u00e0s suas instala\u00e7\u00f5es.<\/p>\n<\/div><\/div><\/div><\/div><\/div><\/p>\n","protected":false},"excerpt":{"rendered":"","protected":false},"author":1,"featured_media":4872,"parent":0,"menu_order":0,"comment_status":"closed","ping_status":"closed","template":"","meta":{"footnotes":""},"class_list":["post-6502","page","type-page","status-publish","has-post-thumbnail","hentry"],"_links":{"self":[{"href":"https:\/\/www.focoinduction.com\/pt-br\/wp-json\/wp\/v2\/pages\/6502","targetHints":{"allow":["GET"]}}],"collection":[{"href":"https:\/\/www.focoinduction.com\/pt-br\/wp-json\/wp\/v2\/pages"}],"about":[{"href":"https:\/\/www.focoinduction.com\/pt-br\/wp-json\/wp\/v2\/types\/page"}],"author":[{"embeddable":true,"href":"https:\/\/www.focoinduction.com\/pt-br\/wp-json\/wp\/v2\/users\/1"}],"replies":[{"embeddable":true,"href":"https:\/\/www.focoinduction.com\/pt-br\/wp-json\/wp\/v2\/comments?post=6502"}],"version-history":[{"count":0,"href":"https:\/\/www.focoinduction.com\/pt-br\/wp-json\/wp\/v2\/pages\/6502\/revisions"}],"wp:featuredmedia":[{"embeddable":true,"href":"https:\/\/www.focoinduction.com\/pt-br\/wp-json\/wp\/v2\/media\/4872"}],"wp:attachment":[{"href":"https:\/\/www.focoinduction.com\/pt-br\/wp-json\/wp\/v2\/media?parent=6502"}],"curies":[{"name":"wp","href":"https:\/\/api.w.org\/{rel}","templated":true}]}}