{"id":6572,"date":"2022-10-03T09:07:03","date_gmt":"2022-10-03T01:07:03","guid":{"rendered":"https:\/\/www.focoinduction.com\/aplicacoes\/brasagem-por-inducao\/brasagem-por-inducao-automatica-de-laminas-de-serra-circular-em-aco-inoxidavel\/"},"modified":"2023-05-16T09:28:29","modified_gmt":"2023-05-16T01:28:29","slug":"brasagem-por-inducao-automatica-de-laminas-de-serra-circular-em-aco-inoxidavel","status":"publish","type":"page","link":"https:\/\/www.focoinduction.com\/pt-br\/aplicacoes\/brasagem-por-inducao\/brasagem-por-inducao-automatica-de-laminas-de-serra-circular-em-aco-inoxidavel\/","title":{"rendered":"Brasagem por indu\u00e7\u00e3o autom\u00e1tica de l\u00e2minas de serra circular em a\u00e7o inoxid\u00e1vel"},"content":{"rendered":"<p><div class=\"fusion-fullwidth fullwidth-box fusion-builder-row-1 fusion-flex-container has-pattern-background has-mask-background nonhundred-percent-fullwidth non-hundred-percent-height-scrolling\" style=\"--awb-border-sizes-bottom:1px;--awb-border-radius-top-left:0px;--awb-border-radius-top-right:0px;--awb-border-radius-bottom-right:0px;--awb-border-radius-bottom-left:0px;--awb-flex-wrap:wrap;\" ><div class=\"fusion-builder-row fusion-row fusion-flex-align-items-flex-start fusion-flex-content-wrap\" style=\"max-width:1248px;margin-left: calc(-4% \/ 2 );margin-right: calc(-4% \/ 2 );\"><div class=\"fusion-layout-column fusion_builder_column fusion-builder-column-0 fusion_builder_column_1_1 1_1 fusion-flex-column\" style=\"--awb-bg-size:cover;--awb-width-large:100%;--awb-margin-top-large:0px;--awb-spacing-right-large:1.92%;--awb-margin-bottom-large:20px;--awb-spacing-left-large:1.92%;--awb-width-medium:100%;--awb-order-medium:0;--awb-spacing-right-medium:1.92%;--awb-spacing-left-medium:1.92%;--awb-width-small:100%;--awb-order-small:0;--awb-spacing-right-small:1.92%;--awb-spacing-left-small:1.92%;\"><div class=\"fusion-column-wrapper fusion-column-has-shadow fusion-flex-justify-content-flex-start fusion-content-layout-column\"><div class=\"fusion-text fusion-text-1\"><h2>Aplica\u00e7\u00e3o de pontas de l\u00e2minas de serra circular para brasagem por indu\u00e7\u00e3o autom\u00e1tica<\/h2>\n<p>Uma pequena f\u00e1brica de l\u00e2minas de serra precisa de utilizar o aquecimento por indu\u00e7\u00e3o para soldar as pontas das l\u00e2minas de serra circular. Para melhorar a efici\u00eancia e reduzir os problemas de qualidade causados pelo funcionamento manual, o cliente pretendia utilizar um sistema de brasagem por indu\u00e7\u00e3o totalmente autom\u00e1tico. De acordo com os requisitos do cliente, os nossos experientes engenheiros de aquecimento por indu\u00e7\u00e3o conceberam equipamento de brasagem por indu\u00e7\u00e3o totalmente autom\u00e1tico para os clientes realizarem a alimenta\u00e7\u00e3o autom\u00e1tica e o processo de brasagem autom\u00e1tico. Pode soldar por indu\u00e7\u00e3o a ponta de uma l\u00e2mina de serra em 3-5 segundos, o que \u00e9 extremamente r\u00e1pido.<\/p>\n<p><strong>Equipamento:<\/strong><\/p>\n<p><span style=\"color: #0000ff;\"><a style=\"color: #0000ff;\" href=\"https:\/\/www.focoinduction.com\/pt-br\/produtos\/maquinas-de-brasagem-por-inducao\/maquina-de-brasagem-por-inducao-automatica\/\" target=\"_blank\" rel=\"noopener\">M\u00e1quina de brasagem por indu\u00e7\u00e3o totalmente autom\u00e1tica<\/a><\/span><\/p>\n<p>O sistema de brasagem inclui uma <a href=\"https:\/\/www.focoinduction.com\/pt-br\/produtos\/maquinas-de-aquecimento-por-inducao\/maquina-de-aquecimento-por-inducao-de-frequencia-ultra-alta\/\" target=\"_blank\" rel=\"noopener\">fonte de alimenta\u00e7\u00e3o de aquecimento por indu\u00e7\u00e3o UHF<\/a>, um robot de alimenta\u00e7\u00e3o, um componente de aquecimento (bobina de indu\u00e7\u00e3o) e um sistema de arrefecimento a \u00e1gua. N\u00e3o requer opera\u00e7\u00e3o manual, e todo o processo \u00e9 inteiramente automatizado por equipamento. O posicionamento da pe\u00e7a pode ser controlado com precis\u00e3o atrav\u00e9s da fixa\u00e7\u00e3o da m\u00e3o do robot, da pin\u00e7a fixa e do conjunto de aquecimento. Assim, \u00e9 poss\u00edvel garantir a consist\u00eancia da \u00e1rea de aquecimento e do tempo de aquecimento de cada ponta de dente de serra. Ao mesmo tempo que melhora a efici\u00eancia, tamb\u00e9m melhora a qualidade da brasagem.<\/p>\n<p><strong>Benef\u00edcios:<\/strong><\/p>\n<ul>\n<li>Processo repet\u00edvel.<\/li>\n<li>Resultados consistentes.<\/li>\n<li>Controlo preciso da \u00e1rea de aquecimento.<\/li>\n<li>Ciclo de aquecimento r\u00e1pido.<\/li>\n<li>Reduzir a oxida\u00e7\u00e3o e limpar.<\/li>\n<\/ul>\n<p><strong>Conclus\u00e3o<\/strong><\/p>\n<p>A m\u00e1quina de brasagem por indu\u00e7\u00e3o autom\u00e1tica personalizada concebida pela FOCO INDUCTION pode completar a brasagem por indu\u00e7\u00e3o de uma ponta de serra circular em 3-5 segundos. Todo o processo \u00e9 totalmente automatizado e n\u00e3o requer qualquer opera\u00e7\u00e3o manual. A brasagem por indu\u00e7\u00e3o \u00e9 altamente control\u00e1vel e \u00e9 adequada para a brasagem de materiais met\u00e1licos. Quer esteja a soldar duas pe\u00e7as de metais semelhantes ou metais diferentes em grandes lotes, um sistema de brasagem por indu\u00e7\u00e3o automatizado pode ser utilizado para melhorar a consist\u00eancia. Mais importante ainda, pode maximizar a efici\u00eancia da produ\u00e7\u00e3o e trazer maiores benef\u00edcios de produ\u00e7\u00e3o para empresas e f\u00e1bricas.<\/p>\n<p>Saiba mais sobre <a href=\"https:\/\/www.focoinduction.com\/pt-br\/aplicacoes\/brasagem-por-inducao\/\" target=\"_blank\" rel=\"noopener\"><br \/>\n  <span style=\"color: #0000ff;\">aplica\u00e7\u00f5es de brasagem por indu\u00e7\u00e3o<\/span><br \/>\n<\/a>.<\/p>\n<\/div><\/div><\/div><\/div><\/div><div class=\"fusion-fullwidth fullwidth-box fusion-builder-row-2 fusion-flex-container has-pattern-background has-mask-background nonhundred-percent-fullwidth non-hundred-percent-height-scrolling\" style=\"--awb-border-sizes-bottom:1px;--awb-border-radius-top-left:0px;--awb-border-radius-top-right:0px;--awb-border-radius-bottom-right:0px;--awb-border-radius-bottom-left:0px;--awb-margin-top:20px;--awb-flex-wrap:wrap;\" ><div class=\"fusion-builder-row fusion-row fusion-flex-align-items-flex-start fusion-flex-content-wrap\" style=\"max-width:1248px;margin-left: calc(-4% \/ 2 );margin-right: calc(-4% \/ 2 );\"><div class=\"fusion-layout-column fusion_builder_column fusion-builder-column-1 fusion_builder_column_1_1 1_1 fusion-flex-column\" style=\"--awb-bg-size:cover;--awb-width-large:100%;--awb-margin-top-large:0px;--awb-spacing-right-large:1.92%;--awb-margin-bottom-large:0px;--awb-spacing-left-large:1.92%;--awb-width-medium:100%;--awb-order-medium:0;--awb-spacing-right-medium:1.92%;--awb-spacing-left-medium:1.92%;--awb-width-small:100%;--awb-order-small:0;--awb-spacing-right-small:1.92%;--awb-spacing-left-small:1.92%;\"><div class=\"fusion-column-wrapper fusion-column-has-shadow fusion-flex-justify-content-flex-start fusion-content-layout-column\"><div class=\"fusion-text fusion-text-2\" style=\"--awb-font-size:24px;--awb-text-transform:capitalize;\"><p><strong>Galeria de brasagem<\/strong><\/p>\n<\/div><\/div><\/div><div class=\"fusion-layout-column fusion_builder_column fusion-builder-column-2 fusion_builder_column_1_1 1_1 fusion-flex-column\" style=\"--awb-bg-size:cover;--awb-width-large:100%;--awb-margin-top-large:0px;--awb-spacing-right-large:1.92%;--awb-margin-bottom-large:20px;--awb-spacing-left-large:1.92%;--awb-width-medium:100%;--awb-order-medium:0;--awb-spacing-right-medium:1.92%;--awb-spacing-left-medium:1.92%;--awb-width-small:100%;--awb-order-small:0;--awb-spacing-right-small:1.92%;--awb-spacing-left-small:1.92%;\"><div class=\"fusion-column-wrapper fusion-column-has-shadow fusion-flex-justify-content-flex-start fusion-content-layout-column\"><div class=\"fusion-image-carousel fusion-image-carousel-auto fusion-image-carousel-1 lightbox-enabled fusion-carousel-border\"><div class=\"awb-carousel awb-swiper awb-swiper-carousel awb-carousel--carousel awb-swiper-dots-position-bottom\" data-layout=\"carousel\" data-autoplay=\"no\" data-autoplayspeed=\"3500\" data-autoplaypause=\"no\" data-columns=\"2\" data-columnsmedium=\"1\" data-columnssmall=\"1\" data-itemmargin=\"15\" data-itemwidth=\"180\" data-touchscroll=\"no\" data-freemode=\"no\" data-imagesize=\"auto\" data-scrollitems=\"0\" data-centeredslides=\"no\" data-rotationangle=\"50\" data-depth=\"100\" data-speed=\"500\" data-shadow=\"no\" data-pagination=\"bullets\" style=\"--awb-columns:2;--awb-column-spacing:15px;--awb-border-width:1px;--awb-border-color:#e9eaee;\"><div class=\"swiper-wrapper awb-image-carousel-wrapper fusion-flex-align-items-center\"><div class=\"swiper-slide\"><div class=\"fusion-carousel-item-wrapper\"><div class=\"fusion-image-wrapper hover-type-none\"><a data-rel=\"iLightbox[image_carousel_1]\" data-caption=\"Induction Brazing of Circular Saw Blades\" data-title=\"Induction Brazing of Circular Saw Blades\" aria-label=\"Induction Brazing of Circular Saw Blades\" href=\"https:\/\/www.focoinduction.com\/wp-content\/uploads\/2022\/10\/Induction-Brazing-of-Circular-Saw-Blades.jpg\" target=\"_self\"><img decoding=\"async\" width=\"600\" height=\"400\" src=\"https:\/\/www.focoinduction.com\/wp-content\/uploads\/2022\/10\/Induction-Brazing-of-Circular-Saw-Blades.jpg\" class=\"attachment-full size-full\" alt=\"Brasagem por indu\u00e7\u00e3o de l\u00e2minas de serras circulares\" srcset=\"https:\/\/www.focoinduction.com\/wp-content\/uploads\/2022\/10\/Induction-Brazing-of-Circular-Saw-Blades-200x133.jpg 200w, https:\/\/www.focoinduction.com\/wp-content\/uploads\/2022\/10\/Induction-Brazing-of-Circular-Saw-Blades-400x267.jpg 400w, https:\/\/www.focoinduction.com\/wp-content\/uploads\/2022\/10\/Induction-Brazing-of-Circular-Saw-Blades.jpg 600w\" sizes=\"(min-width: 2200px) 100vw, (min-width: 712px) 593px, (min-width: 640px) 712px, \" \/><\/a><\/div><\/div><\/div><div class=\"swiper-slide\"><div class=\"fusion-carousel-item-wrapper\"><div class=\"fusion-image-wrapper hover-type-none\"><a data-rel=\"iLightbox[image_carousel_1]\" data-caption=\"Brazing of Circular Saw Blades\" data-title=\"Brazing of Circular Saw Blades\" aria-label=\"Brazing of Circular Saw Blades\" href=\"https:\/\/www.focoinduction.com\/wp-content\/uploads\/2022\/10\/Brazing-of-Circular-Saw-Blades.jpg\" target=\"_self\"><img decoding=\"async\" width=\"600\" height=\"400\" src=\"https:\/\/www.focoinduction.com\/wp-content\/uploads\/2022\/10\/Brazing-of-Circular-Saw-Blades.jpg\" class=\"attachment-full size-full\" alt=\"Brasagem de l\u00e2minas de serras circulares\" srcset=\"https:\/\/www.focoinduction.com\/wp-content\/uploads\/2022\/10\/Brazing-of-Circular-Saw-Blades-200x133.jpg 200w, https:\/\/www.focoinduction.com\/wp-content\/uploads\/2022\/10\/Brazing-of-Circular-Saw-Blades-400x267.jpg 400w, https:\/\/www.focoinduction.com\/wp-content\/uploads\/2022\/10\/Brazing-of-Circular-Saw-Blades.jpg 600w\" sizes=\"(min-width: 2200px) 100vw, (min-width: 712px) 593px, (min-width: 640px) 712px, \" \/><\/a><\/div><\/div><\/div><div class=\"swiper-slide\"><div class=\"fusion-carousel-item-wrapper\"><div class=\"fusion-image-wrapper hover-type-none\"><a data-rel=\"iLightbox[image_carousel_1]\" data-caption=\"Induction Brazing of Circular Saw Blades 1\" data-title=\"Induction Brazing of Circular Saw Blades 1\" aria-label=\"Induction Brazing of Circular Saw Blades 1\" href=\"https:\/\/www.focoinduction.com\/wp-content\/uploads\/2022\/10\/Induction-Brazing-of-Circular-Saw-Blades-1.jpg\" target=\"_self\"><img decoding=\"async\" width=\"600\" height=\"400\" src=\"https:\/\/www.focoinduction.com\/wp-content\/uploads\/2022\/10\/Induction-Brazing-of-Circular-Saw-Blades-1.jpg\" class=\"attachment-full size-full\" alt=\"Brasagem por indu\u00e7\u00e3o de l\u00e2minas de serras circulares\" srcset=\"https:\/\/www.focoinduction.com\/wp-content\/uploads\/2022\/10\/Induction-Brazing-of-Circular-Saw-Blades-1-200x133.jpg 200w, https:\/\/www.focoinduction.com\/wp-content\/uploads\/2022\/10\/Induction-Brazing-of-Circular-Saw-Blades-1-400x267.jpg 400w, https:\/\/www.focoinduction.com\/wp-content\/uploads\/2022\/10\/Induction-Brazing-of-Circular-Saw-Blades-1.jpg 600w\" sizes=\"(min-width: 2200px) 100vw, (min-width: 712px) 593px, (min-width: 640px) 712px, \" \/><\/a><\/div><\/div><\/div><\/div><div class=\"awb-swiper-button awb-swiper-button-prev\"><i class=\"awb-icon-angle-left\" aria-hidden=\"true\"><\/i><\/div><div class=\"awb-swiper-button awb-swiper-button-next\"><i class=\"awb-icon-angle-right\" aria-hidden=\"true\"><\/i><\/div><\/div><\/div><\/div><\/div><\/div><\/div><\/p>\n","protected":false},"excerpt":{"rendered":"","protected":false},"author":1,"featured_media":4636,"parent":5815,"menu_order":0,"comment_status":"closed","ping_status":"closed","template":"","meta":{"footnotes":""},"class_list":["post-6572","page","type-page","status-publish","has-post-thumbnail","hentry"],"_links":{"self":[{"href":"https:\/\/www.focoinduction.com\/pt-br\/wp-json\/wp\/v2\/pages\/6572","targetHints":{"allow":["GET"]}}],"collection":[{"href":"https:\/\/www.focoinduction.com\/pt-br\/wp-json\/wp\/v2\/pages"}],"about":[{"href":"https:\/\/www.focoinduction.com\/pt-br\/wp-json\/wp\/v2\/types\/page"}],"author":[{"embeddable":true,"href":"https:\/\/www.focoinduction.com\/pt-br\/wp-json\/wp\/v2\/users\/1"}],"replies":[{"embeddable":true,"href":"https:\/\/www.focoinduction.com\/pt-br\/wp-json\/wp\/v2\/comments?post=6572"}],"version-history":[{"count":0,"href":"https:\/\/www.focoinduction.com\/pt-br\/wp-json\/wp\/v2\/pages\/6572\/revisions"}],"up":[{"embeddable":true,"href":"https:\/\/www.focoinduction.com\/pt-br\/wp-json\/wp\/v2\/pages\/5815"}],"wp:featuredmedia":[{"embeddable":true,"href":"https:\/\/www.focoinduction.com\/pt-br\/wp-json\/wp\/v2\/media\/4636"}],"wp:attachment":[{"href":"https:\/\/www.focoinduction.com\/pt-br\/wp-json\/wp\/v2\/media?parent=6572"}],"curies":[{"name":"wp","href":"https:\/\/api.w.org\/{rel}","templated":true}]}}