{"id":6617,"date":"2022-08-24T16:45:07","date_gmt":"2022-08-24T08:45:07","guid":{"rendered":"https:\/\/www.focoinduction.com\/fusao-por-inducao\/aco-de-fusao-por-inducao-600-kg\/"},"modified":"2023-05-16T09:28:53","modified_gmt":"2023-05-16T01:28:53","slug":"aco-de-fusao-por-inducao-600-kg","status":"publish","type":"page","link":"https:\/\/www.focoinduction.com\/pt-br\/aplicacoes\/fusao-por-inducao\/aco-de-fusao-por-inducao-600-kg\/","title":{"rendered":"A\u00e7o de fus\u00e3o por indu\u00e7\u00e3o 600 kg"},"content":{"rendered":"<p><div class=\"fusion-fullwidth fullwidth-box fusion-builder-row-1 fusion-flex-container nonhundred-percent-fullwidth non-hundred-percent-height-scrolling\" style=\"--awb-border-sizes-bottom:1px;--awb-border-radius-top-left:0px;--awb-border-radius-top-right:0px;--awb-border-radius-bottom-right:0px;--awb-border-radius-bottom-left:0px;--awb-flex-wrap:wrap;\" ><div class=\"fusion-builder-row fusion-row fusion-flex-align-items-flex-start fusion-flex-content-wrap\" style=\"max-width:1248px;margin-left: calc(-4% \/ 2 );margin-right: calc(-4% \/ 2 );\"><div class=\"fusion-layout-column fusion_builder_column fusion-builder-column-0 fusion_builder_column_1_1 1_1 fusion-flex-column\" style=\"--awb-bg-size:cover;--awb-width-large:100%;--awb-margin-top-large:0px;--awb-spacing-right-large:1.92%;--awb-margin-bottom-large:20px;--awb-spacing-left-large:1.92%;--awb-width-medium:100%;--awb-order-medium:0;--awb-spacing-right-medium:1.92%;--awb-spacing-left-medium:1.92%;--awb-width-small:100%;--awb-order-small:0;--awb-spacing-right-small:1.92%;--awb-spacing-left-small:1.92%;\"><div class=\"fusion-column-wrapper fusion-column-has-shadow fusion-flex-justify-content-flex-start fusion-content-layout-column\"><div class=\"fusion-text fusion-text-1\"><h2>Aplica\u00e7\u00e3o de a\u00e7o de fus\u00e3o por indu\u00e7\u00e3o<\/h2>\n<p>Uma pequena fundi\u00e7\u00e3o de a\u00e7o precisa de fundir por indu\u00e7\u00e3o 600 kg de a\u00e7o em 50 minutos e \u00e9 obrigada a reduzir a produ\u00e7\u00e3o para 300 kg por hora durante a \u00e9poca baixa. Fornecemos aos clientes duas fontes de alimenta\u00e7\u00e3o de aquecimento por indu\u00e7\u00e3o de 250 kW, equipadas com tr\u00eas corpos de forno de 300 kg, um dos quais \u00e9 um corpo de forno sobresselente.<\/p>\n<\/div><div class=\"fusion-text fusion-text-2\"><p><strong>Propriedades do a\u00e7o:<\/strong><\/p>\n<ul>\n<li>Densidade do a\u00e7o: 7,85 g\/cm\u00b3.<\/li>\n<li>Ponto de fus\u00e3o do a\u00e7o: 1.500 \u2103<\/li>\n<li>A\u00e7o \u00e9 um termo geral para ligas de ferro-carbono com um teor de carbono entre 0,02% e 2,11% em massa. O a\u00e7o \u00e9 amplamente utilizado na constru\u00e7\u00e3o, na ind\u00fastria transformadora e noutros dom\u00ednios industriais.<\/li>\n<\/ul>\n<\/div><div class=\"fusion-text fusion-text-3\"><p><strong>Equipamento:<\/strong><\/p>\n<ul>\n<li>Dois fornos de indu\u00e7\u00e3o de 250 kW <span style=\"color: #0000ff;\"><br \/>\n  <a style=\"color: #0000ff;\" href=\"https:\/\/www.focoinduction.com\/pt-br\/produtos\/fornos-de-fusao-por-inducao\/forno-de-inducao-para-fusao-de-conchas-de-aluminio\/\" target=\"_blank\" rel=\"noopener\">fornos de fus\u00e3o por indu\u00e7\u00e3o com casca de alum\u00ednio de 250 kW<\/a><br \/>\n<\/span> est\u00e3o equipados com tr\u00eas corpos de forno com estrutura de concha de alum\u00ednio.<\/li>\n<li>Um conjunto de equipamento de remo\u00e7\u00e3o de poeiras.<\/li>\n<\/ul>\n<p>Dois fornos de fus\u00e3o por indu\u00e7\u00e3o podem funcionar em simult\u00e2neo, com uma capacidade total m\u00e1xima de 600 kg de ferro por hora. Na \u00e9poca baixa de produ\u00e7\u00e3o, uma fonte de alimenta\u00e7\u00e3o de aquecimento por indu\u00e7\u00e3o pode ser desligada para garantir uma capacidade de produ\u00e7\u00e3o m\u00ednima de 300 kg por hora. Durante a manuten\u00e7\u00e3o e repara\u00e7\u00e3o do corpo do forno, o corpo do forno sobresselente pode ser utilizado para garantir a continuidade da produ\u00e7\u00e3o.<\/p>\n<p>O equipamento de remo\u00e7\u00e3o de poeiras pode remover eficazmente as part\u00edculas de fumo geradas no processo de fus\u00e3o, proteger o ambiente e reduzir a polui\u00e7\u00e3o.<\/p>\n<\/div><div class=\"fusion-text fusion-text-4\"><p><strong>Processo de fus\u00e3o:<\/strong><\/p>\n<ol>\n<li>O bloco de a\u00e7o \u00e9 colocado no forno de fus\u00e3o por indu\u00e7\u00e3o.<\/li>\n<li>O bloco de a\u00e7o \u00e9 derretido com sucesso em 50 minutos.<\/li>\n<li>Controlar o corpo do forno para verter o a\u00e7o fundido.<\/li>\n<\/ol>\n<\/div><div class=\"fusion-text fusion-text-5\"><p>A fus\u00e3o por indu\u00e7\u00e3o do a\u00e7o \u00e9 um processo r\u00e1pido e seguro. FOCO <span style=\"color: #0000ff;\"><br \/>\n  <a style=\"color: #0000ff;\" href=\"https:\/\/www.focoinduction.com\/pt-br\/produtos\/fornos-de-fusao-por-inducao\/\" target=\"_blank\" rel=\"noopener\">fornos de fus\u00e3o por indu\u00e7\u00e3o<\/a><br \/>\n<\/span> podem fundir 5 kg a 5.000 kg de a\u00e7o. Fornecemos solu\u00e7\u00f5es completas, incluindo fonte de alimenta\u00e7\u00e3o de aquecimento por indu\u00e7\u00e3o, corpo do forno, equipamento de remo\u00e7\u00e3o de poeira e sistema de arrefecimento de \u00e1gua.<\/p>\n<p>Saiba mais sobre <span style=\"color: #0000ff;\"><br \/>\n  <a style=\"color: #0000ff;\" href=\"https:\/\/www.focoinduction.com\/pt-br\/fusao-por-inducao\/\" target=\"_blank\" rel=\"noopener\">aplica\u00e7\u00f5es de fus\u00e3o por indu\u00e7\u00e3o<\/a><br \/>\n<\/span>.<\/p>\n<p><span style=\"color: #0000ff;\"><a style=\"color: #0000ff;\" href=\"https:\/\/www.focoinduction.com\/pt-br\/contacto\/\" target=\"_blank\" rel=\"noopener\">Obter um or\u00e7amento para Forno de fus\u00e3o por indu\u00e7\u00e3o.<\/a><\/span><\/p>\n<\/div><\/div><\/div><\/div><\/div><div class=\"fusion-fullwidth fullwidth-box fusion-builder-row-2 fusion-flex-container nonhundred-percent-fullwidth non-hundred-percent-height-scrolling\" style=\"--awb-border-sizes-bottom:1px;--awb-border-radius-top-left:0px;--awb-border-radius-top-right:0px;--awb-border-radius-bottom-right:0px;--awb-border-radius-bottom-left:0px;--awb-flex-wrap:wrap;\" ><div class=\"fusion-builder-row fusion-row fusion-flex-align-items-flex-start fusion-flex-content-wrap\" style=\"max-width:1248px;margin-left: calc(-4% \/ 2 );margin-right: calc(-4% \/ 2 );\"><div class=\"fusion-layout-column fusion_builder_column fusion-builder-column-1 fusion_builder_column_1_1 1_1 fusion-flex-column\" style=\"--awb-bg-size:cover;--awb-width-large:100%;--awb-margin-top-large:0px;--awb-spacing-right-large:1.92%;--awb-margin-bottom-large:20px;--awb-spacing-left-large:1.92%;--awb-width-medium:100%;--awb-order-medium:0;--awb-spacing-right-medium:1.92%;--awb-spacing-left-medium:1.92%;--awb-width-small:100%;--awb-order-small:0;--awb-spacing-right-small:1.92%;--awb-spacing-left-small:1.92%;\"><div class=\"fusion-column-wrapper fusion-column-has-shadow fusion-flex-justify-content-flex-start fusion-content-layout-column\"><div class=\"fusion-text fusion-text-6\" style=\"--awb-text-transform:none;\"><h3>V\u00eddeos sobre o a\u00e7o de fus\u00e3o<\/h3>\n<\/div><\/div><\/div><div class=\"fusion-layout-column fusion_builder_column fusion-builder-column-2 fusion_builder_column_1_1 1_1 fusion-flex-column\" style=\"--awb-bg-size:cover;--awb-width-large:100%;--awb-margin-top-large:0px;--awb-spacing-right-large:1.92%;--awb-margin-bottom-large:20px;--awb-spacing-left-large:1.92%;--awb-width-medium:100%;--awb-order-medium:0;--awb-spacing-right-medium:1.92%;--awb-spacing-left-medium:1.92%;--awb-width-small:100%;--awb-order-small:0;--awb-spacing-right-small:1.92%;--awb-spacing-left-small:1.92%;\"><div class=\"fusion-column-wrapper fusion-column-has-shadow fusion-flex-justify-content-flex-start fusion-content-layout-column\"><div class=\"fusion-video fusion-youtube\" style=\"--awb-max-width:600px;--awb-max-height:360px;\"><div class=\"video-shortcode\"><lite-youtube videoid=\"IpjqbXQI4ZE\" class=\"landscape\" params=\"wmode=transparent&autoplay=1&amp;enablejsapi=1\" title=\"Induction Melting Steel\" data-button-label=\"Play Video\" width=\"600\" height=\"360\" data-thumbnail-size=\"auto\" data-no-cookie=\"on\"><\/lite-youtube><\/div><\/div><\/div><\/div><\/div><\/div><\/p>\n","protected":false},"excerpt":{"rendered":"","protected":false},"author":1,"featured_media":4112,"parent":5757,"menu_order":0,"comment_status":"closed","ping_status":"closed","template":"","meta":{"footnotes":""},"class_list":["post-6617","page","type-page","status-publish","has-post-thumbnail","hentry"],"_links":{"self":[{"href":"https:\/\/www.focoinduction.com\/pt-br\/wp-json\/wp\/v2\/pages\/6617","targetHints":{"allow":["GET"]}}],"collection":[{"href":"https:\/\/www.focoinduction.com\/pt-br\/wp-json\/wp\/v2\/pages"}],"about":[{"href":"https:\/\/www.focoinduction.com\/pt-br\/wp-json\/wp\/v2\/types\/page"}],"author":[{"embeddable":true,"href":"https:\/\/www.focoinduction.com\/pt-br\/wp-json\/wp\/v2\/users\/1"}],"replies":[{"embeddable":true,"href":"https:\/\/www.focoinduction.com\/pt-br\/wp-json\/wp\/v2\/comments?post=6617"}],"version-history":[{"count":0,"href":"https:\/\/www.focoinduction.com\/pt-br\/wp-json\/wp\/v2\/pages\/6617\/revisions"}],"up":[{"embeddable":true,"href":"https:\/\/www.focoinduction.com\/pt-br\/wp-json\/wp\/v2\/pages\/5757"}],"wp:featuredmedia":[{"embeddable":true,"href":"https:\/\/www.focoinduction.com\/pt-br\/wp-json\/wp\/v2\/media\/4112"}],"wp:attachment":[{"href":"https:\/\/www.focoinduction.com\/pt-br\/wp-json\/wp\/v2\/media?parent=6617"}],"curies":[{"name":"wp","href":"https:\/\/api.w.org\/{rel}","templated":true}]}}