{"id":6658,"date":"2022-08-29T11:08:56","date_gmt":"2022-08-29T03:08:56","guid":{"rendered":"https:\/\/www.focoinduction.com\/aplicacoes\/endurecimento-por-inducao\/endurecimento-por-inducao-de-buchas-de-aco\/"},"modified":"2023-05-16T09:28:54","modified_gmt":"2023-05-16T01:28:54","slug":"endurecimento-por-inducao-de-buchas-de-aco","status":"publish","type":"page","link":"https:\/\/www.focoinduction.com\/pt-br\/aplicacoes\/endurecimento-por-inducao\/endurecimento-por-inducao-de-buchas-de-aco\/","title":{"rendered":"Endurecimento por indu\u00e7\u00e3o de buchas de a\u00e7o"},"content":{"rendered":"<p><div class=\"fusion-fullwidth fullwidth-box fusion-builder-row-1 fusion-flex-container has-pattern-background has-mask-background nonhundred-percent-fullwidth non-hundred-percent-height-scrolling\" style=\"--awb-border-sizes-bottom:1px;--awb-border-radius-top-left:0px;--awb-border-radius-top-right:0px;--awb-border-radius-bottom-right:0px;--awb-border-radius-bottom-left:0px;--awb-flex-wrap:wrap;\" ><div class=\"fusion-builder-row fusion-row fusion-flex-align-items-flex-start fusion-flex-content-wrap\" style=\"max-width:1248px;margin-left: calc(-4% \/ 2 );margin-right: calc(-4% \/ 2 );\"><div class=\"fusion-layout-column fusion_builder_column fusion-builder-column-0 fusion_builder_column_1_1 1_1 fusion-flex-column\" style=\"--awb-bg-size:cover;--awb-width-large:100%;--awb-margin-top-large:0px;--awb-spacing-right-large:1.92%;--awb-margin-bottom-large:20px;--awb-spacing-left-large:1.92%;--awb-width-medium:100%;--awb-order-medium:0;--awb-spacing-right-medium:1.92%;--awb-spacing-left-medium:1.92%;--awb-width-small:100%;--awb-order-small:0;--awb-spacing-right-small:1.92%;--awb-spacing-left-small:1.92%;\"><div class=\"fusion-column-wrapper fusion-column-has-shadow fusion-flex-justify-content-flex-start fusion-content-layout-column\"><div class=\"fusion-text fusion-text-1\"><p>Um grande fabricante de pe\u00e7as para autom\u00f3veis pretendia endurecer por indu\u00e7\u00e3o a parede interior de casquilhos de a\u00e7o. Os nossos engenheiros concebem m\u00e1quinas de endurecimento por indu\u00e7\u00e3o semi-autom\u00e1ticas para os clientes, equipadas com quatro posi\u00e7\u00f5es de pe\u00e7as e que podem concluir o endurecimento de um casquilho em 20 segundos.<\/p>\n<p>Os casquilhos de a\u00e7o s\u00e3o uma parte importante da maioria dos equipamentos mec\u00e2nicos. T\u00eam de ter uma elevada dureza, resist\u00eancia \u00e0 fadiga e resist\u00eancia ao desgaste. O endurecimento por indu\u00e7\u00e3o pode aumentar significativamente a dureza e a resist\u00eancia ao desgaste do casquilho e prolongar a sua vida \u00fatil.<\/p>\n<p><strong>Indicadores t\u00e9cnicos de endurecimento de buchas de a\u00e7o:<\/strong><\/p>\n<ul>\n<li>Material do casquilho: a\u00e7o macio<\/li>\n<li>Profundidade de endurecimento: 1-3mm<\/li>\n<li>Dureza: 50HRC-55HRC<\/li>\n<li>Velocidade de produ\u00e7\u00e3o: 180 pe\u00e7as por hora<\/li>\n<\/ul>\n<\/div><\/div><\/div><div class=\"fusion-layout-column fusion_builder_column fusion-builder-column-1 fusion_builder_column_1_1 1_1 fusion-flex-column\" style=\"--awb-bg-size:cover;--awb-width-large:100%;--awb-margin-top-large:0px;--awb-spacing-right-large:1.92%;--awb-margin-bottom-large:20px;--awb-spacing-left-large:1.92%;--awb-width-medium:100%;--awb-order-medium:0;--awb-spacing-right-medium:1.92%;--awb-spacing-left-medium:1.92%;--awb-width-small:100%;--awb-order-small:0;--awb-spacing-right-small:1.92%;--awb-spacing-left-small:1.92%;\"><div class=\"fusion-column-wrapper fusion-column-has-shadow fusion-flex-justify-content-flex-start fusion-content-layout-column\"><div class=\"fusion-text fusion-text-2\"><p><strong>Equipamento<\/strong><\/p>\n<p><span style=\"color: #0000ff;\"><a style=\"color: #0000ff;\" href=\"https:\/\/www.focoinduction.com\/pt-br\/produtos\/maquinas-de-endurecimento-por-inducao\/maquina-automatica-de-endurecimento-por-inducao\/\" target=\"_blank\" rel=\"noopener\">M\u00e1quina de endurecimento por indu\u00e7\u00e3o personalizada<\/a><\/span><\/p>\n<p>As m\u00e1quinas de endurecimento por indu\u00e7\u00e3o personalizadas da FOCO s\u00e3o especialmente concebidas para as pe\u00e7as \u00fanicas dos nossos clientes. Est\u00e3o equipados com uma <a href=\"https:\/\/www.focoinduction.com\/pt-br\/produtos\/maquinas-de-aquecimento-por-inducao\/maquina-de-aquecimento-por-inducao-de-alta-frequencia\/\" target=\"_blank\" rel=\"noopener\">fonte de alimenta\u00e7\u00e3o de aquecimento por indu\u00e7\u00e3o de alta frequ\u00eancia<\/a>, uma mesa girat\u00f3ria de 4 esta\u00e7\u00f5es e um sistema independente de arrefecimento a \u00e1gua.<\/p>\n<p>Reserv\u00e1mos uma interface de instala\u00e7\u00e3o de rob\u00f4 para este equipamento de endurecimento por indu\u00e7\u00e3o, que pode utilizar um bra\u00e7o de rob\u00f4 para realizar a alimenta\u00e7\u00e3o autom\u00e1tica.<\/p>\n<\/div><\/div><\/div><div class=\"fusion-layout-column fusion_builder_column fusion-builder-column-2 fusion_builder_column_1_1 1_1 fusion-flex-column\" style=\"--awb-bg-size:cover;--awb-width-large:100%;--awb-margin-top-large:0px;--awb-spacing-right-large:1.92%;--awb-margin-bottom-large:20px;--awb-spacing-left-large:1.92%;--awb-width-medium:100%;--awb-order-medium:0;--awb-spacing-right-medium:1.92%;--awb-spacing-left-medium:1.92%;--awb-width-small:100%;--awb-order-small:0;--awb-spacing-right-small:1.92%;--awb-spacing-left-small:1.92%;\"><div class=\"fusion-column-wrapper fusion-column-has-shadow fusion-flex-justify-content-flex-start fusion-content-layout-column\"><div class=\"fusion-text fusion-text-3\"><p><strong>Benef\u00edcios<\/strong><\/p>\n<ul>\n<li>O endurecimento por indu\u00e7\u00e3o tem um tempo de aquecimento curto e menos oxida\u00e7\u00e3o e descarboneta\u00e7\u00e3o da superf\u00edcie da pe\u00e7a de trabalho.<\/li>\n<li>O endurecimento por indu\u00e7\u00e3o pode endurecer a superf\u00edcie do casquilho e controlar com precis\u00e3o a profundidade da camada endurecida.<\/li>\n<li>O sistema de endurecimento por indu\u00e7\u00e3o adopta um controlo PLC program\u00e1vel, que \u00e9 f\u00e1cil de automatizar.<\/li>\n<li>Resultados de aquecimento repet\u00edveis e consistentes garantem a qualidade do endurecimento do casquilho.<\/li>\n<\/ul>\n<p>O aquecimento por indu\u00e7\u00e3o \u00e9 um m\u00e9todo r\u00e1pido e controlado de endurecimento de superf\u00edcies met\u00e1licas. A FOCO pode fornecer <span style=\"color: #0000ff;\"><br \/>\n  <a style=\"color: #0000ff;\" href=\"https:\/\/www.focoinduction.com\/pt-br\/produtos\/maquinas-de-endurecimento-por-inducao\/\" target=\"_blank\" rel=\"noopener\">equipamentos de endurecimento por indu\u00e7\u00e3o<\/a><br \/>\n<\/span> para as suas mangas de eixo, engrenagens, eixos longos e outras pe\u00e7as de equipamento mec\u00e2nico.<\/p>\n<p>Saiba mais sobre <span style=\"color: #0000ff;\"><br \/>\n  <a style=\"color: #0000ff;\" href=\"https:\/\/www.focoinduction.com\/pt-br\/aplicacoes\/endurecimento-por-inducao\/\" target=\"_blank\" rel=\"noopener\">aplica\u00e7\u00f5es de endurecimento por indu\u00e7\u00e3o<\/a><br \/>\n<\/span>.<\/p>\n<\/div><\/div><\/div><\/div><\/div><div class=\"fusion-fullwidth fullwidth-box fusion-builder-row-2 fusion-flex-container nonhundred-percent-fullwidth non-hundred-percent-height-scrolling\" style=\"--awb-border-sizes-bottom:1px;--awb-border-radius-top-left:0px;--awb-border-radius-top-right:0px;--awb-border-radius-bottom-right:0px;--awb-border-radius-bottom-left:0px;--awb-flex-wrap:wrap;\" ><div class=\"fusion-builder-row fusion-row fusion-flex-align-items-flex-start fusion-flex-content-wrap\" style=\"max-width:1248px;margin-left: calc(-4% \/ 2 );margin-right: calc(-4% \/ 2 );\"><div class=\"fusion-layout-column fusion_builder_column fusion-builder-column-3 fusion_builder_column_1_1 1_1 fusion-flex-column\" style=\"--awb-bg-size:cover;--awb-width-large:100%;--awb-margin-top-large:0px;--awb-spacing-right-large:1.92%;--awb-margin-bottom-large:20px;--awb-spacing-left-large:1.92%;--awb-width-medium:100%;--awb-order-medium:0;--awb-spacing-right-medium:1.92%;--awb-spacing-left-medium:1.92%;--awb-width-small:100%;--awb-order-small:0;--awb-spacing-right-small:1.92%;--awb-spacing-left-small:1.92%;\"><div class=\"fusion-column-wrapper fusion-column-has-shadow fusion-flex-justify-content-flex-start fusion-content-layout-column\"><div class=\"fusion-text fusion-text-4\" style=\"--awb-text-transform:none;\"><h3>V\u00eddeos de buchas de endurecimento por indu\u00e7\u00e3o<\/h3>\n<\/div><\/div><\/div><div class=\"fusion-layout-column fusion_builder_column fusion-builder-column-4 fusion_builder_column_1_1 1_1 fusion-flex-column\" style=\"--awb-bg-size:cover;--awb-width-large:100%;--awb-margin-top-large:0px;--awb-spacing-right-large:1.92%;--awb-margin-bottom-large:20px;--awb-spacing-left-large:1.92%;--awb-width-medium:100%;--awb-order-medium:0;--awb-spacing-right-medium:1.92%;--awb-spacing-left-medium:1.92%;--awb-width-small:100%;--awb-order-small:0;--awb-spacing-right-small:1.92%;--awb-spacing-left-small:1.92%;\"><div class=\"fusion-column-wrapper fusion-column-has-shadow fusion-flex-justify-content-flex-start fusion-content-layout-column\"><div class=\"fusion-video fusion-youtube\" style=\"--awb-max-width:600px;--awb-max-height:360px;\"><div class=\"video-shortcode\"><lite-youtube videoid=\"Sk7b8VocIi8\" class=\"landscape\" params=\"wmode=transparent&autoplay=1&amp;enablejsapi=1\" title=\"Induction Hardening of Steel Bushing\" data-button-label=\"Play Video\" width=\"600\" height=\"360\" data-thumbnail-size=\"auto\" data-no-cookie=\"on\"><\/lite-youtube><\/div><\/div><\/div><\/div><\/div><\/div><\/p>\n","protected":false},"excerpt":{"rendered":"","protected":false},"author":1,"featured_media":4164,"parent":5837,"menu_order":0,"comment_status":"closed","ping_status":"closed","template":"","meta":{"footnotes":""},"class_list":["post-6658","page","type-page","status-publish","has-post-thumbnail","hentry"],"_links":{"self":[{"href":"https:\/\/www.focoinduction.com\/pt-br\/wp-json\/wp\/v2\/pages\/6658","targetHints":{"allow":["GET"]}}],"collection":[{"href":"https:\/\/www.focoinduction.com\/pt-br\/wp-json\/wp\/v2\/pages"}],"about":[{"href":"https:\/\/www.focoinduction.com\/pt-br\/wp-json\/wp\/v2\/types\/page"}],"author":[{"embeddable":true,"href":"https:\/\/www.focoinduction.com\/pt-br\/wp-json\/wp\/v2\/users\/1"}],"replies":[{"embeddable":true,"href":"https:\/\/www.focoinduction.com\/pt-br\/wp-json\/wp\/v2\/comments?post=6658"}],"version-history":[{"count":0,"href":"https:\/\/www.focoinduction.com\/pt-br\/wp-json\/wp\/v2\/pages\/6658\/revisions"}],"up":[{"embeddable":true,"href":"https:\/\/www.focoinduction.com\/pt-br\/wp-json\/wp\/v2\/pages\/5837"}],"wp:featuredmedia":[{"embeddable":true,"href":"https:\/\/www.focoinduction.com\/pt-br\/wp-json\/wp\/v2\/media\/4164"}],"wp:attachment":[{"href":"https:\/\/www.focoinduction.com\/pt-br\/wp-json\/wp\/v2\/media?parent=6658"}],"curies":[{"name":"wp","href":"https:\/\/api.w.org\/{rel}","templated":true}]}}