{"id":6682,"date":"2022-09-28T11:46:47","date_gmt":"2022-09-28T03:46:47","guid":{"rendered":"https:\/\/www.focoinduction.com\/aplicacoes\/brasagem-por-inducao\/brasagem-de-tubos-de-cobre-em-acessorios-de-latao\/"},"modified":"2023-05-16T09:28:55","modified_gmt":"2023-05-16T01:28:55","slug":"brasagem-de-tubos-de-cobre-em-acessorios-de-latao","status":"publish","type":"page","link":"https:\/\/www.focoinduction.com\/pt-br\/aplicacoes\/brasagem-por-inducao\/brasagem-de-tubos-de-cobre-em-acessorios-de-latao\/","title":{"rendered":"Brasagem de tubos de cobre em acess\u00f3rios de lat\u00e3o"},"content":{"rendered":"<p><div class=\"fusion-fullwidth fullwidth-box fusion-builder-row-1 fusion-flex-container has-pattern-background has-mask-background nonhundred-percent-fullwidth non-hundred-percent-height-scrolling\" style=\"--awb-border-radius-top-left:0px;--awb-border-radius-top-right:0px;--awb-border-radius-bottom-right:0px;--awb-border-radius-bottom-left:0px;--awb-flex-wrap:wrap;\" ><div class=\"fusion-builder-row fusion-row fusion-flex-align-items-flex-start fusion-flex-content-wrap\" style=\"max-width:1248px;margin-left: calc(-4% \/ 2 );margin-right: calc(-4% \/ 2 );\"><div class=\"fusion-layout-column fusion_builder_column fusion-builder-column-0 fusion_builder_column_1_1 1_1 fusion-flex-column\" style=\"--awb-bg-size:cover;--awb-width-large:100%;--awb-margin-top-large:0px;--awb-spacing-right-large:1.92%;--awb-margin-bottom-large:20px;--awb-spacing-left-large:1.92%;--awb-width-medium:100%;--awb-order-medium:0;--awb-spacing-right-medium:1.92%;--awb-spacing-left-medium:1.92%;--awb-width-small:100%;--awb-order-small:0;--awb-spacing-right-small:1.92%;--awb-spacing-left-small:1.92%;\"><div class=\"fusion-column-wrapper fusion-column-has-shadow fusion-flex-justify-content-flex-start fusion-content-layout-column\"><div class=\"fusion-text fusion-text-1\"><h2>Aplica\u00e7\u00e3o de brasagem por indu\u00e7\u00e3o de cobre em lat\u00e3o<\/h2>\n<p>No laborat\u00f3rio de aquecimento por indu\u00e7\u00e3o da FOCO, conclu\u00edmos os testes de brasagem por indu\u00e7\u00e3o de tubos de cobre a acess\u00f3rios de lat\u00e3o.<\/p>\n<p>De acordo com os requisitos do cliente, temos de proceder \u00e0 brasagem por indu\u00e7\u00e3o de tubos de cobre em componentes de lat\u00e3o no prazo de 20 segundos. Depois de receber as amostras de teste do cliente, realiz\u00e1mos testes de brasagem por indu\u00e7\u00e3o nas amostras de tubos de cobre e acess\u00f3rios de lat\u00e3o utilizando uma m\u00e1quina de brasagem por indu\u00e7\u00e3o port\u00e1til.<\/p>\n<p><strong>M\u00e1quina de brasagem de cobre:<\/strong><br \/>\n<span style=\"color: #0000ff;\"><br \/>\n  <a style=\"color: #0000ff;\" href=\"https:\/\/www.focoinduction.com\/pt-br\/produtos\/maquinas-de-brasagem-por-inducao\/maquina-portatil-de-brasagem-por-inducao\/\" target=\"_blank\" rel=\"noopener\">M\u00e1quina de brasagem por indu\u00e7\u00e3o manual de 10 kW<\/a><br \/>\n<\/span>.<\/p>\n<p>A m\u00e1quina de brasagem por indu\u00e7\u00e3o port\u00e1til de 10 kW utiliza um sistema de controlo PLC inteligente. Utiliza uma <span style=\"color: #0000ff;\"><br \/>\n  <a style=\"color: #0000ff;\" href=\"https:\/\/www.focoinduction.com\/pt-br\/produtos\/maquinas-de-aquecimento-por-inducao\/maquina-de-aquecimento-por-inducao-de-frequencia-ultra-alta\/\" target=\"_blank\" rel=\"noopener\">fonte de alimenta\u00e7\u00e3o de aquecimento por indu\u00e7\u00e3o UHF<\/a><br \/>\n<\/span> e est\u00e1 equipado com um sistema de arrefecimento a \u00e1gua incorporado. No processo de brasagem por indu\u00e7\u00e3o, utilizamos um sistema de brasagem por indu\u00e7\u00e3o port\u00e1til para um processo de brasagem mais f\u00e1cil de utilizar.<\/p>\n<p><strong>Processo de brasagem de cobre em lat\u00e3o:<\/strong><\/p>\n<ol>\n<li>Instalar o tubo de cobre e os acess\u00f3rios de lat\u00e3o em conjunto.<\/li>\n<li>Colocar o fluxo e o enchimento na posi\u00e7\u00e3o de folga da junta do tubo de cobre.<\/li>\n<li>O operador segura a m\u00e1quina de brasagem por indu\u00e7\u00e3o port\u00e1til FOCO, alinha a bobina com a junta e inicia o aquecimento.<\/li>\n<li>Ap\u00f3s 20 segundos de aquecimento, o tubo de cobre e os componentes de lat\u00e3o s\u00e3o unidos e a brasagem por indu\u00e7\u00e3o est\u00e1 conclu\u00edda.<\/li>\n<\/ol>\n<p><strong>Benef\u00edcios:<\/strong><\/p>\n<ul>\n<li>Aquece rapidamente e reduz a oxida\u00e7\u00e3o.<\/li>\n<li>A pequena deforma\u00e7\u00e3o torna-o adequado para pe\u00e7as de precis\u00e3o.<\/li>\n<li>O tempo de aquecimento pode ser controlado com precis\u00e3o.<\/li>\n<li>Pot\u00eancia ajust\u00e1vel para poupar energia.<\/li>\n<li>Processo repet\u00edvel com opera\u00e7\u00e3o simples.<\/li>\n<\/ul>\n<p><strong>Conclus\u00e3o<\/strong><\/p>\n<p>Utilizando uma m\u00e1quina de brasagem por indu\u00e7\u00e3o manual FOCO de 10 kW, conseguimos soldar um tubo de cobre a um acess\u00f3rio de lat\u00e3o em menos de 20 segundos. Todo o processo \u00e9 r\u00e1pido e a superf\u00edcie da junta do tubo de cobre soldado \u00e9 lisa e menos oxidada. Os nossos sistemas port\u00e1teis de aquecimento por indu\u00e7\u00e3o permitem a brasagem por indu\u00e7\u00e3o de cobre com cobre, cobre com lat\u00e3o, cobre com a\u00e7o, alum\u00ednio com alum\u00ednio e muito mais.<\/p>\n<p>Saiba mais sobre <span style=\"color: #0000ff;\"><br \/>\n  <a style=\"color: #0000ff;\" href=\"https:\/\/www.focoinduction.com\/pt-br\/aplicacoes\/brasagem-por-inducao\/\" target=\"_blank\" rel=\"noopener\">aplica\u00e7\u00f5es de brasagem por indu\u00e7\u00e3o<\/a><br \/>\n<\/span>.<\/p>\n<\/div><\/div><\/div><\/div><\/div><div class=\"fusion-fullwidth fullwidth-box fusion-builder-row-2 fusion-flex-container nonhundred-percent-fullwidth non-hundred-percent-height-scrolling\" style=\"--awb-border-sizes-bottom:1px;--awb-border-radius-top-left:0px;--awb-border-radius-top-right:0px;--awb-border-radius-bottom-right:0px;--awb-border-radius-bottom-left:0px;--awb-flex-wrap:wrap;\" ><div class=\"fusion-builder-row fusion-row fusion-flex-align-items-flex-start fusion-flex-content-wrap\" style=\"max-width:1248px;margin-left: calc(-4% \/ 2 );margin-right: calc(-4% \/ 2 );\"><div class=\"fusion-layout-column fusion_builder_column fusion-builder-column-1 fusion_builder_column_1_1 1_1 fusion-flex-column\" style=\"--awb-bg-size:cover;--awb-width-large:100%;--awb-margin-top-large:0px;--awb-spacing-right-large:1.92%;--awb-margin-bottom-large:0px;--awb-spacing-left-large:1.92%;--awb-width-medium:100%;--awb-order-medium:0;--awb-spacing-right-medium:1.92%;--awb-spacing-left-medium:1.92%;--awb-width-small:100%;--awb-order-small:0;--awb-spacing-right-small:1.92%;--awb-spacing-left-small:1.92%;\"><div class=\"fusion-column-wrapper fusion-column-has-shadow fusion-flex-justify-content-flex-start fusion-content-layout-column\"><div class=\"fusion-text fusion-text-2\" style=\"--awb-font-size:24px;--awb-text-transform:capitalize;\"><p><strong>Galeria<\/strong><\/p>\n<\/div><\/div><\/div><div class=\"fusion-layout-column fusion_builder_column fusion-builder-column-2 fusion_builder_column_1_1 1_1 fusion-flex-column\" style=\"--awb-bg-size:cover;--awb-width-large:100%;--awb-margin-top-large:0px;--awb-spacing-right-large:1.92%;--awb-margin-bottom-large:20px;--awb-spacing-left-large:1.92%;--awb-width-medium:100%;--awb-order-medium:0;--awb-spacing-right-medium:1.92%;--awb-spacing-left-medium:1.92%;--awb-width-small:100%;--awb-order-small:0;--awb-spacing-right-small:1.92%;--awb-spacing-left-small:1.92%;\"><div class=\"fusion-column-wrapper fusion-column-has-shadow fusion-flex-justify-content-flex-start fusion-content-layout-column\"><div class=\"fusion-image-carousel fusion-image-carousel-auto fusion-image-carousel-1 lightbox-enabled fusion-carousel-border\"><div class=\"awb-carousel awb-swiper awb-swiper-carousel awb-carousel--carousel awb-swiper-dots-position-bottom\" data-layout=\"carousel\" data-autoplay=\"no\" data-autoplayspeed=\"3500\" data-autoplaypause=\"no\" data-columns=\"2\" data-columnsmedium=\"1\" data-columnssmall=\"1\" data-itemmargin=\"15\" data-itemwidth=\"180\" data-touchscroll=\"no\" data-freemode=\"no\" data-imagesize=\"auto\" data-scrollitems=\"0\" data-centeredslides=\"no\" data-rotationangle=\"50\" data-depth=\"100\" data-speed=\"500\" data-shadow=\"no\" data-pagination=\"bullets\" style=\"--awb-columns:2;--awb-column-spacing:15px;--awb-border-width:1px;--awb-border-color:#e9eaee;\"><div class=\"swiper-wrapper awb-image-carousel-wrapper fusion-flex-align-items-center\"><div class=\"swiper-slide\"><div class=\"fusion-carousel-item-wrapper\"><div class=\"fusion-image-wrapper hover-type-none\"><a data-rel=\"iLightbox[image_carousel_1]\" data-caption=\"Brazing copper tube to brass fittings\" data-title=\"Brazing copper tube to brass fittings\" aria-label=\"Brazing copper tube to brass fittings\" href=\"https:\/\/www.focoinduction.com\/wp-content\/uploads\/2022\/09\/Brazing-copper-tube-to-brass-fittings.jpg\" target=\"_self\"><img decoding=\"async\" width=\"600\" height=\"400\" src=\"https:\/\/www.focoinduction.com\/wp-content\/uploads\/2022\/09\/Brazing-copper-tube-to-brass-fittings.jpg\" class=\"attachment-full size-full\" alt=\"Brasagem de tubos de cobre em acess\u00f3rios de lat\u00e3o\" srcset=\"https:\/\/www.focoinduction.com\/wp-content\/uploads\/2022\/09\/Brazing-copper-tube-to-brass-fittings-200x133.jpg 200w, https:\/\/www.focoinduction.com\/wp-content\/uploads\/2022\/09\/Brazing-copper-tube-to-brass-fittings-400x267.jpg 400w, https:\/\/www.focoinduction.com\/wp-content\/uploads\/2022\/09\/Brazing-copper-tube-to-brass-fittings.jpg 600w\" sizes=\"(min-width: 2200px) 100vw, (min-width: 712px) 593px, (min-width: 640px) 712px, \" \/><\/a><\/div><\/div><\/div><div class=\"swiper-slide\"><div class=\"fusion-carousel-item-wrapper\"><div class=\"fusion-image-wrapper hover-type-none\"><a data-rel=\"iLightbox[image_carousel_1]\" data-caption=\"Brazing copper pipe to brass fittings with induction heating\" data-title=\"Brazing copper pipe to brass fittings with induction heating\" aria-label=\"Brazing copper pipe to brass fittings with induction heating\" href=\"https:\/\/www.focoinduction.com\/wp-content\/uploads\/2022\/09\/Brazing-copper-pipe-to-brass-fittings-with-induction-heating.jpg\" target=\"_self\"><img decoding=\"async\" width=\"600\" height=\"400\" src=\"https:\/\/www.focoinduction.com\/wp-content\/uploads\/2022\/09\/Brazing-copper-pipe-to-brass-fittings-with-induction-heating.jpg\" class=\"attachment-full size-full\" alt=\"Soldadura de tubos de cobre a acess\u00f3rios de lat\u00e3o com aquecimento por indu\u00e7\u00e3o\" srcset=\"https:\/\/www.focoinduction.com\/wp-content\/uploads\/2022\/09\/Brazing-copper-pipe-to-brass-fittings-with-induction-heating-200x133.jpg 200w, https:\/\/www.focoinduction.com\/wp-content\/uploads\/2022\/09\/Brazing-copper-pipe-to-brass-fittings-with-induction-heating-400x267.jpg 400w, https:\/\/www.focoinduction.com\/wp-content\/uploads\/2022\/09\/Brazing-copper-pipe-to-brass-fittings-with-induction-heating.jpg 600w\" sizes=\"(min-width: 2200px) 100vw, (min-width: 712px) 593px, (min-width: 640px) 712px, \" \/><\/a><\/div><\/div><\/div><div class=\"swiper-slide\"><div class=\"fusion-carousel-item-wrapper\"><div class=\"fusion-image-wrapper hover-type-none\"><a data-rel=\"iLightbox[image_carousel_1]\" data-caption=\"Induction Brazing copper pipe to brass fittings\" data-title=\"Induction Brazing copper pipe to brass fittings\" aria-label=\"Induction Brazing copper pipe to brass fittings\" href=\"https:\/\/www.focoinduction.com\/wp-content\/uploads\/2022\/09\/Induction-Brazing-copper-pipe-to-brass-fittings.jpg\" target=\"_self\"><img decoding=\"async\" width=\"600\" height=\"400\" src=\"https:\/\/www.focoinduction.com\/wp-content\/uploads\/2022\/09\/Induction-Brazing-copper-pipe-to-brass-fittings.jpg\" class=\"attachment-full size-full\" alt=\"Brasagem por indu\u00e7\u00e3o de tubos de cobre em acess\u00f3rios de lat\u00e3o\" srcset=\"https:\/\/www.focoinduction.com\/wp-content\/uploads\/2022\/09\/Induction-Brazing-copper-pipe-to-brass-fittings-200x133.jpg 200w, https:\/\/www.focoinduction.com\/wp-content\/uploads\/2022\/09\/Induction-Brazing-copper-pipe-to-brass-fittings-400x267.jpg 400w, https:\/\/www.focoinduction.com\/wp-content\/uploads\/2022\/09\/Induction-Brazing-copper-pipe-to-brass-fittings.jpg 600w\" sizes=\"(min-width: 2200px) 100vw, (min-width: 712px) 593px, (min-width: 640px) 712px, \" \/><\/a><\/div><\/div><\/div><\/div><div class=\"awb-swiper-button awb-swiper-button-prev\"><i class=\"awb-icon-angle-left\" aria-hidden=\"true\"><\/i><\/div><div class=\"awb-swiper-button awb-swiper-button-next\"><i class=\"awb-icon-angle-right\" aria-hidden=\"true\"><\/i><\/div><\/div><\/div><\/div><\/div><\/div><\/div><\/p>\n","protected":false},"excerpt":{"rendered":"","protected":false},"author":1,"featured_media":4592,"parent":5815,"menu_order":0,"comment_status":"closed","ping_status":"closed","template":"","meta":{"footnotes":""},"class_list":["post-6682","page","type-page","status-publish","has-post-thumbnail","hentry"],"_links":{"self":[{"href":"https:\/\/www.focoinduction.com\/pt-br\/wp-json\/wp\/v2\/pages\/6682","targetHints":{"allow":["GET"]}}],"collection":[{"href":"https:\/\/www.focoinduction.com\/pt-br\/wp-json\/wp\/v2\/pages"}],"about":[{"href":"https:\/\/www.focoinduction.com\/pt-br\/wp-json\/wp\/v2\/types\/page"}],"author":[{"embeddable":true,"href":"https:\/\/www.focoinduction.com\/pt-br\/wp-json\/wp\/v2\/users\/1"}],"replies":[{"embeddable":true,"href":"https:\/\/www.focoinduction.com\/pt-br\/wp-json\/wp\/v2\/comments?post=6682"}],"version-history":[{"count":0,"href":"https:\/\/www.focoinduction.com\/pt-br\/wp-json\/wp\/v2\/pages\/6682\/revisions"}],"up":[{"embeddable":true,"href":"https:\/\/www.focoinduction.com\/pt-br\/wp-json\/wp\/v2\/pages\/5815"}],"wp:featuredmedia":[{"embeddable":true,"href":"https:\/\/www.focoinduction.com\/pt-br\/wp-json\/wp\/v2\/media\/4592"}],"wp:attachment":[{"href":"https:\/\/www.focoinduction.com\/pt-br\/wp-json\/wp\/v2\/media?parent=6682"}],"curies":[{"name":"wp","href":"https:\/\/api.w.org\/{rel}","templated":true}]}}