{"id":6704,"date":"2022-08-15T16:39:48","date_gmt":"2022-08-15T08:39:48","guid":{"rendered":"https:\/\/www.focoinduction.com\/forjamento-por-inducao\/barra-de-ferro-para-forjamento-com-aquecimento-por-inducao\/"},"modified":"2023-05-16T09:28:55","modified_gmt":"2023-05-16T01:28:55","slug":"barra-de-ferro-para-forjamento-com-aquecimento-por-inducao","status":"publish","type":"page","link":"https:\/\/www.focoinduction.com\/pt-br\/aplicacoes\/forjamento-por-inducao\/barra-de-ferro-para-forjamento-com-aquecimento-por-inducao\/","title":{"rendered":"Barra de ferro para forjamento com aquecimento por indu\u00e7\u00e3o"},"content":{"rendered":"<p><div class=\"fusion-fullwidth fullwidth-box fusion-builder-row-1 fusion-flex-container nonhundred-percent-fullwidth non-hundred-percent-height-scrolling\" style=\"--awb-border-sizes-bottom:1px;--awb-border-radius-top-left:0px;--awb-border-radius-top-right:0px;--awb-border-radius-bottom-right:0px;--awb-border-radius-bottom-left:0px;--awb-flex-wrap:wrap;\" ><div class=\"fusion-builder-row fusion-row fusion-flex-align-items-flex-start fusion-flex-content-wrap\" style=\"max-width:1248px;margin-left: calc(-4% \/ 2 );margin-right: calc(-4% \/ 2 );\"><div class=\"fusion-layout-column fusion_builder_column fusion-builder-column-0 fusion_builder_column_1_1 1_1 fusion-flex-column\" style=\"--awb-bg-size:cover;--awb-width-large:100%;--awb-margin-top-large:0px;--awb-spacing-right-large:1.92%;--awb-margin-bottom-large:20px;--awb-spacing-left-large:1.92%;--awb-width-medium:100%;--awb-order-medium:0;--awb-spacing-right-medium:1.92%;--awb-spacing-left-medium:1.92%;--awb-width-small:100%;--awb-order-small:0;--awb-spacing-right-small:1.92%;--awb-spacing-left-small:1.92%;\"><div class=\"fusion-column-wrapper fusion-column-has-shadow fusion-flex-justify-content-flex-start fusion-content-layout-column\"><div class=\"fusion-text fusion-text-1\"><h2>Aplica\u00e7\u00e3o da barra de ferro para aquecimento por indu\u00e7\u00e3o<\/h2>\n<p>A barra de ferro com aquecimento por indu\u00e7\u00e3o \u00e9 um m\u00e9todo eficiente e econ\u00f3mico de pr\u00e9-aquecimento antes do forjamento. De acordo com os requisitos de forjamento de var\u00f5es de ferro, os nossos engenheiros aquecem var\u00f5es de ferro com um di\u00e2metro de 25 mm e um comprimento de 150 mm no laborat\u00f3rio de indu\u00e7\u00e3o FOCO. A barra de ferro foi aquecida a cerca de 900 \u00b0C em 5 segundos com base nos resultados experimentais.<\/p>\n<p><strong>Equipamento\uff1a<\/strong><\/p>\n<p>160 kW MF <span style=\"color: #0000ff;\"><br \/>\n  <a style=\"color: #0000ff;\" href=\"https:\/\/www.focoinduction.com\/pt-br\/produtos\/maquinas-de-aquecimento-por-inducao\/maquina-de-aquecimento-por-inducao-de-media-frequencia\/\" target=\"_blank\" rel=\"noopener\">m\u00e1quina de aquecimento por indu\u00e7\u00e3o<\/a><br \/>\n<\/span> e term\u00f3metro de infravermelhos.<\/p>\n<p>A m\u00e1quina de aquecimento por indu\u00e7\u00e3o de m\u00e9dia frequ\u00eancia tem uma grande profundidade de aquecimento e \u00e9 frequentemente utilizada para aquecer barras de ferro, barras de a\u00e7o, biletes, etc. Para o aquecimento e pr\u00e9-aquecimento de barras antes do forjamento, concebemos um sistema de aquecimento por indu\u00e7\u00e3o <span style=\"color: #0000ff;\"><br \/>\n  <a style=\"color: #0000ff;\" href=\"https:\/\/www.focoinduction.com\/pt-br\/produtos\/sistema-de-aquecimento-por-inducao-para-forjamento\/\" target=\"_blank\" rel=\"noopener\">sistema de aquecimento por indu\u00e7\u00e3o<\/a><br \/>\n<\/span>.<\/p>\n<p><strong>Processo de aquecimento\uff1a<\/strong><\/p>\n<ol>\n<li>Introduzir as barras de ferro na bobina de indu\u00e7\u00e3o em sequ\u00eancia.<\/li>\n<li>As barras de ferro s\u00e3o aquecidas a 900 \u00b0C durante 5 segundos.<\/li>\n<li>As barras de ferro s\u00e3o retiradas da bobina de indu\u00e7\u00e3o.<\/li>\n<\/ol>\n<p><strong>Benef\u00edcios\uff1a<\/strong><\/p>\n<p>O aquecimento por indu\u00e7\u00e3o \u00e9 um m\u00e9todo r\u00e1pido e seguro de aquecer barras de ferro. Em compara\u00e7\u00e3o com o aquecimento por chama ou por forno de resist\u00eancia, \u00e9 mais eficiente em termos energ\u00e9ticos e mais seguro de executar. Tamb\u00e9m pode ser pr\u00e9-programado para integrar m\u00e1quinas de aquecimento por indu\u00e7\u00e3o na sua linha de produ\u00e7\u00e3o para produ\u00e7\u00e3o automatizada. Ao regular o tempo e a temperatura de aquecimento, o aquecimento por indu\u00e7\u00e3o pode garantir resultados consistentes.<\/p>\n<p>Saiba mais sobre <span style=\"color: #0000ff;\"><br \/>\n  <a style=\"color: #0000ff;\" href=\"https:\/\/www.focoinduction.com\/pt-br\/forjamento-por-inducao\/\" target=\"_blank\" rel=\"noopener\">aplica\u00e7\u00f5es de aquecimento indutivo e forjamento<\/a><br \/>\n<\/span>.<\/p>\n<p>Consultar sistemas de aquecimento por indu\u00e7\u00e3o personalizados e <span style=\"color: #0000ff;\"><br \/>\n  <a style=\"color: #0000ff;\" href=\"https:\/\/www.focoinduction.com\/pt-br\/contacto\/\" target=\"_blank\" rel=\"noopener\">obter um or\u00e7amento<\/a><br \/>\n<\/span>.<\/p>\n<\/div><\/div><\/div><\/div><\/div><div class=\"fusion-fullwidth fullwidth-box fusion-builder-row-2 fusion-flex-container nonhundred-percent-fullwidth non-hundred-percent-height-scrolling\" style=\"--awb-border-sizes-bottom:1px;--awb-border-radius-top-left:0px;--awb-border-radius-top-right:0px;--awb-border-radius-bottom-right:0px;--awb-border-radius-bottom-left:0px;--awb-flex-wrap:wrap;\" ><div class=\"fusion-builder-row fusion-row fusion-flex-align-items-flex-start fusion-flex-content-wrap\" style=\"max-width:1248px;margin-left: calc(-4% \/ 2 );margin-right: calc(-4% \/ 2 );\"><div class=\"fusion-layout-column fusion_builder_column fusion-builder-column-1 fusion_builder_column_1_1 1_1 fusion-flex-column\" style=\"--awb-bg-size:cover;--awb-width-large:100%;--awb-margin-top-large:0px;--awb-spacing-right-large:1.92%;--awb-margin-bottom-large:20px;--awb-spacing-left-large:1.92%;--awb-width-medium:100%;--awb-order-medium:0;--awb-spacing-right-medium:1.92%;--awb-spacing-left-medium:1.92%;--awb-width-small:100%;--awb-order-small:0;--awb-spacing-right-small:1.92%;--awb-spacing-left-small:1.92%;\"><div class=\"fusion-column-wrapper fusion-column-has-shadow fusion-flex-justify-content-flex-start fusion-content-layout-column\"><div class=\"fusion-text fusion-text-2\" style=\"--awb-text-transform:none;\"><h3>V\u00eddeos sobre o aquecimento por indu\u00e7\u00e3o<\/h3>\n<\/div><\/div><\/div><div class=\"fusion-layout-column fusion_builder_column fusion-builder-column-2 fusion_builder_column_1_1 1_1 fusion-flex-column\" style=\"--awb-bg-size:cover;--awb-width-large:100%;--awb-margin-top-large:0px;--awb-spacing-right-large:1.92%;--awb-margin-bottom-large:20px;--awb-spacing-left-large:1.92%;--awb-width-medium:100%;--awb-order-medium:0;--awb-spacing-right-medium:1.92%;--awb-spacing-left-medium:1.92%;--awb-width-small:100%;--awb-order-small:0;--awb-spacing-right-small:1.92%;--awb-spacing-left-small:1.92%;\"><div class=\"fusion-column-wrapper fusion-column-has-shadow fusion-flex-justify-content-flex-start fusion-content-layout-column\"><div class=\"fusion-video fusion-youtube\" style=\"--awb-max-width:600px;--awb-max-height:360px;\"><div class=\"video-shortcode\"><lite-youtube videoid=\"nyaixAMaFJQ\" class=\"landscape\" params=\"wmode=transparent&autoplay=1&amp;enablejsapi=1\" title=\"Induction Heating Iron Bar for Forging\" data-button-label=\"Play Video\" width=\"600\" height=\"360\" data-thumbnail-size=\"auto\" data-no-cookie=\"on\"><\/lite-youtube><\/div><\/div><\/div><\/div><\/div><\/div><\/p>\n","protected":false},"excerpt":{"rendered":"","protected":false},"author":1,"featured_media":4072,"parent":5706,"menu_order":0,"comment_status":"closed","ping_status":"closed","template":"","meta":{"footnotes":""},"class_list":["post-6704","page","type-page","status-publish","has-post-thumbnail","hentry"],"_links":{"self":[{"href":"https:\/\/www.focoinduction.com\/pt-br\/wp-json\/wp\/v2\/pages\/6704","targetHints":{"allow":["GET"]}}],"collection":[{"href":"https:\/\/www.focoinduction.com\/pt-br\/wp-json\/wp\/v2\/pages"}],"about":[{"href":"https:\/\/www.focoinduction.com\/pt-br\/wp-json\/wp\/v2\/types\/page"}],"author":[{"embeddable":true,"href":"https:\/\/www.focoinduction.com\/pt-br\/wp-json\/wp\/v2\/users\/1"}],"replies":[{"embeddable":true,"href":"https:\/\/www.focoinduction.com\/pt-br\/wp-json\/wp\/v2\/comments?post=6704"}],"version-history":[{"count":0,"href":"https:\/\/www.focoinduction.com\/pt-br\/wp-json\/wp\/v2\/pages\/6704\/revisions"}],"up":[{"embeddable":true,"href":"https:\/\/www.focoinduction.com\/pt-br\/wp-json\/wp\/v2\/pages\/5706"}],"wp:featuredmedia":[{"embeddable":true,"href":"https:\/\/www.focoinduction.com\/pt-br\/wp-json\/wp\/v2\/media\/4072"}],"wp:attachment":[{"href":"https:\/\/www.focoinduction.com\/pt-br\/wp-json\/wp\/v2\/media?parent=6704"}],"curies":[{"name":"wp","href":"https:\/\/api.w.org\/{rel}","templated":true}]}}