{"id":6706,"date":"2022-08-16T15:27:05","date_gmt":"2022-08-16T07:27:05","guid":{"rendered":"https:\/\/www.focoinduction.com\/fusao-por-inducao\/fusao-de-300-kg-de-prata-com-aquecimento-por-inducao\/"},"modified":"2023-05-16T09:28:54","modified_gmt":"2023-05-16T01:28:54","slug":"fusao-de-300-kg-de-prata-com-aquecimento-por-inducao","status":"publish","type":"page","link":"https:\/\/www.focoinduction.com\/pt-br\/aplicacoes\/fusao-por-inducao\/fusao-de-300-kg-de-prata-com-aquecimento-por-inducao\/","title":{"rendered":"Fus\u00e3o de 300 kg de prata com aquecimento por indu\u00e7\u00e3o"},"content":{"rendered":"<p><div class=\"fusion-fullwidth fullwidth-box fusion-builder-row-1 fusion-flex-container nonhundred-percent-fullwidth non-hundred-percent-height-scrolling\" style=\"--awb-border-radius-top-left:0px;--awb-border-radius-top-right:0px;--awb-border-radius-bottom-right:0px;--awb-border-radius-bottom-left:0px;--awb-flex-wrap:wrap;\" ><div class=\"fusion-builder-row fusion-row fusion-flex-align-items-flex-start fusion-flex-content-wrap\" style=\"max-width:1248px;margin-left: calc(-4% \/ 2 );margin-right: calc(-4% \/ 2 );\"><div class=\"fusion-layout-column fusion_builder_column fusion-builder-column-0 fusion_builder_column_1_1 1_1 fusion-flex-column\" style=\"--awb-bg-size:cover;--awb-width-large:100%;--awb-margin-top-large:0px;--awb-spacing-right-large:1.92%;--awb-margin-bottom-large:20px;--awb-spacing-left-large:1.92%;--awb-width-medium:100%;--awb-order-medium:0;--awb-spacing-right-medium:1.92%;--awb-spacing-left-medium:1.92%;--awb-width-small:100%;--awb-order-small:0;--awb-spacing-right-small:1.92%;--awb-spacing-left-small:1.92%;\"><div class=\"fusion-column-wrapper fusion-column-has-shadow fusion-flex-justify-content-flex-start fusion-content-layout-column\"><div class=\"fusion-text fusion-text-1\"><h2>Forno de indu\u00e7\u00e3o para fus\u00e3o de 300 kg de prata<\/h2>\n<p>Uma pequena fundi\u00e7\u00e3o precisa de utilizar o aquecimento por indu\u00e7\u00e3o para fundir 300 kg de prata e depois fundir lingotes de prata. Uma vez que a prata \u00e9 um metal precioso, a FOCO fornece aos clientes um forno de fus\u00e3o de ouro por indu\u00e7\u00e3o que utiliza um forno fixo para reduzir as perdas causadas por salpicos de l\u00edquido durante o vazamento. O operador precisa de utilizar a pin\u00e7a do cadinho para remover o cadinho e verter a prata fundida no molde.<\/p>\n<\/div><\/div><\/div><\/div><\/div><div class=\"fusion-fullwidth fullwidth-box fusion-builder-row-2 fusion-flex-container nonhundred-percent-fullwidth non-hundred-percent-height-scrolling\" style=\"--awb-border-radius-top-left:0px;--awb-border-radius-top-right:0px;--awb-border-radius-bottom-right:0px;--awb-border-radius-bottom-left:0px;--awb-padding-top:30px;--awb-padding-right:30px;--awb-padding-bottom:30px;--awb-padding-left:30px;--awb-margin-bottom:40px;--awb-background-color:#d3d3d3;--awb-flex-wrap:wrap;\" ><div class=\"fusion-builder-row fusion-row fusion-flex-align-items-flex-start fusion-flex-content-wrap\" style=\"max-width:1248px;margin-left: calc(-4% \/ 2 );margin-right: calc(-4% \/ 2 );\"><div class=\"fusion-layout-column fusion_builder_column fusion-builder-column-1 fusion_builder_column_1_2 1_2 fusion-flex-column\" style=\"--awb-padding-right:30px;--awb-bg-size:cover;--awb-width-large:50%;--awb-margin-top-large:0px;--awb-spacing-right-large:3.84%;--awb-margin-bottom-large:20px;--awb-spacing-left-large:3.84%;--awb-width-medium:50%;--awb-order-medium:0;--awb-spacing-right-medium:3.84%;--awb-spacing-left-medium:3.84%;--awb-width-small:100%;--awb-order-small:0;--awb-spacing-right-small:1.92%;--awb-spacing-left-small:1.92%;\"><div class=\"fusion-column-wrapper fusion-column-has-shadow fusion-flex-justify-content-flex-start fusion-content-layout-column\"><div class=\"fusion-text fusion-text-2\"><p><strong>Equipamento:<\/strong><\/p>\n<ul>\n<li><span style=\"color: #0000ff;\"><a style=\"color: #0000ff;\" href=\"https:\/\/www.focoinduction.com\/pt-br\/produtos\/fornos-de-fusao-por-inducao\/forno-de-inducao-para-fusao-de-ouro\/\" target=\"_blank\" rel=\"noopener\">Forno de fus\u00e3o de ouro por indu\u00e7\u00e3o de 160 kW<\/a><\/span><\/li>\n<\/ul>\n<p>Este \u00e9 um forno de fus\u00e3o por indu\u00e7\u00e3o concebido pela FOCO e \u00e9 especialmente utilizado para fundir metais preciosos como o ouro e a prata. Est\u00e1 equipado com um cadinho de carboneto de sil\u00edcio, que tem uma taxa de aquecimento r\u00e1pida e uma longa vida \u00fatil. A parte do corpo do forno (o cadinho) \u00e9 instalada directamente no ch\u00e3o e n\u00e3o numa prateleira que possa ser virada.<\/p>\n<div class=\"fusion-button-wrapper\"><a class=\"fusion-button button-flat fusion-button-default-size button-custom fusion-button-default button-1 fusion-button-default-span fusion-button-default-type\" style=\"--button_accent_color:#ffffff;--button_accent_hover_color:#222222;--button_border_hover_color:rgba(255,255,255,0);--button_gradient_top_color:#ff9600;--button_gradient_bottom_color:#ff9600;--button_gradient_top_color_hover:#eeeeee;--button_gradient_bottom_color_hover:#eeeeee;\" target=\"_blank\" rel=\"noopener noreferrer\" title=\"forno de indu\u00e7\u00e3o para fus\u00e3o de ouro\" aria-label=\"forno de indu\u00e7\u00e3o para fus\u00e3o de ouro\" href=\"https:\/\/www.focoinduction.com\/pt-br\/produtos\/fornos-de-fusao-por-inducao\/forno-de-inducao-para-fusao-de-ouro\/\"><span class=\"fusion-button-text awb-button__text awb-button__text--default\">Saiba mais<\/span><\/a><\/div>\n<\/div><\/div><\/div><div class=\"fusion-layout-column fusion_builder_column fusion-builder-column-2 fusion_builder_column_1_2 1_2 fusion-flex-column\" style=\"--awb-bg-size:cover;--awb-width-large:50%;--awb-margin-top-large:0px;--awb-spacing-right-large:3.84%;--awb-margin-bottom-large:20px;--awb-spacing-left-large:3.84%;--awb-width-medium:50%;--awb-order-medium:0;--awb-spacing-right-medium:3.84%;--awb-spacing-left-medium:3.84%;--awb-width-small:100%;--awb-order-small:0;--awb-spacing-right-small:1.92%;--awb-spacing-left-small:1.92%;\"><div class=\"fusion-column-wrapper fusion-column-has-shadow fusion-flex-justify-content-flex-start fusion-content-layout-column\"><div class=\"fusion-image-element \" style=\"--awb-max-width:320px;--awb-caption-title-font-family:var(--h2_typography-font-family);--awb-caption-title-font-weight:var(--h2_typography-font-weight);--awb-caption-title-font-style:var(--h2_typography-font-style);--awb-caption-title-size:var(--h2_typography-font-size);--awb-caption-title-transform:var(--h2_typography-text-transform);--awb-caption-title-line-height:var(--h2_typography-line-height);--awb-caption-title-letter-spacing:var(--h2_typography-letter-spacing);\"><span class=\" fusion-imageframe imageframe-none imageframe-1 hover-type-none\"><a href=\"https:\/\/www.focoinduction.com\/wp-content\/uploads\/2022\/08\/induction-melting-furnace-for-gold-and-silver.jpg\" class=\"fusion-lightbox\" data-rel=\"iLightbox[forno de fus\u00e3o por indu\u00e7\u00e3o para ouro e prata]\" data-caption=\"induction melting furnace for gold and silver\" data-title=\"induction melting furnace for gold and silver\" title=\"induction melting furnace for gold and silver\"><img decoding=\"async\" width=\"420\" height=\"460\" alt=\"forno de fus\u00e3o por indu\u00e7\u00e3o para ouro e prata\" src=\"https:\/\/www.focoinduction.com\/wp-content\/uploads\/2022\/08\/induction-melting-furnace-for-gold-and-silver.jpg\" class=\"img-responsive wp-image-4076\" srcset=\"https:\/\/www.focoinduction.com\/wp-content\/uploads\/2022\/08\/induction-melting-furnace-for-gold-and-silver-200x219.jpg 200w, https:\/\/www.focoinduction.com\/wp-content\/uploads\/2022\/08\/induction-melting-furnace-for-gold-and-silver-400x438.jpg 400w, https:\/\/www.focoinduction.com\/wp-content\/uploads\/2022\/08\/induction-melting-furnace-for-gold-and-silver.jpg 420w\" sizes=\"(max-width: 768px) 100vw, 420px\" \/><\/a><\/span><\/div><\/div><\/div><\/div><\/div><div class=\"fusion-fullwidth fullwidth-box fusion-builder-row-3 fusion-flex-container nonhundred-percent-fullwidth non-hundred-percent-height-scrolling\" style=\"--awb-border-sizes-bottom:1px;--awb-border-radius-top-left:0px;--awb-border-radius-top-right:0px;--awb-border-radius-bottom-right:0px;--awb-border-radius-bottom-left:0px;--awb-flex-wrap:wrap;\" ><div class=\"fusion-builder-row fusion-row fusion-flex-align-items-flex-start fusion-flex-content-wrap\" style=\"max-width:1248px;margin-left: calc(-4% \/ 2 );margin-right: calc(-4% \/ 2 );\"><div class=\"fusion-layout-column fusion_builder_column fusion-builder-column-3 fusion_builder_column_1_1 1_1 fusion-flex-column\" style=\"--awb-bg-size:cover;--awb-width-large:100%;--awb-margin-top-large:0px;--awb-spacing-right-large:1.92%;--awb-margin-bottom-large:20px;--awb-spacing-left-large:1.92%;--awb-width-medium:100%;--awb-order-medium:0;--awb-spacing-right-medium:1.92%;--awb-spacing-left-medium:1.92%;--awb-width-small:100%;--awb-order-small:0;--awb-spacing-right-small:1.92%;--awb-spacing-left-small:1.92%;\"><div class=\"fusion-column-wrapper fusion-column-has-shadow fusion-flex-justify-content-flex-start fusion-content-layout-column\"><div class=\"fusion-text fusion-text-3\"><p><strong>Processo de fus\u00e3o:<\/strong><\/p>\n<ol>\n<li>Colocar a pepita de prata no cadinho.<\/li>\n<li>A pepita de prata derreter\u00e1 em 50 minutos.<\/li>\n<li>Utilizar o suporte do cadinho para retirar o cadinho.<\/li>\n<li>Verter prata derretida em moldes para fundir lingotes de prata.<\/li>\n<\/ol>\n<p>A fus\u00e3o por indu\u00e7\u00e3o \u00e9 normalmente utilizada na ind\u00fastria de j\u00f3ias, como o ouro e a prata. A fus\u00e3o de prata e ouro com aquecimento por indu\u00e7\u00e3o \u00e9 r\u00e1pida, segura e limpa.<\/p>\n<p>Dispomos de fornos de fus\u00e3o por indu\u00e7\u00e3o profissionais para a fus\u00e3o de ouro e prata. Os nossos produtos incluem pequenos <span style=\"color: #0000ff;\"><br \/>\n  <a style=\"color: #0000ff;\" href=\"https:\/\/www.focoinduction.com\/pt-br\/produtos\/fornos-de-fusao-por-inducao\/forno-de-fusao-por-inducao-portatil\/\" target=\"_blank\" rel=\"noopener\">fornos de fus\u00e3o port\u00e1teis<\/a><br \/>\n<\/span> de 1 kg a 3 kg e <span style=\"color: #0000ff;\"><br \/>\n  <a style=\"color: #0000ff;\" href=\"https:\/\/www.focoinduction.com\/pt-br\/produtos\/fornos-de-fusao-por-inducao\/forno-de-fusao-por-inducao-de-tipo-inclinado\/\" target=\"_blank\" rel=\"noopener\">fornos de fus\u00e3o por indu\u00e7\u00e3o de m\u00e9dia frequ\u00eancia<\/a><br \/>\n<\/span> com capacidades de 5 kg a 300 kg. Quer se trate de uma pequena joalharia ou de uma grande empresa de metais preciosos, a FOCO pode fornecer um <span style=\"color: #0000ff;\"><br \/>\n  <a style=\"color: #0000ff;\" href=\"https:\/\/www.focoinduction.com\/pt-br\/produtos\/fornos-de-fusao-por-inducao\/\" target=\"_blank\" rel=\"noopener\">forno de indu\u00e7\u00e3o<\/a><br \/>\n<\/span> para as suas necessidades de fus\u00e3o.<\/p>\n<p>Saiba mais sobre <span style=\"color: #0000ff;\"><br \/>\n  <a style=\"color: #0000ff;\" href=\"https:\/\/www.focoinduction.com\/pt-br\/fusao-por-inducao\/\" target=\"_blank\" rel=\"noopener\">aplica\u00e7\u00f5es de fus\u00e3o por indu\u00e7\u00e3o<\/a><br \/>\n<\/span>.<\/p>\n<p><a href=\"https:\/\/www.focoinduction.com\/pt-br\/contacto\/\" target=\"_blank\" rel=\"noopener\"><em><span style=\"color: #0000ff;\">Contacte-nos para obter uma solu\u00e7\u00e3o para a fus\u00e3o por indu\u00e7\u00e3o de ouro ou prata.<\/span><\/em><\/a><\/p>\n<\/div><\/div><\/div><\/div><\/div><div class=\"fusion-fullwidth fullwidth-box fusion-builder-row-4 fusion-flex-container nonhundred-percent-fullwidth non-hundred-percent-height-scrolling\" style=\"--awb-border-sizes-bottom:1px;--awb-border-radius-top-left:0px;--awb-border-radius-top-right:0px;--awb-border-radius-bottom-right:0px;--awb-border-radius-bottom-left:0px;--awb-flex-wrap:wrap;\" ><div class=\"fusion-builder-row fusion-row fusion-flex-align-items-flex-start fusion-flex-content-wrap\" style=\"max-width:1248px;margin-left: calc(-4% \/ 2 );margin-right: calc(-4% \/ 2 );\"><div class=\"fusion-layout-column fusion_builder_column fusion-builder-column-4 fusion_builder_column_1_1 1_1 fusion-flex-column\" style=\"--awb-bg-size:cover;--awb-width-large:100%;--awb-margin-top-large:0px;--awb-spacing-right-large:1.92%;--awb-margin-bottom-large:20px;--awb-spacing-left-large:1.92%;--awb-width-medium:100%;--awb-order-medium:0;--awb-spacing-right-medium:1.92%;--awb-spacing-left-medium:1.92%;--awb-width-small:100%;--awb-order-small:0;--awb-spacing-right-small:1.92%;--awb-spacing-left-small:1.92%;\"><div class=\"fusion-column-wrapper fusion-column-has-shadow fusion-flex-justify-content-flex-start fusion-content-layout-column\"><div class=\"fusion-text fusion-text-4\" style=\"--awb-text-transform:none;\"><h3>V\u00eddeos de fus\u00e3o por indu\u00e7\u00e3o<\/h3>\n<\/div><\/div><\/div><div class=\"fusion-layout-column fusion_builder_column fusion-builder-column-5 fusion_builder_column_1_1 1_1 fusion-flex-column\" style=\"--awb-bg-size:cover;--awb-width-large:100%;--awb-margin-top-large:0px;--awb-spacing-right-large:1.92%;--awb-margin-bottom-large:20px;--awb-spacing-left-large:1.92%;--awb-width-medium:100%;--awb-order-medium:0;--awb-spacing-right-medium:1.92%;--awb-spacing-left-medium:1.92%;--awb-width-small:100%;--awb-order-small:0;--awb-spacing-right-small:1.92%;--awb-spacing-left-small:1.92%;\"><div class=\"fusion-column-wrapper fusion-column-has-shadow fusion-flex-justify-content-flex-start fusion-content-layout-column\"><div class=\"fusion-video fusion-youtube\" style=\"--awb-max-width:600px;--awb-max-height:360px;\"><div class=\"video-shortcode\"><lite-youtube videoid=\"m2EDOOuXDmA\" class=\"landscape\" params=\"wmode=transparent&autoplay=1&amp;enablejsapi=1\" title=\"Melting Silver 300kg with Induction Heating\" data-button-label=\"Play Video\" width=\"600\" height=\"360\" data-thumbnail-size=\"auto\" data-no-cookie=\"on\"><\/lite-youtube><\/div><\/div><\/div><\/div><\/div><\/div><\/p>\n","protected":false},"excerpt":{"rendered":"","protected":false},"author":1,"featured_media":4080,"parent":5757,"menu_order":0,"comment_status":"closed","ping_status":"closed","template":"","meta":{"footnotes":""},"class_list":["post-6706","page","type-page","status-publish","has-post-thumbnail","hentry"],"_links":{"self":[{"href":"https:\/\/www.focoinduction.com\/pt-br\/wp-json\/wp\/v2\/pages\/6706","targetHints":{"allow":["GET"]}}],"collection":[{"href":"https:\/\/www.focoinduction.com\/pt-br\/wp-json\/wp\/v2\/pages"}],"about":[{"href":"https:\/\/www.focoinduction.com\/pt-br\/wp-json\/wp\/v2\/types\/page"}],"author":[{"embeddable":true,"href":"https:\/\/www.focoinduction.com\/pt-br\/wp-json\/wp\/v2\/users\/1"}],"replies":[{"embeddable":true,"href":"https:\/\/www.focoinduction.com\/pt-br\/wp-json\/wp\/v2\/comments?post=6706"}],"version-history":[{"count":0,"href":"https:\/\/www.focoinduction.com\/pt-br\/wp-json\/wp\/v2\/pages\/6706\/revisions"}],"up":[{"embeddable":true,"href":"https:\/\/www.focoinduction.com\/pt-br\/wp-json\/wp\/v2\/pages\/5757"}],"wp:featuredmedia":[{"embeddable":true,"href":"https:\/\/www.focoinduction.com\/pt-br\/wp-json\/wp\/v2\/media\/4080"}],"wp:attachment":[{"href":"https:\/\/www.focoinduction.com\/pt-br\/wp-json\/wp\/v2\/media?parent=6706"}],"curies":[{"name":"wp","href":"https:\/\/api.w.org\/{rel}","templated":true}]}}