{"id":6708,"date":"2022-10-01T13:55:33","date_gmt":"2022-10-01T05:55:33","guid":{"rendered":"https:\/\/www.focoinduction.com\/lean-sobre-o-aquecimento-por-inducao\/o-que-e-brasagem-por-inducao\/"},"modified":"2023-05-16T09:28:53","modified_gmt":"2023-05-16T01:28:53","slug":"o-que-e-brasagem-por-inducao","status":"publish","type":"page","link":"https:\/\/www.focoinduction.com\/pt-br\/lean-sobre-o-aquecimento-por-inducao\/o-que-e-brasagem-por-inducao\/","title":{"rendered":"O que \u00e9 brasagem por indu\u00e7\u00e3o"},"content":{"rendered":"<p><div class=\"fusion-fullwidth fullwidth-box fusion-builder-row-1 fusion-flex-container has-pattern-background has-mask-background nonhundred-percent-fullwidth non-hundred-percent-height-scrolling\" style=\"--awb-border-radius-top-left:0px;--awb-border-radius-top-right:0px;--awb-border-radius-bottom-right:0px;--awb-border-radius-bottom-left:0px;--awb-flex-wrap:wrap;\" ><div class=\"fusion-builder-row fusion-row fusion-flex-align-items-flex-start fusion-flex-content-wrap\" style=\"max-width:1248px;margin-left: calc(-4% \/ 2 );margin-right: calc(-4% \/ 2 );\"><div class=\"fusion-layout-column fusion_builder_column fusion-builder-column-0 fusion_builder_column_1_1 1_1 fusion-flex-column\" style=\"--awb-bg-size:cover;--awb-width-large:100%;--awb-margin-top-large:0px;--awb-spacing-right-large:1.92%;--awb-margin-bottom-large:20px;--awb-spacing-left-large:1.92%;--awb-width-medium:100%;--awb-order-medium:0;--awb-spacing-right-medium:1.92%;--awb-spacing-left-medium:1.92%;--awb-width-small:100%;--awb-order-small:0;--awb-spacing-right-small:1.92%;--awb-spacing-left-small:1.92%;\"><div class=\"fusion-column-wrapper fusion-column-has-shadow fusion-flex-justify-content-flex-start fusion-content-layout-column\"><div class=\"fusion-text fusion-text-1\"><p>A simplicidade de criar um processo repet\u00edvel torna a brasagem por indu\u00e7\u00e3o perfeita para processos de fabrico em s\u00e9rie e de grande volume. Actualmente, a brasagem por indu\u00e7\u00e3o, um processo de precis\u00e3o que aquece apenas o ponto de fus\u00e3o e a liga de fus\u00e3o, \u00e9 uma t\u00e9cnica mais r\u00e1pida, mais segura e mais eficaz, especialmente se a sua oficina estiver a produzir grandes volumes e incluir alguma automatiza\u00e7\u00e3o.<\/p>\n<\/div><\/div><\/div><div class=\"fusion-layout-column fusion_builder_column fusion-builder-column-1 fusion_builder_column_1_1 1_1 fusion-flex-column\" style=\"--awb-bg-size:cover;--awb-width-large:100%;--awb-margin-top-large:0px;--awb-spacing-right-large:1.92%;--awb-margin-bottom-large:20px;--awb-spacing-left-large:1.92%;--awb-width-medium:100%;--awb-order-medium:0;--awb-spacing-right-medium:1.92%;--awb-spacing-left-medium:1.92%;--awb-width-small:100%;--awb-order-small:0;--awb-spacing-right-small:1.92%;--awb-spacing-left-small:1.92%;\"><div class=\"fusion-column-wrapper fusion-column-has-shadow fusion-flex-justify-content-flex-start fusion-content-layout-column\"><div class=\"fusion-text fusion-text-2\"><h2>Como funciona a brasagem por indu\u00e7\u00e3o?<\/h2>\n<p>A brasagem \u00e9 um processo de uni\u00e3o de materiais que utiliza metais de enchimento (normalmente um solvente anti-oxidante designado por fluxo) para unir duas pe\u00e7as de metal estreitamente espa\u00e7adas sem derreter os materiais de base. Actualmente, a brasagem por indu\u00e7\u00e3o, um processo de precis\u00e3o que aquece apenas o ponto de fus\u00e3o, \u00e9 uma t\u00e9cnica mais r\u00e1pida, mais segura e mais eficaz &#8211; principalmente se a sua oficina produzir grandes volumes e incluir algum grau de automatiza\u00e7\u00e3o.<\/p>\n<\/div><\/div><\/div><\/div><\/div><div class=\"fusion-fullwidth fullwidth-box fusion-builder-row-2 fusion-flex-container has-pattern-background has-mask-background nonhundred-percent-fullwidth non-hundred-percent-height-scrolling\" style=\"--awb-border-radius-top-left:0px;--awb-border-radius-top-right:0px;--awb-border-radius-bottom-right:0px;--awb-border-radius-bottom-left:0px;--awb-flex-wrap:wrap;\" ><div class=\"fusion-builder-row fusion-row fusion-flex-align-items-flex-start fusion-flex-content-wrap\" style=\"max-width:1248px;margin-left: calc(-4% \/ 2 );margin-right: calc(-4% \/ 2 );\"><div class=\"fusion-layout-column fusion_builder_column fusion-builder-column-2 fusion_builder_column_1_1 1_1 fusion-flex-column\" style=\"--awb-bg-size:cover;--awb-width-large:100%;--awb-margin-top-large:0px;--awb-spacing-right-large:1.92%;--awb-margin-bottom-large:20px;--awb-spacing-left-large:1.92%;--awb-width-medium:100%;--awb-order-medium:0;--awb-spacing-right-medium:1.92%;--awb-spacing-left-medium:1.92%;--awb-width-small:100%;--awb-order-small:0;--awb-spacing-right-small:1.92%;--awb-spacing-left-small:1.92%;\"><div class=\"fusion-column-wrapper fusion-column-has-shadow fusion-flex-justify-content-flex-start fusion-content-layout-column\"><div class=\"fusion-text fusion-text-3\"><h2>Benef\u00edcios<\/h2>\n<ul>\n<li>A utiliza\u00e7\u00e3o de uma brasagem por indu\u00e7\u00e3o em vez do ma\u00e7arico tradicional pode melhorar a qualidade da junta e reduzir o tempo necess\u00e1rio por pe\u00e7a.<\/li>\n<li>A simplicidade de criar um processo repet\u00edvel torna a brasagem por indu\u00e7\u00e3o ideal para processos de fabrico em s\u00e9rie e de grande volume.<\/li>\n<li>Os recentes desenvolvimentos de materiais de brasagem de alum\u00ednio a baixa temperatura substitu\u00edram com \u00eaxito o aquecimento por chama e por forno para a montagem de grandes volumes de alum\u00ednio. A brasagem por indu\u00e7\u00e3o reduz a necessidade de oxida\u00e7\u00e3o e de uma limpeza dispendiosa, especialmente se forem utilizados ciclos de arrefecimento r\u00e1pidos.<\/li>\n<li>Uma vez que os ciclos de aquecimento por indu\u00e7\u00e3o s\u00e3o muito mais curtos do que os ciclos de brasagem por chama, podem ser processadas mais pe\u00e7as mais rapidamente, com menos calor libertado para o ambiente circundante. Como resultado, as m\u00e1quinas de brasagem por indu\u00e7\u00e3o produzem juntas de alta qualidade, herm\u00e9ticas e estanques, com menores requisitos de oxida\u00e7\u00e3o e limpeza do que as feitas com tecnologias de aquecimento por chama.<\/li>\n<li>A brasagem por indu\u00e7\u00e3o requer o aquecimento apenas da interface de liga\u00e7\u00e3o, o que permite que as ligas de brasagem fluam e que os capilares entrem na interface de liga\u00e7\u00e3o.<\/li>\n<li>Com um dispositivo de brasagem por indu\u00e7\u00e3o, o utilizador pode definir ciclos de rampa de aquecimento em v\u00e1rias etapas que lhe permitir\u00e3o aumentar rapidamente a temperatura e depois reduzir o calor, de modo a que a liga de brasagem flua correctamente, sem sobreaquecer as pe\u00e7as unidas.<\/li>\n<\/ul>\n<\/div><\/div><\/div><\/div><\/div><div class=\"fusion-fullwidth fullwidth-box fusion-builder-row-3 fusion-flex-container has-pattern-background has-mask-background nonhundred-percent-fullwidth non-hundred-percent-height-scrolling\" style=\"--awb-border-radius-top-left:0px;--awb-border-radius-top-right:0px;--awb-border-radius-bottom-right:0px;--awb-border-radius-bottom-left:0px;--awb-flex-wrap:wrap;\" ><div class=\"fusion-builder-row fusion-row fusion-flex-align-items-flex-start fusion-flex-content-wrap\" style=\"max-width:1248px;margin-left: calc(-4% \/ 2 );margin-right: calc(-4% \/ 2 );\"><div class=\"fusion-layout-column fusion_builder_column fusion-builder-column-3 fusion_builder_column_1_1 1_1 fusion-flex-column\" style=\"--awb-bg-size:cover;--awb-width-large:100%;--awb-margin-top-large:0px;--awb-spacing-right-large:1.92%;--awb-margin-bottom-large:20px;--awb-spacing-left-large:1.92%;--awb-width-medium:100%;--awb-order-medium:0;--awb-spacing-right-medium:1.92%;--awb-spacing-left-medium:1.92%;--awb-width-small:100%;--awb-order-small:0;--awb-spacing-right-small:1.92%;--awb-spacing-left-small:1.92%;\"><div class=\"fusion-column-wrapper fusion-column-has-shadow fusion-flex-justify-content-flex-start fusion-content-layout-column\"><div class=\"fusion-text fusion-text-4\"><h2>Montagem de pe\u00e7as<\/h2>\n<p>Um sistema de brasagem por indu\u00e7\u00e3o instalado correctamente fornecer\u00e1 calor num local espec\u00edfico e localizado para diminuir as distor\u00e7\u00f5es e optimizar o processo global.<\/p>\n<p>A brasagem por indu\u00e7\u00e3o facilita a automatiza\u00e7\u00e3o dos processos de montagem de pe\u00e7as, libertando as m\u00e3os do operador e aumentando a esperan\u00e7a de vida do seu equipamento.<\/p>\n<\/div><\/div><\/div><\/div><\/div><div class=\"fusion-fullwidth fullwidth-box fusion-builder-row-4 fusion-flex-container has-pattern-background has-mask-background nonhundred-percent-fullwidth non-hundred-percent-height-scrolling\" style=\"--awb-border-radius-top-left:0px;--awb-border-radius-top-right:0px;--awb-border-radius-bottom-right:0px;--awb-border-radius-bottom-left:0px;--awb-flex-wrap:wrap;\" ><div class=\"fusion-builder-row fusion-row fusion-flex-align-items-flex-start fusion-flex-content-wrap\" style=\"max-width:1248px;margin-left: calc(-4% \/ 2 );margin-right: calc(-4% \/ 2 );\"><div class=\"fusion-layout-column fusion_builder_column fusion-builder-column-4 fusion_builder_column_1_1 1_1 fusion-flex-column\" style=\"--awb-bg-size:cover;--awb-width-large:100%;--awb-margin-top-large:0px;--awb-spacing-right-large:1.92%;--awb-margin-bottom-large:20px;--awb-spacing-left-large:1.92%;--awb-width-medium:100%;--awb-order-medium:0;--awb-spacing-right-medium:1.92%;--awb-spacing-left-medium:1.92%;--awb-width-small:100%;--awb-order-small:0;--awb-spacing-right-small:1.92%;--awb-spacing-left-small:1.92%;\"><div class=\"fusion-column-wrapper fusion-column-has-shadow fusion-flex-justify-content-flex-start fusion-content-layout-column\"><div class=\"fusion-text fusion-text-5\"><h2>Metais que podem ser brasados por indu\u00e7\u00e3o<\/h2>\n<p>Embora quase todos os metais possam ser soldados, desde que o calor e o metal de adi\u00e7\u00e3o utilizado durante o processo sejam cuidadosamente controlados, alguns metais requerem mais cuidado e precis\u00e3o durante o processo de brasagem. A brasagem por indu\u00e7\u00e3o continua a formar uma excelente liga\u00e7\u00e3o que mant\u00e9m as pe\u00e7as unidas.<\/p>\n<p>Existem muitos metais adequados para a brasagem por indu\u00e7\u00e3o.<\/p>\n<ul>\n<li>Metais como a platina, a prata e o ouro s\u00e3o caros de trabalhar e a exactid\u00e3o \u00e9 uma necessidade quando se soldam estes metais preciosos.<\/li>\n<li>O cobre e as suas ligas s\u00e3o amplamente utilizados devido \u00e0s suas propriedades superiores de condutividade el\u00e9ctrica e t\u00e9rmica. A sua resist\u00eancia \u00e0 corros\u00e3o, for\u00e7a e desempenho \u00e0 fadiga s\u00e3o excelentes. Podem ser facilmente soldados e brasados, e muitos cobres e ligas de cobre podem ser soldados utilizando gases, arcos e m\u00e9todos de resist\u00eancia.<\/li>\n<li>O lat\u00e3o, o alum\u00ednio, o ferro, o a\u00e7o e o a\u00e7o inoxid\u00e1vel s\u00e3o tamb\u00e9m metais populares para a brasagem.<\/li>\n<li>O tungst\u00e9nio \u00e9 mais forte do que o ouro e a prata juntos e cria uma excelente veda\u00e7\u00e3o para a brasagem.<\/li>\n<li>O cr\u00f3mio, um metal de brasagem caro, \u00e9 utilizado na <a href=\"https:\/\/www.focoinduction.com\/pt-br\/industrias\/aquecimento-por-inducao-na-industria-automovel\/\" target=\"_blank\" rel=\"noopener\">ind\u00fastria autom\u00f3vel<\/a>.<\/li>\n<li>O n\u00edquel e as ligas de n\u00edquel s\u00e3o tamb\u00e9m excelentes materiais de brasagem e s\u00e3o frequentemente utilizados nas ind\u00fastrias qu\u00edmica, nuclear e aeroespacial.<\/li>\n<\/ul>\n<\/div><\/div><\/div><div class=\"fusion-layout-column fusion_builder_column fusion-builder-column-5 fusion_builder_column_1_1 1_1 fusion-flex-column\" style=\"--awb-bg-size:cover;--awb-width-large:100%;--awb-margin-top-large:0px;--awb-spacing-right-large:1.92%;--awb-margin-bottom-large:20px;--awb-spacing-left-large:1.92%;--awb-width-medium:100%;--awb-order-medium:0;--awb-spacing-right-medium:1.92%;--awb-spacing-left-medium:1.92%;--awb-width-small:100%;--awb-order-small:0;--awb-spacing-right-small:1.92%;--awb-spacing-left-small:1.92%;\"><div class=\"fusion-column-wrapper fusion-column-has-shadow fusion-flex-justify-content-flex-start fusion-content-layout-column\"><div class=\"fusion-text fusion-text-6\" style=\"--awb-text-transform:capitalize;\"><p><a href=\"https:\/\/www.focoinduction.com\/pt-br\/aplicacoes\/brasagem-por-inducao\/\" target=\"_blank\" rel=\"noopener\"><em>Veja o nosso projecto de brasagem por indu\u00e7\u00e3o.<\/em><\/a><\/p>\n<\/div><\/div><\/div><\/div><\/div><\/p>\n","protected":false},"excerpt":{"rendered":"","protected":false},"author":1,"featured_media":4632,"parent":6483,"menu_order":0,"comment_status":"closed","ping_status":"closed","template":"","meta":{"footnotes":""},"class_list":["post-6708","page","type-page","status-publish","has-post-thumbnail","hentry"],"_links":{"self":[{"href":"https:\/\/www.focoinduction.com\/pt-br\/wp-json\/wp\/v2\/pages\/6708","targetHints":{"allow":["GET"]}}],"collection":[{"href":"https:\/\/www.focoinduction.com\/pt-br\/wp-json\/wp\/v2\/pages"}],"about":[{"href":"https:\/\/www.focoinduction.com\/pt-br\/wp-json\/wp\/v2\/types\/page"}],"author":[{"embeddable":true,"href":"https:\/\/www.focoinduction.com\/pt-br\/wp-json\/wp\/v2\/users\/1"}],"replies":[{"embeddable":true,"href":"https:\/\/www.focoinduction.com\/pt-br\/wp-json\/wp\/v2\/comments?post=6708"}],"version-history":[{"count":0,"href":"https:\/\/www.focoinduction.com\/pt-br\/wp-json\/wp\/v2\/pages\/6708\/revisions"}],"up":[{"embeddable":true,"href":"https:\/\/www.focoinduction.com\/pt-br\/wp-json\/wp\/v2\/pages\/6483"}],"wp:featuredmedia":[{"embeddable":true,"href":"https:\/\/www.focoinduction.com\/pt-br\/wp-json\/wp\/v2\/media\/4632"}],"wp:attachment":[{"href":"https:\/\/www.focoinduction.com\/pt-br\/wp-json\/wp\/v2\/media?parent=6708"}],"curies":[{"name":"wp","href":"https:\/\/api.w.org\/{rel}","templated":true}]}}