{"id":6756,"date":"2022-08-22T12:17:43","date_gmt":"2022-08-22T04:17:43","guid":{"rendered":"https:\/\/www.focoinduction.com\/fusao-por-inducao\/fusao-por-inducao-500-kg-ferro\/"},"modified":"2023-05-16T09:28:54","modified_gmt":"2023-05-16T01:28:54","slug":"fusao-por-inducao-500-kg-ferro","status":"publish","type":"page","link":"https:\/\/www.focoinduction.com\/pt-br\/aplicacoes\/fusao-por-inducao\/fusao-por-inducao-500-kg-ferro\/","title":{"rendered":"Fus\u00e3o por indu\u00e7\u00e3o 500 kg Ferro"},"content":{"rendered":"<p><div class=\"fusion-fullwidth fullwidth-box fusion-builder-row-1 fusion-flex-container nonhundred-percent-fullwidth non-hundred-percent-height-scrolling\" style=\"--awb-border-sizes-bottom:1px;--awb-border-radius-top-left:0px;--awb-border-radius-top-right:0px;--awb-border-radius-bottom-right:0px;--awb-border-radius-bottom-left:0px;--awb-flex-wrap:wrap;\" ><div class=\"fusion-builder-row fusion-row fusion-flex-align-items-flex-start fusion-flex-content-wrap\" style=\"max-width:1248px;margin-left: calc(-4% \/ 2 );margin-right: calc(-4% \/ 2 );\"><div class=\"fusion-layout-column fusion_builder_column fusion-builder-column-0 fusion_builder_column_1_1 1_1 fusion-flex-column\" style=\"--awb-bg-size:cover;--awb-width-large:100%;--awb-margin-top-large:0px;--awb-spacing-right-large:1.92%;--awb-margin-bottom-large:20px;--awb-spacing-left-large:1.92%;--awb-width-medium:100%;--awb-order-medium:0;--awb-spacing-right-medium:1.92%;--awb-spacing-left-medium:1.92%;--awb-width-small:100%;--awb-order-small:0;--awb-spacing-right-small:1.92%;--awb-spacing-left-small:1.92%;\"><div class=\"fusion-column-wrapper fusion-column-has-shadow fusion-flex-justify-content-flex-start fusion-content-layout-column\"><div class=\"fusion-text fusion-text-1\"><p>Uma fundi\u00e7\u00e3o precisa de fundir 500 kg de ferro fundido por hora. A FOCO fornece aos clientes um forno de fus\u00e3o por indu\u00e7\u00e3o com concha de alum\u00ednio de 300 kW, que pode fundir 500 kg de ferro, ferro fundido e ferro-gusa em 50 minutos. Tamb\u00e9m equipamos os clientes com equipamento de remo\u00e7\u00e3o de poeiras para recolher as part\u00edculas flutuantes geradas durante o processo de fus\u00e3o e melhorar o ambiente de trabalho.<\/p>\n<p><strong>Propriedades do ferro:<\/strong><\/p>\n<ul>\n<li>Ponto de fus\u00e3o: 1538 \u2103.<\/li>\n<li>Densidade: 7,86 g\/cm\u00b3.<\/li>\n<li>Capacidade t\u00e9rmica espec\u00edfica: 460J\/(kg \u2103).<\/li>\n<li>Aspecto e forma: O ferro puro \u00e9 um cristal met\u00e1lico com um brilho met\u00e1lico branco-prateado, geralmente part\u00edculas finas ou p\u00f3 amorfo cinzento a cinzento-preto. Tem boa ductilidade, condutividade el\u00e9ctrica e condutividade t\u00e9rmica. Possui um forte ferromagnetismo e pertence ao material magn\u00e9tico.<\/li>\n<\/ul>\n<p><strong>Equipamento:<\/strong><\/p>\n<ul>\n<li>300 kW <span style=\"color: #0000ff;\"><br \/>\n  <a style=\"color: #0000ff;\" href=\"https:\/\/www.focoinduction.com\/pt-br\/produtos\/fornos-de-fusao-por-inducao\/forno-de-inducao-para-fusao-de-conchas-de-aluminio\/\" target=\"_blank\" rel=\"noopener\">forno de indu\u00e7\u00e3o para fus\u00e3o de conchas de alum\u00ednio<\/a><br \/>\n<\/span>.<\/li>\n<li>Equipamento de remo\u00e7\u00e3o de poeiras.<\/li>\n<\/ul>\n<p>O forno de fus\u00e3o por indu\u00e7\u00e3o de casca de alum\u00ednio adota uma fonte de alimenta\u00e7\u00e3o de aquecimento por indu\u00e7\u00e3o GWJ e um corpo de forno de fus\u00e3o por indu\u00e7\u00e3o sem n\u00facleo de 500 kg. Est\u00e1 equipado com dois corpos de forno para a fus\u00e3o do ferro. Um corpo do forno funciona e um corpo do forno est\u00e1 em espera. Em caso de manuten\u00e7\u00e3o de um dos corpos do forno, o corpo do forno de reserva pode ser activado para assegurar uma produ\u00e7\u00e3o cont\u00ednua.<\/p>\n<p>Est\u00e1 tamb\u00e9m equipado com uma pega de controlo remoto para controlar a invers\u00e3o do corpo do forno, tornando mais seguro o derrame de ferro fundido. Os fumos e as poeiras gerados durante o processo de fus\u00e3o podem ser removidos utilizando equipamento de remo\u00e7\u00e3o de poeiras.<\/p>\n<p><strong>Processo de fus\u00e3o:<\/strong><\/p>\n<ol>\n<li>Colocar o bloco de ferro no corpo do forno de fus\u00e3o por indu\u00e7\u00e3o.<\/li>\n<li>O bloco de ferro de 500 kg derreter\u00e1 em 50 minutos.<\/li>\n<li>Deitar fora o ferro fundido.<\/li>\n<\/ol>\n<p><strong>Fundi\u00e7\u00f5es eficientes e mais seguras:<\/strong><\/p>\n<p>As muitas vantagens do aquecimento indutivo mostram que <span style=\"color: #0000ff;\"><br \/>\n  <a style=\"color: #0000ff;\" href=\"https:\/\/www.focoinduction.com\/pt-br\/produtos\/fornos-de-fusao-por-inducao\/\" target=\"_blank\" rel=\"noopener\">fornos de fus\u00e3o por indu\u00e7\u00e3o<\/a><br \/>\n<\/span> podem proporcionar um processo de produ\u00e7\u00e3o mais seguro e mais eficiente. Os sistemas de aquecimento e fus\u00e3o por indu\u00e7\u00e3o da FOCO oferecem a melhor solu\u00e7\u00e3o econ\u00f3mica para o seu projecto de fus\u00e3o.<\/p>\n<p>Saiba mais sobre <span style=\"color: #0000ff;\"><br \/>\n  <a style=\"color: #0000ff;\" href=\"https:\/\/www.focoinduction.com\/pt-br\/fusao-por-inducao\/\" target=\"_blank\" rel=\"noopener\">aplica\u00e7\u00f5es de fus\u00e3o por indu\u00e7\u00e3o<\/a><br \/>\n<\/span>.<\/p>\n<\/div><\/div><\/div><\/div><\/div><div class=\"fusion-fullwidth fullwidth-box fusion-builder-row-2 fusion-flex-container nonhundred-percent-fullwidth non-hundred-percent-height-scrolling\" style=\"--awb-border-sizes-bottom:1px;--awb-border-radius-top-left:0px;--awb-border-radius-top-right:0px;--awb-border-radius-bottom-right:0px;--awb-border-radius-bottom-left:0px;--awb-flex-wrap:wrap;\" ><div class=\"fusion-builder-row fusion-row fusion-flex-align-items-flex-start fusion-flex-content-wrap\" style=\"max-width:1248px;margin-left: calc(-4% \/ 2 );margin-right: calc(-4% \/ 2 );\"><div class=\"fusion-layout-column fusion_builder_column fusion-builder-column-1 fusion_builder_column_1_1 1_1 fusion-flex-column\" style=\"--awb-bg-size:cover;--awb-width-large:100%;--awb-margin-top-large:0px;--awb-spacing-right-large:1.92%;--awb-margin-bottom-large:20px;--awb-spacing-left-large:1.92%;--awb-width-medium:100%;--awb-order-medium:0;--awb-spacing-right-medium:1.92%;--awb-spacing-left-medium:1.92%;--awb-width-small:100%;--awb-order-small:0;--awb-spacing-right-small:1.92%;--awb-spacing-left-small:1.92%;\"><div class=\"fusion-column-wrapper fusion-column-has-shadow fusion-flex-justify-content-flex-start fusion-content-layout-column\"><div class=\"fusion-text fusion-text-2\" style=\"--awb-text-transform:none;\"><h3>V\u00eddeos de fus\u00e3o por indu\u00e7\u00e3o de 500 kg de ferro<\/h3>\n<\/div><\/div><\/div><div class=\"fusion-layout-column fusion_builder_column fusion-builder-column-2 fusion_builder_column_1_1 1_1 fusion-flex-column\" style=\"--awb-bg-size:cover;--awb-width-large:100%;--awb-margin-top-large:0px;--awb-spacing-right-large:1.92%;--awb-margin-bottom-large:20px;--awb-spacing-left-large:1.92%;--awb-width-medium:100%;--awb-order-medium:0;--awb-spacing-right-medium:1.92%;--awb-spacing-left-medium:1.92%;--awb-width-small:100%;--awb-order-small:0;--awb-spacing-right-small:1.92%;--awb-spacing-left-small:1.92%;\"><div class=\"fusion-column-wrapper fusion-column-has-shadow fusion-flex-justify-content-flex-start fusion-content-layout-column\"><div class=\"fusion-video fusion-youtube\" style=\"--awb-max-width:600px;--awb-max-height:360px;\"><div class=\"video-shortcode\"><lite-youtube videoid=\"NV-ZPF-eha4\" class=\"landscape\" params=\"wmode=transparent&autoplay=1&amp;enablejsapi=1\" title=\"Induction Melting 500 kg Iron\" data-button-label=\"Play Video\" width=\"600\" height=\"360\" data-thumbnail-size=\"auto\" data-no-cookie=\"on\"><\/lite-youtube><\/div><\/div><\/div><\/div><\/div><\/div><\/p>\n","protected":false},"excerpt":{"rendered":"","protected":false},"author":1,"featured_media":4084,"parent":5757,"menu_order":0,"comment_status":"closed","ping_status":"closed","template":"","meta":{"footnotes":""},"class_list":["post-6756","page","type-page","status-publish","has-post-thumbnail","hentry"],"_links":{"self":[{"href":"https:\/\/www.focoinduction.com\/pt-br\/wp-json\/wp\/v2\/pages\/6756","targetHints":{"allow":["GET"]}}],"collection":[{"href":"https:\/\/www.focoinduction.com\/pt-br\/wp-json\/wp\/v2\/pages"}],"about":[{"href":"https:\/\/www.focoinduction.com\/pt-br\/wp-json\/wp\/v2\/types\/page"}],"author":[{"embeddable":true,"href":"https:\/\/www.focoinduction.com\/pt-br\/wp-json\/wp\/v2\/users\/1"}],"replies":[{"embeddable":true,"href":"https:\/\/www.focoinduction.com\/pt-br\/wp-json\/wp\/v2\/comments?post=6756"}],"version-history":[{"count":0,"href":"https:\/\/www.focoinduction.com\/pt-br\/wp-json\/wp\/v2\/pages\/6756\/revisions"}],"up":[{"embeddable":true,"href":"https:\/\/www.focoinduction.com\/pt-br\/wp-json\/wp\/v2\/pages\/5757"}],"wp:featuredmedia":[{"embeddable":true,"href":"https:\/\/www.focoinduction.com\/pt-br\/wp-json\/wp\/v2\/media\/4084"}],"wp:attachment":[{"href":"https:\/\/www.focoinduction.com\/pt-br\/wp-json\/wp\/v2\/media?parent=6756"}],"curies":[{"name":"wp","href":"https:\/\/api.w.org\/{rel}","templated":true}]}}