{"id":8654,"date":"2024-12-27T16:10:15","date_gmt":"2024-12-27T08:10:15","guid":{"rendered":"https:\/\/www.focoinduction.com\/aplicacoes\/brasagem-por-inducao\/chapa-de-cobre-para-brasagem-por-inducao\/"},"modified":"2024-12-27T16:18:14","modified_gmt":"2024-12-27T08:18:14","slug":"chapa-de-cobre-para-brasagem-por-inducao","status":"publish","type":"page","link":"https:\/\/www.focoinduction.com\/pt-br\/aplicacoes\/brasagem-por-inducao\/chapa-de-cobre-para-brasagem-por-inducao\/","title":{"rendered":"Chapa de cobre para brasagem por indu\u00e7\u00e3o"},"content":{"rendered":"<p><div class=\"fusion-fullwidth fullwidth-box fusion-builder-row-1 fusion-flex-container has-pattern-background has-mask-background nonhundred-percent-fullwidth non-hundred-percent-height-scrolling\" style=\"--awb-border-sizes-bottom:1px;--awb-border-radius-top-left:0px;--awb-border-radius-top-right:0px;--awb-border-radius-bottom-right:0px;--awb-border-radius-bottom-left:0px;--awb-flex-wrap:wrap;\" ><div class=\"fusion-builder-row fusion-row fusion-flex-align-items-flex-start fusion-flex-content-wrap\" style=\"max-width:1248px;margin-left: calc(-4% \/ 2 );margin-right: calc(-4% \/ 2 );\"><div class=\"fusion-layout-column fusion_builder_column fusion-builder-column-0 fusion_builder_column_1_1 1_1 fusion-flex-column\" style=\"--awb-bg-size:cover;--awb-width-large:100%;--awb-margin-top-large:0px;--awb-spacing-right-large:1.92%;--awb-margin-bottom-large:20px;--awb-spacing-left-large:1.92%;--awb-width-medium:100%;--awb-order-medium:0;--awb-spacing-right-medium:1.92%;--awb-spacing-left-medium:1.92%;--awb-width-small:100%;--awb-order-small:0;--awb-spacing-right-small:1.92%;--awb-spacing-left-small:1.92%;\"><div class=\"fusion-column-wrapper fusion-column-has-shadow fusion-flex-justify-content-flex-start fusion-content-layout-column\"><div class=\"fusion-text fusion-text-1\"><h2>Brasagem de placas de cobre do motor com uma m\u00e1quina port\u00e1til de aquecimento por indu\u00e7\u00e3o<\/h2>\n<p>Nossa m\u00e1quina de brasagem por indu\u00e7\u00e3o port\u00e1til \u00e9 muito adequada para brasagem de placas de cobre e extremidades de chicotes de fios de cobre. Devido ao aquecimento indutivo r\u00e1pido e eficiente, ele reduz a oxida\u00e7\u00e3o da superf\u00edcie do cobre e proporciona maior qualidade de brasagem,<\/p>\n<p>A soldagem de prata de placas de cobre \u00e9 um processo importante na fabrica\u00e7\u00e3o de motores el\u00e9tricos. As placas de cobre podem ter espessuras e larguras diferentes e, muitas vezes, dois ou mais condutores de cobre precisam ser brasados juntos. Dependendo da localiza\u00e7\u00e3o das placas de cobre, o processo de brasagem pode precisar ser conclu\u00eddo usando <a href=\"https:\/\/www.focoinduction.com\/pt-br\/servicos-de-aquecimento-por-inducao\/bobina-de-aquecimento-por-inducao-personalizada\/\"><span style=\"color: #0000ff;\">bobinas de indu\u00e7\u00e3o<\/span><\/a> ou bobinas de indu\u00e7\u00e3o abertas em forma de U.<\/p>\n<p>Neste projeto de brasagem de placas de cobre, usamos 8 placas de cobre medindo 12\u00d74 mm e 50 mm de comprimento. A solda se estende a uma profundidade de cerca de 20 mm.<br \/>\nM\u00e1quina de brasagem usada: <span style=\"color: #0000ff;\"><a style=\"color: #0000ff;\" href=\"https:\/\/www.focoinduction.com\/pt-br\/produtos\/maquinas-de-brasagem-por-inducao\/maquina-de-brasagem-por-inducao-portatil\/\">M\u00e1quina de aquecimento por indu\u00e7\u00e3o port\u00e1til HF-35KW<\/a><\/span><\/p>\n<p><strong>Processo de brasagem:<\/strong><br \/>\nInicie a m\u00e1quina de brasagem por indu\u00e7\u00e3o port\u00e1til de 35KW ap\u00f3s o funcionamento do resfriador industrial, use as bobinas personalizadas para aquecer as 8 placas de cobre que j\u00e1 est\u00e3o fixas.<\/p>\n<p><strong>Resultados:<\/strong><br \/>\nA m\u00e1quina de aquecimento por indu\u00e7\u00e3o port\u00e1til de 35KW concluiu a brasagem da placa de cobre em cerca de 20 segundos,<\/p>\n<p>Nossa m\u00e1quina port\u00e1til de aquecimento por indu\u00e7\u00e3o facilita muito o processo de brasagem de placas de cobre e extremidades de chicotes de fios de motores.<a href=\"https:\/\/www.focoinduction.com\/pt-br\/produtos\/maquinas-de-brasagem-por-inducao\/maquina-portatil-de-brasagem-por-inducao\/\"><span style=\"color: #0000ff;\"> m\u00e1quinas port\u00e1teis de brasagem por indu\u00e7\u00e3o<\/span><\/a> com resfriador industrial embutido e sistema de controle PLC.<\/p>\n<p>Saiba mais sobre<a href=\"https:\/\/www.focoinduction.com\/pt-br\/aplicacoes\/brasagem-por-inducao\/\" target=\"_blank\" rel=\"noopener\"> <span style=\"color: #0000ff;\">aplica\u00e7\u00f5es de brasagem por indu\u00e7\u00e3o<\/span><\/a>.<\/p>\n<\/div><\/div><\/div><\/div><\/div><div class=\"fusion-fullwidth fullwidth-box fusion-builder-row-2 fusion-flex-container has-pattern-background has-mask-background nonhundred-percent-fullwidth non-hundred-percent-height-scrolling\" style=\"--awb-border-radius-top-left:0px;--awb-border-radius-top-right:0px;--awb-border-radius-bottom-right:0px;--awb-border-radius-bottom-left:0px;--awb-flex-wrap:wrap;\" ><div class=\"fusion-builder-row fusion-row fusion-flex-align-items-flex-start fusion-flex-content-wrap\" style=\"max-width:1248px;margin-left: calc(-4% \/ 2 );margin-right: calc(-4% \/ 2 );\"><div class=\"fusion-layout-column fusion_builder_column fusion-builder-column-1 fusion_builder_column_1_1 1_1 fusion-flex-column\" style=\"--awb-bg-size:cover;--awb-width-large:100%;--awb-margin-top-large:0px;--awb-spacing-right-large:1.92%;--awb-margin-bottom-large:20px;--awb-spacing-left-large:1.92%;--awb-width-medium:100%;--awb-order-medium:0;--awb-spacing-right-medium:1.92%;--awb-spacing-left-medium:1.92%;--awb-width-small:100%;--awb-order-small:0;--awb-spacing-right-small:1.92%;--awb-spacing-left-small:1.92%;\"><div class=\"fusion-column-wrapper fusion-column-has-shadow fusion-flex-justify-content-flex-start fusion-content-layout-column\"><div class=\"fusion-text fusion-text-2\"><h3><strong>Video of Induction Brazing<\/strong><\/h3>\n<\/div><div class=\"fusion-video fusion-youtube\" style=\"--awb-max-width:600px;--awb-max-height:360px;\"><div class=\"video-shortcode\"><lite-youtube videoid=\"9YYBxtog73w\" class=\"landscape\" params=\"wmode=transparent&autoplay=1&amp;enablejsapi=1\" title=\"Induction Brazing Copper Plate\" data-button-label=\"Play Video\" width=\"600\" height=\"360\" data-thumbnail-size=\"auto\" data-no-cookie=\"on\"><\/lite-youtube><\/div><\/div><\/div><\/div><\/div><\/div><\/p>\n","protected":false},"excerpt":{"rendered":"","protected":false},"author":1,"featured_media":8630,"parent":5815,"menu_order":0,"comment_status":"closed","ping_status":"closed","template":"","meta":{"footnotes":""},"class_list":["post-8654","page","type-page","status-publish","has-post-thumbnail","hentry"],"_links":{"self":[{"href":"https:\/\/www.focoinduction.com\/pt-br\/wp-json\/wp\/v2\/pages\/8654","targetHints":{"allow":["GET"]}}],"collection":[{"href":"https:\/\/www.focoinduction.com\/pt-br\/wp-json\/wp\/v2\/pages"}],"about":[{"href":"https:\/\/www.focoinduction.com\/pt-br\/wp-json\/wp\/v2\/types\/page"}],"author":[{"embeddable":true,"href":"https:\/\/www.focoinduction.com\/pt-br\/wp-json\/wp\/v2\/users\/1"}],"replies":[{"embeddable":true,"href":"https:\/\/www.focoinduction.com\/pt-br\/wp-json\/wp\/v2\/comments?post=8654"}],"version-history":[{"count":0,"href":"https:\/\/www.focoinduction.com\/pt-br\/wp-json\/wp\/v2\/pages\/8654\/revisions"}],"up":[{"embeddable":true,"href":"https:\/\/www.focoinduction.com\/pt-br\/wp-json\/wp\/v2\/pages\/5815"}],"wp:featuredmedia":[{"embeddable":true,"href":"https:\/\/www.focoinduction.com\/pt-br\/wp-json\/wp\/v2\/media\/8630"}],"wp:attachment":[{"href":"https:\/\/www.focoinduction.com\/pt-br\/wp-json\/wp\/v2\/media?parent=8654"}],"curies":[{"name":"wp","href":"https:\/\/api.w.org\/{rel}","templated":true}]}}