{"id":5564,"date":"2022-08-02T17:42:45","date_gmt":"2022-08-02T09:42:45","guid":{"rendered":"https:\/\/www.focoinduction.com\/induksiyonla-ergitme-50-kg-hurda-bakir\/"},"modified":"2023-05-15T14:46:30","modified_gmt":"2023-05-15T06:46:30","slug":"induksiyonla-ergitme-50-kg-hurda-bakir","status":"publish","type":"page","link":"https:\/\/www.focoinduction.com\/tr\/uygulamalar\/induksiyonla-eritme\/induksiyonla-ergitme-50-kg-hurda-bakir\/","title":{"rendered":"\u0130nd\u00fcksiyonla Ergitme 50 kg Hurda Bak\u0131r"},"content":{"rendered":"<p><div class=\"fusion-fullwidth fullwidth-box fusion-builder-row-1 fusion-flex-container nonhundred-percent-fullwidth non-hundred-percent-height-scrolling\" style=\"--awb-border-sizes-bottom:1px;--awb-border-radius-top-left:0px;--awb-border-radius-top-right:0px;--awb-border-radius-bottom-right:0px;--awb-border-radius-bottom-left:0px;--awb-flex-wrap:wrap;\" ><div class=\"fusion-builder-row fusion-row fusion-flex-align-items-flex-start fusion-flex-content-wrap\" style=\"max-width:1248px;margin-left: calc(-4% \/ 2 );margin-right: calc(-4% \/ 2 );\"><div class=\"fusion-layout-column fusion_builder_column fusion-builder-column-0 fusion_builder_column_1_1 1_1 fusion-flex-column\" style=\"--awb-bg-size:cover;--awb-width-large:100%;--awb-margin-top-large:0px;--awb-spacing-right-large:1.92%;--awb-margin-bottom-large:20px;--awb-spacing-left-large:1.92%;--awb-width-medium:100%;--awb-order-medium:0;--awb-spacing-right-medium:1.92%;--awb-spacing-left-medium:1.92%;--awb-width-small:100%;--awb-order-small:0;--awb-spacing-right-small:1.92%;--awb-spacing-left-small:1.92%;\"><div class=\"fusion-column-wrapper fusion-column-has-shadow fusion-flex-justify-content-flex-start fusion-content-layout-column\"><div class=\"fusion-text fusion-text-1\"><h2>Hurda Bak\u0131r\u0131n E\u011fimli Tip \u0130nd\u00fcksiyon Ergitme Oca\u011f\u0131 ile Ergitilmesi<\/h2>\n<p>M\u00fc\u015fteri 50 kg bak\u0131r hurdas\u0131n\u0131 eritmek ve sat\u0131\u015f i\u00e7in bak\u0131r k\u00fcl\u00e7eler d\u00f6kmek istiyor. 30 dakikada 50 kg bak\u0131r eritebilen 45kW Tilt tipi \u0130nd\u00fcksiyon Ergitme F\u0131r\u0131n\u0131 sunuyoruz.<\/p>\n<p><strong>Bak\u0131r\u0131n \u00d6zellikleri:<\/strong><\/p>\n<ul>\n<li>Erime noktas\u0131: 1,083.4 \u2103.<\/li>\n<li>Yo\u011funluk: 8.960 g\/cm\u00b3<\/li>\n<\/ul>\n<p><strong>Ekipman:<\/strong><\/p>\n<ul>\n<li>45 kW <span style=\"color: #0000ff;\"><br \/>\n  <a style=\"color: #0000ff;\" href=\"https:\/\/www.focoinduction.com\/tr\/urunler\/induksiyon-ergitme-firinlari\/egimli-tip-induksiyon-ergitme-firini\/\" target=\"_blank\" rel=\"noopener\">E\u011fimli tip \u0130nd\u00fcksiyon Ergitme F\u0131r\u0131n\u0131.<\/a><br \/>\n<\/span><\/li>\n<li>End\u00fcstriyel So\u011futucu.<\/li>\n<\/ul>\n<p><strong>50 kg bak\u0131r eritme i\u015flemi:<\/strong><\/p>\n<ol>\n<li>So\u011futucu \u00e7al\u0131\u015ft\u0131ktan sonra ind\u00fcksiyon eritme f\u0131r\u0131n\u0131 anahtar\u0131n\u0131 a\u00e7\u0131n. Bak\u0131r hurday\u0131 f\u0131r\u0131na besleyin.<\/li>\n<li>Hurda bak\u0131r malzeme tamamen eriyene kadar \u0131s\u0131t\u0131lmal\u0131d\u0131r. T\u00fcm s\u00fcre\u00e7 yakla\u015f\u0131k 30 dakika s\u00fcrer.<\/li>\n<li>Hurda bak\u0131r eritildikten sonra, bak\u0131r\u0131n s\u0131v\u0131 halde olmas\u0131n\u0131 sa\u011flamak i\u00e7in makinenin g\u00fcc\u00fcn\u00fc ayarlay\u0131n.<\/li>\n<li>Bak\u0131r k\u00fcl\u00e7eyi d\u00f6kmek i\u00e7in bak\u0131r s\u0131v\u0131s\u0131n\u0131 kaba veya kal\u0131ba d\u00f6k\u00fcn.<\/li>\n<\/ol>\n<p><strong>E\u011fimli Tip \u0130nd\u00fcksiyon Ergitme Oca\u011f\u0131n\u0131n Faydalar\u0131:<\/strong><\/p>\n<ol>\n<li>Enerji tasarruflu, g\u00fcvenli ve temiz bir s\u00fcre\u00e7.<\/li>\n<li>Elektromanyetik kar\u0131\u015ft\u0131rma etkisi, \u0131s\u0131tmay\u0131 daha homojen hale getirir.<\/li>\n<li>Is\u0131 koruma i\u015flevi, erimi\u015f bak\u0131r\u0131n kat\u0131la\u015fmas\u0131n\u0131 \u00f6nleyecektir.<\/li>\n<li>Uzaktan k\u0131z\u0131l\u00f6tesi kontrol cihaz\u0131 ile donat\u0131labilir.<\/li>\n<\/ol>\n<p>FOCO Tilt tipi \u0130nd\u00fcksiyon Ergitme F\u0131r\u0131n\u0131, 10 kg&#8217;\u0131 250 kg bak\u0131ra eritebilir ve 50 kg bak\u0131r hurdas\u0131n\u0131 eritmek i\u00e7in en iyi se\u00e7imdir. \u0130nd\u00fcksiyonlu \u0131s\u0131tma ile bak\u0131r eritmek daha h\u0131zl\u0131 ve daha verimlidir. FOCO eksiksiz hizmet sa\u011flayabilir <span style=\"color: #0000ff;\"><br \/>\n  <a style=\"color: #0000ff;\" href=\"https:\/\/www.focoinduction.com\/tr\/urunler\/induksiyon-ergitme-firinlari\/\" target=\"_blank\" rel=\"noopener\">ind\u00fcksiyon oca\u011f\u0131<\/a><br \/>\n<\/span> farkl\u0131 metal ergitme ihtiya\u00e7lar\u0131n\u0131z i\u00e7in \u00e7\u00f6z\u00fcmler.<\/p>\n<p>Hakk\u0131nda daha fazlas\u0131n\u0131 okuyun <span style=\"color: #0000ff;\"><br \/>\n  <a style=\"color: #0000ff;\" href=\"https:\/\/www.focoinduction.com\/induction-heating-applications\/induction-melting\/\">ind\u00fcksiyon ergitme uygulamalar\u0131<\/a><br \/>\n<\/span>.<\/p>\n<\/div><\/div><\/div><\/div><\/div><div class=\"fusion-fullwidth fullwidth-box fusion-builder-row-2 fusion-flex-container nonhundred-percent-fullwidth non-hundred-percent-height-scrolling\" style=\"--awb-border-sizes-bottom:1px;--awb-border-radius-top-left:0px;--awb-border-radius-top-right:0px;--awb-border-radius-bottom-right:0px;--awb-border-radius-bottom-left:0px;--awb-flex-wrap:wrap;\" ><div class=\"fusion-builder-row fusion-row fusion-flex-align-items-flex-start fusion-flex-content-wrap\" style=\"max-width:1248px;margin-left: calc(-4% \/ 2 );margin-right: calc(-4% \/ 2 );\"><div class=\"fusion-layout-column fusion_builder_column fusion-builder-column-1 fusion_builder_column_1_1 1_1 fusion-flex-column\" style=\"--awb-bg-size:cover;--awb-width-large:100%;--awb-margin-top-large:0px;--awb-spacing-right-large:1.92%;--awb-margin-bottom-large:20px;--awb-spacing-left-large:1.92%;--awb-width-medium:100%;--awb-order-medium:0;--awb-spacing-right-medium:1.92%;--awb-spacing-left-medium:1.92%;--awb-width-small:100%;--awb-order-small:0;--awb-spacing-right-small:1.92%;--awb-spacing-left-small:1.92%;\"><div class=\"fusion-column-wrapper fusion-column-has-shadow fusion-flex-justify-content-flex-start fusion-content-layout-column\"><div class=\"fusion-text fusion-text-2\" style=\"--awb-text-transform:none;\"><h3 class=\"entry-title fusion-responsive-typography-calculated\" data-fontsize=\"36\" data-lineheight=\"60.12px\">50kg Hurda Bak\u0131r\u0131n \u0130nd\u00fcksiyonla Eritilmesi Videolar\u0131<\/h3>\n<\/div><\/div><\/div><div class=\"fusion-layout-column fusion_builder_column fusion-builder-column-2 fusion_builder_column_1_1 1_1 fusion-flex-column\" style=\"--awb-bg-size:cover;--awb-width-large:100%;--awb-margin-top-large:0px;--awb-spacing-right-large:1.92%;--awb-margin-bottom-large:20px;--awb-spacing-left-large:1.92%;--awb-width-medium:100%;--awb-order-medium:0;--awb-spacing-right-medium:1.92%;--awb-spacing-left-medium:1.92%;--awb-width-small:100%;--awb-order-small:0;--awb-spacing-right-small:1.92%;--awb-spacing-left-small:1.92%;\"><div class=\"fusion-column-wrapper fusion-column-has-shadow fusion-flex-justify-content-flex-start fusion-content-layout-column\"><div class=\"fusion-video fusion-youtube\" style=\"--awb-max-width:600px;--awb-max-height:360px;\"><div class=\"video-shortcode\"><lite-youtube videoid=\"pogH3kaiXI8\" class=\"landscape\" params=\"wmode=transparent&autoplay=1&amp;enablejsapi=1\" title=\"Induction Melting 50kg Scrap Copper\" data-button-label=\"Play Video\" width=\"600\" height=\"360\" data-thumbnail-size=\"auto\" data-no-cookie=\"on\"><\/lite-youtube><\/div><\/div><\/div><\/div><\/div><\/div><\/p>\n","protected":false},"excerpt":{"rendered":"","protected":false},"author":1,"featured_media":4047,"parent":5736,"menu_order":0,"comment_status":"closed","ping_status":"closed","template":"","meta":{"footnotes":""},"class_list":["post-5564","page","type-page","status-publish","has-post-thumbnail","hentry"],"_links":{"self":[{"href":"https:\/\/www.focoinduction.com\/tr\/wp-json\/wp\/v2\/pages\/5564","targetHints":{"allow":["GET"]}}],"collection":[{"href":"https:\/\/www.focoinduction.com\/tr\/wp-json\/wp\/v2\/pages"}],"about":[{"href":"https:\/\/www.focoinduction.com\/tr\/wp-json\/wp\/v2\/types\/page"}],"author":[{"embeddable":true,"href":"https:\/\/www.focoinduction.com\/tr\/wp-json\/wp\/v2\/users\/1"}],"replies":[{"embeddable":true,"href":"https:\/\/www.focoinduction.com\/tr\/wp-json\/wp\/v2\/comments?post=5564"}],"version-history":[{"count":0,"href":"https:\/\/www.focoinduction.com\/tr\/wp-json\/wp\/v2\/pages\/5564\/revisions"}],"up":[{"embeddable":true,"href":"https:\/\/www.focoinduction.com\/tr\/wp-json\/wp\/v2\/pages\/5736"}],"wp:featuredmedia":[{"embeddable":true,"href":"https:\/\/www.focoinduction.com\/tr\/wp-json\/wp\/v2\/media\/4047"}],"wp:attachment":[{"href":"https:\/\/www.focoinduction.com\/tr\/wp-json\/wp\/v2\/media?parent=5564"}],"curies":[{"name":"wp","href":"https:\/\/api.w.org\/{rel}","templated":true}]}}