{"id":5582,"date":"2022-08-04T15:21:01","date_gmt":"2022-08-04T07:21:01","guid":{"rendered":"https:\/\/www.focoinduction.com\/induksiyonla-isitilan-celik\/"},"modified":"2023-05-15T14:46:30","modified_gmt":"2023-05-15T06:46:30","slug":"induksiyonla-isitilan-celik","status":"publish","type":"page","link":"https:\/\/www.focoinduction.com\/tr\/uygulamalar\/induksiyon-dovme\/induksiyonla-isitilan-celik\/","title":{"rendered":"\u0130nd\u00fcksiyonla Is\u0131t\u0131lan \u00c7elik"},"content":{"rendered":"<p><div class=\"fusion-fullwidth fullwidth-box fusion-builder-row-1 fusion-flex-container nonhundred-percent-fullwidth non-hundred-percent-height-scrolling\" style=\"--awb-border-sizes-bottom:1px;--awb-border-radius-top-left:0px;--awb-border-radius-top-right:0px;--awb-border-radius-bottom-right:0px;--awb-border-radius-bottom-left:0px;--awb-flex-wrap:wrap;\" ><div class=\"fusion-builder-row fusion-row fusion-flex-align-items-flex-start fusion-flex-content-wrap\" style=\"max-width:1248px;margin-left: calc(-4% \/ 2 );margin-right: calc(-4% \/ 2 );\"><div class=\"fusion-layout-column fusion_builder_column fusion-builder-column-0 fusion_builder_column_1_1 1_1 fusion-flex-column\" style=\"--awb-bg-size:cover;--awb-width-large:100%;--awb-margin-top-large:0px;--awb-spacing-right-large:1.92%;--awb-margin-bottom-large:20px;--awb-spacing-left-large:1.92%;--awb-width-medium:100%;--awb-order-medium:0;--awb-spacing-right-medium:1.92%;--awb-spacing-left-medium:1.92%;--awb-width-small:100%;--awb-order-small:0;--awb-spacing-right-small:1.92%;--awb-spacing-left-small:1.92%;\"><div class=\"fusion-column-wrapper fusion-column-has-shadow fusion-flex-justify-content-flex-start fusion-content-layout-column\"><div class=\"fusion-text fusion-text-1\"><h2>\u0130nd\u00fcksiyonla Is\u0131tma \u00c7elik Uygulamalar\u0131<\/h2>\n<p>\u00c7ap\u0131 40 mm olan \u00e7elik \u00e7ubuklar\u0131n h\u0131zl\u0131 \u0131s\u0131t\u0131lmas\u0131. Uzunlu\u011fu 85 mm olan bir \u00e7elik \u00e7ubuk 6 saniye i\u00e7inde h\u0131zla 1.050 \u00b0C&#8217;ye \u0131s\u0131t\u0131lm\u0131\u015ft\u0131r. \u00c7elik \u00e7ubuk \u0131s\u0131tma testleri FOCO tesisinde ger\u00e7ekle\u015ftirilmi\u015ftir.<\/p>\n<p><strong>Is\u0131tma ekipmanlar\u0131:<\/strong><\/p>\n<ul>\n<li>160kW <span style=\"color: #0000ff;\"><br \/>\n  <a style=\"color: #0000ff;\" href=\"https:\/\/www.focoinduction.com\/tr\/orta-frekans-induksiyonlu-isitma-makinesi\/\">orta frekansl\u0131 ind\u00fcksiyonlu \u0131s\u0131tma makinesi<\/a><br \/>\n<\/span>.<\/li>\n<li>K\u0131z\u0131l\u00f6tesi termometre.<\/li>\n<\/ul>\n<p>Is\u0131tma testlerimiz i\u00e7in 160 kW&#8217;l\u0131k bir ind\u00fcksiyonlu \u0131s\u0131t\u0131c\u0131 kulland\u0131k. \u0130nd\u00fcksiyon bobini, ind\u00fcksiyon bobini ile \u00e7elik \u00e7ubuk aras\u0131nda y\u00fcksek s\u0131cakl\u0131\u011fa dayan\u0131kl\u0131 bir silikon karb\u00fcr t\u00fcp ile korunmaktad\u0131r.<\/p>\n<p><strong>Is\u0131tma i\u015flemi:<\/strong><\/p>\n<ol>\n<li>Silisyum karb\u00fcr t\u00fcp\u00fc ind\u00fcksiyon bobininin i\u00e7ine yerle\u015ftirin.<\/li>\n<li>\u00c7elik \u00e7ubu\u011fu silikon karb\u00fcr t\u00fcp\u00fcn i\u00e7ine yerle\u015ftirin.<\/li>\n<li>Alt\u0131 saniye boyunca ind\u00fcksiyonla \u0131s\u0131tmaya ba\u015flay\u0131n.<\/li>\n<li>\u00c7elik \u00e7ubu\u011fu \u00e7\u0131kar\u0131n.<\/li>\n<\/ol>\n<p><strong>Test sonu\u00e7lar\u0131:<\/strong><br \/>\n160 kW&#8217;l\u0131k bir ind\u00fcksiyonlu \u0131s\u0131tma makinesi, 40 mm \u00e7ap\u0131ndaki \u00e7elik \u00e7ubu\u011fu 6 saniyede 1.050 \u00b0C&#8217;ye kadar ba\u015far\u0131yla \u0131s\u0131tt\u0131. \u0130nd\u00fcksiyonla \u0131s\u0131tma, do\u011frudan h\u0131zla \u0131s\u0131nan \u00e7elik \u00e7ubu\u011fa etki eder. Geleneksel f\u0131r\u0131nlarla kar\u015f\u0131la\u015ft\u0131r\u0131ld\u0131\u011f\u0131nda, <span style=\"color: #0000ff;\"><br \/>\n  <a style=\"color: #0000ff;\" href=\"https:\/\/www.focoinduction.com\/tr\/urunler\/dovme-icin-induksiyonlu-isitma-sistemi\/\" target=\"_blank\" rel=\"noopener\">ind\u00fcksiyon \u0131s\u0131tma sistemleri<\/a><br \/>\n<\/span> daha h\u0131zl\u0131 ve daha verimlidir. End\u00fcstriyel otomasyon ekipmanlar\u0131yla birlikte k\u00fct\u00fck \u0131s\u0131tma, \u00e7elik \u00e7ubuk ucu \u0131s\u0131tma ve bak\u0131r \u00e7ubuk \u0131s\u0131tma dahil olmak \u00fczere \u00e7e\u015fitli \u0131s\u0131tma i\u015flemlerini otomatikle\u015ftirebiliriz.<\/p>\n<p>Hakk\u0131nda daha fazlas\u0131n\u0131 okuyun <span style=\"color: #0000ff;\"><br \/>\n  <a style=\"color: #0000ff;\" href=\"https:\/\/www.focoinduction.com\/induction-heating-applications\/induction-forging\/\">\u0130nd\u00fcksiyonla D\u00f6vme ve Is\u0131tma Uygulamalar\u0131<\/a><br \/>\n<\/span>.<\/p>\n<\/div><\/div><\/div><\/div><\/div><div class=\"fusion-fullwidth fullwidth-box fusion-builder-row-2 fusion-flex-container nonhundred-percent-fullwidth non-hundred-percent-height-scrolling\" style=\"--awb-border-sizes-bottom:1px;--awb-border-radius-top-left:0px;--awb-border-radius-top-right:0px;--awb-border-radius-bottom-right:0px;--awb-border-radius-bottom-left:0px;--awb-flex-wrap:wrap;\" ><div class=\"fusion-builder-row fusion-row fusion-flex-align-items-flex-start fusion-flex-content-wrap\" style=\"max-width:1248px;margin-left: calc(-4% \/ 2 );margin-right: calc(-4% \/ 2 );\"><div class=\"fusion-layout-column fusion_builder_column fusion-builder-column-1 fusion_builder_column_1_1 1_1 fusion-flex-column\" style=\"--awb-bg-size:cover;--awb-width-large:100%;--awb-margin-top-large:0px;--awb-spacing-right-large:1.92%;--awb-margin-bottom-large:20px;--awb-spacing-left-large:1.92%;--awb-width-medium:100%;--awb-order-medium:0;--awb-spacing-right-medium:1.92%;--awb-spacing-left-medium:1.92%;--awb-width-small:100%;--awb-order-small:0;--awb-spacing-right-small:1.92%;--awb-spacing-left-small:1.92%;\"><div class=\"fusion-column-wrapper fusion-column-has-shadow fusion-flex-justify-content-flex-start fusion-content-layout-column\"><div class=\"fusion-text fusion-text-2\" style=\"--awb-text-transform:none;\"><h3>\u0130nd\u00fcksiyonla Is\u0131t\u0131lan \u00c7elik Videolar\u0131<\/h3>\n<\/div><\/div><\/div><div class=\"fusion-layout-column fusion_builder_column fusion-builder-column-2 fusion_builder_column_1_1 1_1 fusion-flex-column\" style=\"--awb-bg-size:cover;--awb-width-large:100%;--awb-margin-top-large:0px;--awb-spacing-right-large:1.92%;--awb-margin-bottom-large:20px;--awb-spacing-left-large:1.92%;--awb-width-medium:100%;--awb-order-medium:0;--awb-spacing-right-medium:1.92%;--awb-spacing-left-medium:1.92%;--awb-width-small:100%;--awb-order-small:0;--awb-spacing-right-small:1.92%;--awb-spacing-left-small:1.92%;\"><div class=\"fusion-column-wrapper fusion-column-has-shadow fusion-flex-justify-content-flex-start fusion-content-layout-column\"><div class=\"fusion-video fusion-youtube\" style=\"--awb-max-width:600px;--awb-max-height:360px;\"><div class=\"video-shortcode\"><lite-youtube videoid=\"Z2M6gDFXSK4\" class=\"landscape\" params=\"wmode=transparent&autoplay=1&amp;enablejsapi=1\" title=\"Induction Heating Steel\" data-button-label=\"Play Video\" width=\"600\" height=\"360\" data-thumbnail-size=\"auto\" data-no-cookie=\"on\"><\/lite-youtube><\/div><\/div><\/div><\/div><\/div><\/div><\/p>\n","protected":false},"excerpt":{"rendered":"","protected":false},"author":1,"featured_media":4051,"parent":5606,"menu_order":0,"comment_status":"closed","ping_status":"closed","template":"","meta":{"footnotes":""},"class_list":["post-5582","page","type-page","status-publish","has-post-thumbnail","hentry"],"_links":{"self":[{"href":"https:\/\/www.focoinduction.com\/tr\/wp-json\/wp\/v2\/pages\/5582","targetHints":{"allow":["GET"]}}],"collection":[{"href":"https:\/\/www.focoinduction.com\/tr\/wp-json\/wp\/v2\/pages"}],"about":[{"href":"https:\/\/www.focoinduction.com\/tr\/wp-json\/wp\/v2\/types\/page"}],"author":[{"embeddable":true,"href":"https:\/\/www.focoinduction.com\/tr\/wp-json\/wp\/v2\/users\/1"}],"replies":[{"embeddable":true,"href":"https:\/\/www.focoinduction.com\/tr\/wp-json\/wp\/v2\/comments?post=5582"}],"version-history":[{"count":0,"href":"https:\/\/www.focoinduction.com\/tr\/wp-json\/wp\/v2\/pages\/5582\/revisions"}],"up":[{"embeddable":true,"href":"https:\/\/www.focoinduction.com\/tr\/wp-json\/wp\/v2\/pages\/5606"}],"wp:featuredmedia":[{"embeddable":true,"href":"https:\/\/www.focoinduction.com\/tr\/wp-json\/wp\/v2\/media\/4051"}],"wp:attachment":[{"href":"https:\/\/www.focoinduction.com\/tr\/wp-json\/wp\/v2\/media?parent=5582"}],"curies":[{"name":"wp","href":"https:\/\/api.w.org\/{rel}","templated":true}]}}