{"id":5598,"date":"2022-08-05T17:31:52","date_gmt":"2022-08-05T09:31:52","guid":{"rendered":"https:\/\/www.focoinduction.com\/sicak-sekillendirme-icin-demir-cubuk-ucunun-induksiyonla-on-isitilmasi\/"},"modified":"2023-05-15T14:46:30","modified_gmt":"2023-05-15T06:46:30","slug":"sicak-sekillendirme-icin-demir-cubuk-ucunun-induksiyonla-on-isitilmasi","status":"publish","type":"page","link":"https:\/\/www.focoinduction.com\/tr\/uygulamalar\/induksiyon-dovme\/sicak-sekillendirme-icin-demir-cubuk-ucunun-induksiyonla-on-isitilmasi\/","title":{"rendered":"S\u0131cak \u015eekillendirme i\u00e7in Demir \u00c7ubuk Ucunun \u0130nd\u00fcksiyonla \u00d6n Is\u0131t\u0131lmas\u0131"},"content":{"rendered":"<p><div class=\"fusion-fullwidth fullwidth-box fusion-builder-row-1 fusion-flex-container nonhundred-percent-fullwidth non-hundred-percent-height-scrolling\" style=\"--awb-border-sizes-bottom:1px;--awb-border-radius-top-left:0px;--awb-border-radius-top-right:0px;--awb-border-radius-bottom-right:0px;--awb-border-radius-bottom-left:0px;--awb-flex-wrap:wrap;\" ><div class=\"fusion-builder-row fusion-row fusion-flex-align-items-flex-start fusion-flex-content-wrap\" style=\"max-width:1248px;margin-left: calc(-4% \/ 2 );margin-right: calc(-4% \/ 2 );\"><div class=\"fusion-layout-column fusion_builder_column fusion-builder-column-0 fusion_builder_column_1_1 1_1 fusion-flex-column\" style=\"--awb-bg-size:cover;--awb-width-large:100%;--awb-margin-top-large:0px;--awb-spacing-right-large:1.92%;--awb-margin-bottom-large:20px;--awb-spacing-left-large:1.92%;--awb-width-medium:100%;--awb-order-medium:0;--awb-spacing-right-medium:1.92%;--awb-spacing-left-medium:1.92%;--awb-width-small:100%;--awb-order-small:0;--awb-spacing-right-small:1.92%;--awb-spacing-left-small:1.92%;\"><div class=\"fusion-column-wrapper fusion-column-has-shadow fusion-flex-justify-content-flex-start fusion-content-layout-column\"><div class=\"fusion-text fusion-text-1\"><h2>\u0130nd\u00fcksiyon \u00d6n Is\u0131tma Uygulamalar\u0131<\/h2>\n<p>Bir demir \u00e7ubuk d\u00f6vme tesisi, s\u0131cak \u015fekillendirme i\u00e7in demir \u00e7ubuk u\u00e7lar\u0131n\u0131n ind\u00fcksiyonla \u00f6n \u0131s\u0131t\u0131lmas\u0131na ihtiya\u00e7 duyuyordu. \u00c7ap\u0131 30 mm ve uzunlu\u011fu 50 mm olan bir demir \u00e7ubuk ucu 10 saniye i\u00e7inde 850 \u00b0C&#8217;ye \u0131s\u0131t\u0131lacakt\u0131r. Sonraki d\u00f6vme i\u015fleminin gerektirdi\u011fi \u00fcretim h\u0131z\u0131na g\u00f6re, ind\u00fcksiyon \u0131s\u0131tma i\u015fleminde manuel besleme y\u00f6ntemini kullan\u0131yoruz.<\/p>\n<p><strong>Ana parametreler:<\/strong><\/p>\n<ul>\n<li>Is\u0131tma s\u0131cakl\u0131\u011f\u0131: 850 \u00b0C.<\/li>\n<li>\u00d6n \u0131s\u0131tma i\u015f par\u00e7as\u0131: demir \u00e7ubuk ucu.<\/li>\n<li>Is\u0131tma s\u00fcresi: 7 saniye.<\/li>\n<li>G\u00fc\u00e7: 45 kW.<\/li>\n<\/ul>\n<p><strong>Is\u0131tma ekipmanlar\u0131:<\/strong><\/p>\n<ul>\n<li><span style=\"color: #0000ff;\"><a style=\"color: #0000ff;\" href=\"https:\/\/www.focoinduction.com\/tr\/orta-frekans-induksiyonlu-isitma-makinesi\/\" target=\"_blank\" rel=\"noopener\">45kW orta frekansl\u0131 ind\u00fcksiyonlu \u0131s\u0131tma makinesi.<\/a><\/span><\/li>\n<li>\u00d6zelle\u015ftirilmi\u015f 5 delikli ind\u00fcksiyon bobini.<\/li>\n<li>K\u0131z\u0131l\u00f6tesi termometre.<\/li>\n<\/ul>\n<p><strong>Demir \u00e7ubuk ucu ind\u00fcksiyon \u0131s\u0131tma i\u015flemi:<\/strong><\/p>\n<ol>\n<li>Demir \u00e7ubuklar\u0131n u\u00e7lar\u0131n\u0131 s\u0131rayla ind\u00fcksiyon bobininin deliklerine yerle\u015ftirin.<\/li>\n<li>\u0130lk demir \u00e7ubuk 7 saniye i\u00e7inde 850 \u00b0C&#8217;ye \u0131s\u0131t\u0131l\u0131r.<\/li>\n<li>\u0130lk demir \u00e7ubu\u011fu \u00e7\u0131kar\u0131n ve yeni bir demir \u00e7ubuk yerle\u015ftirin.<\/li>\n<\/ol>\n<p><strong>Sonu\u00e7<\/strong><\/p>\n<p>45 kW orta frekansl\u0131 ind\u00fcksiyonlu \u0131s\u0131tma makinesi, 30 mm \u00e7ap\u0131nda ve 50 mm uzunlu\u011fundaki bir demir \u00e7ubu\u011fun ucunu 7 saniye i\u00e7inde 850 \u00b0C&#8217;ye kadar \u0131s\u0131tabilir. \u0130nd\u00fcksiyonla \u00f6n \u0131s\u0131t\u0131lm\u0131\u015f demir \u00e7ubuk u\u00e7lar\u0131, k\u0131sa \u0131s\u0131tma s\u00fcreleri ve daha az oksidatif dekarb\u00fcrizasyon ile s\u0131cak \u015fekillendirme i\u00e7in \u00e7ok verimlidir.<\/p>\n<p>FOCO <span style=\"color: #0000ff;\"><br \/>\n  <a style=\"color: #0000ff;\" href=\"https:\/\/www.focoinduction.com\/tr\/urunler\/dovme-icin-induksiyonlu-isitma-sistemi\/\" target=\"_blank\" rel=\"noopener\">ind\u00fcksiyon \u0131s\u0131tma sistemleri<\/a><br \/>\n<\/span> \u00e7elik, demir, bak\u0131r ve al\u00fcminyum \u00e7ubuklar\u0131n \u00f6n \u0131s\u0131tmas\u0131 i\u00e7in uygundur. Is\u0131l d\u00f6vme projeleri i\u00e7in komple \u00e7\u00f6z\u00fcmler sa\u011flayabiliriz.<\/p>\n<p>Hakk\u0131nda daha fazlas\u0131n\u0131 okuyun <a href=\"https:\/\/www.focoinduction.com\/induction-heating-applications\/induction-forging\/\" target=\"_blank\" rel=\"noopener\"><br \/>\n  <span style=\"color: #0000ff;\">ind\u00fcksiyonla \u0131s\u0131tma ve d\u00f6vme uygulamalar\u0131<\/span><br \/>\n<\/a>.<\/p>\n<\/div><\/div><\/div><\/div><\/div><div class=\"fusion-fullwidth fullwidth-box fusion-builder-row-2 fusion-flex-container nonhundred-percent-fullwidth non-hundred-percent-height-scrolling\" style=\"--awb-border-sizes-bottom:1px;--awb-border-radius-top-left:0px;--awb-border-radius-top-right:0px;--awb-border-radius-bottom-right:0px;--awb-border-radius-bottom-left:0px;--awb-flex-wrap:wrap;\" ><div class=\"fusion-builder-row fusion-row fusion-flex-align-items-flex-start fusion-flex-content-wrap\" style=\"max-width:1248px;margin-left: calc(-4% \/ 2 );margin-right: calc(-4% \/ 2 );\"><div class=\"fusion-layout-column fusion_builder_column fusion-builder-column-1 fusion_builder_column_1_1 1_1 fusion-flex-column\" style=\"--awb-bg-size:cover;--awb-width-large:100%;--awb-margin-top-large:0px;--awb-spacing-right-large:1.92%;--awb-margin-bottom-large:20px;--awb-spacing-left-large:1.92%;--awb-width-medium:100%;--awb-order-medium:0;--awb-spacing-right-medium:1.92%;--awb-spacing-left-medium:1.92%;--awb-width-small:100%;--awb-order-small:0;--awb-spacing-right-small:1.92%;--awb-spacing-left-small:1.92%;\"><div class=\"fusion-column-wrapper fusion-column-has-shadow fusion-flex-justify-content-flex-start fusion-content-layout-column\"><div class=\"fusion-text fusion-text-2\" style=\"--awb-text-transform:none;\"><h3>\u0130nd\u00fcksiyonla \u00d6n Is\u0131tma Demir \u00c7ubuk U\u00e7lar\u0131 Videolar\u0131<\/h3>\n<\/div><\/div><\/div><div class=\"fusion-layout-column fusion_builder_column fusion-builder-column-2 fusion_builder_column_1_1 1_1 fusion-flex-column\" style=\"--awb-bg-size:cover;--awb-width-large:100%;--awb-margin-top-large:0px;--awb-spacing-right-large:1.92%;--awb-margin-bottom-large:20px;--awb-spacing-left-large:1.92%;--awb-width-medium:100%;--awb-order-medium:0;--awb-spacing-right-medium:1.92%;--awb-spacing-left-medium:1.92%;--awb-width-small:100%;--awb-order-small:0;--awb-spacing-right-small:1.92%;--awb-spacing-left-small:1.92%;\"><div class=\"fusion-column-wrapper fusion-column-has-shadow fusion-flex-justify-content-flex-start fusion-content-layout-column\"><div class=\"fusion-video fusion-youtube\" style=\"--awb-max-width:600px;--awb-max-height:360px;\"><div class=\"video-shortcode\"><lite-youtube videoid=\"_hPlNNhABXM\" class=\"landscape\" params=\"wmode=transparent&autoplay=1&amp;enablejsapi=1\" title=\"Induction Preheating of Iron Bar End for Hot Forming\" data-button-label=\"Play Video\" width=\"600\" height=\"360\" data-thumbnail-size=\"auto\" data-no-cookie=\"on\"><\/lite-youtube><\/div><\/div><\/div><\/div><\/div><\/div><\/p>\n","protected":false},"excerpt":{"rendered":"","protected":false},"author":1,"featured_media":4055,"parent":5606,"menu_order":0,"comment_status":"closed","ping_status":"closed","template":"","meta":{"footnotes":""},"class_list":["post-5598","page","type-page","status-publish","has-post-thumbnail","hentry"],"_links":{"self":[{"href":"https:\/\/www.focoinduction.com\/tr\/wp-json\/wp\/v2\/pages\/5598","targetHints":{"allow":["GET"]}}],"collection":[{"href":"https:\/\/www.focoinduction.com\/tr\/wp-json\/wp\/v2\/pages"}],"about":[{"href":"https:\/\/www.focoinduction.com\/tr\/wp-json\/wp\/v2\/types\/page"}],"author":[{"embeddable":true,"href":"https:\/\/www.focoinduction.com\/tr\/wp-json\/wp\/v2\/users\/1"}],"replies":[{"embeddable":true,"href":"https:\/\/www.focoinduction.com\/tr\/wp-json\/wp\/v2\/comments?post=5598"}],"version-history":[{"count":0,"href":"https:\/\/www.focoinduction.com\/tr\/wp-json\/wp\/v2\/pages\/5598\/revisions"}],"up":[{"embeddable":true,"href":"https:\/\/www.focoinduction.com\/tr\/wp-json\/wp\/v2\/pages\/5606"}],"wp:featuredmedia":[{"embeddable":true,"href":"https:\/\/www.focoinduction.com\/tr\/wp-json\/wp\/v2\/media\/4055"}],"wp:attachment":[{"href":"https:\/\/www.focoinduction.com\/tr\/wp-json\/wp\/v2\/media?parent=5598"}],"curies":[{"name":"wp","href":"https:\/\/api.w.org\/{rel}","templated":true}]}}