{"id":5606,"date":"2022-04-15T17:30:31","date_gmt":"2022-04-15T09:30:31","guid":{"rendered":"https:\/\/www.focoinduction.com\/induksiyon-dovme\/"},"modified":"2023-05-17T10:40:31","modified_gmt":"2023-05-17T02:40:31","slug":"induksiyon-dovme","status":"publish","type":"page","link":"https:\/\/www.focoinduction.com\/tr\/uygulamalar\/induksiyon-dovme\/","title":{"rendered":"\u0130nd\u00fcksiyon D\u00f6vme"},"content":{"rendered":"<p><div class=\"fusion-fullwidth fullwidth-box fusion-builder-row-1 fusion-flex-container nonhundred-percent-fullwidth non-hundred-percent-height-scrolling\" style=\"--awb-border-radius-top-left:0px;--awb-border-radius-top-right:0px;--awb-border-radius-bottom-right:0px;--awb-border-radius-bottom-left:0px;--awb-flex-wrap:wrap;\" ><div class=\"fusion-builder-row fusion-row fusion-flex-align-items-flex-start fusion-flex-content-wrap\" style=\"max-width:1248px;margin-left: calc(-4% \/ 2 );margin-right: calc(-4% \/ 2 );\"><div class=\"fusion-layout-column fusion_builder_column fusion-builder-column-0 fusion_builder_column_1_1 1_1 fusion-flex-column\" style=\"--awb-bg-size:cover;--awb-width-large:100%;--awb-margin-top-large:0px;--awb-spacing-right-large:1.92%;--awb-margin-bottom-large:20px;--awb-spacing-left-large:1.92%;--awb-width-medium:100%;--awb-order-medium:0;--awb-spacing-right-medium:1.92%;--awb-spacing-left-medium:1.92%;--awb-width-small:100%;--awb-order-small:0;--awb-spacing-right-small:1.92%;--awb-spacing-left-small:1.92%;\"><div class=\"fusion-column-wrapper fusion-column-has-shadow fusion-flex-justify-content-flex-start fusion-content-layout-column\"><div class=\"fusion-text fusion-text-1\" style=\"--awb-text-transform:none;\"><h2>\u0130nd\u00fcksiyonla D\u00f6vme Nedir?<\/h2>\n<p>\u0130nd\u00fcksiyonla d\u00f6vme, metali bir \u00e7eki\u00e7 veya presle \u015fekillendirmeden \u00f6nce \u0131s\u0131tmak i\u00e7in ind\u00fcksiyonla \u0131s\u0131tma i\u015flemidir. D\u00f6vme i\u015fleminden \u00f6nce, metalin kolayca deforme olmas\u0131 i\u00e7in metalin belirli bir s\u0131cakl\u0131\u011fa kadar \u0131s\u0131t\u0131lmas\u0131 gerekir.<\/p>\n<p>\u0130nd\u00fcksiyonla d\u00f6vme, metali gerekli s\u0131cakl\u0131\u011fa h\u0131zl\u0131 bir \u015fekilde \u0131s\u0131tabilir ve bu da metalin oksidasyonunu b\u00fcy\u00fck \u00f6l\u00e7\u00fcde azaltabilir. Do\u011frudan metalin i\u00e7inde temass\u0131z \u0131s\u0131tma kullan\u0131r, enerji tasarrufu sa\u011flar ve duman \u00fcretmez. \u0130nd\u00fcksiyon \u0131s\u0131tma, u\u00e7 d\u00f6vme i\u00e7in uygun hassas lokalize \u0131s\u0131tma sa\u011flar. Ayr\u0131ca ind\u00fcksiyonla \u0131s\u0131tman\u0131n tekrarlanabilirli\u011fi sayesinde end\u00fcstriyel \u00fcretimi otomatikle\u015ftirmek ve tutarl\u0131 \u0131s\u0131tma sonu\u00e7lar\u0131 sa\u011flamak daha kolayd\u0131r.<\/p>\n<p><a href=\"https:\/\/www.focoinduction.com\/tr\/urunler\/dovme-icin-induksiyonlu-isitma-sistemi\/\" target=\"_blank\" rel=\"noopener\">\u0130nd\u00fcksiyon d\u00f6vme sistemi<\/a>, d\u00f6k\u00fcmhane ve metal i\u015fleme end\u00fcstrilerinde yayg\u0131n olarak kullan\u0131lmaktad\u0131r. K\u00fct\u00fckleri, al\u00fcminyum \u00e7ubuklar\u0131, bak\u0131r \u00e7ubuklar\u0131, paslanmaz \u00e7elik \u00e7ubuklar\u0131 ve \u00e7ubuk u\u00e7lar\u0131n\u0131 \u0131s\u0131tmak i\u00e7in kullan\u0131labilir.<\/p>\n<\/div><\/div><\/div><\/div><\/div><div class=\"fusion-fullwidth fullwidth-box fusion-builder-row-2 fusion-flex-container nonhundred-percent-fullwidth non-hundred-percent-height-scrolling\" style=\"--awb-border-sizes-bottom:1px;--awb-border-radius-top-left:0px;--awb-border-radius-top-right:0px;--awb-border-radius-bottom-right:0px;--awb-border-radius-bottom-left:0px;--awb-flex-wrap:wrap;\" ><div class=\"fusion-builder-row fusion-row fusion-flex-align-items-stretch fusion-flex-content-wrap\" style=\"max-width:calc( 1200px + 20px );margin-left: calc(-20px \/ 2 );margin-right: calc(-20px \/ 2 );\"><div class=\"fusion-layout-column fusion_builder_column fusion-builder-column-1 fusion_builder_column_1_1 1_1 fusion-flex-column\" style=\"--awb-bg-color:#ffffff;--awb-bg-color-hover:#ffffff;--awb-bg-size:cover;--awb-width-large:100%;--awb-margin-top-large:0px;--awb-spacing-right-large:10px;--awb-margin-bottom-large:20px;--awb-spacing-left-large:10px;--awb-width-medium:100%;--awb-order-medium:0;--awb-spacing-right-medium:10px;--awb-spacing-left-medium:10px;--awb-width-small:100%;--awb-order-small:0;--awb-spacing-right-small:10px;--awb-spacing-left-small:10px;\"><div class=\"fusion-column-wrapper fusion-column-has-shadow fusion-flex-justify-content-flex-start fusion-content-layout-column\"><div class=\"fusion-text fusion-text-2\" style=\"--awb-text-transform:none;\"><h3>\u0130nd\u00fcksiyonla Is\u0131tma ve D\u00f6vme Projeleri<\/h3>\n<\/div><\/div><\/div><div class=\"fusion-layout-column fusion_builder_column fusion-builder-column-2 fusion_builder_column_1_3 1_3 fusion-flex-column\" style=\"--awb-padding-top:15px;--awb-padding-right:15px;--awb-padding-bottom:15px;--awb-padding-left:15px;--awb-bg-size:cover;--awb-border-color:#bababa;--awb-border-top:1px;--awb-border-right:1px;--awb-border-bottom:1px;--awb-border-left:1px;--awb-border-style:solid;--awb-width-large:33.333333333333%;--awb-margin-top-large:0px;--awb-spacing-right-large:10px;--awb-margin-bottom-large:20px;--awb-spacing-left-large:10px;--awb-width-medium:33.333333333333%;--awb-order-medium:0;--awb-spacing-right-medium:10px;--awb-spacing-left-medium:10px;--awb-width-small:100%;--awb-order-small:0;--awb-spacing-right-small:10px;--awb-spacing-left-small:10px;\"><div class=\"fusion-column-wrapper fusion-column-has-shadow fusion-flex-justify-content-flex-start fusion-content-layout-column\"><div class=\"fusion-image-element \" style=\"--awb-liftup-border-radius:0px;--awb-caption-title-font-family:var(--h2_typography-font-family);--awb-caption-title-font-weight:var(--h2_typography-font-weight);--awb-caption-title-font-style:var(--h2_typography-font-style);--awb-caption-title-size:var(--h2_typography-font-size);--awb-caption-title-transform:var(--h2_typography-text-transform);--awb-caption-title-line-height:var(--h2_typography-line-height);--awb-caption-title-letter-spacing:var(--h2_typography-letter-spacing);\"><div class=\"awb-image-frame awb-image-frame-1 imageframe-liftup\" style=\"max-width:260px;\"><span class=\" fusion-imageframe imageframe-none imageframe-1\"><a class=\"fusion-no-lightbox\" href=\"https:\/\/www.focoinduction.com\/tr\/induksiyon-dovme\/induksiyonla-isitilan-celik\/\" target=\"_blank\" aria-label=\"induction heating steel\" rel=\"noopener noreferrer\"><img decoding=\"async\" width=\"400\" height=\"201\" alt=\"ind\u00fcksiyonla \u0131s\u0131t\u0131lan \u00e7elik\" src=\"https:\/\/www.focoinduction.com\/wp-content\/uploads\/2022\/08\/induction-heating-steel-400x201.jpg\" class=\"img-responsive wp-image-4051\" srcset=\"https:\/\/www.focoinduction.com\/wp-content\/uploads\/2022\/08\/induction-heating-steel-200x101.jpg 200w, https:\/\/www.focoinduction.com\/wp-content\/uploads\/2022\/08\/induction-heating-steel-400x201.jpg 400w, https:\/\/www.focoinduction.com\/wp-content\/uploads\/2022\/08\/induction-heating-steel-600x302.jpg 600w, https:\/\/www.focoinduction.com\/wp-content\/uploads\/2022\/08\/induction-heating-steel.jpg 765w\" sizes=\"(max-width: 768px) 100vw, 400px\" \/><\/a><\/span><\/div><\/div><div class=\"fusion-text fusion-text-3\" style=\"--awb-text-transform:none;--awb-margin-top:10px;\"><p style=\"text-align: center;\"><a href=\"https:\/\/www.focoinduction.com\/tr\/induksiyonla-isitilan-celik\/\" target=\"_blank\" rel=\"noopener\">\u0130nd\u00fcksiyonla Is\u0131t\u0131lan \u00c7elik<\/a><\/p>\n<\/div><\/div><\/div><div class=\"fusion-layout-column fusion_builder_column fusion-builder-column-3 fusion_builder_column_1_3 1_3 fusion-flex-column\" style=\"--awb-padding-top:15px;--awb-padding-right:15px;--awb-padding-bottom:15px;--awb-padding-left:15px;--awb-bg-size:cover;--awb-border-color:#bababa;--awb-border-top:1px;--awb-border-right:1px;--awb-border-bottom:1px;--awb-border-left:1px;--awb-border-style:solid;--awb-width-large:33.333333333333%;--awb-margin-top-large:0px;--awb-spacing-right-large:10px;--awb-margin-bottom-large:20px;--awb-spacing-left-large:10px;--awb-width-medium:33.333333333333%;--awb-order-medium:0;--awb-spacing-right-medium:10px;--awb-spacing-left-medium:10px;--awb-width-small:100%;--awb-order-small:0;--awb-spacing-right-small:10px;--awb-spacing-left-small:10px;\"><div class=\"fusion-column-wrapper fusion-column-has-shadow fusion-flex-justify-content-flex-start fusion-content-layout-column\"><div class=\"fusion-image-element \" style=\"--awb-liftup-border-radius:0px;--awb-caption-title-font-family:var(--h2_typography-font-family);--awb-caption-title-font-weight:var(--h2_typography-font-weight);--awb-caption-title-font-style:var(--h2_typography-font-style);--awb-caption-title-size:var(--h2_typography-font-size);--awb-caption-title-transform:var(--h2_typography-text-transform);--awb-caption-title-line-height:var(--h2_typography-line-height);--awb-caption-title-letter-spacing:var(--h2_typography-letter-spacing);\"><div class=\"awb-image-frame awb-image-frame-2 imageframe-liftup\" style=\"max-width:260px;\"><span class=\" fusion-imageframe imageframe-none imageframe-2\"><a class=\"fusion-no-lightbox\" href=\"https:\/\/www.focoinduction.com\/tr\/induksiyon-dovme\/sicak-sekillendirme-icin-demir-cubuk-ucunun-induksiyonla-on-isitilmasi\/\" target=\"_blank\" aria-label=\"induction preheating of iron bar end for hot forming\" rel=\"noopener noreferrer\"><img decoding=\"async\" width=\"400\" height=\"201\" alt=\"S\u0131cak \u015eekillendirme i\u00e7in Demir \u00c7ubuk Ucunun \u0130nd\u00fcksiyonla \u00d6n Is\u0131t\u0131lmas\u0131\" src=\"https:\/\/www.focoinduction.com\/wp-content\/uploads\/2022\/08\/induction-preheating-of-iron-bar-end-for-hot-forming-400x201.jpg\" class=\"img-responsive wp-image-4055\" srcset=\"https:\/\/www.focoinduction.com\/wp-content\/uploads\/2022\/08\/induction-preheating-of-iron-bar-end-for-hot-forming-200x101.jpg 200w, https:\/\/www.focoinduction.com\/wp-content\/uploads\/2022\/08\/induction-preheating-of-iron-bar-end-for-hot-forming-400x201.jpg 400w, https:\/\/www.focoinduction.com\/wp-content\/uploads\/2022\/08\/induction-preheating-of-iron-bar-end-for-hot-forming-600x302.jpg 600w, https:\/\/www.focoinduction.com\/wp-content\/uploads\/2022\/08\/induction-preheating-of-iron-bar-end-for-hot-forming.jpg 765w\" sizes=\"(max-width: 768px) 100vw, 400px\" \/><\/a><\/span><\/div><\/div><div class=\"fusion-text fusion-text-4\" style=\"--awb-text-transform:none;--awb-margin-top:10px;\"><p style=\"text-align: left;\"><a href=\"https:\/\/www.focoinduction.com\/tr\/sicak-sekillendirme-icin-demir-cubuk-ucunun-induksiyonla-on-isitilmasi\/\" target=\"_blank\" rel=\"noopener\">S\u0131cak \u015eekillendirme i\u00e7in Demir \u00c7ubuk Ucunun \u0130nd\u00fcksiyonla \u00d6n Is\u0131t\u0131lmas\u0131<\/a><\/p>\n<\/div><\/div><\/div><div class=\"fusion-layout-column fusion_builder_column fusion-builder-column-4 fusion_builder_column_1_3 1_3 fusion-flex-column\" style=\"--awb-padding-top:15px;--awb-padding-right:15px;--awb-padding-bottom:15px;--awb-padding-left:15px;--awb-bg-size:cover;--awb-border-color:#bababa;--awb-border-top:1px;--awb-border-right:1px;--awb-border-bottom:1px;--awb-border-left:1px;--awb-border-style:solid;--awb-width-large:33.333333333333%;--awb-margin-top-large:0px;--awb-spacing-right-large:10px;--awb-margin-bottom-large:20px;--awb-spacing-left-large:10px;--awb-width-medium:33.333333333333%;--awb-order-medium:0;--awb-spacing-right-medium:10px;--awb-spacing-left-medium:10px;--awb-width-small:100%;--awb-order-small:0;--awb-spacing-right-small:10px;--awb-spacing-left-small:10px;\"><div class=\"fusion-column-wrapper fusion-column-has-shadow fusion-flex-justify-content-flex-start fusion-content-layout-column\"><div class=\"fusion-image-element \" style=\"--awb-liftup-border-radius:0px;--awb-caption-title-font-family:var(--h2_typography-font-family);--awb-caption-title-font-weight:var(--h2_typography-font-weight);--awb-caption-title-font-style:var(--h2_typography-font-style);--awb-caption-title-size:var(--h2_typography-font-size);--awb-caption-title-transform:var(--h2_typography-text-transform);--awb-caption-title-line-height:var(--h2_typography-line-height);--awb-caption-title-letter-spacing:var(--h2_typography-letter-spacing);\"><div class=\"awb-image-frame awb-image-frame-3 imageframe-liftup\" style=\"max-width:260px;\"><span class=\" fusion-imageframe imageframe-none imageframe-3\"><a class=\"fusion-no-lightbox\" href=\"https:\/\/www.focoinduction.com\/induction-heating-applications\/induction-forging\/induction-heating-iron-bar-for-forging\/\" target=\"_blank\" aria-label=\"Induction Heating Iron Bar for Forging\" rel=\"noopener noreferrer\"><img decoding=\"async\" width=\"400\" height=\"201\" alt=\"D\u00f6vme i\u00e7in \u0130nd\u00fcksiyonla Is\u0131tma Demir \u00c7ubu\u011fu\" src=\"https:\/\/www.focoinduction.com\/wp-content\/uploads\/2022\/08\/Induction-Heating-Iron-Bar-for-Forging-400x201.jpg\" class=\"img-responsive wp-image-4075\" srcset=\"https:\/\/www.focoinduction.com\/wp-content\/uploads\/2022\/08\/Induction-Heating-Iron-Bar-for-Forging-200x101.jpg 200w, https:\/\/www.focoinduction.com\/wp-content\/uploads\/2022\/08\/Induction-Heating-Iron-Bar-for-Forging-400x201.jpg 400w, https:\/\/www.focoinduction.com\/wp-content\/uploads\/2022\/08\/Induction-Heating-Iron-Bar-for-Forging-600x302.jpg 600w, https:\/\/www.focoinduction.com\/wp-content\/uploads\/2022\/08\/Induction-Heating-Iron-Bar-for-Forging.jpg 765w\" sizes=\"(max-width: 768px) 100vw, 400px\" \/><\/a><\/span><\/div><\/div><div class=\"fusion-text fusion-text-5\" style=\"--awb-text-transform:none;--awb-margin-top:10px;\"><p style=\"text-align: center;\"><a href=\"https:\/\/www.focoinduction.com\/induction-heating-applications\/induction-forging\/induction-heating-iron-bar-for-forging\/\" target=\"_blank\" rel=\"noopener\">D\u00f6vme i\u00e7in \u0130nd\u00fcksiyonla Is\u0131tma Demir \u00c7ubu\u011fu<\/a><\/p>\n<\/div><\/div><\/div><\/div><\/div><div class=\"fusion-fullwidth fullwidth-box fusion-builder-row-3 fusion-flex-container nonhundred-percent-fullwidth non-hundred-percent-height-scrolling\" style=\"--awb-border-sizes-bottom:1px;--awb-border-radius-top-left:0px;--awb-border-radius-top-right:0px;--awb-border-radius-bottom-right:0px;--awb-border-radius-bottom-left:0px;--awb-flex-wrap:wrap;\" ><div class=\"fusion-builder-row fusion-row fusion-flex-align-items-flex-start fusion-flex-content-wrap\" style=\"max-width:1248px;margin-left: calc(-4% \/ 2 );margin-right: calc(-4% \/ 2 );\"><div class=\"fusion-layout-column fusion_builder_column fusion-builder-column-5 fusion_builder_column_1_1 1_1 fusion-flex-column\" style=\"--awb-bg-size:cover;--awb-width-large:100%;--awb-margin-top-large:0px;--awb-spacing-right-large:1.92%;--awb-margin-bottom-large:20px;--awb-spacing-left-large:1.92%;--awb-width-medium:100%;--awb-order-medium:0;--awb-spacing-right-medium:1.92%;--awb-spacing-left-medium:1.92%;--awb-width-small:100%;--awb-order-small:0;--awb-spacing-right-small:1.92%;--awb-spacing-left-small:1.92%;\"><div class=\"fusion-column-wrapper fusion-column-has-shadow fusion-flex-justify-content-flex-start fusion-content-layout-column\"><div class=\"fusion-text fusion-text-6\" style=\"--awb-text-transform:none;\"><h3>\u0130nd\u00fcksiyonla D\u00f6vme Videolar\u0131<\/h3>\n<\/div><\/div><\/div><div class=\"fusion-layout-column fusion_builder_column fusion-builder-column-6 fusion_builder_column_1_1 1_1 fusion-flex-column\" style=\"--awb-bg-size:cover;--awb-width-large:100%;--awb-margin-top-large:0px;--awb-spacing-right-large:1.92%;--awb-margin-bottom-large:20px;--awb-spacing-left-large:1.92%;--awb-width-medium:100%;--awb-order-medium:0;--awb-spacing-right-medium:1.92%;--awb-spacing-left-medium:1.92%;--awb-width-small:100%;--awb-order-small:0;--awb-spacing-right-small:1.92%;--awb-spacing-left-small:1.92%;\"><div class=\"fusion-column-wrapper fusion-column-has-shadow fusion-flex-justify-content-flex-start fusion-content-layout-column\"><div class=\"fusion-video fusion-youtube\" style=\"--awb-max-width:600px;--awb-max-height:360px;\"><div class=\"video-shortcode\"><lite-youtube videoid=\"TkqT9Jt1_-o\" class=\"landscape\" params=\"wmode=transparent&autoplay=1&amp;enablejsapi=1\" title=\"Automatic Heating and Forging Furnace for Steel Bar \" data-button-label=\"Play Video\" width=\"600\" height=\"360\" data-thumbnail-size=\"auto\" data-no-cookie=\"on\"><\/lite-youtube><\/div><\/div><div class=\"fusion-text fusion-text-7\" style=\"--awb-text-transform:none;\"><p>\u00c7elik \u00c7ubuk i\u00e7in Otomatik Is\u0131tma ve D\u00f6vme F\u0131r\u0131n\u0131<\/p>\n<\/div><\/div><\/div><\/div><\/div><div class=\"fusion-fullwidth fullwidth-box fusion-builder-row-4 fusion-flex-container nonhundred-percent-fullwidth non-hundred-percent-height-scrolling\" style=\"--awb-border-radius-top-left:0px;--awb-border-radius-top-right:0px;--awb-border-radius-bottom-right:0px;--awb-border-radius-bottom-left:0px;--awb-padding-top:0px;--awb-padding-right:0px;--awb-padding-bottom:0px;--awb-padding-left:0px;--awb-background-color:#ffffff;--awb-flex-wrap:wrap;\" ><div class=\"fusion-builder-row fusion-row fusion-flex-align-items-flex-start fusion-flex-content-wrap\" style=\"max-width:1248px;margin-left: calc(-4% \/ 2 );margin-right: calc(-4% \/ 2 );\"><div class=\"fusion-layout-column fusion_builder_column fusion-builder-column-7 fusion_builder_column_1_1 1_1 fusion-flex-column\" style=\"--awb-bg-size:cover;--awb-width-large:100%;--awb-margin-top-large:0px;--awb-spacing-right-large:1.92%;--awb-margin-bottom-large:20px;--awb-spacing-left-large:1.92%;--awb-width-medium:100%;--awb-order-medium:0;--awb-spacing-right-medium:1.92%;--awb-spacing-left-medium:1.92%;--awb-width-small:100%;--awb-order-small:0;--awb-spacing-right-small:1.92%;--awb-spacing-left-small:1.92%;\"><div class=\"fusion-column-wrapper fusion-column-has-shadow fusion-flex-justify-content-flex-start fusion-content-layout-column\"><div class=\"fusion-text fusion-text-8\"><h3>\u0130lgili \u0130nd\u00fcksiyonla Is\u0131tma ve D\u00f6vme Sistemleri<\/h3>\n<\/div><\/div><\/div><div class=\"fusion-layout-column fusion_builder_column fusion-builder-column-8 fusion_builder_column_1_3 1_3 fusion-flex-column fusion-flex-align-self-center\" style=\"--awb-bg-size:cover;--awb-width-large:33.333333333333%;--awb-margin-top-large:0px;--awb-spacing-right-large:5.76%;--awb-margin-bottom-large:20px;--awb-spacing-left-large:5.76%;--awb-width-medium:33.333333333333%;--awb-order-medium:0;--awb-spacing-right-medium:5.76%;--awb-spacing-left-medium:5.76%;--awb-width-small:100%;--awb-order-small:0;--awb-spacing-right-small:1.92%;--awb-spacing-left-small:1.92%;\"><div class=\"fusion-column-wrapper fusion-column-has-shadow fusion-flex-justify-content-flex-start fusion-content-layout-column\"><div class=\"fusion-image-element \" style=\"text-align:center;--awb-liftup-border-radius:0px;--awb-caption-title-color:#8bc34a;--awb-caption-margin-top:20px;--awb-caption-margin-bottom:20px;--awb-caption-title-font-family:var(--h3_typography-font-family);--awb-caption-title-font-weight:var(--h3_typography-font-weight);--awb-caption-title-font-style:var(--h3_typography-font-style);--awb-caption-title-size:18px;--awb-caption-title-transform:var(--h3_typography-text-transform);--awb-caption-title-line-height:var(--h3_typography-line-height);--awb-caption-title-letter-spacing:var(--h3_typography-letter-spacing);\"><div class=\"awb-image-frame awb-image-frame-4 imageframe-liftup\"><span class=\" fusion-imageframe imageframe-none imageframe-4\" style=\"border:1px solid #000000;\"><a class=\"fusion-no-lightbox\" href=\"https:\/\/www.focoinduction.com\/tr\/urunler\/dovme-icin-induksiyonlu-isitma-sistemi\/induksiyon-bar-isitma-sistemi\/\" target=\"_blank\" aria-label=\"Automatic induction heating furnace\" rel=\"noopener noreferrer\"><img decoding=\"async\" width=\"380\" height=\"280\" alt=\"\u0130nd\u00fcksiyon Bar Is\u0131tma Sistemi\" src=\"https:\/\/www.focoinduction.com\/wp-content\/uploads\/2021\/12\/Automatic-induction-heating-furnace.jpg\" class=\"img-responsive wp-image-3603\" srcset=\"https:\/\/www.focoinduction.com\/wp-content\/uploads\/2021\/12\/Automatic-induction-heating-furnace-200x147.jpg 200w, https:\/\/www.focoinduction.com\/wp-content\/uploads\/2021\/12\/Automatic-induction-heating-furnace.jpg 380w\" sizes=\"(max-width: 768px) 100vw, 380px\" \/><\/a><\/span><\/div><\/div><div class=\"fusion-text fusion-text-9\" style=\"--awb-text-transform:none;--awb-margin-top:10px;\"><p style=\"text-align: center;\"><a href=\"https:\/\/www.focoinduction.com\/tr\/urunler\/dovme-icin-induksiyonlu-isitma-sistemi\/induksiyon-bar-isitma-sistemi\/\" target=\"_blank\" rel=\"noopener\">\u0130nd\u00fcksiyon Bar Is\u0131tma Sistemi<\/a><\/p>\n<\/div><\/div><\/div><div class=\"fusion-layout-column fusion_builder_column fusion-builder-column-9 fusion_builder_column_1_3 1_3 fusion-flex-column fusion-flex-align-self-center\" style=\"--awb-bg-size:cover;--awb-width-large:33.333333333333%;--awb-margin-top-large:0px;--awb-spacing-right-large:5.76%;--awb-margin-bottom-large:20px;--awb-spacing-left-large:5.76%;--awb-width-medium:33.333333333333%;--awb-order-medium:0;--awb-spacing-right-medium:5.76%;--awb-spacing-left-medium:5.76%;--awb-width-small:100%;--awb-order-small:0;--awb-spacing-right-small:1.92%;--awb-spacing-left-small:1.92%;\"><div class=\"fusion-column-wrapper fusion-column-has-shadow fusion-flex-justify-content-flex-start fusion-content-layout-column\"><div class=\"fusion-image-element \" style=\"text-align:center;--awb-liftup-border-radius:0px;--awb-caption-title-color:#8bc34a;--awb-caption-margin-top:20px;--awb-caption-margin-bottom:20px;--awb-caption-title-font-family:var(--h3_typography-font-family);--awb-caption-title-font-weight:var(--h3_typography-font-weight);--awb-caption-title-font-style:var(--h3_typography-font-style);--awb-caption-title-size:18px;--awb-caption-title-transform:var(--h3_typography-text-transform);--awb-caption-title-line-height:var(--h3_typography-line-height);--awb-caption-title-letter-spacing:var(--h3_typography-letter-spacing);\"><div class=\"awb-image-frame awb-image-frame-5 imageframe-liftup\"><span class=\" fusion-imageframe imageframe-none imageframe-5\" style=\"border:1px solid #000000;\"><a class=\"fusion-no-lightbox\" href=\"https:\/\/www.focoinduction.com\/tr\/urunler\/dovme-icin-induksiyonlu-isitma-sistemi\/induksiyon-kutuk-isitma-sistemi\/\" target=\"_blank\" aria-label=\"Billet induction heating furnace\" rel=\"noopener noreferrer\"><img decoding=\"async\" width=\"380\" height=\"280\" alt=\"\u0130nd\u00fcksiyonlu k\u00fct\u00fck \u0131s\u0131tma sistemi\" src=\"https:\/\/www.focoinduction.com\/wp-content\/uploads\/2021\/12\/Billet-induction-heating-furnace.jpg\" class=\"img-responsive wp-image-3607\" srcset=\"https:\/\/www.focoinduction.com\/wp-content\/uploads\/2021\/12\/Billet-induction-heating-furnace-200x147.jpg 200w, https:\/\/www.focoinduction.com\/wp-content\/uploads\/2021\/12\/Billet-induction-heating-furnace.jpg 380w\" sizes=\"(max-width: 768px) 100vw, 380px\" \/><\/a><\/span><\/div><\/div><div class=\"fusion-text fusion-text-10\" style=\"--awb-text-transform:none;--awb-margin-top:10px;\"><p style=\"text-align: center;\"><a href=\"https:\/\/www.focoinduction.com\/induction-heating-equipment\/induction-heating-system-for-forging\/induction-billet-heating-system\/\" target=\"_blank\" rel=\"noopener\">\u0130nd\u00fcksiyon K\u00fct\u00fck Is\u0131tma Sistemi<\/a><\/p>\n<\/div><\/div><\/div><\/div><\/div><\/p>\n","protected":false},"excerpt":{"rendered":"","protected":false},"author":1,"featured_media":3899,"parent":5898,"menu_order":0,"comment_status":"closed","ping_status":"closed","template":"","meta":{"footnotes":""},"class_list":["post-5606","page","type-page","status-publish","has-post-thumbnail","hentry"],"_links":{"self":[{"href":"https:\/\/www.focoinduction.com\/tr\/wp-json\/wp\/v2\/pages\/5606","targetHints":{"allow":["GET"]}}],"collection":[{"href":"https:\/\/www.focoinduction.com\/tr\/wp-json\/wp\/v2\/pages"}],"about":[{"href":"https:\/\/www.focoinduction.com\/tr\/wp-json\/wp\/v2\/types\/page"}],"author":[{"embeddable":true,"href":"https:\/\/www.focoinduction.com\/tr\/wp-json\/wp\/v2\/users\/1"}],"replies":[{"embeddable":true,"href":"https:\/\/www.focoinduction.com\/tr\/wp-json\/wp\/v2\/comments?post=5606"}],"version-history":[{"count":0,"href":"https:\/\/www.focoinduction.com\/tr\/wp-json\/wp\/v2\/pages\/5606\/revisions"}],"up":[{"embeddable":true,"href":"https:\/\/www.focoinduction.com\/tr\/wp-json\/wp\/v2\/pages\/5898"}],"wp:featuredmedia":[{"embeddable":true,"href":"https:\/\/www.focoinduction.com\/tr\/wp-json\/wp\/v2\/media\/3899"}],"wp:attachment":[{"href":"https:\/\/www.focoinduction.com\/tr\/wp-json\/wp\/v2\/media?parent=5606"}],"curies":[{"name":"wp","href":"https:\/\/api.w.org\/{rel}","templated":true}]}}