{"id":5762,"date":"2022-04-09T14:01:11","date_gmt":"2022-04-09T06:01:11","guid":{"rendered":"https:\/\/www.focoinduction.com\/saftlarin-induksiyonla-sertlestirilmesi\/"},"modified":"2023-05-16T09:08:34","modified_gmt":"2023-05-16T01:08:34","slug":"saftlarin-induksiyonla-sertlestirilmesi","status":"publish","type":"page","link":"https:\/\/www.focoinduction.com\/tr\/uygulamalar\/induksiyonla-sertlestirme\/saftlarin-induksiyonla-sertlestirilmesi\/","title":{"rendered":"\u015eaftlar\u0131n \u0130nd\u00fcksiyonla Sertle\u015ftirilmesi"},"content":{"rendered":"<p><div class=\"fusion-fullwidth fullwidth-box fusion-builder-row-1 fusion-flex-container nonhundred-percent-fullwidth non-hundred-percent-height-scrolling\" style=\"--awb-border-radius-top-left:0px;--awb-border-radius-top-right:0px;--awb-border-radius-bottom-right:0px;--awb-border-radius-bottom-left:0px;--awb-flex-wrap:wrap;\" ><div class=\"fusion-builder-row fusion-row fusion-flex-align-items-flex-start fusion-flex-content-wrap\" style=\"max-width:1248px;margin-left: calc(-4% \/ 2 );margin-right: calc(-4% \/ 2 );\"><div class=\"fusion-layout-column fusion_builder_column fusion-builder-column-0 fusion_builder_column_1_1 1_1 fusion-flex-column\" style=\"--awb-bg-size:cover;--awb-width-large:100%;--awb-margin-top-large:0px;--awb-spacing-right-large:1.92%;--awb-margin-bottom-large:20px;--awb-spacing-left-large:1.92%;--awb-width-medium:100%;--awb-order-medium:0;--awb-spacing-right-medium:1.92%;--awb-spacing-left-medium:1.92%;--awb-width-small:100%;--awb-order-small:0;--awb-spacing-right-small:1.92%;--awb-spacing-left-small:1.92%;\"><div class=\"fusion-column-wrapper fusion-column-has-shadow fusion-flex-justify-content-flex-start fusion-content-layout-column\"><div class=\"fusion-text fusion-text-1\" style=\"--awb-text-transform:none;\"><p>\u0130nd\u00fcksiyonla \u0131s\u0131tma, \u00e7e\u015fitli \u015faftlar\u0131n <a href=\"https:\/\/www.focoinduction.com\/heating-methods-for-induction-hardening\/\" target=\"_blank\" rel=\"noopener\">s\u00f6nd\u00fcr\u00fclmesi i\u00e7in<\/a> en yayg\u0131n <a href=\"https:\/\/www.focoinduction.com\/heating-methods-for-induction-hardening\/\" target=\"_blank\" rel=\"noopener\">y\u00f6ntem<\/a> haline gelmi\u015ftir. \u0130nd\u00fcksiyonla \u0131s\u0131tma, \u00e7elik \u015faft\u0131 sadece saniyeler i\u00e7inde 800-1.000 \u00b0C&#8217;ye kadar h\u0131zla \u0131s\u0131tmak i\u00e7in kullan\u0131l\u0131r, ard\u0131ndan \u015faft\u0131n y\u00fczeyini sertle\u015ftirmek, sertli\u011fi ve a\u015f\u0131nma direncini art\u0131rmak i\u00e7in hemen so\u011futma yap\u0131l\u0131r.<\/p>\n<p><strong>Ekipman:  <\/strong><\/p>\n<p><span style=\"color: #0000ff;\"><a style=\"color: #0000ff;\" href=\"https:\/\/www.focoinduction.com\/tr\/urunler\/induksiyonla-sertlestirme-makineleri\/dikey-induksiyon-sertlestirme-makinesi\/\" target=\"_blank\" rel=\"noopener\">Dikey ind\u00fcksiyon sertle\u015ftirme makinesi<\/a><\/span><\/p>\n<p>Sertle\u015ftirilmi\u015f katman\u0131n derinlik gereksinimlerine g\u00f6re, <a href=\"https:\/\/www.focoinduction.com\/tr\/urunler\/induksiyonlu-isitma-makineleri\/yuksek-frekansli-induksiyonlu-isitma-makinesi\/\" target=\"_blank\" rel=\"noopener\">y\u00fcksek frekansl\u0131 bir ind\u00fcksiyonlu \u0131s\u0131tma g\u00fc\u00e7 kayna\u011f\u0131<\/a>, <a href=\"https:\/\/www.focoinduction.com\/tr\/urunler\/induksiyonlu-isitma-makineleri\/yuksek-frekansli-induksiyonlu-isitma-makinesi\/\" target=\"_blank\" rel=\"noopener\">orta<\/a> frekansl\u0131 bir ind\u00fcksiyonlu \u0131s\u0131tma g\u00fc\u00e7 kayna\u011f\u0131 veya <a href=\"https:\/\/www.focoinduction.com\/tr\/urunler\/induksiyonlu-isitma-makineleri\/ultra-yuksek-frekansli-induksiyonlu-isitma-makinesi\/\" target=\"_blank\" rel=\"noopener\">ultra y\u00fcksek<\/a> frekansl\u0131 bir ind\u00fcksiyonlu \u0131s\u0131tma g\u00fc\u00e7 kayna\u011f\u0131 kullanaca\u011f\u0131z.<\/p>\n<p>Ayr\u0131ca, yerle\u015fik bir su so\u011futma sistemi ile donatabiliriz.<\/p>\n<p><strong>Avantajlar:<\/strong><\/p>\n<ul>\n<li>Geleneksel f\u0131r\u0131nlarla kar\u015f\u0131la\u015ft\u0131r\u0131ld\u0131\u011f\u0131nda, ind\u00fcksiyonla sertle\u015ftirme ortalama olarak mil ba\u015f\u0131na sadece birka\u00e7 saniye veya dakika ile daha h\u0131zl\u0131d\u0131r.<\/li>\n<li>\u0130nd\u00fcksiyonla sertle\u015ftirme sistemleri, t\u00fcm \u00fcretim s\u00fcrecini otomatikle\u015ftirmek i\u00e7in \u00fcretim hatt\u0131na entegre edilebilir.<\/li>\n<li>Garantili tekrarlanabilirlik ve sonu\u00e7 tutarl\u0131l\u0131\u011f\u0131.<\/li>\n<li>T\u00fcm \u0131s\u0131tma s\u00fcreci kontrol edilebilir.<\/li>\n<\/ul>\n<p><a href=\"https:\/\/www.focoinduction.com\/induction-heating-applications\/induction-hardening\/\" target=\"_blank\" rel=\"noopener\">\u0130nd\u00fcksiyonla sertle\u015ftirme uygulamalar\u0131<\/a> hakk\u0131nda daha fazla bilgi edinin.<\/p>\n<\/div><\/div><\/div><\/div><\/div><div class=\"fusion-fullwidth fullwidth-box fusion-builder-row-2 fusion-flex-container nonhundred-percent-fullwidth non-hundred-percent-height-scrolling\" style=\"--awb-border-radius-top-left:0px;--awb-border-radius-top-right:0px;--awb-border-radius-bottom-right:0px;--awb-border-radius-bottom-left:0px;--awb-flex-wrap:wrap;\" ><div class=\"fusion-builder-row fusion-row fusion-flex-align-items-flex-start fusion-flex-content-wrap\" style=\"max-width:1248px;margin-left: calc(-4% \/ 2 );margin-right: calc(-4% \/ 2 );\"><div class=\"fusion-layout-column fusion_builder_column fusion-builder-column-1 fusion_builder_column_1_1 1_1 fusion-flex-column\" style=\"--awb-bg-size:cover;--awb-width-large:100%;--awb-margin-top-large:0px;--awb-spacing-right-large:1.92%;--awb-margin-bottom-large:0px;--awb-spacing-left-large:1.92%;--awb-width-medium:100%;--awb-order-medium:0;--awb-spacing-right-medium:1.92%;--awb-spacing-left-medium:1.92%;--awb-width-small:100%;--awb-order-small:0;--awb-spacing-right-small:1.92%;--awb-spacing-left-small:1.92%;\"><div class=\"fusion-column-wrapper fusion-column-has-shadow fusion-flex-justify-content-flex-start fusion-content-layout-column\"><div class=\"fusion-text fusion-text-2\" style=\"--awb-font-size:24px;--awb-text-transform:none;\"><p><strong>\u0130nd\u00fcksiyonla Sertle\u015ftirme Mili Galerisi<\/strong><\/p>\n<\/div><\/div><\/div><div class=\"fusion-layout-column fusion_builder_column fusion-builder-column-2 fusion_builder_column_1_3 1_3 fusion-flex-column\" style=\"--awb-bg-size:cover;--awb-width-large:33.333333333333%;--awb-margin-top-large:0px;--awb-spacing-right-large:15px;--awb-margin-bottom-large:0px;--awb-spacing-left-large:0px;--awb-width-medium:33.333333333333%;--awb-order-medium:0;--awb-spacing-right-medium:15px;--awb-spacing-left-medium:0px;--awb-width-small:100%;--awb-order-small:0;--awb-spacing-right-small:1.92%;--awb-spacing-left-small:1.92%;\"><div class=\"fusion-column-wrapper fusion-column-has-shadow fusion-flex-justify-content-flex-start fusion-content-layout-column\"><div class=\"fusion-image-element \" style=\"text-align:center;--awb-max-width:270px;--awb-caption-title-font-family:var(--h2_typography-font-family);--awb-caption-title-font-weight:var(--h2_typography-font-weight);--awb-caption-title-font-style:var(--h2_typography-font-style);--awb-caption-title-size:var(--h2_typography-font-size);--awb-caption-title-transform:var(--h2_typography-text-transform);--awb-caption-title-line-height:var(--h2_typography-line-height);--awb-caption-title-letter-spacing:var(--h2_typography-letter-spacing);\"><span class=\" fusion-imageframe imageframe-none imageframe-1 hover-type-none\"><a href=\"https:\/\/www.focoinduction.com\/wp-content\/uploads\/2022\/04\/hardening-of-large-steel-shaft.jpg\" class=\"fusion-lightbox\" data-rel=\"iLightbox[b\u00fcy\u00fck \u00e7elik \u015faft\u0131n sertle\u015ftirilmesi]\" data-caption=\"hardening of large steel shaft\" data-title=\"hardening of large steel shaft\" title=\"hardening of large steel shaft\"><img decoding=\"async\" width=\"600\" height=\"400\" alt=\"b\u00fcy\u00fck \u00e7elik \u015faft\u0131n sertle\u015ftirilmesi\" src=\"https:\/\/www.focoinduction.com\/wp-content\/uploads\/2022\/04\/hardening-of-large-steel-shaft.jpg\" class=\"img-responsive wp-image-3867\" srcset=\"https:\/\/www.focoinduction.com\/wp-content\/uploads\/2022\/04\/hardening-of-large-steel-shaft-200x133.jpg 200w, https:\/\/www.focoinduction.com\/wp-content\/uploads\/2022\/04\/hardening-of-large-steel-shaft-400x267.jpg 400w, https:\/\/www.focoinduction.com\/wp-content\/uploads\/2022\/04\/hardening-of-large-steel-shaft.jpg 600w\" sizes=\"(max-width: 768px) 100vw, 400px\" \/><\/a><\/span><\/div><div class=\"fusion-text fusion-text-3\" style=\"--awb-font-size:14px;--awb-text-transform:none;\"><p>B\u00fcy\u00fck \u00c7elik Millerin Sertle\u015ftirilmesi<\/p>\n<\/div><\/div><\/div><div class=\"fusion-layout-column fusion_builder_column fusion-builder-column-3 fusion_builder_column_1_3 1_3 fusion-flex-column\" style=\"--awb-bg-size:cover;--awb-width-large:33.333333333333%;--awb-margin-top-large:0px;--awb-spacing-right-large:15px;--awb-margin-bottom-large:0px;--awb-spacing-left-large:0px;--awb-width-medium:33.333333333333%;--awb-order-medium:0;--awb-spacing-right-medium:15px;--awb-spacing-left-medium:0px;--awb-width-small:100%;--awb-order-small:0;--awb-spacing-right-small:1.92%;--awb-spacing-left-small:1.92%;\"><div class=\"fusion-column-wrapper fusion-column-has-shadow fusion-flex-justify-content-flex-start fusion-content-layout-column\"><div class=\"fusion-image-element \" style=\"text-align:center;--awb-max-width:270px;--awb-caption-title-font-family:var(--h2_typography-font-family);--awb-caption-title-font-weight:var(--h2_typography-font-weight);--awb-caption-title-font-style:var(--h2_typography-font-style);--awb-caption-title-size:var(--h2_typography-font-size);--awb-caption-title-transform:var(--h2_typography-text-transform);--awb-caption-title-line-height:var(--h2_typography-line-height);--awb-caption-title-letter-spacing:var(--h2_typography-letter-spacing);\"><span class=\" fusion-imageframe imageframe-none imageframe-2 hover-type-none\"><a href=\"https:\/\/www.focoinduction.com\/wp-content\/uploads\/2022\/04\/hardening-of-shaft-with-induction-heating.jpg\" class=\"fusion-lightbox\" data-rel=\"iLightbox[ind\u00fcksiyonlu \u0131s\u0131tma ile \u015faft\u0131n sertle\u015ftirilmesi]\" data-caption=\"hardening of shaft with induction heating\" data-title=\"hardening of shaft with induction heating\" title=\"hardening of shaft with induction heating\"><img decoding=\"async\" width=\"600\" height=\"400\" alt=\"ind\u00fcksiyonlu \u0131s\u0131tma ile \u015faft\u0131n sertle\u015ftirilmesi\" src=\"https:\/\/www.focoinduction.com\/wp-content\/uploads\/2022\/04\/hardening-of-shaft-with-induction-heating.jpg\" class=\"img-responsive wp-image-3871\" srcset=\"https:\/\/www.focoinduction.com\/wp-content\/uploads\/2022\/04\/hardening-of-shaft-with-induction-heating-200x133.jpg 200w, https:\/\/www.focoinduction.com\/wp-content\/uploads\/2022\/04\/hardening-of-shaft-with-induction-heating-400x267.jpg 400w, https:\/\/www.focoinduction.com\/wp-content\/uploads\/2022\/04\/hardening-of-shaft-with-induction-heating.jpg 600w\" sizes=\"(max-width: 768px) 100vw, 400px\" \/><\/a><\/span><\/div><div class=\"fusion-text fusion-text-4\" style=\"--awb-font-size:14px;--awb-text-transform:none;\"><p>\u0130nd\u00fcksiyonla Is\u0131tma ile \u015eaft Sertle\u015ftirme<\/p>\n<\/div><\/div><\/div><div class=\"fusion-layout-column fusion_builder_column fusion-builder-column-4 fusion_builder_column_1_3 1_3 fusion-flex-column\" style=\"--awb-bg-size:cover;--awb-width-large:33.333333333333%;--awb-margin-top-large:0px;--awb-spacing-right-large:15px;--awb-margin-bottom-large:0px;--awb-spacing-left-large:0px;--awb-width-medium:33.333333333333%;--awb-order-medium:0;--awb-spacing-right-medium:15px;--awb-spacing-left-medium:0px;--awb-width-small:100%;--awb-order-small:0;--awb-spacing-right-small:1.92%;--awb-spacing-left-small:1.92%;\"><div class=\"fusion-column-wrapper fusion-column-has-shadow fusion-flex-justify-content-flex-start fusion-content-layout-column\"><div class=\"fusion-image-element \" style=\"text-align:center;--awb-max-width:270px;--awb-caption-title-font-family:var(--h2_typography-font-family);--awb-caption-title-font-weight:var(--h2_typography-font-weight);--awb-caption-title-font-style:var(--h2_typography-font-style);--awb-caption-title-size:var(--h2_typography-font-size);--awb-caption-title-transform:var(--h2_typography-text-transform);--awb-caption-title-line-height:var(--h2_typography-line-height);--awb-caption-title-letter-spacing:var(--h2_typography-letter-spacing);\"><span class=\" fusion-imageframe imageframe-none imageframe-3 hover-type-none\"><a href=\"https:\/\/www.focoinduction.com\/wp-content\/uploads\/2022\/04\/hardening-of-steel-shaft.jpg\" class=\"fusion-lightbox\" data-rel=\"iLightbox[\u00e7elik \u015faft\u0131n sertle\u015ftirilmesi]\" data-caption=\"hardening of steel shaft\" data-title=\"hardening of steel shaft\" title=\"hardening of steel shaft\"><img decoding=\"async\" width=\"600\" height=\"400\" alt=\"\u00e7elik \u015faft\u0131n sertle\u015ftirilmesi\" src=\"https:\/\/www.focoinduction.com\/wp-content\/uploads\/2022\/04\/hardening-of-steel-shaft.jpg\" class=\"img-responsive wp-image-3875\" srcset=\"https:\/\/www.focoinduction.com\/wp-content\/uploads\/2022\/04\/hardening-of-steel-shaft-200x133.jpg 200w, https:\/\/www.focoinduction.com\/wp-content\/uploads\/2022\/04\/hardening-of-steel-shaft-400x267.jpg 400w, https:\/\/www.focoinduction.com\/wp-content\/uploads\/2022\/04\/hardening-of-steel-shaft.jpg 600w\" sizes=\"(max-width: 768px) 100vw, 400px\" \/><\/a><\/span><\/div><div class=\"fusion-text fusion-text-5\" style=\"--awb-font-size:14px;--awb-text-transform:none;\"><p>\u00c7elik Milin Sertle\u015ftirilmesi<\/p>\n<\/div><\/div><\/div><div class=\"fusion-layout-column fusion_builder_column fusion-builder-column-5 fusion_builder_column_1_3 1_3 fusion-flex-column\" style=\"--awb-bg-size:cover;--awb-width-large:33.333333333333%;--awb-margin-top-large:0px;--awb-spacing-right-large:15px;--awb-margin-bottom-large:0px;--awb-spacing-left-large:0px;--awb-width-medium:33.333333333333%;--awb-order-medium:0;--awb-spacing-right-medium:15px;--awb-spacing-left-medium:0px;--awb-width-small:100%;--awb-order-small:0;--awb-spacing-right-small:1.92%;--awb-spacing-left-small:1.92%;\"><div class=\"fusion-column-wrapper fusion-column-has-shadow fusion-flex-justify-content-flex-start fusion-content-layout-column\"><div class=\"fusion-image-element \" style=\"text-align:center;--awb-max-width:270px;--awb-caption-title-font-family:var(--h2_typography-font-family);--awb-caption-title-font-weight:var(--h2_typography-font-weight);--awb-caption-title-font-style:var(--h2_typography-font-style);--awb-caption-title-size:var(--h2_typography-font-size);--awb-caption-title-transform:var(--h2_typography-text-transform);--awb-caption-title-line-height:var(--h2_typography-line-height);--awb-caption-title-letter-spacing:var(--h2_typography-letter-spacing);\"><span class=\" fusion-imageframe imageframe-none imageframe-4 hover-type-none\"><a href=\"https:\/\/www.focoinduction.com\/wp-content\/uploads\/2022\/04\/shaft-scan-hardening.jpg\" class=\"fusion-lightbox\" data-rel=\"iLightbox[\u015faft tarama sertle\u015fmesi]\" data-caption=\"shaft scan hardening\" data-title=\"shaft scan hardening\" title=\"shaft scan hardening\"><img decoding=\"async\" width=\"600\" height=\"400\" alt=\"\u015faft tarama sertle\u015fmesi\" src=\"https:\/\/www.focoinduction.com\/wp-content\/uploads\/2022\/04\/shaft-scan-hardening.jpg\" class=\"img-responsive wp-image-3879\" srcset=\"https:\/\/www.focoinduction.com\/wp-content\/uploads\/2022\/04\/shaft-scan-hardening-200x133.jpg 200w, https:\/\/www.focoinduction.com\/wp-content\/uploads\/2022\/04\/shaft-scan-hardening-400x267.jpg 400w, https:\/\/www.focoinduction.com\/wp-content\/uploads\/2022\/04\/shaft-scan-hardening.jpg 600w\" sizes=\"(max-width: 768px) 100vw, 400px\" \/><\/a><\/span><\/div><div class=\"fusion-text fusion-text-6\" style=\"--awb-font-size:14px;--awb-text-transform:none;\"><p>\u015eaft Tarama Sertle\u015ftirme<\/p>\n<\/div><\/div><\/div><div class=\"fusion-layout-column fusion_builder_column fusion-builder-column-6 fusion_builder_column_1_3 1_3 fusion-flex-column\" style=\"--awb-bg-size:cover;--awb-width-large:33.333333333333%;--awb-margin-top-large:0px;--awb-spacing-right-large:15px;--awb-margin-bottom-large:0px;--awb-spacing-left-large:0px;--awb-width-medium:33.333333333333%;--awb-order-medium:0;--awb-spacing-right-medium:15px;--awb-spacing-left-medium:0px;--awb-width-small:100%;--awb-order-small:0;--awb-spacing-right-small:1.92%;--awb-spacing-left-small:1.92%;\"><div class=\"fusion-column-wrapper fusion-column-has-shadow fusion-flex-justify-content-flex-start fusion-content-layout-column\"><div class=\"fusion-image-element \" style=\"text-align:center;--awb-max-width:270px;--awb-caption-title-font-family:var(--h2_typography-font-family);--awb-caption-title-font-weight:var(--h2_typography-font-weight);--awb-caption-title-font-style:var(--h2_typography-font-style);--awb-caption-title-size:var(--h2_typography-font-size);--awb-caption-title-transform:var(--h2_typography-text-transform);--awb-caption-title-line-height:var(--h2_typography-line-height);--awb-caption-title-letter-spacing:var(--h2_typography-letter-spacing);\"><span class=\" fusion-imageframe imageframe-none imageframe-5 hover-type-none\"><a href=\"https:\/\/www.focoinduction.com\/wp-content\/uploads\/2022\/04\/shaft-hardening-with-horizontal-induction-hardening-machine.jpg\" class=\"fusion-lightbox\" data-rel=\"iLightbox[yatay ind\u00fcksiyon sertle\u015ftirme makinesi ile \u015faft sertle\u015ftirme]\" data-caption=\"shaft hardening with horizontal induction hardening machine\" data-title=\"shaft hardening with horizontal induction hardening machine\" title=\"shaft hardening with horizontal induction hardening machine\"><img decoding=\"async\" width=\"600\" height=\"400\" alt=\"yatay ind\u00fcksiyon sertle\u015ftirme makinesi ile \u015faft sertle\u015ftirme\" src=\"https:\/\/www.focoinduction.com\/wp-content\/uploads\/2022\/04\/shaft-hardening-with-horizontal-induction-hardening-machine.jpg\" class=\"img-responsive wp-image-3883\" srcset=\"https:\/\/www.focoinduction.com\/wp-content\/uploads\/2022\/04\/shaft-hardening-with-horizontal-induction-hardening-machine-200x133.jpg 200w, https:\/\/www.focoinduction.com\/wp-content\/uploads\/2022\/04\/shaft-hardening-with-horizontal-induction-hardening-machine-400x267.jpg 400w, https:\/\/www.focoinduction.com\/wp-content\/uploads\/2022\/04\/shaft-hardening-with-horizontal-induction-hardening-machine.jpg 600w\" sizes=\"(max-width: 768px) 100vw, 400px\" \/><\/a><\/span><\/div><div class=\"fusion-text fusion-text-7\" style=\"--awb-font-size:14px;--awb-text-transform:none;\"><p>Yatay \u0130nd\u00fcksiyon Sertle\u015ftirme Makinesi ile \u015eaft Sertle\u015ftirme<\/p>\n<\/div><\/div><\/div><\/div><\/div><\/p>\n","protected":false},"excerpt":{"rendered":"","protected":false},"author":1,"featured_media":3863,"parent":5766,"menu_order":0,"comment_status":"closed","ping_status":"closed","template":"","meta":{"footnotes":""},"class_list":["post-5762","page","type-page","status-publish","has-post-thumbnail","hentry"],"_links":{"self":[{"href":"https:\/\/www.focoinduction.com\/tr\/wp-json\/wp\/v2\/pages\/5762","targetHints":{"allow":["GET"]}}],"collection":[{"href":"https:\/\/www.focoinduction.com\/tr\/wp-json\/wp\/v2\/pages"}],"about":[{"href":"https:\/\/www.focoinduction.com\/tr\/wp-json\/wp\/v2\/types\/page"}],"author":[{"embeddable":true,"href":"https:\/\/www.focoinduction.com\/tr\/wp-json\/wp\/v2\/users\/1"}],"replies":[{"embeddable":true,"href":"https:\/\/www.focoinduction.com\/tr\/wp-json\/wp\/v2\/comments?post=5762"}],"version-history":[{"count":0,"href":"https:\/\/www.focoinduction.com\/tr\/wp-json\/wp\/v2\/pages\/5762\/revisions"}],"up":[{"embeddable":true,"href":"https:\/\/www.focoinduction.com\/tr\/wp-json\/wp\/v2\/pages\/5766"}],"wp:featuredmedia":[{"embeddable":true,"href":"https:\/\/www.focoinduction.com\/tr\/wp-json\/wp\/v2\/media\/3863"}],"wp:attachment":[{"href":"https:\/\/www.focoinduction.com\/tr\/wp-json\/wp\/v2\/media?parent=5762"}],"curies":[{"name":"wp","href":"https:\/\/api.w.org\/{rel}","templated":true}]}}