{"id":5794,"date":"2022-04-09T13:12:01","date_gmt":"2022-04-09T05:12:01","guid":{"rendered":"https:\/\/www.focoinduction.com\/bakir-borunun-induksiyonla-sert-lehimlenmesi\/"},"modified":"2023-05-16T09:08:35","modified_gmt":"2023-05-16T01:08:35","slug":"bakir-borunun-induksiyonla-sert-lehimlenmesi","status":"publish","type":"page","link":"https:\/\/www.focoinduction.com\/tr\/uygulamalar\/induksiyonla-sert-lehimleme\/bakir-borunun-induksiyonla-sert-lehimlenmesi\/","title":{"rendered":"Bak\u0131r Borunun \u0130nd\u00fcksiyonla Sert Lehimlenmesi"},"content":{"rendered":"<p><div class=\"fusion-fullwidth fullwidth-box fusion-builder-row-1 fusion-flex-container nonhundred-percent-fullwidth non-hundred-percent-height-scrolling\" style=\"--awb-border-radius-top-left:0px;--awb-border-radius-top-right:0px;--awb-border-radius-bottom-right:0px;--awb-border-radius-bottom-left:0px;--awb-flex-wrap:wrap;\" ><div class=\"fusion-builder-row fusion-row fusion-flex-align-items-flex-start fusion-flex-content-wrap\" style=\"max-width:1248px;margin-left: calc(-4% \/ 2 );margin-right: calc(-4% \/ 2 );\"><div class=\"fusion-layout-column fusion_builder_column fusion-builder-column-0 fusion_builder_column_1_1 1_1 fusion-flex-column\" style=\"--awb-bg-size:cover;--awb-width-large:100%;--awb-margin-top-large:0px;--awb-spacing-right-large:1.92%;--awb-margin-bottom-large:20px;--awb-spacing-left-large:1.92%;--awb-width-medium:100%;--awb-order-medium:0;--awb-spacing-right-medium:1.92%;--awb-spacing-left-medium:1.92%;--awb-width-small:100%;--awb-order-small:0;--awb-spacing-right-small:1.92%;--awb-spacing-left-small:1.92%;\"><div class=\"fusion-column-wrapper fusion-column-has-shadow fusion-flex-justify-content-flex-start fusion-content-layout-column\"><div class=\"fusion-text fusion-text-1\" style=\"--awb-text-transform:none;\"><p><a href=\"https:\/\/www.focoinduction.com\/tr\/urunler\/induksiyon-lehimleme-makineleri\/\" target=\"_blank\" rel=\"noopener\">\u0130nd\u00fcksiyonla lehimleme ekipman\u0131,<\/a> bak\u0131r boru lehimleme i\u00e7in en geli\u015fmi\u015f ve verimli y\u00fcksek teknoloji ekipman\u0131 haline gelmi\u015ftir. Sadece bak\u0131r boru lehimleme i\u015flemini otomatikle\u015ftirmekle kalmaz, ayn\u0131 zamanda tutarl\u0131 sonu\u00e7lar\u0131 da garanti eder.<\/p>\n<p>\u0130nd\u00fcksiyon lehimleme kullanarak bak\u0131r borular\u0131 lehimleme i\u015flemini kolayca kontrol edebiliriz. Bak\u0131r borular\u0131n ve bak\u0131r borular\u0131n veya bak\u0131r borular\u0131n ve di\u011fer malzemelerin lehimlenmesi s\u00fcrecinde, ekipman\u0131n g\u00fcc\u00fcn\u00fc ve frekans\u0131n\u0131 ayarlayarak lehimleme i\u00e7in gereken s\u00fcreyi kontrol edebilir, b\u00f6ylece \u00fcretim verimlili\u011fini koruyabiliriz.<\/p>\n<p>Alevle lehimlemenin aksine, ind\u00fcksiyonla lehimleme sadece lehimlenmesi gereken yeri \u0131s\u0131t\u0131r, bu da enerji israf\u0131n\u0131 \u00f6nler. Ve s\u00fcreci \u00e7evre dostudur, herhangi bir emisyonu yoktur. Tekrarlanabilir bir sert lehimleme prosesinde, ind\u00fcksiyon sert lehimleme otomatikle\u015ftirilebilir ve sert lehimleme sonu\u00e7lar\u0131n\u0131n s\u00fcrekli olarak en iyi kalitede tutulmas\u0131 sa\u011flan\u0131r.<\/p>\n<p><strong>Bak\u0131r Boru \u0130nd\u00fcksiyonlu Lehimleme Ekipmanlar\u0131 \uff1a<\/strong><\/p>\n<ul>\n<li><span style=\"color: #0000ff;\"><a style=\"color: #0000ff;\" href=\"https:\/\/www.focoinduction.com\/tr\/urunler\/induksiyon-lehimleme-makineleri\/tasinabilir-induksiyonlu-lehimleme-makinesi\/\" target=\"_blank\" rel=\"noopener\">Ta\u015f\u0131nabilir \u0130nd\u00fcksiyonlu Lehimleme Makinesi<\/a><\/span><\/li>\n<li><a href=\"https:\/\/www.focoinduction.com\/tr\/urunler\/induksiyon-lehimleme-makineleri\/el-induksiyonlu-lehimleme-makinesi\/\" target=\"_blank\" rel=\"noopener\"><br \/>\n  <span style=\"color: #0000ff;\">El tipi ind\u00fcksiyon lehimleme makinesi<\/span><br \/>\n<\/a> (dahili su so\u011futma sistemi)<\/li>\n<li><span style=\"color: #0000ff;\"><a style=\"color: #0000ff;\" href=\"https:\/\/www.focoinduction.com\/tr\/urunler\/induksiyon-lehimleme-makineleri\/otomatik-induksiyonlu-lehimleme-makinesi\/\" target=\"_blank\" rel=\"noopener\">Otomatik ind\u00fcksiyon lehimleme ekipman\u0131<\/a><\/span><\/li>\n<\/ul>\n<p>Genellikle ind\u00fcksiyonlu lehimleme ekipman\u0131 <a href=\"https:\/\/www.focoinduction.com\/tr\/urunler\/induksiyonlu-isitma-makineleri\/yuksek-frekansli-induksiyonlu-isitma-makinesi\/\" target=\"_blank\" rel=\"noopener\">y\u00fcksek frekansl\u0131 ind\u00fcksiyonlu \u0131s\u0131tma g\u00fc\u00e7 kayna\u011f\u0131<\/a> veya <a href=\"https:\/\/www.focoinduction.com\/tr\/urunler\/induksiyonlu-isitma-makineleri\/ultra-yuksek-frekansli-induksiyonlu-isitma-makinesi\/\" target=\"_blank\" rel=\"noopener\">ultra y\u00fcksek frekans<\/a>l\u0131 ind\u00fcksiyonlu \u0131s\u0131tma g\u00fc\u00e7 kayna\u011f\u0131 kullan\u0131r. Tutarl\u0131 sonu\u00e7larla h\u0131zl\u0131 alevsiz sert lehimleme sa\u011flarlar.<\/p>\n<p>Hakk\u0131nda daha fazlas\u0131n\u0131 okuyun<a href=\"https:\/\/www.focoinduction.com\/induction-heating-applications\/induction-brazing\/\" target=\"_blank\" rel=\"noopener\"> <span style=\"color: #0000ff;\">ind\u00fcksiyon lehimleme uygulamalar\u0131<\/span><\/a>.<\/p>\n<\/div><\/div><\/div><\/div><\/div><div class=\"fusion-fullwidth fullwidth-box fusion-builder-row-2 fusion-flex-container nonhundred-percent-fullwidth non-hundred-percent-height-scrolling\" style=\"--awb-border-radius-top-left:0px;--awb-border-radius-top-right:0px;--awb-border-radius-bottom-right:0px;--awb-border-radius-bottom-left:0px;--awb-flex-wrap:wrap;\" ><div class=\"fusion-builder-row fusion-row fusion-flex-align-items-flex-start fusion-flex-content-wrap\" style=\"max-width:1248px;margin-left: calc(-4% \/ 2 );margin-right: calc(-4% \/ 2 );\"><div class=\"fusion-layout-column fusion_builder_column fusion-builder-column-1 fusion_builder_column_1_1 1_1 fusion-flex-column\" style=\"--awb-bg-size:cover;--awb-width-large:100%;--awb-margin-top-large:0px;--awb-spacing-right-large:1.92%;--awb-margin-bottom-large:0px;--awb-spacing-left-large:1.92%;--awb-width-medium:100%;--awb-order-medium:0;--awb-spacing-right-medium:1.92%;--awb-spacing-left-medium:1.92%;--awb-width-small:100%;--awb-order-small:0;--awb-spacing-right-small:1.92%;--awb-spacing-left-small:1.92%;\"><div class=\"fusion-column-wrapper fusion-column-has-shadow fusion-flex-justify-content-flex-start fusion-content-layout-column\"><div class=\"fusion-text fusion-text-2\" style=\"--awb-text-transform:none;\"><h2>\u0130nd\u00fcksiyonla Sert Lehimleme Galerisi<\/h2>\n<\/div><\/div><\/div><div class=\"fusion-layout-column fusion_builder_column fusion-builder-column-2 fusion_builder_column_1_3 1_3 fusion-flex-column\" style=\"--awb-bg-size:cover;--awb-width-large:33.333333333333%;--awb-margin-top-large:0px;--awb-spacing-right-large:15px;--awb-margin-bottom-large:0px;--awb-spacing-left-large:0px;--awb-width-medium:33.333333333333%;--awb-order-medium:0;--awb-spacing-right-medium:15px;--awb-spacing-left-medium:0px;--awb-width-small:100%;--awb-order-small:0;--awb-spacing-right-small:1.92%;--awb-spacing-left-small:1.92%;\"><div class=\"fusion-column-wrapper fusion-column-has-shadow fusion-flex-justify-content-flex-start fusion-content-layout-column\"><div class=\"fusion-image-element \" style=\"text-align:center;--awb-max-width:270px;--awb-caption-title-font-family:var(--h2_typography-font-family);--awb-caption-title-font-weight:var(--h2_typography-font-weight);--awb-caption-title-font-style:var(--h2_typography-font-style);--awb-caption-title-size:var(--h2_typography-font-size);--awb-caption-title-transform:var(--h2_typography-text-transform);--awb-caption-title-line-height:var(--h2_typography-line-height);--awb-caption-title-letter-spacing:var(--h2_typography-letter-spacing);\"><span class=\" fusion-imageframe imageframe-none imageframe-1 hover-type-none\"><a href=\"https:\/\/www.focoinduction.com\/wp-content\/uploads\/2022\/04\/induction-brazing-of-heat-exchanger-copper-tube.jpg\" class=\"fusion-lightbox\" data-rel=\"iLightbox[\u0131s\u0131 e\u015fanj\u00f6r\u00fc bak\u0131r borusunun ind\u00fcksiyonla lehimlenmesi]\" data-caption=\"induction brazing of heat exchanger copper tube\" data-title=\"induction brazing of heat exchanger copper tube\" title=\"induction brazing of heat exchanger copper tube\"><img decoding=\"async\" width=\"600\" height=\"400\" alt=\"\u0131s\u0131 e\u015fanj\u00f6r\u00fc bak\u0131r borusunun ind\u00fcksiyonla lehimlenmesi\" src=\"https:\/\/www.focoinduction.com\/wp-content\/uploads\/2022\/04\/induction-brazing-of-heat-exchanger-copper-tube.jpg\" class=\"img-responsive wp-image-3779\" srcset=\"https:\/\/www.focoinduction.com\/wp-content\/uploads\/2022\/04\/induction-brazing-of-heat-exchanger-copper-tube-200x133.jpg 200w, https:\/\/www.focoinduction.com\/wp-content\/uploads\/2022\/04\/induction-brazing-of-heat-exchanger-copper-tube-400x267.jpg 400w, https:\/\/www.focoinduction.com\/wp-content\/uploads\/2022\/04\/induction-brazing-of-heat-exchanger-copper-tube.jpg 600w\" sizes=\"(max-width: 768px) 100vw, 400px\" \/><\/a><\/span><\/div><div class=\"fusion-text fusion-text-3\" style=\"--awb-font-size:14px;--awb-text-transform:none;\"><p>E\u015fanj\u00f6r Bak\u0131r Borusunun \u0130nd\u00fcksiyonla Sert Lehimlenmesi<\/p>\n<\/div><\/div><\/div><div class=\"fusion-layout-column fusion_builder_column fusion-builder-column-3 fusion_builder_column_1_3 1_3 fusion-flex-column\" style=\"--awb-bg-size:cover;--awb-width-large:33.333333333333%;--awb-margin-top-large:0px;--awb-spacing-right-large:15px;--awb-margin-bottom-large:0px;--awb-spacing-left-large:0px;--awb-width-medium:33.333333333333%;--awb-order-medium:0;--awb-spacing-right-medium:15px;--awb-spacing-left-medium:0px;--awb-width-small:100%;--awb-order-small:0;--awb-spacing-right-small:1.92%;--awb-spacing-left-small:1.92%;\"><div class=\"fusion-column-wrapper fusion-column-has-shadow fusion-flex-justify-content-flex-start fusion-content-layout-column\"><div class=\"fusion-image-element \" style=\"text-align:center;--awb-max-width:270px;--awb-caption-title-font-family:var(--h2_typography-font-family);--awb-caption-title-font-weight:var(--h2_typography-font-weight);--awb-caption-title-font-style:var(--h2_typography-font-style);--awb-caption-title-size:var(--h2_typography-font-size);--awb-caption-title-transform:var(--h2_typography-text-transform);--awb-caption-title-line-height:var(--h2_typography-line-height);--awb-caption-title-letter-spacing:var(--h2_typography-letter-spacing);\"><span class=\" fusion-imageframe imageframe-none imageframe-2 hover-type-none\"><a href=\"https:\/\/www.focoinduction.com\/wp-content\/uploads\/2022\/04\/induction-brazing-of-20mm-copper-tubes.jpg\" class=\"fusion-lightbox\" data-rel=\"iLightbox[20mm bak\u0131r borular\u0131n ind\u00fcksiyonla sert lehimlenmesi]\" data-caption=\"induction brazing of 20mm copper tubes\" data-title=\"induction brazing of 20mm copper tubes\" title=\"induction brazing of 20mm copper tubes\"><img decoding=\"async\" width=\"600\" height=\"400\" alt=\"20mm bak\u0131r borular\u0131n ind\u00fcksiyonla sert lehimlenmesi\" src=\"https:\/\/www.focoinduction.com\/wp-content\/uploads\/2022\/04\/induction-brazing-of-20mm-copper-tubes.jpg\" class=\"img-responsive wp-image-3783\" srcset=\"https:\/\/www.focoinduction.com\/wp-content\/uploads\/2022\/04\/induction-brazing-of-20mm-copper-tubes-200x133.jpg 200w, https:\/\/www.focoinduction.com\/wp-content\/uploads\/2022\/04\/induction-brazing-of-20mm-copper-tubes-400x267.jpg 400w, https:\/\/www.focoinduction.com\/wp-content\/uploads\/2022\/04\/induction-brazing-of-20mm-copper-tubes.jpg 600w\" sizes=\"(max-width: 768px) 100vw, 400px\" \/><\/a><\/span><\/div><div class=\"fusion-text fusion-text-4\" style=\"--awb-font-size:14px;--awb-text-transform:none;\"><p>20mm Bak\u0131r Borular\u0131n \u0130nd\u00fcksiyonla Sert Lehimlenmesi<\/p>\n<\/div><\/div><\/div><div class=\"fusion-layout-column fusion_builder_column fusion-builder-column-4 fusion_builder_column_1_3 1_3 fusion-flex-column\" style=\"--awb-bg-size:cover;--awb-width-large:33.333333333333%;--awb-margin-top-large:0px;--awb-spacing-right-large:15px;--awb-margin-bottom-large:0px;--awb-spacing-left-large:0px;--awb-width-medium:33.333333333333%;--awb-order-medium:0;--awb-spacing-right-medium:15px;--awb-spacing-left-medium:0px;--awb-width-small:100%;--awb-order-small:0;--awb-spacing-right-small:1.92%;--awb-spacing-left-small:1.92%;\"><div class=\"fusion-column-wrapper fusion-column-has-shadow fusion-flex-justify-content-flex-start fusion-content-layout-column\"><div class=\"fusion-image-element \" style=\"text-align:center;--awb-max-width:270px;--awb-caption-title-font-family:var(--h2_typography-font-family);--awb-caption-title-font-weight:var(--h2_typography-font-weight);--awb-caption-title-font-style:var(--h2_typography-font-style);--awb-caption-title-size:var(--h2_typography-font-size);--awb-caption-title-transform:var(--h2_typography-text-transform);--awb-caption-title-line-height:var(--h2_typography-line-height);--awb-caption-title-letter-spacing:var(--h2_typography-letter-spacing);\"><span class=\" fusion-imageframe imageframe-none imageframe-3 hover-type-none\"><a href=\"https:\/\/www.focoinduction.com\/wp-content\/uploads\/2022\/04\/induction-brazing-of-brass-fitting-to-copper-tube.jpg\" class=\"fusion-lightbox\" data-rel=\"iLightbox[pirin\u00e7 ba\u011flant\u0131 par\u00e7as\u0131n\u0131n bak\u0131r boruya ind\u00fcksiyonla lehimlenmesi]\" data-caption=\"induction brazing of brass fitting to copper tube\" data-title=\"induction brazing of brass fitting to copper tube\" title=\"induction brazing of brass fitting to copper tube\"><img decoding=\"async\" width=\"600\" height=\"400\" alt=\"pirin\u00e7 ba\u011flant\u0131 par\u00e7as\u0131n\u0131n bak\u0131r boruya ind\u00fcksiyonla lehimlenmesi\" src=\"https:\/\/www.focoinduction.com\/wp-content\/uploads\/2022\/04\/induction-brazing-of-brass-fitting-to-copper-tube.jpg\" class=\"img-responsive wp-image-3787\" srcset=\"https:\/\/www.focoinduction.com\/wp-content\/uploads\/2022\/04\/induction-brazing-of-brass-fitting-to-copper-tube-200x133.jpg 200w, https:\/\/www.focoinduction.com\/wp-content\/uploads\/2022\/04\/induction-brazing-of-brass-fitting-to-copper-tube-400x267.jpg 400w, https:\/\/www.focoinduction.com\/wp-content\/uploads\/2022\/04\/induction-brazing-of-brass-fitting-to-copper-tube.jpg 600w\" sizes=\"(max-width: 768px) 100vw, 400px\" \/><\/a><\/span><\/div><div class=\"fusion-text fusion-text-5\" style=\"--awb-font-size:14px;--awb-text-transform:none;\"><p>Pirin\u00e7 Fittingin Bak\u0131r Boruya \u0130nd\u00fcksiyonla Sert Lehimlenmesi<\/p>\n<\/div><\/div><\/div><div class=\"fusion-layout-column fusion_builder_column fusion-builder-column-5 fusion_builder_column_1_3 1_3 fusion-flex-column\" style=\"--awb-bg-size:cover;--awb-width-large:33.333333333333%;--awb-margin-top-large:0px;--awb-spacing-right-large:15px;--awb-margin-bottom-large:0px;--awb-spacing-left-large:0px;--awb-width-medium:33.333333333333%;--awb-order-medium:0;--awb-spacing-right-medium:15px;--awb-spacing-left-medium:0px;--awb-width-small:100%;--awb-order-small:0;--awb-spacing-right-small:1.92%;--awb-spacing-left-small:1.92%;\"><div class=\"fusion-column-wrapper fusion-column-has-shadow fusion-flex-justify-content-flex-start fusion-content-layout-column\"><div class=\"fusion-image-element \" style=\"text-align:center;--awb-max-width:270px;--awb-caption-title-font-family:var(--h2_typography-font-family);--awb-caption-title-font-weight:var(--h2_typography-font-weight);--awb-caption-title-font-style:var(--h2_typography-font-style);--awb-caption-title-size:var(--h2_typography-font-size);--awb-caption-title-transform:var(--h2_typography-text-transform);--awb-caption-title-line-height:var(--h2_typography-line-height);--awb-caption-title-letter-spacing:var(--h2_typography-letter-spacing);\"><span class=\" fusion-imageframe imageframe-none imageframe-4 hover-type-none\"><a href=\"https:\/\/www.focoinduction.com\/wp-content\/uploads\/2022\/04\/induction-brazing-of-copper-fitting.jpg\" class=\"fusion-lightbox\" data-rel=\"iLightbox[bak\u0131r ba\u011flant\u0131 par\u00e7as\u0131n\u0131n ind\u00fcksiyonla lehimlenmesi]\" data-caption=\"induction brazing of copper fitting\" data-title=\"induction brazing of copper fitting\" title=\"induction brazing of copper fitting\"><img decoding=\"async\" width=\"600\" height=\"400\" alt=\"bak\u0131r ba\u011flant\u0131 par\u00e7as\u0131n\u0131n ind\u00fcksiyonla lehimlenmesi\" src=\"https:\/\/www.focoinduction.com\/wp-content\/uploads\/2022\/04\/induction-brazing-of-copper-fitting.jpg\" class=\"img-responsive wp-image-3791\" srcset=\"https:\/\/www.focoinduction.com\/wp-content\/uploads\/2022\/04\/induction-brazing-of-copper-fitting-200x133.jpg 200w, https:\/\/www.focoinduction.com\/wp-content\/uploads\/2022\/04\/induction-brazing-of-copper-fitting-400x267.jpg 400w, https:\/\/www.focoinduction.com\/wp-content\/uploads\/2022\/04\/induction-brazing-of-copper-fitting.jpg 600w\" sizes=\"(max-width: 768px) 100vw, 400px\" \/><\/a><\/span><\/div><div class=\"fusion-text fusion-text-6\" style=\"--awb-font-size:14px;--awb-text-transform:none;\"><p>Bak\u0131r Fittinglerin \u0130nd\u00fcksiyonla Sert Lehimlenmesi<\/p>\n<\/div><\/div><\/div><div class=\"fusion-layout-column fusion_builder_column fusion-builder-column-6 fusion_builder_column_1_3 1_3 fusion-flex-column\" style=\"--awb-bg-size:cover;--awb-width-large:33.333333333333%;--awb-margin-top-large:0px;--awb-spacing-right-large:15px;--awb-margin-bottom-large:0px;--awb-spacing-left-large:0px;--awb-width-medium:33.333333333333%;--awb-order-medium:0;--awb-spacing-right-medium:15px;--awb-spacing-left-medium:0px;--awb-width-small:100%;--awb-order-small:0;--awb-spacing-right-small:1.92%;--awb-spacing-left-small:1.92%;\"><div class=\"fusion-column-wrapper fusion-column-has-shadow fusion-flex-justify-content-flex-start fusion-content-layout-column\"><div class=\"fusion-image-element \" style=\"text-align:center;--awb-max-width:270px;--awb-caption-title-font-family:var(--h2_typography-font-family);--awb-caption-title-font-weight:var(--h2_typography-font-weight);--awb-caption-title-font-style:var(--h2_typography-font-style);--awb-caption-title-size:var(--h2_typography-font-size);--awb-caption-title-transform:var(--h2_typography-text-transform);--awb-caption-title-line-height:var(--h2_typography-line-height);--awb-caption-title-letter-spacing:var(--h2_typography-letter-spacing);\"><span class=\" fusion-imageframe imageframe-none imageframe-5 hover-type-none\"><a href=\"https:\/\/www.focoinduction.com\/wp-content\/uploads\/2022\/04\/induction-brazing-of-copper-pipes-to-copper-fitting.jpg\" class=\"fusion-lightbox\" data-rel=\"iLightbox[bak\u0131r borular\u0131n bak\u0131r ba\u011flant\u0131 par\u00e7alar\u0131na ind\u00fcksiyonla lehimlenmesi]\" data-caption=\"induction brazing of copper pipes to copper fitting\" data-title=\"induction brazing of copper pipes to copper fitting\" title=\"induction brazing of copper pipes to copper fitting\"><img decoding=\"async\" width=\"600\" height=\"400\" alt=\"bak\u0131r borular\u0131n bak\u0131r ba\u011flant\u0131 par\u00e7alar\u0131na ind\u00fcksiyonla lehimlenmesi\" src=\"https:\/\/www.focoinduction.com\/wp-content\/uploads\/2022\/04\/induction-brazing-of-copper-pipes-to-copper-fitting.jpg\" class=\"img-responsive wp-image-3795\" srcset=\"https:\/\/www.focoinduction.com\/wp-content\/uploads\/2022\/04\/induction-brazing-of-copper-pipes-to-copper-fitting-200x133.jpg 200w, https:\/\/www.focoinduction.com\/wp-content\/uploads\/2022\/04\/induction-brazing-of-copper-pipes-to-copper-fitting-400x267.jpg 400w, https:\/\/www.focoinduction.com\/wp-content\/uploads\/2022\/04\/induction-brazing-of-copper-pipes-to-copper-fitting.jpg 600w\" sizes=\"(max-width: 768px) 100vw, 400px\" \/><\/a><\/span><\/div><div class=\"fusion-text fusion-text-7\" style=\"--awb-font-size:14px;--awb-text-transform:none;\"><p>Bak\u0131r Borular\u0131n Bak\u0131r Fittinglere \u0130nd\u00fcksiyonla Lehimlenmesi<\/p>\n<\/div><\/div><\/div><div class=\"fusion-layout-column fusion_builder_column fusion-builder-column-7 fusion_builder_column_1_3 1_3 fusion-flex-column\" style=\"--awb-bg-size:cover;--awb-width-large:33.333333333333%;--awb-margin-top-large:0px;--awb-spacing-right-large:15px;--awb-margin-bottom-large:0px;--awb-spacing-left-large:0px;--awb-width-medium:33.333333333333%;--awb-order-medium:0;--awb-spacing-right-medium:15px;--awb-spacing-left-medium:0px;--awb-width-small:100%;--awb-order-small:0;--awb-spacing-right-small:1.92%;--awb-spacing-left-small:1.92%;\"><div class=\"fusion-column-wrapper fusion-column-has-shadow fusion-flex-justify-content-flex-start fusion-content-layout-column\"><div class=\"fusion-image-element \" style=\"text-align:center;--awb-max-width:270px;--awb-caption-title-font-family:var(--h2_typography-font-family);--awb-caption-title-font-weight:var(--h2_typography-font-weight);--awb-caption-title-font-style:var(--h2_typography-font-style);--awb-caption-title-size:var(--h2_typography-font-size);--awb-caption-title-transform:var(--h2_typography-text-transform);--awb-caption-title-line-height:var(--h2_typography-line-height);--awb-caption-title-letter-spacing:var(--h2_typography-letter-spacing);\"><span class=\" fusion-imageframe imageframe-none imageframe-6 hover-type-none\"><a href=\"https:\/\/www.focoinduction.com\/wp-content\/uploads\/2022\/04\/induction-brazing-of-copper-tubing-for-valve-assembly.jpg\" class=\"fusion-lightbox\" data-rel=\"iLightbox[vana montaj\u0131 i\u00e7in bak\u0131r borular\u0131n ind\u00fcksiyonla sert lehimlenmesi]\" data-caption=\"induction brazing of copper tubing for valve assembly\" data-title=\"induction brazing of copper tubing for valve assembly\" title=\"induction brazing of copper tubing for valve assembly\"><img decoding=\"async\" width=\"600\" height=\"400\" alt=\"vana montaj\u0131 i\u00e7in bak\u0131r borular\u0131n ind\u00fcksiyonla sert lehimlenmesi\" src=\"https:\/\/www.focoinduction.com\/wp-content\/uploads\/2022\/04\/induction-brazing-of-copper-tubing-for-valve-assembly.jpg\" class=\"img-responsive wp-image-3799\" srcset=\"https:\/\/www.focoinduction.com\/wp-content\/uploads\/2022\/04\/induction-brazing-of-copper-tubing-for-valve-assembly-200x133.jpg 200w, https:\/\/www.focoinduction.com\/wp-content\/uploads\/2022\/04\/induction-brazing-of-copper-tubing-for-valve-assembly-400x267.jpg 400w, https:\/\/www.focoinduction.com\/wp-content\/uploads\/2022\/04\/induction-brazing-of-copper-tubing-for-valve-assembly.jpg 600w\" sizes=\"(max-width: 768px) 100vw, 400px\" \/><\/a><\/span><\/div><div class=\"fusion-text fusion-text-8\" style=\"--awb-font-size:14px;--awb-text-transform:none;\"><p>Vana Montaj\u0131 i\u00e7in Bak\u0131r Borunun \u0130nd\u00fcksiyonla Sert Lehimlenmesi<\/p>\n<\/div><\/div><\/div><div class=\"fusion-layout-column fusion_builder_column fusion-builder-column-8 fusion_builder_column_1_3 1_3 fusion-flex-column\" style=\"--awb-bg-size:cover;--awb-width-large:33.333333333333%;--awb-margin-top-large:0px;--awb-spacing-right-large:15px;--awb-margin-bottom-large:0px;--awb-spacing-left-large:0px;--awb-width-medium:33.333333333333%;--awb-order-medium:0;--awb-spacing-right-medium:15px;--awb-spacing-left-medium:0px;--awb-width-small:100%;--awb-order-small:0;--awb-spacing-right-small:1.92%;--awb-spacing-left-small:1.92%;\"><div class=\"fusion-column-wrapper fusion-column-has-shadow fusion-flex-justify-content-flex-start fusion-content-layout-column\"><div class=\"fusion-image-element \" style=\"text-align:center;--awb-max-width:270px;--awb-caption-title-font-family:var(--h2_typography-font-family);--awb-caption-title-font-weight:var(--h2_typography-font-weight);--awb-caption-title-font-style:var(--h2_typography-font-style);--awb-caption-title-size:var(--h2_typography-font-size);--awb-caption-title-transform:var(--h2_typography-text-transform);--awb-caption-title-line-height:var(--h2_typography-line-height);--awb-caption-title-letter-spacing:var(--h2_typography-letter-spacing);\"><span class=\" fusion-imageframe imageframe-none imageframe-7 hover-type-none\"><a href=\"https:\/\/www.focoinduction.com\/wp-content\/uploads\/2022\/04\/induction-brazing-of-copper-tube-for-heat-exchanger.jpg\" class=\"fusion-lightbox\" data-rel=\"iLightbox[\u0131s\u0131 e\u015fanj\u00f6r\u00fc i\u00e7in bak\u0131r borunun ind\u00fcksiyonla lehimlenmesi]\" data-caption=\"induction brazing of copper tube for heat exchanger\" data-title=\"induction brazing of copper tube for heat exchanger\" title=\"induction brazing of copper tube for heat exchanger\"><img decoding=\"async\" width=\"600\" height=\"400\" alt=\"\u0131s\u0131 e\u015fanj\u00f6r\u00fc i\u00e7in bak\u0131r borunun ind\u00fcksiyonla lehimlenmesi\" src=\"https:\/\/www.focoinduction.com\/wp-content\/uploads\/2022\/04\/induction-brazing-of-copper-tube-for-heat-exchanger.jpg\" class=\"img-responsive wp-image-3803\" srcset=\"https:\/\/www.focoinduction.com\/wp-content\/uploads\/2022\/04\/induction-brazing-of-copper-tube-for-heat-exchanger-200x133.jpg 200w, https:\/\/www.focoinduction.com\/wp-content\/uploads\/2022\/04\/induction-brazing-of-copper-tube-for-heat-exchanger-400x267.jpg 400w, https:\/\/www.focoinduction.com\/wp-content\/uploads\/2022\/04\/induction-brazing-of-copper-tube-for-heat-exchanger.jpg 600w\" sizes=\"(max-width: 768px) 100vw, 400px\" \/><\/a><\/span><\/div><div class=\"fusion-text fusion-text-9\" style=\"--awb-font-size:14px;--awb-text-transform:none;\"><p>Is\u0131 E\u015fanj\u00f6r\u00fc i\u00e7in Bak\u0131r Borunun \u0130nd\u00fcksiyonla Sert Lehimlenmesi<\/p>\n<\/div><\/div><\/div><\/div><\/div><\/p>\n","protected":false},"excerpt":{"rendered":"","protected":false},"author":1,"featured_media":3775,"parent":6027,"menu_order":0,"comment_status":"closed","ping_status":"closed","template":"","meta":{"footnotes":""},"class_list":["post-5794","page","type-page","status-publish","has-post-thumbnail","hentry"],"_links":{"self":[{"href":"https:\/\/www.focoinduction.com\/tr\/wp-json\/wp\/v2\/pages\/5794","targetHints":{"allow":["GET"]}}],"collection":[{"href":"https:\/\/www.focoinduction.com\/tr\/wp-json\/wp\/v2\/pages"}],"about":[{"href":"https:\/\/www.focoinduction.com\/tr\/wp-json\/wp\/v2\/types\/page"}],"author":[{"embeddable":true,"href":"https:\/\/www.focoinduction.com\/tr\/wp-json\/wp\/v2\/users\/1"}],"replies":[{"embeddable":true,"href":"https:\/\/www.focoinduction.com\/tr\/wp-json\/wp\/v2\/comments?post=5794"}],"version-history":[{"count":0,"href":"https:\/\/www.focoinduction.com\/tr\/wp-json\/wp\/v2\/pages\/5794\/revisions"}],"up":[{"embeddable":true,"href":"https:\/\/www.focoinduction.com\/tr\/wp-json\/wp\/v2\/pages\/6027"}],"wp:featuredmedia":[{"embeddable":true,"href":"https:\/\/www.focoinduction.com\/tr\/wp-json\/wp\/v2\/media\/3775"}],"wp:attachment":[{"href":"https:\/\/www.focoinduction.com\/tr\/wp-json\/wp\/v2\/media?parent=5794"}],"curies":[{"name":"wp","href":"https:\/\/api.w.org\/{rel}","templated":true}]}}