{"id":5809,"date":"2023-05-12T16:33:24","date_gmt":"2023-05-12T08:33:24","guid":{"rendered":"https:\/\/www.focoinduction.com\/induksiyon-dovme-kilavuzu\/"},"modified":"2023-05-16T09:08:35","modified_gmt":"2023-05-16T01:08:35","slug":"induksiyon-dovme-kilavuzu","status":"publish","type":"page","link":"https:\/\/www.focoinduction.com\/tr\/induksiyon-dovme-kilavuzu\/","title":{"rendered":"\u0130nd\u00fcksiyon D\u00f6vme K\u0131lavuzu"},"content":{"rendered":"<p><div class=\"fusion-fullwidth fullwidth-box fusion-builder-row-1 fusion-flex-container has-pattern-background has-mask-background nonhundred-percent-fullwidth non-hundred-percent-height-scrolling\" style=\"--awb-border-radius-top-left:0px;--awb-border-radius-top-right:0px;--awb-border-radius-bottom-right:0px;--awb-border-radius-bottom-left:0px;--awb-flex-wrap:wrap;\" ><div class=\"fusion-builder-row fusion-row fusion-flex-align-items-flex-start fusion-flex-content-wrap\" style=\"max-width:1248px;margin-left: calc(-4% \/ 2 );margin-right: calc(-4% \/ 2 );\"><div class=\"fusion-layout-column fusion_builder_column fusion-builder-column-0 fusion_builder_column_1_1 1_1 fusion-flex-column\" style=\"--awb-bg-size:cover;--awb-width-large:100%;--awb-margin-top-large:0px;--awb-spacing-right-large:1.92%;--awb-margin-bottom-large:20px;--awb-spacing-left-large:1.92%;--awb-width-medium:100%;--awb-order-medium:0;--awb-spacing-right-medium:1.92%;--awb-spacing-left-medium:1.92%;--awb-width-small:100%;--awb-order-small:0;--awb-spacing-right-small:1.92%;--awb-spacing-left-small:1.92%;\"><div class=\"fusion-column-wrapper fusion-column-has-shadow fusion-flex-justify-content-flex-start fusion-content-layout-column\"><div class=\"fusion-text fusion-text-1\"><p>\u0130nd\u00fcksiyonlu d\u00f6vme makineleri, \u00f6zellikle de neredeyse t\u00fcm k\u00fc\u00e7\u00fck metal par\u00e7a \u0131s\u0131tma uygulamalar\u0131 i\u00e7in uygun olan 15 kW&#8217;l\u0131k k\u00fc\u00e7\u00fck ind\u00fcksiyonlu d\u00f6vme makineleri \u00e7ok pop\u00fclerdir. Yeni ba\u015flayanlar\u0131n \u00e7o\u011fu ind\u00fcksiyonlu \u0131s\u0131tma ekipman\u0131 hakk\u0131nda o kadar az \u015fey biliyor ki, do\u011fru \u015fekilde sat\u0131n al\u0131p kullanam\u0131yorlar. FOCO INDUCTION, profesyonel bir ind\u00fcksiyon d\u00f6vme makinesi tedarik\u00e7isi ve \u00fcreticisi olarak, ind\u00fcksiyon d\u00f6vme i\u015flemine ba\u015flamaya haz\u0131r olan giri\u015fimciler i\u00e7in bu eksiksiz ind\u00fcksiyon d\u00f6vme k\u0131lavuzunu sa\u011fl\u0131yoruz.<\/p>\n<p>\u0130nd\u00fcksiyonlu \u0131s\u0131tmadan faydalanmak i\u00e7in ind\u00fcksiyonlu d\u00f6vme k\u0131lavuzunu okuyun.<\/p>\n<\/div><\/div><\/div><\/div><\/div><div class=\"fusion-fullwidth fullwidth-box fusion-builder-row-2 fusion-flex-container has-pattern-background has-mask-background nonhundred-percent-fullwidth non-hundred-percent-height-scrolling\" style=\"--awb-border-radius-top-left:0px;--awb-border-radius-top-right:0px;--awb-border-radius-bottom-right:0px;--awb-border-radius-bottom-left:0px;--awb-flex-wrap:wrap;\" ><div class=\"fusion-builder-row fusion-row fusion-flex-align-items-flex-start fusion-flex-content-wrap\" style=\"max-width:1248px;margin-left: calc(-4% \/ 2 );margin-right: calc(-4% \/ 2 );\"><div class=\"fusion-layout-column fusion_builder_column fusion-builder-column-1 fusion_builder_column_1_1 1_1 fusion-flex-column\" style=\"--awb-bg-size:cover;--awb-width-large:100%;--awb-margin-top-large:0px;--awb-spacing-right-large:1.92%;--awb-margin-bottom-large:20px;--awb-spacing-left-large:1.92%;--awb-width-medium:100%;--awb-order-medium:0;--awb-spacing-right-medium:1.92%;--awb-spacing-left-medium:1.92%;--awb-width-small:100%;--awb-order-small:0;--awb-spacing-right-small:1.92%;--awb-spacing-left-small:1.92%;\"><div class=\"fusion-column-wrapper fusion-column-has-shadow fusion-flex-justify-content-flex-start fusion-content-layout-column\"><div class=\"fusion-title title fusion-title-1 fusion-sep-none fusion-title-text fusion-title-size-two\" style=\"--awb-text-color:var(--awb-custom_color_3);--awb-margin-bottom:20px;--awb-margin-top-small:10px;--awb-margin-right-small:0px;--awb-margin-bottom-small:10px;--awb-margin-left-small:0px;\"><h2 class=\"fusion-title-heading title-heading-left fusion-responsive-typography-calculated\" style=\"margin:0;--fontSize:30;line-height:1.2;\">Fiyatlar ve Se\u00e7enekler<\/h2><\/div><div class=\"fusion-text fusion-text-2\"><p>\u0130nd\u00fcksiyon d\u00f6vme makinesinin fiyat\u0131, g\u00fc\u00e7 ve frekans kombinasyonuna ba\u011fl\u0131 olarak b\u00fcy\u00fck \u00f6l\u00e7\u00fcde de\u011fi\u015fir.<\/p>\n<\/div><div class=\"fusion-text fusion-text-3\"><h3>15 kW ind\u00fcksiyonlu demirhane fiyat\u0131<\/h3>\n<p>Piyasada sat\u0131lan en yayg\u0131n y\u00fcksek frekansl\u0131 15 kW ind\u00fcksiyon d\u00f6vme makinesi genellikle 800 ila 1200 $ aras\u0131ndad\u0131r ve frekans\u0131 genellikle 30 kHz ile 100 kHz aras\u0131ndad\u0131r. Fiyat\u0131 bayiye g\u00f6re de\u011fi\u015fir, ancak kaliteleri \u00e7ok farkl\u0131 de\u011fildir. Do\u011frudan \u00c7in&#8217;den veya eBay&#8217;den sat\u0131n al\u0131rsan\u0131z, nakliye i\u00e7in de \u00f6deme yapman\u0131z gerekecektir, bu da fazladan 50 ila 100 $ aras\u0131nda olabilir. Nakliye maliyeti sabit de\u011fildir, zaman i\u00e7inde dalgalanacakt\u0131r.<\/p>\n<p>eBay&#8217;de 600 dolar\u0131n alt\u0131nda makineler oldu\u011funu fark ettik, ancak sat\u0131n alman\u0131z\u0131 tavsiye etmeyiz. \u00c7\u00fcnk\u00fc yapt\u0131\u011f\u0131m\u0131z ara\u015ft\u0131rma ve incelemelerden sonra bu makineler uzun s\u00fcre stabil \u00e7al\u0131\u015fam\u0131yor. E\u011fer sat\u0131n al\u0131rsan\u0131z, ileride tamir ettirmek i\u00e7in muhtemelen daha fazla para \u00f6dersiniz.<\/p>\n<h3>b\u00fcy\u00fck ind\u00fcksiyon d\u00f6vme makinesi<\/h3>\n<p>B\u00fcy\u00fck ind\u00fcksiyon d\u00f6vme makinelerinin fiyat\u0131 daha pahal\u0131d\u0131r, bu da ka\u00e7\u0131n\u0131lmazd\u0131r. 160 kW&#8217;l\u0131k bir ind\u00fcksiyon d\u00f6vme makinesi, frekans\u0131na ba\u011fl\u0131 olarak 10.000 dolar\u0131n \u00fczerinde bir maliyete sahip olabilir.<\/p>\n<\/div><div class=\"fusion-text fusion-text-4\"><h3>Di\u011fer maliyetler<\/h3>\n<p>Hepimizin bildi\u011fi gibi, bir ind\u00fcksiyon d\u00f6vme makinesi kulland\u0131\u011f\u0131n\u0131zda, onu temel bir su so\u011futma sistemi ile de donatmal\u0131s\u0131n\u0131z. D\u00fc\u015f\u00fck maliyetli basit su so\u011futma sistemi kullanabilir veya end\u00fcstriyel so\u011futucu kullanabilirsiniz.<\/p>\n<ol>\n<li>Su pompas\u0131 + su kab\u0131. Y\u00fcksek frekansl\u0131 15 kW&#8217;l\u0131k bir makine, 0,37 kW&#8217;l\u0131k bir pompa ve en az 500 litrelik bir havuz veya tank gerektirir. 0,37 kW&#8217;l\u0131k bir pompan\u0131n maliyeti yakla\u015f\u0131k 80 ila 120 dolard\u0131r. 500 litrelik plastik bir su tank\u0131n\u0131n fiyat\u0131 yakla\u015f\u0131k 50 dolard\u0131r ve kendiniz de bir havuz yapabilirsiniz. Suda yabanc\u0131 maddeler varsa pompan\u0131z i\u00e7in bir filtreye de ihtiyac\u0131n\u0131z olaca\u011f\u0131n\u0131 unutmay\u0131n. S\u0131cak yaz aylar\u0131nda, makine daha fazla so\u011fuk suya ihtiya\u00e7 duyabilir, duruma g\u00f6re su tanklar\u0131n\u0131n say\u0131s\u0131n\u0131 art\u0131rabilir veya suyun s\u0131cakl\u0131\u011f\u0131n\u0131 d\u00fc\u015f\u00fcrebilirsiniz.<\/li>\n<li>End\u00fcstriyel so\u011futucu. End\u00fcstriyel bir so\u011futucu, 15 kW&#8217;l\u0131k bir ind\u00fcksiyonlu \u0131s\u0131tma tesisini kar\u015f\u0131layabilecek kapasitede olup 400 ila 600 $ civar\u0131ndad\u0131r.<\/li>\n<\/ol>\n<\/div><div class=\"fusion-text fusion-text-5\"><h3>eBay&#8217;den mi yoksa \u00c7in&#8217;den mi sat\u0131n al\u0131yorsunuz?<\/h3>\n<p>eBay gibi e-ticaret sitelerinden bir\u00e7ok ind\u00fcksiyon demirhanesine bakt\u0131\u011f\u0131n\u0131zda, neredeyse benzer \u015fekillere sahip olduklar\u0131n\u0131 g\u00f6receksiniz. Evet, d\u00f6vme i\u00e7in kullan\u0131lan ind\u00fcksiyonlu \u0131s\u0131t\u0131c\u0131lar\u0131n \u00e7o\u011fu \u00c7in&#8217;den gelmektedir, ancak yerel markalar da kullan\u0131lmaktad\u0131r. \u00c7e\u015fitli bayiler sadece makinenin rengini ve markas\u0131n\u0131 de\u011fi\u015ftirdi. eBay&#8217;den sat\u0131n alman\u0131n olas\u0131 potansiyel avantajlar\u0131ndan biri de makineyi daha erken teslim alabilmenizdir. Elbette bazen bayinin makineyi \u00c7in&#8217;den ithal etmesini de beklemeniz gerekebilir.<\/p>\n<p>\u0130nd\u00fcksiyon D\u00f6vme \u00fcr\u00fcn\u00fcn\u00fc \u00c7inli \u00fcretici ve tedarik\u00e7ilerden sat\u0131n almak da iyi bir fikirdir. \u00c7inli \u00fcreticilerden do\u011frudan daha profesyonel teknik destek ve sat\u0131\u015f sonras\u0131 destek alabilirsiniz. Dahas\u0131, ind\u00fcksiyon d\u00f6vme makinesini uygun bir fabrika fiyat\u0131na alabilirsiniz ve maliyetiniz sadece 2 veya 3 hafta beklemektir.<\/p>\n<\/div><div class=\"fusion-text fusion-text-6\"><h3>Bir makine nas\u0131l se\u00e7ilir?<\/h3>\n<p>Yayg\u0131n k\u00fc\u00e7\u00fck ind\u00fcksiyon demirhanesinin g\u00fcc\u00fc 15 kW&#8217;t\u0131r ve maksimum g\u00fc\u00e7 200 kW&#8217;\u0131 a\u015far. B\u00fcy\u00fck k\u00fct\u00fckleri \u0131s\u0131tacaksan\u0131z, 1000 kW&#8217;\u0131n \u00fczerinde bir makineye bile ihtiyac\u0131n\u0131z olabilir.<\/p>\n<p>B\u0131\u00e7aklar, oraklar, mutfak b\u0131\u00e7aklar\u0131, \u00e7apalar, e\u011feler, b\u0131zlar, makaslar, matkaplar, anahtarlar gibi k\u00fc\u00e7\u00fck metal par\u00e7alar\u0131 \u0131s\u0131t\u0131rken y\u00fcksek frekansl\u0131 15 kWh veya 25 kW ind\u00fcksiyonlu demirhaneyi tercih edebilirsiniz.<\/p>\n<p>\u00c7ap\u0131 20 mm&#8217;den fazla olan \u00e7elik \u00e7ubuklar veya demir \u00e7ubuklar gibi nispeten b\u00fcy\u00fck par\u00e7alar\u0131 \u0131s\u0131tacaksan\u0131z, orta frekansl\u0131 bir ind\u00fcksiyonlu \u0131s\u0131tma makinesi daha uygundur. Frekans\u0131 1 kHz ile 10 kHz aras\u0131ndad\u0131r ve daha iyi \u0131s\u0131 penetrasyonu ve h\u0131zl\u0131 \u0131s\u0131tma h\u0131z\u0131 ile do\u011frudan \u00e7elik \u00e7ubuk \u00e7ekirde\u011fini \u0131s\u0131tabilir.<\/p>\n<\/div><div class=\"fusion-image-element awb-imageframe-style awb-imageframe-style-below awb-imageframe-style-1\" style=\"--awb-margin-bottom:20px;--awb-caption-title-color:var(--awb-color5);--awb-caption-text-size:14px;--awb-caption-title-font-family:var(--body_typography-font-family);--awb-caption-title-font-weight:var(--body_typography-font-weight);--awb-caption-title-font-style:var(--body_typography-font-style);--awb-caption-title-size:16px;--awb-caption-title-transform:var(--body_typography-text-transform);--awb-caption-title-line-height:var(--body_typography-line-height);--awb-caption-title-letter-spacing:var(--body_typography-letter-spacing);\"><span class=\" fusion-imageframe imageframe-none imageframe-1 hover-type-none\"><img decoding=\"async\" width=\"765\" height=\"385\" alt=\"\u00e7elik \u00e7ubuklar i\u00e7in ind\u00fcksiyon d\u00f6vme\" title=\"induction forge for steel bars\" src=\"https:\/\/www.focoinduction.com\/wp-content\/uploads\/2023\/05\/induction-forge-for-steel-bars.jpg\" class=\"img-responsive wp-image-4975\" srcset=\"https:\/\/www.focoinduction.com\/wp-content\/uploads\/2023\/05\/induction-forge-for-steel-bars-200x101.jpg 200w, https:\/\/www.focoinduction.com\/wp-content\/uploads\/2023\/05\/induction-forge-for-steel-bars-400x201.jpg 400w, https:\/\/www.focoinduction.com\/wp-content\/uploads\/2023\/05\/induction-forge-for-steel-bars-600x302.jpg 600w, https:\/\/www.focoinduction.com\/wp-content\/uploads\/2023\/05\/induction-forge-for-steel-bars.jpg 765w\" sizes=\"(max-width: 768px) 100vw, 765px\" \/><\/span><div class=\"awb-imageframe-caption-container\" style=\"text-align:center;\"><div class=\"awb-imageframe-caption\"><div class=\"awb-imageframe-caption-title\">induction forge for steel bars<\/div><\/div><\/div><\/div><div class=\"fusion-text fusion-text-7\"><p>Gerekli t\u00fcm ekipmanlara sahip 15 kW&#8217;l\u0131k bir ind\u00fcksiyon d\u00f6vme makinesinin maliyeti 930 ila 1800 dolar aras\u0131ndad\u0131r. Is\u0131tmak istedi\u011finiz par\u00e7an\u0131n boyutuna g\u00f6re makine se\u00e7imi yapabilirsiniz. Ancak sat\u0131n almadan \u00f6nce, l\u00fctfen makinenin uygun oldu\u011funu bayi veya \u00fcretici ile teyit edin. \u0130ster eBay&#8217;den ister \u00c7in&#8217;den bir ind\u00fcksiyon demiri sat\u0131n al\u0131yor olun, makineyi ne kadar s\u00fcrede teslim almay\u0131 bekleyebilece\u011finizi sat\u0131c\u0131ya sordu\u011funuzdan emin olun.<\/p>\n<\/div><div class=\"fusion-text fusion-text-8\" style=\"--awb-font-size:18px;--awb-text-transform:capitalize;\"><p><em>Daha fazla indirim almak istiyorsan\u0131z, FOCO INDUCTION ile ileti\u015fime ge\u00e7mek i\u00e7in a\u015fa\u011f\u0131daki butona t\u0131klayabilirsiniz.<\/em><\/p>\n<\/div><div style=\"text-align:center;\"><a class=\"fusion-button button-flat fusion-button-default-size button-default fusion-button-default button-1 fusion-button-default-span fusion-button-default-type\" target=\"_blank\" rel=\"noopener noreferrer\" href=\"https:\/\/www.focoinduction.com\/tr\/iletisim\/\"><span class=\"fusion-button-text awb-button__text awb-button__text--default\">TEKL\u0130F ALIN<\/span><\/a><\/div><\/div><\/div><\/div><\/div><div class=\"fusion-fullwidth fullwidth-box fusion-builder-row-3 fusion-flex-container has-pattern-background has-mask-background nonhundred-percent-fullwidth non-hundred-percent-height-scrolling\" style=\"--awb-border-radius-top-left:0px;--awb-border-radius-top-right:0px;--awb-border-radius-bottom-right:0px;--awb-border-radius-bottom-left:0px;--awb-flex-wrap:wrap;\" ><div class=\"fusion-builder-row fusion-row fusion-flex-align-items-flex-start fusion-flex-content-wrap\" style=\"max-width:1248px;margin-left: calc(-4% \/ 2 );margin-right: calc(-4% \/ 2 );\"><div class=\"fusion-layout-column fusion_builder_column fusion-builder-column-2 fusion_builder_column_1_1 1_1 fusion-flex-column\" style=\"--awb-bg-size:cover;--awb-width-large:100%;--awb-margin-top-large:0px;--awb-spacing-right-large:1.92%;--awb-margin-bottom-large:20px;--awb-spacing-left-large:1.92%;--awb-width-medium:100%;--awb-order-medium:0;--awb-spacing-right-medium:1.92%;--awb-spacing-left-medium:1.92%;--awb-width-small:100%;--awb-order-small:0;--awb-spacing-right-small:1.92%;--awb-spacing-left-small:1.92%;\"><div class=\"fusion-column-wrapper fusion-column-has-shadow fusion-flex-justify-content-flex-start fusion-content-layout-column\"><div class=\"fusion-title title fusion-title-2 fusion-sep-none fusion-title-text fusion-title-size-two\" style=\"--awb-text-color:var(--awb-custom_color_3);--awb-margin-bottom:20px;--awb-margin-top-small:10px;--awb-margin-right-small:0px;--awb-margin-bottom-small:10px;--awb-margin-left-small:0px;\"><h2 class=\"fusion-title-heading title-heading-left fusion-responsive-typography-calculated\" style=\"margin:0;--fontSize:30;line-height:1.2;\">Ekipman Listesi<\/h2><\/div><div class=\"fusion-text fusion-text-9\"><h3>15 kW \u0130nd\u00fcksiyon Oca\u011f\u0131 Ekipman Listesi<\/h3>\n<ul>\n<li>15 kW Y\u00fcksek Frekansl\u0131 \u0130nd\u00fcksiyon Is\u0131t\u0131c\u0131<\/li>\n<li>Hortum kelep\u00e7esi<\/li>\n<li>Ayak \u015falteri<\/li>\n<li>\u0130nd\u00fcksiyon bobini<\/li>\n<li>Vida<\/li>\n<li>\u015eeffaf su borusu<\/li>\n<li>Sinyal hatt\u0131<\/li>\n<\/ul>\n<h3>\u0130htiya\u00e7 duyaca\u011f\u0131n\u0131z par\u00e7a listesi<\/h3>\n<ul>\n<li>Elektrik teli<\/li>\n<li>\u015eeffaf su borusu (gerekirse uzat\u0131lm\u0131\u015f)<\/li>\n<li>Su so\u011futma sistemi<\/li>\n<li>Hortum kelep\u00e7eleri (so\u011futma sistemi ba\u011flant\u0131 par\u00e7alar\u0131 i\u00e7in)<\/li>\n<\/ul>\n<\/div><\/div><\/div><\/div><\/div><\/p>\n","protected":false},"excerpt":{"rendered":"","protected":false},"author":1,"featured_media":4971,"parent":0,"menu_order":5,"comment_status":"closed","ping_status":"closed","template":"","meta":{"footnotes":""},"class_list":["post-5809","page","type-page","status-publish","has-post-thumbnail","hentry"],"_links":{"self":[{"href":"https:\/\/www.focoinduction.com\/tr\/wp-json\/wp\/v2\/pages\/5809","targetHints":{"allow":["GET"]}}],"collection":[{"href":"https:\/\/www.focoinduction.com\/tr\/wp-json\/wp\/v2\/pages"}],"about":[{"href":"https:\/\/www.focoinduction.com\/tr\/wp-json\/wp\/v2\/types\/page"}],"author":[{"embeddable":true,"href":"https:\/\/www.focoinduction.com\/tr\/wp-json\/wp\/v2\/users\/1"}],"replies":[{"embeddable":true,"href":"https:\/\/www.focoinduction.com\/tr\/wp-json\/wp\/v2\/comments?post=5809"}],"version-history":[{"count":0,"href":"https:\/\/www.focoinduction.com\/tr\/wp-json\/wp\/v2\/pages\/5809\/revisions"}],"wp:featuredmedia":[{"embeddable":true,"href":"https:\/\/www.focoinduction.com\/tr\/wp-json\/wp\/v2\/media\/4971"}],"wp:attachment":[{"href":"https:\/\/www.focoinduction.com\/tr\/wp-json\/wp\/v2\/media?parent=5809"}],"curies":[{"name":"wp","href":"https:\/\/api.w.org\/{rel}","templated":true}]}}