{"id":6154,"date":"2022-12-05T09:54:29","date_gmt":"2022-12-05T01:54:29","guid":{"rendered":"https:\/\/www.focoinduction.com\/yiyecek-ve-icecek-endustrisinde-induksiyonla-isitma\/"},"modified":"2022-12-05T09:54:29","modified_gmt":"2022-12-05T01:54:29","slug":"yiyecek-ve-icecek-endustrisinde-induksiyonla-isitma","status":"publish","type":"page","link":"https:\/\/www.focoinduction.com\/tr\/endustriler\/yiyecek-ve-icecek-endustrisinde-induksiyonla-isitma\/","title":{"rendered":"Yiyecek ve \u0130\u00e7ecek End\u00fcstrisinde \u0130nd\u00fcksiyonla Is\u0131tma"},"content":{"rendered":"","protected":false},"excerpt":{"rendered":"","protected":false},"author":1,"featured_media":4783,"parent":6312,"menu_order":0,"comment_status":"closed","ping_status":"closed","template":"","meta":{"footnotes":""},"class_list":["post-6154","page","type-page","status-publish","has-post-thumbnail","hentry"],"_links":{"self":[{"href":"https:\/\/www.focoinduction.com\/tr\/wp-json\/wp\/v2\/pages\/6154","targetHints":{"allow":["GET"]}}],"collection":[{"href":"https:\/\/www.focoinduction.com\/tr\/wp-json\/wp\/v2\/pages"}],"about":[{"href":"https:\/\/www.focoinduction.com\/tr\/wp-json\/wp\/v2\/types\/page"}],"author":[{"embeddable":true,"href":"https:\/\/www.focoinduction.com\/tr\/wp-json\/wp\/v2\/users\/1"}],"replies":[{"embeddable":true,"href":"https:\/\/www.focoinduction.com\/tr\/wp-json\/wp\/v2\/comments?post=6154"}],"version-history":[{"count":0,"href":"https:\/\/www.focoinduction.com\/tr\/wp-json\/wp\/v2\/pages\/6154\/revisions"}],"up":[{"embeddable":true,"href":"https:\/\/www.focoinduction.com\/tr\/wp-json\/wp\/v2\/pages\/6312"}],"wp:featuredmedia":[{"embeddable":true,"href":"https:\/\/www.focoinduction.com\/tr\/wp-json\/wp\/v2\/media\/4783"}],"wp:attachment":[{"href":"https:\/\/www.focoinduction.com\/tr\/wp-json\/wp\/v2\/media?parent=6154"}],"curies":[{"name":"wp","href":"https:\/\/api.w.org\/{rel}","templated":true}]}}