{"id":6156,"date":"2022-12-05T09:24:08","date_gmt":"2022-12-05T01:24:08","guid":{"rendered":"https:\/\/www.focoinduction.com\/enerji-sektorunde-induksiyonla-isitma\/"},"modified":"2022-12-05T09:24:08","modified_gmt":"2022-12-05T01:24:08","slug":"enerji-sektorunde-induksiyonla-isitma","status":"publish","type":"page","link":"https:\/\/www.focoinduction.com\/tr\/endustriler\/enerji-sektorunde-induksiyonla-isitma\/","title":{"rendered":"Enerji Sekt\u00f6r\u00fcnde \u0130nd\u00fcksiyonla Is\u0131tma"},"content":{"rendered":"","protected":false},"excerpt":{"rendered":"","protected":false},"author":1,"featured_media":4779,"parent":6312,"menu_order":0,"comment_status":"closed","ping_status":"closed","template":"","meta":{"footnotes":""},"class_list":["post-6156","page","type-page","status-publish","has-post-thumbnail","hentry"],"_links":{"self":[{"href":"https:\/\/www.focoinduction.com\/tr\/wp-json\/wp\/v2\/pages\/6156","targetHints":{"allow":["GET"]}}],"collection":[{"href":"https:\/\/www.focoinduction.com\/tr\/wp-json\/wp\/v2\/pages"}],"about":[{"href":"https:\/\/www.focoinduction.com\/tr\/wp-json\/wp\/v2\/types\/page"}],"author":[{"embeddable":true,"href":"https:\/\/www.focoinduction.com\/tr\/wp-json\/wp\/v2\/users\/1"}],"replies":[{"embeddable":true,"href":"https:\/\/www.focoinduction.com\/tr\/wp-json\/wp\/v2\/comments?post=6156"}],"version-history":[{"count":0,"href":"https:\/\/www.focoinduction.com\/tr\/wp-json\/wp\/v2\/pages\/6156\/revisions"}],"up":[{"embeddable":true,"href":"https:\/\/www.focoinduction.com\/tr\/wp-json\/wp\/v2\/pages\/6312"}],"wp:featuredmedia":[{"embeddable":true,"href":"https:\/\/www.focoinduction.com\/tr\/wp-json\/wp\/v2\/media\/4779"}],"wp:attachment":[{"href":"https:\/\/www.focoinduction.com\/tr\/wp-json\/wp\/v2\/media?parent=6156"}],"curies":[{"name":"wp","href":"https:\/\/api.w.org\/{rel}","templated":true}]}}