{"id":6383,"date":"2022-10-11T09:57:53","date_gmt":"2022-10-11T01:57:53","guid":{"rendered":"https:\/\/www.focoinduction.com\/induksiyon-ekipmanlari-egitimi\/"},"modified":"2023-05-16T09:09:08","modified_gmt":"2023-05-16T01:09:08","slug":"induksiyon-ekipmanlari-egitimi","status":"publish","type":"page","link":"https:\/\/www.focoinduction.com\/tr\/induksiyonla-isitma-hizmetleri\/induksiyon-ekipmanlari-egitimi\/","title":{"rendered":"\u0130nd\u00fcksiyon Ekipmanlar\u0131 E\u011fitimi"},"content":{"rendered":"<p><div class=\"fusion-fullwidth fullwidth-box fusion-builder-row-1 fusion-flex-container has-pattern-background has-mask-background nonhundred-percent-fullwidth non-hundred-percent-height-scrolling\" style=\"--awb-border-radius-top-left:0px;--awb-border-radius-top-right:0px;--awb-border-radius-bottom-right:0px;--awb-border-radius-bottom-left:0px;--awb-flex-wrap:wrap;\" ><div class=\"fusion-builder-row fusion-row fusion-flex-align-items-flex-start fusion-flex-content-wrap\" style=\"max-width:1248px;margin-left: calc(-4% \/ 2 );margin-right: calc(-4% \/ 2 );\"><div class=\"fusion-layout-column fusion_builder_column fusion-builder-column-0 fusion_builder_column_1_1 1_1 fusion-flex-column\" style=\"--awb-bg-size:cover;--awb-width-large:100%;--awb-margin-top-large:0px;--awb-spacing-right-large:1.92%;--awb-margin-bottom-large:20px;--awb-spacing-left-large:1.92%;--awb-width-medium:100%;--awb-order-medium:0;--awb-spacing-right-medium:1.92%;--awb-spacing-left-medium:1.92%;--awb-width-small:100%;--awb-order-small:0;--awb-spacing-right-small:1.92%;--awb-spacing-left-small:1.92%;\"><div class=\"fusion-column-wrapper fusion-column-has-shadow fusion-flex-justify-content-flex-start fusion-content-layout-column\"><div class=\"fusion-text fusion-text-1\"><p>FOCO e\u011fitimi, ind\u00fcksiyonla \u0131s\u0131tman\u0131n temellerinden ind\u00fckt\u00f6r tasar\u0131m\u0131 \u00fczerine ileri teoriye, \u00f6nleyici sistem bak\u0131m\u0131ndan sistem kullan\u0131c\u0131 operasyonlar\u0131 i\u00e7in e\u011fitime kadar her \u015feyi kapsar. \u00d6zelle\u015ftirilmi\u015f operat\u00f6r e\u011fitimi, \u00f6zel ekipman\u0131n\u0131za ve \u00fcretim ortam\u0131n\u0131za g\u00f6re de uyarlanabilir. \u00d6\u011frenciler, uzun y\u0131llara dayanan uygulamal\u0131 deneyime ve geni\u015f bir bilgi taban\u0131na sahip y\u00fcksek e\u011fitimli teknisyenlerimizden \u00f6\u011frenecekler. Kurslar her yetenek seviyesinde mevcuttur ve ihtiya\u00e7lar\u0131n\u0131z\u0131 kar\u015f\u0131layacak \u015fekilde uyarlanabilir.<\/p>\n<\/div><\/div><\/div><div class=\"fusion-layout-column fusion_builder_column fusion-builder-column-1 fusion_builder_column_1_1 1_1 fusion-flex-column\" style=\"--awb-bg-size:cover;--awb-width-large:100%;--awb-margin-top-large:0px;--awb-spacing-right-large:1.92%;--awb-margin-bottom-large:20px;--awb-spacing-left-large:1.92%;--awb-width-medium:100%;--awb-order-medium:0;--awb-spacing-right-medium:1.92%;--awb-spacing-left-medium:1.92%;--awb-width-small:100%;--awb-order-small:0;--awb-spacing-right-small:1.92%;--awb-spacing-left-small:1.92%;\"><div class=\"fusion-column-wrapper fusion-column-has-shadow fusion-flex-justify-content-flex-start fusion-content-layout-column\"><div class=\"fusion-text fusion-text-2\"><p>Yeni \u00e7al\u0131\u015fanlar\u0131 e\u011fitmek maliyetli hatalar\u0131 \u00f6nler ancak onlar\u0131 h\u0131zland\u0131rmak zor olabilir. Bu nedenle FOCO, ind\u00fcksiyonlu \u0131s\u0131tma sistemleri operasyon e\u011fitimi sunmaktad\u0131r. [LOCATION] tesisimizde uygulamal\u0131 e\u011fitim al\u0131n. \u00c7al\u0131\u015fanlar\u0131n\u0131z bireysel olarak veya k\u00fc\u00e7\u00fck gruplar halinde optimum performans seviyelerine ula\u015fmay\u0131 \u00f6\u011freneceklerdir.<\/p>\n<\/div><\/div><\/div><div class=\"fusion-layout-column fusion_builder_column fusion-builder-column-2 fusion_builder_column_1_1 1_1 fusion-flex-column\" style=\"--awb-bg-size:cover;--awb-width-large:100%;--awb-margin-top-large:0px;--awb-spacing-right-large:1.92%;--awb-margin-bottom-large:20px;--awb-spacing-left-large:1.92%;--awb-width-medium:100%;--awb-order-medium:0;--awb-spacing-right-medium:1.92%;--awb-spacing-left-medium:1.92%;--awb-width-small:100%;--awb-order-small:0;--awb-spacing-right-small:1.92%;--awb-spacing-left-small:1.92%;\"><div class=\"fusion-column-wrapper fusion-column-has-shadow fusion-flex-justify-content-flex-start fusion-content-layout-column\"><div class=\"fusion-text fusion-text-3\"><p>Yeni \u00e7al\u0131\u015fanlar\u0131n\u0131z ister temel d\u00fczeyde ister ileri d\u00fczeyde bir e\u011fitime ihtiya\u00e7 duysun, FOCO ile bir operat\u00f6r e\u011fitim oturumu planlayarak gereksiz ar\u0131za s\u00fcrelerini, yaralanmalar\u0131 ve hayal k\u0131r\u0131kl\u0131klar\u0131n\u0131 \u00f6nleyebilirsiniz. \u00d6zel projenizi g\u00f6r\u00fc\u015fmek i\u00e7in bizimle ileti\u015fime ge\u00e7in. Bak\u0131m ve uygun bak\u0131m, makinenin hizmet \u00f6mr\u00fcn\u00fc \u00f6nemli \u00f6l\u00e7\u00fcde uzat\u0131r.<\/p>\n<\/div><\/div><\/div><\/div><\/div><div class=\"fusion-fullwidth fullwidth-box fusion-builder-row-2 fusion-flex-container has-pattern-background has-mask-background nonhundred-percent-fullwidth non-hundred-percent-height-scrolling\" style=\"--awb-border-radius-top-left:0px;--awb-border-radius-top-right:0px;--awb-border-radius-bottom-right:0px;--awb-border-radius-bottom-left:0px;--awb-flex-wrap:wrap;\" ><div class=\"fusion-builder-row fusion-row fusion-flex-align-items-flex-start fusion-flex-content-wrap\" style=\"max-width:1248px;margin-left: calc(-4% \/ 2 );margin-right: calc(-4% \/ 2 );\"><div class=\"fusion-layout-column fusion_builder_column fusion-builder-column-3 fusion_builder_column_1_1 1_1 fusion-flex-column\" style=\"--awb-bg-size:cover;--awb-width-large:100%;--awb-margin-top-large:0px;--awb-spacing-right-large:1.92%;--awb-margin-bottom-large:20px;--awb-spacing-left-large:1.92%;--awb-width-medium:100%;--awb-order-medium:0;--awb-spacing-right-medium:1.92%;--awb-spacing-left-medium:1.92%;--awb-width-small:100%;--awb-order-small:0;--awb-spacing-right-small:1.92%;--awb-spacing-left-small:1.92%;\"><div class=\"fusion-column-wrapper fusion-column-has-shadow fusion-flex-justify-content-flex-start fusion-content-layout-column\"><div class=\"fusion-text fusion-text-4\"><h2>\u0130nd\u00fcksiyon Bak\u0131m E\u011fitimi<\/h2>\n<p>Ar\u0131za s\u00fcrelerini \u00f6nlemek ve \u00fcretim seviyelerine ayak uydurmak i\u00e7in, servis teknisyenlerinizin \u00fcretim sistemlerinizin her zaman \u00e7al\u0131\u015f\u0131r durumda olmas\u0131n\u0131 sa\u011flamak i\u00e7in \u00f6nleyici bak\u0131m taktiklerini \u00f6\u011frendikleri bak\u0131m e\u011fitimi kurslar\u0131 sunuyoruz. FOCO&#8217;dan \u0130nd\u00fcksiyon Bobinleri. \u0130nd\u00fckt\u00f6r tasar\u0131m\u0131 ve kalitesinin her FOCO sistemi i\u00e7in kritik oldu\u011funa inand\u0131\u011f\u0131m\u0131zdan. Bu nedenle, \u00f6zel olarak ind\u00fckt\u00f6r i\u015fleme e\u011fitimi sunuyoruz. E\u011fitim teori ve uygulama b\u00f6l\u00fcmlerine ayr\u0131lm\u0131\u015ft\u0131r. \u0130lk olarak, iyi tasar\u0131m\u0131n teorik ilkelerini \u00f6\u011fretiyoruz ve pratik al\u0131\u015ft\u0131rmalarla devam ediyoruz. Frekanslara, malzemelere ve g\u00fc\u00e7 yo\u011funluklar\u0131na g\u00f6re uygun bobinler in\u015fa etmeyi \u00f6\u011frendiler.<\/p>\n<\/div><\/div><\/div><\/div><\/div><div class=\"fusion-fullwidth fullwidth-box fusion-builder-row-3 fusion-flex-container has-pattern-background has-mask-background nonhundred-percent-fullwidth non-hundred-percent-height-scrolling\" style=\"--awb-border-radius-top-left:0px;--awb-border-radius-top-right:0px;--awb-border-radius-bottom-right:0px;--awb-border-radius-bottom-left:0px;--awb-flex-wrap:wrap;\" ><div class=\"fusion-builder-row fusion-row fusion-flex-align-items-flex-start fusion-flex-content-wrap\" style=\"max-width:1248px;margin-left: calc(-4% \/ 2 );margin-right: calc(-4% \/ 2 );\"><div class=\"fusion-layout-column fusion_builder_column fusion-builder-column-4 fusion_builder_column_1_1 1_1 fusion-flex-column\" style=\"--awb-bg-size:cover;--awb-width-large:100%;--awb-margin-top-large:0px;--awb-spacing-right-large:1.92%;--awb-margin-bottom-large:20px;--awb-spacing-left-large:1.92%;--awb-width-medium:100%;--awb-order-medium:0;--awb-spacing-right-medium:1.92%;--awb-spacing-left-medium:1.92%;--awb-width-small:100%;--awb-order-small:0;--awb-spacing-right-small:1.92%;--awb-spacing-left-small:1.92%;\"><div class=\"fusion-column-wrapper fusion-column-has-shadow fusion-flex-justify-content-flex-start fusion-content-layout-column\"><div class=\"fusion-text fusion-text-5\"><h2>\u00d6zelle\u015ftirilmi\u015f E\u011fitim<\/h2>\n<p>E\u011fitimi benzersiz \u00fcretim ortam\u0131n\u0131za, par\u00e7alar\u0131n\u0131za ve personelinizin beceri d\u00fczeylerine g\u00f6re \u00f6zelle\u015ftirece\u011fiz. Bu nedenle, bug\u00fcn bizi aray\u0131n ve ind\u00fcksiyonlu \u0131s\u0131tma sistemlerinizden en iyi \u015fekilde yararlanman\u0131za yard\u0131mc\u0131 olal\u0131m. Bize faaliyetleriniz ve ihtiya\u00e7lar\u0131n\u0131z hakk\u0131nda bilgi verin, biz de size \u00f6zel bir ind\u00fcksiyonlu \u0131s\u0131tma e\u011fitim program\u0131 haz\u0131rlayal\u0131m.<\/p>\n<\/div><\/div><\/div><\/div><\/div><div class=\"fusion-fullwidth fullwidth-box fusion-builder-row-4 fusion-flex-container has-pattern-background has-mask-background nonhundred-percent-fullwidth non-hundred-percent-height-scrolling\" style=\"--awb-border-radius-top-left:0px;--awb-border-radius-top-right:0px;--awb-border-radius-bottom-right:0px;--awb-border-radius-bottom-left:0px;--awb-flex-wrap:wrap;\" ><div class=\"fusion-builder-row fusion-row fusion-flex-align-items-flex-start fusion-flex-content-wrap\" style=\"max-width:1248px;margin-left: calc(-4% \/ 2 );margin-right: calc(-4% \/ 2 );\"><div class=\"fusion-layout-column fusion_builder_column fusion-builder-column-5 fusion_builder_column_1_1 1_1 fusion-flex-column\" style=\"--awb-bg-size:cover;--awb-width-large:100%;--awb-margin-top-large:0px;--awb-spacing-right-large:1.92%;--awb-margin-bottom-large:20px;--awb-spacing-left-large:1.92%;--awb-width-medium:100%;--awb-order-medium:0;--awb-spacing-right-medium:1.92%;--awb-spacing-left-medium:1.92%;--awb-width-small:100%;--awb-order-small:0;--awb-spacing-right-small:1.92%;--awb-spacing-left-small:1.92%;\"><div class=\"fusion-column-wrapper fusion-column-has-shadow fusion-flex-justify-content-flex-start fusion-content-layout-column\"><div class=\"fusion-text fusion-text-6\"><h2>Profesyonel E\u011fitmenler<\/h2>\n<p>E\u011fitmenlerimiz, ind\u00fcksiyon sistemleri hakk\u0131ndaki bilgilerini etkili bir \u015fekilde \u00f6\u011fretmek i\u00e7in m\u00fckemmel bir kapasiteyle birle\u015ftiren fabrika e\u011fitimli, son derece deneyimli profesyonellerdir. E\u011fitim kurslar\u0131m\u0131z\u0131n \u00e7o\u011fu bir ind\u00fcksiyon sisteminin daha teknik k\u0131s\u0131mlar\u0131na odaklan\u0131rken, t\u00fcm sistemi kapsayan \u00f6zelle\u015ftirilmi\u015f servis s\u0131n\u0131flar\u0131 ve ekipman g\u00fcvenli\u011fi ve operat\u00f6r e\u011fitimi de sunuyoruz.<\/p>\n<p>FOCO e\u011fitimi, yat\u0131r\u0131m\u0131n\u0131zdan maksimum getiri ve geri \u00f6deme i\u00e7in gerekli olan ind\u00fcksiyonlu \u0131s\u0131tma proseslerini ve ekipmanlar\u0131n\u0131 daha iyi anlaman\u0131z i\u00e7in size ara\u00e7lar sunar. \u0130nd\u00fcksiyon ekipman\u0131n\u0131z\u0131 ne kadar iyi tan\u0131rsan\u0131z, yat\u0131r\u0131m\u0131n\u0131z\u0131n geri d\u00f6n\u00fc\u015f\u00fc de o kadar iyi olur. Bug\u00fcn ula\u015f\u0131n! FOCO&#8217;nun personelinizi ind\u00fcksiyon ekipman\u0131n\u0131zdan en iyi performans\u0131 almalar\u0131 i\u00e7in nas\u0131l e\u011fitece\u011fi hakk\u0131nda konu\u015faca\u011f\u0131z.<\/p>\n<\/div><\/div><\/div><\/div><\/div><\/p>\n","protected":false},"excerpt":{"rendered":"","protected":false},"author":1,"featured_media":4695,"parent":6451,"menu_order":0,"comment_status":"closed","ping_status":"closed","template":"","meta":{"footnotes":""},"class_list":["post-6383","page","type-page","status-publish","has-post-thumbnail","hentry"],"_links":{"self":[{"href":"https:\/\/www.focoinduction.com\/tr\/wp-json\/wp\/v2\/pages\/6383","targetHints":{"allow":["GET"]}}],"collection":[{"href":"https:\/\/www.focoinduction.com\/tr\/wp-json\/wp\/v2\/pages"}],"about":[{"href":"https:\/\/www.focoinduction.com\/tr\/wp-json\/wp\/v2\/types\/page"}],"author":[{"embeddable":true,"href":"https:\/\/www.focoinduction.com\/tr\/wp-json\/wp\/v2\/users\/1"}],"replies":[{"embeddable":true,"href":"https:\/\/www.focoinduction.com\/tr\/wp-json\/wp\/v2\/comments?post=6383"}],"version-history":[{"count":0,"href":"https:\/\/www.focoinduction.com\/tr\/wp-json\/wp\/v2\/pages\/6383\/revisions"}],"up":[{"embeddable":true,"href":"https:\/\/www.focoinduction.com\/tr\/wp-json\/wp\/v2\/pages\/6451"}],"wp:featuredmedia":[{"embeddable":true,"href":"https:\/\/www.focoinduction.com\/tr\/wp-json\/wp\/v2\/media\/4695"}],"wp:attachment":[{"href":"https:\/\/www.focoinduction.com\/tr\/wp-json\/wp\/v2\/media?parent=6383"}],"curies":[{"name":"wp","href":"https:\/\/api.w.org\/{rel}","templated":true}]}}