{"id":6393,"date":"2022-10-12T10:43:56","date_gmt":"2022-10-12T02:43:56","guid":{"rendered":"https:\/\/www.focoinduction.com\/ozel-induksiyon-isitma-bobini\/"},"modified":"2023-05-16T09:09:09","modified_gmt":"2023-05-16T01:09:09","slug":"ozel-induksiyon-isitma-bobini","status":"publish","type":"page","link":"https:\/\/www.focoinduction.com\/tr\/induksiyonla-isitma-hizmetleri\/ozel-induksiyon-isitma-bobini\/","title":{"rendered":"\u00d6zel \u0130nd\u00fcksiyon Is\u0131tma Bobini"},"content":{"rendered":"<p><div class=\"fusion-fullwidth fullwidth-box fusion-builder-row-1 fusion-flex-container has-pattern-background has-mask-background nonhundred-percent-fullwidth non-hundred-percent-height-scrolling\" style=\"--awb-border-radius-top-left:0px;--awb-border-radius-top-right:0px;--awb-border-radius-bottom-right:0px;--awb-border-radius-bottom-left:0px;--awb-flex-wrap:wrap;\" ><div class=\"fusion-builder-row fusion-row fusion-flex-align-items-flex-start fusion-flex-content-wrap\" style=\"max-width:1248px;margin-left: calc(-4% \/ 2 );margin-right: calc(-4% \/ 2 );\"><div class=\"fusion-layout-column fusion_builder_column fusion-builder-column-0 fusion_builder_column_1_1 1_1 fusion-flex-column\" style=\"--awb-bg-size:cover;--awb-width-large:100%;--awb-margin-top-large:0px;--awb-spacing-right-large:1.92%;--awb-margin-bottom-large:20px;--awb-spacing-left-large:1.92%;--awb-width-medium:100%;--awb-order-medium:0;--awb-spacing-right-medium:1.92%;--awb-spacing-left-medium:1.92%;--awb-width-small:100%;--awb-order-small:0;--awb-spacing-right-small:1.92%;--awb-spacing-left-small:1.92%;\"><div class=\"fusion-column-wrapper fusion-column-has-shadow fusion-flex-justify-content-flex-start fusion-content-layout-column\"><div class=\"fusion-text fusion-text-1\"><p>Do\u011fru ind\u00fcksiyonlu \u0131s\u0131tma bobini yap\u0131s\u0131, prosesinizden maksimum performans elde etmenin anahtar\u0131d\u0131r ve deneyimimiz bizi \u00f6zel ind\u00fcksiyonlu \u0131s\u0131tma i\u015finde di\u011ferlerinden ay\u0131rmaktad\u0131r. Tescilli, son teknoloji bobin tasar\u0131m yaz\u0131l\u0131m\u0131m\u0131z\u0131 kullanarak, uygulaman\u0131z i\u00e7in en uygun bobin boyutunu ve \u015feklini tasarlamak i\u00e7in belirtti\u011finiz proses parametrelerinden ve par\u00e7a \u00e7izimlerindeki verilerden yararlan\u0131yoruz.<\/p>\n<p>T\u00fcm\u00fc ind\u00fcksiyonlu \u0131s\u0131tma\/eritme prosesini \u00e7evreleyen, malzeme ta\u015f\u0131ma, so\u011futma sistemleri, kontroller ve kalite izleme sistemleriyle entegre, y\u00fcksek kaliteli, uygun fiyatl\u0131, eksiksiz ind\u00fcksiyon sistemleri \u00fcretiyoruz.<\/p>\n<\/div><\/div><\/div><\/div><\/div><div class=\"fusion-fullwidth fullwidth-box fusion-builder-row-2 fusion-flex-container has-pattern-background has-mask-background nonhundred-percent-fullwidth non-hundred-percent-height-scrolling\" style=\"--awb-border-radius-top-left:0px;--awb-border-radius-top-right:0px;--awb-border-radius-bottom-right:0px;--awb-border-radius-bottom-left:0px;--awb-flex-wrap:wrap;\" ><div class=\"fusion-builder-row fusion-row fusion-flex-align-items-flex-start fusion-flex-content-wrap\" style=\"max-width:1248px;margin-left: calc(-4% \/ 2 );margin-right: calc(-4% \/ 2 );\"><div class=\"fusion-layout-column fusion_builder_column fusion-builder-column-1 fusion_builder_column_1_1 1_1 fusion-flex-column\" style=\"--awb-bg-size:cover;--awb-width-large:100%;--awb-margin-top-large:0px;--awb-spacing-right-large:1.92%;--awb-margin-bottom-large:20px;--awb-spacing-left-large:1.92%;--awb-width-medium:100%;--awb-order-medium:0;--awb-spacing-right-medium:1.92%;--awb-spacing-left-medium:1.92%;--awb-width-small:100%;--awb-order-small:0;--awb-spacing-right-small:1.92%;--awb-spacing-left-small:1.92%;\"><div class=\"fusion-column-wrapper fusion-column-has-shadow fusion-flex-justify-content-flex-start fusion-content-layout-column\"><div class=\"fusion-text fusion-text-2\"><h2>Bobin Yenileme<\/h2>\n<p>FOCO, \u00f6zel ind\u00fckt\u00f6rlerin yenilenmesi ve \u00fcretiminde uzmanla\u015fm\u0131\u015ft\u0131r. \u0130nd\u00fcksiyon eritme uygulamalar\u0131 i\u00e7in \u00e7ok \u00e7e\u015fitli bobinlerle \u00e7al\u0131\u015f\u0131yoruz.<\/p>\n<p>Sonu\u00e7 olarak FOCO, bobin paketinizi, hassas \u0131s\u0131tma ve uygulama gereksinimlerinizi kar\u015f\u0131lamak i\u00e7in performans\u0131 ve \u00fcr\u00fcn kalitesini en \u00fcst d\u00fczeye \u00e7\u0131karacak \u015fekilde uyarlayabilir. FOCO, ayn\u0131 anda \u00e7ok say\u0131da yeri veya par\u00e7ay\u0131 \u0131s\u0131tmak i\u00e7in \u00e7oklu bobin tasar\u0131mlar\u0131 da sunabilir.<\/p>\n<p>Deneyimlerimiz, ister standart ister \u00f6zel yap\u0131m ind\u00fcksiyonlu \u0131s\u0131tma ve ergitme uygulamalar\u0131yla u\u011fra\u015f\u0131yor olun, g\u00fcvenilir ve etkili bir \u00e7al\u0131\u015fma sa\u011flar.<\/p>\n<\/div><\/div><\/div><\/div><\/div><div class=\"fusion-fullwidth fullwidth-box fusion-builder-row-3 fusion-flex-container has-pattern-background has-mask-background nonhundred-percent-fullwidth non-hundred-percent-height-scrolling\" style=\"--awb-border-radius-top-left:0px;--awb-border-radius-top-right:0px;--awb-border-radius-bottom-right:0px;--awb-border-radius-bottom-left:0px;--awb-flex-wrap:wrap;\" ><div class=\"fusion-builder-row fusion-row fusion-flex-align-items-flex-start fusion-flex-content-wrap\" style=\"max-width:1248px;margin-left: calc(-4% \/ 2 );margin-right: calc(-4% \/ 2 );\"><div class=\"fusion-layout-column fusion_builder_column fusion-builder-column-2 fusion_builder_column_1_1 1_1 fusion-flex-column\" style=\"--awb-bg-size:cover;--awb-width-large:100%;--awb-margin-top-large:0px;--awb-spacing-right-large:1.92%;--awb-margin-bottom-large:20px;--awb-spacing-left-large:1.92%;--awb-width-medium:100%;--awb-order-medium:0;--awb-spacing-right-medium:1.92%;--awb-spacing-left-medium:1.92%;--awb-width-small:100%;--awb-order-small:0;--awb-spacing-right-small:1.92%;--awb-spacing-left-small:1.92%;\"><div class=\"fusion-column-wrapper fusion-column-has-shadow fusion-flex-justify-content-flex-start fusion-content-layout-column\"><div class=\"fusion-text fusion-text-3\"><h2>Bobinlerin Onar\u0131m\u0131<\/h2>\n<p>Bir ind\u00fcksiyon bobininin onar\u0131m s\u00fcreci, hasarl\u0131 kilitlerin FOCO&#8217;nun tesisine g\u00f6nderilmesiyle ba\u015flar ve ard\u0131ndan onar\u0131lmadan \u00f6nce incelenir. \u0130nd\u00fcksiyon bobini onar\u0131mlar\u0131nda kaliteye ve h\u0131zl\u0131 geri d\u00f6n\u00fc\u015fe olan ba\u011fl\u0131l\u0131\u011f\u0131m\u0131z sizi h\u0131zl\u0131 bir \u015fekilde \u00e7al\u0131\u015f\u0131r hale getirecektir.<\/p>\n<\/div><div class=\"fusion-text fusion-text-4\" style=\"--awb-text-transform:capitalize;\"><p><em><a href=\"https:\/\/www.focoinduction.com\/lean-about-induction-heating\/induction-coil-copper-pipe-maintenance\/\" target=\"_blank\" rel=\"noopener\">\u0130nd\u00fcksiyon bobininizin bak\u0131m\u0131n\u0131 nas\u0131l yapaca\u011f\u0131n\u0131z\u0131 \u00f6\u011frenin.<\/a><\/em><\/p>\n<\/div><\/div><\/div><\/div><\/div><div class=\"fusion-fullwidth fullwidth-box fusion-builder-row-4 fusion-flex-container has-pattern-background has-mask-background nonhundred-percent-fullwidth non-hundred-percent-height-scrolling\" style=\"--awb-border-radius-top-left:0px;--awb-border-radius-top-right:0px;--awb-border-radius-bottom-right:0px;--awb-border-radius-bottom-left:0px;--awb-flex-wrap:wrap;\" ><div class=\"fusion-builder-row fusion-row fusion-flex-align-items-flex-start fusion-flex-content-wrap\" style=\"max-width:1248px;margin-left: calc(-4% \/ 2 );margin-right: calc(-4% \/ 2 );\"><div class=\"fusion-layout-column fusion_builder_column fusion-builder-column-3 fusion_builder_column_1_1 1_1 fusion-flex-column\" style=\"--awb-bg-size:cover;--awb-width-large:100%;--awb-margin-top-large:0px;--awb-spacing-right-large:1.92%;--awb-margin-bottom-large:20px;--awb-spacing-left-large:1.92%;--awb-width-medium:100%;--awb-order-medium:0;--awb-spacing-right-medium:1.92%;--awb-spacing-left-medium:1.92%;--awb-width-small:100%;--awb-order-small:0;--awb-spacing-right-small:1.92%;--awb-spacing-left-small:1.92%;\"><div class=\"fusion-column-wrapper fusion-column-has-shadow fusion-flex-justify-content-flex-start fusion-content-layout-column\"><div class=\"fusion-text fusion-text-5\"><h2>\u00dc\u00e7\u00fcnc\u00fc Taraf Donan\u0131m, Sorun De\u011fil<\/h2>\n<p>Ba\u015fka bir \u015firketin ind\u00fcksiyon donan\u0131m\u0131n\u0131 kullan\u0131yorsan\u0131z, size yepyeni, daha y\u00fcksek verimli bir bobin sa\u011flayabiliriz. Ayr\u0131ca, yeni bobinlerin tasarlanmas\u0131 ve \u00fcretilmesinden mevcut bobinlerinizin yenilenmesine kadar, \u00f6d\u00fcn\u00e7 verme de dahil olmak \u00fczere y\u00fcksek kaliteli hizmet sunuyoruz. Y\u00fcksek kaliteli, anahtar teslimi, tam otomatik, genel ama\u00e7l\u0131 ind\u00fcksiyonlu \u0131s\u0131tma ekipmanlar\u0131 tasarl\u0131yor, in\u015fa ediyor ve onar\u0131yoruz.<\/p>\n<p>Bobininizi de\u011fi\u015ftirmenin yenilemekten daha iyi bir de\u011fer oldu\u011funa karar verirseniz, size eski bir tasar\u0131mdan yeni bir bobin \u00fcretece\u011fiz. \u0130ster bizim \u00fcretimimiz olsun ister rakiplerimizden biri taraf\u0131ndan \u00fcretilmi\u015f olsun, bobinlerinizi (herhangi bir \u015fekil, boyut veya marka bobin) h\u0131zla yenileyerek veya de\u011fi\u015ftirerek tesisinizdeki pahal\u0131 ar\u0131za s\u00fcrelerini azaltabiliriz.<\/p>\n<\/div><\/div><\/div><\/div><\/div><div class=\"fusion-fullwidth fullwidth-box fusion-builder-row-5 fusion-flex-container has-pattern-background has-mask-background nonhundred-percent-fullwidth non-hundred-percent-height-scrolling\" style=\"--awb-border-radius-top-left:0px;--awb-border-radius-top-right:0px;--awb-border-radius-bottom-right:0px;--awb-border-radius-bottom-left:0px;--awb-flex-wrap:wrap;\" ><div class=\"fusion-builder-row fusion-row fusion-flex-align-items-flex-start fusion-flex-content-wrap\" style=\"max-width:1248px;margin-left: calc(-4% \/ 2 );margin-right: calc(-4% \/ 2 );\"><div class=\"fusion-layout-column fusion_builder_column fusion-builder-column-4 fusion_builder_column_1_1 1_1 fusion-flex-column\" style=\"--awb-bg-size:cover;--awb-width-large:100%;--awb-margin-top-large:0px;--awb-spacing-right-large:1.92%;--awb-margin-bottom-large:20px;--awb-spacing-left-large:1.92%;--awb-width-medium:100%;--awb-order-medium:0;--awb-spacing-right-medium:1.92%;--awb-spacing-left-medium:1.92%;--awb-width-small:100%;--awb-order-small:0;--awb-spacing-right-small:1.92%;--awb-spacing-left-small:1.92%;\"><div class=\"fusion-column-wrapper fusion-column-has-shadow fusion-flex-justify-content-flex-start fusion-content-layout-column\"><div class=\"fusion-text fusion-text-6\"><h2>Kons\u00fcltasyon<\/h2>\n<p>FOCO, m\u00fc\u015fterilerimize yard\u0131mc\u0131 olmak i\u00e7in <a href=\"https:\/\/www.focoinduction.com\/services\/consulting\/\" target=\"_blank\" rel=\"noopener\">ind\u00fcksiyon teknolojisi dan\u0131\u015fmanl\u0131k hizmetleri<\/a> sunmaktad\u0131r. K\u00fc\u00e7\u00fck ve b\u00fcy\u00fck \u015firketlere \u00e7e\u015fitli kan\u0131tlanm\u0131\u015f, uygulamal\u0131 ind\u00fcksiyon \u0131s\u0131tma y\u00f6ntemleri \u00f6neriyoruz. Uygulaman\u0131z\u0131n gereksinimlerini dikkatlice analiz ediyor ve ard\u0131ndan uygulamalar\u0131n\u0131z i\u00e7in en uygun ind\u00fcksiyon, otomasyon ve toplam \u00fcretim s\u00fcre\u00e7leri i\u00e7in \u00f6nerilerde bulunuyoruz.<\/p>\n<\/div><\/div><\/div><\/div><\/div><div class=\"fusion-fullwidth fullwidth-box fusion-builder-row-6 fusion-flex-container has-pattern-background has-mask-background nonhundred-percent-fullwidth non-hundred-percent-height-scrolling\" style=\"--awb-border-radius-top-left:0px;--awb-border-radius-top-right:0px;--awb-border-radius-bottom-right:0px;--awb-border-radius-bottom-left:0px;--awb-flex-wrap:wrap;\" ><div class=\"fusion-builder-row fusion-row fusion-flex-align-items-flex-start fusion-flex-content-wrap\" style=\"max-width:1248px;margin-left: calc(-4% \/ 2 );margin-right: calc(-4% \/ 2 );\"><div class=\"fusion-layout-column fusion_builder_column fusion-builder-column-5 fusion_builder_column_1_1 1_1 fusion-flex-column\" style=\"--awb-bg-size:cover;--awb-width-large:100%;--awb-margin-top-large:0px;--awb-spacing-right-large:1.92%;--awb-margin-bottom-large:20px;--awb-spacing-left-large:1.92%;--awb-width-medium:100%;--awb-order-medium:0;--awb-spacing-right-medium:1.92%;--awb-spacing-left-medium:1.92%;--awb-width-small:100%;--awb-order-small:0;--awb-spacing-right-small:1.92%;--awb-spacing-left-small:1.92%;\"><div class=\"fusion-column-wrapper fusion-column-has-shadow fusion-flex-justify-content-flex-start fusion-content-layout-column\"><div class=\"fusion-text fusion-text-7\"><h2>\u00d6d\u00fcn\u00e7 Verenler<\/h2>\n<p>FOCO&#8217;da, m\u00fc\u015fterimizin te\u00e7hizat\u0131ndan bir kopya bobin in\u015fa etti\u011fimiz, bir rafta saklad\u0131\u011f\u0131m\u0131z ve ind\u00fcksiyon bobini onar\u0131mlar\u0131nda \u00e7al\u0131\u015f\u0131rken \u00f6d\u00fcn\u00e7 verdi\u011fimiz bir \u00f6d\u00fcn\u00e7 ind\u00fcksiyon bobini yapaca\u011f\u0131z.<\/p>\n<p>Deneyimlerimiz, ister standart ister \u00f6zel yap\u0131m ind\u00fcksiyonlu \u0131s\u0131tma ve ergitme uygulamalar\u0131yla u\u011fra\u015f\u0131yor olun, g\u00fcvenilir ve etkili bir \u00e7al\u0131\u015fma sa\u011flar.<\/p>\n<\/div><\/div><\/div><\/div><\/div><div class=\"fusion-fullwidth fullwidth-box fusion-builder-row-7 fusion-flex-container has-pattern-background has-mask-background nonhundred-percent-fullwidth non-hundred-percent-height-scrolling\" style=\"--awb-border-radius-top-left:0px;--awb-border-radius-top-right:0px;--awb-border-radius-bottom-right:0px;--awb-border-radius-bottom-left:0px;--awb-flex-wrap:wrap;\" ><div class=\"fusion-builder-row fusion-row fusion-flex-align-items-flex-start fusion-flex-content-wrap\" style=\"max-width:1248px;margin-left: calc(-4% \/ 2 );margin-right: calc(-4% \/ 2 );\"><div class=\"fusion-layout-column fusion_builder_column fusion-builder-column-6 fusion_builder_column_1_1 1_1 fusion-flex-column\" style=\"--awb-bg-size:cover;--awb-width-large:100%;--awb-margin-top-large:0px;--awb-spacing-right-large:1.92%;--awb-margin-bottom-large:20px;--awb-spacing-left-large:1.92%;--awb-width-medium:100%;--awb-order-medium:0;--awb-spacing-right-medium:1.92%;--awb-spacing-left-medium:1.92%;--awb-width-small:100%;--awb-order-small:0;--awb-spacing-right-small:1.92%;--awb-spacing-left-small:1.92%;\"><div class=\"fusion-column-wrapper fusion-column-has-shadow fusion-flex-justify-content-flex-start fusion-content-layout-column\"><div class=\"fusion-text fusion-text-8\"><h2>\u00d6zel \u0130nd\u00fcksiyon Is\u0131tma Bobini Tasar\u0131mlar\u0131<\/h2>\n<p>\u0130nd\u00fcksiyon bobini tasar\u0131mlar\u0131 par\u00e7an\u0131n kalitesini, proses verimlili\u011fini ve \u00fcretim maliyetlerini \u00f6nemli \u00f6l\u00e7\u00fcde etkileyebilir. Optimum ind\u00fcksiyon bobininin tasarlanmas\u0131, par\u00e7alar\u0131n, \u0131s\u0131l i\u015flem \u00f6zelliklerinin, \u00fcretim h\u0131z\u0131n\u0131n, \u00e7al\u0131\u015fma s\u0131ras\u0131n\u0131n, malzeme kullan\u0131m\u0131n\u0131n, ind\u00fcksiyon sistemi parametrelerinin, ind\u00fcksiyon bobininin \u00e7al\u0131\u015faca\u011f\u0131 \u00e7evresel ko\u015fullar\u0131n ve so\u011futma tasar\u0131m\u0131n\u0131n kapsaml\u0131 bir analizini gerektirir. \u0130yi tasarlanm\u0131\u015f, end\u00fcstriyel s\u0131n\u0131f bir ind\u00fcksiyon bobini, uygulamaya, bak\u0131ma ve ortama ba\u011fl\u0131 olarak ucuz bir bobine k\u0131yasla 30 kata kadar daha uzun s\u00fcre dayanabilir ve uyumlu ve uyumsuz par\u00e7alar aras\u0131ndaki fark olabilir.<\/p>\n<p>Teknisyenlerimiz, Zhengzhou&#8217;da 20 y\u0131l\u0131 a\u015fk\u0131n s\u00fcredir bobinleri incelemekte, yenilemekte ve yeniden in\u015fa etmekte olan son derece e\u011fitimli ki\u015filerdir. Buna ek olarak, FOCO personeli komple bobin bak\u0131m programlar\u0131 tasarlamak i\u00e7in do\u011frudan m\u00fc\u015fterilerle birlikte \u00e7al\u0131\u015f\u0131r.<\/p>\n<\/div><div class=\"fusion-text fusion-text-9\" style=\"--awb-text-transform:capitalize;\"><p><a href=\"https:\/\/www.focoinduction.com\/tr\/iletisim\/\" target=\"_blank\" rel=\"noopener\"><em>\u0130nd\u00fcksiyon bobini bak\u0131m ihtiya\u00e7lar\u0131n\u0131z\u0131 g\u00f6r\u00fc\u015fmek i\u00e7in bug\u00fcn bize ula\u015f\u0131n.<\/em><\/a><\/p>\n<\/div><\/div><\/div><\/div><\/div><\/p>\n","protected":false},"excerpt":{"rendered":"","protected":false},"author":1,"featured_media":4723,"parent":6451,"menu_order":0,"comment_status":"closed","ping_status":"closed","template":"","meta":{"footnotes":""},"class_list":["post-6393","page","type-page","status-publish","has-post-thumbnail","hentry"],"_links":{"self":[{"href":"https:\/\/www.focoinduction.com\/tr\/wp-json\/wp\/v2\/pages\/6393","targetHints":{"allow":["GET"]}}],"collection":[{"href":"https:\/\/www.focoinduction.com\/tr\/wp-json\/wp\/v2\/pages"}],"about":[{"href":"https:\/\/www.focoinduction.com\/tr\/wp-json\/wp\/v2\/types\/page"}],"author":[{"embeddable":true,"href":"https:\/\/www.focoinduction.com\/tr\/wp-json\/wp\/v2\/users\/1"}],"replies":[{"embeddable":true,"href":"https:\/\/www.focoinduction.com\/tr\/wp-json\/wp\/v2\/comments?post=6393"}],"version-history":[{"count":0,"href":"https:\/\/www.focoinduction.com\/tr\/wp-json\/wp\/v2\/pages\/6393\/revisions"}],"up":[{"embeddable":true,"href":"https:\/\/www.focoinduction.com\/tr\/wp-json\/wp\/v2\/pages\/6451"}],"wp:featuredmedia":[{"embeddable":true,"href":"https:\/\/www.focoinduction.com\/tr\/wp-json\/wp\/v2\/media\/4723"}],"wp:attachment":[{"href":"https:\/\/www.focoinduction.com\/tr\/wp-json\/wp\/v2\/media?parent=6393"}],"curies":[{"name":"wp","href":"https:\/\/api.w.org\/{rel}","templated":true}]}}