{"id":6419,"date":"2022-10-09T15:10:09","date_gmt":"2022-10-09T07:10:09","guid":{"rendered":"https:\/\/www.focoinduction.com\/induksiyon-bobini-ve-bakir-boru-bakimi\/"},"modified":"2023-05-16T09:09:07","modified_gmt":"2023-05-16T01:09:07","slug":"induksiyon-bobini-ve-bakir-boru-bakimi","status":"publish","type":"page","link":"https:\/\/www.focoinduction.com\/tr\/induksiyonla-isitma-hakkinda-yalin\/induksiyon-bobini-ve-bakir-boru-bakimi\/","title":{"rendered":"\u0130nd\u00fcksiyon Bobini ve Bak\u0131r Boru Bak\u0131m\u0131"},"content":{"rendered":"<div class=\"fusion-fullwidth fullwidth-box fusion-builder-row-1 fusion-flex-container has-pattern-background has-mask-background nonhundred-percent-fullwidth non-hundred-percent-height-scrolling\" style=\"--awb-border-radius-top-left:0px;--awb-border-radius-top-right:0px;--awb-border-radius-bottom-right:0px;--awb-border-radius-bottom-left:0px;--awb-flex-wrap:wrap;\" ><div class=\"fusion-builder-row fusion-row fusion-flex-align-items-flex-start fusion-flex-content-wrap\" style=\"max-width:1248px;margin-left: calc(-4% \/ 2 );margin-right: calc(-4% \/ 2 );\"><div class=\"fusion-layout-column fusion_builder_column fusion-builder-column-0 fusion_builder_column_1_1 1_1 fusion-flex-column\" style=\"--awb-bg-size:cover;--awb-width-large:100%;--awb-margin-top-large:0px;--awb-spacing-right-large:1.92%;--awb-margin-bottom-large:20px;--awb-spacing-left-large:1.92%;--awb-width-medium:100%;--awb-order-medium:0;--awb-spacing-right-medium:1.92%;--awb-spacing-left-medium:1.92%;--awb-width-small:100%;--awb-order-small:0;--awb-spacing-right-small:1.92%;--awb-spacing-left-small:1.92%;\"><div class=\"fusion-column-wrapper fusion-column-has-shadow fusion-flex-justify-content-flex-start fusion-content-layout-column\"><div class=\"fusion-text fusion-text-1\"><p>\u0130nd\u00fcksiyonlu \u0131s\u0131tma bobinleri, kullan\u0131m \u00f6m\u00fcrlerini k\u0131saltabilecek yo\u011fun kullan\u0131ma maruz kal\u0131r. FOCO ind\u00fcksiyon bobini bak\u0131m\u0131 kullanmak, bu de\u011ferli aletlerin \u00f6mr\u00fcn\u00fc uzatman\u0131n harika bir yoludur.<\/p>\n<\/div><\/div><\/div><div class=\"fusion-layout-column fusion_builder_column fusion-builder-column-1 fusion_builder_column_1_1 1_1 fusion-flex-column\" style=\"--awb-bg-size:cover;--awb-width-large:100%;--awb-margin-top-large:0px;--awb-spacing-right-large:1.92%;--awb-margin-bottom-large:20px;--awb-spacing-left-large:1.92%;--awb-width-medium:100%;--awb-order-medium:0;--awb-spacing-right-medium:1.92%;--awb-spacing-left-medium:1.92%;--awb-width-small:100%;--awb-order-small:0;--awb-spacing-right-small:1.92%;--awb-spacing-left-small:1.92%;\"><div class=\"fusion-column-wrapper fusion-column-has-shadow fusion-flex-justify-content-flex-start fusion-content-layout-column\"><div class=\"fusion-text fusion-text-2\"><h2>\u0130nd\u00fcksiyon Bobini Bak\u0131m\u0131 Onar\u0131mlar\u0131 \u00d6nler<\/h2>\n<p>FOCO, bug\u00fcn sekt\u00f6r\u00fcn \u00f6nde gelen ind\u00fcksiyonlu \u0131s\u0131tma serpantini servis sa\u011flay\u0131c\u0131lar\u0131ndan biri olarak gururla kendini kan\u0131tlam\u0131\u015ft\u0131r. Teknisyenlerimiz, ind\u00fckt\u00f6rlerle ilgili her konuda kapsaml\u0131 bilgi ve deneyime sahiptir, bu da her bir m\u00fc\u015fteri i\u00e7in m\u00fckemmel d\u00fczeyde m\u00fc\u015fteri hizmeti sunmalar\u0131na olanak tan\u0131r. FOCO, h\u0131zl\u0131 \u00e7\u00f6z\u00fcmler sunma konusunda y\u00fcksek standartlar i\u00e7in \u00e7aba g\u00f6stermektedir. Sadece h\u0131zl\u0131 bir arama veya e-posta ile, nicelik i\u00e7in kaliteden \u00f6d\u00fcn vermeden hizmetlerimizi h\u0131zl\u0131 ve verimli bir \u015fekilde alman\u0131z\u0131 sa\u011flamak i\u00e7in ne gerekiyorsa yapaca\u011f\u0131z.<\/p>\n<p>\u0130nd\u00fcksiyon bobini onar\u0131m ve yeniden tasar\u0131m hizmetleri \u015funlar\u0131 i\u00e7erir:<\/p>\n<ul>\n<li>Muayene ve test<\/li>\n<li>Bobinlerin, hortumlar\u0131n, otob\u00fcs i\u015flerinin ve tak\u0131mlar\u0131n temizlenmesi<\/li>\n<li>S\u00f6nd\u00fcrme varillerinin ve temas y\u00fczeylerinin temizlenmesi<\/li>\n<li>Tak\u0131mlar\u0131 s\u0131k\u0131n<\/li>\n<li>G\u00fc\u00e7 kayna\u011f\u0131n\u0131 inceleyin ve temizleyin<\/li>\n<li>Korozyon belirtileri g\u00f6steren alanlar\u0131 ele al\u0131n<\/li>\n<\/ul>\n<\/div><\/div><\/div><div class=\"fusion-layout-column fusion_builder_column fusion-builder-column-2 fusion_builder_column_1_1 1_1 fusion-flex-column\" style=\"--awb-bg-size:cover;--awb-width-large:100%;--awb-margin-top-large:0px;--awb-spacing-right-large:1.92%;--awb-margin-bottom-large:20px;--awb-spacing-left-large:1.92%;--awb-width-medium:100%;--awb-order-medium:0;--awb-spacing-right-medium:1.92%;--awb-spacing-left-medium:1.92%;--awb-width-small:100%;--awb-order-small:0;--awb-spacing-right-small:1.92%;--awb-spacing-left-small:1.92%;\"><div class=\"fusion-column-wrapper fusion-column-has-shadow fusion-flex-justify-content-flex-start fusion-content-layout-column\"><div class=\"fusion-text fusion-text-3\"><h2>\u0130nd\u00fcksiyon Bobini Bak\u0131m \u0130pu\u00e7lar\u0131<\/h2>\n<p>\u0130nd\u00fckt\u00f6rler k\u0131r\u0131lgand\u0131r. Kullanmad\u0131\u011f\u0131n\u0131z zamanlarda saklay\u0131n. \u00c7al\u0131\u015fma alan\u0131n\u0131n kenar\u0131na yak\u0131n b\u0131rak\u0131l\u0131rlarsa d\u00fc\u015febilir, k\u0131r\u0131labilir, b\u00fck\u00fclebilir veya i\u015flevlerini yitirebilirler. Bu \u00f6zellikle elle kullan\u0131lan sert lehim aletleri i\u00e7in ge\u00e7erlidir.<\/p>\n<p>Bir i\u015flem ger\u00e7ekle\u015ftirirken, \u0131s\u0131tma eleman\u0131n\u0131n kirlenmesini \u00f6nlemek i\u00e7in her zaman temiz su kulland\u0131\u011f\u0131n\u0131zdan emin olun. Yetersiz veya kirli suyla \u0131s\u0131tma serpantinin \u00f6mr\u00fcn\u00fc k\u0131saltacakt\u0131r, bu nedenle her kullan\u0131mdan sonra temizlemeyi unutmay\u0131n! Bu bobinler \u00fczerinde partik\u00fcl birikmesi k\u0131sa devre yapmalar\u0131na ve h\u0131zla yanmalar\u0131na neden olabilir. Serpantinlerinizi d\u00fczenli olarak temizlemek bu sorunu \u00f6nlemenin kolay bir yoludur. Kuru bir havlu kullanarak toz ve kiri silin ve ard\u0131ndan kalan toz tav\u015fanlar\u0131n\u0131 temizlemek i\u00e7in biraz bas\u0131n\u00e7l\u0131 hava uygulay\u0131n. Ayr\u0131ca elektrik ba\u011flant\u0131 noktalar\u0131n\u0131 da g\u00f6zden ge\u00e7irmeyi asla unutmay\u0131n &#8211; bunlar b\u00fcy\u00fck olas\u0131l\u0131kla dokunulmadan b\u0131rak\u0131lan ancak enkaz bekleyen par\u00e7alardan biridir!<\/p>\n<p>K\u0131sa devreyi \u00f6nlemek i\u00e7in kullanmadan \u00f6nce iki bak\u0131r tel aras\u0131ndaki yal\u0131t\u0131m\u0131 inceleyin.<\/p>\n<p>Bak\u0131r \u00fczerindeki siyah lekeler bak\u0131r bobinin a\u015f\u0131r\u0131 \u0131s\u0131ya maruz kald\u0131\u011f\u0131n\u0131 g\u00f6sterir; bu tehlikeli bir i\u015farettir. Bak\u0131r bobininizde renk de\u011fi\u015fikli\u011fi, \u00e7atlama ve bak\u0131r \u00fczerinde mavi veya k\u0131rm\u0131z\u0131 renkle g\u00f6sterilen a\u015f\u0131r\u0131 \u0131s\u0131 olup olmad\u0131\u011f\u0131n\u0131 kontrol edin. F\u0131r\u0131n g\u00f6vdesindeki c\u00fcruf veya metalik tala\u015flar\u0131 temizleyin ve bak\u0131r bobine n\u00fcfuz eden metal eriyi\u011fi belirtileri olup olmad\u0131\u011f\u0131n\u0131 kontrol edin.<\/p>\n<p>D\u00fc\u015f\u00fck ak\u0131\u015f bazen bobinin so\u011futma d\u00f6n\u00fc\u015f taraf\u0131nda bak\u0131r\u0131n mor renkli tonlarda kararmas\u0131 ile tan\u0131mlan\u0131r. Bu nedenle d\u00fc\u015f\u00fck su ak\u0131\u015f\u0131, ind\u00fckt\u00f6r bobini i\u00e7inde s\u0131k\u0131\u015fm\u0131\u015f bir buhar buhar\u0131na neden olabilir ve bu da \u00fcretilen ind\u00fckt\u00f6r bobininin borular\u0131 boyunca bir lehim ba\u011flant\u0131s\u0131n\u0131n \u00e7atlamas\u0131na veya bir so\u011futma odas\u0131n\u0131 ortaya \u00e7\u0131karan bak\u0131rda \u00e7atlamaya yol a\u00e7abilir. Bu nedenle so\u011futma suyu, ind\u00fckt\u00f6r bobinine girmeden hemen \u00f6nce 25 mikronluk filtreleme \u00fcniteleri yerle\u015ftirilmi\u015f temiz bir su kayna\u011f\u0131ndan temin edilmelidir. End\u00fcstriyel uygulamalarda, bir \u00e7al\u0131\u015fma bobininden su so\u011futmas\u0131 gerektirecek kadar ak\u0131m ge\u00e7er; bu nedenle, temel kurulum bir su so\u011futma cihaz\u0131 i\u00e7erir.<\/p>\n<p>Bir koaksiyel koruyucu bobinlerinizi daha da koruyacakt\u0131r. Koaksiyel transformat\u00f6r\u00fc ind\u00fcksiyon bobinine ba\u011flayan k\u00fc\u00e7\u00fck bir adapt\u00f6rd\u00fcr. A\u015f\u0131r\u0131 y\u00fckten kaynaklanabilecek herhangi bir hasar adapt\u00f6rde meydana gelecektir ve bu da yeni bobin veya transformat\u00f6rden \u00e7ok daha az maliyetlidir.<\/p>\n<p>\u0130nd\u00fckt\u00f6rlerinizi korumak i\u00e7in bu ipu\u00e7lar\u0131n\u0131 izleyin:<\/p>\n<ul>\n<li>Kullanmad\u0131\u011f\u0131n\u0131z zamanlarda saklay\u0131n<\/li>\n<li>Temiz su, temiz bir sonu\u00e7 demektir<\/li>\n<li>Kullan\u0131mdan sonra bobinleri silin ve \u00fcfleyin<\/li>\n<li>Koaksiyel koruyucu kullan\u0131n<\/li>\n<\/ul>\n<\/div><\/div><\/div><\/div><\/div>\n","protected":false},"excerpt":{"rendered":"","protected":false},"author":1,"featured_media":4687,"parent":6680,"menu_order":0,"comment_status":"closed","ping_status":"closed","template":"","meta":{"footnotes":""},"class_list":["post-6419","page","type-page","status-publish","has-post-thumbnail","hentry"],"_links":{"self":[{"href":"https:\/\/www.focoinduction.com\/tr\/wp-json\/wp\/v2\/pages\/6419","targetHints":{"allow":["GET"]}}],"collection":[{"href":"https:\/\/www.focoinduction.com\/tr\/wp-json\/wp\/v2\/pages"}],"about":[{"href":"https:\/\/www.focoinduction.com\/tr\/wp-json\/wp\/v2\/types\/page"}],"author":[{"embeddable":true,"href":"https:\/\/www.focoinduction.com\/tr\/wp-json\/wp\/v2\/users\/1"}],"replies":[{"embeddable":true,"href":"https:\/\/www.focoinduction.com\/tr\/wp-json\/wp\/v2\/comments?post=6419"}],"version-history":[{"count":0,"href":"https:\/\/www.focoinduction.com\/tr\/wp-json\/wp\/v2\/pages\/6419\/revisions"}],"up":[{"embeddable":true,"href":"https:\/\/www.focoinduction.com\/tr\/wp-json\/wp\/v2\/pages\/6680"}],"wp:featuredmedia":[{"embeddable":true,"href":"https:\/\/www.focoinduction.com\/tr\/wp-json\/wp\/v2\/media\/4687"}],"wp:attachment":[{"href":"https:\/\/www.focoinduction.com\/tr\/wp-json\/wp\/v2\/media?parent=6419"}],"curies":[{"name":"wp","href":"https:\/\/api.w.org\/{rel}","templated":true}]}}