{"id":6452,"date":"2022-10-01T13:55:33","date_gmt":"2022-10-01T05:55:33","guid":{"rendered":"https:\/\/www.focoinduction.com\/induksiyonla-sert-lehimleme-nedir\/"},"modified":"2023-05-16T09:28:29","modified_gmt":"2023-05-16T01:28:29","slug":"induksiyonla-sert-lehimleme-nedir","status":"publish","type":"page","link":"https:\/\/www.focoinduction.com\/tr\/induksiyonla-isitma-hakkinda-yalin\/induksiyonla-sert-lehimleme-nedir\/","title":{"rendered":"\u0130nd\u00fcksiyonla Sert Lehimleme Nedir"},"content":{"rendered":"<p><div class=\"fusion-fullwidth fullwidth-box fusion-builder-row-1 fusion-flex-container has-pattern-background has-mask-background nonhundred-percent-fullwidth non-hundred-percent-height-scrolling\" style=\"--awb-border-radius-top-left:0px;--awb-border-radius-top-right:0px;--awb-border-radius-bottom-right:0px;--awb-border-radius-bottom-left:0px;--awb-flex-wrap:wrap;\" ><div class=\"fusion-builder-row fusion-row fusion-flex-align-items-flex-start fusion-flex-content-wrap\" style=\"max-width:1248px;margin-left: calc(-4% \/ 2 );margin-right: calc(-4% \/ 2 );\"><div class=\"fusion-layout-column fusion_builder_column fusion-builder-column-0 fusion_builder_column_1_1 1_1 fusion-flex-column\" style=\"--awb-bg-size:cover;--awb-width-large:100%;--awb-margin-top-large:0px;--awb-spacing-right-large:1.92%;--awb-margin-bottom-large:20px;--awb-spacing-left-large:1.92%;--awb-width-medium:100%;--awb-order-medium:0;--awb-spacing-right-medium:1.92%;--awb-spacing-left-medium:1.92%;--awb-width-small:100%;--awb-order-small:0;--awb-spacing-right-small:1.92%;--awb-spacing-left-small:1.92%;\"><div class=\"fusion-column-wrapper fusion-column-has-shadow fusion-flex-justify-content-flex-start fusion-content-layout-column\"><div class=\"fusion-text fusion-text-1\"><p>Tekrarlanabilir bir proses olu\u015fturman\u0131n basitli\u011fi, ind\u00fcksiyonla sert lehimlemeyi seri, y\u00fcksek hacimli \u00fcretim prosesleri i\u00e7in m\u00fckemmel hale getirir. G\u00fcn\u00fcm\u00fczde, yaln\u0131zca f\u00fczyon noktas\u0131n\u0131 ve f\u00fczyon ala\u015f\u0131m\u0131n\u0131 \u0131s\u0131tan hassas bir proses olan ind\u00fcksiyon lehimleme, \u00f6zellikle at\u00f6lyeniz b\u00fcy\u00fck hacimli \u00fcretim yap\u0131yorsa ve baz\u0131 otomasyonlar i\u00e7eriyorsa, daha h\u0131zl\u0131, daha g\u00fcvenli ve daha etkili bir tekniktir.<\/p>\n<\/div><\/div><\/div><div class=\"fusion-layout-column fusion_builder_column fusion-builder-column-1 fusion_builder_column_1_1 1_1 fusion-flex-column\" style=\"--awb-bg-size:cover;--awb-width-large:100%;--awb-margin-top-large:0px;--awb-spacing-right-large:1.92%;--awb-margin-bottom-large:20px;--awb-spacing-left-large:1.92%;--awb-width-medium:100%;--awb-order-medium:0;--awb-spacing-right-medium:1.92%;--awb-spacing-left-medium:1.92%;--awb-width-small:100%;--awb-order-small:0;--awb-spacing-right-small:1.92%;--awb-spacing-left-small:1.92%;\"><div class=\"fusion-column-wrapper fusion-column-has-shadow fusion-flex-justify-content-flex-start fusion-content-layout-column\"><div class=\"fusion-text fusion-text-2\"><h2>\u0130nd\u00fcksiyonla Sert Lehimleme Nas\u0131l \u00c7al\u0131\u015f\u0131r?<\/h2>\n<p>Sert lehimleme, ana malzemeleri eritmeden birbirine yak\u0131n iki metal par\u00e7as\u0131n\u0131 birbirine ba\u011flamak i\u00e7in dolgu metalleri (tipik olarak ak\u0131 ad\u0131 verilen oksitlenmeyi \u00f6nleyici bir \u00e7\u00f6z\u00fcc\u00fc) kullanarak malzemeleri birle\u015ftirme i\u015flemidir. G\u00fcn\u00fcm\u00fczde, yaln\u0131zca f\u00fczyon noktas\u0131n\u0131 \u0131s\u0131tan hassas bir proses olan ind\u00fcksiyon lehimleme daha h\u0131zl\u0131, daha g\u00fcvenli ve daha etkili bir tekniktir &#8211; \u00f6zellikle de at\u00f6lyeniz y\u00fcksek hacimli \u00fcretim yap\u0131yorsa ve bir dereceye kadar otomasyon i\u00e7eriyorsa.<\/p>\n<\/div><\/div><\/div><\/div><\/div><div class=\"fusion-fullwidth fullwidth-box fusion-builder-row-2 fusion-flex-container has-pattern-background has-mask-background nonhundred-percent-fullwidth non-hundred-percent-height-scrolling\" style=\"--awb-border-radius-top-left:0px;--awb-border-radius-top-right:0px;--awb-border-radius-bottom-right:0px;--awb-border-radius-bottom-left:0px;--awb-flex-wrap:wrap;\" ><div class=\"fusion-builder-row fusion-row fusion-flex-align-items-flex-start fusion-flex-content-wrap\" style=\"max-width:1248px;margin-left: calc(-4% \/ 2 );margin-right: calc(-4% \/ 2 );\"><div class=\"fusion-layout-column fusion_builder_column fusion-builder-column-2 fusion_builder_column_1_1 1_1 fusion-flex-column\" style=\"--awb-bg-size:cover;--awb-width-large:100%;--awb-margin-top-large:0px;--awb-spacing-right-large:1.92%;--awb-margin-bottom-large:20px;--awb-spacing-left-large:1.92%;--awb-width-medium:100%;--awb-order-medium:0;--awb-spacing-right-medium:1.92%;--awb-spacing-left-medium:1.92%;--awb-width-small:100%;--awb-order-small:0;--awb-spacing-right-small:1.92%;--awb-spacing-left-small:1.92%;\"><div class=\"fusion-column-wrapper fusion-column-has-shadow fusion-flex-justify-content-flex-start fusion-content-layout-column\"><div class=\"fusion-text fusion-text-3\"><h2>Avantajlar<\/h2>\n<ul>\n<li>Geleneksel tor\u00e7 yerine ind\u00fcksiyonlu sert lehim kullanmak birle\u015ftirme kalitesini art\u0131rabilir ve par\u00e7a ba\u015f\u0131na gereken s\u00fcreyi azaltabilir.<\/li>\n<li>Tekrarlanabilir bir proses olu\u015fturman\u0131n basitli\u011fi, ind\u00fcksiyonla sert lehimlemeyi seri, y\u00fcksek hacimli \u00fcretim prosesleri i\u00e7in ideal hale getirir.<\/li>\n<li>D\u00fc\u015f\u00fck s\u0131cakl\u0131kl\u0131 al\u00fcminyum lehimleme malzemelerinin son geli\u015fmeleri, b\u00fcy\u00fck hacimli al\u00fcminyum montaj\u0131 i\u00e7in alev ve f\u0131r\u0131n \u0131s\u0131tmas\u0131n\u0131n yerini ba\u015far\u0131yla alm\u0131\u015ft\u0131r. \u0130nd\u00fcksiyonla sert lehimleme, \u00f6zellikle h\u0131zl\u0131 so\u011futma d\u00f6ng\u00fcleri kullan\u0131yorsan\u0131z, oksidasyon ve pahal\u0131 temizleme ihtiyac\u0131n\u0131 azalt\u0131r.<\/li>\n<li>\u0130nd\u00fcksiyon \u0131s\u0131 d\u00f6ng\u00fcleri alevle sert lehimlemeye g\u00f6re \u00e7ok daha k\u0131sa oldu\u011fundan, daha fazla par\u00e7a daha h\u0131zl\u0131 i\u015flenebilir ve \u00e7evreye daha az \u0131s\u0131 yay\u0131l\u0131r. Sonu\u00e7 olarak, ind\u00fcksiyonla sert lehimleme makineleri, alevle \u0131s\u0131tma teknolojileri kullan\u0131larak yap\u0131lanlara g\u00f6re daha d\u00fc\u015f\u00fck oksidasyon ve temizleme gereksinimleri ile y\u00fcksek kaliteli, hava ve su ge\u00e7irmez ba\u011flant\u0131lar \u00fcretir.<\/li>\n<li>\u0130nd\u00fcksiyonla sert lehimleme sadece birle\u015ftirici aray\u00fcz\u00fcn\u00fcn \u0131s\u0131t\u0131lmas\u0131n\u0131 gerektirir, bu da sert lehim ala\u015f\u0131mlar\u0131n\u0131n akmas\u0131na ve k\u0131lcal damarlar\u0131n birle\u015ftirici aray\u00fcz\u00fcne girmesine izin verir.<\/li>\n<li>\u0130nd\u00fcksiyonla sert lehimleme cihaz\u0131nda kullan\u0131c\u0131, sert lehim ala\u015f\u0131m\u0131n\u0131n do\u011fru \u015fekilde akmas\u0131 ve birle\u015ftirilen par\u00e7alar\u0131n a\u015f\u0131r\u0131 \u0131s\u0131nmamas\u0131 i\u00e7in s\u0131cakl\u0131\u011f\u0131 h\u0131zla y\u00fckseltip ard\u0131ndan \u0131s\u0131y\u0131 d\u00fc\u015f\u00fcrmesini sa\u011flayacak \u00e7ok ad\u0131ml\u0131 \u0131s\u0131tma rampas\u0131 d\u00f6ng\u00fcleri ayarlayabilir.<\/li>\n<\/ul>\n<\/div><\/div><\/div><\/div><\/div><div class=\"fusion-fullwidth fullwidth-box fusion-builder-row-3 fusion-flex-container has-pattern-background has-mask-background nonhundred-percent-fullwidth non-hundred-percent-height-scrolling\" style=\"--awb-border-radius-top-left:0px;--awb-border-radius-top-right:0px;--awb-border-radius-bottom-right:0px;--awb-border-radius-bottom-left:0px;--awb-flex-wrap:wrap;\" ><div class=\"fusion-builder-row fusion-row fusion-flex-align-items-flex-start fusion-flex-content-wrap\" style=\"max-width:1248px;margin-left: calc(-4% \/ 2 );margin-right: calc(-4% \/ 2 );\"><div class=\"fusion-layout-column fusion_builder_column fusion-builder-column-3 fusion_builder_column_1_1 1_1 fusion-flex-column\" style=\"--awb-bg-size:cover;--awb-width-large:100%;--awb-margin-top-large:0px;--awb-spacing-right-large:1.92%;--awb-margin-bottom-large:20px;--awb-spacing-left-large:1.92%;--awb-width-medium:100%;--awb-order-medium:0;--awb-spacing-right-medium:1.92%;--awb-spacing-left-medium:1.92%;--awb-width-small:100%;--awb-order-small:0;--awb-spacing-right-small:1.92%;--awb-spacing-left-small:1.92%;\"><div class=\"fusion-column-wrapper fusion-column-has-shadow fusion-flex-justify-content-flex-start fusion-content-layout-column\"><div class=\"fusion-text fusion-text-4\"><h2>Par\u00e7a Montaj\u0131<\/h2>\n<p>Do\u011fru \u015fekilde kurulan bir ind\u00fcksiyonlu lehimleme sistemi, bozulmalar\u0131 azaltmak ve genel prosesi optimize etmek i\u00e7in \u0131s\u0131y\u0131 belirli, lokalize bir yere verecektir.<\/p>\n<p>\u0130nd\u00fcksiyonla sert lehimleme, par\u00e7a montaj proseslerini otomatikle\u015ftirmeyi kolayla\u015ft\u0131rarak operat\u00f6r\u00fcn ellerini serbest b\u0131rak\u0131r ve ayn\u0131 zamanda ekipman\u0131n\u0131z\u0131n \u00f6mr\u00fcn\u00fc uzat\u0131r.<\/p>\n<\/div><\/div><\/div><\/div><\/div><div class=\"fusion-fullwidth fullwidth-box fusion-builder-row-4 fusion-flex-container has-pattern-background has-mask-background nonhundred-percent-fullwidth non-hundred-percent-height-scrolling\" style=\"--awb-border-radius-top-left:0px;--awb-border-radius-top-right:0px;--awb-border-radius-bottom-right:0px;--awb-border-radius-bottom-left:0px;--awb-flex-wrap:wrap;\" ><div class=\"fusion-builder-row fusion-row fusion-flex-align-items-flex-start fusion-flex-content-wrap\" style=\"max-width:1248px;margin-left: calc(-4% \/ 2 );margin-right: calc(-4% \/ 2 );\"><div class=\"fusion-layout-column fusion_builder_column fusion-builder-column-4 fusion_builder_column_1_1 1_1 fusion-flex-column\" style=\"--awb-bg-size:cover;--awb-width-large:100%;--awb-margin-top-large:0px;--awb-spacing-right-large:1.92%;--awb-margin-bottom-large:20px;--awb-spacing-left-large:1.92%;--awb-width-medium:100%;--awb-order-medium:0;--awb-spacing-right-medium:1.92%;--awb-spacing-left-medium:1.92%;--awb-width-small:100%;--awb-order-small:0;--awb-spacing-right-small:1.92%;--awb-spacing-left-small:1.92%;\"><div class=\"fusion-column-wrapper fusion-column-has-shadow fusion-flex-justify-content-flex-start fusion-content-layout-column\"><div class=\"fusion-text fusion-text-5\"><h2>\u0130nd\u00fcksiyonla Lehimlenebilen Metaller<\/h2>\n<p>\u0130\u015flem s\u0131ras\u0131nda kullan\u0131lan dolgu maddesinin \u0131s\u0131s\u0131 ve metalinin dikkatlice kontrol edilmesi ko\u015fuluyla neredeyse t\u00fcm metaller lehimlenebilirken, baz\u0131 metaller lehimleme i\u015flemi s\u0131ras\u0131nda daha fazla \u00f6zen ve hassasiyet gerektirir. \u0130nd\u00fcksiyonla sert lehimleme yine de par\u00e7alar\u0131n\u0131z\u0131 bir arada tutan m\u00fckemmel bir ba\u011f olu\u015fturacakt\u0131r.<\/p>\n<p>\u0130nd\u00fcksiyonla sert lehimleme i\u00e7in uygun bir\u00e7ok metal vard\u0131r.<\/p>\n<ul>\n<li>Platin, g\u00fcm\u00fc\u015f ve alt\u0131n gibi metallerle \u00e7al\u0131\u015fmak pahal\u0131d\u0131r ve bu de\u011ferli metalleri lehimlerken do\u011fruluk \u015fartt\u0131r.<\/li>\n<li>Bak\u0131r ve ala\u015f\u0131mlar\u0131, \u00fcst\u00fcn elektriksel ve termal iletkenlik \u00f6zellikleri nedeniyle yayg\u0131n olarak kullan\u0131lmaktad\u0131r. Korozyon direnci, mukavemet ve yorulma performanslar\u0131 m\u00fckemmeldir. Kolayl\u0131kla lehimlenebilir ve lehimlenebilirler ve bir\u00e7ok bak\u0131r ve bak\u0131r ala\u015f\u0131m\u0131 gazlar, arklar ve diren\u00e7 y\u00f6ntemleri kullan\u0131larak lehimlenebilir.<\/li>\n<li>Pirin\u00e7, al\u00fcminyum, demir, \u00e7elik ve paslanmaz \u00e7elik de sert lehimleme i\u00e7in pop\u00fcler metallerdir.<\/li>\n<li>Tungsten, alt\u0131n ve g\u00fcm\u00fc\u015f\u00fcn toplam\u0131ndan daha g\u00fc\u00e7l\u00fcd\u00fcr ve m\u00fckemmel bir sert lehim s\u0131zd\u0131rmazl\u0131\u011f\u0131 olu\u015fturur.<\/li>\n<li>Pahal\u0131 bir sert lehim metali olan krom, <a href=\"https:\/\/www.focoinduction.com\/tr\/otomotiv-endustrisinde-induksiyonla-isitma\/\" target=\"_blank\" rel=\"noopener\">otomotiv end\u00fcstrisinde<\/a> kullan\u0131lmaktad\u0131r.<\/li>\n<li>Nikel ve nikel ala\u015f\u0131mlar\u0131 da m\u00fckemmel sert lehim malzemeleridir ve genellikle kimya, n\u00fckleer ve havac\u0131l\u0131k end\u00fcstrilerinde kullan\u0131l\u0131rlar.<\/li>\n<\/ul>\n<\/div><\/div><\/div><div class=\"fusion-layout-column fusion_builder_column fusion-builder-column-5 fusion_builder_column_1_1 1_1 fusion-flex-column\" style=\"--awb-bg-size:cover;--awb-width-large:100%;--awb-margin-top-large:0px;--awb-spacing-right-large:1.92%;--awb-margin-bottom-large:20px;--awb-spacing-left-large:1.92%;--awb-width-medium:100%;--awb-order-medium:0;--awb-spacing-right-medium:1.92%;--awb-spacing-left-medium:1.92%;--awb-width-small:100%;--awb-order-small:0;--awb-spacing-right-small:1.92%;--awb-spacing-left-small:1.92%;\"><div class=\"fusion-column-wrapper fusion-column-has-shadow fusion-flex-justify-content-flex-start fusion-content-layout-column\"><div class=\"fusion-text fusion-text-6\" style=\"--awb-text-transform:capitalize;\"><p><a href=\"https:\/\/www.focoinduction.com\/tr\/uygulamalar\/induksiyonla-sert-lehimleme\/\" target=\"_blank\" rel=\"noopener\"><em>\u0130nd\u00fcksiyonla sert lehimleme projemize bak\u0131n.<\/em><\/a><\/p>\n<\/div><\/div><\/div><\/div><\/div><\/p>\n","protected":false},"excerpt":{"rendered":"","protected":false},"author":1,"featured_media":4635,"parent":6680,"menu_order":0,"comment_status":"closed","ping_status":"closed","template":"","meta":{"footnotes":""},"class_list":["post-6452","page","type-page","status-publish","has-post-thumbnail","hentry"],"_links":{"self":[{"href":"https:\/\/www.focoinduction.com\/tr\/wp-json\/wp\/v2\/pages\/6452","targetHints":{"allow":["GET"]}}],"collection":[{"href":"https:\/\/www.focoinduction.com\/tr\/wp-json\/wp\/v2\/pages"}],"about":[{"href":"https:\/\/www.focoinduction.com\/tr\/wp-json\/wp\/v2\/types\/page"}],"author":[{"embeddable":true,"href":"https:\/\/www.focoinduction.com\/tr\/wp-json\/wp\/v2\/users\/1"}],"replies":[{"embeddable":true,"href":"https:\/\/www.focoinduction.com\/tr\/wp-json\/wp\/v2\/comments?post=6452"}],"version-history":[{"count":0,"href":"https:\/\/www.focoinduction.com\/tr\/wp-json\/wp\/v2\/pages\/6452\/revisions"}],"up":[{"embeddable":true,"href":"https:\/\/www.focoinduction.com\/tr\/wp-json\/wp\/v2\/pages\/6680"}],"wp:featuredmedia":[{"embeddable":true,"href":"https:\/\/www.focoinduction.com\/tr\/wp-json\/wp\/v2\/media\/4635"}],"wp:attachment":[{"href":"https:\/\/www.focoinduction.com\/tr\/wp-json\/wp\/v2\/media?parent=6452"}],"curies":[{"name":"wp","href":"https:\/\/api.w.org\/{rel}","templated":true}]}}