{"id":6473,"date":"2022-10-08T10:29:44","date_gmt":"2022-10-08T02:29:44","guid":{"rendered":"https:\/\/www.focoinduction.com\/induksiyonla-isitma-nedir\/"},"modified":"2022-10-08T10:29:44","modified_gmt":"2022-10-08T02:29:44","slug":"induksiyonla-isitma-nedir","status":"publish","type":"page","link":"https:\/\/www.focoinduction.com\/tr\/induksiyonla-isitma-hakkinda-yalin\/induksiyonla-isitma-nedir\/","title":{"rendered":"\u0130nd\u00fcksiyonla Is\u0131tma Nedir"},"content":{"rendered":"","protected":false},"excerpt":{"rendered":"","protected":false},"author":1,"featured_media":4667,"parent":6680,"menu_order":0,"comment_status":"closed","ping_status":"closed","template":"","meta":{"footnotes":""},"class_list":["post-6473","page","type-page","status-publish","has-post-thumbnail","hentry"],"_links":{"self":[{"href":"https:\/\/www.focoinduction.com\/tr\/wp-json\/wp\/v2\/pages\/6473","targetHints":{"allow":["GET"]}}],"collection":[{"href":"https:\/\/www.focoinduction.com\/tr\/wp-json\/wp\/v2\/pages"}],"about":[{"href":"https:\/\/www.focoinduction.com\/tr\/wp-json\/wp\/v2\/types\/page"}],"author":[{"embeddable":true,"href":"https:\/\/www.focoinduction.com\/tr\/wp-json\/wp\/v2\/users\/1"}],"replies":[{"embeddable":true,"href":"https:\/\/www.focoinduction.com\/tr\/wp-json\/wp\/v2\/comments?post=6473"}],"version-history":[{"count":0,"href":"https:\/\/www.focoinduction.com\/tr\/wp-json\/wp\/v2\/pages\/6473\/revisions"}],"up":[{"embeddable":true,"href":"https:\/\/www.focoinduction.com\/tr\/wp-json\/wp\/v2\/pages\/6680"}],"wp:featuredmedia":[{"embeddable":true,"href":"https:\/\/www.focoinduction.com\/tr\/wp-json\/wp\/v2\/media\/4667"}],"wp:attachment":[{"href":"https:\/\/www.focoinduction.com\/tr\/wp-json\/wp\/v2\/media?parent=6473"}],"curies":[{"name":"wp","href":"https:\/\/api.w.org\/{rel}","templated":true}]}}