{"id":6504,"date":"2022-10-02T10:50:38","date_gmt":"2022-10-02T02:50:38","guid":{"rendered":"https:\/\/www.focoinduction.com\/induksiyonla-tavlama-nedir\/"},"modified":"2023-05-16T09:28:26","modified_gmt":"2023-05-16T01:28:26","slug":"induksiyonla-tavlama-nedir","status":"publish","type":"page","link":"https:\/\/www.focoinduction.com\/tr\/induksiyonla-isitma-hakkinda-yalin\/induksiyonla-tavlama-nedir\/","title":{"rendered":"\u0130nd\u00fcksiyonla Tavlama Nedir"},"content":{"rendered":"<div class=\"fusion-fullwidth fullwidth-box fusion-builder-row-1 fusion-flex-container has-pattern-background has-mask-background nonhundred-percent-fullwidth non-hundred-percent-height-scrolling\" style=\"--awb-border-radius-top-left:0px;--awb-border-radius-top-right:0px;--awb-border-radius-bottom-right:0px;--awb-border-radius-bottom-left:0px;--awb-flex-wrap:wrap;\" ><div class=\"fusion-builder-row fusion-row fusion-flex-align-items-flex-start fusion-flex-content-wrap\" style=\"max-width:1248px;margin-left: calc(-4% \/ 2 );margin-right: calc(-4% \/ 2 );\"><div class=\"fusion-layout-column fusion_builder_column fusion-builder-column-0 fusion_builder_column_1_1 1_1 fusion-flex-column\" style=\"--awb-bg-size:cover;--awb-width-large:100%;--awb-margin-top-large:0px;--awb-spacing-right-large:1.92%;--awb-margin-bottom-large:20px;--awb-spacing-left-large:1.92%;--awb-width-medium:100%;--awb-order-medium:0;--awb-spacing-right-medium:1.92%;--awb-spacing-left-medium:1.92%;--awb-width-small:100%;--awb-order-small:0;--awb-spacing-right-small:1.92%;--awb-spacing-left-small:1.92%;\"><div class=\"fusion-column-wrapper fusion-column-has-shadow fusion-flex-justify-content-flex-start fusion-content-layout-column\"><div class=\"fusion-text fusion-text-1\"><p>Tavlama, bir metalde i\u015f s\u00fcre\u00e7leri s\u0131ras\u0131nda olu\u015fabilecek gerilimleri ve gerilmeleri ortadan kald\u0131rarak par\u00e7an\u0131n \u00e7al\u0131\u015fma \u00f6mr\u00fc boyunca e\u011filmesini veya \u00e7atlamas\u0131n\u0131 \u00f6nler. Proses g\u00fcvenilirli\u011fi ve tekrarlanabilirlik, bir metal par\u00e7adaki gerilimi azaltmak ve safs\u0131zl\u0131klar\u0131 gidermek i\u00e7in ind\u00fcksiyon tavlamas\u0131n\u0131n kullan\u0131lmas\u0131n\u0131n iki b\u00fcy\u00fck nedenidir.<\/p>\n<\/div><\/div><\/div><div class=\"fusion-layout-column fusion_builder_column fusion-builder-column-1 fusion_builder_column_1_1 1_1 fusion-flex-column\" style=\"--awb-bg-size:cover;--awb-width-large:100%;--awb-margin-top-large:0px;--awb-spacing-right-large:1.92%;--awb-margin-bottom-large:20px;--awb-spacing-left-large:1.92%;--awb-width-medium:100%;--awb-order-medium:0;--awb-spacing-right-medium:1.92%;--awb-spacing-left-medium:1.92%;--awb-width-small:100%;--awb-order-small:0;--awb-spacing-right-small:1.92%;--awb-spacing-left-small:1.92%;\"><div class=\"fusion-column-wrapper fusion-column-has-shadow fusion-flex-justify-content-flex-start fusion-content-layout-column\"><div class=\"fusion-text fusion-text-2\"><h2>\u0130nd\u00fcksiyonla Tavlama S\u00fcreci<\/h2>\n<p>Tavlama i\u015flemi \u00fc\u00e7 a\u015famadan olu\u015fur.<\/p>\n<ol>\n<li>\u0130yile\u015fme A\u015famas\u0131<\/li>\n<li>Yeniden Kristalle\u015fme A\u015famas\u0131<\/li>\n<li>Tane b\u00fcy\u00fcme a\u015famas\u0131<\/li>\n<\/ol>\n<p>Geri kazan\u0131m a\u015famas\u0131nda, malzeme s\u0131cakl\u0131\u011fa kadar \u0131s\u0131t\u0131larak malzemenin i\u00e7sel sertli\u011fi geri kazan\u0131l\u0131r. Daha sonra, yeniden kristalle\u015fme a\u015famas\u0131, s\u0131cakl\u0131\u011f\u0131n yeni tanelerin olu\u015fumuna izin verecek kadar uzun tutuldu\u011fu a\u015famad\u0131r. Son olarak, tane b\u00fcy\u00fctme a\u015famas\u0131, yeni tanelerin olu\u015fmas\u0131 i\u00e7in zaman tan\u0131mak amac\u0131yla malzemenin yava\u015f\u00e7a so\u011futuldu\u011fu a\u015famad\u0131r. Malzemenin so\u011fumaya b\u0131rak\u0131lma oran\u0131, tanelerin ne kadar h\u0131zl\u0131 b\u00fcy\u00fcyece\u011fini belirler.<\/p>\n<p>\u0130nd\u00fcksiyonla tavlama genellikle kontroll\u00fc bir atmosfer olmadan ger\u00e7ekle\u015ftirilir \u00e7\u00fcnk\u00fc ind\u00fcksiyon \u0131s\u0131s\u0131 tipik olarak sadece saniyeler gerektirir ve bir par\u00e7an\u0131n tavlanmas\u0131 oksit olu\u015fmadan \u00f6nce yap\u0131l\u0131r.<\/p>\n<\/div><\/div><\/div><div class=\"fusion-layout-column fusion_builder_column fusion-builder-column-2 fusion_builder_column_1_1 1_1 fusion-flex-column\" style=\"--awb-bg-size:cover;--awb-width-large:100%;--awb-margin-top-large:0px;--awb-spacing-right-large:1.92%;--awb-margin-bottom-large:20px;--awb-spacing-left-large:1.92%;--awb-width-medium:100%;--awb-order-medium:0;--awb-spacing-right-medium:1.92%;--awb-spacing-left-medium:1.92%;--awb-width-small:100%;--awb-order-small:0;--awb-spacing-right-small:1.92%;--awb-spacing-left-small:1.92%;\"><div class=\"fusion-column-wrapper fusion-column-has-shadow fusion-flex-justify-content-flex-start fusion-content-layout-column\"><div class=\"fusion-text fusion-text-3\"><h2>End\u00fcstride Kullan\u0131m<\/h2>\n<p>\u0130nd\u00fcksiyonla tavlama, farkl\u0131 \u00fcretim senaryolar\u0131nda metallerin malzeme \u00f6zelliklerini kontrol etmek i\u00e7in kullan\u0131labilir. \u0130nd\u00fcksiyon tavlama i\u015flemi, bir par\u00e7an\u0131n i\u00e7indeki metallerin <a href=\"https:\/\/www.focoinduction.com\/what-is-the-hardness-of-the-induction-hardened-steel-parts\/\" target=\"_blank\" rel=\"noopener\">sertlik<\/a>, sertlik ve i\u00e7indeki gerilim dahil olmak \u00fczere malzeme \u00f6zellikleri \u00fczerinde do\u011fru ve g\u00fcvenilir kontrol sa\u011flar. Geleneksel y\u00f6ntemlerin aksine, ind\u00fcksiyonla tavlama, alternatif elektromanyetik alanlar kullanarak do\u011frudan bir i\u015f par\u00e7as\u0131n\u0131n i\u00e7inde \u0131s\u0131 \u00fcretir.<\/p>\n<p>Par\u00e7alar\u0131 s\u00fcrekli hareket eden bir hat \u00fczerinde h\u0131zl\u0131 bir \u015fekilde tavlamak i\u00e7in ind\u00fcksiyon kullanabilirsiniz. Kovan gibi tek par\u00e7alar \u00fczerinde veya tel veya boru \u00e7ekmek i\u00e7in freze makinesiyle ayn\u0131 hizada yap\u0131labilir. F\u0131r\u0131nlar\u0131n neden oldu\u011fu bir darbo\u011faz\u0131n \u00fcretim hatt\u0131ndan kald\u0131r\u0131lmas\u0131, \u00fcreticilere hat h\u0131zlar\u0131n\u0131 kontrol etme ve s\u00fcrecin di\u011fer a\u015famalar\u0131ndaki bo\u015fta kalma s\u00fcrelerini azaltma konusunda daha fazla esneklik sa\u011flar.<\/p>\n<p>Tel ve kablo end\u00fcstrisi, d\u00f6v\u00fclebilirli\u011fi ve elektrik iletkenli\u011fini iyile\u015ftirmek amac\u0131yla tavlama ad\u0131m\u0131 aras\u0131nda ve sonras\u0131nda teli tavlamak i\u00e7in tipik olarak ind\u00fcksiyon tavlama cihazlar\u0131 kullan\u0131r.<\/p>\n<p>Modern y\u00fcksek h\u0131zl\u0131 makaralama ve haddeleme hatlar\u0131nda tam da evinde gibidir. Boru \u00fcretimi tipik olarak ya \u015fekillendirme s\u0131ras\u0131nda ya da \u015fekillendirme veya boyama sonras\u0131nda tavlama gerektirir. Hem diki\u015fli hem de <a href=\"https:\/\/www.focoinduction.com\/what-are-the-benefits-of-induction-annealing-of-steel-pipe-welds\/\" target=\"_blank\" rel=\"noopener\">diki\u015fsiz boru ve t\u00fcpler<\/a>, \u00fcr\u00fcnlerin istenen \u00fcniform ve metal \u00f6zelliklere sahip olmas\u0131n\u0131 sa\u011flamak i\u00e7in <a href=\"https:\/\/www.focoinduction.com\/what-are-the-benefits-of-induction-annealing-of-steel-pipe-welds\/\" target=\"_blank\" rel=\"noopener\">tavlama i\u015flemine ihtiya\u00e7 duyabilir<\/a>.<\/p>\n<\/div><div class=\"fusion-text fusion-text-4\"><p><a href=\"https:\/\/www.focoinduction.com\/tr\/induksiyonla-tavlama\/\" target=\"_blank\" rel=\"noopener\"><em>\u0130nd\u00fcksiyonla Tavlama Projelerimize Bak\u0131n.<\/em><\/a><\/p>\n<\/div><\/div><\/div><div class=\"fusion-layout-column fusion_builder_column fusion-builder-column-3 fusion_builder_column_1_1 1_1 fusion-flex-column\" style=\"--awb-bg-size:cover;--awb-width-large:100%;--awb-margin-top-large:0px;--awb-spacing-right-large:1.92%;--awb-margin-bottom-large:20px;--awb-spacing-left-large:1.92%;--awb-width-medium:100%;--awb-order-medium:0;--awb-spacing-right-medium:1.92%;--awb-spacing-left-medium:1.92%;--awb-width-small:100%;--awb-order-small:0;--awb-spacing-right-small:1.92%;--awb-spacing-left-small:1.92%;\"><div class=\"fusion-column-wrapper fusion-column-has-shadow fusion-flex-justify-content-flex-start fusion-content-layout-column\"><div class=\"fusion-text fusion-text-5\"><h2>\u0130nd\u00fcksiyonla Tavlaman\u0131n Faydalar\u0131<\/h2>\n<p>\u00d6ncelikle daha yumu\u015fak, gerilim giderici malzemelerle tavlama i\u00e7in kullan\u0131lmas\u0131na ra\u011fmen, ind\u00fcksiyon geleneksel y\u00f6ntemlere g\u00f6re m\u00fckemmel <a href=\"https:\/\/www.focoinduction.com\/what-are-the-benefits-of-induction-annealing\/\" target=\"_blank\" rel=\"noopener\">avantajlar<\/a> sunar.<\/p>\n<p>\u0130nd\u00fcksiyonla \u0131s\u0131tma, alev bazl\u0131 ve f\u0131r\u0131n bazl\u0131 \u0131s\u0131tma tekniklerine g\u00f6re daha az enerji kullan\u0131r. Yine de, hassas bir \u015fekilde kontrol edilen s\u0131cakl\u0131klar \u00fcretir ve kabu\u011fun uzunlu\u011fu boyunca \u0131s\u0131y\u0131 do\u011fru bir \u015fekilde de\u011fi\u015ftirebilir.<\/p>\n<p>\u0130nd\u00fcksiyonla \u0131s\u0131tma, her \u00f6rne\u011fin kaliteli tavlanmas\u0131n\u0131 garanti eder ve toplu tavlama i\u015flemlerinde yayg\u0131n olan varyasyonlar\u0131 ve hasar\u0131 azalt\u0131r.<\/p>\n<\/div><\/div><\/div><\/div><\/div>\n","protected":false},"excerpt":{"rendered":"","protected":false},"author":1,"featured_media":3903,"parent":6680,"menu_order":0,"comment_status":"closed","ping_status":"closed","template":"","meta":{"footnotes":""},"class_list":["post-6504","page","type-page","status-publish","has-post-thumbnail","hentry"],"_links":{"self":[{"href":"https:\/\/www.focoinduction.com\/tr\/wp-json\/wp\/v2\/pages\/6504","targetHints":{"allow":["GET"]}}],"collection":[{"href":"https:\/\/www.focoinduction.com\/tr\/wp-json\/wp\/v2\/pages"}],"about":[{"href":"https:\/\/www.focoinduction.com\/tr\/wp-json\/wp\/v2\/types\/page"}],"author":[{"embeddable":true,"href":"https:\/\/www.focoinduction.com\/tr\/wp-json\/wp\/v2\/users\/1"}],"replies":[{"embeddable":true,"href":"https:\/\/www.focoinduction.com\/tr\/wp-json\/wp\/v2\/comments?post=6504"}],"version-history":[{"count":0,"href":"https:\/\/www.focoinduction.com\/tr\/wp-json\/wp\/v2\/pages\/6504\/revisions"}],"up":[{"embeddable":true,"href":"https:\/\/www.focoinduction.com\/tr\/wp-json\/wp\/v2\/pages\/6680"}],"wp:featuredmedia":[{"embeddable":true,"href":"https:\/\/www.focoinduction.com\/tr\/wp-json\/wp\/v2\/media\/3903"}],"wp:attachment":[{"href":"https:\/\/www.focoinduction.com\/tr\/wp-json\/wp\/v2\/media?parent=6504"}],"curies":[{"name":"wp","href":"https:\/\/api.w.org\/{rel}","templated":true}]}}