{"id":6529,"date":"2022-10-08T16:52:36","date_gmt":"2022-10-08T08:52:36","guid":{"rendered":"https:\/\/www.focoinduction.com\/induksiyon-ekipmanlari-icin-sogutma-sistemi\/"},"modified":"2023-05-16T09:28:30","modified_gmt":"2023-05-16T01:28:30","slug":"induksiyon-ekipmanlari-icin-sogutma-sistemi","status":"publish","type":"page","link":"https:\/\/www.focoinduction.com\/tr\/induksiyonla-isitma-hakkinda-yalin\/induksiyon-ekipmanlari-icin-sogutma-sistemi\/","title":{"rendered":"\u0130nd\u00fcksiyon Ekipmanlar\u0131 i\u00e7in So\u011futma Sistemi"},"content":{"rendered":"<div class=\"fusion-fullwidth fullwidth-box fusion-builder-row-1 fusion-flex-container has-pattern-background has-mask-background nonhundred-percent-fullwidth non-hundred-percent-height-scrolling\" style=\"--awb-border-radius-top-left:0px;--awb-border-radius-top-right:0px;--awb-border-radius-bottom-right:0px;--awb-border-radius-bottom-left:0px;--awb-flex-wrap:wrap;\" ><div class=\"fusion-builder-row fusion-row fusion-flex-align-items-flex-start fusion-flex-content-wrap\" style=\"max-width:1248px;margin-left: calc(-4% \/ 2 );margin-right: calc(-4% \/ 2 );\"><div class=\"fusion-layout-column fusion_builder_column fusion-builder-column-0 fusion_builder_column_1_1 1_1 fusion-flex-column\" style=\"--awb-bg-size:cover;--awb-width-large:100%;--awb-margin-top-large:0px;--awb-spacing-right-large:1.92%;--awb-margin-bottom-large:20px;--awb-spacing-left-large:1.92%;--awb-width-medium:100%;--awb-order-medium:0;--awb-spacing-right-medium:1.92%;--awb-spacing-left-medium:1.92%;--awb-width-small:100%;--awb-order-small:0;--awb-spacing-right-small:1.92%;--awb-spacing-left-small:1.92%;\"><div class=\"fusion-column-wrapper fusion-column-has-shadow fusion-flex-justify-content-flex-start fusion-content-layout-column\"><div class=\"fusion-text fusion-text-1\"><p>\u0130nd\u00fcksiyonla \u0131s\u0131tma prosesi i\u00e7in so\u011futma sistemi se\u00e7iminde maliyet, mevcut alan, mevcut tesisler, g\u00fc\u00e7 ve su kullan\u0131m\u0131, ekipman konumu, donma potansiyeli, g\u00fcvenilirlik ve bak\u0131m dahil olmak \u00fczere bir\u00e7ok husus dikkate al\u0131n\u0131r.<\/p>\n<\/div><\/div><\/div><div class=\"fusion-layout-column fusion_builder_column fusion-builder-column-1 fusion_builder_column_1_1 1_1 fusion-flex-column\" style=\"--awb-bg-size:cover;--awb-width-large:100%;--awb-margin-top-large:0px;--awb-spacing-right-large:1.92%;--awb-margin-bottom-large:20px;--awb-spacing-left-large:1.92%;--awb-width-medium:100%;--awb-order-medium:0;--awb-spacing-right-medium:1.92%;--awb-spacing-left-medium:1.92%;--awb-width-small:100%;--awb-order-small:0;--awb-spacing-right-small:1.92%;--awb-spacing-left-small:1.92%;\"><div class=\"fusion-column-wrapper fusion-column-has-shadow fusion-flex-justify-content-flex-start fusion-content-layout-column\"><div class=\"fusion-text fusion-text-2\"><h2>So\u011futma Sistemleri T\u00fcrleri<\/h2>\n<p>\u0130nd\u00fcksiyonla so\u011futma i\u00e7in benzersiz bir kapal\u0131 devre so\u011futma sistemi gereklidir ve t\u00fcm bile\u015fenler demir i\u00e7ermeyen malzemelerden (paslanmaz \u00e7elik, plastik, PVC, bronz veya iletken olmayan bir boru) yap\u0131lm\u0131\u015ft\u0131r.<\/p>\n<p>Daha karma\u015f\u0131k sistemler iletkenli\u011fi izler ve suyu parlatmak i\u00e7in filtrasyon ve kar\u0131\u015f\u0131k yatakl\u0131 deiyonizerler i\u00e7erebilir. Daha k\u00fc\u00e7\u00fck pompal\u0131 makineler tipik olarak sudan suya plakal\u0131 bir \u0131s\u0131 e\u015fanj\u00f6r\u00fc ve servis noktas\u0131nda havay\u0131 so\u011futan bir so\u011futucu kullan\u0131r. Daha b\u00fcy\u00fck ind\u00fcksiyon so\u011futma kurulumlar\u0131 \u015funlar\u0131 i\u00e7erir:<\/p>\n<ul>\n<li>A\u00e7\u0131k hava buharla\u015ft\u0131r\u0131c\u0131 kuleler<\/li>\n<li>Hava so\u011futmal\u0131 \u0131s\u0131 e\u015fanj\u00f6rleri (kuru so\u011futucular)<\/li>\n<li>Kapal\u0131 devre so\u011futucular<\/li>\n<li>Daha az g\u00fc\u00e7 ve su kullan\u0131m\u0131 i\u00e7in serbest so\u011futuculu kapal\u0131 devre kule veya chiller\/serbest so\u011futucu kombinasyonu kullanan hibrit so\u011futma sistemleri<\/li>\n<\/ul>\n<\/div><\/div><\/div><div class=\"fusion-layout-column fusion_builder_column fusion-builder-column-2 fusion_builder_column_1_1 1_1 fusion-flex-column\" style=\"--awb-bg-size:cover;--awb-width-large:100%;--awb-margin-top-large:0px;--awb-spacing-right-large:1.92%;--awb-margin-bottom-large:20px;--awb-spacing-left-large:1.92%;--awb-width-medium:100%;--awb-order-medium:0;--awb-spacing-right-medium:1.92%;--awb-spacing-left-medium:1.92%;--awb-width-small:100%;--awb-order-small:0;--awb-spacing-right-small:1.92%;--awb-spacing-left-small:1.92%;\"><div class=\"fusion-column-wrapper fusion-column-has-shadow fusion-flex-justify-content-flex-start fusion-content-layout-column\"><div class=\"fusion-text fusion-text-3\"><h2>Ne \u00f6neriyoruz?<\/h2>\n<p>Alan gereksinimlerinize, end\u00fcstriyel ihtiya\u00e7lar\u0131n\u0131za ve b\u00fct\u00e7enize ba\u011fl\u0131 olarak \u00fc\u00e7 so\u011futma sisteminden birini \u00f6neriyoruz:<\/p>\n<\/div><\/div><\/div><div class=\"fusion-layout-column fusion_builder_column fusion-builder-column-3 fusion_builder_column_1_2 1_2 fusion-flex-column\" style=\"--awb-bg-size:cover;--awb-width-large:50%;--awb-margin-top-large:0px;--awb-spacing-right-large:3.84%;--awb-margin-bottom-large:20px;--awb-spacing-left-large:3.84%;--awb-width-medium:50%;--awb-order-medium:0;--awb-spacing-right-medium:3.84%;--awb-spacing-left-medium:3.84%;--awb-width-small:100%;--awb-order-small:0;--awb-spacing-right-small:1.92%;--awb-spacing-left-small:1.92%;\"><div class=\"fusion-column-wrapper fusion-column-has-shadow fusion-flex-justify-content-flex-start fusion-content-layout-column\"><div class=\"fusion-image-element \" style=\"--awb-caption-title-font-family:var(--h2_typography-font-family);--awb-caption-title-font-weight:var(--h2_typography-font-weight);--awb-caption-title-font-style:var(--h2_typography-font-style);--awb-caption-title-size:var(--h2_typography-font-size);--awb-caption-title-transform:var(--h2_typography-text-transform);--awb-caption-title-line-height:var(--h2_typography-line-height);--awb-caption-title-letter-spacing:var(--h2_typography-letter-spacing);\"><span class=\" fusion-imageframe imageframe-none imageframe-1 hover-type-none\"><img decoding=\"async\" width=\"400\" height=\"260\" alt=\"Basit Su So\u011futma Sistemi\" title=\"Simple Water Cooling System\" src=\"https:\/\/www.focoinduction.com\/wp-content\/uploads\/2022\/10\/Simple-Water-Cooling-System.jpg\" class=\"img-responsive wp-image-4699\" srcset=\"https:\/\/www.focoinduction.com\/wp-content\/uploads\/2022\/10\/Simple-Water-Cooling-System-200x130.jpg 200w, https:\/\/www.focoinduction.com\/wp-content\/uploads\/2022\/10\/Simple-Water-Cooling-System.jpg 400w\" sizes=\"(max-width: 768px) 100vw, 400px\" \/><\/span><\/div><\/div><\/div><div class=\"fusion-layout-column fusion_builder_column fusion-builder-column-4 fusion_builder_column_1_2 1_2 fusion-flex-column\" style=\"--awb-bg-size:cover;--awb-width-large:50%;--awb-margin-top-large:0px;--awb-spacing-right-large:3.84%;--awb-margin-bottom-large:20px;--awb-spacing-left-large:3.84%;--awb-width-medium:50%;--awb-order-medium:0;--awb-spacing-right-medium:3.84%;--awb-spacing-left-medium:3.84%;--awb-width-small:100%;--awb-order-small:0;--awb-spacing-right-small:1.92%;--awb-spacing-left-small:1.92%;\"><div class=\"fusion-column-wrapper fusion-column-has-shadow fusion-flex-justify-content-flex-start fusion-content-layout-column\"><div class=\"fusion-text fusion-text-4\"><ol>\n<li>Basit Su So\u011futma Sistemi<\/li>\n<\/ol>\n<p>\u0130nd\u00fcksiyonlu \u0131s\u0131tma i\u00e7in en basit su so\u011futma sistemi, suyu hareket ettirmek i\u00e7in bir pompaya sahip bir su tank\u0131d\u0131r. Kurulumu inan\u0131lmaz derecede kolayd\u0131r ve \u00e7ok k\u00fc\u00e7\u00fck bir yat\u0131r\u0131m maliyeti vard\u0131r. Bu, ind\u00fcksiyonlu \u0131s\u0131t\u0131c\u0131lar\u0131ndan yine de harika sonu\u00e7lar almak isteyen daha k\u00fc\u00e7\u00fck b\u00fct\u00e7eli m\u00fc\u015fteriler i\u00e7in m\u00fckemmeldir.<\/p>\n<\/div><\/div><\/div><div class=\"fusion-layout-column fusion_builder_column fusion-builder-column-5 fusion_builder_column_1_2 1_2 fusion-flex-column\" style=\"--awb-bg-size:cover;--awb-width-large:50%;--awb-margin-top-large:0px;--awb-spacing-right-large:3.84%;--awb-margin-bottom-large:20px;--awb-spacing-left-large:3.84%;--awb-width-medium:50%;--awb-order-medium:0;--awb-spacing-right-medium:3.84%;--awb-spacing-left-medium:3.84%;--awb-width-small:100%;--awb-order-small:0;--awb-spacing-right-small:1.92%;--awb-spacing-left-small:1.92%;\"><div class=\"fusion-column-wrapper fusion-column-has-shadow fusion-flex-justify-content-flex-start fusion-content-layout-column\"><div class=\"fusion-text fusion-text-5\"><ol start=\"2\">\n<li>Kapal\u0131 Su So\u011futma Kulesi.<\/li>\n<\/ol>\n<p>Kapal\u0131 su so\u011futma kulesi, sistemlerini d\u00fczg\u00fcn \u00e7al\u0131\u015facak kadar so\u011fuk tutarken ayak izlerini m\u00fcmk\u00fcn oldu\u011funca k\u00fc\u00e7\u00fck tutmak isteyen m\u00fc\u015fteriler i\u00e7in idealdir. Bir so\u011futucudan daha ucuzdur ama ayn\u0131 derecede iyi \u00e7al\u0131\u015f\u0131r. En \u00f6nemlisi, tank ve su pompas\u0131ndan olu\u015fan \u00f6nerilen su so\u011futma sisteminden \u00e7ok daha k\u00fc\u00e7\u00fck bir ayak izine sahiptir. Yeterli b\u00fct\u00e7eye sahip m\u00fc\u015fteriler i\u00e7in bu, daha pahal\u0131 olan bir chiller veya a\u00e7\u0131k d\u00f6ng\u00fc so\u011futma kulesi yerine se\u00e7ilebilir.<\/p>\n<\/div><\/div><\/div><div class=\"fusion-layout-column fusion_builder_column fusion-builder-column-6 fusion_builder_column_1_2 1_2 fusion-flex-column\" style=\"--awb-bg-size:cover;--awb-width-large:50%;--awb-margin-top-large:0px;--awb-spacing-right-large:3.84%;--awb-margin-bottom-large:20px;--awb-spacing-left-large:3.84%;--awb-width-medium:50%;--awb-order-medium:0;--awb-spacing-right-medium:3.84%;--awb-spacing-left-medium:3.84%;--awb-width-small:100%;--awb-order-small:0;--awb-spacing-right-small:1.92%;--awb-spacing-left-small:1.92%;\"><div class=\"fusion-column-wrapper fusion-column-has-shadow fusion-flex-justify-content-flex-start fusion-content-layout-column\"><div class=\"fusion-image-element \" style=\"--awb-caption-title-font-family:var(--h2_typography-font-family);--awb-caption-title-font-weight:var(--h2_typography-font-weight);--awb-caption-title-font-style:var(--h2_typography-font-style);--awb-caption-title-size:var(--h2_typography-font-size);--awb-caption-title-transform:var(--h2_typography-text-transform);--awb-caption-title-line-height:var(--h2_typography-line-height);--awb-caption-title-letter-spacing:var(--h2_typography-letter-spacing);\"><span class=\" fusion-imageframe imageframe-none imageframe-2 hover-type-none\"><img decoding=\"async\" width=\"400\" height=\"260\" alt=\"Kapal\u0131 Su So\u011futma Kulesi\" title=\"Closed Water Cooling Tower\" src=\"https:\/\/www.focoinduction.com\/wp-content\/uploads\/2022\/10\/Closed-Water-Cooling-Tower.jpg\" class=\"img-responsive wp-image-4703\" srcset=\"https:\/\/www.focoinduction.com\/wp-content\/uploads\/2022\/10\/Closed-Water-Cooling-Tower-200x130.jpg 200w, https:\/\/www.focoinduction.com\/wp-content\/uploads\/2022\/10\/Closed-Water-Cooling-Tower.jpg 400w\" sizes=\"(max-width: 768px) 100vw, 400px\" \/><\/span><\/div><\/div><\/div><div class=\"fusion-layout-column fusion_builder_column fusion-builder-column-7 fusion_builder_column_1_1 1_1 fusion-flex-column\" style=\"--awb-bg-size:cover;--awb-width-large:100%;--awb-margin-top-large:0px;--awb-spacing-right-large:1.92%;--awb-margin-bottom-large:20px;--awb-spacing-left-large:1.92%;--awb-width-medium:100%;--awb-order-medium:0;--awb-spacing-right-medium:1.92%;--awb-spacing-left-medium:1.92%;--awb-width-small:100%;--awb-order-small:0;--awb-spacing-right-small:1.92%;--awb-spacing-left-small:1.92%;\"><div class=\"fusion-column-wrapper fusion-column-has-shadow fusion-flex-justify-content-flex-start fusion-content-layout-column\"><div class=\"fusion-text fusion-text-6\"><p>So\u011futma ve i\u00e7 su aras\u0131ndaki \u0131s\u0131 transferine ince ayar yapabilirsiniz. \u00d6rne\u011fin, kapal\u0131 d\u00f6ng\u00fc bir sistemdeki so\u011futma s\u0131v\u0131s\u0131 s\u0131cakl\u0131\u011f\u0131, \u0131s\u0131 e\u015fanj\u00f6r\u00fcn\u00fcn tasarlanan havaya yak\u0131n s\u0131cakl\u0131\u011f\u0131 ve so\u011futma yapan s\u0131v\u0131n\u0131n maksimum so\u011futma giri\u015f s\u0131cakl\u0131\u011f\u0131 taraf\u0131ndan belirlenir. Daha sonra kar\u0131\u015f\u0131m \u0131s\u0131 e\u015fanj\u00f6r\u00fcne akar ve burada \u0131s\u0131 glikol\/su gibi ba\u015fka bir so\u011futma s\u0131v\u0131s\u0131na aktar\u0131l\u0131r.<\/p>\n<\/div><\/div><\/div><div class=\"fusion-layout-column fusion_builder_column fusion-builder-column-8 fusion_builder_column_1_2 1_2 fusion-flex-column\" style=\"--awb-bg-size:cover;--awb-width-large:50%;--awb-margin-top-large:0px;--awb-spacing-right-large:3.84%;--awb-margin-bottom-large:20px;--awb-spacing-left-large:3.84%;--awb-width-medium:50%;--awb-order-medium:0;--awb-spacing-right-medium:3.84%;--awb-spacing-left-medium:3.84%;--awb-width-small:100%;--awb-order-small:0;--awb-spacing-right-small:1.92%;--awb-spacing-left-small:1.92%;\"><div class=\"fusion-column-wrapper fusion-column-has-shadow fusion-flex-justify-content-flex-start fusion-content-layout-column\"><div class=\"fusion-image-element \" style=\"--awb-caption-title-font-family:var(--h2_typography-font-family);--awb-caption-title-font-weight:var(--h2_typography-font-weight);--awb-caption-title-font-style:var(--h2_typography-font-style);--awb-caption-title-size:var(--h2_typography-font-size);--awb-caption-title-transform:var(--h2_typography-text-transform);--awb-caption-title-line-height:var(--h2_typography-line-height);--awb-caption-title-letter-spacing:var(--h2_typography-letter-spacing);\"><span class=\" fusion-imageframe imageframe-none imageframe-3 hover-type-none\"><img decoding=\"async\" width=\"400\" height=\"260\" alt=\"End\u00fcstriyel So\u011futucu\" title=\"Industrial Chiller\" src=\"https:\/\/www.focoinduction.com\/wp-content\/uploads\/2022\/10\/Industrial-Chiller.jpg\" class=\"img-responsive wp-image-4707\" srcset=\"https:\/\/www.focoinduction.com\/wp-content\/uploads\/2022\/10\/Industrial-Chiller-200x130.jpg 200w, https:\/\/www.focoinduction.com\/wp-content\/uploads\/2022\/10\/Industrial-Chiller.jpg 400w\" sizes=\"(max-width: 768px) 100vw, 400px\" \/><\/span><\/div><\/div><\/div><div class=\"fusion-layout-column fusion_builder_column fusion-builder-column-9 fusion_builder_column_1_2 1_2 fusion-flex-column\" style=\"--awb-bg-size:cover;--awb-width-large:50%;--awb-margin-top-large:0px;--awb-spacing-right-large:3.84%;--awb-margin-bottom-large:20px;--awb-spacing-left-large:3.84%;--awb-width-medium:50%;--awb-order-medium:0;--awb-spacing-right-medium:3.84%;--awb-spacing-left-medium:3.84%;--awb-width-small:100%;--awb-order-small:0;--awb-spacing-right-small:1.92%;--awb-spacing-left-small:1.92%;\"><div class=\"fusion-column-wrapper fusion-column-has-shadow fusion-flex-justify-content-flex-start fusion-content-layout-column\"><div class=\"fusion-text fusion-text-7\"><ol start=\"3\">\n<li>End\u00fcstriyel So\u011futucular.<\/li>\n<\/ol>\n<p>End\u00fcstriyel so\u011futucu, makinelerdeki, end\u00fcstriyel alanlardaki ve proses s\u0131v\u0131lar\u0131ndaki s\u0131cakl\u0131klar\u0131 d\u00fc\u015f\u00fcren, \u0131s\u0131y\u0131 bir sistemden al\u0131p ba\u015fka bir yere ta\u015f\u0131yan bir so\u011futma sistemidir. Pahal\u0131d\u0131r ancak \u00e7ok az yer kaplar ve yetersiz laboratuvar veya fabrika alan\u0131 olan m\u00fc\u015fteriler i\u00e7in uygundur.<\/p>\n<\/div><\/div><\/div><div class=\"fusion-layout-column fusion_builder_column fusion-builder-column-10 fusion_builder_column_1_1 1_1 fusion-flex-column\" style=\"--awb-bg-size:cover;--awb-width-large:100%;--awb-margin-top-large:0px;--awb-spacing-right-large:1.92%;--awb-margin-bottom-large:20px;--awb-spacing-left-large:1.92%;--awb-width-medium:100%;--awb-order-medium:0;--awb-spacing-right-medium:1.92%;--awb-spacing-left-medium:1.92%;--awb-width-small:100%;--awb-order-small:0;--awb-spacing-right-small:1.92%;--awb-spacing-left-small:1.92%;\"><div class=\"fusion-column-wrapper fusion-column-has-shadow fusion-flex-justify-content-flex-start fusion-content-layout-column\"><div class=\"fusion-text fusion-text-8\"><p>Su so\u011futucu tipleri su ve hava so\u011futmal\u0131 olup, toplanan \u0131s\u0131y\u0131 \u00e7\u0131karmak i\u00e7in farkl\u0131 y\u00f6ntemler kullanan buhar emmeli ve buhar s\u0131k\u0131\u015ft\u0131rmal\u0131 so\u011futucular olarak ikiye ayr\u0131l\u0131r. Bir so\u011futucu, buharla\u015ft\u0131r\u0131c\u0131 ad\u0131 verilen bir cihaz arac\u0131l\u0131\u011f\u0131yla bir i\u015fleme suyu sistemine ba\u011flanan buhar s\u0131k\u0131\u015ft\u0131rmal\u0131 mekanik bir so\u011futma sistemi kullan\u0131r. Bir buhar s\u0131k\u0131\u015ft\u0131rmal\u0131 so\u011futucu, alandaki \u0131s\u0131y\u0131 emmek ve hava so\u011futmal\u0131 so\u011futucular i\u00e7in fanlar veya su so\u011futmal\u0131 olanlar i\u00e7in su kullanarak \u0131s\u0131y\u0131 alan buharla\u015ft\u0131r\u0131c\u0131ya geri d\u00f6nd\u00fcrmek i\u00e7in bir so\u011futucu ak\u0131\u015fkan kullan\u0131r.<\/p>\n<\/div><\/div><\/div><div class=\"fusion-layout-column fusion_builder_column fusion-builder-column-11 fusion_builder_column_1_1 1_1 fusion-flex-column\" style=\"--awb-bg-size:cover;--awb-width-large:100%;--awb-margin-top-large:0px;--awb-spacing-right-large:1.92%;--awb-margin-bottom-large:20px;--awb-spacing-left-large:1.92%;--awb-width-medium:100%;--awb-order-medium:0;--awb-spacing-right-medium:1.92%;--awb-spacing-left-medium:1.92%;--awb-width-small:100%;--awb-order-small:0;--awb-spacing-right-small:1.92%;--awb-spacing-left-small:1.92%;\"><div class=\"fusion-column-wrapper fusion-column-has-shadow fusion-flex-justify-content-flex-start fusion-content-layout-column\"><div class=\"fusion-text fusion-text-9\"><h2>Su Kullan\u0131m\u0131<\/h2>\n<p>End\u00fcksiyon sisteminin b\u00fcy\u00fck bir k\u0131sm\u0131nda dola\u015fan so\u011futma suyu, EMF&#8217;lere ve y\u00fcksek voltaj potansiyellerine maruz kal\u0131r, bu da erozyon ve korozyon i\u00e7in olgunla\u015fm\u0131\u015f alanlara neden olur.<\/p>\n<p>K\u00f6t\u00fc su kalitesi so\u011futma kanallar\u0131n\u0131n h\u0131zla t\u0131kanmas\u0131na yol a\u00e7arak cihaz\u0131n daha s\u0131cak \u00e7al\u0131\u015fmas\u0131na, ark olu\u015fumuna ve y\u00fcksek de\u011fi\u015ftirme maliyetine neden olur. Bu nedenle temiz, d\u00fc\u015f\u00fck iletkenli\u011fe sahip su kullanmal\u0131 ve kalitesini d\u00fczenli olarak kontrol etmelisiniz. M\u00fc\u015fteriler genellikle daha k\u00fc\u00e7\u00fck so\u011futma sistemlerine \u015fi\u015feyle dam\u0131t\u0131lm\u0131\u015f su ekler ve temiz oldu\u011fundan emin olmak i\u00e7in periyodik olarak de\u011fi\u015ftirir. Buna ek olarak, m\u00fc\u015fteriler daha b\u00fcy\u00fck kurulumlar i\u00e7in korozyon \u00f6nleyici veya korozyon azalt\u0131c\u0131 glikol ile i\u015flenmi\u015f demi-iyonize veya ters-ozmoz (RO) su kullanabilirler.<\/p>\n<p>Ar\u0131t\u0131lmam\u0131\u015f su, d\u00fcz deiyonize su veya mineral i\u00e7ermeyen su, agresif bir \u00e7\u00f6p\u00e7\u00fc g\u00f6revi g\u00f6recek ve metalleri cihazdan s\u0131y\u0131racakt\u0131r. Bu nedenle, \u015febeke veya kuyu suyu kullan\u0131m\u0131ndan da ka\u00e7\u0131n\u0131lmal\u0131d\u0131r.<\/p>\n<\/div><\/div><\/div><div class=\"fusion-layout-column fusion_builder_column fusion-builder-column-12 fusion_builder_column_1_1 1_1 fusion-flex-column\" style=\"--awb-bg-size:cover;--awb-width-large:100%;--awb-margin-top-large:0px;--awb-spacing-right-large:1.92%;--awb-margin-bottom-large:20px;--awb-spacing-left-large:1.92%;--awb-width-medium:100%;--awb-order-medium:0;--awb-spacing-right-medium:1.92%;--awb-spacing-left-medium:1.92%;--awb-width-small:100%;--awb-order-small:0;--awb-spacing-right-small:1.92%;--awb-spacing-left-small:1.92%;\"><div class=\"fusion-column-wrapper fusion-column-has-shadow fusion-flex-justify-content-flex-start fusion-content-layout-column\"><div class=\"fusion-text fusion-text-10\"><h2>Plakal\u0131 E\u015fanj\u00f6r<\/h2>\n<p>Borular ters ak\u0131\u015fta d\u00fczenlendi\u011finde, plakal\u0131 bir \u0131s\u0131 e\u015fanj\u00f6r\u00fc \u0131s\u0131 transferi i\u00e7in olduk\u00e7a verimlidir. Kaynakl\u0131 plakal\u0131 \u0131s\u0131 e\u015fanj\u00f6r\u00fc, tipik olarak d\u00fc\u015f\u00fck ak\u0131\u015fl\u0131 uygulamalarda kullan\u0131lan daha d\u00fc\u015f\u00fck maliyetli bir alternatiftir ve genellikle temizlenmek yerine de\u011fi\u015ftirilir.<\/p>\n<p>Hava so\u011futmal\u0131 bir chiller, ind\u00fcksiyon suyundaki \u0131s\u0131y\u0131 ortam havas\u0131na bo\u015faltmak i\u00e7in mekanik so\u011futma d\u00f6ng\u00fcleri kullan\u0131r. \u0130letim prosesi taraf\u0131ndan \u00fcretilen t\u00fcm \u0131s\u0131, ortam havas\u0131na geri g\u00f6nderilmeden \u00f6nce so\u011futma bobinlerinden ge\u00e7melidir.<\/p>\n<p>So\u011futucu tam olarak boyutland\u0131r\u0131lmal\u0131d\u0131r. Buna ek olarak, so\u011futma d\u00f6ng\u00fcs\u00fcnde iyi bir sirk\u00fclasyona izin vermek ve so\u011futucunun istikrarl\u0131 \u00e7al\u0131\u015fma s\u0131cakl\u0131klar\u0131na ula\u015fmas\u0131n\u0131 sa\u011flamak i\u00e7in so\u011futucuyu uzun s\u00fcreler boyunca \u00e7al\u0131\u015facak \u015fekilde boyutland\u0131rmak en iyisidir.<\/p>\n<p>So\u011futucular d\u00fczenli bak\u0131m ve yedek par\u00e7a gerektirir ve bunlar\u0131n her ikisi de maliyetli olabilir.<\/p>\n<p>Sonu\u00e7 olarak, su kalitesini izlemek ve ekipman ile boru sistemlerini korumak i\u00e7in iyi korozyon kontrollerini s\u00fcrd\u00fcrmek amac\u0131yla iyi izleme ve ar\u0131tma programlar\u0131 uygulanmal\u0131d\u0131r. Ayr\u0131ca, sistem i\u00e7inde korozyon, kire\u00e7 ve organizmalar\u0131n geli\u015fmesini \u00f6nlemek i\u00e7in su ar\u0131tma ve y\u0131kama (tahliye) gereklidir.<\/p>\n<p>D\u00fc\u015f\u00fck g\u00fc\u00e7l\u00fc sistemler tipik olarak kompakt bir havadan suya \u0131s\u0131 e\u015fanj\u00f6r\u00fcne ihtiya\u00e7 duyarken, daha y\u00fcksek g\u00fc\u00e7l\u00fc bir sistem daha b\u00fcy\u00fck bir havadan suya veya so\u011futma e\u015fanj\u00f6r\u00fcne ihtiya\u00e7 duyabilir. Daha k\u00fc\u00e7\u00fck iletim makineleri tipik olarak sudan suya d\u00fczenlemeye sahip plaka tipi \u0131s\u0131 e\u015fanj\u00f6rleri ve hizmet noktas\u0131 hava so\u011futmal\u0131 so\u011futucular kullan\u0131r.<\/p>\n<p>Kapal\u0131 devre so\u011futma sistemi orta d\u00fczeyde sermaye maliyetine sahiptir, az bak\u0131m gerektirir ve ilave su veya s\u00fcrekli kimyasal i\u015flem gerektirmez.<\/p>\n<p>So\u011futma sisteminizdeki ak\u0131ll\u0131 bir kontrol\u00f6r, suyunuzun minimum ve maksimum s\u0131cakl\u0131\u011f\u0131n\u0131 alarmlarla birlikte ayarlamak i\u00e7in kullan\u0131labilir.<\/p>\n<\/div><\/div><\/div><\/div><\/div>\n","protected":false},"excerpt":{"rendered":"","protected":false},"author":1,"featured_media":4711,"parent":6680,"menu_order":0,"comment_status":"closed","ping_status":"closed","template":"","meta":{"footnotes":""},"class_list":["post-6529","page","type-page","status-publish","has-post-thumbnail","hentry"],"_links":{"self":[{"href":"https:\/\/www.focoinduction.com\/tr\/wp-json\/wp\/v2\/pages\/6529","targetHints":{"allow":["GET"]}}],"collection":[{"href":"https:\/\/www.focoinduction.com\/tr\/wp-json\/wp\/v2\/pages"}],"about":[{"href":"https:\/\/www.focoinduction.com\/tr\/wp-json\/wp\/v2\/types\/page"}],"author":[{"embeddable":true,"href":"https:\/\/www.focoinduction.com\/tr\/wp-json\/wp\/v2\/users\/1"}],"replies":[{"embeddable":true,"href":"https:\/\/www.focoinduction.com\/tr\/wp-json\/wp\/v2\/comments?post=6529"}],"version-history":[{"count":0,"href":"https:\/\/www.focoinduction.com\/tr\/wp-json\/wp\/v2\/pages\/6529\/revisions"}],"up":[{"embeddable":true,"href":"https:\/\/www.focoinduction.com\/tr\/wp-json\/wp\/v2\/pages\/6680"}],"wp:featuredmedia":[{"embeddable":true,"href":"https:\/\/www.focoinduction.com\/tr\/wp-json\/wp\/v2\/media\/4711"}],"wp:attachment":[{"href":"https:\/\/www.focoinduction.com\/tr\/wp-json\/wp\/v2\/media?parent=6529"}],"curies":[{"name":"wp","href":"https:\/\/api.w.org\/{rel}","templated":true}]}}