{"id":6531,"date":"2022-10-04T09:57:54","date_gmt":"2022-10-04T01:57:54","guid":{"rendered":"https:\/\/www.focoinduction.com\/induksiyon-lehimleme-nedir\/"},"modified":"2023-05-16T09:28:28","modified_gmt":"2023-05-16T01:28:28","slug":"induksiyon-lehimleme-nedir","status":"publish","type":"page","link":"https:\/\/www.focoinduction.com\/tr\/induksiyonla-isitma-hakkinda-yalin\/induksiyon-lehimleme-nedir\/","title":{"rendered":"\u0130nd\u00fcksiyon Lehimleme Nedir"},"content":{"rendered":"<div class=\"fusion-fullwidth fullwidth-box fusion-builder-row-1 fusion-flex-container has-pattern-background has-mask-background nonhundred-percent-fullwidth non-hundred-percent-height-scrolling\" style=\"--awb-border-radius-top-left:0px;--awb-border-radius-top-right:0px;--awb-border-radius-bottom-right:0px;--awb-border-radius-bottom-left:0px;--awb-flex-wrap:wrap;\" ><div class=\"fusion-builder-row fusion-row fusion-flex-align-items-flex-start fusion-flex-content-wrap\" style=\"max-width:1248px;margin-left: calc(-4% \/ 2 );margin-right: calc(-4% \/ 2 );\"><div class=\"fusion-layout-column fusion_builder_column fusion-builder-column-0 fusion_builder_column_1_1 1_1 fusion-flex-column\" style=\"--awb-bg-size:cover;--awb-width-large:100%;--awb-margin-top-large:0px;--awb-spacing-right-large:1.92%;--awb-margin-bottom-large:20px;--awb-spacing-left-large:1.92%;--awb-width-medium:100%;--awb-order-medium:0;--awb-spacing-right-medium:1.92%;--awb-spacing-left-medium:1.92%;--awb-width-small:100%;--awb-order-small:0;--awb-spacing-right-small:1.92%;--awb-spacing-left-small:1.92%;\"><div class=\"fusion-column-wrapper fusion-column-has-shadow fusion-flex-justify-content-flex-start fusion-content-layout-column\"><div class=\"fusion-text fusion-text-1\"><p>FOCO, \u00e7e\u015fitli par\u00e7alar \u00fczerinde temiz, tekrarlanabilir lehimleme sunar. \u0130nd\u00fcksiyonla \u0131s\u0131tma d\u00f6ng\u00fcleri alevle lehimlemeye g\u00f6re \u00e7ok daha k\u0131sa oldu\u011fundan, benzer bir s\u00fcre i\u00e7inde daha fazla bile\u015fen i\u015flenebilir ve \u00e7evreye daha az \u0131s\u0131 yay\u0131l\u0131r. Ayr\u0131ca ekstra havaland\u0131rma gerektirebilecek a\u00e7\u0131k alev de yoktur. Sonu\u00e7 olarak, ind\u00fcksiyon teknolojileri operat\u00f6rler i\u00e7in \u00e7ok daha g\u00fcvenlidir.<\/p>\n<\/div><\/div><\/div><div class=\"fusion-layout-column fusion_builder_column fusion-builder-column-1 fusion_builder_column_1_1 1_1 fusion-flex-column\" style=\"--awb-bg-size:cover;--awb-width-large:100%;--awb-margin-top-large:0px;--awb-spacing-right-large:1.92%;--awb-margin-bottom-large:20px;--awb-spacing-left-large:1.92%;--awb-width-medium:100%;--awb-order-medium:0;--awb-spacing-right-medium:1.92%;--awb-spacing-left-medium:1.92%;--awb-width-small:100%;--awb-order-small:0;--awb-spacing-right-small:1.92%;--awb-spacing-left-small:1.92%;\"><div class=\"fusion-column-wrapper fusion-column-has-shadow fusion-flex-justify-content-flex-start fusion-content-layout-column\"><div class=\"fusion-text fusion-text-2\"><h2>\u0130nd\u00fcksiyon Lehimleme Nedir ve Nas\u0131l \u00c7al\u0131\u015f\u0131r?<\/h2>\n<p>\u0130nd\u00fcksiyon lehimleme, farkl\u0131 metalik nesnelerin eritilerek ve dolgu metalinin (lehim) ba\u011flant\u0131 aray\u00fcz\u00fc boyunca akmas\u0131na izin verilerek birle\u015ftirilmesidir. Dolgu metali (lehim), birle\u015ftirilen par\u00e7adan daha d\u00fc\u015f\u00fck bir erime s\u0131cakl\u0131\u011f\u0131na sahiptir. \u0130nd\u00fcksiyon lehim, bir radyo frekans\u0131 (RF) plakas\u0131 \u00fczerinde bir i\u015f par\u00e7as\u0131n\u0131 \u0131s\u0131t\u0131r ve par\u00e7a ile fiziksel temas kurmaz.<\/p>\n<\/div><\/div><\/div><div class=\"fusion-layout-column fusion_builder_column fusion-builder-column-2 fusion_builder_column_1_1 1_1 fusion-flex-column\" style=\"--awb-bg-size:cover;--awb-width-large:100%;--awb-margin-top-large:0px;--awb-spacing-right-large:1.92%;--awb-margin-bottom-large:20px;--awb-spacing-left-large:1.92%;--awb-width-medium:100%;--awb-order-medium:0;--awb-spacing-right-medium:1.92%;--awb-spacing-left-medium:1.92%;--awb-width-small:100%;--awb-order-small:0;--awb-spacing-right-small:1.92%;--awb-spacing-left-small:1.92%;\"><div class=\"fusion-column-wrapper fusion-column-has-shadow fusion-flex-justify-content-flex-start fusion-content-layout-column\"><div class=\"fusion-text fusion-text-3\"><h2>\u0130nd\u00fcksiyon Lehimleme Uygulamas\u0131<\/h2>\n<p>Lehimleme, iki metal par\u00e7as\u0131n\u0131 kal\u0131c\u0131 olarak birbirine yap\u0131\u015ft\u0131rma kabiliyeti nedeniyle y\u00fczy\u0131llard\u0131r kullan\u0131lmaktad\u0131r. M\u00fchendislikten s\u0131hhi tesisata kadar bir\u00e7ok sekt\u00f6rde bulunan lehimleme, \u00e7ok y\u00f6nl\u00fcl\u00fc\u011f\u00fc ve esnek uygulamalar\u0131 nedeniyle vazge\u00e7ilmezdir. \u0130nd\u00fcksiyonla lehimleme, ba\u015fta otomotiv, devre kart\u0131, boru tesisat\u0131, kuyumculuk ve HVAC end\u00fcstrileri olmak \u00fczere \u00e7e\u015fitli uygulamalara sahiptir.<\/p>\n<\/div><\/div><\/div><div class=\"fusion-layout-column fusion_builder_column fusion-builder-column-3 fusion_builder_column_1_1 1_1 fusion-flex-column\" style=\"--awb-bg-size:cover;--awb-width-large:100%;--awb-margin-top-large:0px;--awb-spacing-right-large:1.92%;--awb-margin-bottom-large:20px;--awb-spacing-left-large:1.92%;--awb-width-medium:100%;--awb-order-medium:0;--awb-spacing-right-medium:1.92%;--awb-spacing-left-medium:1.92%;--awb-width-small:100%;--awb-order-small:0;--awb-spacing-right-small:1.92%;--awb-spacing-left-small:1.92%;\"><div class=\"fusion-column-wrapper fusion-column-has-shadow fusion-flex-justify-content-flex-start fusion-content-layout-column\"><div class=\"fusion-text fusion-text-4\"><h2>Lehimlemenin Faydalar\u0131<\/h2>\n<p>Lehimleme uygulamalar\u0131, alevli \u0131s\u0131tma veya f\u0131r\u0131n \u0131s\u0131s\u0131na g\u00f6re \u00e7ok daha h\u0131zl\u0131 bir \u0131s\u0131nma s\u00fcresine sahiptir. Lehimlemenin daha y\u00fcksek s\u0131cakl\u0131klarda zarar g\u00f6rebilecek daha k\u00fc\u00e7\u00fck, daha hassas par\u00e7alara fayda sa\u011flayabilmesinin bir nedeni de budur. \u0130nd\u00fcksiyon, lehimleme uygulamalar\u0131 s\u00f6z konusu oldu\u011funda birka\u00e7 avantaj daha sunar.<\/p>\n<ul>\n<li>\u0130nd\u00fcksiyon lehimleme i\u015flemleri tekrarlanabilir.<\/li>\n<li>Lehim ba\u011flant\u0131lar\u0131 her seferinde daha tutarl\u0131d\u0131r.<\/li>\n<li>Elektrik g\u00fcc\u00fc ileten par\u00e7alarda d\u00fczg\u00fcn bir birle\u015ftirme kritik olabilir.<\/li>\n<li>Lehimleme uygulamalar\u0131 i\u00e7in ind\u00fcksiyonla \u0131s\u0131tma, montaj hatt\u0131 y\u00f6ntemlerine kolayca uyarlanabilir, aparat\u0131n bir montaj hatt\u0131na stratejik olarak yerle\u015ftirilmesine ve uygun oldu\u011funda uzaktan kontrol alt\u0131nda \u0131s\u0131tmaya izin verir.<\/li>\n<li>\u0130nd\u00fcksiyon lehimleme, iyi bir g\u00f6r\u00fcn\u00fcme ve y\u00fcksek g\u00fcvenilirli\u011fe sahip p\u00fcr\u00fczs\u00fcz, iyi doldurulmu\u015f ba\u011flant\u0131lar sunar.<\/li>\n<\/ul>\n<\/div><\/div><\/div><div class=\"fusion-layout-column fusion_builder_column fusion-builder-column-4 fusion_builder_column_1_1 1_1 fusion-flex-column\" style=\"--awb-bg-size:cover;--awb-width-large:100%;--awb-margin-top-large:0px;--awb-spacing-right-large:1.92%;--awb-margin-bottom-large:20px;--awb-spacing-left-large:1.92%;--awb-width-medium:100%;--awb-order-medium:0;--awb-spacing-right-medium:1.92%;--awb-spacing-left-medium:1.92%;--awb-width-small:100%;--awb-order-small:0;--awb-spacing-right-small:1.92%;--awb-spacing-left-small:1.92%;\"><div class=\"fusion-column-wrapper fusion-column-has-shadow fusion-flex-justify-content-flex-start fusion-content-layout-column\"><div class=\"fusion-text fusion-text-5\"><h2>Lehimleme ve Sert Lehimleme Aras\u0131ndaki Fark<\/h2>\n<p>Lehimleme, birle\u015ftirilen metal par\u00e7alar aras\u0131nda bir birle\u015ftirme ala\u015f\u0131m\u0131n\u0131n eritilmesini i\u00e7erir. Y\u00fczeyler p\u00fcr\u00fczs\u00fczse temaslar sa\u011flan\u0131r ve birle\u015ftirme ala\u015f\u0131m\u0131 her bir y\u00fczeye kar\u0131\u015ft\u0131r\u0131larak so\u011fuduktan sonra sertle\u015fen bir ba\u011flant\u0131 olu\u015fturulur.<\/p>\n<p>\u0130nd\u00fcksiyon lehimleme, bir\u00e7ok nedenden dolay\u0131 birle\u015ftirme i\u015flemlerinde de\u011ferli bir yard\u0131mc\u0131 oldu\u011funu kan\u0131tlam\u0131\u015ft\u0131r. Bunlar\u0131n aras\u0131nda h\u0131zl\u0131 \u0131s\u0131tma ve \u0131s\u0131n\u0131n do\u011fru kontrol\u00fc vard\u0131r. H\u0131zl\u0131 \u0131s\u0131tma ve hassas \u0131s\u0131 kontrol\u00fc, minimum inceltme gerektiren daha y\u00fcksek mukavemetli bile\u015fenleri yap\u0131\u015ft\u0131rmak i\u00e7in lokalize \u0131s\u0131tma kapasitesi sa\u011flar.<\/p>\n<p>Sert <a href=\"https:\/\/www.focoinduction.com\/tr\/induksiyonla-sert-lehimleme-nedir\/\" target=\"_blank\" rel=\"noopener\">lehimleme<\/a>, sadece y\u00fczeyin konveksiyonla \u0131s\u0131t\u0131ld\u0131\u011f\u0131 f\u0131r\u0131nlardan veya alevli \u0131s\u0131tmadan farkl\u0131 olarak bir par\u00e7an\u0131n i\u00e7inde \u0131s\u0131 \u00fcretilmesini i\u00e7erir. Sert lehimlemenin hassasiyeti, par\u00e7alar\u0131n k\u00fc\u00e7\u00fck b\u00f6l\u00fcmlerinin \u0131s\u0131t\u0131lmas\u0131na olanak tan\u0131r. Hem sert lehimleme hem de lehimlemede, birle\u015ftirilen metal par\u00e7alar\u0131n lehiminden daha d\u00fc\u015f\u00fck bir erime s\u0131cakl\u0131\u011f\u0131na sahip bir dolgu metali kullan\u0131l\u0131r. Bobin, ana malzemeyi \u0131s\u0131tan ve dolgu metalini eriten bir manyetik alan olu\u015fturur.<\/p>\n<\/div><div class=\"fusion-text fusion-text-6\" style=\"--awb-text-transform:capitalize;\"><p><em><a href=\"https:\/\/www.focoinduction.com\/tr\/iletisim\/\" target=\"_blank\" rel=\"noopener\">Lehimleme projenizi g\u00f6r\u00fc\u015fmek i\u00e7in bug\u00fcn bize ula\u015f\u0131n.<\/a><\/em><\/p>\n<\/div><\/div><\/div><\/div><\/div>\n","protected":false},"excerpt":{"rendered":"","protected":false},"author":1,"featured_media":4683,"parent":6680,"menu_order":0,"comment_status":"closed","ping_status":"closed","template":"","meta":{"footnotes":""},"class_list":["post-6531","page","type-page","status-publish","has-post-thumbnail","hentry"],"_links":{"self":[{"href":"https:\/\/www.focoinduction.com\/tr\/wp-json\/wp\/v2\/pages\/6531","targetHints":{"allow":["GET"]}}],"collection":[{"href":"https:\/\/www.focoinduction.com\/tr\/wp-json\/wp\/v2\/pages"}],"about":[{"href":"https:\/\/www.focoinduction.com\/tr\/wp-json\/wp\/v2\/types\/page"}],"author":[{"embeddable":true,"href":"https:\/\/www.focoinduction.com\/tr\/wp-json\/wp\/v2\/users\/1"}],"replies":[{"embeddable":true,"href":"https:\/\/www.focoinduction.com\/tr\/wp-json\/wp\/v2\/comments?post=6531"}],"version-history":[{"count":0,"href":"https:\/\/www.focoinduction.com\/tr\/wp-json\/wp\/v2\/pages\/6531\/revisions"}],"up":[{"embeddable":true,"href":"https:\/\/www.focoinduction.com\/tr\/wp-json\/wp\/v2\/pages\/6680"}],"wp:featuredmedia":[{"embeddable":true,"href":"https:\/\/www.focoinduction.com\/tr\/wp-json\/wp\/v2\/media\/4683"}],"wp:attachment":[{"href":"https:\/\/www.focoinduction.com\/tr\/wp-json\/wp\/v2\/media?parent=6531"}],"curies":[{"name":"wp","href":"https:\/\/api.w.org\/{rel}","templated":true}]}}