{"id":6613,"date":"2022-08-15T16:39:48","date_gmt":"2022-08-15T08:39:48","guid":{"rendered":"https:\/\/www.focoinduction.com\/induksiyon-dovme\/dovme-icin-induksiyonla-isitma-demir-cubugu\/"},"modified":"2023-05-16T09:28:56","modified_gmt":"2023-05-16T01:28:56","slug":"dovme-icin-induksiyonla-isitma-demir-cubugu","status":"publish","type":"page","link":"https:\/\/www.focoinduction.com\/tr\/uygulamalar\/induksiyon-dovme\/dovme-icin-induksiyonla-isitma-demir-cubugu\/","title":{"rendered":"D\u00f6vme i\u00e7in \u0130nd\u00fcksiyonla Is\u0131tma Demir \u00c7ubu\u011fu"},"content":{"rendered":"<p><div class=\"fusion-fullwidth fullwidth-box fusion-builder-row-1 fusion-flex-container nonhundred-percent-fullwidth non-hundred-percent-height-scrolling\" style=\"--awb-border-sizes-bottom:1px;--awb-border-radius-top-left:0px;--awb-border-radius-top-right:0px;--awb-border-radius-bottom-right:0px;--awb-border-radius-bottom-left:0px;--awb-flex-wrap:wrap;\" ><div class=\"fusion-builder-row fusion-row fusion-flex-align-items-flex-start fusion-flex-content-wrap\" style=\"max-width:1248px;margin-left: calc(-4% \/ 2 );margin-right: calc(-4% \/ 2 );\"><div class=\"fusion-layout-column fusion_builder_column fusion-builder-column-0 fusion_builder_column_1_1 1_1 fusion-flex-column\" style=\"--awb-bg-size:cover;--awb-width-large:100%;--awb-margin-top-large:0px;--awb-spacing-right-large:1.92%;--awb-margin-bottom-large:20px;--awb-spacing-left-large:1.92%;--awb-width-medium:100%;--awb-order-medium:0;--awb-spacing-right-medium:1.92%;--awb-spacing-left-medium:1.92%;--awb-width-small:100%;--awb-order-small:0;--awb-spacing-right-small:1.92%;--awb-spacing-left-small:1.92%;\"><div class=\"fusion-column-wrapper fusion-column-has-shadow fusion-flex-justify-content-flex-start fusion-content-layout-column\"><div class=\"fusion-text fusion-text-1\"><h2>\u0130nd\u00fcksiyonla Is\u0131tma Demir \u00c7ubuk Uygulamas\u0131<\/h2>\n<p>\u0130nd\u00fcksiyonla \u0131s\u0131tma demir \u00e7ubu\u011fu, d\u00f6vme i\u015fleminden \u00f6nce enerji tasarrufu sa\u011flayan ve verimli bir \u00f6n \u0131s\u0131tma y\u00f6ntemidir. Demir \u00e7ubuklar\u0131n d\u00f6vme gereksinimlerine g\u00f6re, m\u00fchendislerimiz FOCO ind\u00fcksiyon laboratuvar\u0131nda 25 mm \u00e7ap\u0131nda ve 150 mm uzunlu\u011funda demir \u00e7ubuklar\u0131 \u0131s\u0131t\u0131r. Demir \u00e7ubuk, deneysel sonu\u00e7lara g\u00f6re 5 saniye i\u00e7inde yakla\u015f\u0131k 900 \u00b0C&#8217;ye \u0131s\u0131t\u0131lm\u0131\u015ft\u0131r.<\/p>\n<p><strong>Ekipman\uff1a<\/strong><\/p>\n<p>160 kW MF <span style=\"color: #0000ff;\"><br \/>\n  <a style=\"color: #0000ff;\" href=\"https:\/\/www.focoinduction.com\/tr\/urunler\/induksiyonlu-isitma-makineleri\/orta-frekans-induksiyonlu-isitma-makinesi\/\" target=\"_blank\" rel=\"noopener\">ind\u00fcksiyon \u0131s\u0131tma makinesi<\/a><br \/>\n<\/span> ve k\u0131z\u0131l\u00f6tesi termometre.<\/p>\n<p>Orta frekansl\u0131 ind\u00fcksiyonlu \u0131s\u0131tma makinesi geni\u015f bir \u0131s\u0131tma derinli\u011fine sahiptir ve genellikle demir \u00e7ubuklar\u0131, \u00e7elik \u00e7ubuklar\u0131, k\u00fct\u00fckleri vb. \u0131s\u0131tmak i\u00e7in kullan\u0131l\u0131r. D\u00f6vme i\u015fleminden \u00f6nce \u00e7ubuklar\u0131n \u0131s\u0131t\u0131lmas\u0131 ve \u00f6n \u0131s\u0131t\u0131lmas\u0131 i\u00e7in \u00f6zel bir <span style=\"color: #0000ff;\"><br \/>\n  <a style=\"color: #0000ff;\" href=\"https:\/\/www.focoinduction.com\/tr\/urunler\/dovme-icin-induksiyonlu-isitma-sistemi\/\" target=\"_blank\" rel=\"noopener\">ind\u00fcksiyon \u0131s\u0131tma sistemi<\/a><br \/>\n<\/span>.<\/p>\n<p><strong>Is\u0131tma i\u015flemi\uff1a<\/strong><\/p>\n<ol>\n<li>Demir \u00e7ubuklar\u0131 s\u0131rayla ind\u00fcksiyon bobinine yerle\u015ftirin.<\/li>\n<li>Demir \u00e7ubuklar\u0131n her biri 5 saniye boyunca 900 \u00b0C&#8217;ye \u0131s\u0131t\u0131l\u0131r.<\/li>\n<li>Demir \u00e7ubuklar ind\u00fcksiyon bobininden \u00e7\u0131kar\u0131l\u0131r.<\/li>\n<\/ol>\n<p><strong>Avantajlar\uff1a<\/strong><\/p>\n<p>\u0130nd\u00fcksiyonla \u0131s\u0131tma, demir \u00e7ubuklar\u0131 \u0131s\u0131tmak i\u00e7in h\u0131zl\u0131 ve g\u00fcvenli bir y\u00f6ntemdir. Alevli \u0131s\u0131tma veya rezistansl\u0131 f\u0131r\u0131n \u0131s\u0131tmas\u0131 ile kar\u015f\u0131la\u015ft\u0131r\u0131ld\u0131\u011f\u0131nda, enerji a\u00e7\u0131s\u0131ndan daha verimli ve ger\u00e7ekle\u015ftirilmesi daha g\u00fcvenlidir. Ayr\u0131ca, otomatik \u00fcretim i\u00e7in ind\u00fcksiyonlu \u0131s\u0131tma makinelerini \u00fcretim hatt\u0131n\u0131za entegre etmek \u00fczere \u00f6nceden programlanabilir. Is\u0131tma s\u00fcresini ve s\u0131cakl\u0131\u011f\u0131n\u0131 ayarlayarak, ind\u00fcksiyonlu \u0131s\u0131tma tutarl\u0131 sonu\u00e7lar\u0131 garanti edebilir.<\/p>\n<p>Hakk\u0131nda daha fazlas\u0131n\u0131 okuyun <span style=\"color: #0000ff;\"><br \/>\n  <a style=\"color: #0000ff;\" href=\"https:\/\/www.focoinduction.com\/tr\/induksiyon-dovme\/\" target=\"_blank\" rel=\"noopener\">ind\u00fcksiyonla \u0131s\u0131tma ve d\u00f6vme uygulamalar\u0131<\/a><br \/>\n<\/span>.<\/p>\n<p>\u00d6zel ind\u00fcksiyonlu \u0131s\u0131tma sistemlerine dan\u0131\u015f\u0131n ve <span style=\"color: #0000ff;\"><br \/>\n  <a style=\"color: #0000ff;\" href=\"https:\/\/www.focoinduction.com\/tr\/iletisim\/\" target=\"_blank\" rel=\"noopener\">fiyat teklifi al\u0131n<\/a><br \/>\n<\/span>.<\/p>\n<\/div><\/div><\/div><\/div><\/div><div class=\"fusion-fullwidth fullwidth-box fusion-builder-row-2 fusion-flex-container nonhundred-percent-fullwidth non-hundred-percent-height-scrolling\" style=\"--awb-border-sizes-bottom:1px;--awb-border-radius-top-left:0px;--awb-border-radius-top-right:0px;--awb-border-radius-bottom-right:0px;--awb-border-radius-bottom-left:0px;--awb-flex-wrap:wrap;\" ><div class=\"fusion-builder-row fusion-row fusion-flex-align-items-flex-start fusion-flex-content-wrap\" style=\"max-width:1248px;margin-left: calc(-4% \/ 2 );margin-right: calc(-4% \/ 2 );\"><div class=\"fusion-layout-column fusion_builder_column fusion-builder-column-1 fusion_builder_column_1_1 1_1 fusion-flex-column\" style=\"--awb-bg-size:cover;--awb-width-large:100%;--awb-margin-top-large:0px;--awb-spacing-right-large:1.92%;--awb-margin-bottom-large:20px;--awb-spacing-left-large:1.92%;--awb-width-medium:100%;--awb-order-medium:0;--awb-spacing-right-medium:1.92%;--awb-spacing-left-medium:1.92%;--awb-width-small:100%;--awb-order-small:0;--awb-spacing-right-small:1.92%;--awb-spacing-left-small:1.92%;\"><div class=\"fusion-column-wrapper fusion-column-has-shadow fusion-flex-justify-content-flex-start fusion-content-layout-column\"><div class=\"fusion-text fusion-text-2\" style=\"--awb-text-transform:none;\"><h3>\u0130nd\u00fcksiyonla Is\u0131tma Videolar\u0131<\/h3>\n<\/div><\/div><\/div><div class=\"fusion-layout-column fusion_builder_column fusion-builder-column-2 fusion_builder_column_1_1 1_1 fusion-flex-column\" style=\"--awb-bg-size:cover;--awb-width-large:100%;--awb-margin-top-large:0px;--awb-spacing-right-large:1.92%;--awb-margin-bottom-large:20px;--awb-spacing-left-large:1.92%;--awb-width-medium:100%;--awb-order-medium:0;--awb-spacing-right-medium:1.92%;--awb-spacing-left-medium:1.92%;--awb-width-small:100%;--awb-order-small:0;--awb-spacing-right-small:1.92%;--awb-spacing-left-small:1.92%;\"><div class=\"fusion-column-wrapper fusion-column-has-shadow fusion-flex-justify-content-flex-start fusion-content-layout-column\"><div class=\"fusion-video fusion-youtube\" style=\"--awb-max-width:600px;--awb-max-height:360px;\"><div class=\"video-shortcode\"><lite-youtube videoid=\"nyaixAMaFJQ\" class=\"landscape\" params=\"wmode=transparent&autoplay=1&amp;enablejsapi=1\" title=\"Induction Heating Iron Bar for Forging\" data-button-label=\"Play Video\" width=\"600\" height=\"360\" data-thumbnail-size=\"auto\" data-no-cookie=\"on\"><\/lite-youtube><\/div><\/div><\/div><\/div><\/div><\/div><\/p>\n","protected":false},"excerpt":{"rendered":"","protected":false},"author":1,"featured_media":4075,"parent":5606,"menu_order":0,"comment_status":"closed","ping_status":"closed","template":"","meta":{"footnotes":""},"class_list":["post-6613","page","type-page","status-publish","has-post-thumbnail","hentry"],"_links":{"self":[{"href":"https:\/\/www.focoinduction.com\/tr\/wp-json\/wp\/v2\/pages\/6613","targetHints":{"allow":["GET"]}}],"collection":[{"href":"https:\/\/www.focoinduction.com\/tr\/wp-json\/wp\/v2\/pages"}],"about":[{"href":"https:\/\/www.focoinduction.com\/tr\/wp-json\/wp\/v2\/types\/page"}],"author":[{"embeddable":true,"href":"https:\/\/www.focoinduction.com\/tr\/wp-json\/wp\/v2\/users\/1"}],"replies":[{"embeddable":true,"href":"https:\/\/www.focoinduction.com\/tr\/wp-json\/wp\/v2\/comments?post=6613"}],"version-history":[{"count":0,"href":"https:\/\/www.focoinduction.com\/tr\/wp-json\/wp\/v2\/pages\/6613\/revisions"}],"up":[{"embeddable":true,"href":"https:\/\/www.focoinduction.com\/tr\/wp-json\/wp\/v2\/pages\/5606"}],"wp:featuredmedia":[{"embeddable":true,"href":"https:\/\/www.focoinduction.com\/tr\/wp-json\/wp\/v2\/media\/4075"}],"wp:attachment":[{"href":"https:\/\/www.focoinduction.com\/tr\/wp-json\/wp\/v2\/media?parent=6613"}],"curies":[{"name":"wp","href":"https:\/\/api.w.org\/{rel}","templated":true}]}}