{"id":6616,"date":"2022-10-03T09:07:03","date_gmt":"2022-10-03T01:07:03","guid":{"rendered":"https:\/\/www.focoinduction.com\/uygulamalar\/induksiyonla-sert-lehimleme\/paslanmaz-celik-daire-testere-bicaklarinin-otomatik-induksiyonla-sert-lehimlenmesi\/"},"modified":"2023-05-16T09:28:54","modified_gmt":"2023-05-16T01:28:54","slug":"paslanmaz-celik-daire-testere-bicaklarinin-otomatik-induksiyonla-sert-lehimlenmesi","status":"publish","type":"page","link":"https:\/\/www.focoinduction.com\/tr\/uygulamalar\/induksiyonla-sert-lehimleme\/paslanmaz-celik-daire-testere-bicaklarinin-otomatik-induksiyonla-sert-lehimlenmesi\/","title":{"rendered":"Paslanmaz \u00c7elik Daire Testere B\u0131\u00e7aklar\u0131n\u0131n Otomatik \u0130nd\u00fcksiyonla Sert Lehimlenmesi"},"content":{"rendered":"<p><div class=\"fusion-fullwidth fullwidth-box fusion-builder-row-1 fusion-flex-container has-pattern-background has-mask-background nonhundred-percent-fullwidth non-hundred-percent-height-scrolling\" style=\"--awb-border-sizes-bottom:1px;--awb-border-radius-top-left:0px;--awb-border-radius-top-right:0px;--awb-border-radius-bottom-right:0px;--awb-border-radius-bottom-left:0px;--awb-flex-wrap:wrap;\" ><div class=\"fusion-builder-row fusion-row fusion-flex-align-items-flex-start fusion-flex-content-wrap\" style=\"max-width:1248px;margin-left: calc(-4% \/ 2 );margin-right: calc(-4% \/ 2 );\"><div class=\"fusion-layout-column fusion_builder_column fusion-builder-column-0 fusion_builder_column_1_1 1_1 fusion-flex-column\" style=\"--awb-bg-size:cover;--awb-width-large:100%;--awb-margin-top-large:0px;--awb-spacing-right-large:1.92%;--awb-margin-bottom-large:20px;--awb-spacing-left-large:1.92%;--awb-width-medium:100%;--awb-order-medium:0;--awb-spacing-right-medium:1.92%;--awb-spacing-left-medium:1.92%;--awb-width-small:100%;--awb-order-small:0;--awb-spacing-right-small:1.92%;--awb-spacing-left-small:1.92%;\"><div class=\"fusion-column-wrapper fusion-column-has-shadow fusion-flex-justify-content-flex-start fusion-content-layout-column\"><div class=\"fusion-text fusion-text-1\"><h2>Otomatik ind\u00fcksiyon lehimleme daire testere b\u0131\u00e7a\u011f\u0131 u\u00e7lar\u0131 uygulamas\u0131<\/h2>\n<p>K\u00fc\u00e7\u00fck bir testere b\u0131\u00e7a\u011f\u0131 fabrikas\u0131n\u0131n, daire testere b\u0131\u00e7aklar\u0131n\u0131n u\u00e7lar\u0131n\u0131 lehimlemek i\u00e7in ind\u00fcksiyonlu \u0131s\u0131tma kullanmas\u0131 gerekiyor. Verimlili\u011fi art\u0131rmak ve manuel operasyonun neden oldu\u011fu kalite sorunlar\u0131n\u0131 azaltmak i\u00e7in m\u00fc\u015fteri tam otomatik bir ind\u00fcksiyon lehimleme sistemi kullanmak istedi. M\u00fc\u015fteri gereksinimlerine g\u00f6re, deneyimli ind\u00fcksiyon \u0131s\u0131tma m\u00fchendislerimiz, m\u00fc\u015fterilerin otomatik besleme ve otomatik lehimleme i\u015flemini ger\u00e7ekle\u015ftirmeleri i\u00e7in tam otomatik ind\u00fcksiyon lehimleme ekipman\u0131 tasarlad\u0131. Bir testere b\u0131\u00e7a\u011f\u0131 ucunu 3-5 saniye i\u00e7inde ind\u00fcksiyonla lehimleyebilir, bu son derece h\u0131zl\u0131d\u0131r.<\/p>\n<p><strong>Ekipman:<\/strong><\/p>\n<p><span style=\"color: #0000ff;\"><a style=\"color: #0000ff;\" href=\"https:\/\/www.focoinduction.com\/tr\/urunler\/induksiyon-lehimleme-makineleri\/otomatik-induksiyonlu-lehimleme-makinesi\/\" target=\"_blank\" rel=\"noopener\">Tam otomatik ind\u00fcksiyon lehimleme makinesi<\/a><\/span><\/p>\n<p>Lehimleme sistemi bir <a href=\"https:\/\/www.focoinduction.com\/tr\/urunler\/induksiyonlu-isitma-makineleri\/ultra-yuksek-frekansli-induksiyonlu-isitma-makinesi\/\" target=\"_blank\" rel=\"noopener\">UHF ind\u00fcksiyon \u0131s\u0131tma g\u00fc\u00e7 kayna\u011f\u0131<\/a>, besleme robotu, \u0131s\u0131tma bile\u015feni (ind\u00fcksiyon bobini) ve su so\u011futma sisteminden olu\u015fur. Manuel i\u015flem gerektirmez ve t\u00fcm s\u00fcre\u00e7 ekipman taraf\u0131ndan tamamen otomatikle\u015ftirilir. Par\u00e7an\u0131n konumland\u0131r\u0131lmas\u0131, robot elinin, sabit tutucunun ve \u0131s\u0131tma tertibat\u0131n\u0131n sabitlenmesiyle hassas bir \u015fekilde kontrol edilebilir. B\u00f6ylece her bir testere di\u015fi ucunun \u0131s\u0131tma alan\u0131n\u0131n ve \u0131s\u0131tma s\u00fcresinin tutarl\u0131l\u0131\u011f\u0131 sa\u011flanabilir. Verimlili\u011fi art\u0131r\u0131rken, sert lehimleme kalitesini de iyile\u015ftirir.<\/p>\n<p><strong>Avantajlar:<\/strong><\/p>\n<ul>\n<li>Tekrarlanabilir s\u00fcre\u00e7.<\/li>\n<li>Tutarl\u0131 sonu\u00e7lar.<\/li>\n<li>Is\u0131tma alan\u0131n\u0131n hassas kontrol\u00fc.<\/li>\n<li>H\u0131zl\u0131 \u0131s\u0131tma d\u00f6ng\u00fcs\u00fc.<\/li>\n<li>Oksidasyonu azalt\u0131n ve temizleyin.<\/li>\n<\/ul>\n<p><strong>Sonu\u00e7<\/strong><\/p>\n<p>FOCO INDUCTION taraf\u0131ndan tasarlanan \u00f6zel otomatik ind\u00fcksiyon lehimleme makinesi, bir daire testere b\u0131\u00e7a\u011f\u0131 ucunun ind\u00fcksiyon lehimlemesini 3-5 saniye i\u00e7inde tamamlayabilir. T\u00fcm s\u00fcre\u00e7 tamamen otomatiktir ve manuel i\u015flem gerektirmez. \u0130nd\u00fcksiyonla sert lehimleme son derece kontrol edilebilirdir ve metalik malzemelerin sert lehimlenmesi i\u00e7in uygundur. \u0130ster benzer metallerden iki par\u00e7ay\u0131 ister farkl\u0131 metalleri b\u00fcy\u00fck partiler halinde sert lehimliyor olun, tutarl\u0131l\u0131\u011f\u0131 art\u0131rmak i\u00e7in otomatik bir ind\u00fcksiyon sert lehimleme sistemi kullan\u0131labilir. En \u00f6nemlisi, \u00fcretim verimlili\u011fini en \u00fcst d\u00fczeye \u00e7\u0131karabilir ve i\u015fletmelere ve fabrikalara daha y\u00fcksek \u00fcretim faydalar\u0131 sa\u011flayabilir.<\/p>\n<p>Hakk\u0131nda daha fazlas\u0131n\u0131 okuyun <a href=\"https:\/\/www.focoinduction.com\/tr\/uygulamalar\/induksiyonla-sert-lehimleme\/\" target=\"_blank\" rel=\"noopener\"><br \/>\n  <span style=\"color: #0000ff;\">ind\u00fcksiyon lehimleme uygulamalar\u0131<\/span><br \/>\n<\/a>.<\/p>\n<\/div><\/div><\/div><\/div><\/div><div class=\"fusion-fullwidth fullwidth-box fusion-builder-row-2 fusion-flex-container has-pattern-background has-mask-background nonhundred-percent-fullwidth non-hundred-percent-height-scrolling\" style=\"--awb-border-sizes-bottom:1px;--awb-border-radius-top-left:0px;--awb-border-radius-top-right:0px;--awb-border-radius-bottom-right:0px;--awb-border-radius-bottom-left:0px;--awb-margin-top:20px;--awb-flex-wrap:wrap;\" ><div class=\"fusion-builder-row fusion-row fusion-flex-align-items-flex-start fusion-flex-content-wrap\" style=\"max-width:1248px;margin-left: calc(-4% \/ 2 );margin-right: calc(-4% \/ 2 );\"><div class=\"fusion-layout-column fusion_builder_column fusion-builder-column-1 fusion_builder_column_1_1 1_1 fusion-flex-column\" style=\"--awb-bg-size:cover;--awb-width-large:100%;--awb-margin-top-large:0px;--awb-spacing-right-large:1.92%;--awb-margin-bottom-large:0px;--awb-spacing-left-large:1.92%;--awb-width-medium:100%;--awb-order-medium:0;--awb-spacing-right-medium:1.92%;--awb-spacing-left-medium:1.92%;--awb-width-small:100%;--awb-order-small:0;--awb-spacing-right-small:1.92%;--awb-spacing-left-small:1.92%;\"><div class=\"fusion-column-wrapper fusion-column-has-shadow fusion-flex-justify-content-flex-start fusion-content-layout-column\"><div class=\"fusion-text fusion-text-2\" style=\"--awb-font-size:24px;--awb-text-transform:capitalize;\"><p><strong>Lehimleme Galerisi<\/strong><\/p>\n<\/div><\/div><\/div><div class=\"fusion-layout-column fusion_builder_column fusion-builder-column-2 fusion_builder_column_1_1 1_1 fusion-flex-column\" style=\"--awb-bg-size:cover;--awb-width-large:100%;--awb-margin-top-large:0px;--awb-spacing-right-large:1.92%;--awb-margin-bottom-large:20px;--awb-spacing-left-large:1.92%;--awb-width-medium:100%;--awb-order-medium:0;--awb-spacing-right-medium:1.92%;--awb-spacing-left-medium:1.92%;--awb-width-small:100%;--awb-order-small:0;--awb-spacing-right-small:1.92%;--awb-spacing-left-small:1.92%;\"><div class=\"fusion-column-wrapper fusion-column-has-shadow fusion-flex-justify-content-flex-start fusion-content-layout-column\"><div class=\"fusion-image-carousel fusion-image-carousel-auto fusion-image-carousel-1 lightbox-enabled fusion-carousel-border\"><div class=\"awb-carousel awb-swiper awb-swiper-carousel awb-carousel--carousel awb-swiper-dots-position-bottom\" data-layout=\"carousel\" data-autoplay=\"no\" data-autoplayspeed=\"3500\" data-autoplaypause=\"no\" data-columns=\"2\" data-columnsmedium=\"1\" data-columnssmall=\"1\" data-itemmargin=\"15\" data-itemwidth=\"180\" data-touchscroll=\"no\" data-freemode=\"no\" data-imagesize=\"auto\" data-scrollitems=\"0\" data-centeredslides=\"no\" data-rotationangle=\"50\" data-depth=\"100\" data-speed=\"500\" data-shadow=\"no\" data-pagination=\"bullets\" style=\"--awb-columns:2;--awb-column-spacing:15px;--awb-border-width:1px;--awb-border-color:#e9eaee;\"><div class=\"swiper-wrapper awb-image-carousel-wrapper fusion-flex-align-items-center\"><div class=\"swiper-slide\"><div class=\"fusion-carousel-item-wrapper\"><div class=\"fusion-image-wrapper hover-type-none\"><a data-rel=\"iLightbox[image_carousel_1]\" data-caption=\"Induction Brazing of Circular Saw Blades\" data-title=\"Induction Brazing of Circular Saw Blades\" aria-label=\"Induction Brazing of Circular Saw Blades\" href=\"https:\/\/www.focoinduction.com\/wp-content\/uploads\/2022\/10\/Induction-Brazing-of-Circular-Saw-Blades.jpg\" target=\"_self\"><img decoding=\"async\" width=\"600\" height=\"400\" src=\"https:\/\/www.focoinduction.com\/wp-content\/uploads\/2022\/10\/Induction-Brazing-of-Circular-Saw-Blades.jpg\" class=\"attachment-full size-full\" alt=\"Daire Testere B\u0131\u00e7aklar\u0131n\u0131n \u0130nd\u00fcksiyonla Sert Lehimlenmesi\" srcset=\"https:\/\/www.focoinduction.com\/wp-content\/uploads\/2022\/10\/Induction-Brazing-of-Circular-Saw-Blades-200x133.jpg 200w, https:\/\/www.focoinduction.com\/wp-content\/uploads\/2022\/10\/Induction-Brazing-of-Circular-Saw-Blades-400x267.jpg 400w, https:\/\/www.focoinduction.com\/wp-content\/uploads\/2022\/10\/Induction-Brazing-of-Circular-Saw-Blades.jpg 600w\" sizes=\"(min-width: 2200px) 100vw, (min-width: 712px) 593px, (min-width: 640px) 712px, \" \/><\/a><\/div><\/div><\/div><div class=\"swiper-slide\"><div class=\"fusion-carousel-item-wrapper\"><div class=\"fusion-image-wrapper hover-type-none\"><a data-rel=\"iLightbox[image_carousel_1]\" data-caption=\"Brazing of Circular Saw Blades\" data-title=\"Brazing of Circular Saw Blades\" aria-label=\"Brazing of Circular Saw Blades\" href=\"https:\/\/www.focoinduction.com\/wp-content\/uploads\/2022\/10\/Brazing-of-Circular-Saw-Blades.jpg\" target=\"_self\"><img decoding=\"async\" width=\"600\" height=\"400\" src=\"https:\/\/www.focoinduction.com\/wp-content\/uploads\/2022\/10\/Brazing-of-Circular-Saw-Blades.jpg\" class=\"attachment-full size-full\" alt=\"Daire Testere B\u0131\u00e7aklar\u0131n\u0131n Sert Lehimlenmesi\" srcset=\"https:\/\/www.focoinduction.com\/wp-content\/uploads\/2022\/10\/Brazing-of-Circular-Saw-Blades-200x133.jpg 200w, https:\/\/www.focoinduction.com\/wp-content\/uploads\/2022\/10\/Brazing-of-Circular-Saw-Blades-400x267.jpg 400w, https:\/\/www.focoinduction.com\/wp-content\/uploads\/2022\/10\/Brazing-of-Circular-Saw-Blades.jpg 600w\" sizes=\"(min-width: 2200px) 100vw, (min-width: 712px) 593px, (min-width: 640px) 712px, \" \/><\/a><\/div><\/div><\/div><div class=\"swiper-slide\"><div class=\"fusion-carousel-item-wrapper\"><div class=\"fusion-image-wrapper hover-type-none\"><a data-rel=\"iLightbox[image_carousel_1]\" data-caption=\"Induction Brazing of Circular Saw Blades 1\" data-title=\"Induction Brazing of Circular Saw Blades 1\" aria-label=\"Induction Brazing of Circular Saw Blades 1\" href=\"https:\/\/www.focoinduction.com\/wp-content\/uploads\/2022\/10\/Induction-Brazing-of-Circular-Saw-Blades-1.jpg\" target=\"_self\"><img decoding=\"async\" width=\"600\" height=\"400\" src=\"https:\/\/www.focoinduction.com\/wp-content\/uploads\/2022\/10\/Induction-Brazing-of-Circular-Saw-Blades-1.jpg\" class=\"attachment-full size-full\" alt=\"Daire Testere B\u0131\u00e7aklar\u0131n\u0131n \u0130nd\u00fcksiyonla Sert Lehimlenmesi\" srcset=\"https:\/\/www.focoinduction.com\/wp-content\/uploads\/2022\/10\/Induction-Brazing-of-Circular-Saw-Blades-1-200x133.jpg 200w, https:\/\/www.focoinduction.com\/wp-content\/uploads\/2022\/10\/Induction-Brazing-of-Circular-Saw-Blades-1-400x267.jpg 400w, https:\/\/www.focoinduction.com\/wp-content\/uploads\/2022\/10\/Induction-Brazing-of-Circular-Saw-Blades-1.jpg 600w\" sizes=\"(min-width: 2200px) 100vw, (min-width: 712px) 593px, (min-width: 640px) 712px, \" \/><\/a><\/div><\/div><\/div><\/div><div class=\"awb-swiper-button awb-swiper-button-prev\"><i class=\"awb-icon-angle-left\" aria-hidden=\"true\"><\/i><\/div><div class=\"awb-swiper-button awb-swiper-button-next\"><i class=\"awb-icon-angle-right\" aria-hidden=\"true\"><\/i><\/div><\/div><\/div><\/div><\/div><\/div><\/div><\/p>\n","protected":false},"excerpt":{"rendered":"","protected":false},"author":1,"featured_media":4639,"parent":6027,"menu_order":0,"comment_status":"closed","ping_status":"closed","template":"","meta":{"footnotes":""},"class_list":["post-6616","page","type-page","status-publish","has-post-thumbnail","hentry"],"_links":{"self":[{"href":"https:\/\/www.focoinduction.com\/tr\/wp-json\/wp\/v2\/pages\/6616","targetHints":{"allow":["GET"]}}],"collection":[{"href":"https:\/\/www.focoinduction.com\/tr\/wp-json\/wp\/v2\/pages"}],"about":[{"href":"https:\/\/www.focoinduction.com\/tr\/wp-json\/wp\/v2\/types\/page"}],"author":[{"embeddable":true,"href":"https:\/\/www.focoinduction.com\/tr\/wp-json\/wp\/v2\/users\/1"}],"replies":[{"embeddable":true,"href":"https:\/\/www.focoinduction.com\/tr\/wp-json\/wp\/v2\/comments?post=6616"}],"version-history":[{"count":0,"href":"https:\/\/www.focoinduction.com\/tr\/wp-json\/wp\/v2\/pages\/6616\/revisions"}],"up":[{"embeddable":true,"href":"https:\/\/www.focoinduction.com\/tr\/wp-json\/wp\/v2\/pages\/6027"}],"wp:featuredmedia":[{"embeddable":true,"href":"https:\/\/www.focoinduction.com\/tr\/wp-json\/wp\/v2\/media\/4639"}],"wp:attachment":[{"href":"https:\/\/www.focoinduction.com\/tr\/wp-json\/wp\/v2\/media?parent=6616"}],"curies":[{"name":"wp","href":"https:\/\/api.w.org\/{rel}","templated":true}]}}