{"id":6631,"date":"2022-09-28T11:46:47","date_gmt":"2022-09-28T03:46:47","guid":{"rendered":"https:\/\/www.focoinduction.com\/uygulamalar\/induksiyonla-sert-lehimleme\/bakir-boruyu-pirinc-ek-parcalara-lehimleme\/"},"modified":"2023-05-16T09:28:54","modified_gmt":"2023-05-16T01:28:54","slug":"bakir-boruyu-pirinc-ek-parcalara-lehimleme","status":"publish","type":"page","link":"https:\/\/www.focoinduction.com\/tr\/uygulamalar\/induksiyonla-sert-lehimleme\/bakir-boruyu-pirinc-ek-parcalara-lehimleme\/","title":{"rendered":"Bak\u0131r Boruyu Pirin\u00e7 Ek Par\u00e7alara Lehimleme"},"content":{"rendered":"<p><div class=\"fusion-fullwidth fullwidth-box fusion-builder-row-1 fusion-flex-container has-pattern-background has-mask-background nonhundred-percent-fullwidth non-hundred-percent-height-scrolling\" style=\"--awb-border-radius-top-left:0px;--awb-border-radius-top-right:0px;--awb-border-radius-bottom-right:0px;--awb-border-radius-bottom-left:0px;--awb-flex-wrap:wrap;\" ><div class=\"fusion-builder-row fusion-row fusion-flex-align-items-flex-start fusion-flex-content-wrap\" style=\"max-width:1248px;margin-left: calc(-4% \/ 2 );margin-right: calc(-4% \/ 2 );\"><div class=\"fusion-layout-column fusion_builder_column fusion-builder-column-0 fusion_builder_column_1_1 1_1 fusion-flex-column\" style=\"--awb-bg-size:cover;--awb-width-large:100%;--awb-margin-top-large:0px;--awb-spacing-right-large:1.92%;--awb-margin-bottom-large:20px;--awb-spacing-left-large:1.92%;--awb-width-medium:100%;--awb-order-medium:0;--awb-spacing-right-medium:1.92%;--awb-spacing-left-medium:1.92%;--awb-width-small:100%;--awb-order-small:0;--awb-spacing-right-small:1.92%;--awb-spacing-left-small:1.92%;\"><div class=\"fusion-column-wrapper fusion-column-has-shadow fusion-flex-justify-content-flex-start fusion-content-layout-column\"><div class=\"fusion-text fusion-text-1\"><h2>Bak\u0131rdan pirince ind\u00fcksiyon lehimleme uygulamas\u0131<\/h2>\n<p>FOCO ind\u00fcksiyon \u0131s\u0131tma laboratuvar\u0131nda, bak\u0131r boruyu pirin\u00e7 ba\u011flant\u0131 par\u00e7alar\u0131na ind\u00fcksiyonla lehimleme testlerini tamamlad\u0131k.<\/p>\n<p>M\u00fc\u015fteri gereksinimlerine g\u00f6re, bak\u0131r borular\u0131 pirin\u00e7 bile\u015fenlere 20 saniye i\u00e7inde ind\u00fcksiyonla lehimlemeliyiz. M\u00fc\u015fterinin test numunelerini ald\u0131ktan sonra, el tipi bir ind\u00fcksiyon lehimleme makinesi kullanarak bak\u0131r boru ve pirin\u00e7 ba\u011flant\u0131 par\u00e7alar\u0131 numuneleri \u00fczerinde ind\u00fcksiyon lehimleme testleri ger\u00e7ekle\u015ftirdik.<\/p>\n<p><strong>Bak\u0131r Lehimleme Makinesi:<\/strong><br \/>\n<span style=\"color: #0000ff;\"><br \/>\n  <a style=\"color: #0000ff;\" href=\"https:\/\/www.focoinduction.com\/tr\/urunler\/induksiyon-lehimleme-makineleri\/el-induksiyonlu-lehimleme-makinesi\/\" target=\"_blank\" rel=\"noopener\">10 kW El Tipi \u0130nd\u00fcksiyonlu Lehimleme Makinesi<\/a><br \/>\n<\/span>.<\/p>\n<p>10 kW ta\u015f\u0131nabilir el tipi ind\u00fcksiyonlu lehimleme makinesi ak\u0131ll\u0131 bir PLC kontrol sistemi kullan\u0131r. Bu bir <span style=\"color: #0000ff;\"><br \/>\n  <a style=\"color: #0000ff;\" href=\"https:\/\/www.focoinduction.com\/tr\/urunler\/induksiyonlu-isitma-makineleri\/ultra-yuksek-frekansli-induksiyonlu-isitma-makinesi\/\" target=\"_blank\" rel=\"noopener\">UHF ind\u00fcksiyonlu \u0131s\u0131tma g\u00fc\u00e7 kayna\u011f\u0131<\/a><br \/>\n<\/span> ve dahili bir su so\u011futma sistemi ile donat\u0131lm\u0131\u015ft\u0131r. \u0130nd\u00fcksiyon lehimleme prosesinde, daha kullan\u0131c\u0131 dostu bir lehimleme prosesi i\u00e7in el tipi bir ind\u00fcksiyon lehimleme sistemi kullan\u0131yoruz.<\/p>\n<p><strong>Bak\u0131rdan pirince lehimleme i\u015flemi:<\/strong><\/p>\n<ol>\n<li>Bak\u0131r boruyu ve pirin\u00e7 ba\u011flant\u0131 par\u00e7alar\u0131n\u0131 birlikte tak\u0131n.<\/li>\n<li>Flux ve dolguyu bak\u0131r boru ba\u011flant\u0131 bo\u015flu\u011fu pozisyonuna yerle\u015ftirin.<\/li>\n<li>Operat\u00f6r FOCO el tipi ind\u00fcksiyonlu sert lehim makinesini tutar, bobini ba\u011flant\u0131 ile hizalar ve \u0131s\u0131tmaya ba\u015flar.<\/li>\n<li>20 saniyelik \u0131s\u0131tmadan sonra bak\u0131r boru ve pirin\u00e7 bile\u015fenler birle\u015ftirilir ve ind\u00fcksiyon lehimlemesi tamamlan\u0131r.<\/li>\n<\/ol>\n<p><strong>Avantajlar:<\/strong><\/p>\n<ul>\n<li>\u00c7abuk \u0131s\u0131n\u0131r ve oksidasyonu azalt\u0131r.<\/li>\n<li>K\u00fc\u00e7\u00fck deformasyon, hassas par\u00e7alar i\u00e7in uygun olmas\u0131n\u0131 sa\u011flar.<\/li>\n<li>Is\u0131tma s\u00fcresi hassas bir \u015fekilde kontrol edilebilir.<\/li>\n<li>Enerji tasarrufu i\u00e7in ayarlanabilir g\u00fc\u00e7.<\/li>\n<li>Basit kullan\u0131m ile tekrarlanabilir s\u00fcre\u00e7.<\/li>\n<\/ul>\n<p><strong>Sonu\u00e7<\/strong><\/p>\n<p>10 kW FOCO el tipi ind\u00fcksiyonlu lehimleme makinesi kullanarak, bak\u0131r bir boruyu pirin\u00e7 bir ba\u011flant\u0131 par\u00e7as\u0131na 20 saniyenin alt\u0131nda ba\u015far\u0131yla lehimledik. T\u00fcm s\u00fcre\u00e7 h\u0131zl\u0131d\u0131r ve lehimli bak\u0131r boru ba\u011flant\u0131s\u0131n\u0131n y\u00fczeyi p\u00fcr\u00fczs\u00fcz ve daha az oksitlenmi\u015ftir. El tipi ind\u00fcksiyon \u0131s\u0131tma sistemlerimiz bak\u0131r\u0131n bak\u0131ra, bak\u0131r\u0131n pirince, bak\u0131r\u0131n \u00e7eli\u011fe, al\u00fcminyumun al\u00fcminyuma ve daha fazlas\u0131n\u0131n ind\u00fcksiyonla lehimlenmesini sa\u011flar.<\/p>\n<p>Hakk\u0131nda daha fazlas\u0131n\u0131 okuyun <span style=\"color: #0000ff;\"><br \/>\n  <a style=\"color: #0000ff;\" href=\"https:\/\/www.focoinduction.com\/tr\/uygulamalar\/induksiyonla-sert-lehimleme\/\" target=\"_blank\" rel=\"noopener\">ind\u00fcksiyon lehimleme uygulamalar\u0131<\/a><br \/>\n<\/span>.<\/p>\n<\/div><\/div><\/div><\/div><\/div><div class=\"fusion-fullwidth fullwidth-box fusion-builder-row-2 fusion-flex-container nonhundred-percent-fullwidth non-hundred-percent-height-scrolling\" style=\"--awb-border-sizes-bottom:1px;--awb-border-radius-top-left:0px;--awb-border-radius-top-right:0px;--awb-border-radius-bottom-right:0px;--awb-border-radius-bottom-left:0px;--awb-flex-wrap:wrap;\" ><div class=\"fusion-builder-row fusion-row fusion-flex-align-items-flex-start fusion-flex-content-wrap\" style=\"max-width:1248px;margin-left: calc(-4% \/ 2 );margin-right: calc(-4% \/ 2 );\"><div class=\"fusion-layout-column fusion_builder_column fusion-builder-column-1 fusion_builder_column_1_1 1_1 fusion-flex-column\" style=\"--awb-bg-size:cover;--awb-width-large:100%;--awb-margin-top-large:0px;--awb-spacing-right-large:1.92%;--awb-margin-bottom-large:0px;--awb-spacing-left-large:1.92%;--awb-width-medium:100%;--awb-order-medium:0;--awb-spacing-right-medium:1.92%;--awb-spacing-left-medium:1.92%;--awb-width-small:100%;--awb-order-small:0;--awb-spacing-right-small:1.92%;--awb-spacing-left-small:1.92%;\"><div class=\"fusion-column-wrapper fusion-column-has-shadow fusion-flex-justify-content-flex-start fusion-content-layout-column\"><div class=\"fusion-text fusion-text-2\" style=\"--awb-font-size:24px;--awb-text-transform:capitalize;\"><p><strong>Galeri<\/strong><\/p>\n<\/div><\/div><\/div><div class=\"fusion-layout-column fusion_builder_column fusion-builder-column-2 fusion_builder_column_1_1 1_1 fusion-flex-column\" style=\"--awb-bg-size:cover;--awb-width-large:100%;--awb-margin-top-large:0px;--awb-spacing-right-large:1.92%;--awb-margin-bottom-large:20px;--awb-spacing-left-large:1.92%;--awb-width-medium:100%;--awb-order-medium:0;--awb-spacing-right-medium:1.92%;--awb-spacing-left-medium:1.92%;--awb-width-small:100%;--awb-order-small:0;--awb-spacing-right-small:1.92%;--awb-spacing-left-small:1.92%;\"><div class=\"fusion-column-wrapper fusion-column-has-shadow fusion-flex-justify-content-flex-start fusion-content-layout-column\"><div class=\"fusion-image-carousel fusion-image-carousel-auto fusion-image-carousel-1 lightbox-enabled fusion-carousel-border\"><div class=\"awb-carousel awb-swiper awb-swiper-carousel awb-carousel--carousel awb-swiper-dots-position-bottom\" data-layout=\"carousel\" data-autoplay=\"no\" data-autoplayspeed=\"3500\" data-autoplaypause=\"no\" data-columns=\"2\" data-columnsmedium=\"1\" data-columnssmall=\"1\" data-itemmargin=\"15\" data-itemwidth=\"180\" data-touchscroll=\"no\" data-freemode=\"no\" data-imagesize=\"auto\" data-scrollitems=\"0\" data-centeredslides=\"no\" data-rotationangle=\"50\" data-depth=\"100\" data-speed=\"500\" data-shadow=\"no\" data-pagination=\"bullets\" style=\"--awb-columns:2;--awb-column-spacing:15px;--awb-border-width:1px;--awb-border-color:#e9eaee;\"><div class=\"swiper-wrapper awb-image-carousel-wrapper fusion-flex-align-items-center\"><div class=\"swiper-slide\"><div class=\"fusion-carousel-item-wrapper\"><div class=\"fusion-image-wrapper hover-type-none\"><a data-rel=\"iLightbox[image_carousel_1]\" data-caption=\"Brazing copper tube to brass fittings\" data-title=\"Brazing copper tube to brass fittings\" aria-label=\"Brazing copper tube to brass fittings\" href=\"https:\/\/www.focoinduction.com\/wp-content\/uploads\/2022\/09\/Brazing-copper-tube-to-brass-fittings.jpg\" target=\"_self\"><img decoding=\"async\" width=\"600\" height=\"400\" src=\"https:\/\/www.focoinduction.com\/wp-content\/uploads\/2022\/09\/Brazing-copper-tube-to-brass-fittings.jpg\" class=\"attachment-full size-full\" alt=\"Bak\u0131r boruyu pirin\u00e7 ba\u011flant\u0131 par\u00e7alar\u0131na lehimleme\" srcset=\"https:\/\/www.focoinduction.com\/wp-content\/uploads\/2022\/09\/Brazing-copper-tube-to-brass-fittings-200x133.jpg 200w, https:\/\/www.focoinduction.com\/wp-content\/uploads\/2022\/09\/Brazing-copper-tube-to-brass-fittings-400x267.jpg 400w, https:\/\/www.focoinduction.com\/wp-content\/uploads\/2022\/09\/Brazing-copper-tube-to-brass-fittings.jpg 600w\" sizes=\"(min-width: 2200px) 100vw, (min-width: 712px) 593px, (min-width: 640px) 712px, \" \/><\/a><\/div><\/div><\/div><div class=\"swiper-slide\"><div class=\"fusion-carousel-item-wrapper\"><div class=\"fusion-image-wrapper hover-type-none\"><a data-rel=\"iLightbox[image_carousel_1]\" data-caption=\"Brazing copper pipe to brass fittings with induction heating\" data-title=\"Brazing copper pipe to brass fittings with induction heating\" aria-label=\"Brazing copper pipe to brass fittings with induction heating\" href=\"https:\/\/www.focoinduction.com\/wp-content\/uploads\/2022\/09\/Brazing-copper-pipe-to-brass-fittings-with-induction-heating.jpg\" target=\"_self\"><img decoding=\"async\" width=\"600\" height=\"400\" src=\"https:\/\/www.focoinduction.com\/wp-content\/uploads\/2022\/09\/Brazing-copper-pipe-to-brass-fittings-with-induction-heating.jpg\" class=\"attachment-full size-full\" alt=\"Bak\u0131r borunun pirin\u00e7 ba\u011flant\u0131 par\u00e7alar\u0131na ind\u00fcksiyonlu \u0131s\u0131tma ile lehimlenmesi\" srcset=\"https:\/\/www.focoinduction.com\/wp-content\/uploads\/2022\/09\/Brazing-copper-pipe-to-brass-fittings-with-induction-heating-200x133.jpg 200w, https:\/\/www.focoinduction.com\/wp-content\/uploads\/2022\/09\/Brazing-copper-pipe-to-brass-fittings-with-induction-heating-400x267.jpg 400w, https:\/\/www.focoinduction.com\/wp-content\/uploads\/2022\/09\/Brazing-copper-pipe-to-brass-fittings-with-induction-heating.jpg 600w\" sizes=\"(min-width: 2200px) 100vw, (min-width: 712px) 593px, (min-width: 640px) 712px, \" \/><\/a><\/div><\/div><\/div><div class=\"swiper-slide\"><div class=\"fusion-carousel-item-wrapper\"><div class=\"fusion-image-wrapper hover-type-none\"><a data-rel=\"iLightbox[image_carousel_1]\" data-caption=\"Induction Brazing copper pipe to brass fittings\" data-title=\"Induction Brazing copper pipe to brass fittings\" aria-label=\"Induction Brazing copper pipe to brass fittings\" href=\"https:\/\/www.focoinduction.com\/wp-content\/uploads\/2022\/09\/Induction-Brazing-copper-pipe-to-brass-fittings.jpg\" target=\"_self\"><img decoding=\"async\" width=\"600\" height=\"400\" src=\"https:\/\/www.focoinduction.com\/wp-content\/uploads\/2022\/09\/Induction-Brazing-copper-pipe-to-brass-fittings.jpg\" class=\"attachment-full size-full\" alt=\"Bak\u0131r borunun pirin\u00e7 ba\u011flant\u0131 par\u00e7alar\u0131na ind\u00fcksiyonla lehimlenmesi\" srcset=\"https:\/\/www.focoinduction.com\/wp-content\/uploads\/2022\/09\/Induction-Brazing-copper-pipe-to-brass-fittings-200x133.jpg 200w, https:\/\/www.focoinduction.com\/wp-content\/uploads\/2022\/09\/Induction-Brazing-copper-pipe-to-brass-fittings-400x267.jpg 400w, https:\/\/www.focoinduction.com\/wp-content\/uploads\/2022\/09\/Induction-Brazing-copper-pipe-to-brass-fittings.jpg 600w\" sizes=\"(min-width: 2200px) 100vw, (min-width: 712px) 593px, (min-width: 640px) 712px, \" \/><\/a><\/div><\/div><\/div><\/div><div class=\"awb-swiper-button awb-swiper-button-prev\"><i class=\"awb-icon-angle-left\" aria-hidden=\"true\"><\/i><\/div><div class=\"awb-swiper-button awb-swiper-button-next\"><i class=\"awb-icon-angle-right\" aria-hidden=\"true\"><\/i><\/div><\/div><\/div><\/div><\/div><\/div><\/div><\/p>\n","protected":false},"excerpt":{"rendered":"","protected":false},"author":1,"featured_media":4595,"parent":6027,"menu_order":0,"comment_status":"closed","ping_status":"closed","template":"","meta":{"footnotes":""},"class_list":["post-6631","page","type-page","status-publish","has-post-thumbnail","hentry"],"_links":{"self":[{"href":"https:\/\/www.focoinduction.com\/tr\/wp-json\/wp\/v2\/pages\/6631","targetHints":{"allow":["GET"]}}],"collection":[{"href":"https:\/\/www.focoinduction.com\/tr\/wp-json\/wp\/v2\/pages"}],"about":[{"href":"https:\/\/www.focoinduction.com\/tr\/wp-json\/wp\/v2\/types\/page"}],"author":[{"embeddable":true,"href":"https:\/\/www.focoinduction.com\/tr\/wp-json\/wp\/v2\/users\/1"}],"replies":[{"embeddable":true,"href":"https:\/\/www.focoinduction.com\/tr\/wp-json\/wp\/v2\/comments?post=6631"}],"version-history":[{"count":0,"href":"https:\/\/www.focoinduction.com\/tr\/wp-json\/wp\/v2\/pages\/6631\/revisions"}],"up":[{"embeddable":true,"href":"https:\/\/www.focoinduction.com\/tr\/wp-json\/wp\/v2\/pages\/6027"}],"wp:featuredmedia":[{"embeddable":true,"href":"https:\/\/www.focoinduction.com\/tr\/wp-json\/wp\/v2\/media\/4595"}],"wp:attachment":[{"href":"https:\/\/www.focoinduction.com\/tr\/wp-json\/wp\/v2\/media?parent=6631"}],"curies":[{"name":"wp","href":"https:\/\/api.w.org\/{rel}","templated":true}]}}