{"id":6662,"date":"2022-08-16T15:27:05","date_gmt":"2022-08-16T07:27:05","guid":{"rendered":"https:\/\/www.focoinduction.com\/induksiyonla-eritme\/induksiyonla-isitma-ile-300-kg-gumusun-eritilmesi\/"},"modified":"2023-05-16T09:28:55","modified_gmt":"2023-05-16T01:28:55","slug":"induksiyonla-isitma-ile-300-kg-gumusun-eritilmesi","status":"publish","type":"page","link":"https:\/\/www.focoinduction.com\/tr\/uygulamalar\/induksiyonla-eritme\/induksiyonla-isitma-ile-300-kg-gumusun-eritilmesi\/","title":{"rendered":"\u0130nd\u00fcksiyonla Is\u0131tma ile 300 kg G\u00fcm\u00fc\u015f\u00fcn Eritilmesi"},"content":{"rendered":"<p><div class=\"fusion-fullwidth fullwidth-box fusion-builder-row-1 fusion-flex-container nonhundred-percent-fullwidth non-hundred-percent-height-scrolling\" style=\"--awb-border-radius-top-left:0px;--awb-border-radius-top-right:0px;--awb-border-radius-bottom-right:0px;--awb-border-radius-bottom-left:0px;--awb-flex-wrap:wrap;\" ><div class=\"fusion-builder-row fusion-row fusion-flex-align-items-flex-start fusion-flex-content-wrap\" style=\"max-width:1248px;margin-left: calc(-4% \/ 2 );margin-right: calc(-4% \/ 2 );\"><div class=\"fusion-layout-column fusion_builder_column fusion-builder-column-0 fusion_builder_column_1_1 1_1 fusion-flex-column\" style=\"--awb-bg-size:cover;--awb-width-large:100%;--awb-margin-top-large:0px;--awb-spacing-right-large:1.92%;--awb-margin-bottom-large:20px;--awb-spacing-left-large:1.92%;--awb-width-medium:100%;--awb-order-medium:0;--awb-spacing-right-medium:1.92%;--awb-spacing-left-medium:1.92%;--awb-width-small:100%;--awb-order-small:0;--awb-spacing-right-small:1.92%;--awb-spacing-left-small:1.92%;\"><div class=\"fusion-column-wrapper fusion-column-has-shadow fusion-flex-justify-content-flex-start fusion-content-layout-column\"><div class=\"fusion-text fusion-text-1\"><h2>\u0130nd\u00fcksiyon Ergitme Oca\u011f\u0131 300 kg G\u00fcm\u00fc\u015f Ergitmek i\u00e7in<\/h2>\n<p>K\u00fc\u00e7\u00fck bir d\u00f6k\u00fcmhanenin 300 kg g\u00fcm\u00fc\u015f\u00fc eritmek ve ard\u0131ndan g\u00fcm\u00fc\u015f k\u00fcl\u00e7eler d\u00f6kmek i\u00e7in ind\u00fcksiyonlu \u0131s\u0131tma kullanmas\u0131 gerekiyor. G\u00fcm\u00fc\u015f de\u011ferli bir metal oldu\u011fundan, FOCO m\u00fc\u015fterilerine d\u00f6kme s\u0131ras\u0131nda s\u0131v\u0131 s\u0131\u00e7ramas\u0131ndan kaynaklanan kayb\u0131 azaltmak i\u00e7in sabit bir f\u0131r\u0131n kullanan bir ind\u00fcksiyon alt\u0131n eritme f\u0131r\u0131n\u0131 sunmaktad\u0131r. Operat\u00f6r\u00fcn potay\u0131 \u00e7\u0131karmak ve erimi\u015f g\u00fcm\u00fc\u015f\u00fc kal\u0131ba d\u00f6kmek i\u00e7in pota k\u0131skac\u0131n\u0131 kullanmas\u0131 gerekir.<\/p>\n<\/div><\/div><\/div><\/div><\/div><div class=\"fusion-fullwidth fullwidth-box fusion-builder-row-2 fusion-flex-container nonhundred-percent-fullwidth non-hundred-percent-height-scrolling\" style=\"--awb-border-radius-top-left:0px;--awb-border-radius-top-right:0px;--awb-border-radius-bottom-right:0px;--awb-border-radius-bottom-left:0px;--awb-padding-top:30px;--awb-padding-right:30px;--awb-padding-bottom:30px;--awb-padding-left:30px;--awb-margin-bottom:40px;--awb-background-color:#d3d3d3;--awb-flex-wrap:wrap;\" ><div class=\"fusion-builder-row fusion-row fusion-flex-align-items-flex-start fusion-flex-content-wrap\" style=\"max-width:1248px;margin-left: calc(-4% \/ 2 );margin-right: calc(-4% \/ 2 );\"><div class=\"fusion-layout-column fusion_builder_column fusion-builder-column-1 fusion_builder_column_1_2 1_2 fusion-flex-column\" style=\"--awb-padding-right:30px;--awb-bg-size:cover;--awb-width-large:50%;--awb-margin-top-large:0px;--awb-spacing-right-large:3.84%;--awb-margin-bottom-large:20px;--awb-spacing-left-large:3.84%;--awb-width-medium:50%;--awb-order-medium:0;--awb-spacing-right-medium:3.84%;--awb-spacing-left-medium:3.84%;--awb-width-small:100%;--awb-order-small:0;--awb-spacing-right-small:1.92%;--awb-spacing-left-small:1.92%;\"><div class=\"fusion-column-wrapper fusion-column-has-shadow fusion-flex-justify-content-flex-start fusion-content-layout-column\"><div class=\"fusion-text fusion-text-2\"><p><strong>Ekipman:<\/strong><\/p>\n<ul>\n<li><span style=\"color: #0000ff;\"><a style=\"color: #0000ff;\" href=\"https:\/\/www.focoinduction.com\/induction-heating-equipment\/induction-melting-furnace\/induction-gold-melting-furnace\/\" target=\"_blank\" rel=\"noopener\">160 kW ind\u00fcksiyonlu alt\u0131n eritme oca\u011f\u0131<\/a><\/span><\/li>\n<\/ul>\n<p>Bu, FOCO taraf\u0131ndan tasarlanm\u0131\u015f bir ind\u00fcksiyon eritme oca\u011f\u0131d\u0131r ve \u00f6zellikle alt\u0131n ve g\u00fcm\u00fc\u015f gibi de\u011ferli metalleri eritmek i\u00e7in kullan\u0131l\u0131r. H\u0131zl\u0131 bir \u0131s\u0131tma h\u0131z\u0131na ve uzun bir hizmet \u00f6mr\u00fcne sahip olan bir silikon karb\u00fcr pota ile donat\u0131lm\u0131\u015ft\u0131r. F\u0131r\u0131n g\u00f6vde k\u0131sm\u0131 (pota), ters \u00e7evrilebilen bir rafa de\u011fil, do\u011frudan zemine monte edilir.<\/p>\n<div class=\"fusion-button-wrapper\"><a class=\"fusion-button button-flat fusion-button-default-size button-custom fusion-button-default button-1 fusion-button-default-span fusion-button-default-type\" style=\"--button_accent_color:#ffffff;--button_accent_hover_color:#222222;--button_border_hover_color:rgba(255,255,255,0);--button_gradient_top_color:#ff9600;--button_gradient_bottom_color:#ff9600;--button_gradient_top_color_hover:#eeeeee;--button_gradient_bottom_color_hover:#eeeeee;\" target=\"_blank\" rel=\"noopener noreferrer\" title=\"ind\u00fcksiyon alt\u0131n eritme f\u0131r\u0131n\u0131\" aria-label=\"ind\u00fcksiyon alt\u0131n eritme f\u0131r\u0131n\u0131\" href=\"https:\/\/www.focoinduction.com\/induction-heating-equipment\/induction-melting-furnace\/induction-gold-melting-furnace\/\"><span class=\"fusion-button-text awb-button__text awb-button__text--default\">Daha Fazla Bilgi<\/span><\/a><\/div>\n<\/div><\/div><\/div><div class=\"fusion-layout-column fusion_builder_column fusion-builder-column-2 fusion_builder_column_1_2 1_2 fusion-flex-column\" style=\"--awb-bg-size:cover;--awb-width-large:50%;--awb-margin-top-large:0px;--awb-spacing-right-large:3.84%;--awb-margin-bottom-large:20px;--awb-spacing-left-large:3.84%;--awb-width-medium:50%;--awb-order-medium:0;--awb-spacing-right-medium:3.84%;--awb-spacing-left-medium:3.84%;--awb-width-small:100%;--awb-order-small:0;--awb-spacing-right-small:1.92%;--awb-spacing-left-small:1.92%;\"><div class=\"fusion-column-wrapper fusion-column-has-shadow fusion-flex-justify-content-flex-start fusion-content-layout-column\"><div class=\"fusion-image-element \" style=\"--awb-max-width:320px;--awb-caption-title-font-family:var(--h2_typography-font-family);--awb-caption-title-font-weight:var(--h2_typography-font-weight);--awb-caption-title-font-style:var(--h2_typography-font-style);--awb-caption-title-size:var(--h2_typography-font-size);--awb-caption-title-transform:var(--h2_typography-text-transform);--awb-caption-title-line-height:var(--h2_typography-line-height);--awb-caption-title-letter-spacing:var(--h2_typography-letter-spacing);\"><span class=\" fusion-imageframe imageframe-none imageframe-1 hover-type-none\"><a href=\"https:\/\/www.focoinduction.com\/wp-content\/uploads\/2022\/08\/induction-melting-furnace-for-gold-and-silver.jpg\" class=\"fusion-lightbox\" data-rel=\"iLightbox[alt\u0131n ve g\u00fcm\u00fc\u015f i\u00e7in ind\u00fcksiyon ergitme f\u0131r\u0131n\u0131]\" data-caption=\"induction melting furnace for gold and silver\" data-title=\"induction melting furnace for gold and silver\" title=\"induction melting furnace for gold and silver\"><img decoding=\"async\" width=\"420\" height=\"460\" alt=\"alt\u0131n ve g\u00fcm\u00fc\u015f i\u00e7in ind\u00fcksiyon ergitme f\u0131r\u0131n\u0131\" src=\"https:\/\/www.focoinduction.com\/wp-content\/uploads\/2022\/08\/induction-melting-furnace-for-gold-and-silver.jpg\" class=\"img-responsive wp-image-4079\" srcset=\"https:\/\/www.focoinduction.com\/wp-content\/uploads\/2022\/08\/induction-melting-furnace-for-gold-and-silver-200x219.jpg 200w, https:\/\/www.focoinduction.com\/wp-content\/uploads\/2022\/08\/induction-melting-furnace-for-gold-and-silver-400x438.jpg 400w, https:\/\/www.focoinduction.com\/wp-content\/uploads\/2022\/08\/induction-melting-furnace-for-gold-and-silver.jpg 420w\" sizes=\"(max-width: 768px) 100vw, 420px\" \/><\/a><\/span><\/div><\/div><\/div><\/div><\/div><div class=\"fusion-fullwidth fullwidth-box fusion-builder-row-3 fusion-flex-container nonhundred-percent-fullwidth non-hundred-percent-height-scrolling\" style=\"--awb-border-sizes-bottom:1px;--awb-border-radius-top-left:0px;--awb-border-radius-top-right:0px;--awb-border-radius-bottom-right:0px;--awb-border-radius-bottom-left:0px;--awb-flex-wrap:wrap;\" ><div class=\"fusion-builder-row fusion-row fusion-flex-align-items-flex-start fusion-flex-content-wrap\" style=\"max-width:1248px;margin-left: calc(-4% \/ 2 );margin-right: calc(-4% \/ 2 );\"><div class=\"fusion-layout-column fusion_builder_column fusion-builder-column-3 fusion_builder_column_1_1 1_1 fusion-flex-column\" style=\"--awb-bg-size:cover;--awb-width-large:100%;--awb-margin-top-large:0px;--awb-spacing-right-large:1.92%;--awb-margin-bottom-large:20px;--awb-spacing-left-large:1.92%;--awb-width-medium:100%;--awb-order-medium:0;--awb-spacing-right-medium:1.92%;--awb-spacing-left-medium:1.92%;--awb-width-small:100%;--awb-order-small:0;--awb-spacing-right-small:1.92%;--awb-spacing-left-small:1.92%;\"><div class=\"fusion-column-wrapper fusion-column-has-shadow fusion-flex-justify-content-flex-start fusion-content-layout-column\"><div class=\"fusion-text fusion-text-3\"><p><strong>Eritme i\u015flemi:<\/strong><\/p>\n<ol>\n<li>G\u00fcm\u00fc\u015f k\u00fcl\u00e7eyi potaya yerle\u015ftirin.<\/li>\n<li>G\u00fcm\u00fc\u015f k\u00fcl\u00e7e 50 dakika i\u00e7inde eriyecektir.<\/li>\n<li>Krozeyi \u00e7\u0131karmak i\u00e7in kroze tutucuyu kullan\u0131n.<\/li>\n<li>G\u00fcm\u00fc\u015f k\u00fcl\u00e7eleri d\u00f6kmek i\u00e7in erimi\u015f g\u00fcm\u00fc\u015f\u00fc kal\u0131plara d\u00f6k\u00fcn.<\/li>\n<\/ol>\n<p>\u0130nd\u00fcksiyonla eritme, alt\u0131n ve g\u00fcm\u00fc\u015f gibi m\u00fccevher end\u00fcstrisinde yayg\u0131n olarak kullan\u0131l\u0131r. \u0130nd\u00fcksiyonlu \u0131s\u0131tma ile g\u00fcm\u00fc\u015f ve alt\u0131n eritmek h\u0131zl\u0131, g\u00fcvenli ve temizdir.<\/p>\n<p>Alt\u0131n ve g\u00fcm\u00fc\u015f eritmek i\u00e7in profesyonel ind\u00fcksiyon eritme f\u0131r\u0131nlar\u0131m\u0131z var. \u00dcr\u00fcnlerimiz aras\u0131nda k\u00fc\u00e7\u00fck <span style=\"color: #0000ff;\"><br \/>\n  <a style=\"color: #0000ff;\" href=\"https:\/\/www.focoinduction.com\/tr\/urunler\/induksiyon-ergitme-firinlari\/tasinabilir-induksiyon-ergitme-ocagi\/\" target=\"_blank\" rel=\"noopener\">portati\u0307f eri\u0307tme firinlari<\/a><br \/>\n<\/span> 1 kg&#8217;dan 3 kg&#8217;a kadar ve <span style=\"color: #0000ff;\"><br \/>\n  <a style=\"color: #0000ff;\" href=\"https:\/\/www.focoinduction.com\/tr\/urunler\/induksiyon-ergitme-firinlari\/egimli-tip-induksiyon-ergitme-firini\/\" target=\"_blank\" rel=\"noopener\">orta frekansl\u0131 ind\u00fcksiyon ergitme ocaklar\u0131<\/a><br \/>\n<\/span> kapasiteleri 5 kg ile 300 kg aras\u0131ndad\u0131r. \u0130ster k\u00fc\u00e7\u00fck bir kuyumcu d\u00fckkan\u0131 ister b\u00fcy\u00fck bir de\u011ferli metaller \u015firketi olsun, FOCO eksiksiz bir <span style=\"color: #0000ff;\"><br \/>\n  <a style=\"color: #0000ff;\" href=\"https:\/\/www.focoinduction.com\/tr\/urunler\/induksiyon-ergitme-firinlari\/\" target=\"_blank\" rel=\"noopener\">ind\u00fcksiyon oca\u011f\u0131<\/a><br \/>\n<\/span> eritme ihtiya\u00e7lar\u0131n\u0131z i\u00e7in \u00e7\u00f6z\u00fcm.<\/p>\n<p>Hakk\u0131nda daha fazlas\u0131n\u0131 okuyun <span style=\"color: #0000ff;\"><br \/>\n  <a style=\"color: #0000ff;\" href=\"https:\/\/www.focoinduction.com\/tr\/induksiyonla-eritme\/\" target=\"_blank\" rel=\"noopener\">ind\u00fcksiyon ergitme uygulamalar\u0131<\/a><br \/>\n<\/span>.<\/p>\n<p><a href=\"https:\/\/www.focoinduction.com\/tr\/iletisim\/\" target=\"_blank\" rel=\"noopener\"><em><span style=\"color: #0000ff;\">\u0130nd\u00fcksiyonla alt\u0131n veya g\u00fcm\u00fc\u015f eritme \u00e7\u00f6z\u00fcm\u00fc i\u00e7in bizimle ileti\u015fime ge\u00e7in.<\/span><\/em><\/a><\/p>\n<\/div><\/div><\/div><\/div><\/div><div class=\"fusion-fullwidth fullwidth-box fusion-builder-row-4 fusion-flex-container nonhundred-percent-fullwidth non-hundred-percent-height-scrolling\" style=\"--awb-border-sizes-bottom:1px;--awb-border-radius-top-left:0px;--awb-border-radius-top-right:0px;--awb-border-radius-bottom-right:0px;--awb-border-radius-bottom-left:0px;--awb-flex-wrap:wrap;\" ><div class=\"fusion-builder-row fusion-row fusion-flex-align-items-flex-start fusion-flex-content-wrap\" style=\"max-width:1248px;margin-left: calc(-4% \/ 2 );margin-right: calc(-4% \/ 2 );\"><div class=\"fusion-layout-column fusion_builder_column fusion-builder-column-4 fusion_builder_column_1_1 1_1 fusion-flex-column\" style=\"--awb-bg-size:cover;--awb-width-large:100%;--awb-margin-top-large:0px;--awb-spacing-right-large:1.92%;--awb-margin-bottom-large:20px;--awb-spacing-left-large:1.92%;--awb-width-medium:100%;--awb-order-medium:0;--awb-spacing-right-medium:1.92%;--awb-spacing-left-medium:1.92%;--awb-width-small:100%;--awb-order-small:0;--awb-spacing-right-small:1.92%;--awb-spacing-left-small:1.92%;\"><div class=\"fusion-column-wrapper fusion-column-has-shadow fusion-flex-justify-content-flex-start fusion-content-layout-column\"><div class=\"fusion-text fusion-text-4\" style=\"--awb-text-transform:none;\"><h3>\u0130nd\u00fcksiyonla Eritme Videolar\u0131<\/h3>\n<\/div><\/div><\/div><div class=\"fusion-layout-column fusion_builder_column fusion-builder-column-5 fusion_builder_column_1_1 1_1 fusion-flex-column\" style=\"--awb-bg-size:cover;--awb-width-large:100%;--awb-margin-top-large:0px;--awb-spacing-right-large:1.92%;--awb-margin-bottom-large:20px;--awb-spacing-left-large:1.92%;--awb-width-medium:100%;--awb-order-medium:0;--awb-spacing-right-medium:1.92%;--awb-spacing-left-medium:1.92%;--awb-width-small:100%;--awb-order-small:0;--awb-spacing-right-small:1.92%;--awb-spacing-left-small:1.92%;\"><div class=\"fusion-column-wrapper fusion-column-has-shadow fusion-flex-justify-content-flex-start fusion-content-layout-column\"><div class=\"fusion-video fusion-youtube\" style=\"--awb-max-width:600px;--awb-max-height:360px;\"><div class=\"video-shortcode\"><lite-youtube videoid=\"m2EDOOuXDmA\" class=\"landscape\" params=\"wmode=transparent&autoplay=1&amp;enablejsapi=1\" title=\"Melting Silver 300kg with Induction Heating\" data-button-label=\"Play Video\" width=\"600\" height=\"360\" data-thumbnail-size=\"auto\" data-no-cookie=\"on\"><\/lite-youtube><\/div><\/div><\/div><\/div><\/div><\/div><\/p>\n","protected":false},"excerpt":{"rendered":"","protected":false},"author":1,"featured_media":4083,"parent":5736,"menu_order":0,"comment_status":"closed","ping_status":"closed","template":"","meta":{"footnotes":""},"class_list":["post-6662","page","type-page","status-publish","has-post-thumbnail","hentry"],"_links":{"self":[{"href":"https:\/\/www.focoinduction.com\/tr\/wp-json\/wp\/v2\/pages\/6662","targetHints":{"allow":["GET"]}}],"collection":[{"href":"https:\/\/www.focoinduction.com\/tr\/wp-json\/wp\/v2\/pages"}],"about":[{"href":"https:\/\/www.focoinduction.com\/tr\/wp-json\/wp\/v2\/types\/page"}],"author":[{"embeddable":true,"href":"https:\/\/www.focoinduction.com\/tr\/wp-json\/wp\/v2\/users\/1"}],"replies":[{"embeddable":true,"href":"https:\/\/www.focoinduction.com\/tr\/wp-json\/wp\/v2\/comments?post=6662"}],"version-history":[{"count":0,"href":"https:\/\/www.focoinduction.com\/tr\/wp-json\/wp\/v2\/pages\/6662\/revisions"}],"up":[{"embeddable":true,"href":"https:\/\/www.focoinduction.com\/tr\/wp-json\/wp\/v2\/pages\/5736"}],"wp:featuredmedia":[{"embeddable":true,"href":"https:\/\/www.focoinduction.com\/tr\/wp-json\/wp\/v2\/media\/4083"}],"wp:attachment":[{"href":"https:\/\/www.focoinduction.com\/tr\/wp-json\/wp\/v2\/media?parent=6662"}],"curies":[{"name":"wp","href":"https:\/\/api.w.org\/{rel}","templated":true}]}}