{"id":6664,"date":"2022-08-22T12:17:43","date_gmt":"2022-08-22T04:17:43","guid":{"rendered":"https:\/\/www.focoinduction.com\/induksiyonla-eritme\/induksiyon-ergitme-500-kg-demir\/"},"modified":"2023-05-16T09:28:54","modified_gmt":"2023-05-16T01:28:54","slug":"induksiyon-ergitme-500-kg-demir","status":"publish","type":"page","link":"https:\/\/www.focoinduction.com\/tr\/uygulamalar\/induksiyonla-eritme\/induksiyon-ergitme-500-kg-demir\/","title":{"rendered":"\u0130nd\u00fcksiyon Ergitme 500 kg Demir"},"content":{"rendered":"<p><div class=\"fusion-fullwidth fullwidth-box fusion-builder-row-1 fusion-flex-container nonhundred-percent-fullwidth non-hundred-percent-height-scrolling\" style=\"--awb-border-sizes-bottom:1px;--awb-border-radius-top-left:0px;--awb-border-radius-top-right:0px;--awb-border-radius-bottom-right:0px;--awb-border-radius-bottom-left:0px;--awb-flex-wrap:wrap;\" ><div class=\"fusion-builder-row fusion-row fusion-flex-align-items-flex-start fusion-flex-content-wrap\" style=\"max-width:1248px;margin-left: calc(-4% \/ 2 );margin-right: calc(-4% \/ 2 );\"><div class=\"fusion-layout-column fusion_builder_column fusion-builder-column-0 fusion_builder_column_1_1 1_1 fusion-flex-column\" style=\"--awb-bg-size:cover;--awb-width-large:100%;--awb-margin-top-large:0px;--awb-spacing-right-large:1.92%;--awb-margin-bottom-large:20px;--awb-spacing-left-large:1.92%;--awb-width-medium:100%;--awb-order-medium:0;--awb-spacing-right-medium:1.92%;--awb-spacing-left-medium:1.92%;--awb-width-small:100%;--awb-order-small:0;--awb-spacing-right-small:1.92%;--awb-spacing-left-small:1.92%;\"><div class=\"fusion-column-wrapper fusion-column-has-shadow fusion-flex-justify-content-flex-start fusion-content-layout-column\"><div class=\"fusion-text fusion-text-1\"><p>Bir d\u00f6k\u00fcmhanenin saatte 500 kg d\u00f6kme demir eritmesi gerekiyor. FOCO, m\u00fc\u015fterilerine 50 dakikada 500 kg demir, d\u00f6kme demir ve pik demiri eritebilen 300 kW&#8217;l\u0131k al\u00fcminyum kabuk ind\u00fcksiyonlu ergitme f\u0131r\u0131n\u0131 sunmaktad\u0131r. Ayr\u0131ca, eritme i\u015flemi s\u0131ras\u0131nda olu\u015fan y\u00fczen par\u00e7ac\u0131klar\u0131 toplamak ve \u00e7al\u0131\u015fma ortam\u0131n\u0131 iyile\u015ftirmek i\u00e7in m\u00fc\u015fterilerimizi toz giderme ekipman\u0131yla donat\u0131yoruz.<\/p>\n<p><strong>Demirin \u00d6zellikleri:<\/strong><\/p>\n<ul>\n<li>Erime noktas\u0131: 1538 \u2103.<\/li>\n<li>Yo\u011funluk: 7,86 g\/cm\u00b3.<\/li>\n<li>\u00d6zg\u00fcl \u0131s\u0131 kapasitesi: 460J\/(kg \u2103).<\/li>\n<li>G\u00f6r\u00fcn\u00fcm ve \u015fekil: Saf demir, g\u00fcm\u00fc\u015f-beyaz metalik parlakl\u0131\u011fa sahip metalik bir kristaldir, genellikle gri ila gri-siyah amorf ince par\u00e7ac\u0131klar veya tozdur. \u0130yi s\u00fcnekli\u011fe, elektrik iletkenli\u011fine ve termal iletkenli\u011fe sahiptir. G\u00fc\u00e7l\u00fc ferromanyetizmaya sahiptir ve manyetik malzemeye aittir.<\/li>\n<\/ul>\n<p><strong>Ekipman:<\/strong><\/p>\n<ul>\n<li>300 kW <span style=\"color: #0000ff;\"><br \/>\n  <a style=\"color: #0000ff;\" href=\"https:\/\/www.focoinduction.com\/tr\/urunler\/induksiyon-ergitme-firinlari\/aluminyum-kabuk-induksiyon-ergitme-ocagi\/\" target=\"_blank\" rel=\"noopener\">al\u00fcminyum kabuk ind\u00fcksiyon ergitme oca\u011f\u0131<\/a><br \/>\n<\/span>.<\/li>\n<li>Toz giderme ekipman\u0131.<\/li>\n<\/ul>\n<p>Al\u00fcminyum kabuk ind\u00fcksiyon eritme f\u0131r\u0131n\u0131, bir GWJ ind\u00fcksiyon \u0131s\u0131tma g\u00fc\u00e7 kayna\u011f\u0131 ve 500 kg \u00e7ekirdeksiz ind\u00fcksiyon eritme f\u0131r\u0131n\u0131 g\u00f6vdesi kullan\u0131r. Demir eritmek i\u00e7in iki f\u0131r\u0131n g\u00f6vdesi ile donat\u0131lm\u0131\u015ft\u0131r. Bir f\u0131r\u0131n g\u00f6vdesi \u00e7al\u0131\u015f\u0131r ve bir f\u0131r\u0131n g\u00f6vdesi beklemededir. F\u0131r\u0131n g\u00f6vdelerinden birinin bak\u0131m\u0131 yap\u0131ld\u0131\u011f\u0131nda, s\u00fcrekli \u00fcretim sa\u011flamak i\u00e7in yedek f\u0131r\u0131n g\u00f6vdesi etkinle\u015ftirilebilir.<\/p>\n<p>Ayr\u0131ca, f\u0131r\u0131n g\u00f6vdesinin ters \u00e7evrilmesini kontrol etmek i\u00e7in bir uzaktan kumanda kolu ile donat\u0131lm\u0131\u015ft\u0131r, bu da erimi\u015f demirin d\u00f6k\u00fclmesini daha g\u00fcvenli hale getirir. Eritme i\u015flemi s\u0131ras\u0131nda ortaya \u00e7\u0131kan duman ve toz, toz giderme ekipman\u0131 kullan\u0131larak giderilebilir.<\/p>\n<p><strong>Eritme \u0130\u015flemi:<\/strong><\/p>\n<ol>\n<li>Demir blo\u011fu ind\u00fcksiyon ergitme oca\u011f\u0131n\u0131n f\u0131r\u0131n g\u00f6vdesine yerle\u015ftirin.<\/li>\n<li>500 kg&#8217;l\u0131k demir blok 50 dakika i\u00e7inde eriyecektir.<\/li>\n<li>Erimi\u015f demiri d\u00f6k.<\/li>\n<\/ol>\n<p><strong>Verimli ve Daha G\u00fcvenli D\u00f6k\u00fcmhaneler:<\/strong><\/p>\n<p>\u0130nd\u00fcksiyonla \u0131s\u0131tman\u0131n bir\u00e7ok faydas\u0131 \u015funu g\u00f6stermektedir <span style=\"color: #0000ff;\"><br \/>\n  <a style=\"color: #0000ff;\" href=\"https:\/\/www.focoinduction.com\/tr\/urunler\/induksiyon-ergitme-firinlari\/\" target=\"_blank\" rel=\"noopener\">ind\u00fcksiyon ergitme ocaklar\u0131<\/a><br \/>\n<\/span> daha g\u00fcvenli ve daha verimli bir \u00fcretim s\u00fcreci sa\u011flayabilir. FOCO ind\u00fcksiyon \u0131s\u0131tma ve ergitme sistemleri, ergitme projeniz i\u00e7in en uygun maliyetli \u00e7\u00f6z\u00fcm\u00fc sunar.<\/p>\n<p>Hakk\u0131nda daha fazlas\u0131n\u0131 okuyun <span style=\"color: #0000ff;\"><br \/>\n  <a style=\"color: #0000ff;\" href=\"https:\/\/www.focoinduction.com\/tr\/induksiyonla-eritme\/\" target=\"_blank\" rel=\"noopener\">ind\u00fcksiyon ergitme uygulamalar\u0131<\/a><br \/>\n<\/span>.<\/p>\n<\/div><\/div><\/div><\/div><\/div><div class=\"fusion-fullwidth fullwidth-box fusion-builder-row-2 fusion-flex-container nonhundred-percent-fullwidth non-hundred-percent-height-scrolling\" style=\"--awb-border-sizes-bottom:1px;--awb-border-radius-top-left:0px;--awb-border-radius-top-right:0px;--awb-border-radius-bottom-right:0px;--awb-border-radius-bottom-left:0px;--awb-flex-wrap:wrap;\" ><div class=\"fusion-builder-row fusion-row fusion-flex-align-items-flex-start fusion-flex-content-wrap\" style=\"max-width:1248px;margin-left: calc(-4% \/ 2 );margin-right: calc(-4% \/ 2 );\"><div class=\"fusion-layout-column fusion_builder_column fusion-builder-column-1 fusion_builder_column_1_1 1_1 fusion-flex-column\" style=\"--awb-bg-size:cover;--awb-width-large:100%;--awb-margin-top-large:0px;--awb-spacing-right-large:1.92%;--awb-margin-bottom-large:20px;--awb-spacing-left-large:1.92%;--awb-width-medium:100%;--awb-order-medium:0;--awb-spacing-right-medium:1.92%;--awb-spacing-left-medium:1.92%;--awb-width-small:100%;--awb-order-small:0;--awb-spacing-right-small:1.92%;--awb-spacing-left-small:1.92%;\"><div class=\"fusion-column-wrapper fusion-column-has-shadow fusion-flex-justify-content-flex-start fusion-content-layout-column\"><div class=\"fusion-text fusion-text-2\" style=\"--awb-text-transform:none;\"><h3>\u0130nd\u00fcksiyonla Ergitme 500 kg Demir Videolar\u0131<\/h3>\n<\/div><\/div><\/div><div class=\"fusion-layout-column fusion_builder_column fusion-builder-column-2 fusion_builder_column_1_1 1_1 fusion-flex-column\" style=\"--awb-bg-size:cover;--awb-width-large:100%;--awb-margin-top-large:0px;--awb-spacing-right-large:1.92%;--awb-margin-bottom-large:20px;--awb-spacing-left-large:1.92%;--awb-width-medium:100%;--awb-order-medium:0;--awb-spacing-right-medium:1.92%;--awb-spacing-left-medium:1.92%;--awb-width-small:100%;--awb-order-small:0;--awb-spacing-right-small:1.92%;--awb-spacing-left-small:1.92%;\"><div class=\"fusion-column-wrapper fusion-column-has-shadow fusion-flex-justify-content-flex-start fusion-content-layout-column\"><div class=\"fusion-video fusion-youtube\" style=\"--awb-max-width:600px;--awb-max-height:360px;\"><div class=\"video-shortcode\"><lite-youtube videoid=\"NV-ZPF-eha4\" class=\"landscape\" params=\"wmode=transparent&autoplay=1&amp;enablejsapi=1\" title=\"Induction Melting 500 kg Iron\" data-button-label=\"Play Video\" width=\"600\" height=\"360\" data-thumbnail-size=\"auto\" data-no-cookie=\"on\"><\/lite-youtube><\/div><\/div><\/div><\/div><\/div><\/div><\/p>\n","protected":false},"excerpt":{"rendered":"","protected":false},"author":1,"featured_media":4087,"parent":5736,"menu_order":0,"comment_status":"closed","ping_status":"closed","template":"","meta":{"footnotes":""},"class_list":["post-6664","page","type-page","status-publish","has-post-thumbnail","hentry"],"_links":{"self":[{"href":"https:\/\/www.focoinduction.com\/tr\/wp-json\/wp\/v2\/pages\/6664","targetHints":{"allow":["GET"]}}],"collection":[{"href":"https:\/\/www.focoinduction.com\/tr\/wp-json\/wp\/v2\/pages"}],"about":[{"href":"https:\/\/www.focoinduction.com\/tr\/wp-json\/wp\/v2\/types\/page"}],"author":[{"embeddable":true,"href":"https:\/\/www.focoinduction.com\/tr\/wp-json\/wp\/v2\/users\/1"}],"replies":[{"embeddable":true,"href":"https:\/\/www.focoinduction.com\/tr\/wp-json\/wp\/v2\/comments?post=6664"}],"version-history":[{"count":0,"href":"https:\/\/www.focoinduction.com\/tr\/wp-json\/wp\/v2\/pages\/6664\/revisions"}],"up":[{"embeddable":true,"href":"https:\/\/www.focoinduction.com\/tr\/wp-json\/wp\/v2\/pages\/5736"}],"wp:featuredmedia":[{"embeddable":true,"href":"https:\/\/www.focoinduction.com\/tr\/wp-json\/wp\/v2\/media\/4087"}],"wp:attachment":[{"href":"https:\/\/www.focoinduction.com\/tr\/wp-json\/wp\/v2\/media?parent=6664"}],"curies":[{"name":"wp","href":"https:\/\/api.w.org\/{rel}","templated":true}]}}