{"id":6757,"date":"2022-09-30T14:28:06","date_gmt":"2022-09-30T06:28:06","guid":{"rendered":"https:\/\/www.focoinduction.com\/uygulamalar\/induksiyonla-sert-lehimleme\/yan-frezelerin-induksiyonla-sert-lehimlenmesi\/"},"modified":"2023-05-16T09:28:57","modified_gmt":"2023-05-16T01:28:57","slug":"yan-frezelerin-induksiyonla-sert-lehimlenmesi","status":"publish","type":"page","link":"https:\/\/www.focoinduction.com\/tr\/uygulamalar\/induksiyonla-sert-lehimleme\/yan-frezelerin-induksiyonla-sert-lehimlenmesi\/","title":{"rendered":"Yan Frezelerin \u0130nd\u00fcksiyonla Sert Lehimlenmesi"},"content":{"rendered":"<p><div class=\"fusion-fullwidth fullwidth-box fusion-builder-row-1 fusion-flex-container has-pattern-background has-mask-background nonhundred-percent-fullwidth non-hundred-percent-height-scrolling\" style=\"--awb-border-sizes-bottom:1px;--awb-border-radius-top-left:0px;--awb-border-radius-top-right:0px;--awb-border-radius-bottom-right:0px;--awb-border-radius-bottom-left:0px;--awb-flex-wrap:wrap;\" ><div class=\"fusion-builder-row fusion-row fusion-flex-align-items-flex-start fusion-flex-content-wrap\" style=\"max-width:1248px;margin-left: calc(-4% \/ 2 );margin-right: calc(-4% \/ 2 );\"><div class=\"fusion-layout-column fusion_builder_column fusion-builder-column-0 fusion_builder_column_1_1 1_1 fusion-flex-column\" style=\"--awb-bg-size:cover;--awb-width-large:100%;--awb-margin-top-large:0px;--awb-spacing-right-large:1.92%;--awb-margin-bottom-large:20px;--awb-spacing-left-large:1.92%;--awb-width-medium:100%;--awb-order-medium:0;--awb-spacing-right-medium:1.92%;--awb-spacing-left-medium:1.92%;--awb-width-small:100%;--awb-order-small:0;--awb-spacing-right-small:1.92%;--awb-spacing-left-small:1.92%;\"><div class=\"fusion-column-wrapper fusion-column-has-shadow fusion-flex-justify-content-flex-start fusion-content-layout-column\"><div class=\"fusion-text fusion-text-1\"><h2>\u0130nd\u00fcksiyon Is\u0131tmal\u0131 Yan Freze Kesicilerinin Sert Lehimlenmesig<\/h2>\n<p>K\u00fc\u00e7\u00fck bir fabrikan\u0131n ind\u00fcksiyon lehimleme yan frezelerine ihtiyac\u0131 var. M\u00fc\u015fterinin hedefi, sert lehimleme i\u015flemini 20 saniyede tamamlamakt\u0131r. Y\u00fcksek \u00fcretim h\u0131zlar\u0131 gerekli olmad\u0131\u011f\u0131ndan, m\u00fc\u015fterilerimize y\u00fcksek frekansl\u0131 ind\u00fcksiyon lehimleme makineleri sunuyoruz. En iyi ekonomik maliyet etkinli\u011fine sahiptir.<\/p>\n<p><strong>Ekipman:<\/strong><br \/>\n15kW Y\u00fcksek Frekansl\u0131 \u0130nd\u00fcksiyonlu Is\u0131tma Makinesi.<\/p>\n<p>Y\u00fcksek frekansl\u0131 ind\u00fcksiyonlu \u0131s\u0131tma makineleri sabit ind\u00fcksiyon bobinleri ile donat\u0131lm\u0131\u015ft\u0131r. \u0130nd\u00fcksiyon bobini, \u0131s\u0131t\u0131lan i\u015f par\u00e7as\u0131n\u0131n \u015fekline g\u00f6re tasarlanm\u0131\u015ft\u0131r. \u0130\u015f par\u00e7as\u0131na kolay eri\u015fim i\u00e7in, bu \u0131s\u0131tma i\u015fleminde U \u015feklinde bir bobin kullan\u0131yoruz. Uygun \u015fekilde tasarlanm\u0131\u015f serpantinler, \u00fcretim verimlili\u011fini art\u0131rmak ve \u0131s\u0131tma etkisinin sa\u011flanmas\u0131na yard\u0131mc\u0131 olmak i\u00e7in faydal\u0131d\u0131r.<\/p>\n<p><strong>Lehimleme i\u015flemi:<\/strong><\/p>\n<ol>\n<li>Yan freze b\u0131\u00e7aklar\u0131n\u0131 fikst\u00fcre tak\u0131n ve bobin ile aras\u0131ndaki mesafeyi ayarlay\u0131n.<\/li>\n<li>Lehimlenecek yere ak\u0131 ve dolgu maddesi uygulay\u0131n.<\/li>\n<li>Is\u0131tmaya ba\u015flay\u0131n ve 20 saniye sonra sert lehimlemeyi tamamlay\u0131n.<\/li>\n<\/ol>\n<p><strong>Avantajlar:<\/strong><\/p>\n<ul>\n<li>\u0130\u015flem basittir ve vas\u0131fl\u0131 profesyonel \u00e7al\u0131\u015fanlar gerektirmez.<\/li>\n<li>\u0130nd\u00fcksiyonla sert lehimleme prosesi \u00e7ok h\u0131zl\u0131 ve verimlidir.<\/li>\n<li>Fikst\u00fcrler ve sabit ind\u00fcksiyon bobini ile operat\u00f6r\u00fcn becerisinin sert lehim kalitesi \u00fczerinde \u00e7ok az etkisi vard\u0131r.<\/li>\n<li>Tekrarlanabilir s\u00fcre\u00e7ler ve tutarl\u0131 sonu\u00e7lar.<\/li>\n<\/ul>\n<p><strong>Sonu\u00e7:<\/strong><\/p>\n<p>FOCO 15 kW y\u00fcksek frekansl\u0131 ind\u00fcksiyonlu \u0131s\u0131tma makinesi, yan freze b\u0131\u00e7a\u011f\u0131n\u0131n ind\u00fcksiyonlu lehimlemesini 20 saniyede ba\u015far\u0131yla tamamlad\u0131. Y\u00fcksek frekansl\u0131 ind\u00fcksiyonlu \u0131s\u0131tma g\u00fc\u00e7 kaynaklar\u0131, \u00e7e\u015fitli k\u00fc\u00e7\u00fck metal ve ala\u015f\u0131m par\u00e7alar\u0131n sert lehimlenmesinde yayg\u0131n olarak kullan\u0131l\u0131r. Yan frezelerin, ala\u015f\u0131ml\u0131 testere b\u0131\u00e7aklar\u0131n\u0131n, donan\u0131m aletlerinin, ala\u015f\u0131ml\u0131 matkaplar\u0131n vb. lehimlenmesi i\u00e7in eksiksiz bir ind\u00fcksiyon lehimleme sistemi sa\u011flayabiliriz.<\/p>\n<p>\u0130nd\u00fcksiyonla sert lehimleme uygulamalar\u0131 hakk\u0131nda daha fazla bilgi edinin.<\/p>\n<\/div><\/div><\/div><\/div><\/div><div class=\"fusion-fullwidth fullwidth-box fusion-builder-row-2 fusion-flex-container has-pattern-background has-mask-background nonhundred-percent-fullwidth non-hundred-percent-height-scrolling\" style=\"--awb-border-radius-top-left:0px;--awb-border-radius-top-right:0px;--awb-border-radius-bottom-right:0px;--awb-border-radius-bottom-left:0px;--awb-flex-wrap:wrap;\" ><div class=\"fusion-builder-row fusion-row fusion-flex-align-items-flex-start fusion-flex-content-wrap\" style=\"max-width:1248px;margin-left: calc(-4% \/ 2 );margin-right: calc(-4% \/ 2 );\"><div class=\"fusion-layout-column fusion_builder_column fusion-builder-column-1 fusion_builder_column_1_1 1_1 fusion-flex-column\" style=\"--awb-bg-size:cover;--awb-width-large:100%;--awb-margin-top-large:0px;--awb-spacing-right-large:1.92%;--awb-margin-bottom-large:20px;--awb-spacing-left-large:1.92%;--awb-width-medium:100%;--awb-order-medium:0;--awb-spacing-right-medium:1.92%;--awb-spacing-left-medium:1.92%;--awb-width-small:100%;--awb-order-small:0;--awb-spacing-right-small:1.92%;--awb-spacing-left-small:1.92%;\"><div class=\"fusion-column-wrapper fusion-column-has-shadow fusion-flex-justify-content-flex-start fusion-content-layout-column\"><div class=\"fusion-text fusion-text-2\"><h3><strong>\u0130nd\u00fcksiyonla Sert Lehimleme Videosu<\/strong><\/h3>\n<\/div><div class=\"fusion-video fusion-youtube\" style=\"--awb-max-width:600px;--awb-max-height:360px;\"><div class=\"video-shortcode\"><lite-youtube videoid=\"HXa5IeLhWt4\" class=\"landscape\" params=\"wmode=transparent&autoplay=1&amp;enablejsapi=1\" title=\"Induction Brazing of Side Milling Cutters\" data-button-label=\"Play Video\" width=\"600\" height=\"360\" data-thumbnail-size=\"auto\" data-no-cookie=\"on\"><\/lite-youtube><\/div><\/div><\/div><\/div><\/div><\/div><\/p>\n","protected":false},"excerpt":{"rendered":"","protected":false},"author":1,"featured_media":4631,"parent":6027,"menu_order":0,"comment_status":"closed","ping_status":"closed","template":"","meta":{"footnotes":""},"class_list":["post-6757","page","type-page","status-publish","has-post-thumbnail","hentry"],"_links":{"self":[{"href":"https:\/\/www.focoinduction.com\/tr\/wp-json\/wp\/v2\/pages\/6757","targetHints":{"allow":["GET"]}}],"collection":[{"href":"https:\/\/www.focoinduction.com\/tr\/wp-json\/wp\/v2\/pages"}],"about":[{"href":"https:\/\/www.focoinduction.com\/tr\/wp-json\/wp\/v2\/types\/page"}],"author":[{"embeddable":true,"href":"https:\/\/www.focoinduction.com\/tr\/wp-json\/wp\/v2\/users\/1"}],"replies":[{"embeddable":true,"href":"https:\/\/www.focoinduction.com\/tr\/wp-json\/wp\/v2\/comments?post=6757"}],"version-history":[{"count":0,"href":"https:\/\/www.focoinduction.com\/tr\/wp-json\/wp\/v2\/pages\/6757\/revisions"}],"up":[{"embeddable":true,"href":"https:\/\/www.focoinduction.com\/tr\/wp-json\/wp\/v2\/pages\/6027"}],"wp:featuredmedia":[{"embeddable":true,"href":"https:\/\/www.focoinduction.com\/tr\/wp-json\/wp\/v2\/media\/4631"}],"wp:attachment":[{"href":"https:\/\/www.focoinduction.com\/tr\/wp-json\/wp\/v2\/media?parent=6757"}],"curies":[{"name":"wp","href":"https:\/\/api.w.org\/{rel}","templated":true}]}}