{"id":6765,"date":"2022-08-29T11:08:56","date_gmt":"2022-08-29T03:08:56","guid":{"rendered":"https:\/\/www.focoinduction.com\/induksiyonla-sertlestirme\/celik-burclarin-induksiyonla-sertlestirilmesi\/"},"modified":"2023-05-16T09:28:54","modified_gmt":"2023-05-16T01:28:54","slug":"celik-burclarin-induksiyonla-sertlestirilmesi","status":"publish","type":"page","link":"https:\/\/www.focoinduction.com\/tr\/uygulamalar\/induksiyonla-sertlestirme\/celik-burclarin-induksiyonla-sertlestirilmesi\/","title":{"rendered":"\u00c7elik Bur\u00e7lar\u0131n \u0130nd\u00fcksiyonla Sertle\u015ftirilmesi"},"content":{"rendered":"<p><div class=\"fusion-fullwidth fullwidth-box fusion-builder-row-1 fusion-flex-container has-pattern-background has-mask-background nonhundred-percent-fullwidth non-hundred-percent-height-scrolling\" style=\"--awb-border-sizes-bottom:1px;--awb-border-radius-top-left:0px;--awb-border-radius-top-right:0px;--awb-border-radius-bottom-right:0px;--awb-border-radius-bottom-left:0px;--awb-flex-wrap:wrap;\" ><div class=\"fusion-builder-row fusion-row fusion-flex-align-items-flex-start fusion-flex-content-wrap\" style=\"max-width:1248px;margin-left: calc(-4% \/ 2 );margin-right: calc(-4% \/ 2 );\"><div class=\"fusion-layout-column fusion_builder_column fusion-builder-column-0 fusion_builder_column_1_1 1_1 fusion-flex-column\" style=\"--awb-bg-size:cover;--awb-width-large:100%;--awb-margin-top-large:0px;--awb-spacing-right-large:1.92%;--awb-margin-bottom-large:20px;--awb-spacing-left-large:1.92%;--awb-width-medium:100%;--awb-order-medium:0;--awb-spacing-right-medium:1.92%;--awb-spacing-left-medium:1.92%;--awb-width-small:100%;--awb-order-small:0;--awb-spacing-right-small:1.92%;--awb-spacing-left-small:1.92%;\"><div class=\"fusion-column-wrapper fusion-column-has-shadow fusion-flex-justify-content-flex-start fusion-content-layout-column\"><div class=\"fusion-text fusion-text-1\"><p>B\u00fcy\u00fck bir otomobil par\u00e7alar\u0131 \u00fcreticisi, \u00e7elik bur\u00e7lar\u0131n i\u00e7 duvar\u0131n\u0131 ind\u00fcksiyonla sertle\u015ftirmek istiyordu. M\u00fchendislerimiz, m\u00fc\u015fteriler i\u00e7in d\u00f6rt i\u015f par\u00e7as\u0131 pozisyonu ile donat\u0131lm\u0131\u015f ve bir burcun sertle\u015ftirilmesini 20 saniyede tamamlayabilen yar\u0131 otomatik ind\u00fcksiyon sertle\u015ftirme makineleri tasarlamaktad\u0131r.<\/p>\n<p>\u00c7elik bur\u00e7lar \u00e7o\u011fu mekanik ekipman\u0131n \u00f6nemli bir par\u00e7as\u0131d\u0131r. Y\u00fcksek sertli\u011fe, yorulma mukavemetine ve a\u015f\u0131nma direncine sahip olmalar\u0131 gerekir. \u0130nd\u00fcksiyonla sertle\u015ftirme, burcun sertli\u011fini ve a\u015f\u0131nma direncini b\u00fcy\u00fck \u00f6l\u00e7\u00fcde art\u0131rabilir ve hizmet \u00f6mr\u00fcn\u00fc uzatabilir.<\/p>\n<p><strong>\u00c7elik bur\u00e7 sertle\u015ftirme teknik g\u00f6stergeleri:<\/strong><\/p>\n<ul>\n<li>Bur\u00e7 malzemesi: yumu\u015fak \u00e7elik<\/li>\n<li>Sertle\u015fme derinli\u011fi: 1-3mm<\/li>\n<li>Sertlik: 50HRC-55HRC<\/li>\n<li>\u00dcretim h\u0131z\u0131: Saatte 180 par\u00e7a<\/li>\n<\/ul>\n<\/div><\/div><\/div><div class=\"fusion-layout-column fusion_builder_column fusion-builder-column-1 fusion_builder_column_1_1 1_1 fusion-flex-column\" style=\"--awb-bg-size:cover;--awb-width-large:100%;--awb-margin-top-large:0px;--awb-spacing-right-large:1.92%;--awb-margin-bottom-large:20px;--awb-spacing-left-large:1.92%;--awb-width-medium:100%;--awb-order-medium:0;--awb-spacing-right-medium:1.92%;--awb-spacing-left-medium:1.92%;--awb-width-small:100%;--awb-order-small:0;--awb-spacing-right-small:1.92%;--awb-spacing-left-small:1.92%;\"><div class=\"fusion-column-wrapper fusion-column-has-shadow fusion-flex-justify-content-flex-start fusion-content-layout-column\"><div class=\"fusion-text fusion-text-2\"><p><strong>Ekipman<\/strong><\/p>\n<p><span style=\"color: #0000ff;\"><a style=\"color: #0000ff;\" href=\"https:\/\/www.focoinduction.com\/tr\/urunler\/induksiyonla-sertlestirme-makineleri\/otomatik-induksiyon-sertlestirme-makinesi\/\" target=\"_blank\" rel=\"noopener\">\u00d6zel \u0130nd\u00fcksiyon Sertle\u015ftirme Makinesi<\/a><\/span><\/p>\n<p>FOCO \u00f6zel ind\u00fcksiyon sertle\u015ftirme makineleri, m\u00fc\u015fterilerimizin benzersiz i\u015f par\u00e7alar\u0131 i\u00e7in \u00f6zel olarak tasarlanm\u0131\u015ft\u0131r. <a href=\"https:\/\/www.focoinduction.com\/tr\/urunler\/induksiyonlu-isitma-makineleri\/yuksek-frekansli-induksiyonlu-isitma-makinesi\/\" target=\"_blank\" rel=\"noopener\">Y\u00fcksek frekansl\u0131 ind\u00fcksiyon \u0131s\u0131tma g\u00fc\u00e7 kayna\u011f\u0131<\/a>, d\u00f6ner 4 istasyonlu d\u00f6ner tabla ve ba\u011f\u0131ms\u0131z bir su so\u011futma sistemi ile donat\u0131lm\u0131\u015ft\u0131r.<\/p>\n<p>Otomatik beslemeyi ger\u00e7ekle\u015ftirmek i\u00e7in bir robot kolu kullanabilen bu ind\u00fcksiyon sertle\u015ftirme ekipman\u0131 i\u00e7in bir robot kurulum aray\u00fcz\u00fc ay\u0131rd\u0131k.<\/p>\n<\/div><\/div><\/div><div class=\"fusion-layout-column fusion_builder_column fusion-builder-column-2 fusion_builder_column_1_1 1_1 fusion-flex-column\" style=\"--awb-bg-size:cover;--awb-width-large:100%;--awb-margin-top-large:0px;--awb-spacing-right-large:1.92%;--awb-margin-bottom-large:20px;--awb-spacing-left-large:1.92%;--awb-width-medium:100%;--awb-order-medium:0;--awb-spacing-right-medium:1.92%;--awb-spacing-left-medium:1.92%;--awb-width-small:100%;--awb-order-small:0;--awb-spacing-right-small:1.92%;--awb-spacing-left-small:1.92%;\"><div class=\"fusion-column-wrapper fusion-column-has-shadow fusion-flex-justify-content-flex-start fusion-content-layout-column\"><div class=\"fusion-text fusion-text-3\"><p><strong>Avantajlar<\/strong><\/p>\n<ul>\n<li>\u0130nd\u00fcksiyonla sertle\u015ftirme, k\u0131sa bir \u0131s\u0131tma s\u00fcresine ve i\u015f par\u00e7as\u0131 y\u00fczeyinde daha az oksidasyon ve dekarb\u00fcrizasyona sahiptir.<\/li>\n<li>\u0130nd\u00fcksiyonla sertle\u015ftirme, burcun y\u00fczeyini sertle\u015ftirebilir ve sertle\u015ftirilmi\u015f katman\u0131n derinli\u011fini hassas bir \u015fekilde kontrol edebilir.<\/li>\n<li>\u0130nd\u00fcksiyonla sertle\u015ftirme sistemi, otomasyonu ger\u00e7ekle\u015ftirmesi kolay olan programlanabilir PLC kontrol\u00fcn\u00fc benimser.<\/li>\n<li>Tekrarlanabilir ve tutarl\u0131 \u0131s\u0131tma sonu\u00e7lar\u0131 \u00e7al\u0131 sertle\u015ftirme kalitesini garanti eder.<\/li>\n<\/ul>\n<p>\u0130nd\u00fcksiyonla \u0131s\u0131tma, metal y\u00fczeylerin sertle\u015ftirilmesi i\u00e7in h\u0131zl\u0131 ve kontroll\u00fc bir y\u00f6ntemdir. FOCO \u00f6zelle\u015ftirilmi\u015f sa\u011flayabilir <span style=\"color: #0000ff;\"><br \/>\n  <a style=\"color: #0000ff;\" href=\"https:\/\/www.focoinduction.com\/tr\/urunler\/induksiyonla-sertlestirme-makineleri\/\" target=\"_blank\" rel=\"noopener\">ind\u00fcksiyon sertle\u015ftirme ekipman\u0131<\/a><br \/>\n<\/span> \u015eaft kovanlar\u0131, di\u015fliler, uzun \u015faftlar ve di\u011fer mekanik ekipman i\u015f par\u00e7alar\u0131n\u0131z i\u00e7in.<\/p>\n<p>Hakk\u0131nda daha fazlas\u0131n\u0131 okuyun <span style=\"color: #0000ff;\"><br \/>\n  <a style=\"color: #0000ff;\" href=\"https:\/\/www.focoinduction.com\/tr\/induksiyonla-sertlestirme\/\" target=\"_blank\" rel=\"noopener\">ind\u00fcksiyonla sertle\u015ftirme uygulamalar\u0131<\/a><br \/>\n<\/span>.<\/p>\n<\/div><\/div><\/div><\/div><\/div><div class=\"fusion-fullwidth fullwidth-box fusion-builder-row-2 fusion-flex-container nonhundred-percent-fullwidth non-hundred-percent-height-scrolling\" style=\"--awb-border-sizes-bottom:1px;--awb-border-radius-top-left:0px;--awb-border-radius-top-right:0px;--awb-border-radius-bottom-right:0px;--awb-border-radius-bottom-left:0px;--awb-flex-wrap:wrap;\" ><div class=\"fusion-builder-row fusion-row fusion-flex-align-items-flex-start fusion-flex-content-wrap\" style=\"max-width:1248px;margin-left: calc(-4% \/ 2 );margin-right: calc(-4% \/ 2 );\"><div class=\"fusion-layout-column fusion_builder_column fusion-builder-column-3 fusion_builder_column_1_1 1_1 fusion-flex-column\" style=\"--awb-bg-size:cover;--awb-width-large:100%;--awb-margin-top-large:0px;--awb-spacing-right-large:1.92%;--awb-margin-bottom-large:20px;--awb-spacing-left-large:1.92%;--awb-width-medium:100%;--awb-order-medium:0;--awb-spacing-right-medium:1.92%;--awb-spacing-left-medium:1.92%;--awb-width-small:100%;--awb-order-small:0;--awb-spacing-right-small:1.92%;--awb-spacing-left-small:1.92%;\"><div class=\"fusion-column-wrapper fusion-column-has-shadow fusion-flex-justify-content-flex-start fusion-content-layout-column\"><div class=\"fusion-text fusion-text-4\" style=\"--awb-text-transform:none;\"><h3>\u0130nd\u00fcksiyonla Sertle\u015ftirme Bur\u00e7 Videolar\u0131<\/h3>\n<\/div><\/div><\/div><div class=\"fusion-layout-column fusion_builder_column fusion-builder-column-4 fusion_builder_column_1_1 1_1 fusion-flex-column\" style=\"--awb-bg-size:cover;--awb-width-large:100%;--awb-margin-top-large:0px;--awb-spacing-right-large:1.92%;--awb-margin-bottom-large:20px;--awb-spacing-left-large:1.92%;--awb-width-medium:100%;--awb-order-medium:0;--awb-spacing-right-medium:1.92%;--awb-spacing-left-medium:1.92%;--awb-width-small:100%;--awb-order-small:0;--awb-spacing-right-small:1.92%;--awb-spacing-left-small:1.92%;\"><div class=\"fusion-column-wrapper fusion-column-has-shadow fusion-flex-justify-content-flex-start fusion-content-layout-column\"><div class=\"fusion-video fusion-youtube\" style=\"--awb-max-width:600px;--awb-max-height:360px;\"><div class=\"video-shortcode\"><lite-youtube videoid=\"Sk7b8VocIi8\" class=\"landscape\" params=\"wmode=transparent&autoplay=1&amp;enablejsapi=1\" title=\"Induction Hardening of Steel Bushing\" data-button-label=\"Play Video\" width=\"600\" height=\"360\" data-thumbnail-size=\"auto\" data-no-cookie=\"on\"><\/lite-youtube><\/div><\/div><\/div><\/div><\/div><\/div><\/p>\n","protected":false},"excerpt":{"rendered":"","protected":false},"author":1,"featured_media":4167,"parent":5766,"menu_order":0,"comment_status":"closed","ping_status":"closed","template":"","meta":{"footnotes":""},"class_list":["post-6765","page","type-page","status-publish","has-post-thumbnail","hentry"],"_links":{"self":[{"href":"https:\/\/www.focoinduction.com\/tr\/wp-json\/wp\/v2\/pages\/6765","targetHints":{"allow":["GET"]}}],"collection":[{"href":"https:\/\/www.focoinduction.com\/tr\/wp-json\/wp\/v2\/pages"}],"about":[{"href":"https:\/\/www.focoinduction.com\/tr\/wp-json\/wp\/v2\/types\/page"}],"author":[{"embeddable":true,"href":"https:\/\/www.focoinduction.com\/tr\/wp-json\/wp\/v2\/users\/1"}],"replies":[{"embeddable":true,"href":"https:\/\/www.focoinduction.com\/tr\/wp-json\/wp\/v2\/comments?post=6765"}],"version-history":[{"count":0,"href":"https:\/\/www.focoinduction.com\/tr\/wp-json\/wp\/v2\/pages\/6765\/revisions"}],"up":[{"embeddable":true,"href":"https:\/\/www.focoinduction.com\/tr\/wp-json\/wp\/v2\/pages\/5766"}],"wp:featuredmedia":[{"embeddable":true,"href":"https:\/\/www.focoinduction.com\/tr\/wp-json\/wp\/v2\/media\/4167"}],"wp:attachment":[{"href":"https:\/\/www.focoinduction.com\/tr\/wp-json\/wp\/v2\/media?parent=6765"}],"curies":[{"name":"wp","href":"https:\/\/api.w.org\/{rel}","templated":true}]}}