{"id":6805,"date":"2022-10-03T10:29:23","date_gmt":"2022-10-03T02:29:23","guid":{"rendered":"https:\/\/www.focoinduction.com\/induksiyonla-isitma-hakkinda-yalin\/induksiyonla-sertlestirme-nedir\/"},"modified":"2023-05-16T09:28:55","modified_gmt":"2023-05-16T01:28:55","slug":"induksiyonla-sertlestirme-nedir","status":"publish","type":"page","link":"https:\/\/www.focoinduction.com\/tr\/induksiyonla-isitma-hakkinda-yalin\/induksiyonla-sertlestirme-nedir\/","title":{"rendered":"\u0130nd\u00fcksiyonla Sertle\u015ftirme Nedir"},"content":{"rendered":"<div class=\"fusion-fullwidth fullwidth-box fusion-builder-row-1 fusion-flex-container has-pattern-background has-mask-background nonhundred-percent-fullwidth non-hundred-percent-height-scrolling\" style=\"--awb-border-radius-top-left:0px;--awb-border-radius-top-right:0px;--awb-border-radius-bottom-right:0px;--awb-border-radius-bottom-left:0px;--awb-flex-wrap:wrap;\" ><div class=\"fusion-builder-row fusion-row fusion-flex-align-items-flex-start fusion-flex-content-wrap\" style=\"max-width:1248px;margin-left: calc(-4% \/ 2 );margin-right: calc(-4% \/ 2 );\"><div class=\"fusion-layout-column fusion_builder_column fusion-builder-column-0 fusion_builder_column_1_1 1_1 fusion-flex-column\" style=\"--awb-bg-size:cover;--awb-width-large:100%;--awb-margin-top-large:0px;--awb-spacing-right-large:1.92%;--awb-margin-bottom-large:20px;--awb-spacing-left-large:1.92%;--awb-width-medium:100%;--awb-order-medium:0;--awb-spacing-right-medium:1.92%;--awb-spacing-left-medium:1.92%;--awb-width-small:100%;--awb-order-small:0;--awb-spacing-right-small:1.92%;--awb-spacing-left-small:1.92%;\"><div class=\"fusion-column-wrapper fusion-column-has-shadow fusion-flex-justify-content-flex-start fusion-content-layout-column\"><div class=\"fusion-text fusion-text-1\"><p>\u0130nd\u00fcksiyonla sertle\u015ftirme, bir i\u015f par\u00e7as\u0131n\u0131n y\u00fczey katmanlar\u0131nda \u0131s\u0131 \u00fcretmek i\u00e7in <a href=\"https:\/\/www.focoinduction.com\/tr\/induksiyonla-isitma-nedir\/\" target=\"_blank\" rel=\"noopener\">elektromanyetik ind\u00fcksiyon<\/a> prensiplerini kullanan temass\u0131z bir \u0131s\u0131tma i\u015flemidir. Di\u011fer y\u00f6ntemlere g\u00f6re \u00e7ok daha k\u0131sa bir \u0131s\u0131tma s\u00fcresinde sertle\u015ftirme, mukavemet ve sertlik gibi mekanik \u00f6zellikleri optimize eder ve bu da onu \u00f6nemli i\u015f hacmi ihtiya\u00e7lar\u0131 olan \u00fcreticiler i\u00e7in tercih edilen y\u00f6ntem haline getirir. Sertle\u015ftirme genellikle sadece saniyeler s\u00fcrer!<\/p>\n<\/div><\/div><\/div><div class=\"fusion-layout-column fusion_builder_column fusion-builder-column-1 fusion_builder_column_1_1 1_1 fusion-flex-column\" style=\"--awb-bg-size:cover;--awb-width-large:100%;--awb-margin-top-large:0px;--awb-spacing-right-large:1.92%;--awb-margin-bottom-large:20px;--awb-spacing-left-large:1.92%;--awb-width-medium:100%;--awb-order-medium:0;--awb-spacing-right-medium:1.92%;--awb-spacing-left-medium:1.92%;--awb-width-small:100%;--awb-order-small:0;--awb-spacing-right-small:1.92%;--awb-spacing-left-small:1.92%;\"><div class=\"fusion-column-wrapper fusion-column-has-shadow fusion-flex-justify-content-flex-start fusion-content-layout-column\"><div class=\"fusion-text fusion-text-2\"><h2>Metallerin \u0130nd\u00fcksiyonla Sertle\u015ftirilmesi<\/h2>\n<p>\u00c7eli\u011fin sertle\u015ftirilmesi, \u00fcretimde kullan\u0131lan par\u00e7alar i\u00e7in \u0131s\u0131l i\u015flem s\u00fcre\u00e7leri yoluyla en etkilidir. \u0130nd\u00fcksiyonla sertle\u015ftirme kullanarak milleri veya di\u011fer par\u00e7alar\u0131 i\u015flemek i\u00e7in uygun maliyetli bir y\u00f6nteme sahip olacaks\u0131n\u0131z. Tipik olarak, mekanik \u00f6zelliklerini korurken m\u00fckemmel y\u00fczey a\u015f\u0131nma direnci elde etmek i\u00e7in metal par\u00e7alara ind\u00fcksiyonla sertle\u015ftirme uygulan\u0131r. Metal malzemelerde \u00e7ok y\u00fcksek y\u00fczey sertli\u011fi ile sonu\u00e7lanan bir i\u015flemdir ve a\u011f\u0131r y\u00fcklere maruz kalan bile\u015fenlerin \u00fcretimi i\u00e7in m\u00fckemmeldir. Bir ind\u00fcksiyon sertle\u015ftirme i\u015flemi ger\u00e7ekle\u015ftirildikten sonra, y\u00fczey tabakas\u0131 i\u00e7in belirli \u00f6zellikler elde etmek amac\u0131yla bir metal par\u00e7an\u0131n su, ya\u011f veya hava ile s\u00f6nd\u00fcr\u00fclmesi gerekir. Y\u00fczey sertle\u015ftirme a\u015f\u0131nmaya kar\u015f\u0131 direnci art\u0131r\u0131r ve a\u011f\u0131r gerilimli bile\u015fenlerin mukavemetini art\u0131rmak i\u00e7in kullan\u0131labilir.<\/p>\n<\/div><\/div><\/div><div class=\"fusion-layout-column fusion_builder_column fusion-builder-column-2 fusion_builder_column_1_1 1_1 fusion-flex-column\" style=\"--awb-bg-size:cover;--awb-width-large:100%;--awb-margin-top-large:0px;--awb-spacing-right-large:1.92%;--awb-margin-bottom-large:20px;--awb-spacing-left-large:1.92%;--awb-width-medium:100%;--awb-order-medium:0;--awb-spacing-right-medium:1.92%;--awb-spacing-left-medium:1.92%;--awb-width-small:100%;--awb-order-small:0;--awb-spacing-right-small:1.92%;--awb-spacing-left-small:1.92%;\"><div class=\"fusion-column-wrapper fusion-column-has-shadow fusion-flex-justify-content-flex-start fusion-content-layout-column\"><div class=\"fusion-text fusion-text-3\"><h2>Tek At\u0131\u015f Sertle\u015ftirme<\/h2>\n<p>Tek at\u0131\u015fla sertle\u015ftirme, par\u00e7a ve bobinin \u0131s\u0131nma s\u00fcreci boyunca tek bir yerde kald\u0131\u011f\u0131 en yayg\u0131n <a href=\"https:\/\/www.focoinduction.com\/heating-methods-for-induction-hardening\/\" target=\"_blank\" rel=\"noopener\">ind\u00fcksiyonla sert<\/a>le\u015ftirme <a href=\"https:\/\/www.focoinduction.com\/heating-methods-for-induction-hardening\/\" target=\"_blank\" rel=\"noopener\">y\u00f6ntemidir<\/a>. Slack quenching (sertle\u015ftirme i\u015fleminden sonra par\u00e7ada kalan \u0131s\u0131n\u0131n b\u0131rak\u0131lmas\u0131), daha b\u00fcy\u00fck tek at\u0131\u015flarda ve yatay taray\u0131c\u0131larda rutin olarak kullan\u0131l\u0131r.<\/p>\n<p>Otomatik sertle\u015ftirme statik \u0131s\u0131tma, tek seferlik \u0131s\u0131l i\u015flem ve daha az \u00f6l\u00e7\u00fcde yatay taray\u0131c\u0131larda veya s\u00fcrekli\/ilerlemeli sertle\u015ftirme uygulamalar\u0131nda kullan\u0131labilir.<\/p>\n<\/div><\/div><\/div><div class=\"fusion-layout-column fusion_builder_column fusion-builder-column-3 fusion_builder_column_1_1 1_1 fusion-flex-column\" style=\"--awb-bg-size:cover;--awb-width-large:100%;--awb-margin-top-large:0px;--awb-spacing-right-large:1.92%;--awb-margin-bottom-large:20px;--awb-spacing-left-large:1.92%;--awb-width-medium:100%;--awb-order-medium:0;--awb-spacing-right-medium:1.92%;--awb-spacing-left-medium:1.92%;--awb-width-small:100%;--awb-order-small:0;--awb-spacing-right-small:1.92%;--awb-spacing-left-small:1.92%;\"><div class=\"fusion-column-wrapper fusion-column-has-shadow fusion-flex-justify-content-flex-start fusion-content-layout-column\"><div class=\"fusion-text fusion-text-4\"><h2>Se\u00e7ici \u0130nd\u00fcksiyonla Sertle\u015ftirme<\/h2>\n<p>Se\u00e7ici \u0130nd\u00fcksiyonla Sertle\u015ftirme, mekanik \u00f6zelliklerin bir kombinasyonunu sa\u011flayarak par\u00e7a performans\u0131n\u0131 art\u0131rma potansiyeline sahiptir; a\u015f\u0131nma y\u00fczeylerinde gereken yerlerde sertlik verirken, darbe mukavemeti i\u00e7in \u00e7ekirdekte d\u00f6v\u00fclebilirlik sa\u011flar.<\/p>\n<\/div><\/div><\/div><div class=\"fusion-layout-column fusion_builder_column fusion-builder-column-4 fusion_builder_column_1_1 1_1 fusion-flex-column\" style=\"--awb-bg-size:cover;--awb-width-large:100%;--awb-margin-top-large:0px;--awb-spacing-right-large:1.92%;--awb-margin-bottom-large:20px;--awb-spacing-left-large:1.92%;--awb-width-medium:100%;--awb-order-medium:0;--awb-spacing-right-medium:1.92%;--awb-spacing-left-medium:1.92%;--awb-width-small:100%;--awb-order-small:0;--awb-spacing-right-small:1.92%;--awb-spacing-left-small:1.92%;\"><div class=\"fusion-column-wrapper fusion-column-has-shadow fusion-flex-justify-content-flex-start fusion-content-layout-column\"><div class=\"fusion-text fusion-text-5\"><h2>D\u00fc\u015f\u00fck Ala\u015f\u0131ml\u0131 Orta Karbonlu \u00c7eliklerin \u0130nd\u00fcksiyonla Sertle\u015ftirilmesi<\/h2>\n<p>D\u00fc\u015f\u00fck Ala\u015f\u0131ml\u0131 Orta Karbonlu \u00c7eliklerin \u0130nd\u00fcksiyonla Sertle\u015ftirilmesi, y\u00fcksek d\u00fczeyde a\u015f\u0131nma direnci gerektiren kritik <a href=\"https:\/\/www.focoinduction.com\/tr\/otomotiv-endustrisinde-induksiyonla-isitma\/\" target=\"_blank\" rel=\"noopener\">otomotiv<\/a> ve makine uygulamalar\u0131nda yayg\u0131n olarak kullan\u0131lmaktad\u0131r. Sertle\u015fme derinli\u011fi karbonizasyon derinli\u011fi, al\u0131c\u0131l\u0131k ve su verme ile tan\u0131mlan\u0131r. Herhangi bir sertle\u015ftirme i\u015flemi, mekanik gerilime kar\u015f\u0131 y\u00fczey direnci sa\u011flamay\u0131 ve bir par\u00e7aya yeterli esneklik kazand\u0131rarak d\u0131\u015f kuvvetlere hasar g\u00f6rmeden dayanabilmesini ama\u00e7lar.<\/p>\n<\/div><\/div><\/div><div class=\"fusion-layout-column fusion_builder_column fusion-builder-column-5 fusion_builder_column_1_1 1_1 fusion-flex-column\" style=\"--awb-bg-size:cover;--awb-width-large:100%;--awb-margin-top-large:0px;--awb-spacing-right-large:1.92%;--awb-margin-bottom-large:20px;--awb-spacing-left-large:1.92%;--awb-width-medium:100%;--awb-order-medium:0;--awb-spacing-right-medium:1.92%;--awb-spacing-left-medium:1.92%;--awb-width-small:100%;--awb-order-small:0;--awb-spacing-right-small:1.92%;--awb-spacing-left-small:1.92%;\"><div class=\"fusion-column-wrapper fusion-column-has-shadow fusion-flex-justify-content-flex-start fusion-content-layout-column\"><div class=\"fusion-text fusion-text-6\"><h2>Se\u00e7ici \u0130nd\u00fcksiyon Sertle\u015ftirme<\/h2>\n<p>Se\u00e7ici \u0130nd\u00fcksiyonla Sertle\u015ftirme, bir \u00e7elik veya demir ala\u015f\u0131m\u0131n\u0131n hassas b\u00f6lgelerini hedef alan ve di\u011fer b\u00f6lgeleri etkilemeden bu yerlerde y\u00fcksek dereceli sertlik seviyelerine ula\u015fmay\u0131 m\u00fcmk\u00fcn k\u0131lan h\u0131zland\u0131r\u0131lm\u0131\u015f bir \u0131s\u0131tma i\u015flemidir. Havac\u0131l\u0131k ve uzay end\u00fcstrisi gibi lokal sertle\u015ftirmenin avantajl\u0131 olabilece\u011fi bir\u00e7ok end\u00fcstri i\u00e7in cazip bir alternatiftir.<\/p>\n<p>\u0130nd\u00fcksiyonla sertle\u015ftirme bir parti prosesi olmad\u0131\u011f\u0131ndan (tipik olarak bir seferde tek bir par\u00e7a sertle\u015ftirilir), <a href=\"https:\/\/www.focoinduction.com\/tr\/urunler\/induksiyonla-sertlestirme-makineleri\/\" target=\"_blank\" rel=\"noopener\">sertle\u015ftirme makineleri<\/a> s\u00fcrekli proses ak\u0131\u015f\u0131na izin verecek \u015fekilde \u00fcretim h\u00fccrelerine yerle\u015ftirilebilir.<\/p>\n<p>Her proseste oldu\u011fu gibi sertle\u015ftirme de zaman ve s\u0131cakl\u0131\u011f\u0131n bir fonksiyonudur ve ind\u00fcksiyonla sertle\u015ftirmede f\u0131r\u0131n temperlemeye e\u015fde\u011fer sonu\u00e7lar elde etmek i\u00e7in tipik olarak daha k\u0131sa s\u00fcreler ve daha y\u00fcksek s\u0131cakl\u0131klar kullan\u0131l\u0131r. M\u00fchendislerimiz uygulaman\u0131z\u0131n \u00fccretsiz bir de\u011ferlendirmesini sunabilir ve \u00f6zel \u00fcretim gereksinimleriniz konusunda size dan\u0131\u015fabilir.<\/p>\n<\/div><div class=\"fusion-text fusion-text-7\" style=\"--awb-text-transform:capitalize;\"><p><em><a href=\"https:\/\/www.focoinduction.com\/tr\/iletisim\/\" target=\"_blank\" rel=\"noopener\">\u0130nd\u00fcksiyonla sertle\u015ftirme uzman\u0131m\u0131za dan\u0131\u015f\u0131n.<\/a><\/em><\/p>\n<\/div><div class=\"fusion-text fusion-text-8\" style=\"--awb-text-transform:capitalize;\"><p><em><a href=\"https:\/\/www.focoinduction.com\/tr\/induksiyonla-sertlestirme\/\" target=\"_blank\" rel=\"noopener\">\u0130nd\u00fcksiyonla sertle\u015ftirme projelerimize bak\u0131n.<\/a><\/em><\/p>\n<\/div><\/div><\/div><\/div><\/div>\n","protected":false},"excerpt":{"rendered":"","protected":false},"author":1,"featured_media":4675,"parent":6680,"menu_order":0,"comment_status":"closed","ping_status":"closed","template":"","meta":{"footnotes":""},"class_list":["post-6805","page","type-page","status-publish","has-post-thumbnail","hentry"],"_links":{"self":[{"href":"https:\/\/www.focoinduction.com\/tr\/wp-json\/wp\/v2\/pages\/6805","targetHints":{"allow":["GET"]}}],"collection":[{"href":"https:\/\/www.focoinduction.com\/tr\/wp-json\/wp\/v2\/pages"}],"about":[{"href":"https:\/\/www.focoinduction.com\/tr\/wp-json\/wp\/v2\/types\/page"}],"author":[{"embeddable":true,"href":"https:\/\/www.focoinduction.com\/tr\/wp-json\/wp\/v2\/users\/1"}],"replies":[{"embeddable":true,"href":"https:\/\/www.focoinduction.com\/tr\/wp-json\/wp\/v2\/comments?post=6805"}],"version-history":[{"count":0,"href":"https:\/\/www.focoinduction.com\/tr\/wp-json\/wp\/v2\/pages\/6805\/revisions"}],"up":[{"embeddable":true,"href":"https:\/\/www.focoinduction.com\/tr\/wp-json\/wp\/v2\/pages\/6680"}],"wp:featuredmedia":[{"embeddable":true,"href":"https:\/\/www.focoinduction.com\/tr\/wp-json\/wp\/v2\/media\/4675"}],"wp:attachment":[{"href":"https:\/\/www.focoinduction.com\/tr\/wp-json\/wp\/v2\/media?parent=6805"}],"curies":[{"name":"wp","href":"https:\/\/api.w.org\/{rel}","templated":true}]}}