{"id":6858,"date":"2022-08-11T18:41:13","date_gmt":"2022-08-11T10:41:13","guid":{"rendered":"https:\/\/www.focoinduction.com\/induksiyonla-eritme\/gumusun-induksiyonla-eritilmesi\/"},"modified":"2023-05-16T09:42:15","modified_gmt":"2023-05-16T01:42:15","slug":"gumusun-induksiyonla-eritilmesi","status":"publish","type":"page","link":"https:\/\/www.focoinduction.com\/tr\/uygulamalar\/induksiyonla-eritme\/gumusun-induksiyonla-eritilmesi\/","title":{"rendered":"G\u00fcm\u00fc\u015f\u00fcn \u0130nd\u00fcksiyonla Eritilmesi"},"content":{"rendered":"<p><div class=\"fusion-fullwidth fullwidth-box fusion-builder-row-1 fusion-flex-container nonhundred-percent-fullwidth non-hundred-percent-height-scrolling\" style=\"--awb-border-sizes-bottom:1px;--awb-border-radius-top-left:0px;--awb-border-radius-top-right:0px;--awb-border-radius-bottom-right:0px;--awb-border-radius-bottom-left:0px;--awb-flex-wrap:wrap;\" ><div class=\"fusion-builder-row fusion-row fusion-flex-align-items-flex-start fusion-flex-content-wrap\" style=\"max-width:1248px;margin-left: calc(-4% \/ 2 );margin-right: calc(-4% \/ 2 );\"><div class=\"fusion-layout-column fusion_builder_column fusion-builder-column-0 fusion_builder_column_1_1 1_1 fusion-flex-column\" style=\"--awb-bg-size:cover;--awb-width-large:100%;--awb-margin-top-large:0px;--awb-spacing-right-large:1.92%;--awb-margin-bottom-large:20px;--awb-spacing-left-large:1.92%;--awb-width-medium:100%;--awb-order-medium:0;--awb-spacing-right-medium:1.92%;--awb-spacing-left-medium:1.92%;--awb-width-small:100%;--awb-order-small:0;--awb-spacing-right-small:1.92%;--awb-spacing-left-small:1.92%;\"><div class=\"fusion-column-wrapper fusion-column-has-shadow fusion-flex-justify-content-flex-start fusion-content-layout-column\"><div class=\"fusion-text fusion-text-1\"><h2>\u0130nd\u00fcksiyon Ergitme Uygulamalar\u0131<\/h2>\n<p>300 kg g\u00fcm\u00fc\u015f eritmek i\u00e7in FOCO 160 kW Tilt tipi \u0130nd\u00fcksiyon Ergitme F\u0131r\u0131n\u0131. 300 kg g\u00fcm\u00fc\u015f 50 dakika i\u00e7inde eritilerek s\u0131v\u0131 hale getirildi. T\u00fcm eritme i\u015flemi h\u0131zl\u0131 ve g\u00fcvenlidir. Eritme f\u0131r\u0131n\u0131, \u00e7al\u0131\u015fma ortam\u0131n\u0131n \u00e7evre korumas\u0131n\u0131 sa\u011flamak i\u00e7in toz giderme ekipman\u0131 ile donat\u0131lm\u0131\u015ft\u0131r.<\/p>\n<p><strong>Ekipman:<\/strong><\/p>\n<ul>\n<li>160kW <span style=\"color: #0000ff;\"><br \/>\n  <a style=\"color: #0000ff;\" href=\"https:\/\/www.focoinduction.com\/tr\/urunler\/induksiyon-ergitme-firinlari\/egimli-tip-induksiyon-ergitme-firini\/\" target=\"_blank\" rel=\"noopener\">E\u011fimli Tip \u0130nd\u00fcksiyon Ergitme F\u0131r\u0131n\u0131<\/a><br \/>\n<\/span>.<\/li>\n<\/ul>\n<p>E\u011fimli tip ind\u00fcksiyon eritme f\u0131r\u0131n\u0131 10 kg&#8217;\u0131 300 kg g\u00fcm\u00fc\u015fe eritebilir. Maksimum g\u00fc\u00e7 160 kW&#8217;a ula\u015fabilir. Erime s\u0131cakl\u0131\u011f\u0131n\u0131 hassas bir \u015fekilde kontrol etmek i\u00e7in k\u0131z\u0131l\u00f6tesi termometre ile donat\u0131labilir. Ayr\u0131ca, f\u0131r\u0131n g\u00f6vdesinin 90 derece e\u011filmesini kontrol etmek i\u00e7in bir uzaktan kumanda sistemi ile donat\u0131labilir, bu da i\u015flemi daha g\u00fcvenli hale getirir.<\/p>\n<p><strong>Eritme i\u015flemi:<\/strong><\/p>\n<ol>\n<li>Krozeye 300 kg g\u00fcm\u00fc\u015f koyun.<\/li>\n<li>\u0130nd\u00fcksiyon \u0131s\u0131tmas\u0131n\u0131n etkisi alt\u0131nda g\u00fcm\u00fc\u015f 50 dakika i\u00e7inde erir.<\/li>\n<li>\u0130nd\u00fcksiyonla \u0131s\u0131tman\u0131n elektromanyetik kar\u0131\u015ft\u0131rma etkisi nedeniyle g\u00fcm\u00fc\u015f e\u015fit \u015fekilde \u0131s\u0131t\u0131l\u0131r ve \u0131s\u0131tma h\u0131z\u0131 h\u0131zl\u0131d\u0131r.<\/li>\n<\/ol>\n<p>Hakk\u0131nda daha fazlas\u0131n\u0131 okuyun <span style=\"color: #0000ff;\"><br \/>\n  <a style=\"color: #0000ff;\" href=\"https:\/\/www.focoinduction.com\/tr\/induksiyonla-eritme\/\" target=\"_blank\" rel=\"noopener\">ind\u00fcksiyon ergitme uygulamalar\u0131<\/a><br \/>\n<\/span>.<\/p>\n<\/div><\/div><\/div><\/div><\/div><div class=\"fusion-fullwidth fullwidth-box fusion-builder-row-2 fusion-flex-container nonhundred-percent-fullwidth non-hundred-percent-height-scrolling\" style=\"--awb-border-sizes-bottom:1px;--awb-border-radius-top-left:0px;--awb-border-radius-top-right:0px;--awb-border-radius-bottom-right:0px;--awb-border-radius-bottom-left:0px;--awb-flex-wrap:wrap;\" ><div class=\"fusion-builder-row fusion-row fusion-flex-align-items-flex-start fusion-flex-content-wrap\" style=\"max-width:1248px;margin-left: calc(-4% \/ 2 );margin-right: calc(-4% \/ 2 );\"><div class=\"fusion-layout-column fusion_builder_column fusion-builder-column-1 fusion_builder_column_1_1 1_1 fusion-flex-column\" style=\"--awb-bg-size:cover;--awb-width-large:100%;--awb-margin-top-large:0px;--awb-spacing-right-large:1.92%;--awb-margin-bottom-large:20px;--awb-spacing-left-large:1.92%;--awb-width-medium:100%;--awb-order-medium:0;--awb-spacing-right-medium:1.92%;--awb-spacing-left-medium:1.92%;--awb-width-small:100%;--awb-order-small:0;--awb-spacing-right-small:1.92%;--awb-spacing-left-small:1.92%;\"><div class=\"fusion-column-wrapper fusion-column-has-shadow fusion-flex-justify-content-flex-start fusion-content-layout-column\"><div class=\"fusion-text fusion-text-2\" style=\"--awb-text-transform:none;\"><h3>\u0130nd\u00fcksiyonla G\u00fcm\u00fc\u015f Eritme Videolar\u0131<\/h3>\n<\/div><\/div><\/div><div class=\"fusion-layout-column fusion_builder_column fusion-builder-column-2 fusion_builder_column_1_1 1_1 fusion-flex-column\" style=\"--awb-bg-size:cover;--awb-width-large:100%;--awb-margin-top-large:0px;--awb-spacing-right-large:1.92%;--awb-margin-bottom-large:20px;--awb-spacing-left-large:1.92%;--awb-width-medium:100%;--awb-order-medium:0;--awb-spacing-right-medium:1.92%;--awb-spacing-left-medium:1.92%;--awb-width-small:100%;--awb-order-small:0;--awb-spacing-right-small:1.92%;--awb-spacing-left-small:1.92%;\"><div class=\"fusion-column-wrapper fusion-column-has-shadow fusion-flex-justify-content-flex-start fusion-content-layout-column\"><div class=\"fusion-video fusion-youtube\" style=\"--awb-max-width:600px;--awb-max-height:360px;\"><div class=\"video-shortcode\"><lite-youtube videoid=\"xBsRljJospg\" class=\"landscape\" params=\"wmode=transparent&autoplay=1&amp;enablejsapi=1\" title=\"Induction Melting of Silver\" data-button-label=\"Play Video\" width=\"600\" height=\"360\" data-thumbnail-size=\"auto\" data-no-cookie=\"on\"><\/lite-youtube><\/div><\/div><\/div><\/div><\/div><\/div><\/p>\n","protected":false},"excerpt":{"rendered":"","protected":false},"author":1,"featured_media":4063,"parent":5736,"menu_order":0,"comment_status":"closed","ping_status":"closed","template":"","meta":{"footnotes":""},"class_list":["post-6858","page","type-page","status-publish","has-post-thumbnail","hentry"],"_links":{"self":[{"href":"https:\/\/www.focoinduction.com\/tr\/wp-json\/wp\/v2\/pages\/6858","targetHints":{"allow":["GET"]}}],"collection":[{"href":"https:\/\/www.focoinduction.com\/tr\/wp-json\/wp\/v2\/pages"}],"about":[{"href":"https:\/\/www.focoinduction.com\/tr\/wp-json\/wp\/v2\/types\/page"}],"author":[{"embeddable":true,"href":"https:\/\/www.focoinduction.com\/tr\/wp-json\/wp\/v2\/users\/1"}],"replies":[{"embeddable":true,"href":"https:\/\/www.focoinduction.com\/tr\/wp-json\/wp\/v2\/comments?post=6858"}],"version-history":[{"count":0,"href":"https:\/\/www.focoinduction.com\/tr\/wp-json\/wp\/v2\/pages\/6858\/revisions"}],"up":[{"embeddable":true,"href":"https:\/\/www.focoinduction.com\/tr\/wp-json\/wp\/v2\/pages\/5736"}],"wp:featuredmedia":[{"embeddable":true,"href":"https:\/\/www.focoinduction.com\/tr\/wp-json\/wp\/v2\/media\/4063"}],"wp:attachment":[{"href":"https:\/\/www.focoinduction.com\/tr\/wp-json\/wp\/v2\/media?parent=6858"}],"curies":[{"name":"wp","href":"https:\/\/api.w.org\/{rel}","templated":true}]}}