{"id":8663,"date":"2024-12-27T16:10:15","date_gmt":"2024-12-27T08:10:15","guid":{"rendered":"https:\/\/www.focoinduction.com\/uygulamalar\/induksiyonla-sert-lehimleme\/induksiyonla-sert-lehimleme-bakir-levha\/"},"modified":"2024-12-27T16:18:58","modified_gmt":"2024-12-27T08:18:58","slug":"induksiyonla-sert-lehimleme-bakir-levha","status":"publish","type":"page","link":"https:\/\/www.focoinduction.com\/tr\/uygulamalar\/induksiyonla-sert-lehimleme\/induksiyonla-sert-lehimleme-bakir-levha\/","title":{"rendered":"\u0130nd\u00fcksiyonla Sert Lehimleme Bak\u0131r Levha"},"content":{"rendered":"<p><div class=\"fusion-fullwidth fullwidth-box fusion-builder-row-1 fusion-flex-container has-pattern-background has-mask-background nonhundred-percent-fullwidth non-hundred-percent-height-scrolling\" style=\"--awb-border-sizes-bottom:1px;--awb-border-radius-top-left:0px;--awb-border-radius-top-right:0px;--awb-border-radius-bottom-right:0px;--awb-border-radius-bottom-left:0px;--awb-flex-wrap:wrap;\" ><div class=\"fusion-builder-row fusion-row fusion-flex-align-items-flex-start fusion-flex-content-wrap\" style=\"max-width:1248px;margin-left: calc(-4% \/ 2 );margin-right: calc(-4% \/ 2 );\"><div class=\"fusion-layout-column fusion_builder_column fusion-builder-column-0 fusion_builder_column_1_1 1_1 fusion-flex-column\" style=\"--awb-bg-size:cover;--awb-width-large:100%;--awb-margin-top-large:0px;--awb-spacing-right-large:1.92%;--awb-margin-bottom-large:20px;--awb-spacing-left-large:1.92%;--awb-width-medium:100%;--awb-order-medium:0;--awb-spacing-right-medium:1.92%;--awb-spacing-left-medium:1.92%;--awb-width-small:100%;--awb-order-small:0;--awb-spacing-right-small:1.92%;--awb-spacing-left-small:1.92%;\"><div class=\"fusion-column-wrapper fusion-column-has-shadow fusion-flex-justify-content-flex-start fusion-content-layout-column\"><div class=\"fusion-text fusion-text-1\"><h2>Ta\u015f\u0131nabilir ind\u00fcksiyonlu \u0131s\u0131tma makinesi ile motor bak\u0131r plakalar\u0131n\u0131n lehimlenmesi<\/h2>\n<p>Portatif ind\u00fcksiyon lehimleme makinemiz, bak\u0131r levha ve bak\u0131r kablo demeti u\u00e7lar\u0131n\u0131n lehimlenmesi i\u00e7in \u00e7ok uygundur. H\u0131zl\u0131 ve verimli ind\u00fcksiyon \u0131s\u0131tmas\u0131 sayesinde bak\u0131r y\u00fczeyin oksitlenmesini azalt\u0131r ve daha y\u00fcksek sert lehim kalitesi sa\u011flar,<\/p>\n<p>Bak\u0131r plakalar\u0131n g\u00fcm\u00fc\u015f lehimlenmesi, elektrik motorlar\u0131n\u0131n \u00fcretiminde \u00f6nemli bir i\u015flemdir. Bak\u0131r plakalar farkl\u0131 kal\u0131nl\u0131klara ve geni\u015fliklere sahip olabilir ve genellikle iki veya daha fazla bak\u0131r iletkenin birbirine lehimlenmesi gerekir, Bak\u0131r plakalar\u0131n konumuna ba\u011fl\u0131 olarak, lehimleme i\u015fleminin kapal\u0131 yuvarlak kullan\u0131larak tamamlanmas\u0131 gerekebilir <a href=\"https:\/\/www.focoinduction.com\/tr\/induksiyonla-isitma-hizmetleri\/ozel-induksiyon-isitma-bobini\/\"><span style=\"color: #0000ff;\">ind\u00fcksiyon bobinleri<\/span><\/a> veya a\u00e7\u0131k U \u015fekilli ind\u00fcksiyon bobinleri.<\/p>\n<p>Bu bak\u0131r plaka lehimleme projesinde, 12\u00d74mm \u00f6l\u00e7\u00fclerinde ve 50mm uzunlu\u011funda 8 bak\u0131r plaka kulland\u0131k. Kaynak yakla\u015f\u0131k 20 mm derinli\u011fe kadar uzan\u0131r.<br \/>\nLehimleme makinesi kullan\u0131l\u0131r: <span style=\"color: #0000ff;\"><a style=\"color: #0000ff;\" href=\"https:\/\/www.focoinduction.com\/tr\/urunler\/induksiyon-lehimleme-makineleri\/tasinabilir-induksiyonlu-lehimleme-makinesi\/\">HF-35KW Ta\u015f\u0131nabilir \u0130nd\u00fcksiyonlu Is\u0131tma Makinesi<\/a><\/span><\/p>\n<p>Lehimleme <strong>\u0130\u015flemi:<\/strong><br \/>\nEnd\u00fcstriyel so\u011futucu \u00e7al\u0131\u015ft\u0131ktan sonra 35KW portatif ind\u00fcksiyonlu lehimleme makinesini \u00e7al\u0131\u015ft\u0131r\u0131n, halihaz\u0131rda sabitlenmi\u015f olan 8 bak\u0131r plakay\u0131 \u0131s\u0131tmak i\u00e7in \u00f6zelle\u015ftirilmi\u015f bobinleri kullan\u0131n, T\u00fcm lehimleme i\u015flemi yakla\u015f\u0131k 20 saniye s\u00fcrer.<\/p>\n<p><strong>Sonu\u00e7lar:<\/strong><br \/>\n35KW Ta\u015f\u0131nabilir \u0130nd\u00fcksiyonlu Is\u0131tma Makinesi, bak\u0131r plakan\u0131n lehimlenmesini yakla\u015f\u0131k 20 saniyede tamamlad\u0131,<\/p>\n<p>Ta\u015f\u0131nabilir ind\u00fcksiyonlu \u0131s\u0131tma makinemiz, bak\u0131r plakalar\u0131n ve motorlar\u0131n kablo demeti u\u00e7lar\u0131n\u0131n lehimleme i\u015flemini \u00e7ok daha kolay hale getirir, M\u00fc\u015fteri talebi \u00fczerine \u015funlar\u0131 sa\u011flayabiliriz<a href=\"https:\/\/www.focoinduction.com\/tr\/urunler\/induksiyon-lehimleme-makineleri\/el-induksiyonlu-lehimleme-makinesi\/\"><span style=\"color: #0000ff;\"> el tipi ind\u00fcksiyon lehimleme makineleri<\/span><\/a> Dahili end\u00fcstriyel so\u011futucu ve PLC kontrol sistemi ile.<\/p>\n<p>Hakk\u0131nda daha fazlas\u0131n\u0131 okuyun<a href=\"https:\/\/www.focoinduction.com\/tr\/uygulamalar\/induksiyonla-sert-lehimleme\/\" target=\"_blank\" rel=\"noopener\"> <span style=\"color: #0000ff;\">ind\u00fcksiyon lehimleme uygulamalar\u0131<\/span><\/a>.<\/p>\n<\/div><\/div><\/div><\/div><\/div><div class=\"fusion-fullwidth fullwidth-box fusion-builder-row-2 fusion-flex-container has-pattern-background has-mask-background nonhundred-percent-fullwidth non-hundred-percent-height-scrolling\" style=\"--awb-border-radius-top-left:0px;--awb-border-radius-top-right:0px;--awb-border-radius-bottom-right:0px;--awb-border-radius-bottom-left:0px;--awb-flex-wrap:wrap;\" ><div class=\"fusion-builder-row fusion-row fusion-flex-align-items-flex-start fusion-flex-content-wrap\" style=\"max-width:1248px;margin-left: calc(-4% \/ 2 );margin-right: calc(-4% \/ 2 );\"><div class=\"fusion-layout-column fusion_builder_column fusion-builder-column-1 fusion_builder_column_1_1 1_1 fusion-flex-column\" style=\"--awb-bg-size:cover;--awb-width-large:100%;--awb-margin-top-large:0px;--awb-spacing-right-large:1.92%;--awb-margin-bottom-large:20px;--awb-spacing-left-large:1.92%;--awb-width-medium:100%;--awb-order-medium:0;--awb-spacing-right-medium:1.92%;--awb-spacing-left-medium:1.92%;--awb-width-small:100%;--awb-order-small:0;--awb-spacing-right-small:1.92%;--awb-spacing-left-small:1.92%;\"><div class=\"fusion-column-wrapper fusion-column-has-shadow fusion-flex-justify-content-flex-start fusion-content-layout-column\"><div class=\"fusion-text fusion-text-2\"><h3><strong>Video of Induction Brazing<\/strong><\/h3>\n<\/div><div class=\"fusion-video fusion-youtube\" style=\"--awb-max-width:600px;--awb-max-height:360px;\"><div class=\"video-shortcode\"><lite-youtube videoid=\"9YYBxtog73w\" class=\"landscape\" params=\"wmode=transparent&autoplay=1&amp;enablejsapi=1\" title=\"Induction Brazing Copper Plate\" data-button-label=\"Play Video\" width=\"600\" height=\"360\" data-thumbnail-size=\"auto\" data-no-cookie=\"on\"><\/lite-youtube><\/div><\/div><\/div><\/div><\/div><\/div><\/p>\n","protected":false},"excerpt":{"rendered":"","protected":false},"author":1,"featured_media":8633,"parent":6027,"menu_order":0,"comment_status":"closed","ping_status":"closed","template":"","meta":{"footnotes":""},"class_list":["post-8663","page","type-page","status-publish","has-post-thumbnail","hentry"],"_links":{"self":[{"href":"https:\/\/www.focoinduction.com\/tr\/wp-json\/wp\/v2\/pages\/8663","targetHints":{"allow":["GET"]}}],"collection":[{"href":"https:\/\/www.focoinduction.com\/tr\/wp-json\/wp\/v2\/pages"}],"about":[{"href":"https:\/\/www.focoinduction.com\/tr\/wp-json\/wp\/v2\/types\/page"}],"author":[{"embeddable":true,"href":"https:\/\/www.focoinduction.com\/tr\/wp-json\/wp\/v2\/users\/1"}],"replies":[{"embeddable":true,"href":"https:\/\/www.focoinduction.com\/tr\/wp-json\/wp\/v2\/comments?post=8663"}],"version-history":[{"count":0,"href":"https:\/\/www.focoinduction.com\/tr\/wp-json\/wp\/v2\/pages\/8663\/revisions"}],"up":[{"embeddable":true,"href":"https:\/\/www.focoinduction.com\/tr\/wp-json\/wp\/v2\/pages\/6027"}],"wp:featuredmedia":[{"embeddable":true,"href":"https:\/\/www.focoinduction.com\/tr\/wp-json\/wp\/v2\/media\/8633"}],"wp:attachment":[{"href":"https:\/\/www.focoinduction.com\/tr\/wp-json\/wp\/v2\/media?parent=8663"}],"curies":[{"name":"wp","href":"https:\/\/api.w.org\/{rel}","templated":true}]}}