{"id":10099,"date":"2022-04-09T13:12:01","date_gmt":"2022-04-09T05:12:01","guid":{"rendered":"https:\/\/www.focoinduction.com\/ung-dung\/han-cam-ung\/han-cam-ung-ong-dong\/"},"modified":"2025-01-02T10:51:30","modified_gmt":"2025-01-02T02:51:30","slug":"han-cam-ung-ong-dong","status":"publish","type":"page","link":"https:\/\/www.focoinduction.com\/vi\/ung-dung\/han-cam-ung\/han-cam-ung-ong-dong\/","title":{"rendered":"H\u00e0n c\u1ea3m \u1ee9ng \u1ed1ng \u0111\u1ed3ng"},"content":{"rendered":"<p><div class=\"fusion-fullwidth fullwidth-box fusion-builder-row-1 fusion-flex-container nonhundred-percent-fullwidth non-hundred-percent-height-scrolling\" style=\"--awb-border-radius-top-left:0px;--awb-border-radius-top-right:0px;--awb-border-radius-bottom-right:0px;--awb-border-radius-bottom-left:0px;--awb-flex-wrap:wrap;\" ><div class=\"fusion-builder-row fusion-row fusion-flex-align-items-flex-start fusion-flex-content-wrap\" style=\"max-width:1248px;margin-left: calc(-4% \/ 2 );margin-right: calc(-4% \/ 2 );\"><div class=\"fusion-layout-column fusion_builder_column fusion-builder-column-0 fusion_builder_column_1_1 1_1 fusion-flex-column\" style=\"--awb-bg-size:cover;--awb-width-large:100%;--awb-margin-top-large:0px;--awb-spacing-right-large:1.92%;--awb-margin-bottom-large:20px;--awb-spacing-left-large:1.92%;--awb-width-medium:100%;--awb-order-medium:0;--awb-spacing-right-medium:1.92%;--awb-spacing-left-medium:1.92%;--awb-width-small:100%;--awb-order-small:0;--awb-spacing-right-small:1.92%;--awb-spacing-left-small:1.92%;\"><div class=\"fusion-column-wrapper fusion-column-has-shadow fusion-flex-justify-content-flex-start fusion-content-layout-column\"><div class=\"fusion-text fusion-text-1\" style=\"--awb-text-transform:none;\"><p><a href=\"https:\/\/www.focoinduction.com\/induction-heating-equipment\/induction-brazing-machine\/\" target=\"_blank\" rel=\"noopener\">Thi\u1ebft b\u1ecb h\u00e0n c\u1ea3m \u1ee9ng<\/a> \u0111\u00e3 tr\u1edf th\u00e0nh thi\u1ebft b\u1ecb c\u00f4ng ngh\u1ec7 cao ti\u00ean ti\u1ebfn v\u00e0 hi\u1ec7u qu\u1ea3 nh\u1ea5t \u0111\u1ec3 h\u00e0n \u1ed1ng \u0111\u1ed3ng. N\u00f3 kh\u00f4ng ch\u1ec9 t\u1ef1 \u0111\u1ed9ng h\u00f3a quy tr\u00ecnh h\u00e0n \u1ed1ng \u0111\u1ed3ng m\u00e0 c\u00f2n \u0111\u1ea3m b\u1ea3o k\u1ebft qu\u1ea3 nh\u1ea5t qu\u00e1n. Ch\u00fang ta c\u00f3 th\u1ec3 d\u1ec5 d\u00e0ng ki\u1ec3m so\u00e1t quy tr\u00ecnh h\u00e0n \u1ed1ng \u0111\u1ed3ng b\u1eb1ng ph\u01b0\u01a1ng ph\u00e1p h\u00e0n c\u1ea3m \u1ee9ng. Trong qu\u00e1 tr\u00ecnh h\u00e0n \u1ed1ng \u0111\u1ed3ng v\u00e0 \u1ed1ng \u0111\u1ed3ng ho\u1eb7c \u1ed1ng \u0111\u1ed3ng v\u00e0 c\u00e1c v\u1eadt li\u1ec7u kh\u00e1c, ch\u00fang ta c\u00f3 th\u1ec3 ki\u1ec3m so\u00e1t th\u1eddi gian c\u1ea7n thi\u1ebft \u0111\u1ec3 h\u00e0n b\u1eb1ng c\u00e1ch c\u00e0i \u0111\u1eb7t c\u00f4ng su\u1ea5t v\u00e0 t\u1ea7n s\u1ed1 c\u1ee7a thi\u1ebft b\u1ecb, do \u0111\u00f3 duy tr\u00ec hi\u1ec7u qu\u1ea3 s\u1ea3n xu\u1ea5t. Kh\u00f4ng gi\u1ed1ng nh\u01b0 h\u00e0n b\u1eb1ng ng\u1ecdn l\u1eeda, h\u00e0n c\u1ea3m \u1ee9ng ch\u1ec9 l\u00e0m n\u00f3ng n\u01a1i c\u1ea7n h\u00e0n, tr\u00e1nh l\u00e3ng ph\u00ed n\u0103ng l\u01b0\u1ee3ng. V\u00e0 quy tr\u00ecnh c\u1ee7a n\u00f3 th\u00e2n thi\u1ec7n v\u1edbi m\u00f4i tr\u01b0\u1eddng, kh\u00f4ng ph\u00e1t th\u1ea3i. Trong quy tr\u00ecnh h\u00e0n c\u00f3 th\u1ec3 l\u1eb7p l\u1ea1i, h\u00e0n c\u1ea3m \u1ee9ng c\u00f3 th\u1ec3 \u0111\u01b0\u1ee3c t\u1ef1 \u0111\u1ed9ng h\u00f3a, \u0111\u1ea3m b\u1ea3o r\u1eb1ng k\u1ebft qu\u1ea3 h\u00e0n lu\u00f4n \u0111\u01b0\u1ee3c duy tr\u00ec \u1edf ch\u1ea5t l\u01b0\u1ee3ng t\u1ed1t nh\u1ea5t. <\/p>\n<p><strong>Thi\u1ebft b\u1ecb h\u00e0n c\u1ea3m \u1ee9ng \u1ed1ng \u0111\u1ed3ng:<\/strong><\/p>\n<ul>\n<li><span style=\"color: #0000ff;\"><a style=\"color: #0000ff;\" href=\"https:\/\/www.focoinduction.com\/induction-heating-equipment\/induction-brazing-machine\/portable-induction-brazing-machine\/\" target=\"_blank\" rel=\"noopener\">M\u00e1y h\u00e0n c\u1ea3m \u1ee9ng di \u0111\u1ed9ng<\/a><\/span><\/li>\n<li><a href=\"https:\/\/www.focoinduction.com\/induction-heating-equipment\/induction-brazing-machine\/handheld-induction-brazing-machine\/\" target=\"_blank\" rel=\"noopener\"><span style=\"color: #0000ff;\">M\u00e1y h\u00e0n c\u1ea3m \u1ee9ng c\u1ea7m tay<\/span><\/a> (h\u1ec7 th\u1ed1ng l\u00e0m m\u00e1t b\u1eb1ng n\u01b0\u1edbc t\u00edch h\u1ee3p)<\/li>\n<li><span style=\"color: #0000ff;\"><a style=\"color: #0000ff;\" href=\"https:\/\/www.focoinduction.com\/induction-heating-equipment\/induction-brazing-machine\/automatic-induction-brazing-machine\/\" target=\"_blank\" rel=\"noopener\">Thi\u1ebft b\u1ecb h\u00e0n c\u1ea3m \u1ee9ng t\u1ef1 \u0111\u1ed9ng<\/a><\/span><\/li>\n<\/ul>\n<p>Thi\u1ebft b\u1ecb h\u00e0n c\u1ea3m \u1ee9ng th\u01b0\u1eddng s\u1eed d\u1ee5ng <a href=\"https:\/\/www.focoinduction.com\/induction-heating-equipment\/induction-heating-machine\/high-frequency-induction-heating-machine\/\" target=\"_blank\" rel=\"noopener\">ngu\u1ed3n \u0111i\u1ec7n gia nhi\u1ec7t c\u1ea3m \u1ee9ng t\u1ea7n s\u1ed1 cao<\/a> ho\u1eb7c <a href=\"https:\/\/www.focoinduction.com\/induction-heating-equipment\/induction-heating-machine\/ultra-high-frequency-induction-heating-machine\/\" target=\"_blank\" rel=\"noopener\">ngu\u1ed3n \u0111i\u1ec7n gia nhi\u1ec7t c\u1ea3m \u1ee9ng t\u1ea7n s\u1ed1 c\u1ef1c cao<\/a> . Ch\u00fang cho ph\u00e9p h\u00e0n kh\u00f4ng ng\u1ecdn l\u1eeda nhanh v\u1edbi k\u1ebft qu\u1ea3 nh\u1ea5t qu\u00e1n. \u0110\u1ecdc th\u00eam v\u1ec1 <a href=\"https:\/\/www.focoinduction.com\/vi\/ung-dung\/han-cam-ung\/\" target=\"_blank\" rel=\"noopener\"><span style=\"color: #0000ff;\">c\u00e1c \u1ee9ng d\u1ee5ng h\u00e0n c\u1ea3m \u1ee9ng<\/span><\/a> .<\/p>\n<\/div><\/div><\/div><\/div><\/div><div class=\"fusion-fullwidth fullwidth-box fusion-builder-row-2 fusion-flex-container nonhundred-percent-fullwidth non-hundred-percent-height-scrolling\" style=\"--awb-border-radius-top-left:0px;--awb-border-radius-top-right:0px;--awb-border-radius-bottom-right:0px;--awb-border-radius-bottom-left:0px;--awb-flex-wrap:wrap;\" ><div class=\"fusion-builder-row fusion-row fusion-flex-align-items-flex-start fusion-flex-content-wrap\" style=\"max-width:1248px;margin-left: calc(-4% \/ 2 );margin-right: calc(-4% \/ 2 );\"><div class=\"fusion-layout-column fusion_builder_column fusion-builder-column-1 fusion_builder_column_1_1 1_1 fusion-flex-column\" style=\"--awb-bg-size:cover;--awb-width-large:100%;--awb-margin-top-large:0px;--awb-spacing-right-large:1.92%;--awb-margin-bottom-large:0px;--awb-spacing-left-large:1.92%;--awb-width-medium:100%;--awb-order-medium:0;--awb-spacing-right-medium:1.92%;--awb-spacing-left-medium:1.92%;--awb-width-small:100%;--awb-order-small:0;--awb-spacing-right-small:1.92%;--awb-spacing-left-small:1.92%;\"><div class=\"fusion-column-wrapper fusion-column-has-shadow fusion-flex-justify-content-flex-start fusion-content-layout-column\"><div class=\"fusion-text fusion-text-2\" style=\"--awb-text-transform:none;\"><h2>Th\u01b0 vi\u1ec7n h\u00e0n c\u1ea3m \u1ee9ng<\/h2>\n<\/div><\/div><\/div><div class=\"fusion-layout-column fusion_builder_column fusion-builder-column-2 fusion_builder_column_1_3 1_3 fusion-flex-column\" style=\"--awb-bg-size:cover;--awb-width-large:33.333333333333%;--awb-margin-top-large:0px;--awb-spacing-right-large:15px;--awb-margin-bottom-large:0px;--awb-spacing-left-large:0px;--awb-width-medium:33.333333333333%;--awb-order-medium:0;--awb-spacing-right-medium:15px;--awb-spacing-left-medium:0px;--awb-width-small:100%;--awb-order-small:0;--awb-spacing-right-small:1.92%;--awb-spacing-left-small:1.92%;\"><div class=\"fusion-column-wrapper fusion-column-has-shadow fusion-flex-justify-content-flex-start fusion-content-layout-column\"><div class=\"fusion-image-element \" style=\"text-align:center;--awb-max-width:270px;--awb-caption-title-font-family:var(--h2_typography-font-family);--awb-caption-title-font-weight:var(--h2_typography-font-weight);--awb-caption-title-font-style:var(--h2_typography-font-style);--awb-caption-title-size:var(--h2_typography-font-size);--awb-caption-title-transform:var(--h2_typography-text-transform);--awb-caption-title-line-height:var(--h2_typography-line-height);--awb-caption-title-letter-spacing:var(--h2_typography-letter-spacing);\"><span class=\" fusion-imageframe imageframe-none imageframe-1 hover-type-none\"><a href=\"https:\/\/www.focoinduction.com\/wp-content\/uploads\/2022\/04\/induction-brazing-of-heat-exchanger-copper-tube.jpg\" class=\"fusion-lightbox\" data-rel=\"iLightbox[induction brazing of heat exchanger copper tube]\" data-caption=\"induction brazing of heat exchanger copper tube\" data-title=\"induction brazing of heat exchanger copper tube\" title=\"induction brazing of heat exchanger copper tube\"><img decoding=\"async\" width=\"600\" height=\"400\" alt=\"h\u00e0n c\u1ea3m \u1ee9ng \u1ed1ng \u0111\u1ed3ng trao \u0111\u1ed5i nhi\u1ec7t\" src=\"https:\/\/www.focoinduction.com\/wp-content\/uploads\/2022\/04\/induction-brazing-of-heat-exchanger-copper-tube.jpg\" class=\"img-responsive wp-image-14927\" srcset=\"https:\/\/www.focoinduction.com\/wp-content\/uploads\/2022\/04\/induction-brazing-of-heat-exchanger-copper-tube-200x133.jpg 200w, https:\/\/www.focoinduction.com\/wp-content\/uploads\/2022\/04\/induction-brazing-of-heat-exchanger-copper-tube-400x267.jpg 400w, https:\/\/www.focoinduction.com\/wp-content\/uploads\/2022\/04\/induction-brazing-of-heat-exchanger-copper-tube.jpg 600w\" sizes=\"(max-width: 768px) 100vw, 400px\" \/><\/a><\/span><\/div><div class=\"fusion-text fusion-text-3\" style=\"--awb-font-size:14px;--awb-text-transform:none;\"><p>H\u00e0n c\u1ea3m \u1ee9ng \u1ed1ng \u0111\u1ed3ng trao \u0111\u1ed5i nhi\u1ec7t<\/p>\n<\/div><\/div><\/div><div class=\"fusion-layout-column fusion_builder_column fusion-builder-column-3 fusion_builder_column_1_3 1_3 fusion-flex-column\" style=\"--awb-bg-size:cover;--awb-width-large:33.333333333333%;--awb-margin-top-large:0px;--awb-spacing-right-large:15px;--awb-margin-bottom-large:0px;--awb-spacing-left-large:0px;--awb-width-medium:33.333333333333%;--awb-order-medium:0;--awb-spacing-right-medium:15px;--awb-spacing-left-medium:0px;--awb-width-small:100%;--awb-order-small:0;--awb-spacing-right-small:1.92%;--awb-spacing-left-small:1.92%;\"><div class=\"fusion-column-wrapper fusion-column-has-shadow fusion-flex-justify-content-flex-start fusion-content-layout-column\"><div class=\"fusion-image-element \" style=\"text-align:center;--awb-max-width:270px;--awb-caption-title-font-family:var(--h2_typography-font-family);--awb-caption-title-font-weight:var(--h2_typography-font-weight);--awb-caption-title-font-style:var(--h2_typography-font-style);--awb-caption-title-size:var(--h2_typography-font-size);--awb-caption-title-transform:var(--h2_typography-text-transform);--awb-caption-title-line-height:var(--h2_typography-line-height);--awb-caption-title-letter-spacing:var(--h2_typography-letter-spacing);\"><span class=\" fusion-imageframe imageframe-none imageframe-2 hover-type-none\"><a href=\"https:\/\/www.focoinduction.com\/wp-content\/uploads\/2022\/04\/induction-brazing-of-20mm-copper-tubes.jpg\" class=\"fusion-lightbox\" data-rel=\"iLightbox[induction brazing of 20mm copper tubes]\" data-caption=\"induction brazing of 20mm copper tubes\" data-title=\"induction brazing of 20mm copper tubes\" title=\"induction brazing of 20mm copper tubes\"><img decoding=\"async\" width=\"600\" height=\"400\" alt=\"h\u00e0n c\u1ea3m \u1ee9ng \u1ed1ng \u0111\u1ed3ng 20mm\" src=\"https:\/\/www.focoinduction.com\/wp-content\/uploads\/2022\/04\/induction-brazing-of-20mm-copper-tubes.jpg\" class=\"img-responsive wp-image-14931\" srcset=\"https:\/\/www.focoinduction.com\/wp-content\/uploads\/2022\/04\/induction-brazing-of-20mm-copper-tubes-200x133.jpg 200w, https:\/\/www.focoinduction.com\/wp-content\/uploads\/2022\/04\/induction-brazing-of-20mm-copper-tubes-400x267.jpg 400w, https:\/\/www.focoinduction.com\/wp-content\/uploads\/2022\/04\/induction-brazing-of-20mm-copper-tubes.jpg 600w\" sizes=\"(max-width: 768px) 100vw, 400px\" \/><\/a><\/span><\/div><div class=\"fusion-text fusion-text-4\" style=\"--awb-font-size:14px;--awb-text-transform:none;\"><p>H\u00e0n c\u1ea3m \u1ee9ng \u1ed1ng \u0111\u1ed3ng 20mm<\/p>\n<\/div><\/div><\/div><div class=\"fusion-layout-column fusion_builder_column fusion-builder-column-4 fusion_builder_column_1_3 1_3 fusion-flex-column\" style=\"--awb-bg-size:cover;--awb-width-large:33.333333333333%;--awb-margin-top-large:0px;--awb-spacing-right-large:15px;--awb-margin-bottom-large:0px;--awb-spacing-left-large:0px;--awb-width-medium:33.333333333333%;--awb-order-medium:0;--awb-spacing-right-medium:15px;--awb-spacing-left-medium:0px;--awb-width-small:100%;--awb-order-small:0;--awb-spacing-right-small:1.92%;--awb-spacing-left-small:1.92%;\"><div class=\"fusion-column-wrapper fusion-column-has-shadow fusion-flex-justify-content-flex-start fusion-content-layout-column\"><div class=\"fusion-image-element \" style=\"text-align:center;--awb-max-width:270px;--awb-caption-title-font-family:var(--h2_typography-font-family);--awb-caption-title-font-weight:var(--h2_typography-font-weight);--awb-caption-title-font-style:var(--h2_typography-font-style);--awb-caption-title-size:var(--h2_typography-font-size);--awb-caption-title-transform:var(--h2_typography-text-transform);--awb-caption-title-line-height:var(--h2_typography-line-height);--awb-caption-title-letter-spacing:var(--h2_typography-letter-spacing);\"><span class=\" fusion-imageframe imageframe-none imageframe-3 hover-type-none\"><a href=\"https:\/\/www.focoinduction.com\/wp-content\/uploads\/2022\/04\/induction-brazing-of-brass-fitting-to-copper-tube.jpg\" class=\"fusion-lightbox\" data-rel=\"iLightbox[induction brazing of brass fitting to copper tube]\" data-caption=\"induction brazing of brass fitting to copper tube\" data-title=\"induction brazing of brass fitting to copper tube\" title=\"induction brazing of brass fitting to copper tube\"><img decoding=\"async\" width=\"600\" height=\"400\" alt=\"h\u00e0n c\u1ea3m \u1ee9ng c\u1ee7a ph\u1ee5 ki\u1ec7n \u0111\u1ed3ng thau v\u00e0o \u1ed1ng \u0111\u1ed3ng\" src=\"https:\/\/www.focoinduction.com\/wp-content\/uploads\/2022\/04\/induction-brazing-of-brass-fitting-to-copper-tube.jpg\" class=\"img-responsive wp-image-14935\" srcset=\"https:\/\/www.focoinduction.com\/wp-content\/uploads\/2022\/04\/induction-brazing-of-brass-fitting-to-copper-tube-200x133.jpg 200w, https:\/\/www.focoinduction.com\/wp-content\/uploads\/2022\/04\/induction-brazing-of-brass-fitting-to-copper-tube-400x267.jpg 400w, https:\/\/www.focoinduction.com\/wp-content\/uploads\/2022\/04\/induction-brazing-of-brass-fitting-to-copper-tube.jpg 600w\" sizes=\"(max-width: 768px) 100vw, 400px\" \/><\/a><\/span><\/div><div class=\"fusion-text fusion-text-5\" style=\"--awb-font-size:14px;--awb-text-transform:none;\"><p>H\u00e0n c\u1ea3m \u1ee9ng c\u1ee7a ph\u1ee5 ki\u1ec7n \u0111\u1ed3ng thau v\u00e0o \u1ed1ng \u0111\u1ed3ng<\/p>\n<\/div><\/div><\/div><div class=\"fusion-layout-column fusion_builder_column fusion-builder-column-5 fusion_builder_column_1_3 1_3 fusion-flex-column\" style=\"--awb-bg-size:cover;--awb-width-large:33.333333333333%;--awb-margin-top-large:0px;--awb-spacing-right-large:15px;--awb-margin-bottom-large:0px;--awb-spacing-left-large:0px;--awb-width-medium:33.333333333333%;--awb-order-medium:0;--awb-spacing-right-medium:15px;--awb-spacing-left-medium:0px;--awb-width-small:100%;--awb-order-small:0;--awb-spacing-right-small:1.92%;--awb-spacing-left-small:1.92%;\"><div class=\"fusion-column-wrapper fusion-column-has-shadow fusion-flex-justify-content-flex-start fusion-content-layout-column\"><div class=\"fusion-image-element \" style=\"text-align:center;--awb-max-width:270px;--awb-caption-title-font-family:var(--h2_typography-font-family);--awb-caption-title-font-weight:var(--h2_typography-font-weight);--awb-caption-title-font-style:var(--h2_typography-font-style);--awb-caption-title-size:var(--h2_typography-font-size);--awb-caption-title-transform:var(--h2_typography-text-transform);--awb-caption-title-line-height:var(--h2_typography-line-height);--awb-caption-title-letter-spacing:var(--h2_typography-letter-spacing);\"><span class=\" fusion-imageframe imageframe-none imageframe-4 hover-type-none\"><a href=\"https:\/\/www.focoinduction.com\/wp-content\/uploads\/2022\/04\/induction-brazing-of-copper-fitting.jpg\" class=\"fusion-lightbox\" data-rel=\"iLightbox[induction brazing of copper fitting]\" data-caption=\"induction brazing of copper fitting\" data-title=\"induction brazing of copper fitting\" title=\"induction brazing of copper fitting\"><img decoding=\"async\" width=\"600\" height=\"400\" alt=\"h\u00e0n c\u1ea3m \u1ee9ng c\u1ee7a ph\u1ee5 ki\u1ec7n \u0111\u1ed3ng\" src=\"https:\/\/www.focoinduction.com\/wp-content\/uploads\/2022\/04\/induction-brazing-of-copper-fitting.jpg\" class=\"img-responsive wp-image-14939\" srcset=\"https:\/\/www.focoinduction.com\/wp-content\/uploads\/2022\/04\/induction-brazing-of-copper-fitting-200x133.jpg 200w, https:\/\/www.focoinduction.com\/wp-content\/uploads\/2022\/04\/induction-brazing-of-copper-fitting-400x267.jpg 400w, https:\/\/www.focoinduction.com\/wp-content\/uploads\/2022\/04\/induction-brazing-of-copper-fitting.jpg 600w\" sizes=\"(max-width: 768px) 100vw, 400px\" \/><\/a><\/span><\/div><div class=\"fusion-text fusion-text-6\" style=\"--awb-font-size:14px;--awb-text-transform:none;\"><p>H\u00e0n c\u1ea3m \u1ee9ng ph\u1ee5 ki\u1ec7n \u0111\u1ed3ng<\/p>\n<\/div><\/div><\/div><div class=\"fusion-layout-column fusion_builder_column fusion-builder-column-6 fusion_builder_column_1_3 1_3 fusion-flex-column\" style=\"--awb-bg-size:cover;--awb-width-large:33.333333333333%;--awb-margin-top-large:0px;--awb-spacing-right-large:15px;--awb-margin-bottom-large:0px;--awb-spacing-left-large:0px;--awb-width-medium:33.333333333333%;--awb-order-medium:0;--awb-spacing-right-medium:15px;--awb-spacing-left-medium:0px;--awb-width-small:100%;--awb-order-small:0;--awb-spacing-right-small:1.92%;--awb-spacing-left-small:1.92%;\"><div class=\"fusion-column-wrapper fusion-column-has-shadow fusion-flex-justify-content-flex-start fusion-content-layout-column\"><div class=\"fusion-image-element \" style=\"text-align:center;--awb-max-width:270px;--awb-caption-title-font-family:var(--h2_typography-font-family);--awb-caption-title-font-weight:var(--h2_typography-font-weight);--awb-caption-title-font-style:var(--h2_typography-font-style);--awb-caption-title-size:var(--h2_typography-font-size);--awb-caption-title-transform:var(--h2_typography-text-transform);--awb-caption-title-line-height:var(--h2_typography-line-height);--awb-caption-title-letter-spacing:var(--h2_typography-letter-spacing);\"><span class=\" fusion-imageframe imageframe-none imageframe-5 hover-type-none\"><a href=\"https:\/\/www.focoinduction.com\/wp-content\/uploads\/2022\/04\/induction-brazing-of-copper-pipes-to-copper-fitting.jpg\" class=\"fusion-lightbox\" data-rel=\"iLightbox[induction brazing of copper pipes to copper fitting]\" data-caption=\"induction brazing of copper pipes to copper fitting\" data-title=\"induction brazing of copper pipes to copper fitting\" title=\"induction brazing of copper pipes to copper fitting\"><img decoding=\"async\" width=\"600\" height=\"400\" alt=\"h\u00e0n c\u1ea3m \u1ee9ng \u1ed1ng \u0111\u1ed3ng v\u1edbi ph\u1ee5 ki\u1ec7n \u0111\u1ed3ng\" src=\"https:\/\/www.focoinduction.com\/wp-content\/uploads\/2022\/04\/induction-brazing-of-copper-pipes-to-copper-fitting.jpg\" class=\"img-responsive wp-image-14943\" srcset=\"https:\/\/www.focoinduction.com\/wp-content\/uploads\/2022\/04\/induction-brazing-of-copper-pipes-to-copper-fitting-200x133.jpg 200w, https:\/\/www.focoinduction.com\/wp-content\/uploads\/2022\/04\/induction-brazing-of-copper-pipes-to-copper-fitting-400x267.jpg 400w, https:\/\/www.focoinduction.com\/wp-content\/uploads\/2022\/04\/induction-brazing-of-copper-pipes-to-copper-fitting.jpg 600w\" sizes=\"(max-width: 768px) 100vw, 400px\" \/><\/a><\/span><\/div><div class=\"fusion-text fusion-text-7\" style=\"--awb-font-size:14px;--awb-text-transform:none;\"><p>H\u00e0n c\u1ea3m \u1ee9ng \u1ed1ng \u0111\u1ed3ng v\u1edbi ph\u1ee5 ki\u1ec7n \u0111\u1ed3ng<\/p>\n<\/div><\/div><\/div><div class=\"fusion-layout-column fusion_builder_column fusion-builder-column-7 fusion_builder_column_1_3 1_3 fusion-flex-column\" style=\"--awb-bg-size:cover;--awb-width-large:33.333333333333%;--awb-margin-top-large:0px;--awb-spacing-right-large:15px;--awb-margin-bottom-large:0px;--awb-spacing-left-large:0px;--awb-width-medium:33.333333333333%;--awb-order-medium:0;--awb-spacing-right-medium:15px;--awb-spacing-left-medium:0px;--awb-width-small:100%;--awb-order-small:0;--awb-spacing-right-small:1.92%;--awb-spacing-left-small:1.92%;\"><div class=\"fusion-column-wrapper fusion-column-has-shadow fusion-flex-justify-content-flex-start fusion-content-layout-column\"><div class=\"fusion-image-element \" style=\"text-align:center;--awb-max-width:270px;--awb-caption-title-font-family:var(--h2_typography-font-family);--awb-caption-title-font-weight:var(--h2_typography-font-weight);--awb-caption-title-font-style:var(--h2_typography-font-style);--awb-caption-title-size:var(--h2_typography-font-size);--awb-caption-title-transform:var(--h2_typography-text-transform);--awb-caption-title-line-height:var(--h2_typography-line-height);--awb-caption-title-letter-spacing:var(--h2_typography-letter-spacing);\"><span class=\" fusion-imageframe imageframe-none imageframe-6 hover-type-none\"><a href=\"https:\/\/www.focoinduction.com\/wp-content\/uploads\/2022\/04\/induction-brazing-of-copper-tubing-for-valve-assembly.jpg\" class=\"fusion-lightbox\" data-rel=\"iLightbox[induction brazing of copper tubing for valve assembly]\" data-caption=\"induction brazing of copper tubing for valve assembly\" data-title=\"induction brazing of copper tubing for valve assembly\" title=\"induction brazing of copper tubing for valve assembly\"><img decoding=\"async\" width=\"600\" height=\"400\" alt=\"h\u00e0n c\u1ea3m \u1ee9ng \u1ed1ng \u0111\u1ed3ng \u0111\u1ec3 l\u1eafp r\u00e1p van\" src=\"https:\/\/www.focoinduction.com\/wp-content\/uploads\/2022\/04\/induction-brazing-of-copper-tubing-for-valve-assembly.jpg\" class=\"img-responsive wp-image-14947\" srcset=\"https:\/\/www.focoinduction.com\/wp-content\/uploads\/2022\/04\/induction-brazing-of-copper-tubing-for-valve-assembly-200x133.jpg 200w, https:\/\/www.focoinduction.com\/wp-content\/uploads\/2022\/04\/induction-brazing-of-copper-tubing-for-valve-assembly-400x267.jpg 400w, https:\/\/www.focoinduction.com\/wp-content\/uploads\/2022\/04\/induction-brazing-of-copper-tubing-for-valve-assembly.jpg 600w\" sizes=\"(max-width: 768px) 100vw, 400px\" \/><\/a><\/span><\/div><div class=\"fusion-text fusion-text-8\" style=\"--awb-font-size:14px;--awb-text-transform:none;\"><p>H\u00e0n c\u1ea3m \u1ee9ng \u1ed1ng \u0111\u1ed3ng cho c\u1ee5m van<\/p>\n<\/div><\/div><\/div><div class=\"fusion-layout-column fusion_builder_column fusion-builder-column-8 fusion_builder_column_1_3 1_3 fusion-flex-column\" style=\"--awb-bg-size:cover;--awb-width-large:33.333333333333%;--awb-margin-top-large:0px;--awb-spacing-right-large:15px;--awb-margin-bottom-large:0px;--awb-spacing-left-large:0px;--awb-width-medium:33.333333333333%;--awb-order-medium:0;--awb-spacing-right-medium:15px;--awb-spacing-left-medium:0px;--awb-width-small:100%;--awb-order-small:0;--awb-spacing-right-small:1.92%;--awb-spacing-left-small:1.92%;\"><div class=\"fusion-column-wrapper fusion-column-has-shadow fusion-flex-justify-content-flex-start fusion-content-layout-column\"><div class=\"fusion-image-element \" style=\"text-align:center;--awb-max-width:270px;--awb-caption-title-font-family:var(--h2_typography-font-family);--awb-caption-title-font-weight:var(--h2_typography-font-weight);--awb-caption-title-font-style:var(--h2_typography-font-style);--awb-caption-title-size:var(--h2_typography-font-size);--awb-caption-title-transform:var(--h2_typography-text-transform);--awb-caption-title-line-height:var(--h2_typography-line-height);--awb-caption-title-letter-spacing:var(--h2_typography-letter-spacing);\"><span class=\" fusion-imageframe imageframe-none imageframe-7 hover-type-none\"><a href=\"https:\/\/www.focoinduction.com\/wp-content\/uploads\/2022\/04\/induction-brazing-of-copper-tube-for-heat-exchanger.jpg\" class=\"fusion-lightbox\" data-rel=\"iLightbox[induction brazing of copper tube for heat exchanger]\" data-caption=\"induction brazing of copper tube for heat exchanger\" data-title=\"induction brazing of copper tube for heat exchanger\" title=\"induction brazing of copper tube for heat exchanger\"><img decoding=\"async\" width=\"600\" height=\"400\" alt=\"h\u00e0n c\u1ea3m \u1ee9ng \u1ed1ng \u0111\u1ed3ng cho b\u1ed9 trao \u0111\u1ed5i nhi\u1ec7t\" src=\"https:\/\/www.focoinduction.com\/wp-content\/uploads\/2022\/04\/induction-brazing-of-copper-tube-for-heat-exchanger.jpg\" class=\"img-responsive wp-image-14951\" srcset=\"https:\/\/www.focoinduction.com\/wp-content\/uploads\/2022\/04\/induction-brazing-of-copper-tube-for-heat-exchanger-200x133.jpg 200w, https:\/\/www.focoinduction.com\/wp-content\/uploads\/2022\/04\/induction-brazing-of-copper-tube-for-heat-exchanger-400x267.jpg 400w, https:\/\/www.focoinduction.com\/wp-content\/uploads\/2022\/04\/induction-brazing-of-copper-tube-for-heat-exchanger.jpg 600w\" sizes=\"(max-width: 768px) 100vw, 400px\" \/><\/a><\/span><\/div><div class=\"fusion-text fusion-text-9\" style=\"--awb-font-size:14px;--awb-text-transform:none;\"><p>H\u00e0n c\u1ea3m \u1ee9ng \u1ed1ng \u0111\u1ed3ng cho b\u1ed9 trao \u0111\u1ed5i nhi\u1ec7t<\/p>\n<\/div><\/div><\/div><\/div><\/div><\/p>\n","protected":false},"excerpt":{"rendered":"","protected":false},"author":1,"featured_media":10100,"parent":10041,"menu_order":0,"comment_status":"closed","ping_status":"closed","template":"","meta":{"footnotes":""},"class_list":["post-10099","page","type-page","status-publish","has-post-thumbnail","hentry"],"_links":{"self":[{"href":"https:\/\/www.focoinduction.com\/vi\/wp-json\/wp\/v2\/pages\/10099","targetHints":{"allow":["GET"]}}],"collection":[{"href":"https:\/\/www.focoinduction.com\/vi\/wp-json\/wp\/v2\/pages"}],"about":[{"href":"https:\/\/www.focoinduction.com\/vi\/wp-json\/wp\/v2\/types\/page"}],"author":[{"embeddable":true,"href":"https:\/\/www.focoinduction.com\/vi\/wp-json\/wp\/v2\/users\/1"}],"replies":[{"embeddable":true,"href":"https:\/\/www.focoinduction.com\/vi\/wp-json\/wp\/v2\/comments?post=10099"}],"version-history":[{"count":0,"href":"https:\/\/www.focoinduction.com\/vi\/wp-json\/wp\/v2\/pages\/10099\/revisions"}],"up":[{"embeddable":true,"href":"https:\/\/www.focoinduction.com\/vi\/wp-json\/wp\/v2\/pages\/10041"}],"wp:featuredmedia":[{"embeddable":true,"href":"https:\/\/www.focoinduction.com\/vi\/wp-json\/wp\/v2\/media\/10100"}],"wp:attachment":[{"href":"https:\/\/www.focoinduction.com\/vi\/wp-json\/wp\/v2\/media?parent=10099"}],"curies":[{"name":"wp","href":"https:\/\/api.w.org\/{rel}","templated":true}]}}