{"id":10191,"date":"2022-08-11T11:37:06","date_gmt":"2022-08-11T03:37:06","guid":{"rendered":"https:\/\/www.focoinduction.com\/ung-dung\/han-cam-ung\/han-cam-ung-ong-dong-voi-van-phan-phoi\/"},"modified":"2025-01-02T10:52:00","modified_gmt":"2025-01-02T02:52:00","slug":"han-cam-ung-ong-dong-voi-van-phan-phoi","status":"publish","type":"page","link":"https:\/\/www.focoinduction.com\/vi\/ung-dung\/han-cam-ung\/han-cam-ung-ong-dong-voi-van-phan-phoi\/","title":{"rendered":"H\u00e0n c\u1ea3m \u1ee9ng \u1ed1ng \u0111\u1ed3ng v\u1edbi van ph\u00e2n ph\u1ed1i"},"content":{"rendered":"<p><div class=\"fusion-fullwidth fullwidth-box fusion-builder-row-1 fusion-flex-container nonhundred-percent-fullwidth non-hundred-percent-height-scrolling\" style=\"--awb-border-sizes-bottom:1px;--awb-border-radius-top-left:0px;--awb-border-radius-top-right:0px;--awb-border-radius-bottom-right:0px;--awb-border-radius-bottom-left:0px;--awb-flex-wrap:wrap;\" ><div class=\"fusion-builder-row fusion-row fusion-flex-align-items-flex-start fusion-flex-content-wrap\" style=\"max-width:1248px;margin-left: calc(-4% \/ 2 );margin-right: calc(-4% \/ 2 );\"><div class=\"fusion-layout-column fusion_builder_column fusion-builder-column-0 fusion_builder_column_1_1 1_1 fusion-flex-column\" style=\"--awb-bg-size:cover;--awb-width-large:100%;--awb-margin-top-large:0px;--awb-spacing-right-large:1.92%;--awb-margin-bottom-large:20px;--awb-spacing-left-large:1.92%;--awb-width-medium:100%;--awb-order-medium:0;--awb-spacing-right-medium:1.92%;--awb-spacing-left-medium:1.92%;--awb-width-small:100%;--awb-order-small:0;--awb-spacing-right-small:1.92%;--awb-spacing-left-small:1.92%;\"><div class=\"fusion-column-wrapper fusion-column-has-shadow fusion-flex-justify-content-flex-start fusion-content-layout-column\"><div class=\"fusion-text fusion-text-1\"><h2>\u1ee8ng d\u1ee5ng van ph\u00e2n ph\u1ed1i h\u00e0n c\u1ea3m \u1ee9ng<\/h2>\n<p>H\u00e0n \u1ed1ng \u0111\u1ed3ng v\u00e0o van ph\u00e2n ph\u1ed1i b\u1eb1ng ph\u01b0\u01a1ng ph\u00e1p gia nhi\u1ec7t c\u1ea3m \u1ee9ng. H\u00e0n \u1ed1ng \u0111\u1ed3ng b\u1eb1ng ph\u01b0\u01a1ng ph\u00e1p h\u00e0n c\u1ea3m \u1ee9ng c\u00f3 th\u1ec3 c\u1ea3i thi\u1ec7n hi\u1ec7u qu\u1ea3 s\u1ea3n xu\u1ea5t. H\u00e0n c\u1ea3m \u1ee9ng l\u00e0 ph\u01b0\u01a1ng ph\u00e1p h\u00e0n hi\u1ec7u qu\u1ea3, s\u1ea1ch, th\u00e2n thi\u1ec7n v\u1edbi m\u00f4i tr\u01b0\u1eddng v\u00e0 an to\u00e0n. H\u00e0n c\u1ea3m \u1ee9ng \u1ed1ng \u0111\u1ed3ng c\u1ee7a van ph\u00e2n ph\u1ed1i cho ph\u00e9p c\u00f3 k\u1ebft qu\u1ea3 nh\u1ea5t qu\u00e1n h\u01a1n.   <\/p>\n<p><strong>Thi\u1ebft b\u1ecb:<\/strong><\/p>\n<p><span style=\"color: #0000ff;\"><a style=\"color: #0000ff;\" href=\"https:\/\/www.focoinduction.com\/induction-heating-equipment\/induction-brazing-machine\/portable-induction-brazing-machine\/\" target=\"_blank\" rel=\"noopener\">M\u00e1y h\u00e0n c\u1ea3m \u1ee9ng c\u1ea7m tay<\/a><\/span> 10 kW M\u00e1y h\u00e0n c\u1ea3m \u1ee9ng c\u1ea7m tay l\u00fd t\u01b0\u1edfng \u0111\u1ec3 h\u00e0n \u1ed1ng \u0111\u1ed3ng v\u00e0 c\u00e1c th\u00e0nh ph\u1ea7n. Thi\u1ebft b\u1ecb h\u00e0n c\u1ea3m \u1ee9ng \u0111\u01b0\u1ee3c trang b\u1ecb \u0111\u1ea7u gia nhi\u1ec7t c\u1ea3m \u1ee9ng c\u1ea7m tay v\u00e0 c\u00f3 th\u1ec3 \u0111\u01b0\u1ee3c l\u1eafp h\u1ec7 th\u1ed1ng l\u00e0m m\u00e1t b\u1eb1ng n\u01b0\u1edbc, l\u00fd t\u01b0\u1edfng cho c\u00f4ng vi\u1ec7c h\u00e0n \u1edf nh\u1eefng khu v\u1ef1c h\u1ea1n ch\u1ebf v\u1ec1 kh\u00f4ng gian v\u00e0 kh\u00f3 ti\u1ebfp c\u1eadn.<\/p>\n<p><strong>Quy tr\u00ecnh h\u00e0n:<\/strong><\/p>\n<p>\u0110\u1eb7t ph\u1ea7n \u1ed1ng \u0111\u1ed3ng van ph\u00e2n ph\u1ed1i c\u1ea7n h\u00e0n v\u00e0o cu\u1ed9n c\u1ea3m \u1ee9ng. S\u1eed d\u1ee5ng ch\u1ea5t tr\u1ee3 dung cho c\u00e1c m\u1ed1i n\u1ed1i \u0111\u1ed3ng trong khi gia nhi\u1ec7t. Trong v\u00f2ng v\u00e0i gi\u00e2y, \u1ed1ng \u0111\u1ed3ng \u0111\u01b0\u1ee3c nung n\u00f3ng \u0111\u1ebfn kho\u1ea3ng 800 \u00b0C, ch\u1ea5t tr\u1ee3 dung tan ch\u1ea3y v\u00e0 \u1ed1ng \u0111\u1ed3ng \u0111\u01b0\u1ee3c h\u00e0n v\u00e0o van ph\u00e2n ph\u1ed1i l\u1eafp r\u00e1p b\u1eb1ng \u0111\u1ed3ng. Qu\u00e1 tr\u00ecnh h\u00e0n c\u1ea3m \u1ee9ng c\u1ee7a \u1ed1ng \u0111\u1ed3ng \u0111\u01b0\u1ee3c ho\u00e0n th\u00e0nh ch\u1ec9 trong 20 gi\u00e2y. \u0110\u1ed1i v\u1edbi h\u00e0n \u1ed1ng \u0111\u1ed3ng, thi\u1ebft b\u1ecb gia nhi\u1ec7t c\u1ea3m \u1ee9ng FOCO c\u00f3 th\u1ec3 \u0111\u01b0\u1ee3c t\u1ef1 \u0111\u1ed9ng h\u00f3a v\u00e0 \u0111\u1ea3m b\u1ea3o k\u1ebft qu\u1ea3 h\u00e0n nh\u1ea5t qu\u00e1n v\u00e0 c\u00f3 th\u1ec3 l\u1eb7p l\u1ea1i.    <\/p>\n<p><strong>L\u1ee3i \u00edch c\u1ee7a h\u00e0n c\u1ea3m \u1ee9ng<\/strong><\/p>\n<p>So v\u1edbi ph\u01b0\u01a1ng ph\u00e1p h\u00e0n ng\u1ecdn l\u1eeda truy\u1ec1n th\u1ed1ng, ph\u01b0\u01a1ng ph\u00e1p h\u00e0n c\u1ea3m \u1ee9ng c\u00f3 nhi\u1ec1u l\u1ee3i \u00edch. S\u1eed d\u1ee5ng <span style=\"color: #0000ff;\"><a style=\"color: #0000ff;\" href=\"https:\/\/www.focoinduction.com\/induction-heating-equipment\/\" target=\"_blank\" rel=\"noopener\">thi\u1ebft b\u1ecb gia nhi\u1ec7t c\u1ea3m \u1ee9ng<\/a><\/span> gi\u00fap t\u1ef1 \u0111\u1ed9ng h\u00f3a to\u00e0n b\u1ed9 quy tr\u00ecnh h\u00e0n d\u1ec5 d\u00e0ng h\u01a1n, t\u0103ng n\u0103ng su\u1ea5t c\u1ee7a b\u1ea1n. H\u01a1n n\u1eefa, <span style=\"color: #0000ff;\"><a style=\"color: #0000ff;\" href=\"https:\/\/www.focoinduction.com\/vi\/ung-dung\/han-cam-ung\/\" target=\"_blank\" rel=\"noopener\">h\u00e0n c\u1ea3m \u1ee9ng l\u00e0 ph\u01b0\u01a1ng ph\u00e1p s\u1ea1ch, an to\u00e0n v\u00e0 hi\u1ec7u qu\u1ea3. N\u00f3 c\u00f3 th\u1ec3 th\u1ef1c hi\u1ec7n quy tr\u00ecnh gia nhi\u1ec7t t\u1ea1i ch\u1ed7, ki\u1ec3m so\u00e1t ch\u00ednh x\u00e1c b\u1ed9 ph\u1eadn gia nhi\u1ec7t v\u00e0 gi\u1ea3m t\u1ed5n th\u1ea5t n\u0103ng l\u01b0\u1ee3ng, khi\u1ebfn n\u00f3 tr\u1edf th\u00e0nh ph\u01b0\u01a1ng ph\u00e1p h\u00e0n ti\u1ebft ki\u1ec7m n\u0103ng l\u01b0\u1ee3ng. \u0110\u1ecdc th\u00eam v\u1ec1 c\u00e1c \u1ee9ng d\u1ee5ng h\u00e0n c\u1ea3m \u1ee9ng<\/a><\/span> .<\/p>\n<\/div><\/div><\/div><\/div><\/div><div class=\"fusion-fullwidth fullwidth-box fusion-builder-row-2 fusion-flex-container nonhundred-percent-fullwidth non-hundred-percent-height-scrolling\" style=\"--awb-border-sizes-bottom:1px;--awb-border-radius-top-left:0px;--awb-border-radius-top-right:0px;--awb-border-radius-bottom-right:0px;--awb-border-radius-bottom-left:0px;--awb-flex-wrap:wrap;\" ><div class=\"fusion-builder-row fusion-row fusion-flex-align-items-flex-start fusion-flex-content-wrap\" style=\"max-width:1248px;margin-left: calc(-4% \/ 2 );margin-right: calc(-4% \/ 2 );\"><div class=\"fusion-layout-column fusion_builder_column fusion-builder-column-1 fusion_builder_column_1_1 1_1 fusion-flex-column\" style=\"--awb-bg-size:cover;--awb-width-large:100%;--awb-margin-top-large:0px;--awb-spacing-right-large:1.92%;--awb-margin-bottom-large:20px;--awb-spacing-left-large:1.92%;--awb-width-medium:100%;--awb-order-medium:0;--awb-spacing-right-medium:1.92%;--awb-spacing-left-medium:1.92%;--awb-width-small:100%;--awb-order-small:0;--awb-spacing-right-small:1.92%;--awb-spacing-left-small:1.92%;\"><div class=\"fusion-column-wrapper fusion-column-has-shadow fusion-flex-justify-content-flex-start fusion-content-layout-column\"><div class=\"fusion-text fusion-text-2\" style=\"--awb-text-transform:none;\"><h3>Video v\u1ec1 h\u00e0n c\u1ea3m \u1ee9ng<\/h3>\n<\/div><\/div><\/div><div class=\"fusion-layout-column fusion_builder_column fusion-builder-column-2 fusion_builder_column_1_1 1_1 fusion-flex-column\" style=\"--awb-bg-size:cover;--awb-width-large:100%;--awb-margin-top-large:0px;--awb-spacing-right-large:1.92%;--awb-margin-bottom-large:20px;--awb-spacing-left-large:1.92%;--awb-width-medium:100%;--awb-order-medium:0;--awb-spacing-right-medium:1.92%;--awb-spacing-left-medium:1.92%;--awb-width-small:100%;--awb-order-small:0;--awb-spacing-right-small:1.92%;--awb-spacing-left-small:1.92%;\"><div class=\"fusion-column-wrapper fusion-column-has-shadow fusion-flex-justify-content-flex-start fusion-content-layout-column\"><div class=\"fusion-video fusion-youtube\" style=\"--awb-max-width:600px;--awb-max-height:360px;\"><div class=\"video-shortcode\"><lite-youtube videoid=\"KkyryKdouiM\" class=\"landscape\" params=\"wmode=transparent&autoplay=1&amp;enablejsapi=1\" title=\"Induction Brzaing of Copper Tube to Diverter Valve\" data-button-label=\"Play Video\" width=\"600\" height=\"360\" data-thumbnail-size=\"auto\" data-no-cookie=\"on\"><\/lite-youtube><\/div><\/div><\/div><\/div><\/div><\/div><\/p>\n","protected":false},"excerpt":{"rendered":"","protected":false},"author":1,"featured_media":10192,"parent":10041,"menu_order":0,"comment_status":"closed","ping_status":"closed","template":"","meta":{"footnotes":""},"class_list":["post-10191","page","type-page","status-publish","has-post-thumbnail","hentry"],"_links":{"self":[{"href":"https:\/\/www.focoinduction.com\/vi\/wp-json\/wp\/v2\/pages\/10191","targetHints":{"allow":["GET"]}}],"collection":[{"href":"https:\/\/www.focoinduction.com\/vi\/wp-json\/wp\/v2\/pages"}],"about":[{"href":"https:\/\/www.focoinduction.com\/vi\/wp-json\/wp\/v2\/types\/page"}],"author":[{"embeddable":true,"href":"https:\/\/www.focoinduction.com\/vi\/wp-json\/wp\/v2\/users\/1"}],"replies":[{"embeddable":true,"href":"https:\/\/www.focoinduction.com\/vi\/wp-json\/wp\/v2\/comments?post=10191"}],"version-history":[{"count":0,"href":"https:\/\/www.focoinduction.com\/vi\/wp-json\/wp\/v2\/pages\/10191\/revisions"}],"up":[{"embeddable":true,"href":"https:\/\/www.focoinduction.com\/vi\/wp-json\/wp\/v2\/pages\/10041"}],"wp:featuredmedia":[{"embeddable":true,"href":"https:\/\/www.focoinduction.com\/vi\/wp-json\/wp\/v2\/media\/10192"}],"wp:attachment":[{"href":"https:\/\/www.focoinduction.com\/vi\/wp-json\/wp\/v2\/media?parent=10191"}],"curies":[{"name":"wp","href":"https:\/\/api.w.org\/{rel}","templated":true}]}}