{"id":10206,"date":"2022-04-15T17:30:31","date_gmt":"2022-04-15T09:30:31","guid":{"rendered":"https:\/\/www.focoinduction.com\/ung-dung\/ren-cam-ung\/"},"modified":"2025-01-02T10:52:08","modified_gmt":"2025-01-02T02:52:08","slug":"ren-cam-ung","status":"publish","type":"page","link":"https:\/\/www.focoinduction.com\/vi\/ung-dung\/ren-cam-ung\/","title":{"rendered":"R\u00e8n c\u1ea3m \u1ee9ng"},"content":{"rendered":"<p><div class=\"fusion-fullwidth fullwidth-box fusion-builder-row-1 fusion-flex-container nonhundred-percent-fullwidth non-hundred-percent-height-scrolling\" style=\"--awb-border-radius-top-left:0px;--awb-border-radius-top-right:0px;--awb-border-radius-bottom-right:0px;--awb-border-radius-bottom-left:0px;--awb-flex-wrap:wrap;\" ><div class=\"fusion-builder-row fusion-row fusion-flex-align-items-flex-start fusion-flex-content-wrap\" style=\"max-width:1248px;margin-left: calc(-4% \/ 2 );margin-right: calc(-4% \/ 2 );\"><div class=\"fusion-layout-column fusion_builder_column fusion-builder-column-0 fusion_builder_column_1_1 1_1 fusion-flex-column\" style=\"--awb-bg-size:cover;--awb-width-large:100%;--awb-margin-top-large:0px;--awb-spacing-right-large:1.92%;--awb-margin-bottom-large:20px;--awb-spacing-left-large:1.92%;--awb-width-medium:100%;--awb-order-medium:0;--awb-spacing-right-medium:1.92%;--awb-spacing-left-medium:1.92%;--awb-width-small:100%;--awb-order-small:0;--awb-spacing-right-small:1.92%;--awb-spacing-left-small:1.92%;\"><div class=\"fusion-column-wrapper fusion-column-has-shadow fusion-flex-justify-content-flex-start fusion-content-layout-column\"><div class=\"fusion-text fusion-text-1\" style=\"--awb-text-transform:none;\"><h2>R\u00e8n c\u1ea3m \u1ee9ng l\u00e0 g\u00ec?<\/h2>\n<p>R\u00e8n c\u1ea3m \u1ee9ng l\u00e0 qu\u00e1 tr\u00ecnh s\u1eed d\u1ee5ng nhi\u1ec7t c\u1ea3m \u1ee9ng \u0111\u1ec3 l\u00e0m n\u00f3ng kim lo\u1ea1i tr\u01b0\u1edbc khi t\u1ea1o h\u00ecnh b\u1eb1ng b\u00faa ho\u1eb7c m\u00e1y \u00e9p. Tr\u01b0\u1edbc khi r\u00e8n, kim lo\u1ea1i c\u1ea7n \u0111\u01b0\u1ee3c nung n\u00f3ng \u0111\u1ebfn m\u1ed9t nhi\u1ec7t \u0111\u1ed9 nh\u1ea5t \u0111\u1ecbnh \u0111\u1ec3 kim lo\u1ea1i d\u1ec5 b\u1ecb bi\u1ebfn d\u1ea1ng. R\u00e8n c\u1ea3m \u1ee9ng c\u00f3 th\u1ec3 nung n\u00f3ng kim lo\u1ea1i \u0111\u1ebfn nhi\u1ec7t \u0111\u1ed9 c\u1ea7n thi\u1ebft m\u1ed9t c\u00e1ch nhanh ch\u00f3ng, c\u00f3 th\u1ec3 l\u00e0m gi\u1ea3m \u0111\u00e1ng k\u1ec3 qu\u00e1 tr\u00ecnh oxy h\u00f3a c\u1ee7a kim lo\u1ea1i. N\u00f3 s\u1eed d\u1ee5ng nhi\u1ec7t kh\u00f4ng ti\u1ebfp x\u00fac tr\u1ef1c ti\u1ebfp b\u00ean trong kim lo\u1ea1i, ti\u1ebft ki\u1ec7m n\u0103ng l\u01b0\u1ee3ng v\u00e0 kh\u00f4ng t\u1ea1o ra kh\u00f3i. Nhi\u1ec7t c\u1ea3m \u1ee9ng cho ph\u00e9p gia nhi\u1ec7t c\u1ee5c b\u1ed9 ch\u00ednh x\u00e1c, ph\u00f9 h\u1ee3p \u0111\u1ec3 r\u00e8n \u0111\u1ea7u. Ngo\u00e0i ra, do kh\u1ea3 n\u0103ng l\u1eb7p l\u1ea1i c\u1ee7a nhi\u1ec7t c\u1ea3m \u1ee9ng, n\u00ean d\u1ec5 d\u00e0ng t\u1ef1 \u0111\u1ed9ng h\u00f3a s\u1ea3n xu\u1ea5t c\u00f4ng nghi\u1ec7p v\u00e0 \u0111\u1ea3m b\u1ea3o k\u1ebft qu\u1ea3 gia nhi\u1ec7t nh\u1ea5t qu\u00e1n. <a href=\"https:\/\/www.focoinduction.com\/induction-heating-equipment\/induction-heating-system-for-forging\/\" target=\"_blank\" rel=\"noopener\">H\u1ec7 th\u1ed1ng r\u00e8n c\u1ea3m \u1ee9ng<\/a> \u0111\u01b0\u1ee3c s\u1eed d\u1ee5ng r\u1ed9ng r\u00e3i trong c\u00e1c ng\u00e0nh c\u00f4ng nghi\u1ec7p \u0111\u00fac v\u00e0 gia c\u00f4ng kim lo\u1ea1i. N\u00f3 c\u00f3 th\u1ec3 \u0111\u01b0\u1ee3c s\u1eed d\u1ee5ng \u0111\u1ec3 gia nhi\u1ec7t ph\u00f4i, thanh nh\u00f4m, thanh \u0111\u1ed3ng, thanh th\u00e9p kh\u00f4ng g\u1ec9 v\u00e0 \u0111\u1ea7u thanh.<\/p>\n<\/div><\/div><\/div><\/div><\/div><div class=\"fusion-fullwidth fullwidth-box fusion-builder-row-2 fusion-flex-container nonhundred-percent-fullwidth non-hundred-percent-height-scrolling\" style=\"--awb-border-sizes-bottom:1px;--awb-border-radius-top-left:0px;--awb-border-radius-top-right:0px;--awb-border-radius-bottom-right:0px;--awb-border-radius-bottom-left:0px;--awb-flex-wrap:wrap;\" ><div class=\"fusion-builder-row fusion-row fusion-flex-align-items-stretch fusion-flex-content-wrap\" style=\"max-width:calc( 1200px + 20px );margin-left: calc(-20px \/ 2 );margin-right: calc(-20px \/ 2 );\"><div class=\"fusion-layout-column fusion_builder_column fusion-builder-column-1 fusion_builder_column_1_1 1_1 fusion-flex-column\" style=\"--awb-bg-color:#ffffff;--awb-bg-color-hover:#ffffff;--awb-bg-size:cover;--awb-width-large:100%;--awb-margin-top-large:0px;--awb-spacing-right-large:10px;--awb-margin-bottom-large:20px;--awb-spacing-left-large:10px;--awb-width-medium:100%;--awb-order-medium:0;--awb-spacing-right-medium:10px;--awb-spacing-left-medium:10px;--awb-width-small:100%;--awb-order-small:0;--awb-spacing-right-small:10px;--awb-spacing-left-small:10px;\"><div class=\"fusion-column-wrapper fusion-column-has-shadow fusion-flex-justify-content-flex-start fusion-content-layout-column\"><div class=\"fusion-text fusion-text-2\" style=\"--awb-text-transform:none;\"><h3>D\u1ef1 \u00e1n gia nhi\u1ec7t v\u00e0 r\u00e8n c\u1ea3m \u1ee9ng<\/h3>\n<\/div><\/div><\/div><div class=\"fusion-layout-column fusion_builder_column fusion-builder-column-2 fusion_builder_column_1_3 1_3 fusion-flex-column\" style=\"--awb-padding-top:15px;--awb-padding-right:15px;--awb-padding-bottom:15px;--awb-padding-left:15px;--awb-bg-size:cover;--awb-border-color:#bababa;--awb-border-top:1px;--awb-border-right:1px;--awb-border-bottom:1px;--awb-border-left:1px;--awb-border-style:solid;--awb-width-large:33.333333333333%;--awb-margin-top-large:0px;--awb-spacing-right-large:10px;--awb-margin-bottom-large:20px;--awb-spacing-left-large:10px;--awb-width-medium:33.333333333333%;--awb-order-medium:0;--awb-spacing-right-medium:10px;--awb-spacing-left-medium:10px;--awb-width-small:100%;--awb-order-small:0;--awb-spacing-right-small:10px;--awb-spacing-left-small:10px;\"><div class=\"fusion-column-wrapper fusion-column-has-shadow fusion-flex-justify-content-flex-start fusion-content-layout-column\"><div class=\"fusion-image-element \" style=\"--awb-liftup-border-radius:0px;--awb-caption-title-font-family:var(--h2_typography-font-family);--awb-caption-title-font-weight:var(--h2_typography-font-weight);--awb-caption-title-font-style:var(--h2_typography-font-style);--awb-caption-title-size:var(--h2_typography-font-size);--awb-caption-title-transform:var(--h2_typography-text-transform);--awb-caption-title-line-height:var(--h2_typography-line-height);--awb-caption-title-letter-spacing:var(--h2_typography-letter-spacing);\"><div class=\"awb-image-frame awb-image-frame-1 imageframe-liftup\" style=\"max-width:260px;\"><span class=\" fusion-imageframe imageframe-none imageframe-1\"><a class=\"fusion-no-lightbox\" href=\"https:\/\/www.focoinduction.com\/vi\/ung-dung\/ren-cam-ung\/thep-gia-nhiet-cam-ung\/\" target=\"_blank\" aria-label=\"induction heating steel\" rel=\"noopener noreferrer\"><img decoding=\"async\" width=\"400\" height=\"201\" alt=\"th\u00e9p gia nhi\u1ec7t c\u1ea3m \u1ee9ng\" src=\"https:\/\/www.focoinduction.com\/wp-content\/uploads\/2022\/08\/induction-heating-steel-400x201.jpg\" class=\"img-responsive wp-image-9934\" srcset=\"https:\/\/www.focoinduction.com\/wp-content\/uploads\/2022\/08\/induction-heating-steel-200x101.jpg 200w, https:\/\/www.focoinduction.com\/wp-content\/uploads\/2022\/08\/induction-heating-steel-400x201.jpg 400w, https:\/\/www.focoinduction.com\/wp-content\/uploads\/2022\/08\/induction-heating-steel-600x302.jpg 600w, https:\/\/www.focoinduction.com\/wp-content\/uploads\/2022\/08\/induction-heating-steel.jpg 765w\" sizes=\"(max-width: 768px) 100vw, 400px\" \/><\/a><\/span><\/div><\/div><div class=\"fusion-text fusion-text-3\" style=\"--awb-text-transform:none;--awb-margin-top:10px;\"><p style=\"text-align: center;\"><a href=\"https:\/\/www.focoinduction.com\/vi\/ung-dung\/ren-cam-ung\/thep-gia-nhiet-cam-ung\/\" target=\"_blank\" rel=\"noopener\">Th\u00e9p gia nhi\u1ec7t c\u1ea3m \u1ee9ng<\/a><\/p>\n<\/div><\/div><\/div><div class=\"fusion-layout-column fusion_builder_column fusion-builder-column-3 fusion_builder_column_1_3 1_3 fusion-flex-column\" style=\"--awb-padding-top:15px;--awb-padding-right:15px;--awb-padding-bottom:15px;--awb-padding-left:15px;--awb-bg-size:cover;--awb-border-color:#bababa;--awb-border-top:1px;--awb-border-right:1px;--awb-border-bottom:1px;--awb-border-left:1px;--awb-border-style:solid;--awb-width-large:33.333333333333%;--awb-margin-top-large:0px;--awb-spacing-right-large:10px;--awb-margin-bottom-large:20px;--awb-spacing-left-large:10px;--awb-width-medium:33.333333333333%;--awb-order-medium:0;--awb-spacing-right-medium:10px;--awb-spacing-left-medium:10px;--awb-width-small:100%;--awb-order-small:0;--awb-spacing-right-small:10px;--awb-spacing-left-small:10px;\"><div class=\"fusion-column-wrapper fusion-column-has-shadow fusion-flex-justify-content-flex-start fusion-content-layout-column\"><div class=\"fusion-image-element \" style=\"--awb-liftup-border-radius:0px;--awb-caption-title-font-family:var(--h2_typography-font-family);--awb-caption-title-font-weight:var(--h2_typography-font-weight);--awb-caption-title-font-style:var(--h2_typography-font-style);--awb-caption-title-size:var(--h2_typography-font-size);--awb-caption-title-transform:var(--h2_typography-text-transform);--awb-caption-title-line-height:var(--h2_typography-line-height);--awb-caption-title-letter-spacing:var(--h2_typography-letter-spacing);\"><div class=\"awb-image-frame awb-image-frame-2 imageframe-liftup\" style=\"max-width:260px;\"><span class=\" fusion-imageframe imageframe-none imageframe-2\"><a class=\"fusion-no-lightbox\" href=\"https:\/\/www.focoinduction.com\/vi\/ung-dung\/ren-cam-ung\/lam-nong-cam-ung-dau-thanh-sat-de-tao-hinh-nong\/\" target=\"_blank\" aria-label=\"induction preheating of iron bar end for hot forming\" rel=\"noopener noreferrer\"><img decoding=\"async\" width=\"400\" height=\"201\" alt=\"L\u00e0m n\u00f3ng c\u1ea3m \u1ee9ng \u0111\u1ea7u thanh s\u1eaft \u0111\u1ec3 t\u1ea1o h\u00ecnh n\u00f3ng\" src=\"https:\/\/www.focoinduction.com\/wp-content\/uploads\/2022\/08\/induction-preheating-of-iron-bar-end-for-hot-forming-400x201.jpg\" class=\"img-responsive wp-image-9962\" srcset=\"https:\/\/www.focoinduction.com\/wp-content\/uploads\/2022\/08\/induction-preheating-of-iron-bar-end-for-hot-forming-200x101.jpg 200w, https:\/\/www.focoinduction.com\/wp-content\/uploads\/2022\/08\/induction-preheating-of-iron-bar-end-for-hot-forming-400x201.jpg 400w, https:\/\/www.focoinduction.com\/wp-content\/uploads\/2022\/08\/induction-preheating-of-iron-bar-end-for-hot-forming-600x302.jpg 600w, https:\/\/www.focoinduction.com\/wp-content\/uploads\/2022\/08\/induction-preheating-of-iron-bar-end-for-hot-forming.jpg 765w\" sizes=\"(max-width: 768px) 100vw, 400px\" \/><\/a><\/span><\/div><\/div><div class=\"fusion-text fusion-text-4\" style=\"--awb-text-transform:none;--awb-margin-top:10px;\"><p style=\"text-align: left;\"><a href=\"https:\/\/www.focoinduction.com\/vi\/ung-dung\/ren-cam-ung\/lam-nong-cam-ung-dau-thanh-sat-de-tao-hinh-nong\/\" target=\"_blank\" rel=\"noopener\">L\u00e0m n\u00f3ng c\u1ea3m \u1ee9ng \u0111\u1ea7u thanh s\u1eaft \u0111\u1ec3 t\u1ea1o h\u00ecnh n\u00f3ng<\/a><\/p>\n<\/div><\/div><\/div><div class=\"fusion-layout-column fusion_builder_column fusion-builder-column-4 fusion_builder_column_1_3 1_3 fusion-flex-column\" style=\"--awb-padding-top:15px;--awb-padding-right:15px;--awb-padding-bottom:15px;--awb-padding-left:15px;--awb-bg-size:cover;--awb-border-color:#bababa;--awb-border-top:1px;--awb-border-right:1px;--awb-border-bottom:1px;--awb-border-left:1px;--awb-border-style:solid;--awb-width-large:33.333333333333%;--awb-margin-top-large:0px;--awb-spacing-right-large:10px;--awb-margin-bottom-large:20px;--awb-spacing-left-large:10px;--awb-width-medium:33.333333333333%;--awb-order-medium:0;--awb-spacing-right-medium:10px;--awb-spacing-left-medium:10px;--awb-width-small:100%;--awb-order-small:0;--awb-spacing-right-small:10px;--awb-spacing-left-small:10px;\"><div class=\"fusion-column-wrapper fusion-column-has-shadow fusion-flex-justify-content-flex-start fusion-content-layout-column\"><div class=\"fusion-image-element \" style=\"--awb-liftup-border-radius:0px;--awb-caption-title-font-family:var(--h2_typography-font-family);--awb-caption-title-font-weight:var(--h2_typography-font-weight);--awb-caption-title-font-style:var(--h2_typography-font-style);--awb-caption-title-size:var(--h2_typography-font-size);--awb-caption-title-transform:var(--h2_typography-text-transform);--awb-caption-title-line-height:var(--h2_typography-line-height);--awb-caption-title-letter-spacing:var(--h2_typography-letter-spacing);\"><div class=\"awb-image-frame awb-image-frame-3 imageframe-liftup\" style=\"max-width:260px;\"><span class=\" fusion-imageframe imageframe-none imageframe-3\"><a class=\"fusion-no-lightbox\" href=\"https:\/\/www.focoinduction.com\/vi\/ung-dung\/ren-cam-ung\/thanh-sat-gia-nhiet-cam-ung-de-ren\/\" target=\"_blank\" aria-label=\"Induction Heating Iron Bar for Forging\" rel=\"noopener noreferrer\"><img decoding=\"async\" width=\"400\" height=\"201\" alt=\"Thanh s\u1eaft gia nhi\u1ec7t c\u1ea3m \u1ee9ng \u0111\u1ec3 r\u00e8n\" src=\"https:\/\/www.focoinduction.com\/wp-content\/uploads\/2022\/08\/Induction-Heating-Iron-Bar-for-Forging-400x201.jpg\" class=\"img-responsive wp-image-9476\" srcset=\"https:\/\/www.focoinduction.com\/wp-content\/uploads\/2022\/08\/Induction-Heating-Iron-Bar-for-Forging-200x101.jpg 200w, https:\/\/www.focoinduction.com\/wp-content\/uploads\/2022\/08\/Induction-Heating-Iron-Bar-for-Forging-400x201.jpg 400w, https:\/\/www.focoinduction.com\/wp-content\/uploads\/2022\/08\/Induction-Heating-Iron-Bar-for-Forging-600x302.jpg 600w, https:\/\/www.focoinduction.com\/wp-content\/uploads\/2022\/08\/Induction-Heating-Iron-Bar-for-Forging.jpg 765w\" sizes=\"(max-width: 768px) 100vw, 400px\" \/><\/a><\/span><\/div><\/div><div class=\"fusion-text fusion-text-5\" style=\"--awb-text-transform:none;--awb-margin-top:10px;\"><p style=\"text-align: center;\"><a href=\"https:\/\/www.focoinduction.com\/vi\/ung-dung\/ren-cam-ung\/thanh-sat-gia-nhiet-cam-ung-de-ren\/\" target=\"_blank\" rel=\"noopener\">Thanh s\u1eaft gia nhi\u1ec7t c\u1ea3m \u1ee9ng \u0111\u1ec3 r\u00e8n<\/a><\/p>\n<\/div><\/div><\/div><\/div><\/div><div class=\"fusion-fullwidth fullwidth-box fusion-builder-row-3 fusion-flex-container nonhundred-percent-fullwidth non-hundred-percent-height-scrolling\" style=\"--awb-border-sizes-bottom:1px;--awb-border-radius-top-left:0px;--awb-border-radius-top-right:0px;--awb-border-radius-bottom-right:0px;--awb-border-radius-bottom-left:0px;--awb-flex-wrap:wrap;\" ><div class=\"fusion-builder-row fusion-row fusion-flex-align-items-flex-start fusion-flex-content-wrap\" style=\"max-width:1248px;margin-left: calc(-4% \/ 2 );margin-right: calc(-4% \/ 2 );\"><div class=\"fusion-layout-column fusion_builder_column fusion-builder-column-5 fusion_builder_column_1_1 1_1 fusion-flex-column\" style=\"--awb-bg-size:cover;--awb-width-large:100%;--awb-margin-top-large:0px;--awb-spacing-right-large:1.92%;--awb-margin-bottom-large:20px;--awb-spacing-left-large:1.92%;--awb-width-medium:100%;--awb-order-medium:0;--awb-spacing-right-medium:1.92%;--awb-spacing-left-medium:1.92%;--awb-width-small:100%;--awb-order-small:0;--awb-spacing-right-small:1.92%;--awb-spacing-left-small:1.92%;\"><div class=\"fusion-column-wrapper fusion-column-has-shadow fusion-flex-justify-content-flex-start fusion-content-layout-column\"><div class=\"fusion-text fusion-text-6\" style=\"--awb-text-transform:none;\"><h3>Video v\u1ec1 r\u00e8n c\u1ea3m \u1ee9ng<\/h3>\n<\/div><\/div><\/div><div class=\"fusion-layout-column fusion_builder_column fusion-builder-column-6 fusion_builder_column_1_1 1_1 fusion-flex-column\" style=\"--awb-bg-size:cover;--awb-width-large:100%;--awb-margin-top-large:0px;--awb-spacing-right-large:1.92%;--awb-margin-bottom-large:20px;--awb-spacing-left-large:1.92%;--awb-width-medium:100%;--awb-order-medium:0;--awb-spacing-right-medium:1.92%;--awb-spacing-left-medium:1.92%;--awb-width-small:100%;--awb-order-small:0;--awb-spacing-right-small:1.92%;--awb-spacing-left-small:1.92%;\"><div class=\"fusion-column-wrapper fusion-column-has-shadow fusion-flex-justify-content-flex-start fusion-content-layout-column\"><div class=\"fusion-video fusion-youtube\" style=\"--awb-max-width:600px;--awb-max-height:360px;\"><div class=\"video-shortcode\"><lite-youtube videoid=\"TkqT9Jt1_-o\" class=\"landscape\" params=\"wmode=transparent&autoplay=1&amp;enablejsapi=1\" title=\"Automatic Heating and Forging Furnace for Steel Bar \" data-button-label=\"Play Video\" width=\"600\" height=\"360\" data-thumbnail-size=\"auto\" data-no-cookie=\"on\"><\/lite-youtube><\/div><\/div><div class=\"fusion-text fusion-text-7\" style=\"--awb-text-transform:none;\"><p>L\u00f2 r\u00e8n v\u00e0 gia nhi\u1ec7t t\u1ef1 \u0111\u1ed9ng cho thanh th\u00e9p<\/p>\n<\/div><\/div><\/div><\/div><\/div><div class=\"fusion-fullwidth fullwidth-box fusion-builder-row-4 fusion-flex-container nonhundred-percent-fullwidth non-hundred-percent-height-scrolling\" style=\"--awb-border-radius-top-left:0px;--awb-border-radius-top-right:0px;--awb-border-radius-bottom-right:0px;--awb-border-radius-bottom-left:0px;--awb-padding-top:0px;--awb-padding-right:0px;--awb-padding-bottom:0px;--awb-padding-left:0px;--awb-background-color:#ffffff;--awb-flex-wrap:wrap;\" ><div class=\"fusion-builder-row fusion-row fusion-flex-align-items-flex-start fusion-flex-content-wrap\" style=\"max-width:1248px;margin-left: calc(-4% \/ 2 );margin-right: calc(-4% \/ 2 );\"><div class=\"fusion-layout-column fusion_builder_column fusion-builder-column-7 fusion_builder_column_1_1 1_1 fusion-flex-column\" style=\"--awb-bg-size:cover;--awb-width-large:100%;--awb-margin-top-large:0px;--awb-spacing-right-large:1.92%;--awb-margin-bottom-large:20px;--awb-spacing-left-large:1.92%;--awb-width-medium:100%;--awb-order-medium:0;--awb-spacing-right-medium:1.92%;--awb-spacing-left-medium:1.92%;--awb-width-small:100%;--awb-order-small:0;--awb-spacing-right-small:1.92%;--awb-spacing-left-small:1.92%;\"><div class=\"fusion-column-wrapper fusion-column-has-shadow fusion-flex-justify-content-flex-start fusion-content-layout-column\"><div class=\"fusion-text fusion-text-8\"><h3>H\u1ec7 th\u1ed1ng gia nhi\u1ec7t v\u00e0 r\u00e8n c\u1ea3m \u1ee9ng li\u00ean quan<\/h3>\n<\/div><\/div><\/div><div class=\"fusion-layout-column fusion_builder_column fusion-builder-column-8 fusion_builder_column_1_3 1_3 fusion-flex-column fusion-flex-align-self-center\" style=\"--awb-bg-size:cover;--awb-width-large:33.333333333333%;--awb-margin-top-large:0px;--awb-spacing-right-large:5.76%;--awb-margin-bottom-large:20px;--awb-spacing-left-large:5.76%;--awb-width-medium:33.333333333333%;--awb-order-medium:0;--awb-spacing-right-medium:5.76%;--awb-spacing-left-medium:5.76%;--awb-width-small:100%;--awb-order-small:0;--awb-spacing-right-small:1.92%;--awb-spacing-left-small:1.92%;\"><div class=\"fusion-column-wrapper fusion-column-has-shadow fusion-flex-justify-content-flex-start fusion-content-layout-column\"><div class=\"fusion-image-element \" style=\"text-align:center;--awb-liftup-border-radius:0px;--awb-caption-title-color:#8bc34a;--awb-caption-margin-top:20px;--awb-caption-margin-bottom:20px;--awb-caption-title-font-family:var(--h3_typography-font-family);--awb-caption-title-font-weight:var(--h3_typography-font-weight);--awb-caption-title-font-style:var(--h3_typography-font-style);--awb-caption-title-size:18px;--awb-caption-title-transform:var(--h3_typography-text-transform);--awb-caption-title-line-height:var(--h3_typography-line-height);--awb-caption-title-letter-spacing:var(--h3_typography-letter-spacing);\"><div class=\"awb-image-frame awb-image-frame-4 imageframe-liftup\"><span class=\" fusion-imageframe imageframe-none imageframe-4\" style=\"border:1px solid #000000;\"><a class=\"fusion-no-lightbox\" href=\"https:\/\/www.focoinduction.com\/induction-heating-equipment\/induction-heating-system-for-forging\/induction-bar-heating-system\/\" target=\"_blank\" aria-label=\"Automatic induction heating furnace\" rel=\"noopener noreferrer\"><img decoding=\"async\" width=\"380\" height=\"280\" alt=\"H\u1ec7 th\u1ed1ng s\u01b0\u1edfi \u1ea5m thanh c\u1ea3m \u1ee9ng\" src=\"https:\/\/www.focoinduction.com\/wp-content\/uploads\/2021\/12\/Automatic-induction-heating-furnace.jpg\" class=\"img-responsive wp-image-10447\" srcset=\"https:\/\/www.focoinduction.com\/wp-content\/uploads\/2021\/12\/Automatic-induction-heating-furnace-200x147.jpg 200w, https:\/\/www.focoinduction.com\/wp-content\/uploads\/2021\/12\/Automatic-induction-heating-furnace.jpg 380w\" sizes=\"(max-width: 768px) 100vw, 380px\" \/><\/a><\/span><\/div><\/div><div class=\"fusion-text fusion-text-9\" style=\"--awb-text-transform:none;--awb-margin-top:10px;\"><p style=\"text-align: center;\"><a href=\"https:\/\/www.focoinduction.com\/induction-heating-equipment\/induction-heating-system-for-forging\/induction-bar-heating-system\/\" target=\"_blank\" rel=\"noopener\">H\u1ec7 th\u1ed1ng s\u01b0\u1edfi \u1ea5m thanh c\u1ea3m \u1ee9ng<\/a><\/p>\n<\/div><\/div><\/div><div class=\"fusion-layout-column fusion_builder_column fusion-builder-column-9 fusion_builder_column_1_3 1_3 fusion-flex-column fusion-flex-align-self-center\" style=\"--awb-bg-size:cover;--awb-width-large:33.333333333333%;--awb-margin-top-large:0px;--awb-spacing-right-large:5.76%;--awb-margin-bottom-large:20px;--awb-spacing-left-large:5.76%;--awb-width-medium:33.333333333333%;--awb-order-medium:0;--awb-spacing-right-medium:5.76%;--awb-spacing-left-medium:5.76%;--awb-width-small:100%;--awb-order-small:0;--awb-spacing-right-small:1.92%;--awb-spacing-left-small:1.92%;\"><div class=\"fusion-column-wrapper fusion-column-has-shadow fusion-flex-justify-content-flex-start fusion-content-layout-column\"><div class=\"fusion-image-element \" style=\"text-align:center;--awb-liftup-border-radius:0px;--awb-caption-title-color:#8bc34a;--awb-caption-margin-top:20px;--awb-caption-margin-bottom:20px;--awb-caption-title-font-family:var(--h3_typography-font-family);--awb-caption-title-font-weight:var(--h3_typography-font-weight);--awb-caption-title-font-style:var(--h3_typography-font-style);--awb-caption-title-size:18px;--awb-caption-title-transform:var(--h3_typography-text-transform);--awb-caption-title-line-height:var(--h3_typography-line-height);--awb-caption-title-letter-spacing:var(--h3_typography-letter-spacing);\"><div class=\"awb-image-frame awb-image-frame-5 imageframe-liftup\"><span class=\" fusion-imageframe imageframe-none imageframe-5\" style=\"border:1px solid #000000;\"><a class=\"fusion-no-lightbox\" href=\"https:\/\/www.focoinduction.com\/vi\/he-thong-gia-nhiet-phoi-cam-ung\/\" target=\"_blank\" aria-label=\"Billet induction heating furnace\" rel=\"noopener noreferrer\"><img decoding=\"async\" width=\"380\" height=\"280\" alt=\"H\u1ec7 th\u1ed1ng gia nhi\u1ec7t ph\u00f4i c\u1ea3m \u1ee9ng\" src=\"https:\/\/www.focoinduction.com\/wp-content\/uploads\/2021\/12\/Billet-induction-heating-furnace.jpg\" class=\"img-responsive wp-image-9984\" srcset=\"https:\/\/www.focoinduction.com\/wp-content\/uploads\/2021\/12\/Billet-induction-heating-furnace-200x147.jpg 200w, https:\/\/www.focoinduction.com\/wp-content\/uploads\/2021\/12\/Billet-induction-heating-furnace.jpg 380w\" sizes=\"(max-width: 768px) 100vw, 380px\" \/><\/a><\/span><\/div><\/div><div class=\"fusion-text fusion-text-10\" style=\"--awb-text-transform:none;--awb-margin-top:10px;\"><p style=\"text-align: center;\"><a href=\"https:\/\/www.focoinduction.com\/vi\/he-thong-gia-nhiet-phoi-cam-ung\/\" target=\"_blank\" rel=\"noopener\">H\u1ec7 th\u1ed1ng gia nhi\u1ec7t ph\u00f4i c\u1ea3m \u1ee9ng<\/a><\/p>\n<\/div><\/div><\/div><\/div><\/div><\/p>\n","protected":false},"excerpt":{"rendered":"","protected":false},"author":1,"featured_media":10207,"parent":9989,"menu_order":0,"comment_status":"closed","ping_status":"closed","template":"","meta":{"footnotes":""},"class_list":["post-10206","page","type-page","status-publish","has-post-thumbnail","hentry"],"_links":{"self":[{"href":"https:\/\/www.focoinduction.com\/vi\/wp-json\/wp\/v2\/pages\/10206","targetHints":{"allow":["GET"]}}],"collection":[{"href":"https:\/\/www.focoinduction.com\/vi\/wp-json\/wp\/v2\/pages"}],"about":[{"href":"https:\/\/www.focoinduction.com\/vi\/wp-json\/wp\/v2\/types\/page"}],"author":[{"embeddable":true,"href":"https:\/\/www.focoinduction.com\/vi\/wp-json\/wp\/v2\/users\/1"}],"replies":[{"embeddable":true,"href":"https:\/\/www.focoinduction.com\/vi\/wp-json\/wp\/v2\/comments?post=10206"}],"version-history":[{"count":0,"href":"https:\/\/www.focoinduction.com\/vi\/wp-json\/wp\/v2\/pages\/10206\/revisions"}],"up":[{"embeddable":true,"href":"https:\/\/www.focoinduction.com\/vi\/wp-json\/wp\/v2\/pages\/9989"}],"wp:featuredmedia":[{"embeddable":true,"href":"https:\/\/www.focoinduction.com\/vi\/wp-json\/wp\/v2\/media\/10207"}],"wp:attachment":[{"href":"https:\/\/www.focoinduction.com\/vi\/wp-json\/wp\/v2\/media?parent=10206"}],"curies":[{"name":"wp","href":"https:\/\/api.w.org\/{rel}","templated":true}]}}