{"id":10241,"date":"2022-04-09T14:01:11","date_gmt":"2022-04-09T06:01:11","guid":{"rendered":"https:\/\/www.focoinduction.com\/ung-dung\/lam-cung-cam-ung\/lam-cung-cam-ung-cua-truc\/"},"modified":"2025-01-02T10:52:34","modified_gmt":"2025-01-02T02:52:34","slug":"lam-cung-cam-ung-cua-truc","status":"publish","type":"page","link":"https:\/\/www.focoinduction.com\/vi\/ung-dung\/lam-cung-cam-ung\/lam-cung-cam-ung-cua-truc\/","title":{"rendered":"L\u00e0m c\u1ee9ng c\u1ea3m \u1ee9ng c\u1ee7a tr\u1ee5c"},"content":{"rendered":"<p><div class=\"fusion-fullwidth fullwidth-box fusion-builder-row-1 fusion-flex-container nonhundred-percent-fullwidth non-hundred-percent-height-scrolling\" style=\"--awb-border-radius-top-left:0px;--awb-border-radius-top-right:0px;--awb-border-radius-bottom-right:0px;--awb-border-radius-bottom-left:0px;--awb-flex-wrap:wrap;\" ><div class=\"fusion-builder-row fusion-row fusion-flex-align-items-flex-start fusion-flex-content-wrap\" style=\"max-width:1248px;margin-left: calc(-4% \/ 2 );margin-right: calc(-4% \/ 2 );\"><div class=\"fusion-layout-column fusion_builder_column fusion-builder-column-0 fusion_builder_column_1_1 1_1 fusion-flex-column\" style=\"--awb-bg-size:cover;--awb-width-large:100%;--awb-margin-top-large:0px;--awb-spacing-right-large:1.92%;--awb-margin-bottom-large:20px;--awb-spacing-left-large:1.92%;--awb-width-medium:100%;--awb-order-medium:0;--awb-spacing-right-medium:1.92%;--awb-spacing-left-medium:1.92%;--awb-width-small:100%;--awb-order-small:0;--awb-spacing-right-small:1.92%;--awb-spacing-left-small:1.92%;\"><div class=\"fusion-column-wrapper fusion-column-has-shadow fusion-flex-justify-content-flex-start fusion-content-layout-column\"><div class=\"fusion-text fusion-text-1\" style=\"--awb-text-transform:none;\"><p>Gia nhi\u1ec7t c\u1ea3m \u1ee9ng \u0111\u00e3 tr\u1edf th\u00e0nh <a href=\"https:\/\/www.focoinduction.com\/heating-methods-for-induction-hardening\/\" target=\"_blank\" rel=\"noopener\">ph\u01b0\u01a1ng ph\u00e1p ph\u1ed5 bi\u1ebfn nh\u1ea5t \u0111\u1ec3 l\u00e0m ngu\u1ed9i<\/a> nhi\u1ec1u lo\u1ea1i tr\u1ee5c. Gia nhi\u1ec7t c\u1ea3m \u1ee9ng \u0111\u01b0\u1ee3c s\u1eed d\u1ee5ng \u0111\u1ec3 l\u00e0m n\u00f3ng nhanh tr\u1ee5c th\u00e9p l\u00ean 800-1.000 \u00b0C ch\u1ec9 trong v\u00e0i gi\u00e2y, sau \u0111\u00f3 l\u00e0m ngu\u1ed9i ngay l\u1eadp t\u1ee9c \u0111\u1ec3 l\u00e0m c\u1ee9ng b\u1ec1 m\u1eb7t tr\u1ee5c, t\u0103ng \u0111\u1ed9 c\u1ee9ng v\u00e0 kh\u1ea3 n\u0103ng ch\u1ed1ng m\u00e0i m\u00f2n. <\/p>\n<p><strong>Thi\u1ebft b\u1ecb:  <\/strong><\/p>\n<p><span style=\"color: #0000ff;\"><a style=\"color: #0000ff;\" href=\"https:\/\/www.focoinduction.com\/induction-heating-equipment\/induction-hardening-machine\/vertical-induction-hardening-machine\/\" target=\"_blank\" rel=\"noopener\">M\u00e1y t\u00f4i c\u1ea3m \u1ee9ng \u0111\u1ee9ng<\/a><\/span><\/p>\n<p>Theo y\u00eau c\u1ea7u v\u1ec1 \u0111\u1ed9 s\u00e2u c\u1ee7a l\u1edbp c\u1ee9ng, ch\u00fang t\u00f4i s\u1ebd s\u1eed d\u1ee5ng <a href=\"https:\/\/www.focoinduction.com\/induction-heating-equipment\/induction-heating-machine\/high-frequency-induction-heating-machine\/\" target=\"_blank\" rel=\"noopener\">ngu\u1ed3n \u0111i\u1ec7n c\u1ea3m \u1ee9ng gia nhi\u1ec7t t\u1ea7n s\u1ed1 cao<\/a> , <a href=\"https:\/\/www.focoinduction.com\/induction-heating-equipment\/induction-heating-machine\/high-frequency-induction-heating-machine\/\" target=\"_blank\" rel=\"noopener\">ngu\u1ed3n \u0111i\u1ec7n c\u1ea3m \u1ee9ng gia nhi\u1ec7t t\u1ea7n s\u1ed1 trung b\u00ecnh<\/a> ho\u1eb7c <a href=\"https:\/\/www.focoinduction.com\/induction-heating-equipment\/induction-heating-machine\/ultra-high-frequency-induction-heating-machine\/\" target=\"_blank\" rel=\"noopener\">ngu\u1ed3n \u0111i\u1ec7n c\u1ea3m \u1ee9ng gia nhi\u1ec7t t\u1ea7n s\u1ed1 c\u1ef1c cao<\/a> . Ngo\u00e0i ra, ch\u00fang t\u00f4i c\u00f3 th\u1ec3 trang b\u1ecb h\u1ec7 th\u1ed1ng l\u00e0m m\u00e1t b\u1eb1ng n\u01b0\u1edbc t\u00edch h\u1ee3p.<\/p>\n<p><strong>Nh\u1eefng l\u1ee3i \u00edch:<\/strong><\/p>\n<ul>\n<li>So v\u1edbi l\u00f2 nung th\u00f4ng th\u01b0\u1eddng, qu\u00e1 tr\u00ecnh t\u00f4i luy\u1ec7n b\u1eb1ng c\u1ea3m \u1ee9ng di\u1ec5n ra nhanh h\u01a1n, trung b\u00ecnh ch\u1ec9 m\u1ea5t v\u00e0i gi\u00e2y ho\u1eb7c v\u00e0i ph\u00fat cho m\u1ed7i tr\u1ee5c.<\/li>\n<li>H\u1ec7 th\u1ed1ng t\u00f4i c\u1ea3m \u1ee9ng c\u00f3 th\u1ec3 \u0111\u01b0\u1ee3c t\u00edch h\u1ee3p v\u00e0o d\u00e2y chuy\u1ec1n s\u1ea3n xu\u1ea5t \u0111\u1ec3 t\u1ef1 \u0111\u1ed9ng h\u00f3a to\u00e0n b\u1ed9 quy tr\u00ecnh s\u1ea3n xu\u1ea5t.<\/li>\n<li>\u0110\u1ea3m b\u1ea3o t\u00ednh l\u1eb7p l\u1ea1i v\u00e0 t\u00ednh nh\u1ea5t qu\u00e1n c\u1ee7a k\u1ebft qu\u1ea3.<\/li>\n<li>To\u00e0n b\u1ed9 qu\u00e1 tr\u00ecnh gia nhi\u1ec7t \u0111\u1ec1u c\u00f3 th\u1ec3 ki\u1ec3m so\u00e1t \u0111\u01b0\u1ee3c.<\/li>\n<\/ul>\n<p>\u0110\u1ecdc th\u00eam v\u1ec1 <a href=\"https:\/\/www.focoinduction.com\/vi\/ung-dung\/lam-cung-cam-ung\/\" target=\"_blank\" rel=\"noopener\">c\u00e1c \u1ee9ng d\u1ee5ng t\u00f4i c\u1ea3m \u1ee9ng<\/a> .<\/p>\n<\/div><\/div><\/div><\/div><\/div><div class=\"fusion-fullwidth fullwidth-box fusion-builder-row-2 fusion-flex-container nonhundred-percent-fullwidth non-hundred-percent-height-scrolling\" style=\"--awb-border-radius-top-left:0px;--awb-border-radius-top-right:0px;--awb-border-radius-bottom-right:0px;--awb-border-radius-bottom-left:0px;--awb-flex-wrap:wrap;\" ><div class=\"fusion-builder-row fusion-row fusion-flex-align-items-flex-start fusion-flex-content-wrap\" style=\"max-width:1248px;margin-left: calc(-4% \/ 2 );margin-right: calc(-4% \/ 2 );\"><div class=\"fusion-layout-column fusion_builder_column fusion-builder-column-1 fusion_builder_column_1_1 1_1 fusion-flex-column\" style=\"--awb-bg-size:cover;--awb-width-large:100%;--awb-margin-top-large:0px;--awb-spacing-right-large:1.92%;--awb-margin-bottom-large:0px;--awb-spacing-left-large:1.92%;--awb-width-medium:100%;--awb-order-medium:0;--awb-spacing-right-medium:1.92%;--awb-spacing-left-medium:1.92%;--awb-width-small:100%;--awb-order-small:0;--awb-spacing-right-small:1.92%;--awb-spacing-left-small:1.92%;\"><div class=\"fusion-column-wrapper fusion-column-has-shadow fusion-flex-justify-content-flex-start fusion-content-layout-column\"><div class=\"fusion-text fusion-text-2\" style=\"--awb-font-size:24px;--awb-text-transform:none;\"><p><strong>B\u1ed9 s\u01b0u t\u1eadp tr\u1ee5c t\u00f4i c\u1ea3m \u1ee9ng<\/strong><\/p>\n<\/div><\/div><\/div><div class=\"fusion-layout-column fusion_builder_column fusion-builder-column-2 fusion_builder_column_1_3 1_3 fusion-flex-column\" style=\"--awb-bg-size:cover;--awb-width-large:33.333333333333%;--awb-margin-top-large:0px;--awb-spacing-right-large:15px;--awb-margin-bottom-large:0px;--awb-spacing-left-large:0px;--awb-width-medium:33.333333333333%;--awb-order-medium:0;--awb-spacing-right-medium:15px;--awb-spacing-left-medium:0px;--awb-width-small:100%;--awb-order-small:0;--awb-spacing-right-small:1.92%;--awb-spacing-left-small:1.92%;\"><div class=\"fusion-column-wrapper fusion-column-has-shadow fusion-flex-justify-content-flex-start fusion-content-layout-column\"><div class=\"fusion-image-element \" style=\"text-align:center;--awb-max-width:270px;--awb-caption-title-font-family:var(--h2_typography-font-family);--awb-caption-title-font-weight:var(--h2_typography-font-weight);--awb-caption-title-font-style:var(--h2_typography-font-style);--awb-caption-title-size:var(--h2_typography-font-size);--awb-caption-title-transform:var(--h2_typography-text-transform);--awb-caption-title-line-height:var(--h2_typography-line-height);--awb-caption-title-letter-spacing:var(--h2_typography-letter-spacing);\"><span class=\" fusion-imageframe imageframe-none imageframe-1 hover-type-none\"><a href=\"https:\/\/www.focoinduction.com\/wp-content\/uploads\/2022\/04\/hardening-of-large-steel-shaft.jpg\" class=\"fusion-lightbox\" data-rel=\"iLightbox[hardening of large steel shaft]\" data-caption=\"hardening of large steel shaft\" data-title=\"hardening of large steel shaft\" title=\"hardening of large steel shaft\"><img decoding=\"async\" width=\"600\" height=\"400\" alt=\"l\u00e0m c\u1ee9ng tr\u1ee5c th\u00e9p l\u1edbn\" src=\"https:\/\/www.focoinduction.com\/wp-content\/uploads\/2022\/04\/hardening-of-large-steel-shaft.jpg\" class=\"img-responsive wp-image-14999\" srcset=\"https:\/\/www.focoinduction.com\/wp-content\/uploads\/2022\/04\/hardening-of-large-steel-shaft-200x133.jpg 200w, https:\/\/www.focoinduction.com\/wp-content\/uploads\/2022\/04\/hardening-of-large-steel-shaft-400x267.jpg 400w, https:\/\/www.focoinduction.com\/wp-content\/uploads\/2022\/04\/hardening-of-large-steel-shaft.jpg 600w\" sizes=\"(max-width: 768px) 100vw, 400px\" \/><\/a><\/span><\/div><div class=\"fusion-text fusion-text-3\" style=\"--awb-font-size:14px;--awb-text-transform:none;\"><p>L\u00e0m c\u1ee9ng tr\u1ee5c th\u00e9p l\u1edbn<\/p>\n<\/div><\/div><\/div><div class=\"fusion-layout-column fusion_builder_column fusion-builder-column-3 fusion_builder_column_1_3 1_3 fusion-flex-column\" style=\"--awb-bg-size:cover;--awb-width-large:33.333333333333%;--awb-margin-top-large:0px;--awb-spacing-right-large:15px;--awb-margin-bottom-large:0px;--awb-spacing-left-large:0px;--awb-width-medium:33.333333333333%;--awb-order-medium:0;--awb-spacing-right-medium:15px;--awb-spacing-left-medium:0px;--awb-width-small:100%;--awb-order-small:0;--awb-spacing-right-small:1.92%;--awb-spacing-left-small:1.92%;\"><div class=\"fusion-column-wrapper fusion-column-has-shadow fusion-flex-justify-content-flex-start fusion-content-layout-column\"><div class=\"fusion-image-element \" style=\"text-align:center;--awb-max-width:270px;--awb-caption-title-font-family:var(--h2_typography-font-family);--awb-caption-title-font-weight:var(--h2_typography-font-weight);--awb-caption-title-font-style:var(--h2_typography-font-style);--awb-caption-title-size:var(--h2_typography-font-size);--awb-caption-title-transform:var(--h2_typography-text-transform);--awb-caption-title-line-height:var(--h2_typography-line-height);--awb-caption-title-letter-spacing:var(--h2_typography-letter-spacing);\"><span class=\" fusion-imageframe imageframe-none imageframe-2 hover-type-none\"><a href=\"https:\/\/www.focoinduction.com\/wp-content\/uploads\/2022\/04\/hardening-of-shaft-with-induction-heating.jpg\" class=\"fusion-lightbox\" data-rel=\"iLightbox[hardening of shaft with induction heating]\" data-caption=\"hardening of shaft with induction heating\" data-title=\"hardening of shaft with induction heating\" title=\"hardening of shaft with induction heating\"><img decoding=\"async\" width=\"600\" height=\"400\" alt=\"l\u00e0m c\u1ee9ng tr\u1ee5c b\u1eb1ng ph\u01b0\u01a1ng ph\u00e1p gia nhi\u1ec7t c\u1ea3m \u1ee9ng\" src=\"https:\/\/www.focoinduction.com\/wp-content\/uploads\/2022\/04\/hardening-of-shaft-with-induction-heating.jpg\" class=\"img-responsive wp-image-15003\" srcset=\"https:\/\/www.focoinduction.com\/wp-content\/uploads\/2022\/04\/hardening-of-shaft-with-induction-heating-200x133.jpg 200w, https:\/\/www.focoinduction.com\/wp-content\/uploads\/2022\/04\/hardening-of-shaft-with-induction-heating-400x267.jpg 400w, https:\/\/www.focoinduction.com\/wp-content\/uploads\/2022\/04\/hardening-of-shaft-with-induction-heating.jpg 600w\" sizes=\"(max-width: 768px) 100vw, 400px\" \/><\/a><\/span><\/div><div class=\"fusion-text fusion-text-4\" style=\"--awb-font-size:14px;--awb-text-transform:none;\"><p>L\u00e0m c\u1ee9ng tr\u1ee5c b\u1eb1ng ph\u01b0\u01a1ng ph\u00e1p gia nhi\u1ec7t c\u1ea3m \u1ee9ng<\/p>\n<\/div><\/div><\/div><div class=\"fusion-layout-column fusion_builder_column fusion-builder-column-4 fusion_builder_column_1_3 1_3 fusion-flex-column\" style=\"--awb-bg-size:cover;--awb-width-large:33.333333333333%;--awb-margin-top-large:0px;--awb-spacing-right-large:15px;--awb-margin-bottom-large:0px;--awb-spacing-left-large:0px;--awb-width-medium:33.333333333333%;--awb-order-medium:0;--awb-spacing-right-medium:15px;--awb-spacing-left-medium:0px;--awb-width-small:100%;--awb-order-small:0;--awb-spacing-right-small:1.92%;--awb-spacing-left-small:1.92%;\"><div class=\"fusion-column-wrapper fusion-column-has-shadow fusion-flex-justify-content-flex-start fusion-content-layout-column\"><div class=\"fusion-image-element \" style=\"text-align:center;--awb-max-width:270px;--awb-caption-title-font-family:var(--h2_typography-font-family);--awb-caption-title-font-weight:var(--h2_typography-font-weight);--awb-caption-title-font-style:var(--h2_typography-font-style);--awb-caption-title-size:var(--h2_typography-font-size);--awb-caption-title-transform:var(--h2_typography-text-transform);--awb-caption-title-line-height:var(--h2_typography-line-height);--awb-caption-title-letter-spacing:var(--h2_typography-letter-spacing);\"><span class=\" fusion-imageframe imageframe-none imageframe-3 hover-type-none\"><a href=\"https:\/\/www.focoinduction.com\/wp-content\/uploads\/2022\/04\/hardening-of-steel-shaft.jpg\" class=\"fusion-lightbox\" data-rel=\"iLightbox[hardening of steel shaft]\" data-caption=\"hardening of steel shaft\" data-title=\"hardening of steel shaft\" title=\"hardening of steel shaft\"><img decoding=\"async\" width=\"600\" height=\"400\" alt=\"l\u00e0m c\u1ee9ng tr\u1ee5c th\u00e9p\" src=\"https:\/\/www.focoinduction.com\/wp-content\/uploads\/2022\/04\/hardening-of-steel-shaft.jpg\" class=\"img-responsive wp-image-15007\" srcset=\"https:\/\/www.focoinduction.com\/wp-content\/uploads\/2022\/04\/hardening-of-steel-shaft-200x133.jpg 200w, https:\/\/www.focoinduction.com\/wp-content\/uploads\/2022\/04\/hardening-of-steel-shaft-400x267.jpg 400w, https:\/\/www.focoinduction.com\/wp-content\/uploads\/2022\/04\/hardening-of-steel-shaft.jpg 600w\" sizes=\"(max-width: 768px) 100vw, 400px\" \/><\/a><\/span><\/div><div class=\"fusion-text fusion-text-5\" style=\"--awb-font-size:14px;--awb-text-transform:none;\"><p>L\u00e0m c\u1ee9ng tr\u1ee5c th\u00e9p<\/p>\n<\/div><\/div><\/div><div class=\"fusion-layout-column fusion_builder_column fusion-builder-column-5 fusion_builder_column_1_3 1_3 fusion-flex-column\" style=\"--awb-bg-size:cover;--awb-width-large:33.333333333333%;--awb-margin-top-large:0px;--awb-spacing-right-large:15px;--awb-margin-bottom-large:0px;--awb-spacing-left-large:0px;--awb-width-medium:33.333333333333%;--awb-order-medium:0;--awb-spacing-right-medium:15px;--awb-spacing-left-medium:0px;--awb-width-small:100%;--awb-order-small:0;--awb-spacing-right-small:1.92%;--awb-spacing-left-small:1.92%;\"><div class=\"fusion-column-wrapper fusion-column-has-shadow fusion-flex-justify-content-flex-start fusion-content-layout-column\"><div class=\"fusion-image-element \" style=\"text-align:center;--awb-max-width:270px;--awb-caption-title-font-family:var(--h2_typography-font-family);--awb-caption-title-font-weight:var(--h2_typography-font-weight);--awb-caption-title-font-style:var(--h2_typography-font-style);--awb-caption-title-size:var(--h2_typography-font-size);--awb-caption-title-transform:var(--h2_typography-text-transform);--awb-caption-title-line-height:var(--h2_typography-line-height);--awb-caption-title-letter-spacing:var(--h2_typography-letter-spacing);\"><span class=\" fusion-imageframe imageframe-none imageframe-4 hover-type-none\"><a href=\"https:\/\/www.focoinduction.com\/wp-content\/uploads\/2022\/04\/shaft-scan-hardening.jpg\" class=\"fusion-lightbox\" data-rel=\"iLightbox[shaft scan hardening]\" data-caption=\"shaft scan hardening\" data-title=\"shaft scan hardening\" title=\"shaft scan hardening\"><img decoding=\"async\" width=\"600\" height=\"400\" alt=\"tr\u1ee5c qu\u00e9t c\u1ee9ng\" src=\"https:\/\/www.focoinduction.com\/wp-content\/uploads\/2022\/04\/shaft-scan-hardening.jpg\" class=\"img-responsive wp-image-15011\" srcset=\"https:\/\/www.focoinduction.com\/wp-content\/uploads\/2022\/04\/shaft-scan-hardening-200x133.jpg 200w, https:\/\/www.focoinduction.com\/wp-content\/uploads\/2022\/04\/shaft-scan-hardening-400x267.jpg 400w, https:\/\/www.focoinduction.com\/wp-content\/uploads\/2022\/04\/shaft-scan-hardening.jpg 600w\" sizes=\"(max-width: 768px) 100vw, 400px\" \/><\/a><\/span><\/div><div class=\"fusion-text fusion-text-6\" style=\"--awb-font-size:14px;--awb-text-transform:none;\"><p>L\u00e0m c\u1ee9ng tr\u1ee5c qu\u00e9t<\/p>\n<\/div><\/div><\/div><div class=\"fusion-layout-column fusion_builder_column fusion-builder-column-6 fusion_builder_column_1_3 1_3 fusion-flex-column\" style=\"--awb-bg-size:cover;--awb-width-large:33.333333333333%;--awb-margin-top-large:0px;--awb-spacing-right-large:15px;--awb-margin-bottom-large:0px;--awb-spacing-left-large:0px;--awb-width-medium:33.333333333333%;--awb-order-medium:0;--awb-spacing-right-medium:15px;--awb-spacing-left-medium:0px;--awb-width-small:100%;--awb-order-small:0;--awb-spacing-right-small:1.92%;--awb-spacing-left-small:1.92%;\"><div class=\"fusion-column-wrapper fusion-column-has-shadow fusion-flex-justify-content-flex-start fusion-content-layout-column\"><div class=\"fusion-image-element \" style=\"text-align:center;--awb-max-width:270px;--awb-caption-title-font-family:var(--h2_typography-font-family);--awb-caption-title-font-weight:var(--h2_typography-font-weight);--awb-caption-title-font-style:var(--h2_typography-font-style);--awb-caption-title-size:var(--h2_typography-font-size);--awb-caption-title-transform:var(--h2_typography-text-transform);--awb-caption-title-line-height:var(--h2_typography-line-height);--awb-caption-title-letter-spacing:var(--h2_typography-letter-spacing);\"><span class=\" fusion-imageframe imageframe-none imageframe-5 hover-type-none\"><a href=\"https:\/\/www.focoinduction.com\/wp-content\/uploads\/2022\/04\/shaft-hardening-with-horizontal-induction-hardening-machine.jpg\" class=\"fusion-lightbox\" data-rel=\"iLightbox[shaft hardening with horizontal induction hardening machine]\" data-caption=\"shaft hardening with horizontal induction hardening machine\" data-title=\"shaft hardening with horizontal induction hardening machine\" title=\"shaft hardening with horizontal induction hardening machine\"><img decoding=\"async\" width=\"600\" height=\"400\" alt=\"t\u00f4i tr\u1ee5c b\u1eb1ng m\u00e1y t\u00f4i c\u1ea3m \u1ee9ng n\u1eb1m ngang\" src=\"https:\/\/www.focoinduction.com\/wp-content\/uploads\/2022\/04\/shaft-hardening-with-horizontal-induction-hardening-machine.jpg\" class=\"img-responsive wp-image-15015\" srcset=\"https:\/\/www.focoinduction.com\/wp-content\/uploads\/2022\/04\/shaft-hardening-with-horizontal-induction-hardening-machine-200x133.jpg 200w, https:\/\/www.focoinduction.com\/wp-content\/uploads\/2022\/04\/shaft-hardening-with-horizontal-induction-hardening-machine-400x267.jpg 400w, https:\/\/www.focoinduction.com\/wp-content\/uploads\/2022\/04\/shaft-hardening-with-horizontal-induction-hardening-machine.jpg 600w\" sizes=\"(max-width: 768px) 100vw, 400px\" \/><\/a><\/span><\/div><div class=\"fusion-text fusion-text-7\" style=\"--awb-font-size:14px;--awb-text-transform:none;\"><p>L\u00e0m c\u1ee9ng tr\u1ee5c b\u1eb1ng m\u00e1y l\u00e0m c\u1ee9ng c\u1ea3m \u1ee9ng n\u1eb1m ngang<\/p>\n<\/div><\/div><\/div><\/div><\/div><\/p>\n","protected":false},"excerpt":{"rendered":"","protected":false},"author":1,"featured_media":10242,"parent":10044,"menu_order":0,"comment_status":"closed","ping_status":"closed","template":"","meta":{"footnotes":""},"class_list":["post-10241","page","type-page","status-publish","has-post-thumbnail","hentry"],"_links":{"self":[{"href":"https:\/\/www.focoinduction.com\/vi\/wp-json\/wp\/v2\/pages\/10241","targetHints":{"allow":["GET"]}}],"collection":[{"href":"https:\/\/www.focoinduction.com\/vi\/wp-json\/wp\/v2\/pages"}],"about":[{"href":"https:\/\/www.focoinduction.com\/vi\/wp-json\/wp\/v2\/types\/page"}],"author":[{"embeddable":true,"href":"https:\/\/www.focoinduction.com\/vi\/wp-json\/wp\/v2\/users\/1"}],"replies":[{"embeddable":true,"href":"https:\/\/www.focoinduction.com\/vi\/wp-json\/wp\/v2\/comments?post=10241"}],"version-history":[{"count":0,"href":"https:\/\/www.focoinduction.com\/vi\/wp-json\/wp\/v2\/pages\/10241\/revisions"}],"up":[{"embeddable":true,"href":"https:\/\/www.focoinduction.com\/vi\/wp-json\/wp\/v2\/pages\/10044"}],"wp:featuredmedia":[{"embeddable":true,"href":"https:\/\/www.focoinduction.com\/vi\/wp-json\/wp\/v2\/media\/10242"}],"wp:attachment":[{"href":"https:\/\/www.focoinduction.com\/vi\/wp-json\/wp\/v2\/media?parent=10241"}],"curies":[{"name":"wp","href":"https:\/\/api.w.org\/{rel}","templated":true}]}}