{"id":10271,"date":"2022-04-09T13:17:30","date_gmt":"2022-04-09T05:17:30","guid":{"rendered":"https:\/\/www.focoinduction.com\/ung-dung\/han-cam-ung\/han-cam-ung-thep-khong-gi\/"},"modified":"2025-01-02T10:52:49","modified_gmt":"2025-01-02T02:52:49","slug":"han-cam-ung-thep-khong-gi","status":"publish","type":"page","link":"https:\/\/www.focoinduction.com\/vi\/ung-dung\/han-cam-ung\/han-cam-ung-thep-khong-gi\/","title":{"rendered":"H\u00e0n c\u1ea3m \u1ee9ng th\u00e9p kh\u00f4ng g\u1ec9"},"content":{"rendered":"<div class=\"fusion-fullwidth fullwidth-box fusion-builder-row-1 fusion-flex-container nonhundred-percent-fullwidth non-hundred-percent-height-scrolling\" style=\"--awb-border-radius-top-left:0px;--awb-border-radius-top-right:0px;--awb-border-radius-bottom-right:0px;--awb-border-radius-bottom-left:0px;--awb-flex-wrap:wrap;\" ><div class=\"fusion-builder-row fusion-row fusion-flex-align-items-flex-start fusion-flex-content-wrap\" style=\"max-width:1248px;margin-left: calc(-4% \/ 2 );margin-right: calc(-4% \/ 2 );\"><div class=\"fusion-layout-column fusion_builder_column fusion-builder-column-0 fusion_builder_column_1_1 1_1 fusion-flex-column\" style=\"--awb-bg-size:cover;--awb-width-large:100%;--awb-margin-top-large:0px;--awb-spacing-right-large:1.92%;--awb-margin-bottom-large:20px;--awb-spacing-left-large:1.92%;--awb-width-medium:100%;--awb-order-medium:0;--awb-spacing-right-medium:1.92%;--awb-spacing-left-medium:1.92%;--awb-width-small:100%;--awb-order-small:0;--awb-spacing-right-small:1.92%;--awb-spacing-left-small:1.92%;\"><div class=\"fusion-column-wrapper fusion-column-has-shadow fusion-flex-justify-content-flex-start fusion-content-layout-column\"><div class=\"fusion-text fusion-text-1\" style=\"--awb-text-transform:none;\"><p>H\u00e0n c\u1ea3m \u1ee9ng l\u00e0 m\u1ed9t trong nh\u1eefng ph\u01b0\u01a1ng ph\u00e1p l\u00fd t\u01b0\u1edfng \u0111\u1ec3 h\u00e0n th\u00e9p kh\u00f4ng g\u1ec9. Th\u00e9p ho\u1eb7c th\u00e9p cacbon c\u00f3 th\u1ec3 d\u1ec5 d\u00e0ng t\u1ea1o ra n\u0103ng l\u01b0\u1ee3ng nhi\u1ec7t trong t\u1eeb tr\u01b0\u1eddng c\u1ea3m \u1ee9ng v\u00e0 s\u1ef1 th\u00e2m nh\u1eadp c\u1ee7a nhi\u1ec7t c\u00f3 th\u1ec3 ho\u00e0n th\u00e0nh to\u00e0n b\u1ed9 qu\u00e1 tr\u00ecnh h\u00e0n. V\u1edbi cu\u1ed9n c\u1ea3m \u1ee9ng \u0111\u01b0\u1ee3c thi\u1ebft k\u1ebf ch\u00ednh x\u00e1c, ch\u00fang ta ch\u1ec9 c\u00f3 th\u1ec3 gia nhi\u1ec7t \u1edf n\u01a1i c\u1ea7n thi\u1ebft. H\u00e0n c\u1ea3m \u1ee9ng c\u00f3 th\u1ec3 t\u1ea1o ra \u00edt bi\u1ebfn d\u1ea1ng th\u00e9p v\u00e0 \u1ee9ng su\u1ea5t b\u00ean trong h\u01a1n, h\u1ea7u nh\u01b0 kh\u00f4ng \u1ea3nh h\u01b0\u1edfng \u0111\u1ebfn c\u1ea5u tr\u00fac tinh th\u1ec3 xung quanh v\u00e0 \u0111\u1ea3m b\u1ea3o c\u00e1c t\u00ednh ch\u1ea5t v\u1eadt l\u00fd c\u1ee7a ph\u00f4i.<\/p>\n<\/div><\/div><\/div><\/div><\/div>\n","protected":false},"excerpt":{"rendered":"","protected":false},"author":1,"featured_media":0,"parent":10041,"menu_order":0,"comment_status":"closed","ping_status":"closed","template":"","meta":{"footnotes":""},"class_list":["post-10271","page","type-page","status-publish","hentry"],"_links":{"self":[{"href":"https:\/\/www.focoinduction.com\/vi\/wp-json\/wp\/v2\/pages\/10271","targetHints":{"allow":["GET"]}}],"collection":[{"href":"https:\/\/www.focoinduction.com\/vi\/wp-json\/wp\/v2\/pages"}],"about":[{"href":"https:\/\/www.focoinduction.com\/vi\/wp-json\/wp\/v2\/types\/page"}],"author":[{"embeddable":true,"href":"https:\/\/www.focoinduction.com\/vi\/wp-json\/wp\/v2\/users\/1"}],"replies":[{"embeddable":true,"href":"https:\/\/www.focoinduction.com\/vi\/wp-json\/wp\/v2\/comments?post=10271"}],"version-history":[{"count":0,"href":"https:\/\/www.focoinduction.com\/vi\/wp-json\/wp\/v2\/pages\/10271\/revisions"}],"up":[{"embeddable":true,"href":"https:\/\/www.focoinduction.com\/vi\/wp-json\/wp\/v2\/pages\/10041"}],"wp:attachment":[{"href":"https:\/\/www.focoinduction.com\/vi\/wp-json\/wp\/v2\/media?parent=10271"}],"curies":[{"name":"wp","href":"https:\/\/api.w.org\/{rel}","templated":true}]}}