{"id":8671,"date":"2022-10-09T15:10:09","date_gmt":"2022-10-09T07:10:09","guid":{"rendered":"https:\/\/www.focoinduction.com\/bao-tri-cuon-cam-ung-va-ong-dong\/"},"modified":"2025-01-02T10:37:08","modified_gmt":"2025-01-02T02:37:08","slug":"bao-tri-cuon-cam-ung-va-ong-dong","status":"publish","type":"page","link":"https:\/\/www.focoinduction.com\/vi\/tim-hieu-ve-he-thong-suoi-am-cam-ung\/bao-tri-cuon-cam-ung-va-ong-dong\/","title":{"rendered":"B\u1ea3o tr\u00ec cu\u1ed9n c\u1ea3m \u1ee9ng v\u00e0 \u1ed1ng \u0111\u1ed3ng"},"content":{"rendered":"<div class=\"fusion-fullwidth fullwidth-box fusion-builder-row-1 fusion-flex-container has-pattern-background has-mask-background nonhundred-percent-fullwidth non-hundred-percent-height-scrolling\" style=\"--awb-border-radius-top-left:0px;--awb-border-radius-top-right:0px;--awb-border-radius-bottom-right:0px;--awb-border-radius-bottom-left:0px;--awb-flex-wrap:wrap;\" ><div class=\"fusion-builder-row fusion-row fusion-flex-align-items-flex-start fusion-flex-content-wrap\" style=\"max-width:1248px;margin-left: calc(-4% \/ 2 );margin-right: calc(-4% \/ 2 );\"><div class=\"fusion-layout-column fusion_builder_column fusion-builder-column-0 fusion_builder_column_1_1 1_1 fusion-flex-column\" style=\"--awb-bg-size:cover;--awb-width-large:100%;--awb-margin-top-large:0px;--awb-spacing-right-large:1.92%;--awb-margin-bottom-large:20px;--awb-spacing-left-large:1.92%;--awb-width-medium:100%;--awb-order-medium:0;--awb-spacing-right-medium:1.92%;--awb-spacing-left-medium:1.92%;--awb-width-small:100%;--awb-order-small:0;--awb-spacing-right-small:1.92%;--awb-spacing-left-small:1.92%;\"><div class=\"fusion-column-wrapper fusion-column-has-shadow fusion-flex-justify-content-flex-start fusion-content-layout-column\"><div class=\"fusion-text fusion-text-1\"><p>Cu\u1ed9n d\u00e2y gia nhi\u1ec7t c\u1ea3m \u1ee9ng \u0111\u01b0\u1ee3c s\u1eed d\u1ee5ng nhi\u1ec1u c\u00f3 th\u1ec3 l\u00e0m gi\u1ea3m tu\u1ed5i th\u1ecd c\u1ee7a ch\u00fang. S\u1eed d\u1ee5ng d\u1ecbch v\u1ee5 b\u1ea3o d\u01b0\u1ee1ng cu\u1ed9n d\u00e2y c\u1ea3m \u1ee9ng FOCO l\u00e0 m\u1ed9t c\u00e1ch tuy\u1ec7t v\u1eddi \u0111\u1ec3 k\u00e9o d\u00e0i tu\u1ed5i th\u1ecd c\u1ee7a nh\u1eefng c\u00f4ng c\u1ee5 c\u00f3 gi\u00e1 tr\u1ecb n\u00e0y.<\/p>\n<\/div><\/div><\/div><div class=\"fusion-layout-column fusion_builder_column fusion-builder-column-1 fusion_builder_column_1_1 1_1 fusion-flex-column\" style=\"--awb-bg-size:cover;--awb-width-large:100%;--awb-margin-top-large:0px;--awb-spacing-right-large:1.92%;--awb-margin-bottom-large:20px;--awb-spacing-left-large:1.92%;--awb-width-medium:100%;--awb-order-medium:0;--awb-spacing-right-medium:1.92%;--awb-spacing-left-medium:1.92%;--awb-width-small:100%;--awb-order-small:0;--awb-spacing-right-small:1.92%;--awb-spacing-left-small:1.92%;\"><div class=\"fusion-column-wrapper fusion-column-has-shadow fusion-flex-justify-content-flex-start fusion-content-layout-column\"><div class=\"fusion-text fusion-text-2\"><h2>B\u1ea3o tr\u00ec cu\u1ed9n c\u1ea3m \u1ee9ng tr\u00e1nh s\u1eeda ch\u1eefa<\/h2>\n<p>FOCO t\u1ef1 h\u00e0o kh\u1eb3ng \u0111\u1ecbnh m\u00ecnh l\u00e0 m\u1ed9t trong nh\u1eefng nh\u00e0 cung c\u1ea5p d\u1ecbch v\u1ee5 cu\u1ed9n c\u1ea3m \u1ee9ng h\u00e0ng \u0111\u1ea7u trong ng\u00e0nh hi\u1ec7n nay. C\u00e1c k\u1ef9 thu\u1eadt vi\u00ean c\u1ee7a ch\u00fang t\u00f4i c\u00f3 ki\u1ebfn th\u1ee9c v\u00e0 kinh nghi\u1ec7m s\u00e2u r\u1ed9ng v\u1ec1 m\u1ecdi th\u1ee9 li\u00ean quan \u0111\u1ebfn cu\u1ed9n c\u1ea3m, cho ph\u00e9p h\u1ecd cung c\u1ea5p d\u1ecbch v\u1ee5 kh\u00e1ch h\u00e0ng \u1edf m\u1ee9c tuy\u1ec7t v\u1eddi cho t\u1eebng kh\u00e1ch h\u00e0ng. FOCO lu\u00f4n ph\u1ea5n \u0111\u1ea5u \u0111\u1ea1t ti\u00eau chu\u1ea9n cao khi cung c\u1ea5p gi\u1ea3i ph\u00e1p nhanh ch\u00f3ng. Ch\u1ec9 c\u1ea7n m\u1ed9t cu\u1ed9c g\u1ecdi ho\u1eb7c email nhanh ch\u00f3ng, ch\u00fang t\u00f4i s\u1ebd l\u00e0m m\u1ecdi c\u00e1ch \u0111\u1ec3 \u0111\u1ea3m b\u1ea3o b\u1ea1n nh\u1eadn \u0111\u01b0\u1ee3c d\u1ecbch v\u1ee5 c\u1ee7a ch\u00fang t\u00f4i m\u1ed9t c\u00e1ch nhanh ch\u00f3ng v\u00e0 hi\u1ec7u qu\u1ea3 m\u00e0 kh\u00f4ng \u1ea3nh h\u01b0\u1edfng \u0111\u1ebfn ch\u1ea5t l\u01b0\u1ee3ng v\u00ec s\u1ed1 l\u01b0\u1ee3ng. C\u00e1c d\u1ecbch v\u1ee5 s\u1eeda ch\u1eefa v\u00e0 thi\u1ebft k\u1ebf l\u1ea1i cu\u1ed9n c\u1ea3m \u1ee9ng bao g\u1ed3m:   <\/p>\n<ul>\n<li>Ki\u1ec3m tra v\u00e0 th\u1eed nghi\u1ec7m<\/li>\n<li>V\u1ec7 sinh cu\u1ed9n d\u00e2y, \u1ed1ng, xe bu\u00fdt v\u00e0 d\u1ee5ng c\u1ee5<\/li>\n<li>V\u1ec7 sinh th\u00f9ng d\u1eadp t\u1eaft v\u00e0 b\u1ec1 m\u1eb7t ti\u1ebfp x\u00fac<\/li>\n<li>Si\u1ebft ch\u1eb7t d\u1ee5ng c\u1ee5<\/li>\n<li>Ki\u1ec3m tra v\u00e0 v\u1ec7 sinh ngu\u1ed3n \u0111i\u1ec7n<\/li>\n<li>X\u1eed l\u00fd c\u00e1c khu v\u1ef1c c\u00f3 d\u1ea5u hi\u1ec7u b\u1ecb \u0103n m\u00f2n<\/li>\n<\/ul>\n<\/div><\/div><\/div><div class=\"fusion-layout-column fusion_builder_column fusion-builder-column-2 fusion_builder_column_1_1 1_1 fusion-flex-column\" style=\"--awb-bg-size:cover;--awb-width-large:100%;--awb-margin-top-large:0px;--awb-spacing-right-large:1.92%;--awb-margin-bottom-large:20px;--awb-spacing-left-large:1.92%;--awb-width-medium:100%;--awb-order-medium:0;--awb-spacing-right-medium:1.92%;--awb-spacing-left-medium:1.92%;--awb-width-small:100%;--awb-order-small:0;--awb-spacing-right-small:1.92%;--awb-spacing-left-small:1.92%;\"><div class=\"fusion-column-wrapper fusion-column-has-shadow fusion-flex-justify-content-flex-start fusion-content-layout-column\"><div class=\"fusion-text fusion-text-3\"><h2>M\u1eb9o b\u1ea3o tr\u00ec cu\u1ed9n c\u1ea3m \u1ee9ng<\/h2>\n<p>Cu\u1ed9n c\u1ea3m r\u1ea5t d\u1ec5 v\u1ee1. H\u00e3y c\u1ea5t ch\u00fang khi kh\u00f4ng s\u1eed d\u1ee5ng. N\u1ebfu \u0111\u1ec3 g\u1ea7n m\u00e9p kh\u00f4ng gian l\u00e0m vi\u1ec7c, ch\u00fang c\u00f3 th\u1ec3 r\u01a1i, v\u1ee1, cong v\u00eanh ho\u1eb7c ng\u1eebng ho\u1ea1t \u0111\u1ed9ng. \u0110i\u1ec1u n\u00e0y \u0111\u1eb7c bi\u1ec7t \u0111\u00fang \u0111\u1ed1i v\u1edbi c\u00e1c d\u1ee5ng c\u1ee5 h\u00e0n c\u1ea7m tay. Khi th\u1ef1c hi\u1ec7n thao t\u00e1c, h\u00e3y \u0111\u1ea3m b\u1ea3o b\u1ea1n lu\u00f4n s\u1eed d\u1ee5ng n\u01b0\u1edbc s\u1ea1ch \u0111\u1ec3 tr\u00e1nh l\u00e0m nhi\u1ec5m b\u1ea9n b\u1ed9 ph\u1eadn gia nhi\u1ec7t. L\u00e0m n\u00f3ng b\u1eb1ng n\u01b0\u1edbc kh\u00f4ng \u0111\u1ee7 ho\u1eb7c kh\u00f4ng s\u1ea1ch s\u1ebd l\u00e0m gi\u1ea3m tu\u1ed5i th\u1ecd c\u1ee7a cu\u1ed9n d\u00e2y, v\u00ec v\u1eady \u0111\u1eebng qu\u00ean v\u1ec7 sinh sau m\u1ed7i l\u1ea7n s\u1eed d\u1ee5ng! C\u00e1c h\u1ea1t t\u00edch t\u1ee5 tr\u00ean c\u00e1c cu\u1ed9n d\u00e2y n\u00e0y c\u00f3 th\u1ec3 khi\u1ebfn ch\u00fang b\u1ecb \u0111o\u1ea3n m\u1ea1ch v\u00e0 ch\u00e1y nhanh ch\u00f3ng. V\u1ec7 sinh cu\u1ed9n d\u00e2y th\u01b0\u1eddng xuy\u00ean l\u00e0 m\u1ed9t c\u00e1ch d\u1ec5 d\u00e0ng \u0111\u1ec3 tr\u00e1nh v\u1ea5n \u0111\u1ec1 n\u00e0y. Lau s\u1ea1ch b\u1ee5i b\u1ea9n b\u1eb1ng kh\u0103n kh\u00f4 sau \u0111\u00f3 n\u00e9n m\u1ed9t \u00edt kh\u00ed \u0111\u1ec3 lo\u1ea1i b\u1ecf b\u1ee5i b\u1ea9n c\u00f2n s\u00f3t l\u1ea1i. V\u00e0 \u0111\u1eebng bao gi\u1edd qu\u00ean ki\u1ec3m tra c\u00e1c \u0111i\u1ec3m k\u1ebft n\u1ed1i \u0111i\u1ec7n &#8211; ch\u00fang l\u00e0 m\u1ed9t trong nh\u1eefng b\u1ed9 ph\u1eadn c\u00f3 nhi\u1ec1u kh\u1ea3 n\u0103ng b\u1ecb b\u1ecf qu\u00ean nh\u01b0ng ch\u1ec9 ch\u1edd m\u1ea3nh v\u1ee5n! Ki\u1ec3m tra l\u1edbp c\u00e1ch \u0111i\u1ec7n gi\u1eefa hai d\u00e2y \u0111\u1ed3ng tr\u01b0\u1edbc khi s\u1eed d\u1ee5ng \u0111\u1ec3 tr\u00e1nh b\u1ecb \u0111o\u1ea3n m\u1ea1ch. C\u00e1c \u0111\u1ed1m \u0111en tr\u00ean \u0111\u1ed3ng cho bi\u1ebft cu\u1ed9n d\u00e2y \u0111\u1ed3ng \u0111\u00e3 ti\u1ebfp x\u00fac v\u1edbi nhi\u1ec7t \u0111\u1ed9 c\u1ef1c cao; \u0111\u00e2y l\u00e0 m\u1ed9t d\u1ea5u hi\u1ec7u nguy hi\u1ec3m. Ki\u1ec3m tra k\u1ef9 cu\u1ed9n d\u00e2y \u0111\u1ed3ng c\u1ee7a b\u1ea1n \u0111\u1ec3 t\u00ecm ki\u1ebfm s\u1ef1 \u0111\u1ed5i m\u00e0u, n\u1ee9t v\u00e0 nhi\u1ec7t \u0111\u1ed9 qu\u00e1 cao, \u0111\u01b0\u1ee3c bi\u1ec3u th\u1ecb b\u1eb1ng m\u00e0u xanh lam ho\u1eb7c \u0111\u1ecf tr\u00ean \u0111\u1ed3ng. L\u00e0m s\u1ea1ch b\u1ea5t k\u1ef3 x\u1ec9 ho\u1eb7c v\u1ee5n kim lo\u1ea1i n\u00e0o kh\u1ecfi v\u1ecf l\u00f2 v\u00e0 ki\u1ec3m tra c\u00e1c d\u1ea5u hi\u1ec7u kim lo\u1ea1i n\u00f3ng ch\u1ea3y th\u1ea5m v\u00e0o cu\u1ed9n d\u00e2y \u0111\u1ed3ng. L\u01b0u l\u01b0\u1ee3ng th\u1ea5p \u0111\u00f4i khi \u0111\u01b0\u1ee3c x\u00e1c \u0111\u1ecbnh b\u1eb1ng s\u1ef1 chuy\u1ec3n sang m\u00e0u \u0111en c\u1ee7a \u0111\u1ed3ng, c\u00f3 t\u00f4ng m\u00e0u t\u00edm, \u1edf m\u1eb7t l\u00e0m m\u00e1t-h\u1ed3i l\u01b0u c\u1ee7a cu\u1ed9n d\u00e2y. Do \u0111\u00f3, l\u01b0u l\u01b0\u1ee3ng n\u01b0\u1edbc th\u1ea5p c\u00f3 th\u1ec3 d\u1eabn \u0111\u1ebfn h\u01a1i n\u01b0\u1edbc b\u1ecb m\u1eafc k\u1eb9t b\u00ean trong cu\u1ed9n d\u00e2y c\u1ea3m \u1ee9ng, d\u1eabn \u0111\u1ebfn m\u1ed1i h\u00e0n n\u1ee9t qua \u1ed1ng c\u1ee7a cu\u1ed9n d\u00e2y c\u1ea3m \u1ee9ng \u0111\u01b0\u1ee3c s\u1ea3n xu\u1ea5t ho\u1eb7c n\u1ee9t trong \u0111\u1ed3ng \u0111\u1ec3 l\u1ed9 khoang l\u00e0m m\u00e1t. Do \u0111\u00f3, n\u01b0\u1edbc l\u00e0m m\u00e1t ph\u1ea3i l\u1ea5y t\u1eeb ngu\u1ed3n n\u01b0\u1edbc s\u1ea1ch c\u00f3 b\u1ed9 l\u1ecdc 25 micron \u0111\u01b0\u1ee3c \u0111\u1eb7t ngay tr\u01b0\u1edbc khi v\u00e0o cu\u1ed9n d\u00e2y c\u1ea3m \u1ee9ng. Trong c\u00e1c \u1ee9ng d\u1ee5ng c\u00f4ng nghi\u1ec7p, \u0111\u1ee7 d\u00f2ng \u0111i\u1ec7n ch\u1ea1y qua cu\u1ed9n d\u00e2y \u0111ang ho\u1ea1t \u0111\u1ed9ng \u0111\u1ec3 c\u1ea7n l\u00e0m m\u00e1t b\u1eb1ng n\u01b0\u1edbc; do \u0111\u00f3, thi\u1ebft l\u1eadp c\u01a1 s\u1edf ch\u1ee9a m\u1ed9t thi\u1ebft b\u1ecb l\u00e0m m\u00e1t b\u1eb1ng n\u01b0\u1edbc. B\u1ed9 b\u1ea3o v\u1ec7 c\u00e1p \u0111\u1ed3ng tr\u1ee5c s\u1ebd b\u1ea3o v\u1ec7 th\u00eam cho cu\u1ed9n d\u00e2y c\u1ee7a b\u1ea1n. \u0110\u00f3 l\u00e0 m\u1ed9t b\u1ed9 chuy\u1ec3n \u0111\u1ed5i nh\u1ecf k\u1ebft n\u1ed1i m\u00e1y bi\u1ebfn \u00e1p \u0111\u1ed3ng tr\u1ee5c v\u1edbi cu\u1ed9n d\u00e2y c\u1ea3m \u1ee9ng. B\u1ea5t k\u1ef3 h\u01b0 h\u1ecfng n\u00e0o c\u00f3 th\u1ec3 x\u1ea3y ra do qu\u00e1 t\u1ea3i s\u1ebd x\u1ea3y ra v\u1edbi b\u1ed9 chuy\u1ec3n \u0111\u1ed5i, \u00edt t\u1ed1n k\u00e9m h\u01a1n nhi\u1ec1u so v\u1edbi cu\u1ed9n d\u00e2y ho\u1eb7c m\u00e1y bi\u1ebfn \u00e1p m\u1edbi. Th\u1ef1c hi\u1ec7n theo c\u00e1c m\u1eb9o sau \u0111\u1ec3 b\u1ea3o qu\u1ea3n cu\u1ed9n c\u1ea3m c\u1ee7a b\u1ea1n:   <\/p>\n<ul>\n<li>L\u01b0u tr\u1eef ch\u00fang khi kh\u00f4ng s\u1eed d\u1ee5ng<\/li>\n<li>N\u01b0\u1edbc s\u1ea1ch c\u00f3 ngh\u0129a l\u00e0 k\u1ebft qu\u1ea3 s\u1ea1ch<\/li>\n<li>Lau s\u1ea1ch v\u00e0 th\u1ed5i s\u1ea1ch cu\u1ed9n d\u00e2y sau khi s\u1eed d\u1ee5ng<\/li>\n<li>S\u1eed d\u1ee5ng b\u1ed9 ti\u1ebft ki\u1ec7m c\u00e1p \u0111\u1ed3ng tr\u1ee5c<\/li>\n<\/ul>\n<\/div><\/div><\/div><\/div><\/div>\n","protected":false},"excerpt":{"rendered":"","protected":false},"author":1,"featured_media":8674,"parent":9271,"menu_order":0,"comment_status":"closed","ping_status":"closed","template":"","meta":{"footnotes":""},"class_list":["post-8671","page","type-page","status-publish","has-post-thumbnail","hentry"],"_links":{"self":[{"href":"https:\/\/www.focoinduction.com\/vi\/wp-json\/wp\/v2\/pages\/8671","targetHints":{"allow":["GET"]}}],"collection":[{"href":"https:\/\/www.focoinduction.com\/vi\/wp-json\/wp\/v2\/pages"}],"about":[{"href":"https:\/\/www.focoinduction.com\/vi\/wp-json\/wp\/v2\/types\/page"}],"author":[{"embeddable":true,"href":"https:\/\/www.focoinduction.com\/vi\/wp-json\/wp\/v2\/users\/1"}],"replies":[{"embeddable":true,"href":"https:\/\/www.focoinduction.com\/vi\/wp-json\/wp\/v2\/comments?post=8671"}],"version-history":[{"count":0,"href":"https:\/\/www.focoinduction.com\/vi\/wp-json\/wp\/v2\/pages\/8671\/revisions"}],"up":[{"embeddable":true,"href":"https:\/\/www.focoinduction.com\/vi\/wp-json\/wp\/v2\/pages\/9271"}],"wp:featuredmedia":[{"embeddable":true,"href":"https:\/\/www.focoinduction.com\/vi\/wp-json\/wp\/v2\/media\/8674"}],"wp:attachment":[{"href":"https:\/\/www.focoinduction.com\/vi\/wp-json\/wp\/v2\/media?parent=8671"}],"curies":[{"name":"wp","href":"https:\/\/api.w.org\/{rel}","templated":true}]}}